{"id":105937,"date":"2026-04-04T13:54:45","date_gmt":"2026-04-04T11:54:45","guid":{"rendered":"https:\/\/dodo-inflatables.com\/dodo-relaunch?product=silentios-capac-suflanta-pentru-suflantele-castelelor-gonflabile"},"modified":"2026-04-04T13:54:45","modified_gmt":"2026-04-04T11:54:45","slug":"silentios-capac-suflanta-pentru-suflantele-castelelor-gonflabile","status":"publish","type":"product","link":"https:\/\/dodo-inflatables.com\/ro\/produs\/silentios-capac-suflanta-pentru-suflantele-castelelor-gonflabile\/","title":{"rendered":"Silen\u021bios \/ capac suflant\u0103 pentru suflantele castelelor gonflabile"},"content":{"rendered":"<h1>Cump\u0103ra\u021bi silen\u021bios \/ capac suflant\u0103 pentru suflantele castelelor gonflabile<\/h1>\n<p>Capacul suflantei Huawei este o solu\u021bie practic\u0103 pentru reducerea zgomotului \u0219i protejarea \u00een siguran\u021b\u0103 a suflantelor castelelor gonflabile. A fost special dezvoltat pentru utilizare profesional\u0103 \u0219i \u00eendepline\u0219te cerin\u021bele DIN EN 14960-1:2019.<br \/>\nPe l\u00e2ng\u0103 reducerea zgomotului de func\u021bionare, capacul suflantei asigur\u0103 \u00een primul r\u00e2nd o separare clar\u0103 \u00eentre zona de joac\u0103 \u0219i zona tehnic\u0103, cresc\u00e2nd astfel siguran\u021ba pentru instala\u021biile din medii publice \u0219i comerciale.<br \/>\n<strong>Mai mult\u0103 siguran\u021b\u0103 \u00een timpul func\u021bion\u0103rii:<\/strong><br \/>\nCapacul suflantei restric\u021bioneaz\u0103 fizic accesul direct la suflant\u0103. Piesele mobile sunt protejate \u0219i inaccesibile copiilor, ceea ce este un factor important \u00een timpul inspec\u021biilor de siguran\u021b\u0103 \u0219i verific\u0103rilor de conformitate.<br \/>\n<strong>Reducerea zgomotului:<\/strong><br \/>\nDatorit\u0103 designului capitonat \u0219i \u00eenchis, zgomotul de func\u021bionare al suflantei este redus considerabil. Ideal pentru utilizare \u00een zone reziden\u021biale, centre urbane sau alte medii sensibile la zgomot.<br \/>\n<strong>Conform cu EN 14960:<\/strong><br \/>\nCapacul suflantei \u00eendepline\u0219te cerin\u021bele cheie ale standardului european EN 14960-1:2019, inclusiv: men\u021binerea suflantelor inaccesibile copiilor, protejarea pieselor mobile \u0219i asigurarea unei separ\u0103ri clare \u00eentre zona de joac\u0103 \u0219i zona tehnic\u0103.<br \/>\n<strong>Robust \u0219i rezistent la intemperii:<\/strong><br \/>\nCapacul este rezistent la foc \u0219i la ap\u0103 \u0219i este conceput pentru utilizare profesional\u0103 intensiv\u0103. De asemenea, ofer\u0103 protec\u021bie suplimentar\u0103 suflantei \u00eempotriva influen\u021belor externe.<br \/>\n<strong>Instalare u\u0219oar\u0103:<\/strong><br \/>\nCapacul suflantei poate fi montat \u0219i demontat rapid. Acest lucru faciliteaz\u0103 \u00eentre\u021binerea, verific\u0103rile vizuale \u0219i inspec\u021biile.<\/p>\n<h3>Detalii despre silen\u021bios \/ capacul suflantei<\/h3>\n<ul>\n<li class=\"p1\">Dimensiuni (L \u00d7 l \u00d7 \u00ce): aprox. 50 \u00d7 63 \u00d7 54 cm<\/li>\n<li class=\"p1\">Greutate: aprox. 2,4 kg<\/li>\n<li class=\"p1\">Dimensiuni ambalat: aprox. 50 \u00d7 100 \u00d7 15 cm<\/li>\n<\/ul>\n","protected":false},"excerpt":{"rendered":"<ul>\n<li class=\"p1\">Dimensiuni (L \u00d7 l \u00d7 \u00ce): aprox. 50 \u00d7 63 \u00d7 54 cm<\/li>\n<li class=\"p1\">Greutate: aprox. 2,4 kg<\/li>\n<li class=\"p1\">Dimensiuni ambalat: aprox. 50 \u00d7 100 \u00d7 15 cm<\/li>\n<\/ul>\n","protected":false},"featured_media":105932,"comment_status":"open","ping_status":"closed","template":"","meta":{"_acf_changed":false,"_uag_custom_page_level_css":"","site-sidebar-layout":"default","site-content-layout":"boxed-container","ast-site-content-layout":"normal-width-container","site-content-style":"boxed","site-sidebar-style":"default","ast-global-header-display":"","ast-banner-title-visibility":"","ast-main-header-display":"","ast-hfb-above-header-display":"","ast-hfb-below-header-display":"","ast-hfb-mobile-header-display":"","site-post-title":"disabled","ast-breadcrumbs-content":"","ast-featured-img":"","footer-sml-layout":"","ast-disable-related-posts":"","theme-transparent-header-meta":"default","adv-header-id-meta":"","stick-header-meta":"default","header-above-stick-meta":"","header-main-stick-meta":"","header-below-stick-meta":"","astra-migrate-meta-layouts":"default","ast-page-background-enabled":"default","ast-page-background-meta":{"desktop":{"background-color":"var(--ast-global-color-4)","background-image":"","background-repeat":"repeat","background-position":"center center","background-size":"auto","background-attachment":"scroll","background-type":"","background-media":"","overlay-type":"","overlay-color":"","overlay-opacity":"","overlay-gradient":""},"tablet":{"background-color":"","background-image":"","background-repeat":"repeat","background-position":"center center","background-size":"auto","background-attachment":"scroll","background-type":"","background-media":"","overlay-type":"","overlay-color":"","overlay-opacity":"","overlay-gradient":""},"mobile":{"background-color":"","background-image":"","background-repeat":"repeat","background-position":"center center","background-size":"auto","background-attachment":"scroll","background-type":"","background-media":"","overlay-type":"","overlay-color":"","overlay-opacity":"","overlay-gradient":""}},"ast-content-background-meta":{"desktop":{"background-color":"var(--ast-global-color-5)","background-image":"","background-repeat":"repeat","background-position":"center center","background-size":"auto","background-attachment":"scroll","background-type":"","background-media":"","overlay-type":"","overlay-color":"","overlay-opacity":"","overlay-gradient":""},"tablet":{"background-color":"var(--ast-global-color-5)","background-image":"","background-repeat":"repeat","background-position":"center center","background-size":"auto","background-attachment":"scroll","background-type":"","background-media":"","overlay-type":"","overlay-color":"","overlay-opacity":"","overlay-gradient":""},"mobile":{"background-color":"var(--ast-global-color-5)","background-image":"","background-repeat":"repeat","background-position":"center center","background-size":"auto","background-attachment":"scroll","background-type":"","background-media":"","overlay-type":"","overlay-color":"","overlay-opacity":"","overlay-gradient":""}}},"product_brand":[],"product_cat":[1146],"product_tag":[],"class_list":{"0":"post-105937","1":"product","2":"type-product","3":"status-publish","4":"has-post-thumbnail","6":"product_cat-accesorii","7":"product_shipping_class-zubehor-ro","8":"desktop-align-center","9":"tablet-align-center","10":"mobile-align-center","11":"ast-product-gallery-layout-horizontal","12":"ast-product-tabs-layout-horizontal","14":"first","15":"instock","16":"taxable","17":"shipping-taxable","18":"purchasable","19":"product-type-simple"},"acf":[],"yoast_head":"<!-- This site is optimized with the Yoast SEO plugin v27.5 - https:\/\/yoast.com\/product\/yoast-seo-wordpress\/ -->\n<title>Silen\u021bios \/ capac suflant\u0103 pentru suflantele castelelor gonflabile | Dodo Inflatables<\/title>\n<meta name=\"description\" content=\"Silen\u021bios \/ capac suflant\u0103 pentru suflantele castelelor gonflabile \u2013 conform EN 14960-1:2019, rezistent la foc \u0219i la ap\u0103, reduce zgomotul. Dimensiuni aprox. 50 \u00d7 63 \u00d7 54 cm, greutate aprox. 2,4 kg.\" \/>\n<meta name=\"robots\" content=\"index, follow, max-snippet:-1, max-image-preview:large, max-video-preview:-1\" \/>\n<link rel=\"canonical\" href=\"https:\/\/dodo-inflatables.com\/ro\/produs\/silentios-capac-suflanta-pentru-suflantele-castelelor-gonflabile\/\" \/>\n<meta name=\"twitter:label1\" content=\"Timp estimat pentru citire\" \/>\n\t<meta name=\"twitter:data1\" content=\"1 minut\" \/>\n<script type=\"application\/ld+json\" class=\"yoast-schema-graph\">{\"@context\":\"https:\\\/\\\/schema.org\",\"@graph\":[{\"@type\":\"WebPage\",\"@id\":\"https:\\\/\\\/dodo-inflatables.com\\\/ro\\\/produs\\\/silentios-capac-suflanta-pentru-suflantele-castelelor-gonflabile\\\/\",\"url\":\"https:\\\/\\\/dodo-inflatables.com\\\/ro\\\/produs\\\/silentios-capac-suflanta-pentru-suflantele-castelelor-gonflabile\\\/\",\"name\":\"Silen\u021bios \\\/ capac suflant\u0103 pentru suflantele castelelor gonflabile | Dodo Inflatables\",\"isPartOf\":{\"@id\":\"https:\\\/\\\/dodo-inflatables.com\\\/ro\\\/#website\"},\"primaryImageOfPage\":{\"@id\":\"https:\\\/\\\/dodo-inflatables.com\\\/ro\\\/produs\\\/silentios-capac-suflanta-pentru-suflantele-castelelor-gonflabile\\\/#primaryimage\"},\"image\":{\"@id\":\"https:\\\/\\\/dodo-inflatables.com\\\/ro\\\/produs\\\/silentios-capac-suflanta-pentru-suflantele-castelelor-gonflabile\\\/#primaryimage\"},\"thumbnailUrl\":\"https:\\\/\\\/dodo-inflatables.com\\\/wp-content\\\/uploads\\\/2026\\\/04\\\/Huawei-Schalldaemper-Blower-Cover-Huepfburgen-Geblaese-1.jpg\",\"datePublished\":\"2026-04-04T11:54:45+00:00\",\"description\":\"Silen\u021bios \\\/ capac suflant\u0103 pentru suflantele castelelor gonflabile \u2013 conform EN 14960-1:2019, rezistent la foc \u0219i la ap\u0103, reduce zgomotul. Dimensiuni aprox. 50 \u00d7 63 \u00d7 54 cm, greutate aprox. 2,4 kg.\",\"breadcrumb\":{\"@id\":\"https:\\\/\\\/dodo-inflatables.com\\\/ro\\\/produs\\\/silentios-capac-suflanta-pentru-suflantele-castelelor-gonflabile\\\/#breadcrumb\"},\"inLanguage\":\"ro-RO\",\"potentialAction\":[{\"@type\":\"ReadAction\",\"target\":[\"https:\\\/\\\/dodo-inflatables.com\\\/ro\\\/produs\\\/silentios-capac-suflanta-pentru-suflantele-castelelor-gonflabile\\\/\"]}]},{\"@type\":\"ImageObject\",\"inLanguage\":\"ro-RO\",\"@id\":\"https:\\\/\\\/dodo-inflatables.com\\\/ro\\\/produs\\\/silentios-capac-suflanta-pentru-suflantele-castelelor-gonflabile\\\/#primaryimage\",\"url\":\"https:\\\/\\\/dodo-inflatables.com\\\/wp-content\\\/uploads\\\/2026\\\/04\\\/Huawei-Schalldaemper-Blower-Cover-Huepfburgen-Geblaese-1.jpg\",\"contentUrl\":\"https:\\\/\\\/dodo-inflatables.com\\\/wp-content\\\/uploads\\\/2026\\\/04\\\/Huawei-Schalldaemper-Blower-Cover-Huepfburgen-Geblaese-1.jpg\",\"width\":700,\"height\":700,\"caption\":\"Silen\u021bios \\\/ capac suflant\u0103 pentru suflantele castelelor gonflabile | Dodo Inflatables\"},{\"@type\":\"BreadcrumbList\",\"@id\":\"https:\\\/\\\/dodo-inflatables.com\\\/ro\\\/produs\\\/silentios-capac-suflanta-pentru-suflantele-castelelor-gonflabile\\\/#breadcrumb\",\"itemListElement\":[{\"@type\":\"ListItem\",\"position\":1,\"name\":\"Prima pagin\u0103\",\"item\":\"https:\\\/\\\/dodo-inflatables.com\\\/ro\\\/\"},{\"@type\":\"ListItem\",\"position\":2,\"name\":\"Magazin\",\"item\":\"https:\\\/\\\/dodo-inflatables.com\\\/ro\\\/magazin\\\/\"},{\"@type\":\"ListItem\",\"position\":3,\"name\":\"Silen\u021bios \\\/ capac suflant\u0103 pentru suflantele castelelor gonflabile\"}]},{\"@type\":\"WebSite\",\"@id\":\"https:\\\/\\\/dodo-inflatables.com\\\/ro\\\/#website\",\"url\":\"https:\\\/\\\/dodo-inflatables.com\\\/ro\\\/\",\"name\":\"dodo-inflatables.com\",\"description\":\"Cump\u0103ra\u021bi castele gonflabile \u0219i atrac\u021bii din magazinul nostru.\",\"potentialAction\":[{\"@type\":\"SearchAction\",\"target\":{\"@type\":\"EntryPoint\",\"urlTemplate\":\"https:\\\/\\\/dodo-inflatables.com\\\/ro\\\/?s={search_term_string}\"},\"query-input\":{\"@type\":\"PropertyValueSpecification\",\"valueRequired\":true,\"valueName\":\"search_term_string\"}}],\"inLanguage\":\"ro-RO\"}]}<\/script>\n<!-- \/ Yoast SEO plugin. -->","yoast_head_json":{"title":"Silen\u021bios \/ capac suflant\u0103 pentru suflantele castelelor gonflabile | Dodo Inflatables","description":"Silen\u021bios \/ capac suflant\u0103 pentru suflantele castelelor gonflabile \u2013 conform EN 14960-1:2019, rezistent la foc \u0219i la ap\u0103, reduce zgomotul. Dimensiuni aprox. 50 \u00d7 63 \u00d7 54 cm, greutate aprox. 2,4 kg.","robots":{"index":"index","follow":"follow","max-snippet":"max-snippet:-1","max-image-preview":"max-image-preview:large","max-video-preview":"max-video-preview:-1"},"canonical":"https:\/\/dodo-inflatables.com\/ro\/produs\/silentios-capac-suflanta-pentru-suflantele-castelelor-gonflabile\/","twitter_misc":{"Timp estimat pentru citire":"1 minut"},"schema":{"@context":"https:\/\/schema.org","@graph":[{"@type":"WebPage","@id":"https:\/\/dodo-inflatables.com\/ro\/produs\/silentios-capac-suflanta-pentru-suflantele-castelelor-gonflabile\/","url":"https:\/\/dodo-inflatables.com\/ro\/produs\/silentios-capac-suflanta-pentru-suflantele-castelelor-gonflabile\/","name":"Silen\u021bios \/ capac suflant\u0103 pentru suflantele castelelor gonflabile | Dodo Inflatables","isPartOf":{"@id":"https:\/\/dodo-inflatables.com\/ro\/#website"},"primaryImageOfPage":{"@id":"https:\/\/dodo-inflatables.com\/ro\/produs\/silentios-capac-suflanta-pentru-suflantele-castelelor-gonflabile\/#primaryimage"},"image":{"@id":"https:\/\/dodo-inflatables.com\/ro\/produs\/silentios-capac-suflanta-pentru-suflantele-castelelor-gonflabile\/#primaryimage"},"thumbnailUrl":"https:\/\/dodo-inflatables.com\/wp-content\/uploads\/2026\/04\/Huawei-Schalldaemper-Blower-Cover-Huepfburgen-Geblaese-1.jpg","datePublished":"2026-04-04T11:54:45+00:00","description":"Silen\u021bios \/ capac suflant\u0103 pentru suflantele castelelor gonflabile \u2013 conform EN 14960-1:2019, rezistent la foc \u0219i la ap\u0103, reduce zgomotul. Dimensiuni aprox. 50 \u00d7 63 \u00d7 54 cm, greutate aprox. 2,4 kg.","breadcrumb":{"@id":"https:\/\/dodo-inflatables.com\/ro\/produs\/silentios-capac-suflanta-pentru-suflantele-castelelor-gonflabile\/#breadcrumb"},"inLanguage":"ro-RO","potentialAction":[{"@type":"ReadAction","target":["https:\/\/dodo-inflatables.com\/ro\/produs\/silentios-capac-suflanta-pentru-suflantele-castelelor-gonflabile\/"]}]},{"@type":"ImageObject","inLanguage":"ro-RO","@id":"https:\/\/dodo-inflatables.com\/ro\/produs\/silentios-capac-suflanta-pentru-suflantele-castelelor-gonflabile\/#primaryimage","url":"https:\/\/dodo-inflatables.com\/wp-content\/uploads\/2026\/04\/Huawei-Schalldaemper-Blower-Cover-Huepfburgen-Geblaese-1.jpg","contentUrl":"https:\/\/dodo-inflatables.com\/wp-content\/uploads\/2026\/04\/Huawei-Schalldaemper-Blower-Cover-Huepfburgen-Geblaese-1.jpg","width":700,"height":700,"caption":"Silen\u021bios \/ capac suflant\u0103 pentru suflantele castelelor gonflabile | Dodo Inflatables"},{"@type":"BreadcrumbList","@id":"https:\/\/dodo-inflatables.com\/ro\/produs\/silentios-capac-suflanta-pentru-suflantele-castelelor-gonflabile\/#breadcrumb","itemListElement":[{"@type":"ListItem","position":1,"name":"Prima pagin\u0103","item":"https:\/\/dodo-inflatables.com\/ro\/"},{"@type":"ListItem","position":2,"name":"Magazin","item":"https:\/\/dodo-inflatables.com\/ro\/magazin\/"},{"@type":"ListItem","position":3,"name":"Silen\u021bios \/ capac suflant\u0103 pentru suflantele castelelor gonflabile"}]},{"@type":"WebSite","@id":"https:\/\/dodo-inflatables.com\/ro\/#website","url":"https:\/\/dodo-inflatables.com\/ro\/","name":"dodo-inflatables.com","description":"Cump\u0103ra\u021bi castele gonflabile \u0219i atrac\u021bii din magazinul nostru.","potentialAction":[{"@type":"SearchAction","target":{"@type":"EntryPoint","urlTemplate":"https:\/\/dodo-inflatables.com\/ro\/?s={search_term_string}"},"query-input":{"@type":"PropertyValueSpecification","valueRequired":true,"valueName":"search_term_string"}}],"inLanguage":"ro-RO"}]}},"uagb_featured_image_src":{"full":["https:\/\/dodo-inflatables.com\/wp-content\/uploads\/2026\/04\/Huawei-Schalldaemper-Blower-Cover-Huepfburgen-Geblaese-1.jpg",700,700,false],"thumbnail":["https:\/\/dodo-inflatables.com\/wp-content\/uploads\/2026\/04\/Huawei-Schalldaemper-Blower-Cover-Huepfburgen-Geblaese-1-150x150.jpg",150,150,true],"medium":["https:\/\/dodo-inflatables.com\/wp-content\/uploads\/2026\/04\/Huawei-Schalldaemper-Blower-Cover-Huepfburgen-Geblaese-1-300x300.jpg",300,300,true],"medium_large":["https:\/\/dodo-inflatables.com\/wp-content\/uploads\/2026\/04\/Huawei-Schalldaemper-Blower-Cover-Huepfburgen-Geblaese-1.jpg",700,700,false],"large":["https:\/\/dodo-inflatables.com\/wp-content\/uploads\/2026\/04\/Huawei-Schalldaemper-Blower-Cover-Huepfburgen-Geblaese-1.jpg",700,700,false],"1536x1536":["https:\/\/dodo-inflatables.com\/wp-content\/uploads\/2026\/04\/Huawei-Schalldaemper-Blower-Cover-Huepfburgen-Geblaese-1.jpg",700,700,false],"2048x2048":["https:\/\/dodo-inflatables.com\/wp-content\/uploads\/2026\/04\/Huawei-Schalldaemper-Blower-Cover-Huepfburgen-Geblaese-1.jpg",700,700,false],"woocommerce_thumbnail":["https:\/\/dodo-inflatables.com\/wp-content\/uploads\/2026\/04\/Huawei-Schalldaemper-Blower-Cover-Huepfburgen-Geblaese-1.jpg",700,700,false],"woocommerce_single":["https:\/\/dodo-inflatables.com\/wp-content\/uploads\/2026\/04\/Huawei-Schalldaemper-Blower-Cover-Huepfburgen-Geblaese-1.jpg",700,700,false],"woocommerce_gallery_thumbnail":["https:\/\/dodo-inflatables.com\/wp-content\/uploads\/2026\/04\/Huawei-Schalldaemper-Blower-Cover-Huepfburgen-Geblaese-1-100x100.jpg",100,100,true]},"uagb_author_info":{"display_name":"Andreas","author_link":"https:\/\/dodo-inflatables.com\/ro\/author\/"},"uagb_comment_info":0,"uagb_excerpt":"Dimensiuni (L \u00d7 l \u00d7 \u00ce): aprox. 50 \u00d7 63 \u00d7 54 cm Greutate: aprox. 2,4 kg Dimensiuni ambalat: aprox. 50 \u00d7 100 \u00d7 15 cm","_links":{"self":[{"href":"https:\/\/dodo-inflatables.com\/ro\/wp-json\/wp\/v2\/product\/105937","targetHints":{"allow":["GET"]}}],"collection":[{"href":"https:\/\/dodo-inflatables.com\/ro\/wp-json\/wp\/v2\/product"}],"about":[{"href":"https:\/\/dodo-inflatables.com\/ro\/wp-json\/wp\/v2\/types\/product"}],"replies":[{"embeddable":true,"href":"https:\/\/dodo-inflatables.com\/ro\/wp-json\/wp\/v2\/comments?post=105937"}],"wp:featuredmedia":[{"embeddable":true,"href":"https:\/\/dodo-inflatables.com\/ro\/wp-json\/wp\/v2\/media\/105932"}],"wp:attachment":[{"href":"https:\/\/dodo-inflatables.com\/ro\/wp-json\/wp\/v2\/media?parent=105937"}],"wp:term":[{"taxonomy":"product_brand","embeddable":true,"href":"https:\/\/dodo-inflatables.com\/ro\/wp-json\/wp\/v2\/product_brand?post=105937"},{"taxonomy":"product_cat","embeddable":true,"href":"https:\/\/dodo-inflatables.com\/ro\/wp-json\/wp\/v2\/product_cat?post=105937"},{"taxonomy":"product_tag","embeddable":true,"href":"https:\/\/dodo-inflatables.com\/ro\/wp-json\/wp\/v2\/product_tag?post=105937"}],"curies":[{"name":"wp","href":"https:\/\/api.w.org\/{rel}","templated":true}]}}