{"id":105987,"date":"2026-04-04T13:54:45","date_gmt":"2026-04-04T11:54:45","guid":{"rendered":"https:\/\/dodo-inflatables.com\/dodo-relaunch?product=monitor-de-presiune-manometru-pentru-castele-gonflabile-huawei-ny-s01"},"modified":"2026-04-04T13:54:45","modified_gmt":"2026-04-04T11:54:45","slug":"monitor-de-presiune-manometru-pentru-castele-gonflabile-huawei-ny-s01","status":"publish","type":"product","link":"https:\/\/dodo-inflatables.com\/ro\/produs\/monitor-de-presiune-manometru-pentru-castele-gonflabile-huawei-ny-s01\/","title":{"rendered":"Monitor de presiune \/ manometru pentru castele gonflabile \u2013 Huawei NY-S01"},"content":{"rendered":"<h1><b>Cump\u0103ra\u021bi monitor de presiune \/ manometru pentru castele gonflabile \u2013 Huawei NY-S01<\/b><\/h1>\n<p>&nbsp;<\/p>\n<p class=\"p1\"><span class=\"s1\"><b>Huawei NY-S01 SafeAlert monitor de presiune<\/b><\/span> este conceput pentru monitorizarea continu\u0103 a presiunii aerului \u00een castele gonflabile \u0219i echipamente gonflabile de joac\u0103.<br \/>\nM\u0103soar\u0103 presiunea intern\u0103 curent\u0103 \u00een timp real \u0219i furnizeaz\u0103 avertismente vizuale \u0219i acustice dac\u0103 presiunea scade sub un nivel definit.<br \/>\nAcest lucru ajut\u0103 la sprijinirea func\u021bion\u0103rii sigure a castelului gonflabil \u0219i face monitorul de presiune deosebit de potrivit pentru utilizare profesional\u0103 \u00een firmele de \u00eenchiriere, la evenimente \u0219i la func\u021bii publice.<\/p>\n<p class=\"p3\"><b>Monitorizare fiabil\u0103 a presiunii:<br \/>\n<\/b>Senzorul integrat m\u0103soar\u0103 presiunea aerului \u00eentr-un interval de <span class=\"s1\"><b>0\u20133000 Pa<\/b><\/span> \u0219i afi\u0219eaz\u0103 valorile clar pe ecranul digital.<\/p>\n<p class=\"p3\"><b>Semnale de avertizare vizuale \u0219i acustice:<br \/>\n<\/b>Dac\u0103 presiunea scade, se declan\u0219eaz\u0103 imediat un avertisment prin afi\u0219ajul LED \u0219i un semnal sonor, permi\u021b\u00e2nd luarea de m\u0103suri rapide.<\/p>\n<p class=\"p3\"><b>Design robust:<br \/>\n<\/b>Monitorul de presiune este rezistent la foc \u0219i la ap\u0103 \u0219i este potrivit pentru utilizare \u00een diverse condi\u021bii meteorologice.<\/p>\n<p class=\"p3\"><b>Compact \u0219i u\u0219or de utilizat:<br \/>\n<\/b>Datorit\u0103 designului compact, greut\u0103\u021bii reduse \u0219i oper\u0103rii simple, dispozitivul este u\u0219or de instalat, reglat \u0219i transportat.<\/p>\n<h3>Detalii despre monitorul de presiune \/ manometru<\/h3>\n<ul>\n<li class=\"p1\">Dimensiuni (L \u00d7 A \u00d7 \u00ce): aprox. 80 \u00d7 73 \u00d7 52 mm<\/li>\n<li class=\"p1\">Dimensiuni ambalat: aprox. 110 \u00d7 110 \u00d7 100 mm<\/li>\n<li>\n<p class=\"p1\">Interval de m\u0103surare: 0\u20133000 Pa<\/p>\n<\/li>\n<\/ul>\n","protected":false},"excerpt":{"rendered":"<ul>\n<li class=\"p1\">Dimensiuni (L \u00d7 A \u00d7 \u00ce): aprox. 80 \u00d7 73 \u00d7 52 mm<\/li>\n<li class=\"p1\">Dimensiuni ambalat: aprox. 110 \u00d7 110 \u00d7 100 mm<\/li>\n<li>\n<p class=\"p1\">Interval de m\u0103surare: 0\u20133000 Pa<\/p>\n<\/li>\n<\/ul>\n","protected":false},"featured_media":105986,"comment_status":"open","ping_status":"closed","template":"","meta":{"_acf_changed":false,"_uag_custom_page_level_css":"","site-sidebar-layout":"default","site-content-layout":"boxed-container","ast-site-content-layout":"normal-width-container","site-content-style":"boxed","site-sidebar-style":"default","ast-global-header-display":"","ast-banner-title-visibility":"","ast-main-header-display":"","ast-hfb-above-header-display":"","ast-hfb-below-header-display":"","ast-hfb-mobile-header-display":"","site-post-title":"disabled","ast-breadcrumbs-content":"","ast-featured-img":"","footer-sml-layout":"","ast-disable-related-posts":"","theme-transparent-header-meta":"default","adv-header-id-meta":"","stick-header-meta":"default","header-above-stick-meta":"","header-main-stick-meta":"","header-below-stick-meta":"","astra-migrate-meta-layouts":"default","ast-page-background-enabled":"default","ast-page-background-meta":{"desktop":{"background-color":"var(--ast-global-color-4)","background-image":"","background-repeat":"repeat","background-position":"center center","background-size":"auto","background-attachment":"scroll","background-type":"","background-media":"","overlay-type":"","overlay-color":"","overlay-opacity":"","overlay-gradient":""},"tablet":{"background-color":"","background-image":"","background-repeat":"repeat","background-position":"center center","background-size":"auto","background-attachment":"scroll","background-type":"","background-media":"","overlay-type":"","overlay-color":"","overlay-opacity":"","overlay-gradient":""},"mobile":{"background-color":"","background-image":"","background-repeat":"repeat","background-position":"center center","background-size":"auto","background-attachment":"scroll","background-type":"","background-media":"","overlay-type":"","overlay-color":"","overlay-opacity":"","overlay-gradient":""}},"ast-content-background-meta":{"desktop":{"background-color":"var(--ast-global-color-5)","background-image":"","background-repeat":"repeat","background-position":"center center","background-size":"auto","background-attachment":"scroll","background-type":"","background-media":"","overlay-type":"","overlay-color":"","overlay-opacity":"","overlay-gradient":""},"tablet":{"background-color":"var(--ast-global-color-5)","background-image":"","background-repeat":"repeat","background-position":"center center","background-size":"auto","background-attachment":"scroll","background-type":"","background-media":"","overlay-type":"","overlay-color":"","overlay-opacity":"","overlay-gradient":""},"mobile":{"background-color":"var(--ast-global-color-5)","background-image":"","background-repeat":"repeat","background-position":"center center","background-size":"auto","background-attachment":"scroll","background-type":"","background-media":"","overlay-type":"","overlay-color":"","overlay-opacity":"","overlay-gradient":""}}},"product_brand":[],"product_cat":[1146],"product_tag":[],"class_list":{"0":"post-105987","1":"product","2":"type-product","3":"status-publish","4":"has-post-thumbnail","6":"product_cat-accesorii","7":"product_shipping_class-zubehor-ro","8":"desktop-align-center","9":"tablet-align-center","10":"mobile-align-center","11":"ast-product-gallery-layout-horizontal","12":"ast-product-gallery-with-no-image","13":"ast-product-tabs-layout-horizontal","15":"first","16":"instock","17":"taxable","18":"shipping-taxable","19":"purchasable","20":"product-type-simple"},"acf":[],"yoast_head":"<!-- This site is optimized with the Yoast SEO plugin v27.5 - https:\/\/yoast.com\/product\/yoast-seo-wordpress\/ -->\n<title>Monitor de presiune \/ manometru pentru castele gonflabile \u2013 Huawei NY-S01 | Dodo Inflatables<\/title>\n<meta name=\"description\" content=\"Huawei NY-S01 monitor de presiune pentru castele gonflabile \u2013 monitorizare presiune \u00een timp real 0\u20133000 Pa, avertismente vizuale \u0219i acustice, rezistent la foc \u0219i la ap\u0103. Ideal pentru firme de \u00eenchiriere \u0219i evenimente.\" \/>\n<meta name=\"robots\" content=\"index, follow, max-snippet:-1, max-image-preview:large, max-video-preview:-1\" \/>\n<link rel=\"canonical\" href=\"https:\/\/dodo-inflatables.com\/ro\/produs\/monitor-de-presiune-manometru-pentru-castele-gonflabile-huawei-ny-s01\/\" \/>\n<meta name=\"twitter:label1\" content=\"Timp estimat pentru citire\" \/>\n\t<meta name=\"twitter:data1\" content=\"1 minut\" \/>\n<script type=\"application\/ld+json\" class=\"yoast-schema-graph\">{\"@context\":\"https:\\\/\\\/schema.org\",\"@graph\":[{\"@type\":\"WebPage\",\"@id\":\"https:\\\/\\\/dodo-inflatables.com\\\/ro\\\/produs\\\/monitor-de-presiune-manometru-pentru-castele-gonflabile-huawei-ny-s01\\\/\",\"url\":\"https:\\\/\\\/dodo-inflatables.com\\\/ro\\\/produs\\\/monitor-de-presiune-manometru-pentru-castele-gonflabile-huawei-ny-s01\\\/\",\"name\":\"Monitor de presiune \\\/ manometru pentru castele gonflabile \u2013 Huawei NY-S01 | Dodo Inflatables\",\"isPartOf\":{\"@id\":\"https:\\\/\\\/dodo-inflatables.com\\\/ro\\\/#website\"},\"primaryImageOfPage\":{\"@id\":\"https:\\\/\\\/dodo-inflatables.com\\\/ro\\\/produs\\\/monitor-de-presiune-manometru-pentru-castele-gonflabile-huawei-ny-s01\\\/#primaryimage\"},\"image\":{\"@id\":\"https:\\\/\\\/dodo-inflatables.com\\\/ro\\\/produs\\\/monitor-de-presiune-manometru-pentru-castele-gonflabile-huawei-ny-s01\\\/#primaryimage\"},\"thumbnailUrl\":\"https:\\\/\\\/dodo-inflatables.com\\\/wp-content\\\/uploads\\\/2026\\\/04\\\/Druckwaechter-Druckmesser-fur-Huepfburgen.jpg\",\"datePublished\":\"2026-04-04T11:54:45+00:00\",\"description\":\"Huawei NY-S01 monitor de presiune pentru castele gonflabile \u2013 monitorizare presiune \u00een timp real 0\u20133000 Pa, avertismente vizuale \u0219i acustice, rezistent la foc \u0219i la ap\u0103. Ideal pentru firme de \u00eenchiriere \u0219i evenimente.\",\"breadcrumb\":{\"@id\":\"https:\\\/\\\/dodo-inflatables.com\\\/ro\\\/produs\\\/monitor-de-presiune-manometru-pentru-castele-gonflabile-huawei-ny-s01\\\/#breadcrumb\"},\"inLanguage\":\"ro-RO\",\"potentialAction\":[{\"@type\":\"ReadAction\",\"target\":[\"https:\\\/\\\/dodo-inflatables.com\\\/ro\\\/produs\\\/monitor-de-presiune-manometru-pentru-castele-gonflabile-huawei-ny-s01\\\/\"]}]},{\"@type\":\"ImageObject\",\"inLanguage\":\"ro-RO\",\"@id\":\"https:\\\/\\\/dodo-inflatables.com\\\/ro\\\/produs\\\/monitor-de-presiune-manometru-pentru-castele-gonflabile-huawei-ny-s01\\\/#primaryimage\",\"url\":\"https:\\\/\\\/dodo-inflatables.com\\\/wp-content\\\/uploads\\\/2026\\\/04\\\/Druckwaechter-Druckmesser-fur-Huepfburgen.jpg\",\"contentUrl\":\"https:\\\/\\\/dodo-inflatables.com\\\/wp-content\\\/uploads\\\/2026\\\/04\\\/Druckwaechter-Druckmesser-fur-Huepfburgen.jpg\",\"width\":700,\"height\":700,\"caption\":\"Monitor de presiune \\\/ manometru pentru castele gonflabile \u2013 Huawei NY-S01 | Dodo Inflatables\"},{\"@type\":\"BreadcrumbList\",\"@id\":\"https:\\\/\\\/dodo-inflatables.com\\\/ro\\\/produs\\\/monitor-de-presiune-manometru-pentru-castele-gonflabile-huawei-ny-s01\\\/#breadcrumb\",\"itemListElement\":[{\"@type\":\"ListItem\",\"position\":1,\"name\":\"Prima pagin\u0103\",\"item\":\"https:\\\/\\\/dodo-inflatables.com\\\/ro\\\/\"},{\"@type\":\"ListItem\",\"position\":2,\"name\":\"Magazin\",\"item\":\"https:\\\/\\\/dodo-inflatables.com\\\/ro\\\/magazin\\\/\"},{\"@type\":\"ListItem\",\"position\":3,\"name\":\"Monitor de presiune \\\/ manometru pentru castele gonflabile \u2013 Huawei NY-S01\"}]},{\"@type\":\"WebSite\",\"@id\":\"https:\\\/\\\/dodo-inflatables.com\\\/ro\\\/#website\",\"url\":\"https:\\\/\\\/dodo-inflatables.com\\\/ro\\\/\",\"name\":\"dodo-inflatables.com\",\"description\":\"Cump\u0103ra\u021bi castele gonflabile \u0219i atrac\u021bii din magazinul nostru.\",\"potentialAction\":[{\"@type\":\"SearchAction\",\"target\":{\"@type\":\"EntryPoint\",\"urlTemplate\":\"https:\\\/\\\/dodo-inflatables.com\\\/ro\\\/?s={search_term_string}\"},\"query-input\":{\"@type\":\"PropertyValueSpecification\",\"valueRequired\":true,\"valueName\":\"search_term_string\"}}],\"inLanguage\":\"ro-RO\"}]}<\/script>\n<!-- \/ Yoast SEO plugin. -->","yoast_head_json":{"title":"Monitor de presiune \/ manometru pentru castele gonflabile \u2013 Huawei NY-S01 | Dodo Inflatables","description":"Huawei NY-S01 monitor de presiune pentru castele gonflabile \u2013 monitorizare presiune \u00een timp real 0\u20133000 Pa, avertismente vizuale \u0219i acustice, rezistent la foc \u0219i la ap\u0103. Ideal pentru firme de \u00eenchiriere \u0219i evenimente.","robots":{"index":"index","follow":"follow","max-snippet":"max-snippet:-1","max-image-preview":"max-image-preview:large","max-video-preview":"max-video-preview:-1"},"canonical":"https:\/\/dodo-inflatables.com\/ro\/produs\/monitor-de-presiune-manometru-pentru-castele-gonflabile-huawei-ny-s01\/","twitter_misc":{"Timp estimat pentru citire":"1 minut"},"schema":{"@context":"https:\/\/schema.org","@graph":[{"@type":"WebPage","@id":"https:\/\/dodo-inflatables.com\/ro\/produs\/monitor-de-presiune-manometru-pentru-castele-gonflabile-huawei-ny-s01\/","url":"https:\/\/dodo-inflatables.com\/ro\/produs\/monitor-de-presiune-manometru-pentru-castele-gonflabile-huawei-ny-s01\/","name":"Monitor de presiune \/ manometru pentru castele gonflabile \u2013 Huawei NY-S01 | Dodo Inflatables","isPartOf":{"@id":"https:\/\/dodo-inflatables.com\/ro\/#website"},"primaryImageOfPage":{"@id":"https:\/\/dodo-inflatables.com\/ro\/produs\/monitor-de-presiune-manometru-pentru-castele-gonflabile-huawei-ny-s01\/#primaryimage"},"image":{"@id":"https:\/\/dodo-inflatables.com\/ro\/produs\/monitor-de-presiune-manometru-pentru-castele-gonflabile-huawei-ny-s01\/#primaryimage"},"thumbnailUrl":"https:\/\/dodo-inflatables.com\/wp-content\/uploads\/2026\/04\/Druckwaechter-Druckmesser-fur-Huepfburgen.jpg","datePublished":"2026-04-04T11:54:45+00:00","description":"Huawei NY-S01 monitor de presiune pentru castele gonflabile \u2013 monitorizare presiune \u00een timp real 0\u20133000 Pa, avertismente vizuale \u0219i acustice, rezistent la foc \u0219i la ap\u0103. Ideal pentru firme de \u00eenchiriere \u0219i evenimente.","breadcrumb":{"@id":"https:\/\/dodo-inflatables.com\/ro\/produs\/monitor-de-presiune-manometru-pentru-castele-gonflabile-huawei-ny-s01\/#breadcrumb"},"inLanguage":"ro-RO","potentialAction":[{"@type":"ReadAction","target":["https:\/\/dodo-inflatables.com\/ro\/produs\/monitor-de-presiune-manometru-pentru-castele-gonflabile-huawei-ny-s01\/"]}]},{"@type":"ImageObject","inLanguage":"ro-RO","@id":"https:\/\/dodo-inflatables.com\/ro\/produs\/monitor-de-presiune-manometru-pentru-castele-gonflabile-huawei-ny-s01\/#primaryimage","url":"https:\/\/dodo-inflatables.com\/wp-content\/uploads\/2026\/04\/Druckwaechter-Druckmesser-fur-Huepfburgen.jpg","contentUrl":"https:\/\/dodo-inflatables.com\/wp-content\/uploads\/2026\/04\/Druckwaechter-Druckmesser-fur-Huepfburgen.jpg","width":700,"height":700,"caption":"Monitor de presiune \/ manometru pentru castele gonflabile \u2013 Huawei NY-S01 | Dodo Inflatables"},{"@type":"BreadcrumbList","@id":"https:\/\/dodo-inflatables.com\/ro\/produs\/monitor-de-presiune-manometru-pentru-castele-gonflabile-huawei-ny-s01\/#breadcrumb","itemListElement":[{"@type":"ListItem","position":1,"name":"Prima pagin\u0103","item":"https:\/\/dodo-inflatables.com\/ro\/"},{"@type":"ListItem","position":2,"name":"Magazin","item":"https:\/\/dodo-inflatables.com\/ro\/magazin\/"},{"@type":"ListItem","position":3,"name":"Monitor de presiune \/ manometru pentru castele gonflabile \u2013 Huawei NY-S01"}]},{"@type":"WebSite","@id":"https:\/\/dodo-inflatables.com\/ro\/#website","url":"https:\/\/dodo-inflatables.com\/ro\/","name":"dodo-inflatables.com","description":"Cump\u0103ra\u021bi castele gonflabile \u0219i atrac\u021bii din magazinul nostru.","potentialAction":[{"@type":"SearchAction","target":{"@type":"EntryPoint","urlTemplate":"https:\/\/dodo-inflatables.com\/ro\/?s={search_term_string}"},"query-input":{"@type":"PropertyValueSpecification","valueRequired":true,"valueName":"search_term_string"}}],"inLanguage":"ro-RO"}]}},"uagb_featured_image_src":{"full":["https:\/\/dodo-inflatables.com\/wp-content\/uploads\/2026\/04\/Druckwaechter-Druckmesser-fur-Huepfburgen.jpg",700,700,false],"thumbnail":["https:\/\/dodo-inflatables.com\/wp-content\/uploads\/2026\/04\/Druckwaechter-Druckmesser-fur-Huepfburgen-150x150.jpg",150,150,true],"medium":["https:\/\/dodo-inflatables.com\/wp-content\/uploads\/2026\/04\/Druckwaechter-Druckmesser-fur-Huepfburgen-300x300.jpg",300,300,true],"medium_large":["https:\/\/dodo-inflatables.com\/wp-content\/uploads\/2026\/04\/Druckwaechter-Druckmesser-fur-Huepfburgen.jpg",700,700,false],"large":["https:\/\/dodo-inflatables.com\/wp-content\/uploads\/2026\/04\/Druckwaechter-Druckmesser-fur-Huepfburgen.jpg",700,700,false],"1536x1536":["https:\/\/dodo-inflatables.com\/wp-content\/uploads\/2026\/04\/Druckwaechter-Druckmesser-fur-Huepfburgen.jpg",700,700,false],"2048x2048":["https:\/\/dodo-inflatables.com\/wp-content\/uploads\/2026\/04\/Druckwaechter-Druckmesser-fur-Huepfburgen.jpg",700,700,false],"woocommerce_thumbnail":["https:\/\/dodo-inflatables.com\/wp-content\/uploads\/2026\/04\/Druckwaechter-Druckmesser-fur-Huepfburgen.jpg",700,700,false],"woocommerce_single":["https:\/\/dodo-inflatables.com\/wp-content\/uploads\/2026\/04\/Druckwaechter-Druckmesser-fur-Huepfburgen.jpg",700,700,false],"woocommerce_gallery_thumbnail":["https:\/\/dodo-inflatables.com\/wp-content\/uploads\/2026\/04\/Druckwaechter-Druckmesser-fur-Huepfburgen-100x100.jpg",100,100,true]},"uagb_author_info":{"display_name":"Andreas","author_link":"https:\/\/dodo-inflatables.com\/ro\/author\/"},"uagb_comment_info":0,"uagb_excerpt":"Dimensiuni (L \u00d7 A \u00d7 \u00ce): aprox. 80 \u00d7 73 \u00d7 52 mm Dimensiuni ambalat: aprox. 110 \u00d7 110 \u00d7 100 mm Interval de m\u0103surare: 0\u20133000 Pa","_links":{"self":[{"href":"https:\/\/dodo-inflatables.com\/ro\/wp-json\/wp\/v2\/product\/105987","targetHints":{"allow":["GET"]}}],"collection":[{"href":"https:\/\/dodo-inflatables.com\/ro\/wp-json\/wp\/v2\/product"}],"about":[{"href":"https:\/\/dodo-inflatables.com\/ro\/wp-json\/wp\/v2\/types\/product"}],"replies":[{"embeddable":true,"href":"https:\/\/dodo-inflatables.com\/ro\/wp-json\/wp\/v2\/comments?post=105987"}],"wp:featuredmedia":[{"embeddable":true,"href":"https:\/\/dodo-inflatables.com\/ro\/wp-json\/wp\/v2\/media\/105986"}],"wp:attachment":[{"href":"https:\/\/dodo-inflatables.com\/ro\/wp-json\/wp\/v2\/media?parent=105987"}],"wp:term":[{"taxonomy":"product_brand","embeddable":true,"href":"https:\/\/dodo-inflatables.com\/ro\/wp-json\/wp\/v2\/product_brand?post=105987"},{"taxonomy":"product_cat","embeddable":true,"href":"https:\/\/dodo-inflatables.com\/ro\/wp-json\/wp\/v2\/product_cat?post=105987"},{"taxonomy":"product_tag","embeddable":true,"href":"https:\/\/dodo-inflatables.com\/ro\/wp-json\/wp\/v2\/product_tag?post=105987"}],"curies":[{"name":"wp","href":"https:\/\/api.w.org\/{rel}","templated":true}]}}