{"id":106021,"date":"2026-04-04T13:54:45","date_gmt":"2026-04-04T11:54:45","guid":{"rendered":"https:\/\/dodo-inflatables.com\/dodo-relaunch?product=monitor-de-tensiune-controler-de-tensiune-pentru-castele-gonflabile-huawei-se-s02"},"modified":"2026-04-04T13:54:45","modified_gmt":"2026-04-04T11:54:45","slug":"monitor-de-tensiune-controler-de-tensiune-pentru-castele-gonflabile-huawei-se-s02","status":"publish","type":"product","link":"https:\/\/dodo-inflatables.com\/ro\/produs\/monitor-de-tensiune-controler-de-tensiune-pentru-castele-gonflabile-huawei-se-s02\/","title":{"rendered":"Monitor de tensiune \/ controler de tensiune pentru castele gonflabile \u2013 Huawei SE-S02"},"content":{"rendered":"<h1><b>Cump\u0103ra\u021bi monitor de tensiune \/ controler de tensiune pentru castele gonflabile \u2013 Huawei SE-S02<\/b><\/h1>\n<p>Huawei SE-S02 Smart Monitoring controler de tensiune este conceput pentru a monitoriza alimentarea cu energie a castelelor gonflabile \u0219i echipamentelor gonflabile de joac\u0103.<br \/>\nVerific\u0103 continuu tensiunea de intrare \u0219i furnizeaz\u0103 avertismente vizuale \u0219i acustice dac\u0103 apar fluctua\u021bii de tensiune care ar putea afecta func\u021bionarea sigur\u0103.<br \/>\nAcest monitor de tensiune ajut\u0103 la asigurarea unei performan\u021be stabile \u0219i fiabile a suflantei \u0219i este deosebit de potrivit pentru utilizare profesional\u0103 \u00een sectorul de \u00eenchiriere \u0219i evenimente.<br \/>\n<strong>Monitorizarea tensiunii de re\u021bea:<\/strong><br \/>\nSE-S02 m\u0103soar\u0103 tensiunea de intrare \u00eentr-un interval de 150\u2013275 V \u0219i o afi\u0219eaz\u0103 clar pe ecranul digital.<br \/>\n<strong>Avertizare vizual\u0103 \u0219i acustic\u0103:<\/strong><br \/>\nDac\u0103 apar neregularit\u0103\u021bi de tensiune, se declan\u0219eaz\u0103 imediat un avertisment prin afi\u0219ajul LED \u0219i un semnal sonor, permi\u021b\u00e2nd luarea de m\u0103suri rapide.<br \/>\n<strong>Dou\u0103 prize pentru suflante:<\/strong><br \/>\nControlerul de tensiune are dou\u0103 ie\u0219iri \u0219i permite conectarea uneia sau a dou\u0103 suflante cu o putere total\u0103 de p\u00e2n\u0103 la 3200 W.<br \/>\n<strong>Design robust \u0219i rezistent la intemperii:<\/strong><br \/>\nCarcasa este rezistent\u0103 la foc \u0219i la ap\u0103 \u0219i este conceput\u0103 pentru utilizare \u00een medii tipice de castele gonflabile, at\u00e2t \u00een interior, c\u00e2t \u0219i \u00een exterior.<br \/>\n<strong>Compact \u0219i u\u0219or de instalat:<\/strong><br \/>\nDatorit\u0103 dimensiunilor compacte \u0219i afi\u0219ajului clar, monitorul de tensiune poate fi integrat rapid \u0219i operat cu u\u0219urin\u021b\u0103.<\/p>\n<h3>Detalii despre monitorul de tensiune<\/h3>\n<ul>\n<li>Dimensiuni (L \u00d7 A \u00d7 \u00ce): aprox. 155 \u00d7 113 \u00d7 85 mm<\/li>\n<li class=\"p1\">Interval de tensiune: 150\u2013275 V<\/li>\n<li class=\"p1\">Puterea prizei (individual\u0103): 2200 W<\/li>\n<li class=\"p1\">Puterea total\u0103 a prizelor: 3200 W<\/li>\n<\/ul>\n","protected":false},"excerpt":{"rendered":"<ul>\n<li>Dimensiuni (L \u00d7 A \u00d7 \u00ce): aprox. 155 \u00d7 113 \u00d7 85 mm<\/li>\n<li class=\"p1\">Interval de tensiune: 150\u2013275 V<\/li>\n<li class=\"p1\">Puterea prizei (individual\u0103): 2200 W<\/li>\n<li class=\"p1\">Puterea total\u0103 a prizelor: 3200 W<\/li>\n<\/ul>\n","protected":false},"featured_media":106020,"comment_status":"open","ping_status":"closed","template":"","meta":{"_acf_changed":false,"_uag_custom_page_level_css":"","site-sidebar-layout":"default","site-content-layout":"boxed-container","ast-site-content-layout":"normal-width-container","site-content-style":"boxed","site-sidebar-style":"default","ast-global-header-display":"","ast-banner-title-visibility":"","ast-main-header-display":"","ast-hfb-above-header-display":"","ast-hfb-below-header-display":"","ast-hfb-mobile-header-display":"","site-post-title":"disabled","ast-breadcrumbs-content":"","ast-featured-img":"","footer-sml-layout":"","ast-disable-related-posts":"","theme-transparent-header-meta":"default","adv-header-id-meta":"","stick-header-meta":"default","header-above-stick-meta":"","header-main-stick-meta":"","header-below-stick-meta":"","astra-migrate-meta-layouts":"default","ast-page-background-enabled":"default","ast-page-background-meta":{"desktop":{"background-color":"var(--ast-global-color-4)","background-image":"","background-repeat":"repeat","background-position":"center center","background-size":"auto","background-attachment":"scroll","background-type":"","background-media":"","overlay-type":"","overlay-color":"","overlay-opacity":"","overlay-gradient":""},"tablet":{"background-color":"","background-image":"","background-repeat":"repeat","background-position":"center center","background-size":"auto","background-attachment":"scroll","background-type":"","background-media":"","overlay-type":"","overlay-color":"","overlay-opacity":"","overlay-gradient":""},"mobile":{"background-color":"","background-image":"","background-repeat":"repeat","background-position":"center center","background-size":"auto","background-attachment":"scroll","background-type":"","background-media":"","overlay-type":"","overlay-color":"","overlay-opacity":"","overlay-gradient":""}},"ast-content-background-meta":{"desktop":{"background-color":"var(--ast-global-color-5)","background-image":"","background-repeat":"repeat","background-position":"center center","background-size":"auto","background-attachment":"scroll","background-type":"","background-media":"","overlay-type":"","overlay-color":"","overlay-opacity":"","overlay-gradient":""},"tablet":{"background-color":"var(--ast-global-color-5)","background-image":"","background-repeat":"repeat","background-position":"center center","background-size":"auto","background-attachment":"scroll","background-type":"","background-media":"","overlay-type":"","overlay-color":"","overlay-opacity":"","overlay-gradient":""},"mobile":{"background-color":"var(--ast-global-color-5)","background-image":"","background-repeat":"repeat","background-position":"center center","background-size":"auto","background-attachment":"scroll","background-type":"","background-media":"","overlay-type":"","overlay-color":"","overlay-opacity":"","overlay-gradient":""}}},"product_brand":[],"product_cat":[1146],"product_tag":[],"class_list":{"0":"post-106021","1":"product","2":"type-product","3":"status-publish","4":"has-post-thumbnail","6":"product_cat-accesorii","7":"product_shipping_class-zubehor-ro","8":"desktop-align-center","9":"tablet-align-center","10":"mobile-align-center","11":"ast-product-gallery-layout-horizontal","12":"ast-product-gallery-with-no-image","13":"ast-product-tabs-layout-horizontal","15":"first","16":"instock","17":"taxable","18":"shipping-taxable","19":"purchasable","20":"product-type-simple"},"acf":[],"yoast_head":"<!-- This site is optimized with the Yoast SEO plugin v27.5 - https:\/\/yoast.com\/product\/yoast-seo-wordpress\/ -->\n<title>Monitor de tensiune \/ controler de tensiune pentru castele gonflabile \u2013 Huawei SE-S02 | Dodo Inflatables<\/title>\n<meta name=\"description\" content=\"Huawei SE-S02 monitor de tensiune pentru castele gonflabile \u2013 interval de tensiune 150\u2013275 V, dou\u0103 prize p\u00e2n\u0103 la 3200 W putere total\u0103, avertismente vizuale \u0219i acustice, rezistent la foc \u0219i la ap\u0103.\" \/>\n<meta name=\"robots\" content=\"index, follow, max-snippet:-1, max-image-preview:large, max-video-preview:-1\" \/>\n<link rel=\"canonical\" href=\"https:\/\/dodo-inflatables.com\/ro\/produs\/monitor-de-tensiune-controler-de-tensiune-pentru-castele-gonflabile-huawei-se-s02\/\" \/>\n<meta name=\"twitter:label1\" content=\"Timp estimat pentru citire\" \/>\n\t<meta name=\"twitter:data1\" content=\"1 minut\" \/>\n<script type=\"application\/ld+json\" class=\"yoast-schema-graph\">{\"@context\":\"https:\\\/\\\/schema.org\",\"@graph\":[{\"@type\":\"WebPage\",\"@id\":\"https:\\\/\\\/dodo-inflatables.com\\\/ro\\\/produs\\\/monitor-de-tensiune-controler-de-tensiune-pentru-castele-gonflabile-huawei-se-s02\\\/\",\"url\":\"https:\\\/\\\/dodo-inflatables.com\\\/ro\\\/produs\\\/monitor-de-tensiune-controler-de-tensiune-pentru-castele-gonflabile-huawei-se-s02\\\/\",\"name\":\"Monitor de tensiune \\\/ controler de tensiune pentru castele gonflabile \u2013 Huawei SE-S02 | Dodo Inflatables\",\"isPartOf\":{\"@id\":\"https:\\\/\\\/dodo-inflatables.com\\\/ro\\\/#website\"},\"primaryImageOfPage\":{\"@id\":\"https:\\\/\\\/dodo-inflatables.com\\\/ro\\\/produs\\\/monitor-de-tensiune-controler-de-tensiune-pentru-castele-gonflabile-huawei-se-s02\\\/#primaryimage\"},\"image\":{\"@id\":\"https:\\\/\\\/dodo-inflatables.com\\\/ro\\\/produs\\\/monitor-de-tensiune-controler-de-tensiune-pentru-castele-gonflabile-huawei-se-s02\\\/#primaryimage\"},\"thumbnailUrl\":\"https:\\\/\\\/dodo-inflatables.com\\\/wp-content\\\/uploads\\\/2026\\\/04\\\/Spannungswaechter-fur-Huepfburgen-Geblaese.jpg\",\"datePublished\":\"2026-04-04T11:54:45+00:00\",\"description\":\"Huawei SE-S02 monitor de tensiune pentru castele gonflabile \u2013 interval de tensiune 150\u2013275 V, dou\u0103 prize p\u00e2n\u0103 la 3200 W putere total\u0103, avertismente vizuale \u0219i acustice, rezistent la foc \u0219i la ap\u0103.\",\"breadcrumb\":{\"@id\":\"https:\\\/\\\/dodo-inflatables.com\\\/ro\\\/produs\\\/monitor-de-tensiune-controler-de-tensiune-pentru-castele-gonflabile-huawei-se-s02\\\/#breadcrumb\"},\"inLanguage\":\"ro-RO\",\"potentialAction\":[{\"@type\":\"ReadAction\",\"target\":[\"https:\\\/\\\/dodo-inflatables.com\\\/ro\\\/produs\\\/monitor-de-tensiune-controler-de-tensiune-pentru-castele-gonflabile-huawei-se-s02\\\/\"]}]},{\"@type\":\"ImageObject\",\"inLanguage\":\"ro-RO\",\"@id\":\"https:\\\/\\\/dodo-inflatables.com\\\/ro\\\/produs\\\/monitor-de-tensiune-controler-de-tensiune-pentru-castele-gonflabile-huawei-se-s02\\\/#primaryimage\",\"url\":\"https:\\\/\\\/dodo-inflatables.com\\\/wp-content\\\/uploads\\\/2026\\\/04\\\/Spannungswaechter-fur-Huepfburgen-Geblaese.jpg\",\"contentUrl\":\"https:\\\/\\\/dodo-inflatables.com\\\/wp-content\\\/uploads\\\/2026\\\/04\\\/Spannungswaechter-fur-Huepfburgen-Geblaese.jpg\",\"width\":700,\"height\":700,\"caption\":\"Monitor de tensiune \\\/ controler de tensiune pentru castele gonflabile \u2013 Huawei SE-S02 | Dodo Inflatables\"},{\"@type\":\"BreadcrumbList\",\"@id\":\"https:\\\/\\\/dodo-inflatables.com\\\/ro\\\/produs\\\/monitor-de-tensiune-controler-de-tensiune-pentru-castele-gonflabile-huawei-se-s02\\\/#breadcrumb\",\"itemListElement\":[{\"@type\":\"ListItem\",\"position\":1,\"name\":\"Prima pagin\u0103\",\"item\":\"https:\\\/\\\/dodo-inflatables.com\\\/ro\\\/\"},{\"@type\":\"ListItem\",\"position\":2,\"name\":\"Magazin\",\"item\":\"https:\\\/\\\/dodo-inflatables.com\\\/ro\\\/magazin\\\/\"},{\"@type\":\"ListItem\",\"position\":3,\"name\":\"Monitor de tensiune \\\/ controler de tensiune pentru castele gonflabile \u2013 Huawei SE-S02\"}]},{\"@type\":\"WebSite\",\"@id\":\"https:\\\/\\\/dodo-inflatables.com\\\/ro\\\/#website\",\"url\":\"https:\\\/\\\/dodo-inflatables.com\\\/ro\\\/\",\"name\":\"dodo-inflatables.com\",\"description\":\"Cump\u0103ra\u021bi castele gonflabile \u0219i atrac\u021bii din magazinul nostru.\",\"potentialAction\":[{\"@type\":\"SearchAction\",\"target\":{\"@type\":\"EntryPoint\",\"urlTemplate\":\"https:\\\/\\\/dodo-inflatables.com\\\/ro\\\/?s={search_term_string}\"},\"query-input\":{\"@type\":\"PropertyValueSpecification\",\"valueRequired\":true,\"valueName\":\"search_term_string\"}}],\"inLanguage\":\"ro-RO\"}]}<\/script>\n<!-- \/ Yoast SEO plugin. -->","yoast_head_json":{"title":"Monitor de tensiune \/ controler de tensiune pentru castele gonflabile \u2013 Huawei SE-S02 | Dodo Inflatables","description":"Huawei SE-S02 monitor de tensiune pentru castele gonflabile \u2013 interval de tensiune 150\u2013275 V, dou\u0103 prize p\u00e2n\u0103 la 3200 W putere total\u0103, avertismente vizuale \u0219i acustice, rezistent la foc \u0219i la ap\u0103.","robots":{"index":"index","follow":"follow","max-snippet":"max-snippet:-1","max-image-preview":"max-image-preview:large","max-video-preview":"max-video-preview:-1"},"canonical":"https:\/\/dodo-inflatables.com\/ro\/produs\/monitor-de-tensiune-controler-de-tensiune-pentru-castele-gonflabile-huawei-se-s02\/","twitter_misc":{"Timp estimat pentru citire":"1 minut"},"schema":{"@context":"https:\/\/schema.org","@graph":[{"@type":"WebPage","@id":"https:\/\/dodo-inflatables.com\/ro\/produs\/monitor-de-tensiune-controler-de-tensiune-pentru-castele-gonflabile-huawei-se-s02\/","url":"https:\/\/dodo-inflatables.com\/ro\/produs\/monitor-de-tensiune-controler-de-tensiune-pentru-castele-gonflabile-huawei-se-s02\/","name":"Monitor de tensiune \/ controler de tensiune pentru castele gonflabile \u2013 Huawei SE-S02 | Dodo Inflatables","isPartOf":{"@id":"https:\/\/dodo-inflatables.com\/ro\/#website"},"primaryImageOfPage":{"@id":"https:\/\/dodo-inflatables.com\/ro\/produs\/monitor-de-tensiune-controler-de-tensiune-pentru-castele-gonflabile-huawei-se-s02\/#primaryimage"},"image":{"@id":"https:\/\/dodo-inflatables.com\/ro\/produs\/monitor-de-tensiune-controler-de-tensiune-pentru-castele-gonflabile-huawei-se-s02\/#primaryimage"},"thumbnailUrl":"https:\/\/dodo-inflatables.com\/wp-content\/uploads\/2026\/04\/Spannungswaechter-fur-Huepfburgen-Geblaese.jpg","datePublished":"2026-04-04T11:54:45+00:00","description":"Huawei SE-S02 monitor de tensiune pentru castele gonflabile \u2013 interval de tensiune 150\u2013275 V, dou\u0103 prize p\u00e2n\u0103 la 3200 W putere total\u0103, avertismente vizuale \u0219i acustice, rezistent la foc \u0219i la ap\u0103.","breadcrumb":{"@id":"https:\/\/dodo-inflatables.com\/ro\/produs\/monitor-de-tensiune-controler-de-tensiune-pentru-castele-gonflabile-huawei-se-s02\/#breadcrumb"},"inLanguage":"ro-RO","potentialAction":[{"@type":"ReadAction","target":["https:\/\/dodo-inflatables.com\/ro\/produs\/monitor-de-tensiune-controler-de-tensiune-pentru-castele-gonflabile-huawei-se-s02\/"]}]},{"@type":"ImageObject","inLanguage":"ro-RO","@id":"https:\/\/dodo-inflatables.com\/ro\/produs\/monitor-de-tensiune-controler-de-tensiune-pentru-castele-gonflabile-huawei-se-s02\/#primaryimage","url":"https:\/\/dodo-inflatables.com\/wp-content\/uploads\/2026\/04\/Spannungswaechter-fur-Huepfburgen-Geblaese.jpg","contentUrl":"https:\/\/dodo-inflatables.com\/wp-content\/uploads\/2026\/04\/Spannungswaechter-fur-Huepfburgen-Geblaese.jpg","width":700,"height":700,"caption":"Monitor de tensiune \/ controler de tensiune pentru castele gonflabile \u2013 Huawei SE-S02 | Dodo Inflatables"},{"@type":"BreadcrumbList","@id":"https:\/\/dodo-inflatables.com\/ro\/produs\/monitor-de-tensiune-controler-de-tensiune-pentru-castele-gonflabile-huawei-se-s02\/#breadcrumb","itemListElement":[{"@type":"ListItem","position":1,"name":"Prima pagin\u0103","item":"https:\/\/dodo-inflatables.com\/ro\/"},{"@type":"ListItem","position":2,"name":"Magazin","item":"https:\/\/dodo-inflatables.com\/ro\/magazin\/"},{"@type":"ListItem","position":3,"name":"Monitor de tensiune \/ controler de tensiune pentru castele gonflabile \u2013 Huawei SE-S02"}]},{"@type":"WebSite","@id":"https:\/\/dodo-inflatables.com\/ro\/#website","url":"https:\/\/dodo-inflatables.com\/ro\/","name":"dodo-inflatables.com","description":"Cump\u0103ra\u021bi castele gonflabile \u0219i atrac\u021bii din magazinul nostru.","potentialAction":[{"@type":"SearchAction","target":{"@type":"EntryPoint","urlTemplate":"https:\/\/dodo-inflatables.com\/ro\/?s={search_term_string}"},"query-input":{"@type":"PropertyValueSpecification","valueRequired":true,"valueName":"search_term_string"}}],"inLanguage":"ro-RO"}]}},"uagb_featured_image_src":{"full":["https:\/\/dodo-inflatables.com\/wp-content\/uploads\/2026\/04\/Spannungswaechter-fur-Huepfburgen-Geblaese.jpg",700,700,false],"thumbnail":["https:\/\/dodo-inflatables.com\/wp-content\/uploads\/2026\/04\/Spannungswaechter-fur-Huepfburgen-Geblaese-150x150.jpg",150,150,true],"medium":["https:\/\/dodo-inflatables.com\/wp-content\/uploads\/2026\/04\/Spannungswaechter-fur-Huepfburgen-Geblaese-300x300.jpg",300,300,true],"medium_large":["https:\/\/dodo-inflatables.com\/wp-content\/uploads\/2026\/04\/Spannungswaechter-fur-Huepfburgen-Geblaese.jpg",700,700,false],"large":["https:\/\/dodo-inflatables.com\/wp-content\/uploads\/2026\/04\/Spannungswaechter-fur-Huepfburgen-Geblaese.jpg",700,700,false],"1536x1536":["https:\/\/dodo-inflatables.com\/wp-content\/uploads\/2026\/04\/Spannungswaechter-fur-Huepfburgen-Geblaese.jpg",700,700,false],"2048x2048":["https:\/\/dodo-inflatables.com\/wp-content\/uploads\/2026\/04\/Spannungswaechter-fur-Huepfburgen-Geblaese.jpg",700,700,false],"woocommerce_thumbnail":["https:\/\/dodo-inflatables.com\/wp-content\/uploads\/2026\/04\/Spannungswaechter-fur-Huepfburgen-Geblaese.jpg",700,700,false],"woocommerce_single":["https:\/\/dodo-inflatables.com\/wp-content\/uploads\/2026\/04\/Spannungswaechter-fur-Huepfburgen-Geblaese.jpg",700,700,false],"woocommerce_gallery_thumbnail":["https:\/\/dodo-inflatables.com\/wp-content\/uploads\/2026\/04\/Spannungswaechter-fur-Huepfburgen-Geblaese-100x100.jpg",100,100,true]},"uagb_author_info":{"display_name":"Andreas","author_link":"https:\/\/dodo-inflatables.com\/ro\/author\/"},"uagb_comment_info":0,"uagb_excerpt":"Dimensiuni (L \u00d7 A \u00d7 \u00ce): aprox. 155 \u00d7 113 \u00d7 85 mm Interval de tensiune: 150\u2013275 V Puterea prizei (individual\u0103): 2200 W Puterea total\u0103 a prizelor: 3200 W","_links":{"self":[{"href":"https:\/\/dodo-inflatables.com\/ro\/wp-json\/wp\/v2\/product\/106021","targetHints":{"allow":["GET"]}}],"collection":[{"href":"https:\/\/dodo-inflatables.com\/ro\/wp-json\/wp\/v2\/product"}],"about":[{"href":"https:\/\/dodo-inflatables.com\/ro\/wp-json\/wp\/v2\/types\/product"}],"replies":[{"embeddable":true,"href":"https:\/\/dodo-inflatables.com\/ro\/wp-json\/wp\/v2\/comments?post=106021"}],"wp:featuredmedia":[{"embeddable":true,"href":"https:\/\/dodo-inflatables.com\/ro\/wp-json\/wp\/v2\/media\/106020"}],"wp:attachment":[{"href":"https:\/\/dodo-inflatables.com\/ro\/wp-json\/wp\/v2\/media?parent=106021"}],"wp:term":[{"taxonomy":"product_brand","embeddable":true,"href":"https:\/\/dodo-inflatables.com\/ro\/wp-json\/wp\/v2\/product_brand?post=106021"},{"taxonomy":"product_cat","embeddable":true,"href":"https:\/\/dodo-inflatables.com\/ro\/wp-json\/wp\/v2\/product_cat?post=106021"},{"taxonomy":"product_tag","embeddable":true,"href":"https:\/\/dodo-inflatables.com\/ro\/wp-json\/wp\/v2\/product_tag?post=106021"}],"curies":[{"name":"wp","href":"https:\/\/api.w.org\/{rel}","templated":true}]}}