{"id":12912,"date":"2018-01-19T15:47:49","date_gmt":"2018-01-19T14:47:49","guid":{"rendered":"https:\/\/dodo-inflatables.com\/product\/sageata-de-fotbal\/"},"modified":"2026-02-04T18:21:54","modified_gmt":"2026-02-04T17:21:54","slug":"dart-fotbal","status":"publish","type":"product","link":"https:\/\/dodo-inflatables.com\/ro\/produs\/dart-fotbal\/","title":{"rendered":"Dart Fotbal"},"content":{"rendered":"<h2>Cump\u0103ra\u021bi fotbal gonflabil dart<\/h2>\n<p>Darts de fotbal este cea mai recent\u0103 tendin\u021b\u0103 la evenimentele din Anglia. S\u0103ge\u021bile de fotbal, cunoscute \u0219i sub numele de s\u0103ge\u021bi de fotbal sau s\u0103ge\u021bi cu piciorul, combin\u0103 abilit\u0103\u021bile obi\u0219nuite de fotbal \u0219i s\u0103ge\u021bi \u0219i implic\u0103 aruncarea mingilor de fotbal cu Velcro \u00eempotriva unei s\u0103ge\u021bi gonflabile gigantice.<\/p>\n<p>Jocul nostru gonflabil mare de s\u0103ge\u021bi de fotbal are o \u00een\u0103l\u021bime de 4,5 metri, ceea ce \u00eel face s\u0103 atrag\u0103 aten\u021bia la orice eveniment fotbalistic. Las\u0103-\u021bi prietenii, oaspe\u021bii, clien\u021bii, colegii sau familia s\u0103 concureze \u00eentre ei la Soccer Darts \u0219i afl\u0103 cine este cel mai bun tr\u0103g\u0103tor dintre voi. De obicei, juc\u0103torii au la dispozi\u021bie trei \u00eencerc\u0103ri pentru a plasa mingea c\u00e2t mai aproape de \u021bint\u0103 sau pentru a &#8222;trage&#8221; un anumit num\u0103r de puncte. Nu doar colegii de echip\u0103 v\u0103 vor \u00eencuraja, ci \u0219i spectatorii v\u0103 vor urm\u0103ri cu entuziasm.<\/p>\n<p>S\u0103ge\u021bile de fotbal pot fi jucate pe orice suprafa\u021b\u0103 pe care se joac\u0103 de obicei fotbal. Se furnizeaz\u0103 mingile de fotbal cu Velcro necesare pentru a se potrivi. Acestea sunt confec\u021bionate din velcro special, care ader\u0103 foarte bine la velcro-ul tablei de darts gonflabile. Aceste <a href=\"https:\/\/dodo-inflatables.com\/ro\/produs\/fotbal-velcro-pentru-sageti-de-fotbal\/\">mingi de fotbal<\/a> speciale cu <a href=\"https:\/\/dodo-inflatables.com\/ro\/produs\/fotbal-velcro-pentru-sageti-de-fotbal\/\">Velcro<\/a> sunt disponibile \u0219i individual \u00een categoria <a href=\"https:\/\/dodo-inflatables.com\/product-category\/accessories\/\">accesorii<\/a>.<\/p>\n<p>&nbsp;<\/p>\n<h4>Detalii despre s fotbal gonflabil dart<\/h4>\n<ul>\n<li>Dimensiuni (L x l x h): 4,50 m x 6,20 m x 4,50 m *<\/li>\n<li>Greutate: aprox. 95 kg *<\/li>\n<li>Dimensiunea ambalajului: 100 x 70 x 70 x 70 cm *<\/li>\n<li>Timp de asamblare: 10 minute<\/li>\n<li>Material: 0,55 mm PVC \u0219i Velcro<\/li>\n<li>S\u0103geat\u0103 cu Velcro \u00eenlocuibil\u0103<\/li>\n<li>Fermoar cu capac Velcro, col\u021buri \u00eent\u0103rite, Velcro de \u00eenalt\u0103 calitate<\/li>\n<li>Fr\u00e2nghie pentru \u00eendep\u0103rtarea bilelor<\/li>\n<\/ul>\n<p>Inclus \u00een volumul de livrare: S\u0103geat\u0103 de fotbal \u0219i trei mingi de fotbal cu capac Velcro de \u00eenalt\u0103 calitate.<\/p>\n<p>Suflanta \u0219i foaia de fund nu sunt incluse. Acestea pot fi g\u0103site \u00een categoria accesorii.<\/p>\n<p>Toate castelele noastre gonflabile \u0219i atrac\u021biile noastre gonflabile sunt module profesionale care sunt potrivite pentru \u00eentreprinderi de \u00eenchiriere profesionale \u0219i pentru utilizarea \u00een parcuri de agrement, locuri de joac\u0103 de interior \u0219i altele similare.<\/p>\n<p><strong>Instruc\u021biuni de utilizare importante<\/strong><\/p>\n<p>Suflanta (nu este inclus\u0103) trebuie s\u0103 func\u021bioneze continuu \u00een timpul utiliz\u0103rii.<br \/>\nScurgerea u\u0219oar\u0103 de aer prin orificiile din cus\u0103turi este normal\u0103.<\/p>\n<p>* Greutatea \u0219i dimensiunile sunt aproximative \u0219i pot varia u\u0219or<\/p>\n","protected":false},"excerpt":{"rendered":"<p><i class=\"fa fa-arrows-alt\"><\/i> Dimensiuni (L x l x \u00eeh): 4,50 m x 6,20 m x 4,50 m *.<br \/>\n<i class=\"fa fa-plus\"><\/i> Include trei mingi de fotbal cu capac Velcro, plac\u0103 de darts cu Velcro \u00eenlocuibil\u0103<i class=\"fa fa-check\"><\/i> Modul profesional &#8211; Potrivit pentru uz comercial \u0219i privat<\/p>\n<p><i class=\"fa fa-square\"><\/i> PVC (0,55 mm \/ 621,3 g\/mp) \u0219i Velcro<br \/>\n<i class=\"fa fa-align-justify\"><\/i> 2 &#8211; 4 ori cusute (\u00een func\u021bie de \u00eenc\u0103rc\u0103tur\u0103)<br \/>\n<i class=\"fa fa-fire\"><\/i> Retardator de flac\u0103r\u0103<br \/>\n<i class=\"fas fa-edit\"><\/i> Incl. num\u0103rul de serie individual<\/p>\n","protected":false},"featured_media":12919,"comment_status":"open","ping_status":"closed","template":"","meta":{"_acf_changed":false,"_uag_custom_page_level_css":"","site-sidebar-layout":"default","site-content-layout":"boxed-container","ast-site-content-layout":"normal-width-container","site-content-style":"boxed","site-sidebar-style":"boxed","ast-global-header-display":"","ast-banner-title-visibility":"","ast-main-header-display":"","ast-hfb-above-header-display":"","ast-hfb-below-header-display":"","ast-hfb-mobile-header-display":"","site-post-title":"disabled","ast-breadcrumbs-content":"","ast-featured-img":"","footer-sml-layout":"","ast-disable-related-posts":"","theme-transparent-header-meta":"default","adv-header-id-meta":"","stick-header-meta":"default","header-above-stick-meta":"","header-main-stick-meta":"","header-below-stick-meta":"","astra-migrate-meta-layouts":"set","ast-page-background-enabled":"default","ast-page-background-meta":{"desktop":{"background-color":"var(--ast-global-color-4)","background-image":"","background-repeat":"repeat","background-position":"center center","background-size":"auto","background-attachment":"scroll","background-type":"","background-media":"","overlay-type":"","overlay-color":"","overlay-opacity":"","overlay-gradient":""},"tablet":{"background-color":"","background-image":"","background-repeat":"repeat","background-position":"center center","background-size":"auto","background-attachment":"scroll","background-type":"","background-media":"","overlay-type":"","overlay-color":"","overlay-opacity":"","overlay-gradient":""},"mobile":{"background-color":"","background-image":"","background-repeat":"repeat","background-position":"center center","background-size":"auto","background-attachment":"scroll","background-type":"","background-media":"","overlay-type":"","overlay-color":"","overlay-opacity":"","overlay-gradient":""}},"ast-content-background-meta":{"desktop":{"background-color":"var(--ast-global-color-5)","background-image":"","background-repeat":"repeat","background-position":"center center","background-size":"auto","background-attachment":"scroll","background-type":"","background-media":"","overlay-type":"","overlay-color":"","overlay-opacity":"","overlay-gradient":""},"tablet":{"background-color":"var(--ast-global-color-5)","background-image":"","background-repeat":"repeat","background-position":"center center","background-size":"auto","background-attachment":"scroll","background-type":"","background-media":"","overlay-type":"","overlay-color":"","overlay-opacity":"","overlay-gradient":""},"mobile":{"background-color":"var(--ast-global-color-5)","background-image":"","background-repeat":"repeat","background-position":"center center","background-size":"auto","background-attachment":"scroll","background-type":"","background-media":"","overlay-type":"","overlay-color":"","overlay-opacity":"","overlay-gradient":""}}},"product_brand":[],"product_cat":[1284],"product_tag":[],"class_list":{"0":"post-12912","1":"product","2":"type-product","3":"status-publish","4":"has-post-thumbnail","6":"product_cat-atractii","7":"product_shipping_class-spedition-hupfburg-ro","8":"pa_gtin-0669145336841-ro","9":"desktop-align-center","10":"tablet-align-center","11":"mobile-align-center","12":"ast-product-gallery-layout-horizontal","13":"ast-product-tabs-layout-horizontal","15":"first","16":"instock","17":"taxable","18":"shipping-taxable","19":"purchasable","20":"product-type-simple"},"acf":[],"yoast_head":"<!-- This site is optimized with the Yoast SEO plugin v27.3 - https:\/\/yoast.com\/product\/yoast-seo-wordpress\/ -->\n<title>Cump\u0103ra\u021bi s\u0103ge\u021bi de fotbal gonflabile | Dodo-Inflatables.com<\/title>\n<meta name=\"description\" content=\"Cump\u0103ra\u021bi Fotbal gonflabil Soccerdart la dodo-inflatables.com! | Pre\u021buri corecte | \u00centotdeauna \u00een stoc | Expediere rapid\u0103!\" \/>\n<meta name=\"robots\" content=\"index, follow, max-snippet:-1, max-image-preview:large, max-video-preview:-1\" \/>\n<link rel=\"canonical\" href=\"https:\/\/dodo-inflatables.com\/ro\/produs\/dart-fotbal\/\" \/>\n<meta name=\"twitter:label1\" content=\"Timp estimat pentru citire\" \/>\n\t<meta name=\"twitter:data1\" content=\"2 minute\" \/>\n<script type=\"application\/ld+json\" class=\"yoast-schema-graph\">{\"@context\":\"https:\\\/\\\/schema.org\",\"@graph\":[{\"@type\":\"WebPage\",\"@id\":\"https:\\\/\\\/dodo-inflatables.com\\\/ro\\\/produs\\\/dart-fotbal\\\/\",\"url\":\"https:\\\/\\\/dodo-inflatables.com\\\/ro\\\/produs\\\/dart-fotbal\\\/\",\"name\":\"Cump\u0103ra\u021bi s\u0103ge\u021bi de fotbal gonflabile | Dodo-Inflatables.com\",\"isPartOf\":{\"@id\":\"https:\\\/\\\/dodo-inflatables.com\\\/ro\\\/#website\"},\"primaryImageOfPage\":{\"@id\":\"https:\\\/\\\/dodo-inflatables.com\\\/ro\\\/produs\\\/dart-fotbal\\\/#primaryimage\"},\"image\":{\"@id\":\"https:\\\/\\\/dodo-inflatables.com\\\/ro\\\/produs\\\/dart-fotbal\\\/#primaryimage\"},\"thumbnailUrl\":\"https:\\\/\\\/dodo-inflatables.com\\\/wp-content\\\/uploads\\\/2018\\\/01\\\/fussball-dart-neu-kaufen-1.png\",\"datePublished\":\"2018-01-19T14:47:49+00:00\",\"dateModified\":\"2026-02-04T17:21:54+00:00\",\"description\":\"Cump\u0103ra\u021bi Fotbal gonflabil Soccerdart la dodo-inflatables.com! | Pre\u021buri corecte | \u00centotdeauna \u00een stoc | Expediere rapid\u0103!\",\"breadcrumb\":{\"@id\":\"https:\\\/\\\/dodo-inflatables.com\\\/ro\\\/produs\\\/dart-fotbal\\\/#breadcrumb\"},\"inLanguage\":\"ro-RO\",\"potentialAction\":[{\"@type\":\"ReadAction\",\"target\":[\"https:\\\/\\\/dodo-inflatables.com\\\/ro\\\/produs\\\/dart-fotbal\\\/\"]}]},{\"@type\":\"ImageObject\",\"inLanguage\":\"ro-RO\",\"@id\":\"https:\\\/\\\/dodo-inflatables.com\\\/ro\\\/produs\\\/dart-fotbal\\\/#primaryimage\",\"url\":\"https:\\\/\\\/dodo-inflatables.com\\\/wp-content\\\/uploads\\\/2018\\\/01\\\/fussball-dart-neu-kaufen-1.png\",\"contentUrl\":\"https:\\\/\\\/dodo-inflatables.com\\\/wp-content\\\/uploads\\\/2018\\\/01\\\/fussball-dart-neu-kaufen-1.png\",\"width\":500,\"height\":500},{\"@type\":\"BreadcrumbList\",\"@id\":\"https:\\\/\\\/dodo-inflatables.com\\\/ro\\\/produs\\\/dart-fotbal\\\/#breadcrumb\",\"itemListElement\":[{\"@type\":\"ListItem\",\"position\":1,\"name\":\"Prima pagin\u0103\",\"item\":\"https:\\\/\\\/dodo-inflatables.com\\\/ro\\\/\"},{\"@type\":\"ListItem\",\"position\":2,\"name\":\"Magazin\",\"item\":\"https:\\\/\\\/dodo-inflatables.com\\\/ro\\\/magazin\\\/\"},{\"@type\":\"ListItem\",\"position\":3,\"name\":\"Dart Fotbal\"}]},{\"@type\":\"WebSite\",\"@id\":\"https:\\\/\\\/dodo-inflatables.com\\\/ro\\\/#website\",\"url\":\"https:\\\/\\\/dodo-inflatables.com\\\/ro\\\/\",\"name\":\"dodo-inflatables.com\",\"description\":\"Cump\u0103ra\u021bi castele gonflabile \u0219i atrac\u021bii din magazinul nostru.\",\"publisher\":{\"@id\":\"https:\\\/\\\/dodo-inflatables.com\\\/ro\\\/#organization\"},\"potentialAction\":[{\"@type\":\"SearchAction\",\"target\":{\"@type\":\"EntryPoint\",\"urlTemplate\":\"https:\\\/\\\/dodo-inflatables.com\\\/ro\\\/?s={search_term_string}\"},\"query-input\":{\"@type\":\"PropertyValueSpecification\",\"valueRequired\":true,\"valueName\":\"search_term_string\"}}],\"inLanguage\":\"ro-RO\"},{\"@type\":\"Organization\",\"@id\":\"https:\\\/\\\/dodo-inflatables.com\\\/ro\\\/#organization\",\"name\":\"dodo-inflatables.com\",\"url\":\"https:\\\/\\\/dodo-inflatables.com\\\/ro\\\/\",\"logo\":{\"@type\":\"ImageObject\",\"inLanguage\":\"ro-RO\",\"@id\":\"https:\\\/\\\/dodo-inflatables.com\\\/ro\\\/#\\\/schema\\\/logo\\\/image\\\/\",\"url\":\"https:\\\/\\\/dodo-inflatables.com\\\/wp-content\\\/uploads\\\/2023\\\/04\\\/cropped-cropped-cropped-Dodo-Logo.png\",\"contentUrl\":\"https:\\\/\\\/dodo-inflatables.com\\\/wp-content\\\/uploads\\\/2023\\\/04\\\/cropped-cropped-cropped-Dodo-Logo.png\",\"width\":2996,\"height\":1545,\"caption\":\"dodo-inflatables.com\"},\"image\":{\"@id\":\"https:\\\/\\\/dodo-inflatables.com\\\/ro\\\/#\\\/schema\\\/logo\\\/image\\\/\"}}]}<\/script>\n<!-- \/ Yoast SEO plugin. -->","yoast_head_json":{"title":"Cump\u0103ra\u021bi s\u0103ge\u021bi de fotbal gonflabile | Dodo-Inflatables.com","description":"Cump\u0103ra\u021bi Fotbal gonflabil Soccerdart la dodo-inflatables.com! | Pre\u021buri corecte | \u00centotdeauna \u00een stoc | Expediere rapid\u0103!","robots":{"index":"index","follow":"follow","max-snippet":"max-snippet:-1","max-image-preview":"max-image-preview:large","max-video-preview":"max-video-preview:-1"},"canonical":"https:\/\/dodo-inflatables.com\/ro\/produs\/dart-fotbal\/","twitter_misc":{"Timp estimat pentru citire":"2 minute"},"schema":{"@context":"https:\/\/schema.org","@graph":[{"@type":"WebPage","@id":"https:\/\/dodo-inflatables.com\/ro\/produs\/dart-fotbal\/","url":"https:\/\/dodo-inflatables.com\/ro\/produs\/dart-fotbal\/","name":"Cump\u0103ra\u021bi s\u0103ge\u021bi de fotbal gonflabile | Dodo-Inflatables.com","isPartOf":{"@id":"https:\/\/dodo-inflatables.com\/ro\/#website"},"primaryImageOfPage":{"@id":"https:\/\/dodo-inflatables.com\/ro\/produs\/dart-fotbal\/#primaryimage"},"image":{"@id":"https:\/\/dodo-inflatables.com\/ro\/produs\/dart-fotbal\/#primaryimage"},"thumbnailUrl":"https:\/\/dodo-inflatables.com\/wp-content\/uploads\/2018\/01\/fussball-dart-neu-kaufen-1.png","datePublished":"2018-01-19T14:47:49+00:00","dateModified":"2026-02-04T17:21:54+00:00","description":"Cump\u0103ra\u021bi Fotbal gonflabil Soccerdart la dodo-inflatables.com! | Pre\u021buri corecte | \u00centotdeauna \u00een stoc | Expediere rapid\u0103!","breadcrumb":{"@id":"https:\/\/dodo-inflatables.com\/ro\/produs\/dart-fotbal\/#breadcrumb"},"inLanguage":"ro-RO","potentialAction":[{"@type":"ReadAction","target":["https:\/\/dodo-inflatables.com\/ro\/produs\/dart-fotbal\/"]}]},{"@type":"ImageObject","inLanguage":"ro-RO","@id":"https:\/\/dodo-inflatables.com\/ro\/produs\/dart-fotbal\/#primaryimage","url":"https:\/\/dodo-inflatables.com\/wp-content\/uploads\/2018\/01\/fussball-dart-neu-kaufen-1.png","contentUrl":"https:\/\/dodo-inflatables.com\/wp-content\/uploads\/2018\/01\/fussball-dart-neu-kaufen-1.png","width":500,"height":500},{"@type":"BreadcrumbList","@id":"https:\/\/dodo-inflatables.com\/ro\/produs\/dart-fotbal\/#breadcrumb","itemListElement":[{"@type":"ListItem","position":1,"name":"Prima pagin\u0103","item":"https:\/\/dodo-inflatables.com\/ro\/"},{"@type":"ListItem","position":2,"name":"Magazin","item":"https:\/\/dodo-inflatables.com\/ro\/magazin\/"},{"@type":"ListItem","position":3,"name":"Dart Fotbal"}]},{"@type":"WebSite","@id":"https:\/\/dodo-inflatables.com\/ro\/#website","url":"https:\/\/dodo-inflatables.com\/ro\/","name":"dodo-inflatables.com","description":"Cump\u0103ra\u021bi castele gonflabile \u0219i atrac\u021bii din magazinul nostru.","publisher":{"@id":"https:\/\/dodo-inflatables.com\/ro\/#organization"},"potentialAction":[{"@type":"SearchAction","target":{"@type":"EntryPoint","urlTemplate":"https:\/\/dodo-inflatables.com\/ro\/?s={search_term_string}"},"query-input":{"@type":"PropertyValueSpecification","valueRequired":true,"valueName":"search_term_string"}}],"inLanguage":"ro-RO"},{"@type":"Organization","@id":"https:\/\/dodo-inflatables.com\/ro\/#organization","name":"dodo-inflatables.com","url":"https:\/\/dodo-inflatables.com\/ro\/","logo":{"@type":"ImageObject","inLanguage":"ro-RO","@id":"https:\/\/dodo-inflatables.com\/ro\/#\/schema\/logo\/image\/","url":"https:\/\/dodo-inflatables.com\/wp-content\/uploads\/2023\/04\/cropped-cropped-cropped-Dodo-Logo.png","contentUrl":"https:\/\/dodo-inflatables.com\/wp-content\/uploads\/2023\/04\/cropped-cropped-cropped-Dodo-Logo.png","width":2996,"height":1545,"caption":"dodo-inflatables.com"},"image":{"@id":"https:\/\/dodo-inflatables.com\/ro\/#\/schema\/logo\/image\/"}}]}},"uagb_featured_image_src":{"full":["https:\/\/dodo-inflatables.com\/wp-content\/uploads\/2018\/01\/fussball-dart-neu-kaufen-1.png",500,500,false],"thumbnail":["https:\/\/dodo-inflatables.com\/wp-content\/uploads\/2018\/01\/fussball-dart-neu-kaufen-1-150x150.png",150,150,true],"medium":["https:\/\/dodo-inflatables.com\/wp-content\/uploads\/2018\/01\/fussball-dart-neu-kaufen-1-300x300.png",300,300,true],"medium_large":["https:\/\/dodo-inflatables.com\/wp-content\/uploads\/2018\/01\/fussball-dart-neu-kaufen-1.png",500,500,false],"large":["https:\/\/dodo-inflatables.com\/wp-content\/uploads\/2018\/01\/fussball-dart-neu-kaufen-1.png",500,500,false],"1536x1536":["https:\/\/dodo-inflatables.com\/wp-content\/uploads\/2018\/01\/fussball-dart-neu-kaufen-1.png",500,500,false],"2048x2048":["https:\/\/dodo-inflatables.com\/wp-content\/uploads\/2018\/01\/fussball-dart-neu-kaufen-1.png",500,500,false],"woocommerce_thumbnail":["https:\/\/dodo-inflatables.com\/wp-content\/uploads\/2018\/01\/fussball-dart-neu-kaufen-1.png",500,500,false],"woocommerce_single":["https:\/\/dodo-inflatables.com\/wp-content\/uploads\/2018\/01\/fussball-dart-neu-kaufen-1.png",500,500,false],"woocommerce_gallery_thumbnail":["https:\/\/dodo-inflatables.com\/wp-content\/uploads\/2018\/01\/fussball-dart-neu-kaufen-1-100x100.png",100,100,true]},"uagb_author_info":{"display_name":"Andreas","author_link":"https:\/\/dodo-inflatables.com\/ro\/author\/"},"uagb_comment_info":0,"uagb_excerpt":"Dimensiuni (L x l x \u00eeh): 4,50 m x 6,20 m x 4,50 m *. Include trei mingi de fotbal cu capac Velcro, plac\u0103 de darts cu Velcro \u00eenlocuibil\u0103 Modul profesional - Potrivit pentru uz comercial \u0219i privat PVC (0,55 mm \/ 621,3 g\/mp) \u0219i Velcro 2 - 4 ori cusute (\u00een func\u021bie de \u00eenc\u0103rc\u0103tur\u0103)&hellip;","_links":{"self":[{"href":"https:\/\/dodo-inflatables.com\/ro\/wp-json\/wp\/v2\/product\/12912","targetHints":{"allow":["GET"]}}],"collection":[{"href":"https:\/\/dodo-inflatables.com\/ro\/wp-json\/wp\/v2\/product"}],"about":[{"href":"https:\/\/dodo-inflatables.com\/ro\/wp-json\/wp\/v2\/types\/product"}],"replies":[{"embeddable":true,"href":"https:\/\/dodo-inflatables.com\/ro\/wp-json\/wp\/v2\/comments?post=12912"}],"wp:featuredmedia":[{"embeddable":true,"href":"https:\/\/dodo-inflatables.com\/ro\/wp-json\/wp\/v2\/media\/12919"}],"wp:attachment":[{"href":"https:\/\/dodo-inflatables.com\/ro\/wp-json\/wp\/v2\/media?parent=12912"}],"wp:term":[{"taxonomy":"product_brand","embeddable":true,"href":"https:\/\/dodo-inflatables.com\/ro\/wp-json\/wp\/v2\/product_brand?post=12912"},{"taxonomy":"product_cat","embeddable":true,"href":"https:\/\/dodo-inflatables.com\/ro\/wp-json\/wp\/v2\/product_cat?post=12912"},{"taxonomy":"product_tag","embeddable":true,"href":"https:\/\/dodo-inflatables.com\/ro\/wp-json\/wp\/v2\/product_tag?post=12912"}],"curies":[{"name":"wp","href":"https:\/\/api.w.org\/{rel}","templated":true}]}}