{"id":13001,"date":"2017-01-06T20:54:55","date_gmt":"2017-01-06T19:54:55","guid":{"rendered":"https:\/\/dodo-inflatables.com\/product\/fotbal-biliard\/"},"modified":"2026-04-17T16:37:18","modified_gmt":"2026-04-17T14:37:18","slug":"fotbal-biliard","status":"publish","type":"product","link":"https:\/\/dodo-inflatables.com\/ro\/produs\/fotbal-biliard\/","title":{"rendered":"Fotbal Biliard"},"content":{"rendered":"<h3>Cump\u0103ra\u021bi masa de biliard de fotbal gonflabil\u0103<\/h3>\n<p>Fotbalul normal este prea plictisitor pentru tine? Nici o problem\u0103! Cu biliardul nostru de fotbal sau fotbalul de snooker pute\u021bi ad\u0103uga varietate la joc. Biliardul de fotbal sau biliardul de biliard \/ fotbalul de biliard combin\u0103 pl\u0103cerea ambelor jocuri \u0219i ofer\u0103 distrac\u021bie pentru spectatori \u0219i colegi de joc. Jocul se desf\u0103\u0219oar\u0103 conform regulilor obi\u0219nuite de biliard, dar propriul picior devine tacul. Mingile de fotbal pline \u0219i jum\u0103t\u0103\u021bi de minge de biliard trebuie lovite \u00een g\u0103uri cu ajutorul bilei albe. Primul juc\u0103tor care reu\u0219e\u0219te s\u0103 pun\u0103 \u00een ghiveci bilele \u0219i s\u0103 bage \u00een buzunar bila neagr\u0103 opt este c\u00e2\u0219tig\u0103torul jocului. Cu toate acestea, este nevoie de mult\u0103 precizie, de o bun\u0103 sim\u021bire a mingii \u0219i de o strategie sofisticat\u0103. Jocul poate fi jucat \u00een perechi sau \u00een echip\u0103. Jocul se joac\u0103 cel mai bine pe terenul de fotbal sau pe o alt\u0103 suprafa\u021b\u0103 plan\u0103. Biliardul de fotbal este \u00eentotdeauna atrac\u021bia potrivit\u0103! Terenul imens de joc va atrage vizitatori de departe \u0219i va oferi cel mai bun divertisment at\u00e2t pentru juc\u0103tori, c\u00e2t \u0219i pentru spectatori.<\/p>\n<p>&nbsp;<\/p>\n<h4>Detalii despre masa de biliard gonflabil\u0103 de fotbal<\/h4>\n<ul>\n<li>Dimensiuni (L x l x \u00eeh): 8,00 m x 4,00 m x 0,75 m *.<\/li>\n<li>Greutate: aprox. 60 kg *<\/li>\n<li>Dimensiunea pachetului: 100 x 70 x 70 x 70 cm *<\/li>\n<li>Timp de asamblare: 10 minute<\/li>\n<li>Material: 0,55 mm PVC<\/li>\n<li>Fermoar cu capac Velcro, col\u021buri \u00eent\u0103rite<\/li>\n<\/ul>\n<p>&nbsp;<\/p>\n<p>Pachetul de livrare include: Suport pentru biliard de fotbal<\/p>\n<p>Nu sunt incluse suflanta, prelata, bilele de biliard \u0219i triunghiul de biliard. Acestea pot fi g\u0103site \u00een categoria accesorii.<\/p>\n<p>Biliardul de fotbal gonflabil este un produs de calitate care este fabricat \u00een conformitate cu orient\u0103ri stricte \u00een conformitate cu EN 14960. Toate castelele noastre gonflabile \u0219i atrac\u021biile noastre gonflabile sunt module profesionale care sunt potrivite pentru \u00eenchiriere profesional\u0103 \u0219i utilizare \u00een parcuri de agrement, locuri de joac\u0103 de interior \u0219i altele similare.<\/p>\n<p>&nbsp;<\/p>\n<p><strong>Note importante privind func\u021bionarea<\/strong><\/p>\n<p>Ventilatorul (neinclus) trebuie s\u0103 func\u021bioneze continuu \u00een timpul utiliz\u0103rii.<br \/>\nO u\u0219oar\u0103 scurgere de aer prin g\u0103urile din cus\u0103turi este normal\u0103.<\/p>\n<p>* Greutatea \u0219i dimensiunile sunt aproximative \u0219i pot varia u\u0219or<\/p>\n","protected":false},"excerpt":{"rendered":"<p><i class=\"fa fa-arrows-alt\"><\/i>  Dimensiuni (L x l x h): 8,00 m x 4,00 m x 0,75 m *<br \/>\n<i class=\"fa fa-plus\"><\/i>  Fotbal \u00een design de billiard disponibil op\u021bional<br \/>\n<i class=\"fa fa-check\"><\/i>  Modul profesional &#8211; Potrivit pentru uz comercial \u0219i privat<\/p>\n<p><i class=\"fa fa-square\"><\/i>  PVC (0,55 mm \/ 621,3 g\/mp) \u0219i Velcro<br \/>\n<i class=\"fa fa-align-justify\"><\/i>  2 &#8211; 4 ori cusute (\u00een func\u021bie de \u00eenc\u0103rc\u0103tur\u0103)<br \/>\n<i class=\"fa fa-fire\"><\/i>  Retardator de flac\u0103r\u0103<\/p>\n<p>&nbsp;<\/p>\n","protected":false},"featured_media":13003,"comment_status":"open","ping_status":"closed","template":"","meta":{"_acf_changed":false,"_uag_custom_page_level_css":"","site-sidebar-layout":"default","site-content-layout":"boxed-container","ast-site-content-layout":"normal-width-container","site-content-style":"boxed","site-sidebar-style":"boxed","ast-global-header-display":"","ast-banner-title-visibility":"","ast-main-header-display":"","ast-hfb-above-header-display":"","ast-hfb-below-header-display":"","ast-hfb-mobile-header-display":"","site-post-title":"disabled","ast-breadcrumbs-content":"","ast-featured-img":"","footer-sml-layout":"","ast-disable-related-posts":"","theme-transparent-header-meta":"default","adv-header-id-meta":"","stick-header-meta":"default","header-above-stick-meta":"","header-main-stick-meta":"","header-below-stick-meta":"","astra-migrate-meta-layouts":"default","ast-page-background-enabled":"default","ast-page-background-meta":{"desktop":{"background-color":"var(--ast-global-color-4)","background-image":"","background-repeat":"repeat","background-position":"center center","background-size":"auto","background-attachment":"scroll","background-type":"","background-media":"","overlay-type":"","overlay-color":"","overlay-opacity":"","overlay-gradient":""},"tablet":{"background-color":"","background-image":"","background-repeat":"repeat","background-position":"center center","background-size":"auto","background-attachment":"scroll","background-type":"","background-media":"","overlay-type":"","overlay-color":"","overlay-opacity":"","overlay-gradient":""},"mobile":{"background-color":"","background-image":"","background-repeat":"repeat","background-position":"center center","background-size":"auto","background-attachment":"scroll","background-type":"","background-media":"","overlay-type":"","overlay-color":"","overlay-opacity":"","overlay-gradient":""}},"ast-content-background-meta":{"desktop":{"background-color":"var(--ast-global-color-5)","background-image":"","background-repeat":"repeat","background-position":"center center","background-size":"auto","background-attachment":"scroll","background-type":"","background-media":"","overlay-type":"","overlay-color":"","overlay-opacity":"","overlay-gradient":""},"tablet":{"background-color":"var(--ast-global-color-5)","background-image":"","background-repeat":"repeat","background-position":"center center","background-size":"auto","background-attachment":"scroll","background-type":"","background-media":"","overlay-type":"","overlay-color":"","overlay-opacity":"","overlay-gradient":""},"mobile":{"background-color":"var(--ast-global-color-5)","background-image":"","background-repeat":"repeat","background-position":"center center","background-size":"auto","background-attachment":"scroll","background-type":"","background-media":"","overlay-type":"","overlay-color":"","overlay-opacity":"","overlay-gradient":""}}},"product_brand":[],"product_cat":[1284],"product_tag":[7139],"class_list":{"0":"post-13001","1":"product","2":"type-product","3":"status-publish","4":"has-post-thumbnail","6":"product_cat-atractii","7":"product_tag-geblase-1-5ps","8":"product_shipping_class-spedition-hupfburg-ro","9":"desktop-align-center","10":"tablet-align-center","11":"mobile-align-center","12":"ast-product-gallery-layout-horizontal","13":"ast-product-tabs-layout-horizontal","15":"first","16":"instock","17":"taxable","18":"shipping-taxable","19":"purchasable","20":"product-type-simple"},"acf":[],"yoast_head":"<!-- This site is optimized with the Yoast SEO plugin v27.5 - https:\/\/yoast.com\/product\/yoast-seo-wordpress\/ -->\n<title>Aufblasbares Fu\u00dfball Billard kaufen | H\u00fcpfburg-g\u00fcnstig-kaufen.de<\/title>\n<meta name=\"description\" content=\"Cump\u0103ra\u021bi Soccerpool gonflabile \u0219i biliard de fotbal la dodo-inflatables.com! | Pre\u021buri corecte | \u00centotdeauna \u00een stoc | Expediere rapid\u0103!\" \/>\n<meta name=\"robots\" content=\"index, follow, max-snippet:-1, max-image-preview:large, max-video-preview:-1\" \/>\n<link rel=\"canonical\" href=\"https:\/\/dodo-inflatables.com\/ro\/produs\/fotbal-biliard\/\" \/>\n<meta name=\"twitter:label1\" content=\"Timp estimat pentru citire\" \/>\n\t<meta name=\"twitter:data1\" content=\"2 minute\" \/>\n<script type=\"application\/ld+json\" class=\"yoast-schema-graph\">{\"@context\":\"https:\\\/\\\/schema.org\",\"@graph\":[{\"@type\":\"WebPage\",\"@id\":\"https:\\\/\\\/dodo-inflatables.com\\\/ro\\\/produs\\\/fotbal-biliard\\\/\",\"url\":\"https:\\\/\\\/dodo-inflatables.com\\\/ro\\\/produs\\\/fotbal-biliard\\\/\",\"name\":\"Aufblasbares Fu\u00dfball Billard kaufen | H\u00fcpfburg-g\u00fcnstig-kaufen.de\",\"isPartOf\":{\"@id\":\"https:\\\/\\\/dodo-inflatables.com\\\/ro\\\/#website\"},\"primaryImageOfPage\":{\"@id\":\"https:\\\/\\\/dodo-inflatables.com\\\/ro\\\/produs\\\/fotbal-biliard\\\/#primaryimage\"},\"image\":{\"@id\":\"https:\\\/\\\/dodo-inflatables.com\\\/ro\\\/produs\\\/fotbal-biliard\\\/#primaryimage\"},\"thumbnailUrl\":\"https:\\\/\\\/dodo-inflatables.com\\\/wp-content\\\/uploads\\\/2017\\\/01\\\/snooker-football-fussball-billard-kaufen-4.png\",\"datePublished\":\"2017-01-06T19:54:55+00:00\",\"dateModified\":\"2026-04-17T14:37:18+00:00\",\"description\":\"Cump\u0103ra\u021bi Soccerpool gonflabile \u0219i biliard de fotbal la dodo-inflatables.com! | Pre\u021buri corecte | \u00centotdeauna \u00een stoc | Expediere rapid\u0103!\",\"breadcrumb\":{\"@id\":\"https:\\\/\\\/dodo-inflatables.com\\\/ro\\\/produs\\\/fotbal-biliard\\\/#breadcrumb\"},\"inLanguage\":\"ro-RO\",\"potentialAction\":[{\"@type\":\"ReadAction\",\"target\":[\"https:\\\/\\\/dodo-inflatables.com\\\/ro\\\/produs\\\/fotbal-biliard\\\/\"]}]},{\"@type\":\"ImageObject\",\"inLanguage\":\"ro-RO\",\"@id\":\"https:\\\/\\\/dodo-inflatables.com\\\/ro\\\/produs\\\/fotbal-biliard\\\/#primaryimage\",\"url\":\"https:\\\/\\\/dodo-inflatables.com\\\/wp-content\\\/uploads\\\/2017\\\/01\\\/snooker-football-fussball-billard-kaufen-4.png\",\"contentUrl\":\"https:\\\/\\\/dodo-inflatables.com\\\/wp-content\\\/uploads\\\/2017\\\/01\\\/snooker-football-fussball-billard-kaufen-4.png\",\"width\":500,\"height\":500},{\"@type\":\"BreadcrumbList\",\"@id\":\"https:\\\/\\\/dodo-inflatables.com\\\/ro\\\/produs\\\/fotbal-biliard\\\/#breadcrumb\",\"itemListElement\":[{\"@type\":\"ListItem\",\"position\":1,\"name\":\"Prima pagin\u0103\",\"item\":\"https:\\\/\\\/dodo-inflatables.com\\\/ro\\\/\"},{\"@type\":\"ListItem\",\"position\":2,\"name\":\"Magazin\",\"item\":\"https:\\\/\\\/dodo-inflatables.com\\\/ro\\\/magazin\\\/\"},{\"@type\":\"ListItem\",\"position\":3,\"name\":\"Fotbal Biliard\"}]},{\"@type\":\"WebSite\",\"@id\":\"https:\\\/\\\/dodo-inflatables.com\\\/ro\\\/#website\",\"url\":\"https:\\\/\\\/dodo-inflatables.com\\\/ro\\\/\",\"name\":\"dodo-inflatables.com\",\"description\":\"Cump\u0103ra\u021bi castele gonflabile \u0219i atrac\u021bii din magazinul nostru.\",\"potentialAction\":[{\"@type\":\"SearchAction\",\"target\":{\"@type\":\"EntryPoint\",\"urlTemplate\":\"https:\\\/\\\/dodo-inflatables.com\\\/ro\\\/?s={search_term_string}\"},\"query-input\":{\"@type\":\"PropertyValueSpecification\",\"valueRequired\":true,\"valueName\":\"search_term_string\"}}],\"inLanguage\":\"ro-RO\"}]}<\/script>\n<!-- \/ Yoast SEO plugin. -->","yoast_head_json":{"title":"Aufblasbares Fu\u00dfball Billard kaufen | H\u00fcpfburg-g\u00fcnstig-kaufen.de","description":"Cump\u0103ra\u021bi Soccerpool gonflabile \u0219i biliard de fotbal la dodo-inflatables.com! | Pre\u021buri corecte | \u00centotdeauna \u00een stoc | Expediere rapid\u0103!","robots":{"index":"index","follow":"follow","max-snippet":"max-snippet:-1","max-image-preview":"max-image-preview:large","max-video-preview":"max-video-preview:-1"},"canonical":"https:\/\/dodo-inflatables.com\/ro\/produs\/fotbal-biliard\/","twitter_misc":{"Timp estimat pentru citire":"2 minute"},"schema":{"@context":"https:\/\/schema.org","@graph":[{"@type":"WebPage","@id":"https:\/\/dodo-inflatables.com\/ro\/produs\/fotbal-biliard\/","url":"https:\/\/dodo-inflatables.com\/ro\/produs\/fotbal-biliard\/","name":"Aufblasbares Fu\u00dfball Billard kaufen | H\u00fcpfburg-g\u00fcnstig-kaufen.de","isPartOf":{"@id":"https:\/\/dodo-inflatables.com\/ro\/#website"},"primaryImageOfPage":{"@id":"https:\/\/dodo-inflatables.com\/ro\/produs\/fotbal-biliard\/#primaryimage"},"image":{"@id":"https:\/\/dodo-inflatables.com\/ro\/produs\/fotbal-biliard\/#primaryimage"},"thumbnailUrl":"https:\/\/dodo-inflatables.com\/wp-content\/uploads\/2017\/01\/snooker-football-fussball-billard-kaufen-4.png","datePublished":"2017-01-06T19:54:55+00:00","dateModified":"2026-04-17T14:37:18+00:00","description":"Cump\u0103ra\u021bi Soccerpool gonflabile \u0219i biliard de fotbal la dodo-inflatables.com! | Pre\u021buri corecte | \u00centotdeauna \u00een stoc | Expediere rapid\u0103!","breadcrumb":{"@id":"https:\/\/dodo-inflatables.com\/ro\/produs\/fotbal-biliard\/#breadcrumb"},"inLanguage":"ro-RO","potentialAction":[{"@type":"ReadAction","target":["https:\/\/dodo-inflatables.com\/ro\/produs\/fotbal-biliard\/"]}]},{"@type":"ImageObject","inLanguage":"ro-RO","@id":"https:\/\/dodo-inflatables.com\/ro\/produs\/fotbal-biliard\/#primaryimage","url":"https:\/\/dodo-inflatables.com\/wp-content\/uploads\/2017\/01\/snooker-football-fussball-billard-kaufen-4.png","contentUrl":"https:\/\/dodo-inflatables.com\/wp-content\/uploads\/2017\/01\/snooker-football-fussball-billard-kaufen-4.png","width":500,"height":500},{"@type":"BreadcrumbList","@id":"https:\/\/dodo-inflatables.com\/ro\/produs\/fotbal-biliard\/#breadcrumb","itemListElement":[{"@type":"ListItem","position":1,"name":"Prima pagin\u0103","item":"https:\/\/dodo-inflatables.com\/ro\/"},{"@type":"ListItem","position":2,"name":"Magazin","item":"https:\/\/dodo-inflatables.com\/ro\/magazin\/"},{"@type":"ListItem","position":3,"name":"Fotbal Biliard"}]},{"@type":"WebSite","@id":"https:\/\/dodo-inflatables.com\/ro\/#website","url":"https:\/\/dodo-inflatables.com\/ro\/","name":"dodo-inflatables.com","description":"Cump\u0103ra\u021bi castele gonflabile \u0219i atrac\u021bii din magazinul nostru.","potentialAction":[{"@type":"SearchAction","target":{"@type":"EntryPoint","urlTemplate":"https:\/\/dodo-inflatables.com\/ro\/?s={search_term_string}"},"query-input":{"@type":"PropertyValueSpecification","valueRequired":true,"valueName":"search_term_string"}}],"inLanguage":"ro-RO"}]}},"uagb_featured_image_src":{"full":["https:\/\/dodo-inflatables.com\/wp-content\/uploads\/2017\/01\/snooker-football-fussball-billard-kaufen-4.png",500,500,false],"thumbnail":["https:\/\/dodo-inflatables.com\/wp-content\/uploads\/2017\/01\/snooker-football-fussball-billard-kaufen-4-150x150.png",150,150,true],"medium":["https:\/\/dodo-inflatables.com\/wp-content\/uploads\/2017\/01\/snooker-football-fussball-billard-kaufen-4-300x300.png",300,300,true],"medium_large":["https:\/\/dodo-inflatables.com\/wp-content\/uploads\/2017\/01\/snooker-football-fussball-billard-kaufen-4.png",500,500,false],"large":["https:\/\/dodo-inflatables.com\/wp-content\/uploads\/2017\/01\/snooker-football-fussball-billard-kaufen-4.png",500,500,false],"1536x1536":["https:\/\/dodo-inflatables.com\/wp-content\/uploads\/2017\/01\/snooker-football-fussball-billard-kaufen-4.png",500,500,false],"2048x2048":["https:\/\/dodo-inflatables.com\/wp-content\/uploads\/2017\/01\/snooker-football-fussball-billard-kaufen-4.png",500,500,false],"woocommerce_thumbnail":["https:\/\/dodo-inflatables.com\/wp-content\/uploads\/2017\/01\/snooker-football-fussball-billard-kaufen-4.png",500,500,false],"woocommerce_single":["https:\/\/dodo-inflatables.com\/wp-content\/uploads\/2017\/01\/snooker-football-fussball-billard-kaufen-4.png",500,500,false],"woocommerce_gallery_thumbnail":["https:\/\/dodo-inflatables.com\/wp-content\/uploads\/2017\/01\/snooker-football-fussball-billard-kaufen-4-100x100.png",100,100,true]},"uagb_author_info":{"display_name":"Andreas","author_link":"https:\/\/dodo-inflatables.com\/ro\/author\/"},"uagb_comment_info":0,"uagb_excerpt":"Dimensiuni (L x l x h): 8,00 m x 4,00 m x 0,75 m * Fotbal \u00een design de billiard disponibil op\u021bional Modul profesional - Potrivit pentru uz comercial \u0219i privat PVC (0,55 mm \/ 621,3 g\/mp) \u0219i Velcro 2 - 4 ori cusute (\u00een func\u021bie de \u00eenc\u0103rc\u0103tur\u0103) Retardator de flac\u0103r\u0103 &nbsp;","_links":{"self":[{"href":"https:\/\/dodo-inflatables.com\/ro\/wp-json\/wp\/v2\/product\/13001","targetHints":{"allow":["GET"]}}],"collection":[{"href":"https:\/\/dodo-inflatables.com\/ro\/wp-json\/wp\/v2\/product"}],"about":[{"href":"https:\/\/dodo-inflatables.com\/ro\/wp-json\/wp\/v2\/types\/product"}],"replies":[{"embeddable":true,"href":"https:\/\/dodo-inflatables.com\/ro\/wp-json\/wp\/v2\/comments?post=13001"}],"wp:featuredmedia":[{"embeddable":true,"href":"https:\/\/dodo-inflatables.com\/ro\/wp-json\/wp\/v2\/media\/13003"}],"wp:attachment":[{"href":"https:\/\/dodo-inflatables.com\/ro\/wp-json\/wp\/v2\/media?parent=13001"}],"wp:term":[{"taxonomy":"product_brand","embeddable":true,"href":"https:\/\/dodo-inflatables.com\/ro\/wp-json\/wp\/v2\/product_brand?post=13001"},{"taxonomy":"product_cat","embeddable":true,"href":"https:\/\/dodo-inflatables.com\/ro\/wp-json\/wp\/v2\/product_cat?post=13001"},{"taxonomy":"product_tag","embeddable":true,"href":"https:\/\/dodo-inflatables.com\/ro\/wp-json\/wp\/v2\/product_tag?post=13001"}],"curies":[{"name":"wp","href":"https:\/\/api.w.org\/{rel}","templated":true}]}}