{"id":13717,"date":"2020-12-29T15:00:18","date_gmt":"2020-12-29T14:00:18","guid":{"rendered":"https:\/\/dodo-inflatables.com\/product\/huawei-incalzitor-atasat\/"},"modified":"2026-04-25T18:29:34","modified_gmt":"2026-04-25T16:29:34","slug":"huawei-incalzitor-atasat","status":"publish","type":"product","link":"https:\/\/dodo-inflatables.com\/ro\/produs\/huawei-incalzitor-atasat\/","title":{"rendered":"Accesoriu de \u00eenc\u0103lzire pentru suflantele Huawei"},"content":{"rendered":"<h2>Cump\u0103ra\u021bi accesoriu de \u00eenc\u0103lzire pentru suflantele Huawei pentru castele gonflabile<\/h2>\n<p>Accesoriul de \u00eenc\u0103lzire pentru suflantele Huawei este solu\u021bia ideal\u0103 pentru uscarea mult mai rapid\u0103 a castelelor gonflabile ude.<br \/>\nFolosind sistemul brevetat de clic rapid, \u00eenc\u0103lzitorul este conectat direct la suflant\u0103 \u0219i \u00eenc\u0103lze\u0219te aerul care este apoi suflat \u00een castelul gonflabil.<br \/>\n<strong>Uscare mai rapid\u0103:<\/strong><br \/>\nAerul cald reduce semnificativ timpul de uscare al unui castel gonflabil umed. A\u0219tept\u0103rile lungi sau orele suplimentare de uscare sunt mult reduse \u2013 deosebit de util pentru firmele de \u00eenchiriere cu mai multe \u00eenchirieri \u00eentr-o singur\u0103 zi.<br \/>\n<strong>Protec\u021bie \u00eempotriva umidit\u0103\u021bii \u0219i mucegaiului:<\/strong><br \/>\n\u00cenc\u0103lzitorul nu usuc\u0103 doar suprafe\u021bele exterioare, ci \u0219i interiorul castelului gonflabil. Acest lucru ajut\u0103 la prevenirea eficient\u0103 a acumul\u0103rii de umiditate \u0219i a mucegaiului, prelungind \u00een acela\u0219i timp durata de via\u021b\u0103 a gonflabilului.<br \/>\n<strong>Instalare u\u0219oar\u0103:<\/strong><br \/>\nDatorit\u0103 sistemului brevetat de clic rapid, \u00eenc\u0103lzitorul poate fi montat rapid \u0219i u\u0219or pe suflanta Huawei \u2013 f\u0103r\u0103 a fi necesare instrumente suplimentare.<br \/>\n<strong>Ideal pentru firmele de \u00eenchiriere:<\/strong><br \/>\nMai ales \u00een opera\u021biunile de \u00eenchiriere cu montare \u0219i demontare frecvent\u0103, precum \u0219i condi\u021bii meteorologice variabile, accesoriul de \u00eenc\u0103lzire este un complement valoros pentru utilizatorii profesioni\u0219ti.<br \/>\n&nbsp;<\/p>\n<h3><strong>Date tehnice<\/strong><\/h3>\n<ul>\n<li>Dimensiuni: 33,5 x 31,5 x 28 cm (L x l x \u00ce)<\/li>\n<li>Putere: 2,5 kW<\/li>\n<li>Conexiune: \u0219techer Schuko<\/li>\n<\/ul>\n<h3><strong>Instruc\u021biuni<\/strong><\/h3>\n<ul>\n<li>1. Conecta\u021bi \u00eenc\u0103lzitorul la suflanta Huawei<\/li>\n<li>2. Deschide\u021bi toate fermoarele de pe castelul gonflabil<\/li>\n<li>3. Porni\u021bi \u00eenc\u0103lzitorul<\/li>\n<\/ul>\n<p><b>Important:<\/b><span style=\"font-size: 16px;\"> \u00cenc\u0103lzitorul necesit\u0103 <\/span><span class=\"s1\" style=\"font-size: 16px;\"><b>2,5 kW<\/b><\/span><span style=\"font-size: 16px;\"> \u0219i trebuie \u00eentotdeauna operat printr-o <\/span><span class=\"s1\" style=\"font-size: 16px;\"><b>linie de alimentare separat\u0103<\/b><\/span><span style=\"font-size: 16px;\">.<\/span><\/p>\n","protected":false},"excerpt":{"rendered":"<ul>\n<li>Potrivit pentru suflanta Huawei REH-1.5E &#8211; 1.5 HP \u0219i suflanta Huawei REH-2E &#8211; 2 HP<\/li>\n<li>Potrivit pentru toate castelele gonflabile \u0219i modulele pentru evenimente din ofert\u0103<\/li>\n<li>U\u0219or de utilizat \u2013 ideal pentru uscarea gonflabilului<\/li>\n<\/ul>\n","protected":false},"featured_media":13721,"comment_status":"open","ping_status":"closed","template":"","meta":{"_acf_changed":false,"_uag_custom_page_level_css":"","site-sidebar-layout":"default","site-content-layout":"boxed-container","ast-site-content-layout":"normal-width-container","site-content-style":"boxed","site-sidebar-style":"boxed","ast-global-header-display":"","ast-banner-title-visibility":"","ast-main-header-display":"","ast-hfb-above-header-display":"","ast-hfb-below-header-display":"","ast-hfb-mobile-header-display":"","site-post-title":"disabled","ast-breadcrumbs-content":"","ast-featured-img":"","footer-sml-layout":"","ast-disable-related-posts":"","theme-transparent-header-meta":"default","adv-header-id-meta":"","stick-header-meta":"default","header-above-stick-meta":"","header-main-stick-meta":"","header-below-stick-meta":"","astra-migrate-meta-layouts":"default","ast-page-background-enabled":"default","ast-page-background-meta":{"desktop":{"background-color":"var(--ast-global-color-4)","background-image":"","background-repeat":"repeat","background-position":"center center","background-size":"auto","background-attachment":"scroll","background-type":"","background-media":"","overlay-type":"","overlay-color":"","overlay-opacity":"","overlay-gradient":""},"tablet":{"background-color":"","background-image":"","background-repeat":"repeat","background-position":"center center","background-size":"auto","background-attachment":"scroll","background-type":"","background-media":"","overlay-type":"","overlay-color":"","overlay-opacity":"","overlay-gradient":""},"mobile":{"background-color":"","background-image":"","background-repeat":"repeat","background-position":"center center","background-size":"auto","background-attachment":"scroll","background-type":"","background-media":"","overlay-type":"","overlay-color":"","overlay-opacity":"","overlay-gradient":""}},"ast-content-background-meta":{"desktop":{"background-color":"var(--ast-global-color-5)","background-image":"","background-repeat":"repeat","background-position":"center center","background-size":"auto","background-attachment":"scroll","background-type":"","background-media":"","overlay-type":"","overlay-color":"","overlay-opacity":"","overlay-gradient":""},"tablet":{"background-color":"var(--ast-global-color-5)","background-image":"","background-repeat":"repeat","background-position":"center center","background-size":"auto","background-attachment":"scroll","background-type":"","background-media":"","overlay-type":"","overlay-color":"","overlay-opacity":"","overlay-gradient":""},"mobile":{"background-color":"var(--ast-global-color-5)","background-image":"","background-repeat":"repeat","background-position":"center center","background-size":"auto","background-attachment":"scroll","background-type":"","background-media":"","overlay-type":"","overlay-color":"","overlay-opacity":"","overlay-gradient":""}}},"product_brand":[],"product_cat":[1146],"product_tag":[],"class_list":{"0":"post-13717","1":"product","2":"type-product","3":"status-publish","4":"has-post-thumbnail","6":"product_cat-accesorii","7":"product_shipping_class-zubehor-ro","8":"pa_gtin-0669145333994-ro","9":"desktop-align-center","10":"tablet-align-center","11":"mobile-align-center","12":"ast-product-gallery-layout-horizontal","13":"ast-product-tabs-layout-horizontal","15":"first","16":"instock","17":"taxable","18":"shipping-taxable","19":"purchasable","20":"product-type-simple"},"acf":[],"yoast_head":"<!-- This site is optimized with the Yoast SEO plugin v27.5 - https:\/\/yoast.com\/product\/yoast-seo-wordpress\/ -->\n<title>Cump\u0103ra\u021bi \u00cenc\u0103lzitor pentru suflante Huawei | Dodo-Inflatables.com<\/title>\n<meta name=\"description\" content=\"Cump\u0103ra\u021bi \u00cenc\u0103lzitor pentru suflante gonflabile Huawei REH-1.5E - 1.5HP la Dodo-Inflatables.com | Pre\u021buri corecte | \u00centotdeauna \u00een stoc | Livrare rapid\u0103!\" \/>\n<meta name=\"robots\" content=\"index, follow, max-snippet:-1, max-image-preview:large, max-video-preview:-1\" \/>\n<link rel=\"canonical\" href=\"https:\/\/dodo-inflatables.com\/ro\/produs\/huawei-incalzitor-atasat\/\" \/>\n<meta name=\"twitter:label1\" content=\"Timp estimat pentru citire\" \/>\n\t<meta name=\"twitter:data1\" content=\"1 minut\" \/>\n<script type=\"application\/ld+json\" class=\"yoast-schema-graph\">{\"@context\":\"https:\\\/\\\/schema.org\",\"@graph\":[{\"@type\":\"WebPage\",\"@id\":\"https:\\\/\\\/dodo-inflatables.com\\\/ro\\\/produs\\\/huawei-incalzitor-atasat\\\/\",\"url\":\"https:\\\/\\\/dodo-inflatables.com\\\/ro\\\/produs\\\/huawei-incalzitor-atasat\\\/\",\"name\":\"Cump\u0103ra\u021bi \u00cenc\u0103lzitor pentru suflante Huawei | Dodo-Inflatables.com\",\"isPartOf\":{\"@id\":\"https:\\\/\\\/dodo-inflatables.com\\\/ro\\\/#website\"},\"primaryImageOfPage\":{\"@id\":\"https:\\\/\\\/dodo-inflatables.com\\\/ro\\\/produs\\\/huawei-incalzitor-atasat\\\/#primaryimage\"},\"image\":{\"@id\":\"https:\\\/\\\/dodo-inflatables.com\\\/ro\\\/produs\\\/huawei-incalzitor-atasat\\\/#primaryimage\"},\"thumbnailUrl\":\"https:\\\/\\\/dodo-inflatables.com\\\/wp-content\\\/uploads\\\/2020\\\/12\\\/Hupfburg-Geblase-Huawei-kaufen_0004_Air-Heater.jpg\",\"datePublished\":\"2020-12-29T14:00:18+00:00\",\"dateModified\":\"2026-04-25T16:29:34+00:00\",\"description\":\"Cump\u0103ra\u021bi \u00cenc\u0103lzitor pentru suflante gonflabile Huawei REH-1.5E - 1.5HP la Dodo-Inflatables.com | Pre\u021buri corecte | \u00centotdeauna \u00een stoc | Livrare rapid\u0103!\",\"breadcrumb\":{\"@id\":\"https:\\\/\\\/dodo-inflatables.com\\\/ro\\\/produs\\\/huawei-incalzitor-atasat\\\/#breadcrumb\"},\"inLanguage\":\"ro-RO\",\"potentialAction\":[{\"@type\":\"ReadAction\",\"target\":[\"https:\\\/\\\/dodo-inflatables.com\\\/ro\\\/produs\\\/huawei-incalzitor-atasat\\\/\"]}]},{\"@type\":\"ImageObject\",\"inLanguage\":\"ro-RO\",\"@id\":\"https:\\\/\\\/dodo-inflatables.com\\\/ro\\\/produs\\\/huawei-incalzitor-atasat\\\/#primaryimage\",\"url\":\"https:\\\/\\\/dodo-inflatables.com\\\/wp-content\\\/uploads\\\/2020\\\/12\\\/Hupfburg-Geblase-Huawei-kaufen_0004_Air-Heater.jpg\",\"contentUrl\":\"https:\\\/\\\/dodo-inflatables.com\\\/wp-content\\\/uploads\\\/2020\\\/12\\\/Hupfburg-Geblase-Huawei-kaufen_0004_Air-Heater.jpg\",\"width\":500,\"height\":500,\"caption\":\"Accesoriu de \u00eenc\u0103lzire pentru suflantele Huawei | Dodo Inflatables\"},{\"@type\":\"BreadcrumbList\",\"@id\":\"https:\\\/\\\/dodo-inflatables.com\\\/ro\\\/produs\\\/huawei-incalzitor-atasat\\\/#breadcrumb\",\"itemListElement\":[{\"@type\":\"ListItem\",\"position\":1,\"name\":\"Prima pagin\u0103\",\"item\":\"https:\\\/\\\/dodo-inflatables.com\\\/ro\\\/\"},{\"@type\":\"ListItem\",\"position\":2,\"name\":\"Magazin\",\"item\":\"https:\\\/\\\/dodo-inflatables.com\\\/ro\\\/magazin\\\/\"},{\"@type\":\"ListItem\",\"position\":3,\"name\":\"Huawei \u00cenc\u0103lzitor ata\u0219at\"}]},{\"@type\":\"WebSite\",\"@id\":\"https:\\\/\\\/dodo-inflatables.com\\\/ro\\\/#website\",\"url\":\"https:\\\/\\\/dodo-inflatables.com\\\/ro\\\/\",\"name\":\"dodo-inflatables.com\",\"description\":\"Cump\u0103ra\u021bi castele gonflabile \u0219i atrac\u021bii din magazinul nostru.\",\"potentialAction\":[{\"@type\":\"SearchAction\",\"target\":{\"@type\":\"EntryPoint\",\"urlTemplate\":\"https:\\\/\\\/dodo-inflatables.com\\\/ro\\\/?s={search_term_string}\"},\"query-input\":{\"@type\":\"PropertyValueSpecification\",\"valueRequired\":true,\"valueName\":\"search_term_string\"}}],\"inLanguage\":\"ro-RO\"}]}<\/script>\n<!-- \/ Yoast SEO plugin. -->","yoast_head_json":{"title":"Cump\u0103ra\u021bi \u00cenc\u0103lzitor pentru suflante Huawei | Dodo-Inflatables.com","description":"Cump\u0103ra\u021bi \u00cenc\u0103lzitor pentru suflante gonflabile Huawei REH-1.5E - 1.5HP la Dodo-Inflatables.com | Pre\u021buri corecte | \u00centotdeauna \u00een stoc | Livrare rapid\u0103!","robots":{"index":"index","follow":"follow","max-snippet":"max-snippet:-1","max-image-preview":"max-image-preview:large","max-video-preview":"max-video-preview:-1"},"canonical":"https:\/\/dodo-inflatables.com\/ro\/produs\/huawei-incalzitor-atasat\/","twitter_misc":{"Timp estimat pentru citire":"1 minut"},"schema":{"@context":"https:\/\/schema.org","@graph":[{"@type":"WebPage","@id":"https:\/\/dodo-inflatables.com\/ro\/produs\/huawei-incalzitor-atasat\/","url":"https:\/\/dodo-inflatables.com\/ro\/produs\/huawei-incalzitor-atasat\/","name":"Cump\u0103ra\u021bi \u00cenc\u0103lzitor pentru suflante Huawei | Dodo-Inflatables.com","isPartOf":{"@id":"https:\/\/dodo-inflatables.com\/ro\/#website"},"primaryImageOfPage":{"@id":"https:\/\/dodo-inflatables.com\/ro\/produs\/huawei-incalzitor-atasat\/#primaryimage"},"image":{"@id":"https:\/\/dodo-inflatables.com\/ro\/produs\/huawei-incalzitor-atasat\/#primaryimage"},"thumbnailUrl":"https:\/\/dodo-inflatables.com\/wp-content\/uploads\/2020\/12\/Hupfburg-Geblase-Huawei-kaufen_0004_Air-Heater.jpg","datePublished":"2020-12-29T14:00:18+00:00","dateModified":"2026-04-25T16:29:34+00:00","description":"Cump\u0103ra\u021bi \u00cenc\u0103lzitor pentru suflante gonflabile Huawei REH-1.5E - 1.5HP la Dodo-Inflatables.com | Pre\u021buri corecte | \u00centotdeauna \u00een stoc | Livrare rapid\u0103!","breadcrumb":{"@id":"https:\/\/dodo-inflatables.com\/ro\/produs\/huawei-incalzitor-atasat\/#breadcrumb"},"inLanguage":"ro-RO","potentialAction":[{"@type":"ReadAction","target":["https:\/\/dodo-inflatables.com\/ro\/produs\/huawei-incalzitor-atasat\/"]}]},{"@type":"ImageObject","inLanguage":"ro-RO","@id":"https:\/\/dodo-inflatables.com\/ro\/produs\/huawei-incalzitor-atasat\/#primaryimage","url":"https:\/\/dodo-inflatables.com\/wp-content\/uploads\/2020\/12\/Hupfburg-Geblase-Huawei-kaufen_0004_Air-Heater.jpg","contentUrl":"https:\/\/dodo-inflatables.com\/wp-content\/uploads\/2020\/12\/Hupfburg-Geblase-Huawei-kaufen_0004_Air-Heater.jpg","width":500,"height":500,"caption":"Accesoriu de \u00eenc\u0103lzire pentru suflantele Huawei | Dodo Inflatables"},{"@type":"BreadcrumbList","@id":"https:\/\/dodo-inflatables.com\/ro\/produs\/huawei-incalzitor-atasat\/#breadcrumb","itemListElement":[{"@type":"ListItem","position":1,"name":"Prima pagin\u0103","item":"https:\/\/dodo-inflatables.com\/ro\/"},{"@type":"ListItem","position":2,"name":"Magazin","item":"https:\/\/dodo-inflatables.com\/ro\/magazin\/"},{"@type":"ListItem","position":3,"name":"Huawei \u00cenc\u0103lzitor ata\u0219at"}]},{"@type":"WebSite","@id":"https:\/\/dodo-inflatables.com\/ro\/#website","url":"https:\/\/dodo-inflatables.com\/ro\/","name":"dodo-inflatables.com","description":"Cump\u0103ra\u021bi castele gonflabile \u0219i atrac\u021bii din magazinul nostru.","potentialAction":[{"@type":"SearchAction","target":{"@type":"EntryPoint","urlTemplate":"https:\/\/dodo-inflatables.com\/ro\/?s={search_term_string}"},"query-input":{"@type":"PropertyValueSpecification","valueRequired":true,"valueName":"search_term_string"}}],"inLanguage":"ro-RO"}]}},"uagb_featured_image_src":{"full":["https:\/\/dodo-inflatables.com\/wp-content\/uploads\/2020\/12\/Hupfburg-Geblase-Huawei-kaufen_0004_Air-Heater.jpg",500,500,false],"thumbnail":["https:\/\/dodo-inflatables.com\/wp-content\/uploads\/2020\/12\/Hupfburg-Geblase-Huawei-kaufen_0004_Air-Heater-150x150.jpg",150,150,true],"medium":["https:\/\/dodo-inflatables.com\/wp-content\/uploads\/2020\/12\/Hupfburg-Geblase-Huawei-kaufen_0004_Air-Heater-300x300.jpg",300,300,true],"medium_large":["https:\/\/dodo-inflatables.com\/wp-content\/uploads\/2020\/12\/Hupfburg-Geblase-Huawei-kaufen_0004_Air-Heater.jpg",500,500,false],"large":["https:\/\/dodo-inflatables.com\/wp-content\/uploads\/2020\/12\/Hupfburg-Geblase-Huawei-kaufen_0004_Air-Heater.jpg",500,500,false],"1536x1536":["https:\/\/dodo-inflatables.com\/wp-content\/uploads\/2020\/12\/Hupfburg-Geblase-Huawei-kaufen_0004_Air-Heater.jpg",500,500,false],"2048x2048":["https:\/\/dodo-inflatables.com\/wp-content\/uploads\/2020\/12\/Hupfburg-Geblase-Huawei-kaufen_0004_Air-Heater.jpg",500,500,false],"woocommerce_thumbnail":["https:\/\/dodo-inflatables.com\/wp-content\/uploads\/2020\/12\/Hupfburg-Geblase-Huawei-kaufen_0004_Air-Heater.jpg",500,500,false],"woocommerce_single":["https:\/\/dodo-inflatables.com\/wp-content\/uploads\/2020\/12\/Hupfburg-Geblase-Huawei-kaufen_0004_Air-Heater.jpg",500,500,false],"woocommerce_gallery_thumbnail":["https:\/\/dodo-inflatables.com\/wp-content\/uploads\/2020\/12\/Hupfburg-Geblase-Huawei-kaufen_0004_Air-Heater-100x100.jpg",100,100,true]},"uagb_author_info":{"display_name":"Andreas","author_link":"https:\/\/dodo-inflatables.com\/ro\/author\/"},"uagb_comment_info":0,"uagb_excerpt":"Potrivit pentru suflanta Huawei REH-1.5E - 1.5 HP \u0219i suflanta Huawei REH-2E - 2 HP Potrivit pentru toate castelele gonflabile \u0219i modulele pentru evenimente din ofert\u0103 U\u0219or de utilizat \u2013 ideal pentru uscarea gonflabilului","_links":{"self":[{"href":"https:\/\/dodo-inflatables.com\/ro\/wp-json\/wp\/v2\/product\/13717","targetHints":{"allow":["GET"]}}],"collection":[{"href":"https:\/\/dodo-inflatables.com\/ro\/wp-json\/wp\/v2\/product"}],"about":[{"href":"https:\/\/dodo-inflatables.com\/ro\/wp-json\/wp\/v2\/types\/product"}],"replies":[{"embeddable":true,"href":"https:\/\/dodo-inflatables.com\/ro\/wp-json\/wp\/v2\/comments?post=13717"}],"wp:featuredmedia":[{"embeddable":true,"href":"https:\/\/dodo-inflatables.com\/ro\/wp-json\/wp\/v2\/media\/13721"}],"wp:attachment":[{"href":"https:\/\/dodo-inflatables.com\/ro\/wp-json\/wp\/v2\/media?parent=13717"}],"wp:term":[{"taxonomy":"product_brand","embeddable":true,"href":"https:\/\/dodo-inflatables.com\/ro\/wp-json\/wp\/v2\/product_brand?post=13717"},{"taxonomy":"product_cat","embeddable":true,"href":"https:\/\/dodo-inflatables.com\/ro\/wp-json\/wp\/v2\/product_cat?post=13717"},{"taxonomy":"product_tag","embeddable":true,"href":"https:\/\/dodo-inflatables.com\/ro\/wp-json\/wp\/v2\/product_tag?post=13717"}],"curies":[{"name":"wp","href":"https:\/\/api.w.org\/{rel}","templated":true}]}}