{"id":13754,"date":"2020-12-29T14:33:01","date_gmt":"2020-12-29T13:33:01","guid":{"rendered":"https:\/\/dodo-inflatables.com\/product\/suflanta-huawei-reh-1-5e-1-5ps\/"},"modified":"2026-05-04T08:36:45","modified_gmt":"2026-05-04T06:36:45","slug":"suflanta-huawei-reh-1-5e-1-5ps","status":"publish","type":"product","link":"https:\/\/dodo-inflatables.com\/ro\/produs\/suflanta-huawei-reh-1-5e-1-5ps\/","title":{"rendered":"Huawei suflant\u0103 REH-1.5E &#8211; 1.5 HP"},"content":{"rendered":"<h2>Cump\u0103ra\u021bi suflanta Huawei pentru castele gonflabile REH-1.5E &#8211; 1.5 HP<\/h2>\n<p>Suflanta Huawei pentru castele gonflabile este exact alegerea potrivit\u0103 pentru firmele de \u00eenchiriere sau clien\u021bii cu mai multe castele gonflabile \u00een inventarul lor.<br \/>\n<strong>Flux de aer puternic:<\/strong> Conceput\u0103 pentru un flux de aer optim, umfl\u0103 castelul dvs. gonflabil rapid \u0219i eficient, men\u021bin\u00e2nd \u00een acela\u0219i timp presiunea corect\u0103 a aerului pe toat\u0103 durata utiliz\u0103rii.<br \/>\n<strong>Compatibilitate versatil\u0103:<\/strong> Potrivit\u0103 pentru o gam\u0103 larg\u0103 de structuri gonflabile, de la castele gonflabile la tobogane gonflabile \u0219i mai mult.<br \/>\n<strong>Op\u021biuni de upgrade:<\/strong> Datorit\u0103 op\u021biunilor de extindere, suflanta poate fi echipat\u0103 cu un deflator pentru a extrage aerul din castelul gonflabil \u0219i a permite o dezumflare \u0219i \u00eempachetare mai rapid\u0103. Suflanta Huawei poate fi, de asemenea, modernizat\u0103 cu accesoriul de \u00eenc\u0103lzire. Acest \u00eenc\u0103lzitor este conectat la suflant\u0103 folosind un sistem brevetat de clic rapid \u0219i \u00eenc\u0103lze\u0219te aerul suflat \u00een castelul gonflabil. Acest lucru permite unui castel gonflabil ud s\u0103 se usuce mult mai repede, f\u0103r\u0103 a necesita multe ore de timp de uscare.<br \/>\n&nbsp;<\/p>\n<h3><strong>Detalii despre suflanta Huawei REH-1.5E &#8211; 1.5 HP<\/strong><\/h3>\n<ul>\n<li>Material: carcas\u0103 din plastic de \u00eenalt\u0103 calitate<\/li>\n<li>Putere: 1,35 kW (ie\u0219ire), 1,8 kW (intrare), 1,5 HP<\/li>\n<li>Conexiune: \u0219techer Schuko<\/li>\n<li>Diametrul p\u00e2lniei: 14,5 cm<\/li>\n<li>Dimensiuni: 49 x 38,5 x 49,5 cm<\/li>\n<li>Greutate: 16,8 kg<\/li>\n<li>Nivel de zgomot: 85 dB<\/li>\n<li>Nr. de \u00eenregistrare WEEE: DE 82972723<\/li>\n<\/ul>\n<p>&nbsp;<\/p>\n","protected":false},"excerpt":{"rendered":"<ul>\n<li>Material: carcas\u0103 din plastic de \u00eenalt\u0103 calitate<\/li>\n<li>Putere: 1,35 kW (ie\u0219ire), 1,8 kW (intrare), 1,5 HP<\/li>\n<li>Conexiune: \u0219techer Schuko<\/li>\n<li>Diametrul p\u00e2lniei: 14,5 cm<\/li>\n<li>Dimensiuni: 49 x 38,5 x 49,5 cm<\/li>\n<li>Greutate: 16,8 kg<\/li>\n<li>Nivel de zgomot: 85 dB<\/li>\n<li>Nr. de \u00eenregistrare WEEE: DE 82972723<\/li>\n<\/ul>\n","protected":false},"featured_media":104835,"comment_status":"open","ping_status":"closed","template":"","meta":{"_acf_changed":false,"_uag_custom_page_level_css":"","site-sidebar-layout":"default","site-content-layout":"boxed-container","ast-site-content-layout":"normal-width-container","site-content-style":"boxed","site-sidebar-style":"boxed","ast-global-header-display":"","ast-banner-title-visibility":"","ast-main-header-display":"","ast-hfb-above-header-display":"","ast-hfb-below-header-display":"","ast-hfb-mobile-header-display":"","site-post-title":"disabled","ast-breadcrumbs-content":"","ast-featured-img":"","footer-sml-layout":"","ast-disable-related-posts":"","theme-transparent-header-meta":"default","adv-header-id-meta":"","stick-header-meta":"default","header-above-stick-meta":"","header-main-stick-meta":"","header-below-stick-meta":"","astra-migrate-meta-layouts":"default","ast-page-background-enabled":"default","ast-page-background-meta":{"desktop":{"background-color":"var(--ast-global-color-4)","background-image":"","background-repeat":"repeat","background-position":"center center","background-size":"auto","background-attachment":"scroll","background-type":"","background-media":"","overlay-type":"","overlay-color":"","overlay-opacity":"","overlay-gradient":""},"tablet":{"background-color":"","background-image":"","background-repeat":"repeat","background-position":"center center","background-size":"auto","background-attachment":"scroll","background-type":"","background-media":"","overlay-type":"","overlay-color":"","overlay-opacity":"","overlay-gradient":""},"mobile":{"background-color":"","background-image":"","background-repeat":"repeat","background-position":"center center","background-size":"auto","background-attachment":"scroll","background-type":"","background-media":"","overlay-type":"","overlay-color":"","overlay-opacity":"","overlay-gradient":""}},"ast-content-background-meta":{"desktop":{"background-color":"var(--ast-global-color-5)","background-image":"","background-repeat":"repeat","background-position":"center center","background-size":"auto","background-attachment":"scroll","background-type":"","background-media":"","overlay-type":"","overlay-color":"","overlay-opacity":"","overlay-gradient":""},"tablet":{"background-color":"var(--ast-global-color-5)","background-image":"","background-repeat":"repeat","background-position":"center center","background-size":"auto","background-attachment":"scroll","background-type":"","background-media":"","overlay-type":"","overlay-color":"","overlay-opacity":"","overlay-gradient":""},"mobile":{"background-color":"var(--ast-global-color-5)","background-image":"","background-repeat":"repeat","background-position":"center center","background-size":"auto","background-attachment":"scroll","background-type":"","background-media":"","overlay-type":"","overlay-color":"","overlay-opacity":"","overlay-gradient":""}}},"product_brand":[],"product_cat":[1146],"product_tag":[],"class_list":{"0":"post-13754","1":"product","2":"type-product","3":"status-publish","4":"has-post-thumbnail","6":"product_cat-accesorii","7":"product_shipping_class-zubehor-ro","8":"desktop-align-center","9":"tablet-align-center","10":"mobile-align-center","11":"ast-product-gallery-layout-horizontal","12":"ast-product-gallery-with-no-image","13":"ast-product-tabs-layout-horizontal","15":"first","16":"instock","17":"taxable","18":"shipping-taxable","19":"purchasable","20":"product-type-simple"},"acf":[],"yoast_head":"<!-- This site is optimized with the Yoast SEO plugin v27.5 - https:\/\/yoast.com\/product\/yoast-seo-wordpress\/ -->\n<title>Cump\u0103ra\u021bi Suflante Huawei pentru castele gonflabile | Dodo-Inflatables.com<\/title>\n<meta name=\"description\" content=\"Cump\u0103ra\u021bi Huawei Blower pentru gonflabile REH-1.5E - 1.5HP la Dodo-Inflatables.com | Pre\u021buri corecte | \u00centotdeauna \u00een stoc | Livrare rapid\u0103!\" \/>\n<meta name=\"robots\" content=\"index, follow, max-snippet:-1, max-image-preview:large, max-video-preview:-1\" \/>\n<link rel=\"canonical\" href=\"https:\/\/dodo-inflatables.com\/ro\/produs\/suflanta-huawei-reh-1-5e-1-5ps\/\" \/>\n<meta name=\"twitter:label1\" content=\"Timp estimat pentru citire\" \/>\n\t<meta name=\"twitter:data1\" content=\"1 minut\" \/>\n<script type=\"application\/ld+json\" class=\"yoast-schema-graph\">{\"@context\":\"https:\\\/\\\/schema.org\",\"@graph\":[{\"@type\":\"WebPage\",\"@id\":\"https:\\\/\\\/dodo-inflatables.com\\\/ro\\\/produs\\\/suflanta-huawei-reh-1-5e-1-5ps\\\/\",\"url\":\"https:\\\/\\\/dodo-inflatables.com\\\/ro\\\/produs\\\/suflanta-huawei-reh-1-5e-1-5ps\\\/\",\"name\":\"Cump\u0103ra\u021bi Suflante Huawei pentru castele gonflabile | Dodo-Inflatables.com\",\"isPartOf\":{\"@id\":\"https:\\\/\\\/dodo-inflatables.com\\\/ro\\\/#website\"},\"primaryImageOfPage\":{\"@id\":\"https:\\\/\\\/dodo-inflatables.com\\\/ro\\\/produs\\\/suflanta-huawei-reh-1-5e-1-5ps\\\/#primaryimage\"},\"image\":{\"@id\":\"https:\\\/\\\/dodo-inflatables.com\\\/ro\\\/produs\\\/suflanta-huawei-reh-1-5e-1-5ps\\\/#primaryimage\"},\"thumbnailUrl\":\"https:\\\/\\\/dodo-inflatables.com\\\/wp-content\\\/uploads\\\/2020\\\/12\\\/Huawei-Blower.png\",\"datePublished\":\"2020-12-29T13:33:01+00:00\",\"dateModified\":\"2026-05-04T06:36:45+00:00\",\"description\":\"Cump\u0103ra\u021bi Huawei Blower pentru gonflabile REH-1.5E - 1.5HP la Dodo-Inflatables.com | Pre\u021buri corecte | \u00centotdeauna \u00een stoc | Livrare rapid\u0103!\",\"breadcrumb\":{\"@id\":\"https:\\\/\\\/dodo-inflatables.com\\\/ro\\\/produs\\\/suflanta-huawei-reh-1-5e-1-5ps\\\/#breadcrumb\"},\"inLanguage\":\"ro-RO\",\"potentialAction\":[{\"@type\":\"ReadAction\",\"target\":[\"https:\\\/\\\/dodo-inflatables.com\\\/ro\\\/produs\\\/suflanta-huawei-reh-1-5e-1-5ps\\\/\"]}]},{\"@type\":\"ImageObject\",\"inLanguage\":\"ro-RO\",\"@id\":\"https:\\\/\\\/dodo-inflatables.com\\\/ro\\\/produs\\\/suflanta-huawei-reh-1-5e-1-5ps\\\/#primaryimage\",\"url\":\"https:\\\/\\\/dodo-inflatables.com\\\/wp-content\\\/uploads\\\/2020\\\/12\\\/Huawei-Blower.png\",\"contentUrl\":\"https:\\\/\\\/dodo-inflatables.com\\\/wp-content\\\/uploads\\\/2020\\\/12\\\/Huawei-Blower.png\",\"width\":500,\"height\":500,\"caption\":\"Huawei suflant\u0103 REH-2E - 2 HP | Dodo Inflatables\"},{\"@type\":\"BreadcrumbList\",\"@id\":\"https:\\\/\\\/dodo-inflatables.com\\\/ro\\\/produs\\\/suflanta-huawei-reh-1-5e-1-5ps\\\/#breadcrumb\",\"itemListElement\":[{\"@type\":\"ListItem\",\"position\":1,\"name\":\"Prima pagin\u0103\",\"item\":\"https:\\\/\\\/dodo-inflatables.com\\\/ro\\\/\"},{\"@type\":\"ListItem\",\"position\":2,\"name\":\"Magazin\",\"item\":\"https:\\\/\\\/dodo-inflatables.com\\\/ro\\\/magazin\\\/\"},{\"@type\":\"ListItem\",\"position\":3,\"name\":\"Suflant\u0103 Huawei REH-1.5E &#8211; 1.5PS\"}]},{\"@type\":\"WebSite\",\"@id\":\"https:\\\/\\\/dodo-inflatables.com\\\/ro\\\/#website\",\"url\":\"https:\\\/\\\/dodo-inflatables.com\\\/ro\\\/\",\"name\":\"dodo-inflatables.com\",\"description\":\"Cump\u0103ra\u021bi castele gonflabile \u0219i atrac\u021bii din magazinul nostru.\",\"potentialAction\":[{\"@type\":\"SearchAction\",\"target\":{\"@type\":\"EntryPoint\",\"urlTemplate\":\"https:\\\/\\\/dodo-inflatables.com\\\/ro\\\/?s={search_term_string}\"},\"query-input\":{\"@type\":\"PropertyValueSpecification\",\"valueRequired\":true,\"valueName\":\"search_term_string\"}}],\"inLanguage\":\"ro-RO\"}]}<\/script>\n<!-- \/ Yoast SEO plugin. -->","yoast_head_json":{"title":"Cump\u0103ra\u021bi Suflante Huawei pentru castele gonflabile | Dodo-Inflatables.com","description":"Cump\u0103ra\u021bi Huawei Blower pentru gonflabile REH-1.5E - 1.5HP la Dodo-Inflatables.com | Pre\u021buri corecte | \u00centotdeauna \u00een stoc | Livrare rapid\u0103!","robots":{"index":"index","follow":"follow","max-snippet":"max-snippet:-1","max-image-preview":"max-image-preview:large","max-video-preview":"max-video-preview:-1"},"canonical":"https:\/\/dodo-inflatables.com\/ro\/produs\/suflanta-huawei-reh-1-5e-1-5ps\/","twitter_misc":{"Timp estimat pentru citire":"1 minut"},"schema":{"@context":"https:\/\/schema.org","@graph":[{"@type":"WebPage","@id":"https:\/\/dodo-inflatables.com\/ro\/produs\/suflanta-huawei-reh-1-5e-1-5ps\/","url":"https:\/\/dodo-inflatables.com\/ro\/produs\/suflanta-huawei-reh-1-5e-1-5ps\/","name":"Cump\u0103ra\u021bi Suflante Huawei pentru castele gonflabile | Dodo-Inflatables.com","isPartOf":{"@id":"https:\/\/dodo-inflatables.com\/ro\/#website"},"primaryImageOfPage":{"@id":"https:\/\/dodo-inflatables.com\/ro\/produs\/suflanta-huawei-reh-1-5e-1-5ps\/#primaryimage"},"image":{"@id":"https:\/\/dodo-inflatables.com\/ro\/produs\/suflanta-huawei-reh-1-5e-1-5ps\/#primaryimage"},"thumbnailUrl":"https:\/\/dodo-inflatables.com\/wp-content\/uploads\/2020\/12\/Huawei-Blower.png","datePublished":"2020-12-29T13:33:01+00:00","dateModified":"2026-05-04T06:36:45+00:00","description":"Cump\u0103ra\u021bi Huawei Blower pentru gonflabile REH-1.5E - 1.5HP la Dodo-Inflatables.com | Pre\u021buri corecte | \u00centotdeauna \u00een stoc | Livrare rapid\u0103!","breadcrumb":{"@id":"https:\/\/dodo-inflatables.com\/ro\/produs\/suflanta-huawei-reh-1-5e-1-5ps\/#breadcrumb"},"inLanguage":"ro-RO","potentialAction":[{"@type":"ReadAction","target":["https:\/\/dodo-inflatables.com\/ro\/produs\/suflanta-huawei-reh-1-5e-1-5ps\/"]}]},{"@type":"ImageObject","inLanguage":"ro-RO","@id":"https:\/\/dodo-inflatables.com\/ro\/produs\/suflanta-huawei-reh-1-5e-1-5ps\/#primaryimage","url":"https:\/\/dodo-inflatables.com\/wp-content\/uploads\/2020\/12\/Huawei-Blower.png","contentUrl":"https:\/\/dodo-inflatables.com\/wp-content\/uploads\/2020\/12\/Huawei-Blower.png","width":500,"height":500,"caption":"Huawei suflant\u0103 REH-2E - 2 HP | Dodo Inflatables"},{"@type":"BreadcrumbList","@id":"https:\/\/dodo-inflatables.com\/ro\/produs\/suflanta-huawei-reh-1-5e-1-5ps\/#breadcrumb","itemListElement":[{"@type":"ListItem","position":1,"name":"Prima pagin\u0103","item":"https:\/\/dodo-inflatables.com\/ro\/"},{"@type":"ListItem","position":2,"name":"Magazin","item":"https:\/\/dodo-inflatables.com\/ro\/magazin\/"},{"@type":"ListItem","position":3,"name":"Suflant\u0103 Huawei REH-1.5E &#8211; 1.5PS"}]},{"@type":"WebSite","@id":"https:\/\/dodo-inflatables.com\/ro\/#website","url":"https:\/\/dodo-inflatables.com\/ro\/","name":"dodo-inflatables.com","description":"Cump\u0103ra\u021bi castele gonflabile \u0219i atrac\u021bii din magazinul nostru.","potentialAction":[{"@type":"SearchAction","target":{"@type":"EntryPoint","urlTemplate":"https:\/\/dodo-inflatables.com\/ro\/?s={search_term_string}"},"query-input":{"@type":"PropertyValueSpecification","valueRequired":true,"valueName":"search_term_string"}}],"inLanguage":"ro-RO"}]}},"uagb_featured_image_src":{"full":["https:\/\/dodo-inflatables.com\/wp-content\/uploads\/2020\/12\/Huawei-Blower.png",500,500,false],"thumbnail":["https:\/\/dodo-inflatables.com\/wp-content\/uploads\/2020\/12\/Huawei-Blower-150x150.png",150,150,true],"medium":["https:\/\/dodo-inflatables.com\/wp-content\/uploads\/2020\/12\/Huawei-Blower-300x300.png",300,300,true],"medium_large":["https:\/\/dodo-inflatables.com\/wp-content\/uploads\/2020\/12\/Huawei-Blower.png",500,500,false],"large":["https:\/\/dodo-inflatables.com\/wp-content\/uploads\/2020\/12\/Huawei-Blower.png",500,500,false],"1536x1536":["https:\/\/dodo-inflatables.com\/wp-content\/uploads\/2020\/12\/Huawei-Blower.png",500,500,false],"2048x2048":["https:\/\/dodo-inflatables.com\/wp-content\/uploads\/2020\/12\/Huawei-Blower.png",500,500,false],"woocommerce_thumbnail":["https:\/\/dodo-inflatables.com\/wp-content\/uploads\/2020\/12\/Huawei-Blower.png",500,500,false],"woocommerce_single":["https:\/\/dodo-inflatables.com\/wp-content\/uploads\/2020\/12\/Huawei-Blower.png",500,500,false],"woocommerce_gallery_thumbnail":["https:\/\/dodo-inflatables.com\/wp-content\/uploads\/2020\/12\/Huawei-Blower-100x100.png",100,100,true]},"uagb_author_info":{"display_name":"Andreas","author_link":"https:\/\/dodo-inflatables.com\/ro\/author\/"},"uagb_comment_info":0,"uagb_excerpt":"Material: carcas\u0103 din plastic de \u00eenalt\u0103 calitate Putere: 1,35 kW (ie\u0219ire), 1,8 kW (intrare), 1,5 HP Conexiune: \u0219techer Schuko Diametrul p\u00e2lniei: 14,5 cm Dimensiuni: 49 x 38,5 x 49,5 cm Greutate: 16,8 kg Nivel de zgomot: 85 dB Nr. de \u00eenregistrare WEEE: DE 82972723","_links":{"self":[{"href":"https:\/\/dodo-inflatables.com\/ro\/wp-json\/wp\/v2\/product\/13754","targetHints":{"allow":["GET"]}}],"collection":[{"href":"https:\/\/dodo-inflatables.com\/ro\/wp-json\/wp\/v2\/product"}],"about":[{"href":"https:\/\/dodo-inflatables.com\/ro\/wp-json\/wp\/v2\/types\/product"}],"replies":[{"embeddable":true,"href":"https:\/\/dodo-inflatables.com\/ro\/wp-json\/wp\/v2\/comments?post=13754"}],"wp:featuredmedia":[{"embeddable":true,"href":"https:\/\/dodo-inflatables.com\/ro\/wp-json\/wp\/v2\/media\/104835"}],"wp:attachment":[{"href":"https:\/\/dodo-inflatables.com\/ro\/wp-json\/wp\/v2\/media?parent=13754"}],"wp:term":[{"taxonomy":"product_brand","embeddable":true,"href":"https:\/\/dodo-inflatables.com\/ro\/wp-json\/wp\/v2\/product_brand?post=13754"},{"taxonomy":"product_cat","embeddable":true,"href":"https:\/\/dodo-inflatables.com\/ro\/wp-json\/wp\/v2\/product_cat?post=13754"},{"taxonomy":"product_tag","embeddable":true,"href":"https:\/\/dodo-inflatables.com\/ro\/wp-json\/wp\/v2\/product_tag?post=13754"}],"curies":[{"name":"wp","href":"https:\/\/api.w.org\/{rel}","templated":true}]}}