{"id":13846,"date":"2020-10-28T12:43:33","date_gmt":"2020-10-28T11:43:33","guid":{"rendered":"https:\/\/dodo-inflatables.com\/product\/castelul-gonflabil-waterslide-shark\/"},"modified":"2025-08-22T16:36:46","modified_gmt":"2025-08-22T14:36:46","slug":"bouncy-castle-waterslide-circus","status":"publish","type":"product","link":"https:\/\/dodo-inflatables.com\/ro\/produs\/bouncy-castle-waterslide-circus\/","title":{"rendered":"Castel Gonflabil Tobogan Acvatic Circ"},"content":{"rendered":"<h2>Cump\u0103r\u0103 Castel Gonflabil Tobogan Acvatic Circ<\/h2>\n<p>Elefantul nostru de circ invit\u0103 pe toat\u0103 lumea la joac\u0103 \u0219i distrac\u021bie! Castelul Gonflabil Tobogan Acvatic Circ este ideal pentru zilele toride de var\u0103. Designul s\u0103u colorat, cu motive de circ \u0219i clovni, aduce voie bun\u0103, iar toboganul acvatic integrat \u0219i piscina mic\u0103 ofer\u0103 o r\u0103corire revigorant\u0103. Aceast\u0103 H\u00fcpfburg este vedeta oric\u0103rei petreceri de var\u0103.<\/p>\n<p>Castel Gonflabil Tobogan Acvatic Circ este livrat \u00eentr-un sac de transport potrivit \u0219i poate fi montat cu u\u0219urin\u021b\u0103 \u00een aproximativ 10 minute. Pachetul include castelul gonflabil, un sac de transport \u0219i un set de repara\u021bii. Te rug\u0103m s\u0103 re\u021bii c\u0103 <a href=\"https:\/\/dodo-inflatables.com\/ro\/produs\/suflanta-huawei-reh-1-5e-1-5ps\/\">suflanta<\/a> \u0219i <a href=\"https:\/\/dodo-inflatables.com\/ro\/produs\/foaie-de-sol-5-x-6-metri\/\">prelata de protec\u021bie<\/a> nu sunt incluse \u2013 le po\u021bi g\u0103si \u00een categoria noastr\u0103 <a href=\"https:\/\/dodo-inflatables.com\/ro\/categorie-produs\/accesorii\/\">Accesorii<\/a>. Ambele suflante oferite (<a href=\"https:\/\/dodo-inflatables.com\/ro\/produs\/suflanta-huawei-reh-1-5e-1-5ps\/\">Huawei<\/a> \u0219i <a href=\"https:\/\/dodo-inflatables.com\/ro\/produs\/gibbons-blower-fp5005-1-5ps\/\">Gibbons<\/a>) sunt potrivite pentru castelul gonflabil.<\/p>\n<p>Fabricat din prelat\u0103 PVC robust\u0103 (0,55 mm \/ 621,3 g\/mp) \u0219i certificat conform DIN EN 14960, Castel Gonflabil Tobogan Acvatic Circ este un produs de calitate care \u00eendepline\u0219te cele mai \u00eenalte standarde de siguran\u021b\u0103.<\/p>\n<p>Te rug\u0103m s\u0103 utilizezi castelul gonflabil doar pe prelate de protec\u021bie adecvate pentru a-l proteja de obiecte ascu\u021bite de pe sol \u0219i de uzur\u0103. Recomand\u0103m montarea castelului pe un gazon \u0219i fixarea acestuia cu <a href=\"https:\/\/dodo-inflatables.com\/ro\/produs\/pies-de-sol-pentru-fixarea-gonflabila\/\">piche\u021bi<\/a> pentru o siguran\u021b\u0103 maxim\u0103. Dup\u0103 fiecare utilizare, castelul trebuie uscat \u0219i ambalat corect pentru a fi protejat \u00eempotriva influen\u021belor externe \u0219i a deterior\u0103rilor \u00een timpul transportului.<\/p>\n<p>\u26a0\ufe0f Pentru utilizarea castelului gonflabil este necesar\u0103 doar <strong>o singur\u0103 suflant\u0103<\/strong>. Al doilea furtun de aer este doar o alternativ\u0103 \u2013 de exemplu, dac\u0103 exist\u0103 probleme de spa\u021biu sau o alt\u0103 priz\u0103 este mai accesibil\u0103 \u2013 sau poate fi utilizat pentru o dezumflare mai rapid\u0103 la demontare.<\/p>\n<div class=\"product-description\">\n<div class=\"yellow-box\">\n<h2>Detalii despre Castel Gonflabil Tobogan Acvatic Circ<\/h2>\n<div class=\"info-container\">\n<div class=\"info-group\">\n<div class=\"info-column\">\n<h3>Dimensiuni &#038; Utilizatori<\/h3>\n<ul>\n<li><strong>Dimensiuni<\/strong>: 5,00 m x 4,50 m x 4,20 m *  (L x l x \u00ce)<\/li>\n<li><strong>Suprafa\u021ba de s\u0103rit<\/strong>: 2,70 x 2,50 m (L x l)<\/li>\n<li><strong>\u00cen\u0103l\u021bimea toboganului<\/strong>: 1,10 m + 60 cm \u00een\u0103l\u021bime de la sol *<\/li>\n<li>Potrivit pentru aprox. <strong>8 copii<\/strong> (\u00een func\u021bie de v\u00e2rst\u0103 \u0219i m\u0103rime)<\/li>\n<li><strong>\u00cen\u0103l\u021bimea maxim\u0103<\/strong> a utilizatorilor: 1,50 m<\/li>\n<\/ul>\n<\/div>\n<div class=\"info-column\">\n<h3>Montare \u0219i demontare<\/h3>\n<ul>\n<li><strong>Dimensiuni ambalaj<\/strong>: \u00cen\u0103l\u021bime 120 cm, Diametru 90 cm<\/li>\n<li><strong>Greutate<\/strong>: aprox. 120 kg  kg<\/li>\n<li><strong>Timp de montare<\/strong>: 10 \u2013 20 minute<\/li>\n<li><strong>Suflant\u0103 necesar\u0103<\/strong>: <span style=\"color: #ffffff\"><a style=\"color: #ffffff\" href=\"https:\/\/dodo-inflatables.com\/ro\/produs\/suflanta-huawei-reh-1-5e-1-5ps\/\">1 x Huawei REH-1.5E \u2013 1,5 PS<\/a> sau <a style=\"color: #ffffff\" href=\"https:\/\/dodo-inflatables.com\/ro\/produs\/gibbons-blower-fp5005-1-5ps\/\">1 x Gibbons Suflant\u0103 FP5005 \u2013 1.5PS<\/a><\/span><\/li>\n<li><strong>Suprafa\u021b\u0103 necesar\u0103<\/strong>: 10,30 x 8,10 m (L x l) (conform DIN EN14960) <span class=\"tooltip\"><em><span style=\"color: #ffffff\">Ce \u00eenseamn\u0103 asta?<\/span><\/em><span class=\"tooltiptext\">Conform standardului DIN, este necesar un spa\u021biu de 1,80 m \u00een jurul castelului \u0219i 3,50 m \u00een fa\u021ba p\u0103r\u021bii deschise. Este o recomandare de siguran\u021b\u0103; implementarea r\u0103m\u00e2ne la latitudinea ta.<\/span><\/span><\/li>\n<\/ul>\n<\/div>\n<div class=\"info-column\">\n<h3>Caracteristici<\/h3>\n<ul>\n<li><strong>Certificat de conformitate<\/strong> EN 14960<\/li>\n<li>Material: PVC (0,55 mm \/ 621,3 g\/mp)<\/li>\n<li>Cus\u0103turi duble p\u00e2n\u0103 la cvadruple<\/li>\n<li>Ignifugat<\/li>\n<li>Suprafa\u021b\u0103 de s\u0103rit cu benzi de protec\u021bie, fermoar acoperit cu velcro, col\u021buri \u00eent\u0103rite<\/li>\n<\/ul>\n<\/div>\n<\/div>\n<div class=\"info-group\">\n<div class=\"info-column\">\n<h3>Sunt incluse<\/h3>\n<ul class=\"check-list\">\n<li>Ghid extins cu instruc\u021biuni de siguran\u021b\u0103, montare \u0219i demontare \u0219i sfaturi pentru \u00eenchiriere<\/li>\n<li>Sac de transport potrivit<\/li>\n<li>Set de repara\u021bii<\/li>\n<\/ul>\n<\/div>\n<div class=\"info-column\">\n<h3>Nu sunt incluse<\/h3>\n<ul class=\"cross-list\">\n<li><a style=\"color: #ffffff\" href=\"https:\/\/dodo-inflatables.com\/ro\/produs\/suflanta-huawei-reh-1-5e-1-5ps\/\">Suflant\u0103<\/a><\/li>\n<li><a style=\"color: #ffffff\" href=\"https:\/\/dodo-inflatables.com\/ro\/produs\/foaie-de-sol-5-x-6-metri\/\">Prelat\u0103 de protec\u021bie<\/a><\/li>\n<li><a style=\"color: #ffffff\" href=\"https:\/\/dodo-inflatables.com\/ro\/produs\/pies-de-sol-pentru-fixarea-gonflabila\/\">Piche\u021bi<\/a><\/li>\n<li><a style=\"color: #ffffff\" href=\"https:\/\/dodo-inflatables.com\/ro\/produs\/covorase-de-protectie-impotriva-caderilor-240-x-120-x-5-cm\/\">Saltele de protec\u021bie la c\u0103dere<\/a><\/li>\n<li>Alte accesorii<\/li>\n<\/ul>\n<\/div>\n<\/div>\n<\/div>\n<\/div>\n<h3>Informa\u021bii importante despre utilizare<\/h3>\n<p>Castel Gonflabil Tobogan Acvatic Circ este un modul profesional fabricat \u0219i testat conform standardelor stricte DIN EN 14960, ceea ce \u00eenseamn\u0103 c\u0103 este sigur \u0219i de \u00eencredere. Prin urmare, este ideal pentru \u00eenchiriere \u00een scopuri profesionale. Te rug\u0103m s\u0103 te asiguri c\u0103 este utilizat doar de copii \u2013 adul\u021bii nu au voie!<\/p>\n<p>Re\u021bine c\u0103 suflanta (neinclus\u0103) trebuie s\u0103 func\u021bioneze continuu \u00een timpul utiliz\u0103rii \u0219i c\u0103 este normal s\u0103 existe o mic\u0103 pierdere de aer prin orificii \u2013 acest lucru previne spargerea castelului gonflabil.<\/p>\n<p>Comand\u0103 acum Castel Gonflabil Tobogan Acvatic Circ \u0219i bucur\u0103-te de momente de distrac\u021bie \u0219i aventur\u0103 de neuitat!<\/p>\n<p><em><\/em><\/p>\n<div class=\"green-box\">\n<img decoding=\"async\" src=\"https:\/\/dodo-inflatables.com\/wp-content\/uploads\/2025\/04\/RO-1.png\" alt=\"Ghid\" \/><\/p>\n<div class=\"text-container\">\n<h3>Dup\u0103 achizi\u021bie, vei primi un ghid de 23 de pagini care include urm\u0103toarele:<\/h3>\n<ul>\n<li>Instruc\u021biuni de siguran\u021b\u0103 pentru montare, demontare \u0219i utilizare<\/li>\n<li>Certificat EN 14960 \u0219i num\u0103r de serie individual<\/li>\n<li>Instruc\u021biuni detaliate pentru montare \u0219i demontare<\/li>\n<li>Instruc\u021biuni pentru inspec\u021bie \u0219i \u00eentre\u021binere<\/li>\n<li>Recomand\u0103ri pentru utilizarea \u00een scop de \u00eenchiriere<\/li>\n<\/ul>\n<\/div>\n<\/div>\n","protected":false},"excerpt":{"rendered":"<h4>[gzd_product_delivery_time]<\/h4>\n<div class=\"delivery-info\">\n<p>Dac\u0103 comanda \u0219i plata sunt primite <b>p\u00e2n\u0103 la ora 11:00<\/b>, \u00a0<br \/>\nprodusul va fi expediat \u00een aceea\u0219i zi!<\/p>\n<p><i class=\"fas fa-shipping-fast\"><\/i> &nbsp;&nbsp;Timp de livrare: aprox. 2 \u2013 6 zile lucr\u0103toare (Livrare din Germania) \u00a0<br \/>\n<i class=\"fas fa-expand-arrows-alt\"><\/i> &nbsp;&nbsp;&nbsp;Dimensiuni: 5,00 m x 4,50 m x 4,20 m * (L \u00d7 l \u00d7 \u00ce) \u00a0<br \/>\n<i class=\"fas fa-users\"><\/i> &nbsp;&nbsp;Potrivit pentru aprox. 8 copii (\u00een func\u021bie de v\u00e2rst\u0103 \u0219i m\u0103rime) \u00a0<br \/>\n<i class=\"fas fa-award\"><\/i> &nbsp;&nbsp;&nbsp;Certificat conform DIN EN 14960 \u00a0<br \/>\n<i class=\"fas fa-book\"><\/i> &nbsp;&nbsp;&nbsp;Ghid cu certificat \u0219i num\u0103r de serie<\/p>\n<\/div>\n","protected":false},"featured_media":51643,"comment_status":"open","ping_status":"closed","template":"","meta":{"_acf_changed":false,"_uag_custom_page_level_css":"","site-sidebar-layout":"default","site-content-layout":"boxed-container","ast-site-content-layout":"normal-width-container","site-content-style":"boxed","site-sidebar-style":"boxed","ast-global-header-display":"","ast-banner-title-visibility":"","ast-main-header-display":"","ast-hfb-above-header-display":"","ast-hfb-below-header-display":"","ast-hfb-mobile-header-display":"","site-post-title":"disabled","ast-breadcrumbs-content":"","ast-featured-img":"","footer-sml-layout":"","ast-disable-related-posts":"","theme-transparent-header-meta":"default","adv-header-id-meta":"","stick-header-meta":"default","header-above-stick-meta":"","header-main-stick-meta":"","header-below-stick-meta":"","astra-migrate-meta-layouts":"set","ast-page-background-enabled":"default","ast-page-background-meta":{"desktop":{"background-color":"var(--ast-global-color-4)","background-image":"","background-repeat":"repeat","background-position":"center center","background-size":"auto","background-attachment":"scroll","background-type":"","background-media":"","overlay-type":"","overlay-color":"","overlay-opacity":"","overlay-gradient":""},"tablet":{"background-color":"","background-image":"","background-repeat":"repeat","background-position":"center center","background-size":"auto","background-attachment":"scroll","background-type":"","background-media":"","overlay-type":"","overlay-color":"","overlay-opacity":"","overlay-gradient":""},"mobile":{"background-color":"","background-image":"","background-repeat":"repeat","background-position":"center center","background-size":"auto","background-attachment":"scroll","background-type":"","background-media":"","overlay-type":"","overlay-color":"","overlay-opacity":"","overlay-gradient":""}},"ast-content-background-meta":{"desktop":{"background-color":"var(--ast-global-color-5)","background-image":"","background-repeat":"repeat","background-position":"center center","background-size":"auto","background-attachment":"scroll","background-type":"","background-media":"","overlay-type":"","overlay-color":"","overlay-opacity":"","overlay-gradient":""},"tablet":{"background-color":"var(--ast-global-color-5)","background-image":"","background-repeat":"repeat","background-position":"center center","background-size":"auto","background-attachment":"scroll","background-type":"","background-media":"","overlay-type":"","overlay-color":"","overlay-opacity":"","overlay-gradient":""},"mobile":{"background-color":"var(--ast-global-color-5)","background-image":"","background-repeat":"repeat","background-position":"center center","background-size":"auto","background-attachment":"scroll","background-type":"","background-media":"","overlay-type":"","overlay-color":"","overlay-opacity":"","overlay-gradient":""}}},"product_brand":[],"product_cat":[1197,1157],"product_tag":[1388],"class_list":{"0":"post-13846","1":"product","2":"type-product","3":"status-publish","4":"has-post-thumbnail","6":"product_cat-schimbare","7":"product_cat-castele-bouncy","8":"product_tag-tobogan-de-apa","9":"product_shipping_class-spedition-hupfburg-ro","10":"pa_gtin-0664965405838-ro","11":"pa_height-410-m-450-m-ro-2","12":"pa_height-of-the-slide-110-m-150-m-ro","13":"pa_length-460-m-500-m-ro","14":"pa_width-410-m-450-m-ro-2","15":"desktop-align-center","16":"tablet-align-center","17":"mobile-align-center","18":"ast-product-gallery-layout-horizontal","19":"ast-product-tabs-layout-horizontal","21":"first","22":"onbackorder","23":"taxable","24":"shipping-taxable","25":"purchasable","26":"product-type-simple"},"acf":[],"yoast_head":"<!-- This site is optimized with the Yoast SEO plugin v27.3 - https:\/\/yoast.com\/product\/yoast-seo-wordpress\/ -->\n<title>Cump\u0103r\u0103 Castel Gonflabil Tobogan Acvatic Circ<\/title>\n<meta name=\"description\" content=\"Cump\u0103r\u0103 Castel Gonflabil Tobogan Acvatic Circ pentru uz privat \u0219i comercial \u00een Rom\u00e2nia. Certificat T\u00dcV, conform EN 14960, disponibil imediat.\" \/>\n<meta name=\"robots\" content=\"index, follow, max-snippet:-1, max-image-preview:large, max-video-preview:-1\" \/>\n<link rel=\"canonical\" href=\"https:\/\/dodo-inflatables.com\/ro\/produs\/bouncy-castle-waterslide-circus\/\" \/>\n<meta name=\"twitter:label1\" content=\"Timp estimat pentru citire\" \/>\n\t<meta name=\"twitter:data1\" content=\"3 minute\" \/>\n<script type=\"application\/ld+json\" class=\"yoast-schema-graph\">{\"@context\":\"https:\\\/\\\/schema.org\",\"@graph\":[{\"@type\":\"WebPage\",\"@id\":\"https:\\\/\\\/dodo-inflatables.com\\\/ro\\\/produs\\\/bouncy-castle-waterslide-circus\\\/\",\"url\":\"https:\\\/\\\/dodo-inflatables.com\\\/ro\\\/produs\\\/bouncy-castle-waterslide-circus\\\/\",\"name\":\"Cump\u0103r\u0103 Castel Gonflabil Tobogan Acvatic Circ\",\"isPartOf\":{\"@id\":\"https:\\\/\\\/dodo-inflatables.com\\\/ro\\\/#website\"},\"primaryImageOfPage\":{\"@id\":\"https:\\\/\\\/dodo-inflatables.com\\\/ro\\\/produs\\\/bouncy-castle-waterslide-circus\\\/#primaryimage\"},\"image\":{\"@id\":\"https:\\\/\\\/dodo-inflatables.com\\\/ro\\\/produs\\\/bouncy-castle-waterslide-circus\\\/#primaryimage\"},\"thumbnailUrl\":\"https:\\\/\\\/dodo-inflatables.com\\\/wp-content\\\/uploads\\\/2020\\\/10\\\/Buy-Inflatable-Bouncy-Castle-Water-Slide-Circus-7new.jpg\",\"datePublished\":\"2020-10-28T11:43:33+00:00\",\"dateModified\":\"2025-08-22T14:36:46+00:00\",\"description\":\"Cump\u0103r\u0103 Castel Gonflabil Tobogan Acvatic Circ pentru uz privat \u0219i comercial \u00een Rom\u00e2nia. Certificat T\u00dcV, conform EN 14960, disponibil imediat.\",\"breadcrumb\":{\"@id\":\"https:\\\/\\\/dodo-inflatables.com\\\/ro\\\/produs\\\/bouncy-castle-waterslide-circus\\\/#breadcrumb\"},\"inLanguage\":\"ro-RO\",\"potentialAction\":[{\"@type\":\"ReadAction\",\"target\":[\"https:\\\/\\\/dodo-inflatables.com\\\/ro\\\/produs\\\/bouncy-castle-waterslide-circus\\\/\"]}]},{\"@type\":\"ImageObject\",\"inLanguage\":\"ro-RO\",\"@id\":\"https:\\\/\\\/dodo-inflatables.com\\\/ro\\\/produs\\\/bouncy-castle-waterslide-circus\\\/#primaryimage\",\"url\":\"https:\\\/\\\/dodo-inflatables.com\\\/wp-content\\\/uploads\\\/2020\\\/10\\\/Buy-Inflatable-Bouncy-Castle-Water-Slide-Circus-7new.jpg\",\"contentUrl\":\"https:\\\/\\\/dodo-inflatables.com\\\/wp-content\\\/uploads\\\/2020\\\/10\\\/Buy-Inflatable-Bouncy-Castle-Water-Slide-Circus-7new.jpg\",\"width\":500,\"height\":500},{\"@type\":\"BreadcrumbList\",\"@id\":\"https:\\\/\\\/dodo-inflatables.com\\\/ro\\\/produs\\\/bouncy-castle-waterslide-circus\\\/#breadcrumb\",\"itemListElement\":[{\"@type\":\"ListItem\",\"position\":1,\"name\":\"Prima pagin\u0103\",\"item\":\"https:\\\/\\\/dodo-inflatables.com\\\/ro\\\/\"},{\"@type\":\"ListItem\",\"position\":2,\"name\":\"Magazin\",\"item\":\"https:\\\/\\\/dodo-inflatables.com\\\/ro\\\/magazin\\\/\"},{\"@type\":\"ListItem\",\"position\":3,\"name\":\"Castel Gonflabil Tobogan Acvatic Circ\"}]},{\"@type\":\"WebSite\",\"@id\":\"https:\\\/\\\/dodo-inflatables.com\\\/ro\\\/#website\",\"url\":\"https:\\\/\\\/dodo-inflatables.com\\\/ro\\\/\",\"name\":\"dodo-inflatables.com\",\"description\":\"Cump\u0103ra\u021bi castele gonflabile \u0219i atrac\u021bii din magazinul nostru.\",\"publisher\":{\"@id\":\"https:\\\/\\\/dodo-inflatables.com\\\/ro\\\/#organization\"},\"potentialAction\":[{\"@type\":\"SearchAction\",\"target\":{\"@type\":\"EntryPoint\",\"urlTemplate\":\"https:\\\/\\\/dodo-inflatables.com\\\/ro\\\/?s={search_term_string}\"},\"query-input\":{\"@type\":\"PropertyValueSpecification\",\"valueRequired\":true,\"valueName\":\"search_term_string\"}}],\"inLanguage\":\"ro-RO\"},{\"@type\":\"Organization\",\"@id\":\"https:\\\/\\\/dodo-inflatables.com\\\/ro\\\/#organization\",\"name\":\"dodo-inflatables.com\",\"url\":\"https:\\\/\\\/dodo-inflatables.com\\\/ro\\\/\",\"logo\":{\"@type\":\"ImageObject\",\"inLanguage\":\"ro-RO\",\"@id\":\"https:\\\/\\\/dodo-inflatables.com\\\/ro\\\/#\\\/schema\\\/logo\\\/image\\\/\",\"url\":\"https:\\\/\\\/dodo-inflatables.com\\\/wp-content\\\/uploads\\\/2023\\\/04\\\/cropped-cropped-cropped-Dodo-Logo.png\",\"contentUrl\":\"https:\\\/\\\/dodo-inflatables.com\\\/wp-content\\\/uploads\\\/2023\\\/04\\\/cropped-cropped-cropped-Dodo-Logo.png\",\"width\":2996,\"height\":1545,\"caption\":\"dodo-inflatables.com\"},\"image\":{\"@id\":\"https:\\\/\\\/dodo-inflatables.com\\\/ro\\\/#\\\/schema\\\/logo\\\/image\\\/\"}}]}<\/script>\n<!-- \/ Yoast SEO plugin. -->","yoast_head_json":{"title":"Cump\u0103r\u0103 Castel Gonflabil Tobogan Acvatic Circ","description":"Cump\u0103r\u0103 Castel Gonflabil Tobogan Acvatic Circ pentru uz privat \u0219i comercial \u00een Rom\u00e2nia. Certificat T\u00dcV, conform EN 14960, disponibil imediat.","robots":{"index":"index","follow":"follow","max-snippet":"max-snippet:-1","max-image-preview":"max-image-preview:large","max-video-preview":"max-video-preview:-1"},"canonical":"https:\/\/dodo-inflatables.com\/ro\/produs\/bouncy-castle-waterslide-circus\/","twitter_misc":{"Timp estimat pentru citire":"3 minute"},"schema":{"@context":"https:\/\/schema.org","@graph":[{"@type":"WebPage","@id":"https:\/\/dodo-inflatables.com\/ro\/produs\/bouncy-castle-waterslide-circus\/","url":"https:\/\/dodo-inflatables.com\/ro\/produs\/bouncy-castle-waterslide-circus\/","name":"Cump\u0103r\u0103 Castel Gonflabil Tobogan Acvatic Circ","isPartOf":{"@id":"https:\/\/dodo-inflatables.com\/ro\/#website"},"primaryImageOfPage":{"@id":"https:\/\/dodo-inflatables.com\/ro\/produs\/bouncy-castle-waterslide-circus\/#primaryimage"},"image":{"@id":"https:\/\/dodo-inflatables.com\/ro\/produs\/bouncy-castle-waterslide-circus\/#primaryimage"},"thumbnailUrl":"https:\/\/dodo-inflatables.com\/wp-content\/uploads\/2020\/10\/Buy-Inflatable-Bouncy-Castle-Water-Slide-Circus-7new.jpg","datePublished":"2020-10-28T11:43:33+00:00","dateModified":"2025-08-22T14:36:46+00:00","description":"Cump\u0103r\u0103 Castel Gonflabil Tobogan Acvatic Circ pentru uz privat \u0219i comercial \u00een Rom\u00e2nia. Certificat T\u00dcV, conform EN 14960, disponibil imediat.","breadcrumb":{"@id":"https:\/\/dodo-inflatables.com\/ro\/produs\/bouncy-castle-waterslide-circus\/#breadcrumb"},"inLanguage":"ro-RO","potentialAction":[{"@type":"ReadAction","target":["https:\/\/dodo-inflatables.com\/ro\/produs\/bouncy-castle-waterslide-circus\/"]}]},{"@type":"ImageObject","inLanguage":"ro-RO","@id":"https:\/\/dodo-inflatables.com\/ro\/produs\/bouncy-castle-waterslide-circus\/#primaryimage","url":"https:\/\/dodo-inflatables.com\/wp-content\/uploads\/2020\/10\/Buy-Inflatable-Bouncy-Castle-Water-Slide-Circus-7new.jpg","contentUrl":"https:\/\/dodo-inflatables.com\/wp-content\/uploads\/2020\/10\/Buy-Inflatable-Bouncy-Castle-Water-Slide-Circus-7new.jpg","width":500,"height":500},{"@type":"BreadcrumbList","@id":"https:\/\/dodo-inflatables.com\/ro\/produs\/bouncy-castle-waterslide-circus\/#breadcrumb","itemListElement":[{"@type":"ListItem","position":1,"name":"Prima pagin\u0103","item":"https:\/\/dodo-inflatables.com\/ro\/"},{"@type":"ListItem","position":2,"name":"Magazin","item":"https:\/\/dodo-inflatables.com\/ro\/magazin\/"},{"@type":"ListItem","position":3,"name":"Castel Gonflabil Tobogan Acvatic Circ"}]},{"@type":"WebSite","@id":"https:\/\/dodo-inflatables.com\/ro\/#website","url":"https:\/\/dodo-inflatables.com\/ro\/","name":"dodo-inflatables.com","description":"Cump\u0103ra\u021bi castele gonflabile \u0219i atrac\u021bii din magazinul nostru.","publisher":{"@id":"https:\/\/dodo-inflatables.com\/ro\/#organization"},"potentialAction":[{"@type":"SearchAction","target":{"@type":"EntryPoint","urlTemplate":"https:\/\/dodo-inflatables.com\/ro\/?s={search_term_string}"},"query-input":{"@type":"PropertyValueSpecification","valueRequired":true,"valueName":"search_term_string"}}],"inLanguage":"ro-RO"},{"@type":"Organization","@id":"https:\/\/dodo-inflatables.com\/ro\/#organization","name":"dodo-inflatables.com","url":"https:\/\/dodo-inflatables.com\/ro\/","logo":{"@type":"ImageObject","inLanguage":"ro-RO","@id":"https:\/\/dodo-inflatables.com\/ro\/#\/schema\/logo\/image\/","url":"https:\/\/dodo-inflatables.com\/wp-content\/uploads\/2023\/04\/cropped-cropped-cropped-Dodo-Logo.png","contentUrl":"https:\/\/dodo-inflatables.com\/wp-content\/uploads\/2023\/04\/cropped-cropped-cropped-Dodo-Logo.png","width":2996,"height":1545,"caption":"dodo-inflatables.com"},"image":{"@id":"https:\/\/dodo-inflatables.com\/ro\/#\/schema\/logo\/image\/"}}]}},"uagb_featured_image_src":{"full":["https:\/\/dodo-inflatables.com\/wp-content\/uploads\/2020\/10\/Buy-Inflatable-Bouncy-Castle-Water-Slide-Circus-7new.jpg",500,500,false],"thumbnail":["https:\/\/dodo-inflatables.com\/wp-content\/uploads\/2020\/10\/Buy-Inflatable-Bouncy-Castle-Water-Slide-Circus-7new-150x150.jpg",150,150,true],"medium":["https:\/\/dodo-inflatables.com\/wp-content\/uploads\/2020\/10\/Buy-Inflatable-Bouncy-Castle-Water-Slide-Circus-7new-300x300.jpg",300,300,true],"medium_large":["https:\/\/dodo-inflatables.com\/wp-content\/uploads\/2020\/10\/Buy-Inflatable-Bouncy-Castle-Water-Slide-Circus-7new.jpg",500,500,false],"large":["https:\/\/dodo-inflatables.com\/wp-content\/uploads\/2020\/10\/Buy-Inflatable-Bouncy-Castle-Water-Slide-Circus-7new.jpg",500,500,false],"1536x1536":["https:\/\/dodo-inflatables.com\/wp-content\/uploads\/2020\/10\/Buy-Inflatable-Bouncy-Castle-Water-Slide-Circus-7new.jpg",500,500,false],"2048x2048":["https:\/\/dodo-inflatables.com\/wp-content\/uploads\/2020\/10\/Buy-Inflatable-Bouncy-Castle-Water-Slide-Circus-7new.jpg",500,500,false],"woocommerce_thumbnail":["https:\/\/dodo-inflatables.com\/wp-content\/uploads\/2020\/10\/Buy-Inflatable-Bouncy-Castle-Water-Slide-Circus-7new.jpg",500,500,false],"woocommerce_single":["https:\/\/dodo-inflatables.com\/wp-content\/uploads\/2020\/10\/Buy-Inflatable-Bouncy-Castle-Water-Slide-Circus-7new.jpg",500,500,false],"woocommerce_gallery_thumbnail":["https:\/\/dodo-inflatables.com\/wp-content\/uploads\/2020\/10\/Buy-Inflatable-Bouncy-Castle-Water-Slide-Circus-7new-100x100.jpg",100,100,true]},"uagb_author_info":{"display_name":"Andreas","author_link":"https:\/\/dodo-inflatables.com\/ro\/author\/"},"uagb_comment_info":0,"uagb_excerpt":"[gzd_product_delivery_time] Dac\u0103 comanda \u0219i plata sunt primite p\u00e2n\u0103 la ora 11:00, \u00a0 produsul va fi expediat \u00een aceea\u0219i zi! &nbsp;&nbsp;Timp de livrare: aprox. 2 \u2013 6 zile lucr\u0103toare (Livrare din Germania) \u00a0 &nbsp;&nbsp;&nbsp;Dimensiuni: 5,00 m x 4,50 m x 4,20 m * (L \u00d7 l \u00d7 \u00ce) \u00a0 &nbsp;&nbsp;Potrivit pentru aprox. 8 copii (\u00een func\u021bie&hellip;","_links":{"self":[{"href":"https:\/\/dodo-inflatables.com\/ro\/wp-json\/wp\/v2\/product\/13846","targetHints":{"allow":["GET"]}}],"collection":[{"href":"https:\/\/dodo-inflatables.com\/ro\/wp-json\/wp\/v2\/product"}],"about":[{"href":"https:\/\/dodo-inflatables.com\/ro\/wp-json\/wp\/v2\/types\/product"}],"replies":[{"embeddable":true,"href":"https:\/\/dodo-inflatables.com\/ro\/wp-json\/wp\/v2\/comments?post=13846"}],"wp:featuredmedia":[{"embeddable":true,"href":"https:\/\/dodo-inflatables.com\/ro\/wp-json\/wp\/v2\/media\/51643"}],"wp:attachment":[{"href":"https:\/\/dodo-inflatables.com\/ro\/wp-json\/wp\/v2\/media?parent=13846"}],"wp:term":[{"taxonomy":"product_brand","embeddable":true,"href":"https:\/\/dodo-inflatables.com\/ro\/wp-json\/wp\/v2\/product_brand?post=13846"},{"taxonomy":"product_cat","embeddable":true,"href":"https:\/\/dodo-inflatables.com\/ro\/wp-json\/wp\/v2\/product_cat?post=13846"},{"taxonomy":"product_tag","embeddable":true,"href":"https:\/\/dodo-inflatables.com\/ro\/wp-json\/wp\/v2\/product_tag?post=13846"}],"curies":[{"name":"wp","href":"https:\/\/api.w.org\/{rel}","templated":true}]}}