{"id":14136,"date":"2019-03-28T14:34:40","date_gmt":"2019-03-28T13:34:40","guid":{"rendered":"https:\/\/dodo-inflatables.com\/product\/castelul-bouncy-cleaner\/"},"modified":"2024-06-01T18:32:06","modified_gmt":"2024-06-01T16:32:06","slug":"castelul-bouncy-cleaner","status":"publish","type":"product","link":"https:\/\/dodo-inflatables.com\/ro\/produs\/castelul-bouncy-cleaner\/","title":{"rendered":"Castelul Bouncy Cleaner"},"content":{"rendered":"<p><strong>Bouncy Castle Cleaner &#8211; Pentru o cur\u0103\u021benie str\u0103lucitoare \u0219i distrac\u021bie de lung\u0103 durat\u0103!<\/strong><\/p>\n<p>Solu\u021bia noastr\u0103 de cur\u0103\u021bare pentru castele gonflabile a fost special formulat\u0103 pentru a v\u0103 men\u021bine castelele gonflabile \u0219i echipamentele de joac\u0103 gonflabile \u00een condi\u021bii optime. Cu formula sa puternic\u0103, \u00eendep\u0103rteaz\u0103 f\u0103r\u0103 efort murd\u0103ria, petele \u0219i depunerile care se pot acumula \u00een timp.<\/p>\n<p>Caracteristici:<\/p>\n<p><strong>Cur\u0103\u021bare eficient\u0103:<\/strong> \u00cendep\u0103rteaz\u0103 murd\u0103ria \u0219i petele, l\u0103s\u00e2nd castelul gonflabil s\u0103 arate proasp\u0103t \u0219i curat.<br \/>\nU\u0219or cu materialele: Formula delicat\u0103 protejeaz\u0103 materialele castelului dumneavoastr\u0103 gonflabil f\u0103r\u0103 a le deteriora.<br \/>\n<strong>Uscare rapid\u0103:<\/strong> Nu las\u0103 reziduuri \u0219i asigur\u0103 o uscare rapid\u0103, permi\u021b\u00e2nd castelului gonflabil s\u0103 se \u00eentoarc\u0103 prompt la ac\u021biune.<br \/>\n<strong>Prospe\u021bime de lung\u0103 durat\u0103<\/strong>: Confer\u0103 castelului dvs. gonflabil un miros pl\u0103cut \u0219i protejeaz\u0103 \u00eempotriva mirosurilor nepl\u0103cute.<\/p>\n<p>Spray-ul nostru de cur\u0103\u021bare este u\u0219or de aplicat \u0219i v\u0103 las\u0103 castelul gonflabil \u00eentr-o cur\u0103\u021benie radiant\u0103. P\u0103stra\u021bi vie bucuria de a s\u0103ri &#8211; cu solu\u021bia noastr\u0103 de cur\u0103\u021bare a castelului gonflabil!<\/p>\n","protected":false},"excerpt":{"rendered":"<ul>\n<li>Special Bouncy Castle Cleaner<\/li>\n<li>Sticl\u0103 de 1 litru<\/li>\n<\/ul>\n","protected":false},"featured_media":55329,"comment_status":"open","ping_status":"closed","template":"","meta":{"_acf_changed":false,"_uag_custom_page_level_css":"","site-sidebar-layout":"default","site-content-layout":"boxed-container","ast-site-content-layout":"normal-width-container","site-content-style":"boxed","site-sidebar-style":"boxed","ast-global-header-display":"","ast-banner-title-visibility":"","ast-main-header-display":"","ast-hfb-above-header-display":"","ast-hfb-below-header-display":"","ast-hfb-mobile-header-display":"","site-post-title":"disabled","ast-breadcrumbs-content":"","ast-featured-img":"","footer-sml-layout":"","ast-disable-related-posts":"","theme-transparent-header-meta":"default","adv-header-id-meta":"","stick-header-meta":"default","header-above-stick-meta":"","header-main-stick-meta":"","header-below-stick-meta":"","astra-migrate-meta-layouts":"default","ast-page-background-enabled":"default","ast-page-background-meta":{"desktop":{"background-color":"var(--ast-global-color-4)","background-image":"","background-repeat":"repeat","background-position":"center center","background-size":"auto","background-attachment":"scroll","background-type":"","background-media":"","overlay-type":"","overlay-color":"","overlay-opacity":"","overlay-gradient":""},"tablet":{"background-color":"","background-image":"","background-repeat":"repeat","background-position":"center center","background-size":"auto","background-attachment":"scroll","background-type":"","background-media":"","overlay-type":"","overlay-color":"","overlay-opacity":"","overlay-gradient":""},"mobile":{"background-color":"","background-image":"","background-repeat":"repeat","background-position":"center center","background-size":"auto","background-attachment":"scroll","background-type":"","background-media":"","overlay-type":"","overlay-color":"","overlay-opacity":"","overlay-gradient":""}},"ast-content-background-meta":{"desktop":{"background-color":"var(--ast-global-color-5)","background-image":"","background-repeat":"repeat","background-position":"center center","background-size":"auto","background-attachment":"scroll","background-type":"","background-media":"","overlay-type":"","overlay-color":"","overlay-opacity":"","overlay-gradient":""},"tablet":{"background-color":"var(--ast-global-color-5)","background-image":"","background-repeat":"repeat","background-position":"center center","background-size":"auto","background-attachment":"scroll","background-type":"","background-media":"","overlay-type":"","overlay-color":"","overlay-opacity":"","overlay-gradient":""},"mobile":{"background-color":"var(--ast-global-color-5)","background-image":"","background-repeat":"repeat","background-position":"center center","background-size":"auto","background-attachment":"scroll","background-type":"","background-media":"","overlay-type":"","overlay-color":"","overlay-opacity":"","overlay-gradient":""}}},"product_brand":[],"product_cat":[1146],"product_tag":[],"class_list":{"0":"post-14136","1":"product","2":"type-product","3":"status-publish","4":"has-post-thumbnail","6":"product_cat-accesorii","7":"product_shipping_class-zubehor-ro","8":"desktop-align-center","9":"tablet-align-center","10":"mobile-align-center","11":"ast-product-gallery-layout-horizontal","12":"ast-product-gallery-with-no-image","13":"ast-product-tabs-layout-horizontal","15":"first","16":"instock","17":"taxable","18":"shipping-taxable","19":"purchasable","20":"product-type-simple"},"acf":[],"yoast_head":"<!-- This site is optimized with the Yoast SEO plugin v27.4 - https:\/\/yoast.com\/product\/yoast-seo-wordpress\/ -->\n<title>Bouncy Castle Cleaner - Pentru o cur\u0103\u021benie str\u0103lucitoare \u0219i distrac\u021bie de lung\u0103 durat\u0103!<\/title>\n<meta name=\"description\" content=\"Cump\u0103ra\u021bi cur\u0103\u021b\u0103tor PVC pentru cur\u0103\u021barea gonflabilelor la Dodo-Inflatables.com | Selec\u021bie mare \u00een stoc | Certificat conform EN14960 | Livrare rapid\u0103!\" \/>\n<meta name=\"robots\" content=\"index, follow, max-snippet:-1, max-image-preview:large, max-video-preview:-1\" \/>\n<link rel=\"canonical\" href=\"https:\/\/dodo-inflatables.com\/ro\/produs\/castelul-bouncy-cleaner\/\" \/>\n<meta name=\"twitter:label1\" content=\"Timp estimat pentru citire\" \/>\n\t<meta name=\"twitter:data1\" content=\"1 minut\" \/>\n<script type=\"application\/ld+json\" class=\"yoast-schema-graph\">{\"@context\":\"https:\\\/\\\/schema.org\",\"@graph\":[{\"@type\":\"WebPage\",\"@id\":\"https:\\\/\\\/dodo-inflatables.com\\\/ro\\\/produs\\\/castelul-bouncy-cleaner\\\/\",\"url\":\"https:\\\/\\\/dodo-inflatables.com\\\/ro\\\/produs\\\/castelul-bouncy-cleaner\\\/\",\"name\":\"Bouncy Castle Cleaner - Pentru o cur\u0103\u021benie str\u0103lucitoare \u0219i distrac\u021bie de lung\u0103 durat\u0103!\",\"isPartOf\":{\"@id\":\"https:\\\/\\\/dodo-inflatables.com\\\/ro\\\/#website\"},\"primaryImageOfPage\":{\"@id\":\"https:\\\/\\\/dodo-inflatables.com\\\/ro\\\/produs\\\/castelul-bouncy-cleaner\\\/#primaryimage\"},\"image\":{\"@id\":\"https:\\\/\\\/dodo-inflatables.com\\\/ro\\\/produs\\\/castelul-bouncy-cleaner\\\/#primaryimage\"},\"thumbnailUrl\":\"https:\\\/\\\/dodo-inflatables.com\\\/wp-content\\\/uploads\\\/2019\\\/03\\\/Bouncy-Castle-Cleaner.jpg\",\"datePublished\":\"2019-03-28T13:34:40+00:00\",\"dateModified\":\"2024-06-01T16:32:06+00:00\",\"description\":\"Cump\u0103ra\u021bi cur\u0103\u021b\u0103tor PVC pentru cur\u0103\u021barea gonflabilelor la Dodo-Inflatables.com | Selec\u021bie mare \u00een stoc | Certificat conform EN14960 | Livrare rapid\u0103!\",\"breadcrumb\":{\"@id\":\"https:\\\/\\\/dodo-inflatables.com\\\/ro\\\/produs\\\/castelul-bouncy-cleaner\\\/#breadcrumb\"},\"inLanguage\":\"ro-RO\",\"potentialAction\":[{\"@type\":\"ReadAction\",\"target\":[\"https:\\\/\\\/dodo-inflatables.com\\\/ro\\\/produs\\\/castelul-bouncy-cleaner\\\/\"]}]},{\"@type\":\"ImageObject\",\"inLanguage\":\"ro-RO\",\"@id\":\"https:\\\/\\\/dodo-inflatables.com\\\/ro\\\/produs\\\/castelul-bouncy-cleaner\\\/#primaryimage\",\"url\":\"https:\\\/\\\/dodo-inflatables.com\\\/wp-content\\\/uploads\\\/2019\\\/03\\\/Bouncy-Castle-Cleaner.jpg\",\"contentUrl\":\"https:\\\/\\\/dodo-inflatables.com\\\/wp-content\\\/uploads\\\/2019\\\/03\\\/Bouncy-Castle-Cleaner.jpg\",\"width\":500,\"height\":500},{\"@type\":\"BreadcrumbList\",\"@id\":\"https:\\\/\\\/dodo-inflatables.com\\\/ro\\\/produs\\\/castelul-bouncy-cleaner\\\/#breadcrumb\",\"itemListElement\":[{\"@type\":\"ListItem\",\"position\":1,\"name\":\"Prima pagin\u0103\",\"item\":\"https:\\\/\\\/dodo-inflatables.com\\\/ro\\\/\"},{\"@type\":\"ListItem\",\"position\":2,\"name\":\"Magazin\",\"item\":\"https:\\\/\\\/dodo-inflatables.com\\\/ro\\\/magazin\\\/\"},{\"@type\":\"ListItem\",\"position\":3,\"name\":\"Castelul Bouncy Cleaner\"}]},{\"@type\":\"WebSite\",\"@id\":\"https:\\\/\\\/dodo-inflatables.com\\\/ro\\\/#website\",\"url\":\"https:\\\/\\\/dodo-inflatables.com\\\/ro\\\/\",\"name\":\"dodo-inflatables.com\",\"description\":\"Cump\u0103ra\u021bi castele gonflabile \u0219i atrac\u021bii din magazinul nostru.\",\"publisher\":{\"@id\":\"https:\\\/\\\/dodo-inflatables.com\\\/ro\\\/#organization\"},\"potentialAction\":[{\"@type\":\"SearchAction\",\"target\":{\"@type\":\"EntryPoint\",\"urlTemplate\":\"https:\\\/\\\/dodo-inflatables.com\\\/ro\\\/?s={search_term_string}\"},\"query-input\":{\"@type\":\"PropertyValueSpecification\",\"valueRequired\":true,\"valueName\":\"search_term_string\"}}],\"inLanguage\":\"ro-RO\"},{\"@type\":\"Organization\",\"@id\":\"https:\\\/\\\/dodo-inflatables.com\\\/ro\\\/#organization\",\"name\":\"dodo-inflatables.com\",\"url\":\"https:\\\/\\\/dodo-inflatables.com\\\/ro\\\/\",\"logo\":{\"@type\":\"ImageObject\",\"inLanguage\":\"ro-RO\",\"@id\":\"https:\\\/\\\/dodo-inflatables.com\\\/ro\\\/#\\\/schema\\\/logo\\\/image\\\/\",\"url\":\"https:\\\/\\\/dodo-inflatables.com\\\/wp-content\\\/uploads\\\/2023\\\/04\\\/cropped-cropped-cropped-Dodo-Logo.png\",\"contentUrl\":\"https:\\\/\\\/dodo-inflatables.com\\\/wp-content\\\/uploads\\\/2023\\\/04\\\/cropped-cropped-cropped-Dodo-Logo.png\",\"width\":2996,\"height\":1545,\"caption\":\"dodo-inflatables.com\"},\"image\":{\"@id\":\"https:\\\/\\\/dodo-inflatables.com\\\/ro\\\/#\\\/schema\\\/logo\\\/image\\\/\"}}]}<\/script>\n<!-- \/ Yoast SEO plugin. -->","yoast_head_json":{"title":"Bouncy Castle Cleaner - Pentru o cur\u0103\u021benie str\u0103lucitoare \u0219i distrac\u021bie de lung\u0103 durat\u0103!","description":"Cump\u0103ra\u021bi cur\u0103\u021b\u0103tor PVC pentru cur\u0103\u021barea gonflabilelor la Dodo-Inflatables.com | Selec\u021bie mare \u00een stoc | Certificat conform EN14960 | Livrare rapid\u0103!","robots":{"index":"index","follow":"follow","max-snippet":"max-snippet:-1","max-image-preview":"max-image-preview:large","max-video-preview":"max-video-preview:-1"},"canonical":"https:\/\/dodo-inflatables.com\/ro\/produs\/castelul-bouncy-cleaner\/","twitter_misc":{"Timp estimat pentru citire":"1 minut"},"schema":{"@context":"https:\/\/schema.org","@graph":[{"@type":"WebPage","@id":"https:\/\/dodo-inflatables.com\/ro\/produs\/castelul-bouncy-cleaner\/","url":"https:\/\/dodo-inflatables.com\/ro\/produs\/castelul-bouncy-cleaner\/","name":"Bouncy Castle Cleaner - Pentru o cur\u0103\u021benie str\u0103lucitoare \u0219i distrac\u021bie de lung\u0103 durat\u0103!","isPartOf":{"@id":"https:\/\/dodo-inflatables.com\/ro\/#website"},"primaryImageOfPage":{"@id":"https:\/\/dodo-inflatables.com\/ro\/produs\/castelul-bouncy-cleaner\/#primaryimage"},"image":{"@id":"https:\/\/dodo-inflatables.com\/ro\/produs\/castelul-bouncy-cleaner\/#primaryimage"},"thumbnailUrl":"https:\/\/dodo-inflatables.com\/wp-content\/uploads\/2019\/03\/Bouncy-Castle-Cleaner.jpg","datePublished":"2019-03-28T13:34:40+00:00","dateModified":"2024-06-01T16:32:06+00:00","description":"Cump\u0103ra\u021bi cur\u0103\u021b\u0103tor PVC pentru cur\u0103\u021barea gonflabilelor la Dodo-Inflatables.com | Selec\u021bie mare \u00een stoc | Certificat conform EN14960 | Livrare rapid\u0103!","breadcrumb":{"@id":"https:\/\/dodo-inflatables.com\/ro\/produs\/castelul-bouncy-cleaner\/#breadcrumb"},"inLanguage":"ro-RO","potentialAction":[{"@type":"ReadAction","target":["https:\/\/dodo-inflatables.com\/ro\/produs\/castelul-bouncy-cleaner\/"]}]},{"@type":"ImageObject","inLanguage":"ro-RO","@id":"https:\/\/dodo-inflatables.com\/ro\/produs\/castelul-bouncy-cleaner\/#primaryimage","url":"https:\/\/dodo-inflatables.com\/wp-content\/uploads\/2019\/03\/Bouncy-Castle-Cleaner.jpg","contentUrl":"https:\/\/dodo-inflatables.com\/wp-content\/uploads\/2019\/03\/Bouncy-Castle-Cleaner.jpg","width":500,"height":500},{"@type":"BreadcrumbList","@id":"https:\/\/dodo-inflatables.com\/ro\/produs\/castelul-bouncy-cleaner\/#breadcrumb","itemListElement":[{"@type":"ListItem","position":1,"name":"Prima pagin\u0103","item":"https:\/\/dodo-inflatables.com\/ro\/"},{"@type":"ListItem","position":2,"name":"Magazin","item":"https:\/\/dodo-inflatables.com\/ro\/magazin\/"},{"@type":"ListItem","position":3,"name":"Castelul Bouncy Cleaner"}]},{"@type":"WebSite","@id":"https:\/\/dodo-inflatables.com\/ro\/#website","url":"https:\/\/dodo-inflatables.com\/ro\/","name":"dodo-inflatables.com","description":"Cump\u0103ra\u021bi castele gonflabile \u0219i atrac\u021bii din magazinul nostru.","publisher":{"@id":"https:\/\/dodo-inflatables.com\/ro\/#organization"},"potentialAction":[{"@type":"SearchAction","target":{"@type":"EntryPoint","urlTemplate":"https:\/\/dodo-inflatables.com\/ro\/?s={search_term_string}"},"query-input":{"@type":"PropertyValueSpecification","valueRequired":true,"valueName":"search_term_string"}}],"inLanguage":"ro-RO"},{"@type":"Organization","@id":"https:\/\/dodo-inflatables.com\/ro\/#organization","name":"dodo-inflatables.com","url":"https:\/\/dodo-inflatables.com\/ro\/","logo":{"@type":"ImageObject","inLanguage":"ro-RO","@id":"https:\/\/dodo-inflatables.com\/ro\/#\/schema\/logo\/image\/","url":"https:\/\/dodo-inflatables.com\/wp-content\/uploads\/2023\/04\/cropped-cropped-cropped-Dodo-Logo.png","contentUrl":"https:\/\/dodo-inflatables.com\/wp-content\/uploads\/2023\/04\/cropped-cropped-cropped-Dodo-Logo.png","width":2996,"height":1545,"caption":"dodo-inflatables.com"},"image":{"@id":"https:\/\/dodo-inflatables.com\/ro\/#\/schema\/logo\/image\/"}}]}},"uagb_featured_image_src":{"full":["https:\/\/dodo-inflatables.com\/wp-content\/uploads\/2019\/03\/Bouncy-Castle-Cleaner.jpg",500,500,false],"thumbnail":["https:\/\/dodo-inflatables.com\/wp-content\/uploads\/2019\/03\/Bouncy-Castle-Cleaner-150x150.jpg",150,150,true],"medium":["https:\/\/dodo-inflatables.com\/wp-content\/uploads\/2019\/03\/Bouncy-Castle-Cleaner-300x300.jpg",300,300,true],"medium_large":["https:\/\/dodo-inflatables.com\/wp-content\/uploads\/2019\/03\/Bouncy-Castle-Cleaner.jpg",500,500,false],"large":["https:\/\/dodo-inflatables.com\/wp-content\/uploads\/2019\/03\/Bouncy-Castle-Cleaner.jpg",500,500,false],"1536x1536":["https:\/\/dodo-inflatables.com\/wp-content\/uploads\/2019\/03\/Bouncy-Castle-Cleaner.jpg",500,500,false],"2048x2048":["https:\/\/dodo-inflatables.com\/wp-content\/uploads\/2019\/03\/Bouncy-Castle-Cleaner.jpg",500,500,false],"woocommerce_thumbnail":["https:\/\/dodo-inflatables.com\/wp-content\/uploads\/2019\/03\/Bouncy-Castle-Cleaner.jpg",500,500,false],"woocommerce_single":["https:\/\/dodo-inflatables.com\/wp-content\/uploads\/2019\/03\/Bouncy-Castle-Cleaner.jpg",500,500,false],"woocommerce_gallery_thumbnail":["https:\/\/dodo-inflatables.com\/wp-content\/uploads\/2019\/03\/Bouncy-Castle-Cleaner-100x100.jpg",100,100,true]},"uagb_author_info":{"display_name":"Andreas","author_link":"https:\/\/dodo-inflatables.com\/ro\/author\/"},"uagb_comment_info":0,"uagb_excerpt":"Special Bouncy Castle Cleaner Sticl\u0103 de 1 litru","_links":{"self":[{"href":"https:\/\/dodo-inflatables.com\/ro\/wp-json\/wp\/v2\/product\/14136","targetHints":{"allow":["GET"]}}],"collection":[{"href":"https:\/\/dodo-inflatables.com\/ro\/wp-json\/wp\/v2\/product"}],"about":[{"href":"https:\/\/dodo-inflatables.com\/ro\/wp-json\/wp\/v2\/types\/product"}],"replies":[{"embeddable":true,"href":"https:\/\/dodo-inflatables.com\/ro\/wp-json\/wp\/v2\/comments?post=14136"}],"wp:featuredmedia":[{"embeddable":true,"href":"https:\/\/dodo-inflatables.com\/ro\/wp-json\/wp\/v2\/media\/55329"}],"wp:attachment":[{"href":"https:\/\/dodo-inflatables.com\/ro\/wp-json\/wp\/v2\/media?parent=14136"}],"wp:term":[{"taxonomy":"product_brand","embeddable":true,"href":"https:\/\/dodo-inflatables.com\/ro\/wp-json\/wp\/v2\/product_brand?post=14136"},{"taxonomy":"product_cat","embeddable":true,"href":"https:\/\/dodo-inflatables.com\/ro\/wp-json\/wp\/v2\/product_cat?post=14136"},{"taxonomy":"product_tag","embeddable":true,"href":"https:\/\/dodo-inflatables.com\/ro\/wp-json\/wp\/v2\/product_tag?post=14136"}],"curies":[{"name":"wp","href":"https:\/\/api.w.org\/{rel}","templated":true}]}}