{"id":15410,"date":"2022-03-01T11:02:01","date_gmt":"2022-03-01T10:02:01","guid":{"rendered":"https:\/\/dodo-inflatables.com\/product\/covorase-de-protectie-impotriva-caderilor-240-x-120-x-5-cm\/"},"modified":"2024-06-06T11:48:08","modified_gmt":"2024-06-06T09:48:08","slug":"covorase-de-protectie-impotriva-caderilor-240-x-120-x-5-cm","status":"publish","type":"product","link":"https:\/\/dodo-inflatables.com\/ro\/produs\/covorase-de-protectie-impotriva-caderilor-240-x-120-x-5-cm\/","title":{"rendered":"Covora\u0219e de protec\u021bie \u00eempotriva c\u0103derilor 240 x 120 x 5 cm"},"content":{"rendered":"<h2>Castelul de s\u0103rituri Castelul de protec\u021bie \u00eempotriva c\u0103derii Mats<\/h2>\n<p>Covora\u0219ele noastre de protec\u021bie \u00eempotriva c\u0103derilor sunt cea mai bun\u0103 solu\u021bie pentru asigurarea perfect\u0103 a castelelor gonflabile. Covora\u0219ul de protec\u021bie \u00eempotriva c\u0103derilor din spum\u0103 u\u0219oar\u0103 EPE pliabil poate fi pliat de trei ori, ceea ce \u00eel face s\u0103 economiseasc\u0103 spa\u021biu pentru depozitare. C\u00e2nd este desf\u0103\u0219urat, covora\u0219ul m\u0103soar\u0103 240 x 120 x 5 cm, iar c\u00e2nd este pliat, m\u0103soar\u0103 doar 60 x 120 x 20 cm.<\/p>\n<p>Am \u00eembun\u0103t\u0103\u021bit covora\u0219ele \u00een compara\u021bie cu modelul anterior. Cus\u0103turile sunt acum \u00eendreptate spre interior, nu se mai sprijin\u0103 pe suprafa\u021ba covorului. Acest lucru previne frecarea cus\u0103turilor de sol. Pentru o siguran\u021b\u0103 maxim\u0103, am omis \u00een mod con\u0219tient buclele de m\u00e2n\u0103 pentru a minimiza riscul de \u00eempiedicare.<\/p>\n<p><strong>Detalii despre covorul de protec\u021bie \u00eempotriva c\u0103derilor<\/strong><\/p>\n<ul>\n<li>Dimensiuni deschise: 240 x 120 x 5 cm<\/li>\n<li>Dimensiuni pliate: 60 x 120 x 20 cm<\/li>\n<li>Material: Spum\u0103 EPE RG 18<\/li>\n<li>Material de acoperire: Prelata acoperit\u0103 cu PU, grosime 0,6 mm<\/li>\n<li>Greutate: 5,4 kg<\/li>\n<\/ul>\n","protected":false},"excerpt":{"rendered":"<ul>\n<li>Castelul Bouncy Castle Fall Protection Mat<\/li>\n<li>Dimensiuni deschise: 240 x 120 x 5 cm<\/li>\n<li>Pliabil de trei ori<\/li>\n<li>Benzi Velcro pe toate cele patru col\u021buri<\/li>\n<\/ul>\n","protected":false},"featured_media":15412,"comment_status":"open","ping_status":"closed","template":"","meta":{"_acf_changed":false,"_uag_custom_page_level_css":"","site-sidebar-layout":"default","site-content-layout":"boxed-container","ast-site-content-layout":"normal-width-container","site-content-style":"boxed","site-sidebar-style":"boxed","ast-global-header-display":"","ast-banner-title-visibility":"","ast-main-header-display":"","ast-hfb-above-header-display":"","ast-hfb-below-header-display":"","ast-hfb-mobile-header-display":"","site-post-title":"disabled","ast-breadcrumbs-content":"","ast-featured-img":"","footer-sml-layout":"","ast-disable-related-posts":"","theme-transparent-header-meta":"default","adv-header-id-meta":"","stick-header-meta":"default","header-above-stick-meta":"","header-main-stick-meta":"","header-below-stick-meta":"","astra-migrate-meta-layouts":"default","ast-page-background-enabled":"default","ast-page-background-meta":{"desktop":{"background-color":"var(--ast-global-color-4)","background-image":"","background-repeat":"repeat","background-position":"center center","background-size":"auto","background-attachment":"scroll","background-type":"","background-media":"","overlay-type":"","overlay-color":"","overlay-opacity":"","overlay-gradient":""},"tablet":{"background-color":"","background-image":"","background-repeat":"repeat","background-position":"center center","background-size":"auto","background-attachment":"scroll","background-type":"","background-media":"","overlay-type":"","overlay-color":"","overlay-opacity":"","overlay-gradient":""},"mobile":{"background-color":"","background-image":"","background-repeat":"repeat","background-position":"center center","background-size":"auto","background-attachment":"scroll","background-type":"","background-media":"","overlay-type":"","overlay-color":"","overlay-opacity":"","overlay-gradient":""}},"ast-content-background-meta":{"desktop":{"background-color":"var(--ast-global-color-5)","background-image":"","background-repeat":"repeat","background-position":"center center","background-size":"auto","background-attachment":"scroll","background-type":"","background-media":"","overlay-type":"","overlay-color":"","overlay-opacity":"","overlay-gradient":""},"tablet":{"background-color":"var(--ast-global-color-5)","background-image":"","background-repeat":"repeat","background-position":"center center","background-size":"auto","background-attachment":"scroll","background-type":"","background-media":"","overlay-type":"","overlay-color":"","overlay-opacity":"","overlay-gradient":""},"mobile":{"background-color":"var(--ast-global-color-5)","background-image":"","background-repeat":"repeat","background-position":"center center","background-size":"auto","background-attachment":"scroll","background-type":"","background-media":"","overlay-type":"","overlay-color":"","overlay-opacity":"","overlay-gradient":""}}},"product_brand":[],"product_cat":[1146],"product_tag":[],"class_list":{"0":"post-15410","1":"product","2":"type-product","3":"status-publish","4":"has-post-thumbnail","6":"product_cat-accesorii","7":"product_shipping_class-zubehor-ro","8":"desktop-align-center","9":"tablet-align-center","10":"mobile-align-center","11":"ast-product-gallery-layout-horizontal","12":"ast-product-gallery-with-no-image","13":"ast-product-tabs-layout-horizontal","15":"first","16":"instock","17":"taxable","18":"shipping-taxable","19":"purchasable","20":"product-type-simple"},"acf":[],"yoast_head":"<!-- This site is optimized with the Yoast SEO plugin v27.3 - https:\/\/yoast.com\/product\/yoast-seo-wordpress\/ -->\n<title>Covora\u0219e de protec\u021bie \u00eempotriva c\u0103derilor pentru castelele gonflabile | Dodo-Inflatables.com<\/title>\n<meta name=\"description\" content=\"Achizi\u021biona\u021bi covora\u0219e pliabile de protec\u021bie \u00eempotriva c\u0103derilor pentru castelele gonflabile la Dodo-Inflatables.com | Certificat conform EN14960 | Livrare rapid\u0103!\" \/>\n<meta name=\"robots\" content=\"index, follow, max-snippet:-1, max-image-preview:large, max-video-preview:-1\" \/>\n<link rel=\"canonical\" href=\"https:\/\/dodo-inflatables.com\/ro\/produs\/covorase-de-protectie-impotriva-caderilor-240-x-120-x-5-cm\/\" \/>\n<meta name=\"twitter:label1\" content=\"Timp estimat pentru citire\" \/>\n\t<meta name=\"twitter:data1\" content=\"1 minut\" \/>\n<script type=\"application\/ld+json\" class=\"yoast-schema-graph\">{\"@context\":\"https:\\\/\\\/schema.org\",\"@graph\":[{\"@type\":\"WebPage\",\"@id\":\"https:\\\/\\\/dodo-inflatables.com\\\/ro\\\/produs\\\/covorase-de-protectie-impotriva-caderilor-240-x-120-x-5-cm\\\/\",\"url\":\"https:\\\/\\\/dodo-inflatables.com\\\/ro\\\/produs\\\/covorase-de-protectie-impotriva-caderilor-240-x-120-x-5-cm\\\/\",\"name\":\"Covora\u0219e de protec\u021bie \u00eempotriva c\u0103derilor pentru castelele gonflabile | Dodo-Inflatables.com\",\"isPartOf\":{\"@id\":\"https:\\\/\\\/dodo-inflatables.com\\\/ro\\\/#website\"},\"primaryImageOfPage\":{\"@id\":\"https:\\\/\\\/dodo-inflatables.com\\\/ro\\\/produs\\\/covorase-de-protectie-impotriva-caderilor-240-x-120-x-5-cm\\\/#primaryimage\"},\"image\":{\"@id\":\"https:\\\/\\\/dodo-inflatables.com\\\/ro\\\/produs\\\/covorase-de-protectie-impotriva-caderilor-240-x-120-x-5-cm\\\/#primaryimage\"},\"thumbnailUrl\":\"https:\\\/\\\/dodo-inflatables.com\\\/wp-content\\\/uploads\\\/2022\\\/03\\\/Fallschutzmatten-Huepfburg-kaufen-1.jpg\",\"datePublished\":\"2022-03-01T10:02:01+00:00\",\"dateModified\":\"2024-06-06T09:48:08+00:00\",\"description\":\"Achizi\u021biona\u021bi covora\u0219e pliabile de protec\u021bie \u00eempotriva c\u0103derilor pentru castelele gonflabile la Dodo-Inflatables.com | Certificat conform EN14960 | Livrare rapid\u0103!\",\"breadcrumb\":{\"@id\":\"https:\\\/\\\/dodo-inflatables.com\\\/ro\\\/produs\\\/covorase-de-protectie-impotriva-caderilor-240-x-120-x-5-cm\\\/#breadcrumb\"},\"inLanguage\":\"ro-RO\",\"potentialAction\":[{\"@type\":\"ReadAction\",\"target\":[\"https:\\\/\\\/dodo-inflatables.com\\\/ro\\\/produs\\\/covorase-de-protectie-impotriva-caderilor-240-x-120-x-5-cm\\\/\"]}]},{\"@type\":\"ImageObject\",\"inLanguage\":\"ro-RO\",\"@id\":\"https:\\\/\\\/dodo-inflatables.com\\\/ro\\\/produs\\\/covorase-de-protectie-impotriva-caderilor-240-x-120-x-5-cm\\\/#primaryimage\",\"url\":\"https:\\\/\\\/dodo-inflatables.com\\\/wp-content\\\/uploads\\\/2022\\\/03\\\/Fallschutzmatten-Huepfburg-kaufen-1.jpg\",\"contentUrl\":\"https:\\\/\\\/dodo-inflatables.com\\\/wp-content\\\/uploads\\\/2022\\\/03\\\/Fallschutzmatten-Huepfburg-kaufen-1.jpg\",\"width\":1000,\"height\":1000},{\"@type\":\"BreadcrumbList\",\"@id\":\"https:\\\/\\\/dodo-inflatables.com\\\/ro\\\/produs\\\/covorase-de-protectie-impotriva-caderilor-240-x-120-x-5-cm\\\/#breadcrumb\",\"itemListElement\":[{\"@type\":\"ListItem\",\"position\":1,\"name\":\"Prima pagin\u0103\",\"item\":\"https:\\\/\\\/dodo-inflatables.com\\\/ro\\\/\"},{\"@type\":\"ListItem\",\"position\":2,\"name\":\"Magazin\",\"item\":\"https:\\\/\\\/dodo-inflatables.com\\\/ro\\\/magazin\\\/\"},{\"@type\":\"ListItem\",\"position\":3,\"name\":\"Covora\u0219e de protec\u021bie \u00eempotriva c\u0103derilor 240 x 120 x 5 cm\"}]},{\"@type\":\"WebSite\",\"@id\":\"https:\\\/\\\/dodo-inflatables.com\\\/ro\\\/#website\",\"url\":\"https:\\\/\\\/dodo-inflatables.com\\\/ro\\\/\",\"name\":\"dodo-inflatables.com\",\"description\":\"Cump\u0103ra\u021bi castele gonflabile \u0219i atrac\u021bii din magazinul nostru.\",\"publisher\":{\"@id\":\"https:\\\/\\\/dodo-inflatables.com\\\/ro\\\/#organization\"},\"potentialAction\":[{\"@type\":\"SearchAction\",\"target\":{\"@type\":\"EntryPoint\",\"urlTemplate\":\"https:\\\/\\\/dodo-inflatables.com\\\/ro\\\/?s={search_term_string}\"},\"query-input\":{\"@type\":\"PropertyValueSpecification\",\"valueRequired\":true,\"valueName\":\"search_term_string\"}}],\"inLanguage\":\"ro-RO\"},{\"@type\":\"Organization\",\"@id\":\"https:\\\/\\\/dodo-inflatables.com\\\/ro\\\/#organization\",\"name\":\"dodo-inflatables.com\",\"url\":\"https:\\\/\\\/dodo-inflatables.com\\\/ro\\\/\",\"logo\":{\"@type\":\"ImageObject\",\"inLanguage\":\"ro-RO\",\"@id\":\"https:\\\/\\\/dodo-inflatables.com\\\/ro\\\/#\\\/schema\\\/logo\\\/image\\\/\",\"url\":\"https:\\\/\\\/dodo-inflatables.com\\\/wp-content\\\/uploads\\\/2023\\\/04\\\/cropped-cropped-cropped-Dodo-Logo.png\",\"contentUrl\":\"https:\\\/\\\/dodo-inflatables.com\\\/wp-content\\\/uploads\\\/2023\\\/04\\\/cropped-cropped-cropped-Dodo-Logo.png\",\"width\":2996,\"height\":1545,\"caption\":\"dodo-inflatables.com\"},\"image\":{\"@id\":\"https:\\\/\\\/dodo-inflatables.com\\\/ro\\\/#\\\/schema\\\/logo\\\/image\\\/\"}}]}<\/script>\n<!-- \/ Yoast SEO plugin. -->","yoast_head_json":{"title":"Covora\u0219e de protec\u021bie \u00eempotriva c\u0103derilor pentru castelele gonflabile | Dodo-Inflatables.com","description":"Achizi\u021biona\u021bi covora\u0219e pliabile de protec\u021bie \u00eempotriva c\u0103derilor pentru castelele gonflabile la Dodo-Inflatables.com | Certificat conform EN14960 | Livrare rapid\u0103!","robots":{"index":"index","follow":"follow","max-snippet":"max-snippet:-1","max-image-preview":"max-image-preview:large","max-video-preview":"max-video-preview:-1"},"canonical":"https:\/\/dodo-inflatables.com\/ro\/produs\/covorase-de-protectie-impotriva-caderilor-240-x-120-x-5-cm\/","twitter_misc":{"Timp estimat pentru citire":"1 minut"},"schema":{"@context":"https:\/\/schema.org","@graph":[{"@type":"WebPage","@id":"https:\/\/dodo-inflatables.com\/ro\/produs\/covorase-de-protectie-impotriva-caderilor-240-x-120-x-5-cm\/","url":"https:\/\/dodo-inflatables.com\/ro\/produs\/covorase-de-protectie-impotriva-caderilor-240-x-120-x-5-cm\/","name":"Covora\u0219e de protec\u021bie \u00eempotriva c\u0103derilor pentru castelele gonflabile | Dodo-Inflatables.com","isPartOf":{"@id":"https:\/\/dodo-inflatables.com\/ro\/#website"},"primaryImageOfPage":{"@id":"https:\/\/dodo-inflatables.com\/ro\/produs\/covorase-de-protectie-impotriva-caderilor-240-x-120-x-5-cm\/#primaryimage"},"image":{"@id":"https:\/\/dodo-inflatables.com\/ro\/produs\/covorase-de-protectie-impotriva-caderilor-240-x-120-x-5-cm\/#primaryimage"},"thumbnailUrl":"https:\/\/dodo-inflatables.com\/wp-content\/uploads\/2022\/03\/Fallschutzmatten-Huepfburg-kaufen-1.jpg","datePublished":"2022-03-01T10:02:01+00:00","dateModified":"2024-06-06T09:48:08+00:00","description":"Achizi\u021biona\u021bi covora\u0219e pliabile de protec\u021bie \u00eempotriva c\u0103derilor pentru castelele gonflabile la Dodo-Inflatables.com | Certificat conform EN14960 | Livrare rapid\u0103!","breadcrumb":{"@id":"https:\/\/dodo-inflatables.com\/ro\/produs\/covorase-de-protectie-impotriva-caderilor-240-x-120-x-5-cm\/#breadcrumb"},"inLanguage":"ro-RO","potentialAction":[{"@type":"ReadAction","target":["https:\/\/dodo-inflatables.com\/ro\/produs\/covorase-de-protectie-impotriva-caderilor-240-x-120-x-5-cm\/"]}]},{"@type":"ImageObject","inLanguage":"ro-RO","@id":"https:\/\/dodo-inflatables.com\/ro\/produs\/covorase-de-protectie-impotriva-caderilor-240-x-120-x-5-cm\/#primaryimage","url":"https:\/\/dodo-inflatables.com\/wp-content\/uploads\/2022\/03\/Fallschutzmatten-Huepfburg-kaufen-1.jpg","contentUrl":"https:\/\/dodo-inflatables.com\/wp-content\/uploads\/2022\/03\/Fallschutzmatten-Huepfburg-kaufen-1.jpg","width":1000,"height":1000},{"@type":"BreadcrumbList","@id":"https:\/\/dodo-inflatables.com\/ro\/produs\/covorase-de-protectie-impotriva-caderilor-240-x-120-x-5-cm\/#breadcrumb","itemListElement":[{"@type":"ListItem","position":1,"name":"Prima pagin\u0103","item":"https:\/\/dodo-inflatables.com\/ro\/"},{"@type":"ListItem","position":2,"name":"Magazin","item":"https:\/\/dodo-inflatables.com\/ro\/magazin\/"},{"@type":"ListItem","position":3,"name":"Covora\u0219e de protec\u021bie \u00eempotriva c\u0103derilor 240 x 120 x 5 cm"}]},{"@type":"WebSite","@id":"https:\/\/dodo-inflatables.com\/ro\/#website","url":"https:\/\/dodo-inflatables.com\/ro\/","name":"dodo-inflatables.com","description":"Cump\u0103ra\u021bi castele gonflabile \u0219i atrac\u021bii din magazinul nostru.","publisher":{"@id":"https:\/\/dodo-inflatables.com\/ro\/#organization"},"potentialAction":[{"@type":"SearchAction","target":{"@type":"EntryPoint","urlTemplate":"https:\/\/dodo-inflatables.com\/ro\/?s={search_term_string}"},"query-input":{"@type":"PropertyValueSpecification","valueRequired":true,"valueName":"search_term_string"}}],"inLanguage":"ro-RO"},{"@type":"Organization","@id":"https:\/\/dodo-inflatables.com\/ro\/#organization","name":"dodo-inflatables.com","url":"https:\/\/dodo-inflatables.com\/ro\/","logo":{"@type":"ImageObject","inLanguage":"ro-RO","@id":"https:\/\/dodo-inflatables.com\/ro\/#\/schema\/logo\/image\/","url":"https:\/\/dodo-inflatables.com\/wp-content\/uploads\/2023\/04\/cropped-cropped-cropped-Dodo-Logo.png","contentUrl":"https:\/\/dodo-inflatables.com\/wp-content\/uploads\/2023\/04\/cropped-cropped-cropped-Dodo-Logo.png","width":2996,"height":1545,"caption":"dodo-inflatables.com"},"image":{"@id":"https:\/\/dodo-inflatables.com\/ro\/#\/schema\/logo\/image\/"}}]}},"uagb_featured_image_src":{"full":["https:\/\/dodo-inflatables.com\/wp-content\/uploads\/2022\/03\/Fallschutzmatten-Huepfburg-kaufen-1.jpg",1000,1000,false],"thumbnail":["https:\/\/dodo-inflatables.com\/wp-content\/uploads\/2022\/03\/Fallschutzmatten-Huepfburg-kaufen-1-150x150.jpg",150,150,true],"medium":["https:\/\/dodo-inflatables.com\/wp-content\/uploads\/2022\/03\/Fallschutzmatten-Huepfburg-kaufen-1-300x300.jpg",300,300,true],"medium_large":["https:\/\/dodo-inflatables.com\/wp-content\/uploads\/2022\/03\/Fallschutzmatten-Huepfburg-kaufen-1-768x768.jpg",768,768,true],"large":["https:\/\/dodo-inflatables.com\/wp-content\/uploads\/2022\/03\/Fallschutzmatten-Huepfburg-kaufen-1.jpg",1000,1000,false],"1536x1536":["https:\/\/dodo-inflatables.com\/wp-content\/uploads\/2022\/03\/Fallschutzmatten-Huepfburg-kaufen-1.jpg",1000,1000,false],"2048x2048":["https:\/\/dodo-inflatables.com\/wp-content\/uploads\/2022\/03\/Fallschutzmatten-Huepfburg-kaufen-1.jpg",1000,1000,false],"woocommerce_thumbnail":["https:\/\/dodo-inflatables.com\/wp-content\/uploads\/2022\/03\/Fallschutzmatten-Huepfburg-kaufen-1-900x900.jpg",900,900,true],"woocommerce_single":["https:\/\/dodo-inflatables.com\/wp-content\/uploads\/2022\/03\/Fallschutzmatten-Huepfburg-kaufen-1-900x900.jpg",900,900,true],"woocommerce_gallery_thumbnail":["https:\/\/dodo-inflatables.com\/wp-content\/uploads\/2022\/03\/Fallschutzmatten-Huepfburg-kaufen-1-100x100.jpg",100,100,true]},"uagb_author_info":{"display_name":"Andreas","author_link":"https:\/\/dodo-inflatables.com\/ro\/author\/"},"uagb_comment_info":0,"uagb_excerpt":"Castelul Bouncy Castle Fall Protection Mat Dimensiuni deschise: 240 x 120 x 5 cm Pliabil de trei ori Benzi Velcro pe toate cele patru col\u021buri","_links":{"self":[{"href":"https:\/\/dodo-inflatables.com\/ro\/wp-json\/wp\/v2\/product\/15410","targetHints":{"allow":["GET"]}}],"collection":[{"href":"https:\/\/dodo-inflatables.com\/ro\/wp-json\/wp\/v2\/product"}],"about":[{"href":"https:\/\/dodo-inflatables.com\/ro\/wp-json\/wp\/v2\/types\/product"}],"replies":[{"embeddable":true,"href":"https:\/\/dodo-inflatables.com\/ro\/wp-json\/wp\/v2\/comments?post=15410"}],"wp:featuredmedia":[{"embeddable":true,"href":"https:\/\/dodo-inflatables.com\/ro\/wp-json\/wp\/v2\/media\/15412"}],"wp:attachment":[{"href":"https:\/\/dodo-inflatables.com\/ro\/wp-json\/wp\/v2\/media?parent=15410"}],"wp:term":[{"taxonomy":"product_brand","embeddable":true,"href":"https:\/\/dodo-inflatables.com\/ro\/wp-json\/wp\/v2\/product_brand?post=15410"},{"taxonomy":"product_cat","embeddable":true,"href":"https:\/\/dodo-inflatables.com\/ro\/wp-json\/wp\/v2\/product_cat?post=15410"},{"taxonomy":"product_tag","embeddable":true,"href":"https:\/\/dodo-inflatables.com\/ro\/wp-json\/wp\/v2\/product_tag?post=15410"}],"curies":[{"name":"wp","href":"https:\/\/api.w.org\/{rel}","templated":true}]}}