{"id":16194,"date":"2024-07-10T13:19:25","date_gmt":"2024-07-10T11:19:25","guid":{"rendered":"https:\/\/dodo-inflatables.com\/?post_type=product&#038;p=16194"},"modified":"2024-09-23T07:07:41","modified_gmt":"2024-09-23T05:07:41","slug":"geanta-de-transport-pentru-castelul-gonflabil-s-copy","status":"publish","type":"product","link":"https:\/\/dodo-inflatables.com\/ro\/produs\/geanta-de-transport-pentru-castelul-gonflabil-s-copy\/","title":{"rendered":"Geant\u0103 de transport pentru castel gonflabil M"},"content":{"rendered":"<h2>Cump\u0103ra\u021bi saci de transport pentru castelul gonflabil<\/h2>\n<p>  Sacii no\u0219tri de transport pentru castele gonflabile sunt solu\u021bia ideal\u0103 pentru companiile de \u00eenchiriere sau clien\u021bii care au mai multe castele gonflabile \u00een stoc.  <strong>M\u00e2nere practice<\/strong>: M\u00e2nerele permit manipularea u\u0219oar\u0103 a sacilor \u0219i faciliteaz\u0103 mutarea gonflabilelor. V\u0103 rug\u0103m s\u0103 re\u021bine\u021bi c\u0103, \u00een func\u021bie de greutatea gonflabilei, m\u00e2nerele nu pot sus\u021bine \u00eentotdeauna \u00eentreaga greutate \u0219i, prin urmare, trebuie utilizate cu aten\u021bie pentru a evita ruperea lor. <strong>Op\u021biuni de prindere sigur\u0103<\/strong>: Sacii de transport pot fi lega\u021bi sigur \u00een partea de sus cu bucle, astfel \u00eenc\u00e2t gonflabila dvs. s\u0103 r\u0103m\u00e2n\u0103 protejat\u0103 \u0219i bine ambalat\u0103 \u00een timpul transportului.<br \/>\nAcest lucru previne deschiderea neinten\u021bionat\u0103 \u0219i asigur\u0103 c\u0103 gonflabila r\u0103m\u00e2ne curat\u0103 \u0219i ordonat\u0103. <strong>Protec\u021bie \u00eempotriva deterior\u0103rilor cauzate de transport<\/strong>: Sacii no\u0219tri de transport sunt special concepu\u021bi pentru a v\u0103 proteja gonflabilele de deterior\u0103rile cauzate de transport.  Materialul rezistent la uzur\u0103 protejeaz\u0103 gonflabilele de murd\u0103rie, praf \u0219i influen\u021be mecanice, astfel \u00eenc\u00e2t acestea s\u0103 ajung\u0103 \u00eentotdeauna la destina\u021bie \u00een stare perfect\u0103. Sacii no\u0219tri de transport gonflabili v\u0103 ofer\u0103 combina\u021bia perfect\u0103 de func\u021bionalitate \u0219i confort. Acestea fac transportul structurilor gonflabile mult mai u\u0219or \u0219i asigur\u0103 faptul c\u0103 gonflabilele dvs. r\u0103m\u00e2n \u00eentotdeauna \u00een stare bun\u0103.  <\/p>\n<h3>Detalii privind dimensiunea sacului de transport M<\/h3>\n<ul>\n<li>Material: PVC (0,55 mm \/ 621,3 g\/mp)<\/li>\n<li>Diametru 100 cm<\/li>\n<li>\u00cen\u0103l\u021bime 130 cm<\/li>\n<li>Culori mixte<\/li>\n<\/ul>\n<p><strong>Fiecare gonflabil\u0103 este livrat\u0103 \u00eentr-o geant\u0103 de transport, nu trebuie comandat\u0103 o geant\u0103 suplimentar\u0103.<\/strong><\/p>\n","protected":false},"excerpt":{"rendered":"<ul>\n<li style=\"list-style-type: none;\">\n<ul>\n<li>Geant\u0103 de transport \u00een m\u0103rimea M (diametru 100 cm, \u00een\u0103l\u021bime 130 cm)<\/li>\n<li>Material: PVC (0,55 mm \/ 621,3 g\/mp)<\/li>\n<li>Culori mixte<\/li>\n<\/ul>\n<\/li>\n<\/ul>\n","protected":false},"featured_media":55139,"comment_status":"open","ping_status":"closed","template":"","meta":{"_acf_changed":false,"_uag_custom_page_level_css":"","site-sidebar-layout":"default","site-content-layout":"boxed-container","ast-site-content-layout":"normal-width-container","site-content-style":"boxed","site-sidebar-style":"boxed","ast-global-header-display":"","ast-banner-title-visibility":"","ast-main-header-display":"","ast-hfb-above-header-display":"","ast-hfb-below-header-display":"","ast-hfb-mobile-header-display":"","site-post-title":"disabled","ast-breadcrumbs-content":"","ast-featured-img":"","footer-sml-layout":"","ast-disable-related-posts":"","theme-transparent-header-meta":"default","adv-header-id-meta":"","stick-header-meta":"default","header-above-stick-meta":"","header-main-stick-meta":"","header-below-stick-meta":"","astra-migrate-meta-layouts":"set","ast-page-background-enabled":"default","ast-page-background-meta":{"desktop":{"background-color":"var(--ast-global-color-4)","background-image":"","background-repeat":"repeat","background-position":"center center","background-size":"auto","background-attachment":"scroll","background-type":"","background-media":"","overlay-type":"","overlay-color":"","overlay-opacity":"","overlay-gradient":""},"tablet":{"background-color":"","background-image":"","background-repeat":"repeat","background-position":"center center","background-size":"auto","background-attachment":"scroll","background-type":"","background-media":"","overlay-type":"","overlay-color":"","overlay-opacity":"","overlay-gradient":""},"mobile":{"background-color":"","background-image":"","background-repeat":"repeat","background-position":"center center","background-size":"auto","background-attachment":"scroll","background-type":"","background-media":"","overlay-type":"","overlay-color":"","overlay-opacity":"","overlay-gradient":""}},"ast-content-background-meta":{"desktop":{"background-color":"var(--ast-global-color-5)","background-image":"","background-repeat":"repeat","background-position":"center center","background-size":"auto","background-attachment":"scroll","background-type":"","background-media":"","overlay-type":"","overlay-color":"","overlay-opacity":"","overlay-gradient":""},"tablet":{"background-color":"var(--ast-global-color-5)","background-image":"","background-repeat":"repeat","background-position":"center center","background-size":"auto","background-attachment":"scroll","background-type":"","background-media":"","overlay-type":"","overlay-color":"","overlay-opacity":"","overlay-gradient":""},"mobile":{"background-color":"var(--ast-global-color-5)","background-image":"","background-repeat":"repeat","background-position":"center center","background-size":"auto","background-attachment":"scroll","background-type":"","background-media":"","overlay-type":"","overlay-color":"","overlay-opacity":"","overlay-gradient":""}}},"product_brand":[],"product_cat":[1146],"product_tag":[],"class_list":{"0":"post-16194","1":"product","2":"type-product","3":"status-publish","4":"has-post-thumbnail","6":"product_cat-accesorii","7":"product_shipping_class-zubehor-ro","8":"pa_gtin-0654170861741-ro","9":"desktop-align-center","10":"tablet-align-center","11":"mobile-align-center","12":"ast-product-gallery-layout-horizontal","13":"ast-product-tabs-layout-horizontal","15":"first","16":"instock","17":"taxable","18":"shipping-taxable","19":"purchasable","20":"product-type-simple"},"acf":[],"yoast_head":"<!-- This site is optimized with the Yoast SEO plugin v27.3 - https:\/\/yoast.com\/product\/yoast-seo-wordpress\/ -->\n<title>Cump\u0103ra\u021bi saci de transport gonflabili | Dodo-Inflatables.com<\/title>\n<meta name=\"description\" content=\"Cump\u0103ra\u021bi saci de transport pentru gonflabile \u0219i castele gonflabile la Dodo-Inflatables.com | Certificat conform EN14960 | Livrare rapid\u0103!\" \/>\n<meta name=\"robots\" content=\"index, follow, max-snippet:-1, max-image-preview:large, max-video-preview:-1\" \/>\n<link rel=\"canonical\" href=\"https:\/\/dodo-inflatables.com\/ro\/produs\/geanta-de-transport-pentru-castelul-gonflabil-s-copy\/\" \/>\n<meta name=\"twitter:label1\" content=\"Timp estimat pentru citire\" \/>\n\t<meta name=\"twitter:data1\" content=\"1 minut\" \/>\n<script type=\"application\/ld+json\" class=\"yoast-schema-graph\">{\"@context\":\"https:\\\/\\\/schema.org\",\"@graph\":[{\"@type\":\"WebPage\",\"@id\":\"https:\\\/\\\/dodo-inflatables.com\\\/ro\\\/produs\\\/geanta-de-transport-pentru-castelul-gonflabil-s-copy\\\/\",\"url\":\"https:\\\/\\\/dodo-inflatables.com\\\/ro\\\/produs\\\/geanta-de-transport-pentru-castelul-gonflabil-s-copy\\\/\",\"name\":\"Cump\u0103ra\u021bi saci de transport gonflabili | Dodo-Inflatables.com\",\"isPartOf\":{\"@id\":\"https:\\\/\\\/dodo-inflatables.com\\\/ro\\\/#website\"},\"primaryImageOfPage\":{\"@id\":\"https:\\\/\\\/dodo-inflatables.com\\\/ro\\\/produs\\\/geanta-de-transport-pentru-castelul-gonflabil-s-copy\\\/#primaryimage\"},\"image\":{\"@id\":\"https:\\\/\\\/dodo-inflatables.com\\\/ro\\\/produs\\\/geanta-de-transport-pentru-castelul-gonflabil-s-copy\\\/#primaryimage\"},\"thumbnailUrl\":\"https:\\\/\\\/dodo-inflatables.com\\\/wp-content\\\/uploads\\\/2024\\\/07\\\/M-Bouncy-castle-Transport-bag.jpg\",\"datePublished\":\"2024-07-10T11:19:25+00:00\",\"dateModified\":\"2024-09-23T05:07:41+00:00\",\"description\":\"Cump\u0103ra\u021bi saci de transport pentru gonflabile \u0219i castele gonflabile la Dodo-Inflatables.com | Certificat conform EN14960 | Livrare rapid\u0103!\",\"breadcrumb\":{\"@id\":\"https:\\\/\\\/dodo-inflatables.com\\\/ro\\\/produs\\\/geanta-de-transport-pentru-castelul-gonflabil-s-copy\\\/#breadcrumb\"},\"inLanguage\":\"ro-RO\",\"potentialAction\":[{\"@type\":\"ReadAction\",\"target\":[\"https:\\\/\\\/dodo-inflatables.com\\\/ro\\\/produs\\\/geanta-de-transport-pentru-castelul-gonflabil-s-copy\\\/\"]}]},{\"@type\":\"ImageObject\",\"inLanguage\":\"ro-RO\",\"@id\":\"https:\\\/\\\/dodo-inflatables.com\\\/ro\\\/produs\\\/geanta-de-transport-pentru-castelul-gonflabil-s-copy\\\/#primaryimage\",\"url\":\"https:\\\/\\\/dodo-inflatables.com\\\/wp-content\\\/uploads\\\/2024\\\/07\\\/M-Bouncy-castle-Transport-bag.jpg\",\"contentUrl\":\"https:\\\/\\\/dodo-inflatables.com\\\/wp-content\\\/uploads\\\/2024\\\/07\\\/M-Bouncy-castle-Transport-bag.jpg\",\"width\":1000,\"height\":1000},{\"@type\":\"BreadcrumbList\",\"@id\":\"https:\\\/\\\/dodo-inflatables.com\\\/ro\\\/produs\\\/geanta-de-transport-pentru-castelul-gonflabil-s-copy\\\/#breadcrumb\",\"itemListElement\":[{\"@type\":\"ListItem\",\"position\":1,\"name\":\"Prima pagin\u0103\",\"item\":\"https:\\\/\\\/dodo-inflatables.com\\\/ro\\\/\"},{\"@type\":\"ListItem\",\"position\":2,\"name\":\"Magazin\",\"item\":\"https:\\\/\\\/dodo-inflatables.com\\\/ro\\\/magazin\\\/\"},{\"@type\":\"ListItem\",\"position\":3,\"name\":\"Geant\u0103 de transport pentru castel gonflabil M\"}]},{\"@type\":\"WebSite\",\"@id\":\"https:\\\/\\\/dodo-inflatables.com\\\/ro\\\/#website\",\"url\":\"https:\\\/\\\/dodo-inflatables.com\\\/ro\\\/\",\"name\":\"dodo-inflatables.com\",\"description\":\"Cump\u0103ra\u021bi castele gonflabile \u0219i atrac\u021bii din magazinul nostru.\",\"publisher\":{\"@id\":\"https:\\\/\\\/dodo-inflatables.com\\\/ro\\\/#organization\"},\"potentialAction\":[{\"@type\":\"SearchAction\",\"target\":{\"@type\":\"EntryPoint\",\"urlTemplate\":\"https:\\\/\\\/dodo-inflatables.com\\\/ro\\\/?s={search_term_string}\"},\"query-input\":{\"@type\":\"PropertyValueSpecification\",\"valueRequired\":true,\"valueName\":\"search_term_string\"}}],\"inLanguage\":\"ro-RO\"},{\"@type\":\"Organization\",\"@id\":\"https:\\\/\\\/dodo-inflatables.com\\\/ro\\\/#organization\",\"name\":\"dodo-inflatables.com\",\"url\":\"https:\\\/\\\/dodo-inflatables.com\\\/ro\\\/\",\"logo\":{\"@type\":\"ImageObject\",\"inLanguage\":\"ro-RO\",\"@id\":\"https:\\\/\\\/dodo-inflatables.com\\\/ro\\\/#\\\/schema\\\/logo\\\/image\\\/\",\"url\":\"https:\\\/\\\/dodo-inflatables.com\\\/wp-content\\\/uploads\\\/2023\\\/04\\\/cropped-cropped-cropped-Dodo-Logo.png\",\"contentUrl\":\"https:\\\/\\\/dodo-inflatables.com\\\/wp-content\\\/uploads\\\/2023\\\/04\\\/cropped-cropped-cropped-Dodo-Logo.png\",\"width\":2996,\"height\":1545,\"caption\":\"dodo-inflatables.com\"},\"image\":{\"@id\":\"https:\\\/\\\/dodo-inflatables.com\\\/ro\\\/#\\\/schema\\\/logo\\\/image\\\/\"}}]}<\/script>\n<!-- \/ Yoast SEO plugin. -->","yoast_head_json":{"title":"Cump\u0103ra\u021bi saci de transport gonflabili | Dodo-Inflatables.com","description":"Cump\u0103ra\u021bi saci de transport pentru gonflabile \u0219i castele gonflabile la Dodo-Inflatables.com | Certificat conform EN14960 | Livrare rapid\u0103!","robots":{"index":"index","follow":"follow","max-snippet":"max-snippet:-1","max-image-preview":"max-image-preview:large","max-video-preview":"max-video-preview:-1"},"canonical":"https:\/\/dodo-inflatables.com\/ro\/produs\/geanta-de-transport-pentru-castelul-gonflabil-s-copy\/","twitter_misc":{"Timp estimat pentru citire":"1 minut"},"schema":{"@context":"https:\/\/schema.org","@graph":[{"@type":"WebPage","@id":"https:\/\/dodo-inflatables.com\/ro\/produs\/geanta-de-transport-pentru-castelul-gonflabil-s-copy\/","url":"https:\/\/dodo-inflatables.com\/ro\/produs\/geanta-de-transport-pentru-castelul-gonflabil-s-copy\/","name":"Cump\u0103ra\u021bi saci de transport gonflabili | Dodo-Inflatables.com","isPartOf":{"@id":"https:\/\/dodo-inflatables.com\/ro\/#website"},"primaryImageOfPage":{"@id":"https:\/\/dodo-inflatables.com\/ro\/produs\/geanta-de-transport-pentru-castelul-gonflabil-s-copy\/#primaryimage"},"image":{"@id":"https:\/\/dodo-inflatables.com\/ro\/produs\/geanta-de-transport-pentru-castelul-gonflabil-s-copy\/#primaryimage"},"thumbnailUrl":"https:\/\/dodo-inflatables.com\/wp-content\/uploads\/2024\/07\/M-Bouncy-castle-Transport-bag.jpg","datePublished":"2024-07-10T11:19:25+00:00","dateModified":"2024-09-23T05:07:41+00:00","description":"Cump\u0103ra\u021bi saci de transport pentru gonflabile \u0219i castele gonflabile la Dodo-Inflatables.com | Certificat conform EN14960 | Livrare rapid\u0103!","breadcrumb":{"@id":"https:\/\/dodo-inflatables.com\/ro\/produs\/geanta-de-transport-pentru-castelul-gonflabil-s-copy\/#breadcrumb"},"inLanguage":"ro-RO","potentialAction":[{"@type":"ReadAction","target":["https:\/\/dodo-inflatables.com\/ro\/produs\/geanta-de-transport-pentru-castelul-gonflabil-s-copy\/"]}]},{"@type":"ImageObject","inLanguage":"ro-RO","@id":"https:\/\/dodo-inflatables.com\/ro\/produs\/geanta-de-transport-pentru-castelul-gonflabil-s-copy\/#primaryimage","url":"https:\/\/dodo-inflatables.com\/wp-content\/uploads\/2024\/07\/M-Bouncy-castle-Transport-bag.jpg","contentUrl":"https:\/\/dodo-inflatables.com\/wp-content\/uploads\/2024\/07\/M-Bouncy-castle-Transport-bag.jpg","width":1000,"height":1000},{"@type":"BreadcrumbList","@id":"https:\/\/dodo-inflatables.com\/ro\/produs\/geanta-de-transport-pentru-castelul-gonflabil-s-copy\/#breadcrumb","itemListElement":[{"@type":"ListItem","position":1,"name":"Prima pagin\u0103","item":"https:\/\/dodo-inflatables.com\/ro\/"},{"@type":"ListItem","position":2,"name":"Magazin","item":"https:\/\/dodo-inflatables.com\/ro\/magazin\/"},{"@type":"ListItem","position":3,"name":"Geant\u0103 de transport pentru castel gonflabil M"}]},{"@type":"WebSite","@id":"https:\/\/dodo-inflatables.com\/ro\/#website","url":"https:\/\/dodo-inflatables.com\/ro\/","name":"dodo-inflatables.com","description":"Cump\u0103ra\u021bi castele gonflabile \u0219i atrac\u021bii din magazinul nostru.","publisher":{"@id":"https:\/\/dodo-inflatables.com\/ro\/#organization"},"potentialAction":[{"@type":"SearchAction","target":{"@type":"EntryPoint","urlTemplate":"https:\/\/dodo-inflatables.com\/ro\/?s={search_term_string}"},"query-input":{"@type":"PropertyValueSpecification","valueRequired":true,"valueName":"search_term_string"}}],"inLanguage":"ro-RO"},{"@type":"Organization","@id":"https:\/\/dodo-inflatables.com\/ro\/#organization","name":"dodo-inflatables.com","url":"https:\/\/dodo-inflatables.com\/ro\/","logo":{"@type":"ImageObject","inLanguage":"ro-RO","@id":"https:\/\/dodo-inflatables.com\/ro\/#\/schema\/logo\/image\/","url":"https:\/\/dodo-inflatables.com\/wp-content\/uploads\/2023\/04\/cropped-cropped-cropped-Dodo-Logo.png","contentUrl":"https:\/\/dodo-inflatables.com\/wp-content\/uploads\/2023\/04\/cropped-cropped-cropped-Dodo-Logo.png","width":2996,"height":1545,"caption":"dodo-inflatables.com"},"image":{"@id":"https:\/\/dodo-inflatables.com\/ro\/#\/schema\/logo\/image\/"}}]}},"uagb_featured_image_src":{"full":["https:\/\/dodo-inflatables.com\/wp-content\/uploads\/2024\/07\/M-Bouncy-castle-Transport-bag.jpg",1000,1000,false],"thumbnail":["https:\/\/dodo-inflatables.com\/wp-content\/uploads\/2024\/07\/M-Bouncy-castle-Transport-bag-150x150.jpg",150,150,true],"medium":["https:\/\/dodo-inflatables.com\/wp-content\/uploads\/2024\/07\/M-Bouncy-castle-Transport-bag-300x300.jpg",300,300,true],"medium_large":["https:\/\/dodo-inflatables.com\/wp-content\/uploads\/2024\/07\/M-Bouncy-castle-Transport-bag-768x768.jpg",768,768,true],"large":["https:\/\/dodo-inflatables.com\/wp-content\/uploads\/2024\/07\/M-Bouncy-castle-Transport-bag.jpg",1000,1000,false],"1536x1536":["https:\/\/dodo-inflatables.com\/wp-content\/uploads\/2024\/07\/M-Bouncy-castle-Transport-bag.jpg",1000,1000,false],"2048x2048":["https:\/\/dodo-inflatables.com\/wp-content\/uploads\/2024\/07\/M-Bouncy-castle-Transport-bag.jpg",1000,1000,false],"woocommerce_thumbnail":["https:\/\/dodo-inflatables.com\/wp-content\/uploads\/2024\/07\/M-Bouncy-castle-Transport-bag-900x900.jpg",900,900,true],"woocommerce_single":["https:\/\/dodo-inflatables.com\/wp-content\/uploads\/2024\/07\/M-Bouncy-castle-Transport-bag-900x900.jpg",900,900,true],"woocommerce_gallery_thumbnail":["https:\/\/dodo-inflatables.com\/wp-content\/uploads\/2024\/07\/M-Bouncy-castle-Transport-bag-100x100.jpg",100,100,true]},"uagb_author_info":{"display_name":"Andreas","author_link":"https:\/\/dodo-inflatables.com\/ro\/author\/"},"uagb_comment_info":0,"uagb_excerpt":"Geant\u0103 de transport \u00een m\u0103rimea M (diametru 100 cm, \u00een\u0103l\u021bime 130 cm) Material: PVC (0,55 mm \/ 621,3 g\/mp) Culori mixte","_links":{"self":[{"href":"https:\/\/dodo-inflatables.com\/ro\/wp-json\/wp\/v2\/product\/16194","targetHints":{"allow":["GET"]}}],"collection":[{"href":"https:\/\/dodo-inflatables.com\/ro\/wp-json\/wp\/v2\/product"}],"about":[{"href":"https:\/\/dodo-inflatables.com\/ro\/wp-json\/wp\/v2\/types\/product"}],"replies":[{"embeddable":true,"href":"https:\/\/dodo-inflatables.com\/ro\/wp-json\/wp\/v2\/comments?post=16194"}],"wp:featuredmedia":[{"embeddable":true,"href":"https:\/\/dodo-inflatables.com\/ro\/wp-json\/wp\/v2\/media\/55139"}],"wp:attachment":[{"href":"https:\/\/dodo-inflatables.com\/ro\/wp-json\/wp\/v2\/media?parent=16194"}],"wp:term":[{"taxonomy":"product_brand","embeddable":true,"href":"https:\/\/dodo-inflatables.com\/ro\/wp-json\/wp\/v2\/product_brand?post=16194"},{"taxonomy":"product_cat","embeddable":true,"href":"https:\/\/dodo-inflatables.com\/ro\/wp-json\/wp\/v2\/product_cat?post=16194"},{"taxonomy":"product_tag","embeddable":true,"href":"https:\/\/dodo-inflatables.com\/ro\/wp-json\/wp\/v2\/product_tag?post=16194"}],"curies":[{"name":"wp","href":"https:\/\/api.w.org\/{rel}","templated":true}]}}