{"id":12156,"date":"2024-03-04T17:48:53","date_gmt":"2024-03-04T16:48:53","guid":{"rendered":"https:\/\/dodo-inflatables.com\/najst-na-internete-rutschkanor-och-hoppborgar-i-sverige\/"},"modified":"2024-07-10T13:53:17","modified_gmt":"2024-07-10T11:53:17","slug":"najst-na-internete-rutschkanor-och-hoppborgar-i-sverige","status":"publish","type":"page","link":"https:\/\/dodo-inflatables.com\/sk\/najst-na-internete-rutschkanor-och-hoppborgar-i-sverige\/","title":{"rendered":"N\u00e1js\u0165 na internete rutschkanor och hoppborgar i Sverige"},"content":{"rendered":"\n<div style=\"height:53px\" aria-hidden=\"true\" class=\"wp-block-spacer\"><\/div>\n\n<h2 class=\"wp-block-heading has-text-align-center\"><strong>N\u00e1js\u0165 na internete rutschkanor och hoppborgar i Sverige<\/strong><\/h2>\n\n<figure class=\"wp-block-image aligncenter size-large\"><a href=\"https:\/\/dodo-inflatables.com\/wp-content\/uploads\/2022\/01\/seperator-kleiner.png\"><img loading=\"lazy\" decoding=\"async\" width=\"1024\" height=\"102\" src=\"https:\/\/dodo-inflatables.com\/wp-content\/uploads\/2022\/01\/seperator-kleiner-1024x102.png\" alt=\"\" class=\"wp-image-4026\" srcset=\"https:\/\/dodo-inflatables.com\/wp-content\/uploads\/2022\/01\/seperator-kleiner-1024x102.png 1024w, https:\/\/dodo-inflatables.com\/wp-content\/uploads\/2022\/01\/seperator-kleiner-900x90.png 900w, https:\/\/dodo-inflatables.com\/wp-content\/uploads\/2022\/01\/seperator-kleiner-300x30.png 300w, https:\/\/dodo-inflatables.com\/wp-content\/uploads\/2022\/01\/seperator-kleiner-768x77.png 768w, https:\/\/dodo-inflatables.com\/wp-content\/uploads\/2022\/01\/seperator-kleiner-1536x154.png 1536w, https:\/\/dodo-inflatables.com\/wp-content\/uploads\/2022\/01\/seperator-kleiner-340x34.png 340w, https:\/\/dodo-inflatables.com\/wp-content\/uploads\/2022\/01\/seperator-kleiner.png 2000w\" sizes=\"auto, (max-width: 1024px) 100vw, 1024px\" \/><\/a><\/figure>\n\n<h3 class=\"wp-block-heading has-text-align-center\">V\u00e4lkommen till Dodo-Inflatables.com &#8211; v\u00e5r onlinebutik f\u00f6r uppbl\u00e5sbara saker i Europa!<\/h3>\n\n<p style=\"font-size:17px\">Dyk ner i v\u00e5rt omfattande urval av h\u00f6gkvalitativa uppbl\u00e5sbara saker, <a href=\"https:\/\/dodo-inflatables.com\/sk\/kategoria-produktu\/bouncy-castles-sk\/\">uppbl\u00e5sbara slott<\/a> och <a href=\"https:\/\/dodo-inflatables.com\/sk\/kategoria-produktu\/slides-sk\/\">rutschbanor<\/a> som kommer att l\u00e4gga till det lilla extra till alla tillf\u00e4llen. Oavsett om du letar efter ett stort uppbl\u00e5sbart slott f\u00f6r ett f\u00f6retagsevent, ett litet uppbl\u00e5sbart slott f\u00f6r ett barnkalas eller ett uppbl\u00e5sbart slott med rutschkana f\u00f6r en sommarfest &#8211; du kommer garanterat att hitta n\u00e5got passande hos oss!<\/p>\n\n<p style=\"font-size:17px\">I v\u00e5rt sortiment finns inte bara en m\u00e4ngd olika hoppborgar, utan \u00e4ven ett brett utbud av tillbeh\u00f6r, bland annat <a href=\"https:\/\/dodo-inflatables.com\/sk\/produkt\/duchadlo-gibbons-fp5005-15ps\/\" data-type=\"product\" data-id=\"81\">Gibbons <\/a>och <a href=\"https:\/\/dodo-inflatables.com\/sk\/produkt\/huawei-duchadlo-reh-1-5e-15ps\/\" data-type=\"product\" data-id=\"2724\">Huawei-bl\u00e5sare<\/a> till hoppborgar.<\/p>\n\n<p style=\"font-size:17px\">Frakt av en hoppslott med tillbeh\u00f6r till <strong>Sverige kostar 248,00 \u20ac<\/strong>. Ett paket med uppbl\u00e5sbara tillbeh\u00f6r kostar 29,00 \u20ac. Om hoppborgen finns i lager skickas den till dig direkt efter mottagen betalning. Leveranstiden till Sverige \u00e4r ca <strong>4 &#8211; 6 arbetsdagar<\/strong>. Det \u00e4r m\u00f6jligt att sj\u00e4lv h\u00e4mta upp hoppborgen fr\u00e5n v\u00e5rt lager i M\u00fcnchen, Tyskland.<\/p>\n\n<p style=\"font-size:17px\">Alla v\u00e5ra hoppborgar uppfyller de str\u00e4nga s\u00e4kerhetsstandarderna i <strong>DIN EN 14960<\/strong> och \u00e4r l\u00e4mpliga f\u00f6r privat och kommersiellt bruk. Du kommer att f\u00e5 en detaljerad guide och motsvarande certifikat f\u00f6r din nya uppbl\u00e5sbara n\u00e4r den har skickats.<\/p>\n\n<p style=\"font-size:17px\">Momsbefrielse f\u00f6r f\u00f6retag! Om du k\u00f6per som ett f\u00f6retag anger du ditt momsregistreringsnummer i kassan f\u00f6r att g\u00f6ra skattefria ink\u00f6p.<\/p>\n\n<p style=\"font-size:17px\">Oavsett om du \u00e4r en privatperson som letar efter en hoppslott f\u00f6r ditt n\u00e4sta familjefest eller om du \u00e4r ett kommersiellt uthyrningsf\u00f6retag som vill ut\u00f6ka ditt sortiment, passar v\u00e5ra hoppborgar f\u00f6r alla. Faktum \u00e4r att de flesta av v\u00e5ra kunder i Europa \u00e4r uthyrare av hoppborgar som uppskattar v\u00e5ra produkter f\u00f6r evenemang i alla storlekar.<\/p>\n\n<p style=\"font-size:17px\">Vi hoppas att du tycker om att surfa i v\u00e5r onlinebutik och svarar g\u00e4rna p\u00e5 eventuella fr\u00e5gor p\u00e5 <a href=\"mailto:contact@dodo-inflatables.com\">contact@dodo-inflatables.com!<\/a><\/p>\n\n<div style=\"height:100px\" aria-hidden=\"true\" class=\"wp-block-spacer\"><\/div>\n","protected":false},"excerpt":{"rendered":"<p>N\u00e1js\u0165 na internete rutschkanor och hoppborgar i Sverige V\u00e4lkommen till Dodo-Inflatables.com &#8211; v\u00e5r onlinebutik f\u00f6r uppbl\u00e5sbara saker i Europa! Dyk ner i v\u00e5rt omfattande urval av h\u00f6gkvalitativa uppbl\u00e5sbara saker, uppbl\u00e5sbara slott och rutschbanor som kommer att l\u00e4gga till det lilla extra till alla tillf\u00e4llen. Oavsett om du letar efter ett stort uppbl\u00e5sbart slott f\u00f6r ett [&hellip;]<\/p>\n","protected":false},"author":1,"featured_media":0,"parent":0,"menu_order":0,"comment_status":"closed","ping_status":"closed","template":"","meta":{"_acf_changed":false,"_uag_custom_page_level_css":"","site-sidebar-layout":"default","site-content-layout":"","ast-site-content-layout":"normal-width-container","site-content-style":"default","site-sidebar-style":"default","ast-global-header-display":"","ast-banner-title-visibility":"","ast-main-header-display":"","ast-hfb-above-header-display":"","ast-hfb-below-header-display":"","ast-hfb-mobile-header-display":"","site-post-title":"","ast-breadcrumbs-content":"","ast-featured-img":"","footer-sml-layout":"","ast-disable-related-posts":"","theme-transparent-header-meta":"","adv-header-id-meta":"4069","stick-header-meta":"","header-above-stick-meta":"","header-main-stick-meta":"","header-below-stick-meta":"","astra-migrate-meta-layouts":"default","ast-page-background-enabled":"default","ast-page-background-meta":{"desktop":{"background-color":"var(--ast-global-color-4)","background-image":"","background-repeat":"repeat","background-position":"center center","background-size":"auto","background-attachment":"scroll","background-type":"","background-media":"","overlay-type":"","overlay-color":"","overlay-opacity":"","overlay-gradient":""},"tablet":{"background-color":"","background-image":"","background-repeat":"repeat","background-position":"center center","background-size":"auto","background-attachment":"scroll","background-type":"","background-media":"","overlay-type":"","overlay-color":"","overlay-opacity":"","overlay-gradient":""},"mobile":{"background-color":"","background-image":"","background-repeat":"repeat","background-position":"center center","background-size":"auto","background-attachment":"scroll","background-type":"","background-media":"","overlay-type":"","overlay-color":"","overlay-opacity":"","overlay-gradient":""}},"ast-content-background-meta":{"desktop":{"background-color":"var(--ast-global-color-5)","background-image":"","background-repeat":"repeat","background-position":"center center","background-size":"auto","background-attachment":"scroll","background-type":"","background-media":"","overlay-type":"","overlay-color":"","overlay-opacity":"","overlay-gradient":""},"tablet":{"background-color":"var(--ast-global-color-5)","background-image":"","background-repeat":"repeat","background-position":"center center","background-size":"auto","background-attachment":"scroll","background-type":"","background-media":"","overlay-type":"","overlay-color":"","overlay-opacity":"","overlay-gradient":""},"mobile":{"background-color":"var(--ast-global-color-5)","background-image":"","background-repeat":"repeat","background-position":"center center","background-size":"auto","background-attachment":"scroll","background-type":"","background-media":"","overlay-type":"","overlay-color":"","overlay-opacity":"","overlay-gradient":""}},"footnotes":""},"class_list":["post-12156","page","type-page","status-publish","hentry"],"acf":[],"yoast_head":"<!-- This site is optimized with the Yoast SEO plugin v27.4 - https:\/\/yoast.com\/product\/yoast-seo-wordpress\/ -->\n<title>N\u00e1js\u0165 na internete rutschkanor och hoppborgar i Sverige - dodo-inflatables.com<\/title>\n<meta name=\"robots\" content=\"index, follow, max-snippet:-1, max-image-preview:large, max-video-preview:-1\" \/>\n<link rel=\"canonical\" href=\"https:\/\/dodo-inflatables.com\/sk\/najst-na-internete-rutschkanor-och-hoppborgar-i-sverige\/\" \/>\n<meta name=\"twitter:label1\" content=\"Predpokladan\u00fd \u010das \u010d\u00edtania\" \/>\n\t<meta name=\"twitter:data1\" content=\"2 min\u00faty\" \/>\n<script type=\"application\/ld+json\" class=\"yoast-schema-graph\">{\"@context\":\"https:\\\/\\\/schema.org\",\"@graph\":[{\"@type\":\"WebPage\",\"@id\":\"https:\\\/\\\/dodo-inflatables.com\\\/sk\\\/najst-na-internete-rutschkanor-och-hoppborgar-i-sverige\\\/\",\"url\":\"https:\\\/\\\/dodo-inflatables.com\\\/sk\\\/najst-na-internete-rutschkanor-och-hoppborgar-i-sverige\\\/\",\"name\":\"N\u00e1js\u0165 na internete rutschkanor och hoppborgar i Sverige - dodo-inflatables.com\",\"isPartOf\":{\"@id\":\"https:\\\/\\\/dodo-inflatables.com\\\/sk\\\/#website\"},\"primaryImageOfPage\":{\"@id\":\"https:\\\/\\\/dodo-inflatables.com\\\/sk\\\/najst-na-internete-rutschkanor-och-hoppborgar-i-sverige\\\/#primaryimage\"},\"image\":{\"@id\":\"https:\\\/\\\/dodo-inflatables.com\\\/sk\\\/najst-na-internete-rutschkanor-och-hoppborgar-i-sverige\\\/#primaryimage\"},\"thumbnailUrl\":\"https:\\\/\\\/dodo-inflatables.com\\\/wp-content\\\/uploads\\\/2022\\\/01\\\/seperator-kleiner-1024x102.png\",\"datePublished\":\"2024-03-04T16:48:53+00:00\",\"dateModified\":\"2024-07-10T11:53:17+00:00\",\"breadcrumb\":{\"@id\":\"https:\\\/\\\/dodo-inflatables.com\\\/sk\\\/najst-na-internete-rutschkanor-och-hoppborgar-i-sverige\\\/#breadcrumb\"},\"inLanguage\":\"sk-SK\",\"potentialAction\":[{\"@type\":\"ReadAction\",\"target\":[\"https:\\\/\\\/dodo-inflatables.com\\\/sk\\\/najst-na-internete-rutschkanor-och-hoppborgar-i-sverige\\\/\"]}]},{\"@type\":\"ImageObject\",\"inLanguage\":\"sk-SK\",\"@id\":\"https:\\\/\\\/dodo-inflatables.com\\\/sk\\\/najst-na-internete-rutschkanor-och-hoppborgar-i-sverige\\\/#primaryimage\",\"url\":\"https:\\\/\\\/dodo-inflatables.com\\\/wp-content\\\/uploads\\\/2022\\\/01\\\/seperator-kleiner-1024x102.png\",\"contentUrl\":\"https:\\\/\\\/dodo-inflatables.com\\\/wp-content\\\/uploads\\\/2022\\\/01\\\/seperator-kleiner-1024x102.png\"},{\"@type\":\"BreadcrumbList\",\"@id\":\"https:\\\/\\\/dodo-inflatables.com\\\/sk\\\/najst-na-internete-rutschkanor-och-hoppborgar-i-sverige\\\/#breadcrumb\",\"itemListElement\":[{\"@type\":\"ListItem\",\"position\":1,\"name\":\"Domovsk\u00e1 str\u00e1nka\",\"item\":\"https:\\\/\\\/dodo-inflatables.com\\\/sk\\\/\"},{\"@type\":\"ListItem\",\"position\":2,\"name\":\"N\u00e1js\u0165 na internete rutschkanor och hoppborgar i Sverige\"}]},{\"@type\":\"WebSite\",\"@id\":\"https:\\\/\\\/dodo-inflatables.com\\\/sk\\\/#website\",\"url\":\"https:\\\/\\\/dodo-inflatables.com\\\/sk\\\/\",\"name\":\"dodo-inflatables.com\",\"description\":\"Nakupujte sk\u00e1kacie hrady a atrakcie v na\u0161om obchode.\",\"publisher\":{\"@id\":\"https:\\\/\\\/dodo-inflatables.com\\\/sk\\\/#organization\"},\"potentialAction\":[{\"@type\":\"SearchAction\",\"target\":{\"@type\":\"EntryPoint\",\"urlTemplate\":\"https:\\\/\\\/dodo-inflatables.com\\\/sk\\\/?s={search_term_string}\"},\"query-input\":{\"@type\":\"PropertyValueSpecification\",\"valueRequired\":true,\"valueName\":\"search_term_string\"}}],\"inLanguage\":\"sk-SK\"},{\"@type\":\"Organization\",\"@id\":\"https:\\\/\\\/dodo-inflatables.com\\\/sk\\\/#organization\",\"name\":\"dodo-inflatables.com\",\"url\":\"https:\\\/\\\/dodo-inflatables.com\\\/sk\\\/\",\"logo\":{\"@type\":\"ImageObject\",\"inLanguage\":\"sk-SK\",\"@id\":\"https:\\\/\\\/dodo-inflatables.com\\\/sk\\\/#\\\/schema\\\/logo\\\/image\\\/\",\"url\":\"https:\\\/\\\/dodo-inflatables.com\\\/wp-content\\\/uploads\\\/2023\\\/04\\\/cropped-cropped-cropped-Dodo-Logo.png\",\"contentUrl\":\"https:\\\/\\\/dodo-inflatables.com\\\/wp-content\\\/uploads\\\/2023\\\/04\\\/cropped-cropped-cropped-Dodo-Logo.png\",\"width\":2996,\"height\":1545,\"caption\":\"dodo-inflatables.com\"},\"image\":{\"@id\":\"https:\\\/\\\/dodo-inflatables.com\\\/sk\\\/#\\\/schema\\\/logo\\\/image\\\/\"}}]}<\/script>\n<!-- \/ Yoast SEO plugin. -->","yoast_head_json":{"title":"N\u00e1js\u0165 na internete rutschkanor och hoppborgar i Sverige - dodo-inflatables.com","robots":{"index":"index","follow":"follow","max-snippet":"max-snippet:-1","max-image-preview":"max-image-preview:large","max-video-preview":"max-video-preview:-1"},"canonical":"https:\/\/dodo-inflatables.com\/sk\/najst-na-internete-rutschkanor-och-hoppborgar-i-sverige\/","twitter_misc":{"Predpokladan\u00fd \u010das \u010d\u00edtania":"2 min\u00faty"},"schema":{"@context":"https:\/\/schema.org","@graph":[{"@type":"WebPage","@id":"https:\/\/dodo-inflatables.com\/sk\/najst-na-internete-rutschkanor-och-hoppborgar-i-sverige\/","url":"https:\/\/dodo-inflatables.com\/sk\/najst-na-internete-rutschkanor-och-hoppborgar-i-sverige\/","name":"N\u00e1js\u0165 na internete rutschkanor och hoppborgar i Sverige - dodo-inflatables.com","isPartOf":{"@id":"https:\/\/dodo-inflatables.com\/sk\/#website"},"primaryImageOfPage":{"@id":"https:\/\/dodo-inflatables.com\/sk\/najst-na-internete-rutschkanor-och-hoppborgar-i-sverige\/#primaryimage"},"image":{"@id":"https:\/\/dodo-inflatables.com\/sk\/najst-na-internete-rutschkanor-och-hoppborgar-i-sverige\/#primaryimage"},"thumbnailUrl":"https:\/\/dodo-inflatables.com\/wp-content\/uploads\/2022\/01\/seperator-kleiner-1024x102.png","datePublished":"2024-03-04T16:48:53+00:00","dateModified":"2024-07-10T11:53:17+00:00","breadcrumb":{"@id":"https:\/\/dodo-inflatables.com\/sk\/najst-na-internete-rutschkanor-och-hoppborgar-i-sverige\/#breadcrumb"},"inLanguage":"sk-SK","potentialAction":[{"@type":"ReadAction","target":["https:\/\/dodo-inflatables.com\/sk\/najst-na-internete-rutschkanor-och-hoppborgar-i-sverige\/"]}]},{"@type":"ImageObject","inLanguage":"sk-SK","@id":"https:\/\/dodo-inflatables.com\/sk\/najst-na-internete-rutschkanor-och-hoppborgar-i-sverige\/#primaryimage","url":"https:\/\/dodo-inflatables.com\/wp-content\/uploads\/2022\/01\/seperator-kleiner-1024x102.png","contentUrl":"https:\/\/dodo-inflatables.com\/wp-content\/uploads\/2022\/01\/seperator-kleiner-1024x102.png"},{"@type":"BreadcrumbList","@id":"https:\/\/dodo-inflatables.com\/sk\/najst-na-internete-rutschkanor-och-hoppborgar-i-sverige\/#breadcrumb","itemListElement":[{"@type":"ListItem","position":1,"name":"Domovsk\u00e1 str\u00e1nka","item":"https:\/\/dodo-inflatables.com\/sk\/"},{"@type":"ListItem","position":2,"name":"N\u00e1js\u0165 na internete rutschkanor och hoppborgar i Sverige"}]},{"@type":"WebSite","@id":"https:\/\/dodo-inflatables.com\/sk\/#website","url":"https:\/\/dodo-inflatables.com\/sk\/","name":"dodo-inflatables.com","description":"Nakupujte sk\u00e1kacie hrady a atrakcie v na\u0161om obchode.","publisher":{"@id":"https:\/\/dodo-inflatables.com\/sk\/#organization"},"potentialAction":[{"@type":"SearchAction","target":{"@type":"EntryPoint","urlTemplate":"https:\/\/dodo-inflatables.com\/sk\/?s={search_term_string}"},"query-input":{"@type":"PropertyValueSpecification","valueRequired":true,"valueName":"search_term_string"}}],"inLanguage":"sk-SK"},{"@type":"Organization","@id":"https:\/\/dodo-inflatables.com\/sk\/#organization","name":"dodo-inflatables.com","url":"https:\/\/dodo-inflatables.com\/sk\/","logo":{"@type":"ImageObject","inLanguage":"sk-SK","@id":"https:\/\/dodo-inflatables.com\/sk\/#\/schema\/logo\/image\/","url":"https:\/\/dodo-inflatables.com\/wp-content\/uploads\/2023\/04\/cropped-cropped-cropped-Dodo-Logo.png","contentUrl":"https:\/\/dodo-inflatables.com\/wp-content\/uploads\/2023\/04\/cropped-cropped-cropped-Dodo-Logo.png","width":2996,"height":1545,"caption":"dodo-inflatables.com"},"image":{"@id":"https:\/\/dodo-inflatables.com\/sk\/#\/schema\/logo\/image\/"}}]}},"uagb_featured_image_src":{"full":false,"thumbnail":false,"medium":false,"medium_large":false,"large":false,"1536x1536":false,"2048x2048":false,"woocommerce_thumbnail":false,"woocommerce_single":false,"woocommerce_gallery_thumbnail":false},"uagb_author_info":{"display_name":"Andreas","author_link":"https:\/\/dodo-inflatables.com\/sk\/author\/andreas\/"},"uagb_comment_info":0,"uagb_excerpt":"N\u00e1js\u0165 na internete rutschkanor och hoppborgar i Sverige V\u00e4lkommen till Dodo-Inflatables.com &#8211; v\u00e5r onlinebutik f\u00f6r uppbl\u00e5sbara saker i Europa! Dyk ner i v\u00e5rt omfattande urval av h\u00f6gkvalitativa uppbl\u00e5sbara saker, uppbl\u00e5sbara slott och rutschbanor som kommer att l\u00e4gga till det lilla extra till alla tillf\u00e4llen. Oavsett om du letar efter ett stort uppbl\u00e5sbart slott f\u00f6r ett&hellip;","_links":{"self":[{"href":"https:\/\/dodo-inflatables.com\/sk\/wp-json\/wp\/v2\/pages\/12156","targetHints":{"allow":["GET"]}}],"collection":[{"href":"https:\/\/dodo-inflatables.com\/sk\/wp-json\/wp\/v2\/pages"}],"about":[{"href":"https:\/\/dodo-inflatables.com\/sk\/wp-json\/wp\/v2\/types\/page"}],"author":[{"embeddable":true,"href":"https:\/\/dodo-inflatables.com\/sk\/wp-json\/wp\/v2\/users\/1"}],"replies":[{"embeddable":true,"href":"https:\/\/dodo-inflatables.com\/sk\/wp-json\/wp\/v2\/comments?post=12156"}],"version-history":[{"count":4,"href":"https:\/\/dodo-inflatables.com\/sk\/wp-json\/wp\/v2\/pages\/12156\/revisions"}],"predecessor-version":[{"id":16361,"href":"https:\/\/dodo-inflatables.com\/sk\/wp-json\/wp\/v2\/pages\/12156\/revisions\/16361"}],"wp:attachment":[{"href":"https:\/\/dodo-inflatables.com\/sk\/wp-json\/wp\/v2\/media?parent=12156"}],"curies":[{"name":"wp","href":"https:\/\/api.w.org\/{rel}","templated":true}]}}