{"id":12240,"date":"2024-03-01T20:02:30","date_gmt":"2024-03-01T19:02:30","guid":{"rendered":"https:\/\/dodo-inflatables.com\/kupit-nafukovacie-smykacky-a-skakacie-hrady-v-spojenom-kralovstve\/"},"modified":"2024-07-10T13:52:06","modified_gmt":"2024-07-10T11:52:06","slug":"kupit-nafukovacie-smykacky-a-skakacie-hrady-v-spojenom-kralovstve","status":"publish","type":"page","link":"https:\/\/dodo-inflatables.com\/sk\/kupit-nafukovacie-smykacky-a-skakacie-hrady-v-spojenom-kralovstve\/","title":{"rendered":"K\u00fapi\u0165 nafukovacie \u0161m\u00fdka\u010dky a sk\u00e1kacie hrady v Spojenom kr\u00e1\u013eovstve"},"content":{"rendered":"\n<h2 class=\"wp-block-heading has-text-align-center\">K\u00fapi\u0165 nafukovacie \u0161m\u00fdka\u010dky a sk\u00e1kacie hrady v Spojenom kr\u00e1\u013eovstve<\/h2>\n\n<figure class=\"wp-block-image aligncenter size-large\"><a href=\"https:\/\/dodo-inflatables.com\/wp-content\/uploads\/2022\/01\/seperator-kleiner.png\"><img loading=\"lazy\" decoding=\"async\" width=\"1024\" height=\"102\" src=\"https:\/\/dodo-inflatables.com\/wp-content\/uploads\/2022\/01\/seperator-kleiner-1024x102.png\" alt=\"\" class=\"wp-image-4026\" srcset=\"https:\/\/dodo-inflatables.com\/wp-content\/uploads\/2022\/01\/seperator-kleiner-1024x102.png 1024w, https:\/\/dodo-inflatables.com\/wp-content\/uploads\/2022\/01\/seperator-kleiner-900x90.png 900w, https:\/\/dodo-inflatables.com\/wp-content\/uploads\/2022\/01\/seperator-kleiner-300x30.png 300w, https:\/\/dodo-inflatables.com\/wp-content\/uploads\/2022\/01\/seperator-kleiner-768x77.png 768w, https:\/\/dodo-inflatables.com\/wp-content\/uploads\/2022\/01\/seperator-kleiner-1536x154.png 1536w, https:\/\/dodo-inflatables.com\/wp-content\/uploads\/2022\/01\/seperator-kleiner-340x34.png 340w, https:\/\/dodo-inflatables.com\/wp-content\/uploads\/2022\/01\/seperator-kleiner.png 2000w\" sizes=\"auto, (max-width: 1024px) 100vw, 1024px\" \/><\/a><\/figure>\n\n<h3 class=\"wp-block-heading has-text-align-center\">Vitajte na Dodo-Inflatables.com &#8211; na\u0161om online obchode s nafukovac\u00edmi hra\u010dkami v Eur\u00f3pe!<\/h3>\n\n<div style=\"height:45px\" aria-hidden=\"true\" class=\"wp-block-spacer\"><\/div>\n\n<p style=\"font-size:17px\">Ponorte sa do na\u0161ej \u0161irokej ponuky vysokokvalitn\u00fdch nafukovac\u00edch atrakci\u00ed, <a href=\"https:\/\/dodo-inflatables.com\/sk\/kategoria-produktu\/bouncy-castles-sk\/\" data-type=\"link\" data-id=\"https:\/\/dodo-inflatables.com\/product-category\/bouncy-castles\/\">nafukovac\u00edch hradov<\/a> a <a href=\"https:\/\/dodo-inflatables.com\/sk\/kategoria-produktu\/slides-sk\/\" data-type=\"link\" data-id=\"https:\/\/dodo-inflatables.com\/product-category\/slides\/\">\u0161m\u00fdka\u010diek<\/a>, ktor\u00e9 dodaj\u00fa ka\u017edej pr\u00edle\u017eitosti nie\u010do navy\u0161e. \u010ci u\u017e h\u013ead\u00e1te ve\u013ek\u00fd sk\u00e1kac\u00ed hrad na firemn\u00fa akciu, mal\u00fd sk\u00e1kac\u00ed hrad na detsk\u00fa narodeninov\u00fa oslavu alebo sk\u00e1kac\u00ed hrad so \u0161myk\u013eavkou na letn\u00fa p\u00e1rty &#8211; u n\u00e1s zaru\u010dene n\u00e1jdete nie\u010do vhodn\u00e9!<\/p>\n\n<p style=\"font-size:17px\">N\u00e1\u0161 sortiment zah\u0155\u0148a nielen r\u00f4zne sk\u00e1kacie hrady, ale aj \u0161irok\u00fa \u0161k\u00e1lu <a href=\"https:\/\/dodo-inflatables.com\/sk\/kategoria-produktu\/prislusenstvo\/\" data-type=\"link\" data-id=\"https:\/\/dodo-inflatables.com\/product-category\/accessories\/\">pr\u00edslu\u0161enstva<\/a> vr\u00e1tane fuk\u00e1rov <a href=\"https:\/\/dodo-inflatables.com\/sk\/produkt\/duchadlo-gibbons-fp5005-15ps\/\" data-type=\"product\" data-id=\"81\">Gibbons<\/a> a <a href=\"https:\/\/dodo-inflatables.com\/sk\/produkt\/huawei-duchadlo-reh-1-5e-15ps\/\" data-type=\"product\" data-id=\"2724\">Huawei<\/a> pre sk\u00e1kacie hrady.<\/p>\n\n<p style=\"font-size:17px\"><strong>N\u00e1klady na<\/strong> dopravu sk\u00e1kacieho hradu a pr\u00edslu\u0161enstva <strong>do Anglicka s\u00fa 339,00 \u20ac<\/strong>. Ak potrebujete len pr\u00edslu\u0161enstvo, preprava bal\u00edka stoj\u00ed 29,00 \u20ac.<\/p>\n\n<p style=\"font-size:17px\">Ak je nafukova\u010dka na sklade, bude v\u00e1m odoslan\u00e1 okam\u017eite po prijat\u00ed platby. Dodanie do Spojen\u00e9ho kr\u00e1\u013eovstva <strong>trv\u00e1<\/strong> pribli\u017ene <strong>4 &#8211; 6 pracovn\u00fdch dn\u00ed<\/strong>. Vlastn\u00fd odber je mo\u017en\u00fd z n\u00e1\u0161ho skladu v <strong>Mn\u00edchove v Nemecku<\/strong>.<\/p>\n\n<p style=\"font-size:17px\">V\u0161etky na\u0161e nafukovacie koles\u00e1 sp\u013a\u0148aj\u00fa pr\u00edsne bezpe\u010dnostn\u00e9 normy <strong>DIN EN 14960 <\/strong>a s\u00fa vhodn\u00e9 na s\u00fakromn\u00e9 aj komer\u010dn\u00e9 pou\u017eitie. Po odoslan\u00ed dostanete <strong>podrobn\u00fd n\u00e1vod <\/strong>a<strong> pr\u00edslu\u0161n\u00fd certifik\u00e1t pre <\/strong>va\u0161u nov\u00fa nafukova\u010dku.<\/p>\n\n<p style=\"font-size:17px\">Ako z\u00e1kazn\u00edk z krajiny mimo E\u00da m\u00f4\u017eete u n\u00e1s nakupova\u0165 <strong>bez DPH<\/strong>. Ceny uveden\u00e9 v internetovom obchode zah\u0155\u0148aj\u00fa nemeck\u00fa DPH (19 %), ktor\u00e1 sa n\u00e1sledne odpo\u010d\u00edta. Pri zasielan\u00ed do Spojen\u00e9ho kr\u00e1\u013eovstva sa pova\u017eujete za &#8222;dovozcu&#8220;. Preto v\u00e1m bude \u00fa\u010dtovan\u00e1 dovozn\u00e1 da\u0148 z predaja a dovozn\u00e9 clo. Na\u0161e n\u00e1klady na prepravu do Spojen\u00e9ho kr\u00e1\u013eovstva zah\u0155\u0148aj\u00fa cenu za prepravu, coln\u00e9 odbavenie a pr\u00edpravu ABD.<\/p>\n\n<p style=\"font-size:17px\">\u010ci u\u017e ste s\u00fakromn\u00fd pou\u017e\u00edvate\u013e, ktor\u00fd h\u013ead\u00e1 sk\u00e1kac\u00ed hrad na svoju \u010fal\u0161iu rodinn\u00fa oslavu, alebo komer\u010dn\u00e1 po\u017ei\u010dov\u0148a, ktor\u00e1 chce roz\u0161\u00edri\u0165 svoj sortiment, na\u0161e sk\u00e1kacie hrady s\u00fa vhodn\u00e9 pre ka\u017ed\u00e9ho. V\u00e4\u010d\u0161ina na\u0161ich z\u00e1kazn\u00edkov v celej Eur\u00f3pe s\u00fa po\u017ei\u010dovne sk\u00e1kac\u00edch hradov, ktor\u00e9 oce\u0148uj\u00fa na\u0161e v\u00fdrobky na podujatia v\u0161etk\u00fdch ve\u013ekost\u00ed.<\/p>\n\n<p style=\"font-size:17px\">D\u00fafame, \u017ee sa v\u00e1m bude v na\u0161om internetovom obchode p\u00e1\u010di\u0165 a radi v\u00e1m odpovieme na v\u0161etky ot\u00e1zky na <a href=\"mailto:contact@dodo-inflatables.com\">contact@dodo-inflatables.com!<\/a><\/p>\n\n<div style=\"height:45px\" aria-hidden=\"true\" class=\"wp-block-spacer\"><\/div>\n","protected":false},"excerpt":{"rendered":"<p>K\u00fapi\u0165 nafukovacie \u0161m\u00fdka\u010dky a sk\u00e1kacie hrady v Spojenom kr\u00e1\u013eovstve Vitajte na Dodo-Inflatables.com &#8211; na\u0161om online obchode s nafukovac\u00edmi hra\u010dkami v Eur\u00f3pe! Ponorte sa do na\u0161ej \u0161irokej ponuky vysokokvalitn\u00fdch nafukovac\u00edch atrakci\u00ed, nafukovac\u00edch hradov a \u0161m\u00fdka\u010diek, ktor\u00e9 dodaj\u00fa ka\u017edej pr\u00edle\u017eitosti nie\u010do navy\u0161e. \u010ci u\u017e h\u013ead\u00e1te ve\u013ek\u00fd sk\u00e1kac\u00ed hrad na firemn\u00fa akciu, mal\u00fd sk\u00e1kac\u00ed hrad na detsk\u00fa narodeninov\u00fa [&hellip;]<\/p>\n","protected":false},"author":1,"featured_media":0,"parent":0,"menu_order":0,"comment_status":"closed","ping_status":"closed","template":"","meta":{"_acf_changed":false,"_uag_custom_page_level_css":"","site-sidebar-layout":"default","site-content-layout":"","ast-site-content-layout":"default","site-content-style":"boxed","site-sidebar-style":"default","ast-global-header-display":"","ast-banner-title-visibility":"","ast-main-header-display":"","ast-hfb-above-header-display":"","ast-hfb-below-header-display":"","ast-hfb-mobile-header-display":"","site-post-title":"","ast-breadcrumbs-content":"","ast-featured-img":"","footer-sml-layout":"","ast-disable-related-posts":"","theme-transparent-header-meta":"","adv-header-id-meta":"4069","stick-header-meta":"","header-above-stick-meta":"","header-main-stick-meta":"","header-below-stick-meta":"","astra-migrate-meta-layouts":"default","ast-page-background-enabled":"default","ast-page-background-meta":{"desktop":{"background-color":"var(--ast-global-color-4)","background-image":"","background-repeat":"repeat","background-position":"center center","background-size":"auto","background-attachment":"scroll","background-type":"","background-media":"","overlay-type":"","overlay-color":"","overlay-opacity":"","overlay-gradient":""},"tablet":{"background-color":"","background-image":"","background-repeat":"repeat","background-position":"center center","background-size":"auto","background-attachment":"scroll","background-type":"","background-media":"","overlay-type":"","overlay-color":"","overlay-opacity":"","overlay-gradient":""},"mobile":{"background-color":"","background-image":"","background-repeat":"repeat","background-position":"center center","background-size":"auto","background-attachment":"scroll","background-type":"","background-media":"","overlay-type":"","overlay-color":"","overlay-opacity":"","overlay-gradient":""}},"ast-content-background-meta":{"desktop":{"background-color":"var(--ast-global-color-5)","background-image":"","background-repeat":"repeat","background-position":"center center","background-size":"auto","background-attachment":"scroll","background-type":"","background-media":"","overlay-type":"","overlay-color":"","overlay-opacity":"","overlay-gradient":""},"tablet":{"background-color":"var(--ast-global-color-5)","background-image":"","background-repeat":"repeat","background-position":"center center","background-size":"auto","background-attachment":"scroll","background-type":"","background-media":"","overlay-type":"","overlay-color":"","overlay-opacity":"","overlay-gradient":""},"mobile":{"background-color":"var(--ast-global-color-5)","background-image":"","background-repeat":"repeat","background-position":"center center","background-size":"auto","background-attachment":"scroll","background-type":"","background-media":"","overlay-type":"","overlay-color":"","overlay-opacity":"","overlay-gradient":""}},"footnotes":""},"class_list":["post-12240","page","type-page","status-publish","hentry"],"acf":[],"yoast_head":"<!-- This site is optimized with the Yoast SEO plugin v27.4 - https:\/\/yoast.com\/product\/yoast-seo-wordpress\/ -->\n<title>K\u00fapi\u0165 nafukovacie \u0161m\u00fdka\u010dky a sk\u00e1kacie hrady v Spojenom kr\u00e1\u013eovstve - dodo-inflatables.com<\/title>\n<meta name=\"robots\" content=\"index, follow, max-snippet:-1, max-image-preview:large, max-video-preview:-1\" \/>\n<link rel=\"canonical\" href=\"https:\/\/dodo-inflatables.com\/sk\/kupit-nafukovacie-smykacky-a-skakacie-hrady-v-spojenom-kralovstve\/\" \/>\n<meta name=\"twitter:label1\" content=\"Predpokladan\u00fd \u010das \u010d\u00edtania\" \/>\n\t<meta name=\"twitter:data1\" content=\"2 min\u00faty\" \/>\n<script type=\"application\/ld+json\" class=\"yoast-schema-graph\">{\"@context\":\"https:\\\/\\\/schema.org\",\"@graph\":[{\"@type\":\"WebPage\",\"@id\":\"https:\\\/\\\/dodo-inflatables.com\\\/sk\\\/kupit-nafukovacie-smykacky-a-skakacie-hrady-v-spojenom-kralovstve\\\/\",\"url\":\"https:\\\/\\\/dodo-inflatables.com\\\/sk\\\/kupit-nafukovacie-smykacky-a-skakacie-hrady-v-spojenom-kralovstve\\\/\",\"name\":\"K\u00fapi\u0165 nafukovacie \u0161m\u00fdka\u010dky a sk\u00e1kacie hrady v Spojenom kr\u00e1\u013eovstve - dodo-inflatables.com\",\"isPartOf\":{\"@id\":\"https:\\\/\\\/dodo-inflatables.com\\\/sk\\\/#website\"},\"primaryImageOfPage\":{\"@id\":\"https:\\\/\\\/dodo-inflatables.com\\\/sk\\\/kupit-nafukovacie-smykacky-a-skakacie-hrady-v-spojenom-kralovstve\\\/#primaryimage\"},\"image\":{\"@id\":\"https:\\\/\\\/dodo-inflatables.com\\\/sk\\\/kupit-nafukovacie-smykacky-a-skakacie-hrady-v-spojenom-kralovstve\\\/#primaryimage\"},\"thumbnailUrl\":\"https:\\\/\\\/dodo-inflatables.com\\\/wp-content\\\/uploads\\\/2022\\\/01\\\/seperator-kleiner-1024x102.png\",\"datePublished\":\"2024-03-01T19:02:30+00:00\",\"dateModified\":\"2024-07-10T11:52:06+00:00\",\"breadcrumb\":{\"@id\":\"https:\\\/\\\/dodo-inflatables.com\\\/sk\\\/kupit-nafukovacie-smykacky-a-skakacie-hrady-v-spojenom-kralovstve\\\/#breadcrumb\"},\"inLanguage\":\"sk-SK\",\"potentialAction\":[{\"@type\":\"ReadAction\",\"target\":[\"https:\\\/\\\/dodo-inflatables.com\\\/sk\\\/kupit-nafukovacie-smykacky-a-skakacie-hrady-v-spojenom-kralovstve\\\/\"]}]},{\"@type\":\"ImageObject\",\"inLanguage\":\"sk-SK\",\"@id\":\"https:\\\/\\\/dodo-inflatables.com\\\/sk\\\/kupit-nafukovacie-smykacky-a-skakacie-hrady-v-spojenom-kralovstve\\\/#primaryimage\",\"url\":\"https:\\\/\\\/dodo-inflatables.com\\\/wp-content\\\/uploads\\\/2022\\\/01\\\/seperator-kleiner-1024x102.png\",\"contentUrl\":\"https:\\\/\\\/dodo-inflatables.com\\\/wp-content\\\/uploads\\\/2022\\\/01\\\/seperator-kleiner-1024x102.png\"},{\"@type\":\"BreadcrumbList\",\"@id\":\"https:\\\/\\\/dodo-inflatables.com\\\/sk\\\/kupit-nafukovacie-smykacky-a-skakacie-hrady-v-spojenom-kralovstve\\\/#breadcrumb\",\"itemListElement\":[{\"@type\":\"ListItem\",\"position\":1,\"name\":\"Domovsk\u00e1 str\u00e1nka\",\"item\":\"https:\\\/\\\/dodo-inflatables.com\\\/sk\\\/\"},{\"@type\":\"ListItem\",\"position\":2,\"name\":\"K\u00fapi\u0165 nafukovacie \u0161m\u00fdka\u010dky a sk\u00e1kacie hrady v Spojenom kr\u00e1\u013eovstve\"}]},{\"@type\":\"WebSite\",\"@id\":\"https:\\\/\\\/dodo-inflatables.com\\\/sk\\\/#website\",\"url\":\"https:\\\/\\\/dodo-inflatables.com\\\/sk\\\/\",\"name\":\"dodo-inflatables.com\",\"description\":\"Nakupujte sk\u00e1kacie hrady a atrakcie v na\u0161om obchode.\",\"publisher\":{\"@id\":\"https:\\\/\\\/dodo-inflatables.com\\\/sk\\\/#organization\"},\"potentialAction\":[{\"@type\":\"SearchAction\",\"target\":{\"@type\":\"EntryPoint\",\"urlTemplate\":\"https:\\\/\\\/dodo-inflatables.com\\\/sk\\\/?s={search_term_string}\"},\"query-input\":{\"@type\":\"PropertyValueSpecification\",\"valueRequired\":true,\"valueName\":\"search_term_string\"}}],\"inLanguage\":\"sk-SK\"},{\"@type\":\"Organization\",\"@id\":\"https:\\\/\\\/dodo-inflatables.com\\\/sk\\\/#organization\",\"name\":\"dodo-inflatables.com\",\"url\":\"https:\\\/\\\/dodo-inflatables.com\\\/sk\\\/\",\"logo\":{\"@type\":\"ImageObject\",\"inLanguage\":\"sk-SK\",\"@id\":\"https:\\\/\\\/dodo-inflatables.com\\\/sk\\\/#\\\/schema\\\/logo\\\/image\\\/\",\"url\":\"https:\\\/\\\/dodo-inflatables.com\\\/wp-content\\\/uploads\\\/2023\\\/04\\\/cropped-cropped-cropped-Dodo-Logo.png\",\"contentUrl\":\"https:\\\/\\\/dodo-inflatables.com\\\/wp-content\\\/uploads\\\/2023\\\/04\\\/cropped-cropped-cropped-Dodo-Logo.png\",\"width\":2996,\"height\":1545,\"caption\":\"dodo-inflatables.com\"},\"image\":{\"@id\":\"https:\\\/\\\/dodo-inflatables.com\\\/sk\\\/#\\\/schema\\\/logo\\\/image\\\/\"}}]}<\/script>\n<!-- \/ Yoast SEO plugin. -->","yoast_head_json":{"title":"K\u00fapi\u0165 nafukovacie \u0161m\u00fdka\u010dky a sk\u00e1kacie hrady v Spojenom kr\u00e1\u013eovstve - dodo-inflatables.com","robots":{"index":"index","follow":"follow","max-snippet":"max-snippet:-1","max-image-preview":"max-image-preview:large","max-video-preview":"max-video-preview:-1"},"canonical":"https:\/\/dodo-inflatables.com\/sk\/kupit-nafukovacie-smykacky-a-skakacie-hrady-v-spojenom-kralovstve\/","twitter_misc":{"Predpokladan\u00fd \u010das \u010d\u00edtania":"2 min\u00faty"},"schema":{"@context":"https:\/\/schema.org","@graph":[{"@type":"WebPage","@id":"https:\/\/dodo-inflatables.com\/sk\/kupit-nafukovacie-smykacky-a-skakacie-hrady-v-spojenom-kralovstve\/","url":"https:\/\/dodo-inflatables.com\/sk\/kupit-nafukovacie-smykacky-a-skakacie-hrady-v-spojenom-kralovstve\/","name":"K\u00fapi\u0165 nafukovacie \u0161m\u00fdka\u010dky a sk\u00e1kacie hrady v Spojenom kr\u00e1\u013eovstve - dodo-inflatables.com","isPartOf":{"@id":"https:\/\/dodo-inflatables.com\/sk\/#website"},"primaryImageOfPage":{"@id":"https:\/\/dodo-inflatables.com\/sk\/kupit-nafukovacie-smykacky-a-skakacie-hrady-v-spojenom-kralovstve\/#primaryimage"},"image":{"@id":"https:\/\/dodo-inflatables.com\/sk\/kupit-nafukovacie-smykacky-a-skakacie-hrady-v-spojenom-kralovstve\/#primaryimage"},"thumbnailUrl":"https:\/\/dodo-inflatables.com\/wp-content\/uploads\/2022\/01\/seperator-kleiner-1024x102.png","datePublished":"2024-03-01T19:02:30+00:00","dateModified":"2024-07-10T11:52:06+00:00","breadcrumb":{"@id":"https:\/\/dodo-inflatables.com\/sk\/kupit-nafukovacie-smykacky-a-skakacie-hrady-v-spojenom-kralovstve\/#breadcrumb"},"inLanguage":"sk-SK","potentialAction":[{"@type":"ReadAction","target":["https:\/\/dodo-inflatables.com\/sk\/kupit-nafukovacie-smykacky-a-skakacie-hrady-v-spojenom-kralovstve\/"]}]},{"@type":"ImageObject","inLanguage":"sk-SK","@id":"https:\/\/dodo-inflatables.com\/sk\/kupit-nafukovacie-smykacky-a-skakacie-hrady-v-spojenom-kralovstve\/#primaryimage","url":"https:\/\/dodo-inflatables.com\/wp-content\/uploads\/2022\/01\/seperator-kleiner-1024x102.png","contentUrl":"https:\/\/dodo-inflatables.com\/wp-content\/uploads\/2022\/01\/seperator-kleiner-1024x102.png"},{"@type":"BreadcrumbList","@id":"https:\/\/dodo-inflatables.com\/sk\/kupit-nafukovacie-smykacky-a-skakacie-hrady-v-spojenom-kralovstve\/#breadcrumb","itemListElement":[{"@type":"ListItem","position":1,"name":"Domovsk\u00e1 str\u00e1nka","item":"https:\/\/dodo-inflatables.com\/sk\/"},{"@type":"ListItem","position":2,"name":"K\u00fapi\u0165 nafukovacie \u0161m\u00fdka\u010dky a sk\u00e1kacie hrady v Spojenom kr\u00e1\u013eovstve"}]},{"@type":"WebSite","@id":"https:\/\/dodo-inflatables.com\/sk\/#website","url":"https:\/\/dodo-inflatables.com\/sk\/","name":"dodo-inflatables.com","description":"Nakupujte sk\u00e1kacie hrady a atrakcie v na\u0161om obchode.","publisher":{"@id":"https:\/\/dodo-inflatables.com\/sk\/#organization"},"potentialAction":[{"@type":"SearchAction","target":{"@type":"EntryPoint","urlTemplate":"https:\/\/dodo-inflatables.com\/sk\/?s={search_term_string}"},"query-input":{"@type":"PropertyValueSpecification","valueRequired":true,"valueName":"search_term_string"}}],"inLanguage":"sk-SK"},{"@type":"Organization","@id":"https:\/\/dodo-inflatables.com\/sk\/#organization","name":"dodo-inflatables.com","url":"https:\/\/dodo-inflatables.com\/sk\/","logo":{"@type":"ImageObject","inLanguage":"sk-SK","@id":"https:\/\/dodo-inflatables.com\/sk\/#\/schema\/logo\/image\/","url":"https:\/\/dodo-inflatables.com\/wp-content\/uploads\/2023\/04\/cropped-cropped-cropped-Dodo-Logo.png","contentUrl":"https:\/\/dodo-inflatables.com\/wp-content\/uploads\/2023\/04\/cropped-cropped-cropped-Dodo-Logo.png","width":2996,"height":1545,"caption":"dodo-inflatables.com"},"image":{"@id":"https:\/\/dodo-inflatables.com\/sk\/#\/schema\/logo\/image\/"}}]}},"uagb_featured_image_src":{"full":false,"thumbnail":false,"medium":false,"medium_large":false,"large":false,"1536x1536":false,"2048x2048":false,"woocommerce_thumbnail":false,"woocommerce_single":false,"woocommerce_gallery_thumbnail":false},"uagb_author_info":{"display_name":"Andreas","author_link":"https:\/\/dodo-inflatables.com\/sk\/author\/andreas\/"},"uagb_comment_info":0,"uagb_excerpt":"K\u00fapi\u0165 nafukovacie \u0161m\u00fdka\u010dky a sk\u00e1kacie hrady v Spojenom kr\u00e1\u013eovstve Vitajte na Dodo-Inflatables.com &#8211; na\u0161om online obchode s nafukovac\u00edmi hra\u010dkami v Eur\u00f3pe! Ponorte sa do na\u0161ej \u0161irokej ponuky vysokokvalitn\u00fdch nafukovac\u00edch atrakci\u00ed, nafukovac\u00edch hradov a \u0161m\u00fdka\u010diek, ktor\u00e9 dodaj\u00fa ka\u017edej pr\u00edle\u017eitosti nie\u010do navy\u0161e. \u010ci u\u017e h\u013ead\u00e1te ve\u013ek\u00fd sk\u00e1kac\u00ed hrad na firemn\u00fa akciu, mal\u00fd sk\u00e1kac\u00ed hrad na detsk\u00fa narodeninov\u00fa&hellip;","_links":{"self":[{"href":"https:\/\/dodo-inflatables.com\/sk\/wp-json\/wp\/v2\/pages\/12240","targetHints":{"allow":["GET"]}}],"collection":[{"href":"https:\/\/dodo-inflatables.com\/sk\/wp-json\/wp\/v2\/pages"}],"about":[{"href":"https:\/\/dodo-inflatables.com\/sk\/wp-json\/wp\/v2\/types\/page"}],"author":[{"embeddable":true,"href":"https:\/\/dodo-inflatables.com\/sk\/wp-json\/wp\/v2\/users\/1"}],"replies":[{"embeddable":true,"href":"https:\/\/dodo-inflatables.com\/sk\/wp-json\/wp\/v2\/comments?post=12240"}],"version-history":[{"count":4,"href":"https:\/\/dodo-inflatables.com\/sk\/wp-json\/wp\/v2\/pages\/12240\/revisions"}],"predecessor-version":[{"id":16288,"href":"https:\/\/dodo-inflatables.com\/sk\/wp-json\/wp\/v2\/pages\/12240\/revisions\/16288"}],"wp:attachment":[{"href":"https:\/\/dodo-inflatables.com\/sk\/wp-json\/wp\/v2\/media?parent=12240"}],"curies":[{"name":"wp","href":"https:\/\/api.w.org\/{rel}","templated":true}]}}