{"id":12287,"date":"2020-06-22T13:56:27","date_gmt":"2020-06-22T11:56:27","guid":{"rendered":"https:\/\/dodo-inflatables.com\/test\/"},"modified":"2024-06-01T18:23:29","modified_gmt":"2024-06-01T16:23:29","slug":"test","status":"publish","type":"page","link":"https:\/\/dodo-inflatables.com\/sk\/test\/","title":{"rendered":"Test"},"content":{"rendered":"\n<h2 class=\"has-text-align-center wp-block-heading\">Zahlungsm\u00f6glichkeiten<\/h2>\n\n<div style=\"height:22px\" aria-hidden=\"true\" class=\"wp-block-spacer\"><\/div>\n<p><strong><img loading=\"lazy\" decoding=\"async\" class=\"wp-image-2355 alignleft\" src=\"https:\/\/dodo-inflatables.com\/wp-content\/uploads\/2020\/06\/text-ueberweisung-300x214.png\" alt=\"\" width=\"100\" height=\"71\">\u00dcberweisung<\/strong><br \/>\u00dcberweise direkt an unsere Bankverbindung. Bitte nutze die Bestellnummer als Verwendungszweck. Deine Bestellung wird erst nach Geldeingang auf unserem Konto versandt. Falls du deine Bestellung schnell ben\u00f6tigst sende uns einfach den Zahlungsbeleg deiner \u00dcberweisung per Mail zu, dann k\u00f6nnen wir den ganzen Prozess beschleunigen.<\/p>\n<p><strong>TIPP<\/strong>: Bezahle deine Bestellung per \u00dcberweisung und erhalten ein Set Erdn\u00e4gel&nbsp;<strong>GRATIS<\/strong>&nbsp;dazu! (za najlep\u0161iu cenu 1 000 \u20ac)<br \/>Einfach in der Bestellnotiz vermerken, dass du ein Set Erdn\u00e4gel dazu m\u00f6chtest.<\/p>\n\n<div style=\"height:20px\" aria-hidden=\"true\" class=\"wp-block-spacer\"><\/div>\n\n<hr class=\"wp-block-separator\"\/>\n\n<div style=\"height:20px\" aria-hidden=\"true\" class=\"wp-block-spacer\"><\/div>\n<p><strong><img loading=\"lazy\" decoding=\"async\" class=\"wp-image-2354 alignleft\" src=\"https:\/\/dodo-inflatables.com\/wp-content\/uploads\/2020\/06\/paypal-300x214.png\" alt=\"\" width=\"100\" height=\"71\">PayPal<br \/><\/strong>Bezahle deinen Einkauf bequem per PayPal (Lastschrift oder Kreditkarte).<\/p>\n\n<div style=\"height:20px\" aria-hidden=\"true\" class=\"wp-block-spacer\"><\/div>\n\n<hr class=\"wp-block-separator\"\/>\n\n<div style=\"height:20px\" aria-hidden=\"true\" class=\"wp-block-spacer\"><\/div>\n<p>In Zusammenarbeit mit&nbsp;<a class=\"link-item link-secondary\" href=\"http:\/\/www.klarna.de\/\"><br \/>\n  <span class=\"link-content\">Klarna Bank AB (publ)<\/span><br \/>\n<\/a>, Sveav\u00e4gen 46, 111 34 Stockholm, Schweden, bieten wir die folgenden Zahlungsoptionen an. Die Zahlung erfolgt jeweils an Klarna:<\/p>\n<p><strong><img loading=\"lazy\" decoding=\"async\" class=\"wp-image-2349 alignleft\" src=\"https:\/\/dodo-inflatables.com\/wp-content\/uploads\/2020\/06\/klarna-rechnung-300x214.png\" alt=\"\" width=\"100\" height=\"71\">Rechnung<\/strong> <br \/>Die Zahlungsfrist betr\u00e4gt 14 Tagen ab Versand der Ware. Die Rechnungsbedingungen finden Sie <a class=\"link-item link-secondary\" href=\"https:\/\/cdn.klarna.com\/1.0\/shared\/content\/legal\/terms\/EID\/de_de\/invoice?fee%3D0\"><br \/>\n  <span class=\"link-content\">tu<\/span><br \/>\n<\/a>.<\/p>\n\n<div style=\"height:20px\" aria-hidden=\"true\" class=\"wp-block-spacer\"><\/div>\n\n<hr class=\"wp-block-separator\"\/>\n\n<div style=\"height:20px\" aria-hidden=\"true\" class=\"wp-block-spacer\"><\/div>\n<p><strong><img loading=\"lazy\" decoding=\"async\" class=\"wp-image-2348 alignleft\" src=\"https:\/\/dodo-inflatables.com\/wp-content\/uploads\/2020\/06\/klarna-ratenkauf-300x214.png\" alt=\"\" width=\"100\" height=\"71\">Ratenkauf<\/strong> <br \/>Mit dem Finanzierungsservice von Klarna k\u00f6nnen Sie Ihren Einkauf flexibel in monatlichen Raten von mindestens 1\/24 des Gesamtbetrages (mindestens jedoch 6,95 EUR) oder unter den sonst in der Kasse angegebenen Bedingungen bezahlen. Die Ratenzahlung ist jeweils zum Ende des Monats nach \u00dcbersendung einer Monatsrechnung durch Klarna f\u00e4llig. Weitere Informationen zum Ratenkauf einschlie\u00dflich der Allgemeinen Gesch\u00e4ftsbedingungen und der europ\u00e4ischen Standardinformationen f\u00fcr Verbraucherkredite finden Sie <a class=\"link-item link-secondary\" href=\"https:\/\/cdn.klarna.com\/1.0\/shared\/content\/legal\/terms\/EID\/de_de\/account\"><br \/>\n  <span class=\"link-content\">hier<\/span><br \/>\n<\/a>.<\/p>\n\n<div style=\"height:20px\" aria-hidden=\"true\" class=\"wp-block-spacer\"><\/div>\n\n<hr class=\"wp-block-separator\"\/>\n\n<div style=\"height:20px\" aria-hidden=\"true\" class=\"wp-block-spacer\"><\/div>\n<p><strong><img loading=\"lazy\" decoding=\"async\" class=\"wp-image-2350 alignleft\" src=\"https:\/\/dodo-inflatables.com\/wp-content\/uploads\/2020\/06\/klarna-sofort-300x214.png\" alt=\"\" width=\"100\" height=\"71\">Sofort\u00fcberweisung<\/strong> <br \/>Die Belastung Ihres Kontos erfolgt unmittelbar nach Abgabe der Bestellung.<\/p>\n\n<div style=\"height:20px\" aria-hidden=\"true\" class=\"wp-block-spacer\"><\/div>\n\n<hr class=\"wp-block-separator\"\/>\n\n<div style=\"height:20px\" aria-hidden=\"true\" class=\"wp-block-spacer\"><\/div>\n<p><strong><img loading=\"lazy\" decoding=\"async\" class=\"wp-image-2352 alignleft\" src=\"https:\/\/dodo-inflatables.com\/wp-content\/uploads\/2020\/06\/maestro-300x214.png\" alt=\"\" width=\"100\" height=\"71\">Lastschrift<\/strong><br \/>Die Abbuchung erfolgt nach Versand der Ware. Der Zeitpunkt wird Ihnen per E-Mail mitgeteilt. \u010eal\u0161ie inform\u00e1cie n\u00e1jdete tu <a class=\"link-item link-secondary\" href=\"https:\/\/cdn.klarna.com\/1.0\/shared\/content\/legal\/terms\/0\/de_de\/direct_debit-read_more\"><br \/>\n  <span class=\"link-content\">tu<\/span><br \/>\n<\/a>.<\/p>\n\n<div style=\"height:20px\" aria-hidden=\"true\" class=\"wp-block-spacer\"><\/div>\n\n<hr class=\"wp-block-separator\"\/>\n\n<div style=\"height:20px\" aria-hidden=\"true\" class=\"wp-block-spacer\"><\/div>\n<p><strong><img loading=\"lazy\" decoding=\"async\" class=\"wp-image-2353 alignleft\" src=\"https:\/\/dodo-inflatables.com\/wp-content\/uploads\/2020\/06\/mastercard-300x214.png\" alt=\"\" width=\"100\" height=\"71\"><img loading=\"lazy\" decoding=\"async\" class=\"wp-image-2356 alignleft\" src=\"https:\/\/dodo-inflatables.com\/wp-content\/uploads\/2020\/06\/visa-300x214.png\" alt=\"\" width=\"100\" height=\"71\">Kreditn\u00e1 karta<\/strong> (Visa\/Mastercard)  <br \/>Verf\u00fcgbar in Deutschland. Die Abbuchung erfolgt nach Versand der Ware oder Tickets \/ Verf\u00fcgbarkeit des Services oder im Falle eines Abonnements entsprechend der kommunizierten Zeiten.<\/p>\n\n<div style=\"height:20px\" aria-hidden=\"true\" class=\"wp-block-spacer\"><\/div>\n\n<div style=\"height:20px\" aria-hidden=\"true\" class=\"wp-block-spacer\"><\/div>\n<p>Die Nutzung der Zahlungsarten Rechnung, Ratenkauf und Lastschrift setzt eine positive Bonit\u00e4tspr\u00fcfung voraus. Weitere Informationen und Klarnas Nutzerbedingungen finden Sie <a class=\"link-item link-secondary\" href=\"https:\/\/cdn.klarna.com\/1.0\/shared\/content\/legal\/terms\/0\/de_de\/user\"><br \/>\n  <span class=\"link-content\">tu<\/span><br \/>\n<\/a>. Allgemeine Informationen zu Klarna erhalten Sie <a class=\"link-item link-secondary\" href=\"http:\/\/www.klarna.de\/\"><br \/>\n  <span class=\"link-content\">tu<\/span><br \/>\n<\/a>. Ihre personenbezogenen Daten werden von Klarna in \u00dcbereinstimmung mit den geltenden Datenschutzbestimmungen und entsprechend den Angaben in <a class=\"link-item link-secondary\" href=\"https:\/\/cdn.klarna.com\/1.0\/shared\/content\/legal\/terms\/0\/de_de\/privacy\"><br \/>\n  <span class=\"link-content\">Klarnas Datenschutzbestimmungen<\/span><br \/>\n<\/a> behandelt.<\/p>\n","protected":false},"excerpt":{"rendered":"<p>Zahlungsm\u00f6glichkeiten \u00dcberweisung\u00dcberweise direkt an unsere Bankverbindung. Bitte nutze die Bestellnummer als Verwendungszweck. Deine Bestellung wird erst nach Geldeingang auf unserem Konto versandt. Falls du deine Bestellung schnell ben\u00f6tigst sende uns einfach den Zahlungsbeleg deiner \u00dcberweisung per Mail zu, dann k\u00f6nnen wir den ganzen Prozess beschleunigen. TIPP: Bezahle deine Bestellung per \u00dcberweisung und erhalten ein Set [&hellip;]<\/p>\n","protected":false},"author":1,"featured_media":0,"parent":0,"menu_order":0,"comment_status":"closed","ping_status":"closed","template":"","meta":{"_acf_changed":false,"_uag_custom_page_level_css":"","site-sidebar-layout":"default","site-content-layout":"","ast-site-content-layout":"default","site-content-style":"default","site-sidebar-style":"default","ast-global-header-display":"","ast-banner-title-visibility":"","ast-main-header-display":"","ast-hfb-above-header-display":"","ast-hfb-below-header-display":"","ast-hfb-mobile-header-display":"","site-post-title":"","ast-breadcrumbs-content":"","ast-featured-img":"","footer-sml-layout":"","ast-disable-related-posts":"","theme-transparent-header-meta":"","adv-header-id-meta":"","stick-header-meta":"","header-above-stick-meta":"","header-main-stick-meta":"","header-below-stick-meta":"","astra-migrate-meta-layouts":"default","ast-page-background-enabled":"default","ast-page-background-meta":{"desktop":{"background-color":"var(--ast-global-color-4)","background-image":"","background-repeat":"repeat","background-position":"center center","background-size":"auto","background-attachment":"scroll","background-type":"","background-media":"","overlay-type":"","overlay-color":"","overlay-opacity":"","overlay-gradient":""},"tablet":{"background-color":"","background-image":"","background-repeat":"repeat","background-position":"center center","background-size":"auto","background-attachment":"scroll","background-type":"","background-media":"","overlay-type":"","overlay-color":"","overlay-opacity":"","overlay-gradient":""},"mobile":{"background-color":"","background-image":"","background-repeat":"repeat","background-position":"center center","background-size":"auto","background-attachment":"scroll","background-type":"","background-media":"","overlay-type":"","overlay-color":"","overlay-opacity":"","overlay-gradient":""}},"ast-content-background-meta":{"desktop":{"background-color":"var(--ast-global-color-5)","background-image":"","background-repeat":"repeat","background-position":"center center","background-size":"auto","background-attachment":"scroll","background-type":"","background-media":"","overlay-type":"","overlay-color":"","overlay-opacity":"","overlay-gradient":""},"tablet":{"background-color":"var(--ast-global-color-5)","background-image":"","background-repeat":"repeat","background-position":"center center","background-size":"auto","background-attachment":"scroll","background-type":"","background-media":"","overlay-type":"","overlay-color":"","overlay-opacity":"","overlay-gradient":""},"mobile":{"background-color":"var(--ast-global-color-5)","background-image":"","background-repeat":"repeat","background-position":"center center","background-size":"auto","background-attachment":"scroll","background-type":"","background-media":"","overlay-type":"","overlay-color":"","overlay-opacity":"","overlay-gradient":""}},"footnotes":""},"class_list":["post-12287","page","type-page","status-publish","hentry"],"acf":[],"yoast_head":"<!-- This site is optimized with the Yoast SEO plugin v27.4 - https:\/\/yoast.com\/product\/yoast-seo-wordpress\/ -->\n<title>Test - dodo-inflatables.com<\/title>\n<meta name=\"robots\" content=\"index, follow, max-snippet:-1, max-image-preview:large, max-video-preview:-1\" \/>\n<link rel=\"canonical\" href=\"https:\/\/dodo-inflatables.com\/sk\/test\/\" \/>\n<meta name=\"twitter:label1\" content=\"Predpokladan\u00fd \u010das \u010d\u00edtania\" \/>\n\t<meta name=\"twitter:data1\" content=\"2 min\u00faty\" \/>\n<script type=\"application\/ld+json\" class=\"yoast-schema-graph\">{\"@context\":\"https:\\\/\\\/schema.org\",\"@graph\":[{\"@type\":\"WebPage\",\"@id\":\"https:\\\/\\\/dodo-inflatables.com\\\/sk\\\/test\\\/\",\"url\":\"https:\\\/\\\/dodo-inflatables.com\\\/sk\\\/test\\\/\",\"name\":\"Test - dodo-inflatables.com\",\"isPartOf\":{\"@id\":\"https:\\\/\\\/dodo-inflatables.com\\\/sk\\\/#website\"},\"primaryImageOfPage\":{\"@id\":\"https:\\\/\\\/dodo-inflatables.com\\\/sk\\\/test\\\/#primaryimage\"},\"image\":{\"@id\":\"https:\\\/\\\/dodo-inflatables.com\\\/sk\\\/test\\\/#primaryimage\"},\"thumbnailUrl\":\"https:\\\/\\\/dodo-inflatables.com\\\/wp-content\\\/uploads\\\/2020\\\/06\\\/text-ueberweisung-300x214.png\",\"datePublished\":\"2020-06-22T11:56:27+00:00\",\"dateModified\":\"2024-06-01T16:23:29+00:00\",\"breadcrumb\":{\"@id\":\"https:\\\/\\\/dodo-inflatables.com\\\/sk\\\/test\\\/#breadcrumb\"},\"inLanguage\":\"sk-SK\",\"potentialAction\":[{\"@type\":\"ReadAction\",\"target\":[\"https:\\\/\\\/dodo-inflatables.com\\\/sk\\\/test\\\/\"]}]},{\"@type\":\"ImageObject\",\"inLanguage\":\"sk-SK\",\"@id\":\"https:\\\/\\\/dodo-inflatables.com\\\/sk\\\/test\\\/#primaryimage\",\"url\":\"https:\\\/\\\/dodo-inflatables.com\\\/wp-content\\\/uploads\\\/2020\\\/06\\\/text-ueberweisung-300x214.png\",\"contentUrl\":\"https:\\\/\\\/dodo-inflatables.com\\\/wp-content\\\/uploads\\\/2020\\\/06\\\/text-ueberweisung-300x214.png\"},{\"@type\":\"BreadcrumbList\",\"@id\":\"https:\\\/\\\/dodo-inflatables.com\\\/sk\\\/test\\\/#breadcrumb\",\"itemListElement\":[{\"@type\":\"ListItem\",\"position\":1,\"name\":\"Domovsk\u00e1 str\u00e1nka\",\"item\":\"https:\\\/\\\/dodo-inflatables.com\\\/sk\\\/\"},{\"@type\":\"ListItem\",\"position\":2,\"name\":\"Test\"}]},{\"@type\":\"WebSite\",\"@id\":\"https:\\\/\\\/dodo-inflatables.com\\\/sk\\\/#website\",\"url\":\"https:\\\/\\\/dodo-inflatables.com\\\/sk\\\/\",\"name\":\"dodo-inflatables.com\",\"description\":\"Nakupujte sk\u00e1kacie hrady a atrakcie v na\u0161om obchode.\",\"publisher\":{\"@id\":\"https:\\\/\\\/dodo-inflatables.com\\\/sk\\\/#organization\"},\"potentialAction\":[{\"@type\":\"SearchAction\",\"target\":{\"@type\":\"EntryPoint\",\"urlTemplate\":\"https:\\\/\\\/dodo-inflatables.com\\\/sk\\\/?s={search_term_string}\"},\"query-input\":{\"@type\":\"PropertyValueSpecification\",\"valueRequired\":true,\"valueName\":\"search_term_string\"}}],\"inLanguage\":\"sk-SK\"},{\"@type\":\"Organization\",\"@id\":\"https:\\\/\\\/dodo-inflatables.com\\\/sk\\\/#organization\",\"name\":\"dodo-inflatables.com\",\"url\":\"https:\\\/\\\/dodo-inflatables.com\\\/sk\\\/\",\"logo\":{\"@type\":\"ImageObject\",\"inLanguage\":\"sk-SK\",\"@id\":\"https:\\\/\\\/dodo-inflatables.com\\\/sk\\\/#\\\/schema\\\/logo\\\/image\\\/\",\"url\":\"https:\\\/\\\/dodo-inflatables.com\\\/wp-content\\\/uploads\\\/2023\\\/04\\\/cropped-cropped-cropped-Dodo-Logo.png\",\"contentUrl\":\"https:\\\/\\\/dodo-inflatables.com\\\/wp-content\\\/uploads\\\/2023\\\/04\\\/cropped-cropped-cropped-Dodo-Logo.png\",\"width\":2996,\"height\":1545,\"caption\":\"dodo-inflatables.com\"},\"image\":{\"@id\":\"https:\\\/\\\/dodo-inflatables.com\\\/sk\\\/#\\\/schema\\\/logo\\\/image\\\/\"}}]}<\/script>\n<!-- \/ Yoast SEO plugin. -->","yoast_head_json":{"title":"Test - dodo-inflatables.com","robots":{"index":"index","follow":"follow","max-snippet":"max-snippet:-1","max-image-preview":"max-image-preview:large","max-video-preview":"max-video-preview:-1"},"canonical":"https:\/\/dodo-inflatables.com\/sk\/test\/","twitter_misc":{"Predpokladan\u00fd \u010das \u010d\u00edtania":"2 min\u00faty"},"schema":{"@context":"https:\/\/schema.org","@graph":[{"@type":"WebPage","@id":"https:\/\/dodo-inflatables.com\/sk\/test\/","url":"https:\/\/dodo-inflatables.com\/sk\/test\/","name":"Test - dodo-inflatables.com","isPartOf":{"@id":"https:\/\/dodo-inflatables.com\/sk\/#website"},"primaryImageOfPage":{"@id":"https:\/\/dodo-inflatables.com\/sk\/test\/#primaryimage"},"image":{"@id":"https:\/\/dodo-inflatables.com\/sk\/test\/#primaryimage"},"thumbnailUrl":"https:\/\/dodo-inflatables.com\/wp-content\/uploads\/2020\/06\/text-ueberweisung-300x214.png","datePublished":"2020-06-22T11:56:27+00:00","dateModified":"2024-06-01T16:23:29+00:00","breadcrumb":{"@id":"https:\/\/dodo-inflatables.com\/sk\/test\/#breadcrumb"},"inLanguage":"sk-SK","potentialAction":[{"@type":"ReadAction","target":["https:\/\/dodo-inflatables.com\/sk\/test\/"]}]},{"@type":"ImageObject","inLanguage":"sk-SK","@id":"https:\/\/dodo-inflatables.com\/sk\/test\/#primaryimage","url":"https:\/\/dodo-inflatables.com\/wp-content\/uploads\/2020\/06\/text-ueberweisung-300x214.png","contentUrl":"https:\/\/dodo-inflatables.com\/wp-content\/uploads\/2020\/06\/text-ueberweisung-300x214.png"},{"@type":"BreadcrumbList","@id":"https:\/\/dodo-inflatables.com\/sk\/test\/#breadcrumb","itemListElement":[{"@type":"ListItem","position":1,"name":"Domovsk\u00e1 str\u00e1nka","item":"https:\/\/dodo-inflatables.com\/sk\/"},{"@type":"ListItem","position":2,"name":"Test"}]},{"@type":"WebSite","@id":"https:\/\/dodo-inflatables.com\/sk\/#website","url":"https:\/\/dodo-inflatables.com\/sk\/","name":"dodo-inflatables.com","description":"Nakupujte sk\u00e1kacie hrady a atrakcie v na\u0161om obchode.","publisher":{"@id":"https:\/\/dodo-inflatables.com\/sk\/#organization"},"potentialAction":[{"@type":"SearchAction","target":{"@type":"EntryPoint","urlTemplate":"https:\/\/dodo-inflatables.com\/sk\/?s={search_term_string}"},"query-input":{"@type":"PropertyValueSpecification","valueRequired":true,"valueName":"search_term_string"}}],"inLanguage":"sk-SK"},{"@type":"Organization","@id":"https:\/\/dodo-inflatables.com\/sk\/#organization","name":"dodo-inflatables.com","url":"https:\/\/dodo-inflatables.com\/sk\/","logo":{"@type":"ImageObject","inLanguage":"sk-SK","@id":"https:\/\/dodo-inflatables.com\/sk\/#\/schema\/logo\/image\/","url":"https:\/\/dodo-inflatables.com\/wp-content\/uploads\/2023\/04\/cropped-cropped-cropped-Dodo-Logo.png","contentUrl":"https:\/\/dodo-inflatables.com\/wp-content\/uploads\/2023\/04\/cropped-cropped-cropped-Dodo-Logo.png","width":2996,"height":1545,"caption":"dodo-inflatables.com"},"image":{"@id":"https:\/\/dodo-inflatables.com\/sk\/#\/schema\/logo\/image\/"}}]}},"uagb_featured_image_src":{"full":false,"thumbnail":false,"medium":false,"medium_large":false,"large":false,"1536x1536":false,"2048x2048":false,"woocommerce_thumbnail":false,"woocommerce_single":false,"woocommerce_gallery_thumbnail":false},"uagb_author_info":{"display_name":"Andreas","author_link":"https:\/\/dodo-inflatables.com\/sk\/author\/andreas\/"},"uagb_comment_info":0,"uagb_excerpt":"Zahlungsm\u00f6glichkeiten \u00dcberweisung\u00dcberweise direkt an unsere Bankverbindung. Bitte nutze die Bestellnummer als Verwendungszweck. Deine Bestellung wird erst nach Geldeingang auf unserem Konto versandt. Falls du deine Bestellung schnell ben\u00f6tigst sende uns einfach den Zahlungsbeleg deiner \u00dcberweisung per Mail zu, dann k\u00f6nnen wir den ganzen Prozess beschleunigen. TIPP: Bezahle deine Bestellung per \u00dcberweisung und erhalten ein Set&hellip;","_links":{"self":[{"href":"https:\/\/dodo-inflatables.com\/sk\/wp-json\/wp\/v2\/pages\/12287","targetHints":{"allow":["GET"]}}],"collection":[{"href":"https:\/\/dodo-inflatables.com\/sk\/wp-json\/wp\/v2\/pages"}],"about":[{"href":"https:\/\/dodo-inflatables.com\/sk\/wp-json\/wp\/v2\/types\/page"}],"author":[{"embeddable":true,"href":"https:\/\/dodo-inflatables.com\/sk\/wp-json\/wp\/v2\/users\/1"}],"replies":[{"embeddable":true,"href":"https:\/\/dodo-inflatables.com\/sk\/wp-json\/wp\/v2\/comments?post=12287"}],"version-history":[{"count":2,"href":"https:\/\/dodo-inflatables.com\/sk\/wp-json\/wp\/v2\/pages\/12287\/revisions"}],"predecessor-version":[{"id":12289,"href":"https:\/\/dodo-inflatables.com\/sk\/wp-json\/wp\/v2\/pages\/12287\/revisions\/12289"}],"wp:attachment":[{"href":"https:\/\/dodo-inflatables.com\/sk\/wp-json\/wp\/v2\/media?parent=12287"}],"curies":[{"name":"wp","href":"https:\/\/api.w.org\/{rel}","templated":true}]}}