{"id":12324,"date":"2020-04-22T12:15:24","date_gmt":"2020-04-22T10:15:24","guid":{"rendered":"https:\/\/dodo-inflatables.com\/piegade-na-lotyssko\/"},"modified":"2024-06-01T18:23:35","modified_gmt":"2024-06-01T16:23:35","slug":"piegade-na-lotyssko","status":"publish","type":"page","link":"https:\/\/dodo-inflatables.com\/sk\/piegade-na-lotyssko\/","title":{"rendered":"Pieg\u0101de na Loty\u0161sko"},"content":{"rendered":"\n<h2 class=\"wp-block-heading\" id=\"piegade-uz-latviju\">Pieg\u0101de na Loty\u0161sko<\/h2>\n\n<p>M\u0113s ar prieku pieg\u0101d\u0101jam v\u0113lamo pomp\u012bgo pili Latvijai.<\/p>\n\n<p>Ako priv\u0101tpersonai no v\u00e1m tiks iekas\u0113ts PVN no Nemecko. Pas\u016bt\u012bjumu var pravidelne vykon\u00e1va\u0165 online \u010dinnos\u0165.<\/p>\n\n<p>Pas\u016btiet ako uz\u0146\u0113mumu un vai v\u00e1m ir der\u012bgs tirdzniec\u012bbas nodok\u013ca numurs (PVN)? Tad m\u0113s varam v\u00e1m preces p\u0101rdot bez nodok\u013ciem. Pros\u00edm, objednajte n\u00e1m pa e-mail.<\/p>\n","protected":false},"excerpt":{"rendered":"<p>Pieg\u0101de na Loty\u0161sko M\u0113s ar prieku pieg\u0101d\u0101jam v\u0113lamo pomp\u012bgo pili Latvijai. Ako priv\u0101tpersonai no v\u00e1m tiks iekas\u0113ts PVN no Nemecko. Pas\u016bt\u012bjumu var pravidelne vykon\u00e1va\u0165 online \u010dinnos\u0165. Pas\u016btiet ako uz\u0146\u0113mumu un vai v\u00e1m ir der\u012bgs tirdzniec\u012bbas nodok\u013ca numurs (PVN)? Tad m\u0113s varam v\u00e1m preces p\u0101rdot bez nodok\u013ciem. Pros\u00edm, objednajte n\u00e1m pa e-mail.<\/p>\n","protected":false},"author":1,"featured_media":0,"parent":0,"menu_order":0,"comment_status":"closed","ping_status":"closed","template":"","meta":{"_acf_changed":false,"_uag_custom_page_level_css":"","site-sidebar-layout":"default","site-content-layout":"content-boxed-container","ast-site-content-layout":"default","site-content-style":"default","site-sidebar-style":"default","ast-global-header-display":"","ast-banner-title-visibility":"","ast-main-header-display":"","ast-hfb-above-header-display":"","ast-hfb-below-header-display":"","ast-hfb-mobile-header-display":"","site-post-title":"disabled","ast-breadcrumbs-content":"disabled","ast-featured-img":"disabled","footer-sml-layout":"","ast-disable-related-posts":"","theme-transparent-header-meta":"","adv-header-id-meta":"4069","stick-header-meta":"","header-above-stick-meta":"","header-main-stick-meta":"","header-below-stick-meta":"","astra-migrate-meta-layouts":"default","ast-page-background-enabled":"default","ast-page-background-meta":{"desktop":{"background-color":"var(--ast-global-color-4)","background-image":"","background-repeat":"repeat","background-position":"center center","background-size":"auto","background-attachment":"scroll","background-type":"","background-media":"","overlay-type":"","overlay-color":"","overlay-opacity":"","overlay-gradient":""},"tablet":{"background-color":"","background-image":"","background-repeat":"repeat","background-position":"center center","background-size":"auto","background-attachment":"scroll","background-type":"","background-media":"","overlay-type":"","overlay-color":"","overlay-opacity":"","overlay-gradient":""},"mobile":{"background-color":"","background-image":"","background-repeat":"repeat","background-position":"center center","background-size":"auto","background-attachment":"scroll","background-type":"","background-media":"","overlay-type":"","overlay-color":"","overlay-opacity":"","overlay-gradient":""}},"ast-content-background-meta":{"desktop":{"background-color":"var(--ast-global-color-5)","background-image":"","background-repeat":"repeat","background-position":"center center","background-size":"auto","background-attachment":"scroll","background-type":"","background-media":"","overlay-type":"","overlay-color":"","overlay-opacity":"","overlay-gradient":""},"tablet":{"background-color":"var(--ast-global-color-5)","background-image":"","background-repeat":"repeat","background-position":"center center","background-size":"auto","background-attachment":"scroll","background-type":"","background-media":"","overlay-type":"","overlay-color":"","overlay-opacity":"","overlay-gradient":""},"mobile":{"background-color":"var(--ast-global-color-5)","background-image":"","background-repeat":"repeat","background-position":"center center","background-size":"auto","background-attachment":"scroll","background-type":"","background-media":"","overlay-type":"","overlay-color":"","overlay-opacity":"","overlay-gradient":""}},"footnotes":""},"class_list":["post-12324","page","type-page","status-publish","hentry"],"acf":[],"yoast_head":"<!-- This site is optimized with the Yoast SEO plugin v27.4 - https:\/\/yoast.com\/product\/yoast-seo-wordpress\/ -->\n<title>P\u0113rciet piepe\u0161i pili | Pieg\u0101de uz Latviju<\/title>\n<meta name=\"description\" content=\"Pie mums j\u016bs atrad\u012bsit lielu augstas kvalit\u0101tes piep\u016b\u0161amo materialov kl\u0101stu lielisk\u0101 dizain\u0101! \u2713 Pieg\u0101de iesp\u0113jama vis\u0101 Eirop\u0101! \u2713 \u0100tra pieg\u0101de!\" \/>\n<meta name=\"robots\" content=\"index, follow, max-snippet:-1, max-image-preview:large, max-video-preview:-1\" \/>\n<link rel=\"canonical\" href=\"https:\/\/dodo-inflatables.com\/sk\/piegade-na-lotyssko\/\" \/>\n<script type=\"application\/ld+json\" class=\"yoast-schema-graph\">{\"@context\":\"https:\\\/\\\/schema.org\",\"@graph\":[{\"@type\":\"WebPage\",\"@id\":\"https:\\\/\\\/dodo-inflatables.com\\\/sk\\\/piegade-na-lotyssko\\\/\",\"url\":\"https:\\\/\\\/dodo-inflatables.com\\\/sk\\\/piegade-na-lotyssko\\\/\",\"name\":\"P\u0113rciet piepe\u0161i pili | Pieg\u0101de uz Latviju\",\"isPartOf\":{\"@id\":\"https:\\\/\\\/dodo-inflatables.com\\\/sk\\\/#website\"},\"datePublished\":\"2020-04-22T10:15:24+00:00\",\"dateModified\":\"2024-06-01T16:23:35+00:00\",\"description\":\"Pie mums j\u016bs atrad\u012bsit lielu augstas kvalit\u0101tes piep\u016b\u0161amo materialov kl\u0101stu lielisk\u0101 dizain\u0101! \u2713 Pieg\u0101de iesp\u0113jama vis\u0101 Eirop\u0101! \u2713 \u0100tra pieg\u0101de!\",\"breadcrumb\":{\"@id\":\"https:\\\/\\\/dodo-inflatables.com\\\/sk\\\/piegade-na-lotyssko\\\/#breadcrumb\"},\"inLanguage\":\"sk-SK\",\"potentialAction\":[{\"@type\":\"ReadAction\",\"target\":[\"https:\\\/\\\/dodo-inflatables.com\\\/sk\\\/piegade-na-lotyssko\\\/\"]}]},{\"@type\":\"BreadcrumbList\",\"@id\":\"https:\\\/\\\/dodo-inflatables.com\\\/sk\\\/piegade-na-lotyssko\\\/#breadcrumb\",\"itemListElement\":[{\"@type\":\"ListItem\",\"position\":1,\"name\":\"Domovsk\u00e1 str\u00e1nka\",\"item\":\"https:\\\/\\\/dodo-inflatables.com\\\/sk\\\/\"},{\"@type\":\"ListItem\",\"position\":2,\"name\":\"Pieg\u0101de na Loty\u0161sko\"}]},{\"@type\":\"WebSite\",\"@id\":\"https:\\\/\\\/dodo-inflatables.com\\\/sk\\\/#website\",\"url\":\"https:\\\/\\\/dodo-inflatables.com\\\/sk\\\/\",\"name\":\"dodo-inflatables.com\",\"description\":\"Nakupujte sk\u00e1kacie hrady a atrakcie v na\u0161om obchode.\",\"publisher\":{\"@id\":\"https:\\\/\\\/dodo-inflatables.com\\\/sk\\\/#organization\"},\"potentialAction\":[{\"@type\":\"SearchAction\",\"target\":{\"@type\":\"EntryPoint\",\"urlTemplate\":\"https:\\\/\\\/dodo-inflatables.com\\\/sk\\\/?s={search_term_string}\"},\"query-input\":{\"@type\":\"PropertyValueSpecification\",\"valueRequired\":true,\"valueName\":\"search_term_string\"}}],\"inLanguage\":\"sk-SK\"},{\"@type\":\"Organization\",\"@id\":\"https:\\\/\\\/dodo-inflatables.com\\\/sk\\\/#organization\",\"name\":\"dodo-inflatables.com\",\"url\":\"https:\\\/\\\/dodo-inflatables.com\\\/sk\\\/\",\"logo\":{\"@type\":\"ImageObject\",\"inLanguage\":\"sk-SK\",\"@id\":\"https:\\\/\\\/dodo-inflatables.com\\\/sk\\\/#\\\/schema\\\/logo\\\/image\\\/\",\"url\":\"https:\\\/\\\/dodo-inflatables.com\\\/wp-content\\\/uploads\\\/2023\\\/04\\\/cropped-cropped-cropped-Dodo-Logo.png\",\"contentUrl\":\"https:\\\/\\\/dodo-inflatables.com\\\/wp-content\\\/uploads\\\/2023\\\/04\\\/cropped-cropped-cropped-Dodo-Logo.png\",\"width\":2996,\"height\":1545,\"caption\":\"dodo-inflatables.com\"},\"image\":{\"@id\":\"https:\\\/\\\/dodo-inflatables.com\\\/sk\\\/#\\\/schema\\\/logo\\\/image\\\/\"}}]}<\/script>\n<!-- \/ Yoast SEO plugin. -->","yoast_head_json":{"title":"P\u0113rciet piepe\u0161i pili | Pieg\u0101de uz Latviju","description":"Pie mums j\u016bs atrad\u012bsit lielu augstas kvalit\u0101tes piep\u016b\u0161amo materialov kl\u0101stu lielisk\u0101 dizain\u0101! \u2713 Pieg\u0101de iesp\u0113jama vis\u0101 Eirop\u0101! \u2713 \u0100tra pieg\u0101de!","robots":{"index":"index","follow":"follow","max-snippet":"max-snippet:-1","max-image-preview":"max-image-preview:large","max-video-preview":"max-video-preview:-1"},"canonical":"https:\/\/dodo-inflatables.com\/sk\/piegade-na-lotyssko\/","schema":{"@context":"https:\/\/schema.org","@graph":[{"@type":"WebPage","@id":"https:\/\/dodo-inflatables.com\/sk\/piegade-na-lotyssko\/","url":"https:\/\/dodo-inflatables.com\/sk\/piegade-na-lotyssko\/","name":"P\u0113rciet piepe\u0161i pili | Pieg\u0101de uz Latviju","isPartOf":{"@id":"https:\/\/dodo-inflatables.com\/sk\/#website"},"datePublished":"2020-04-22T10:15:24+00:00","dateModified":"2024-06-01T16:23:35+00:00","description":"Pie mums j\u016bs atrad\u012bsit lielu augstas kvalit\u0101tes piep\u016b\u0161amo materialov kl\u0101stu lielisk\u0101 dizain\u0101! \u2713 Pieg\u0101de iesp\u0113jama vis\u0101 Eirop\u0101! \u2713 \u0100tra pieg\u0101de!","breadcrumb":{"@id":"https:\/\/dodo-inflatables.com\/sk\/piegade-na-lotyssko\/#breadcrumb"},"inLanguage":"sk-SK","potentialAction":[{"@type":"ReadAction","target":["https:\/\/dodo-inflatables.com\/sk\/piegade-na-lotyssko\/"]}]},{"@type":"BreadcrumbList","@id":"https:\/\/dodo-inflatables.com\/sk\/piegade-na-lotyssko\/#breadcrumb","itemListElement":[{"@type":"ListItem","position":1,"name":"Domovsk\u00e1 str\u00e1nka","item":"https:\/\/dodo-inflatables.com\/sk\/"},{"@type":"ListItem","position":2,"name":"Pieg\u0101de na Loty\u0161sko"}]},{"@type":"WebSite","@id":"https:\/\/dodo-inflatables.com\/sk\/#website","url":"https:\/\/dodo-inflatables.com\/sk\/","name":"dodo-inflatables.com","description":"Nakupujte sk\u00e1kacie hrady a atrakcie v na\u0161om obchode.","publisher":{"@id":"https:\/\/dodo-inflatables.com\/sk\/#organization"},"potentialAction":[{"@type":"SearchAction","target":{"@type":"EntryPoint","urlTemplate":"https:\/\/dodo-inflatables.com\/sk\/?s={search_term_string}"},"query-input":{"@type":"PropertyValueSpecification","valueRequired":true,"valueName":"search_term_string"}}],"inLanguage":"sk-SK"},{"@type":"Organization","@id":"https:\/\/dodo-inflatables.com\/sk\/#organization","name":"dodo-inflatables.com","url":"https:\/\/dodo-inflatables.com\/sk\/","logo":{"@type":"ImageObject","inLanguage":"sk-SK","@id":"https:\/\/dodo-inflatables.com\/sk\/#\/schema\/logo\/image\/","url":"https:\/\/dodo-inflatables.com\/wp-content\/uploads\/2023\/04\/cropped-cropped-cropped-Dodo-Logo.png","contentUrl":"https:\/\/dodo-inflatables.com\/wp-content\/uploads\/2023\/04\/cropped-cropped-cropped-Dodo-Logo.png","width":2996,"height":1545,"caption":"dodo-inflatables.com"},"image":{"@id":"https:\/\/dodo-inflatables.com\/sk\/#\/schema\/logo\/image\/"}}]}},"uagb_featured_image_src":{"full":false,"thumbnail":false,"medium":false,"medium_large":false,"large":false,"1536x1536":false,"2048x2048":false,"woocommerce_thumbnail":false,"woocommerce_single":false,"woocommerce_gallery_thumbnail":false},"uagb_author_info":{"display_name":"Andreas","author_link":"https:\/\/dodo-inflatables.com\/sk\/author\/andreas\/"},"uagb_comment_info":0,"uagb_excerpt":"Pieg\u0101de na Loty\u0161sko M\u0113s ar prieku pieg\u0101d\u0101jam v\u0113lamo pomp\u012bgo pili Latvijai. Ako priv\u0101tpersonai no v\u00e1m tiks iekas\u0113ts PVN no Nemecko. Pas\u016bt\u012bjumu var pravidelne vykon\u00e1va\u0165 online \u010dinnos\u0165. Pas\u016btiet ako uz\u0146\u0113mumu un vai v\u00e1m ir der\u012bgs tirdzniec\u012bbas nodok\u013ca numurs (PVN)? Tad m\u0113s varam v\u00e1m preces p\u0101rdot bez nodok\u013ciem. Pros\u00edm, objednajte n\u00e1m pa e-mail.","_links":{"self":[{"href":"https:\/\/dodo-inflatables.com\/sk\/wp-json\/wp\/v2\/pages\/12324","targetHints":{"allow":["GET"]}}],"collection":[{"href":"https:\/\/dodo-inflatables.com\/sk\/wp-json\/wp\/v2\/pages"}],"about":[{"href":"https:\/\/dodo-inflatables.com\/sk\/wp-json\/wp\/v2\/types\/page"}],"author":[{"embeddable":true,"href":"https:\/\/dodo-inflatables.com\/sk\/wp-json\/wp\/v2\/users\/1"}],"replies":[{"embeddable":true,"href":"https:\/\/dodo-inflatables.com\/sk\/wp-json\/wp\/v2\/comments?post=12324"}],"version-history":[{"count":2,"href":"https:\/\/dodo-inflatables.com\/sk\/wp-json\/wp\/v2\/pages\/12324\/revisions"}],"predecessor-version":[{"id":12328,"href":"https:\/\/dodo-inflatables.com\/sk\/wp-json\/wp\/v2\/pages\/12324\/revisions\/12328"}],"wp:attachment":[{"href":"https:\/\/dodo-inflatables.com\/sk\/wp-json\/wp\/v2\/media?parent=12324"}],"curies":[{"name":"wp","href":"https:\/\/api.w.org\/{rel}","templated":true}]}}