{"id":12408,"date":"2020-03-27T11:12:43","date_gmt":"2020-03-27T10:12:43","guid":{"rendered":"https:\/\/dodo-inflatables.com\/dodanie-do-krajin-eu\/"},"modified":"2024-08-19T14:54:17","modified_gmt":"2024-08-19T12:54:17","slug":"dodanie-do-krajin-eu","status":"publish","type":"page","link":"https:\/\/dodo-inflatables.com\/sk\/dodanie-do-krajin-eu\/","title":{"rendered":"Dodanie do kraj\u00edn E\u00da"},"content":{"rendered":"\n<h2 class=\"wp-block-heading has-text-align-center\" id=\"versandarten\"><strong>N\u00e1klady na dopravu a inform\u00e1cie o medzin\u00e1rodnej doprave<\/strong><\/h2>\n\n<p class=\"has-text-align-center\"><strong>Sk\u00e1kacie hrady, \u0161m\u00fdka\u010dky<\/strong> a <strong>moduly na podujatia<\/strong> sa balia na palety a expeduj\u00fa prepravnou spolo\u010dnos\u0165ou.<\/p>\n\n<p class=\"has-text-align-center\">Po <strong>prijat\u00ed platby<\/strong> bude v\u00e1\u0161 tovar odoslan\u00fd v ten ist\u00fd alebo nasleduj\u00faci pracovn\u00fd de\u0148. Dodanie v r\u00e1mci E\u00da je zvy\u010dajne do 4 &#8211; 6 pracovn\u00fdch dn\u00ed.<\/p>\n\n<p class=\"has-text-align-center\"><strong>Pr\u00edslu\u0161enstvo,<\/strong> ako napr\u00edklad d\u00fachadl\u00e1, sa zasiela prostredn\u00edctvom <strong>DPD<\/strong> alebo <strong>UPS<\/strong>.<\/p>\n\n<p>N\u00e1\u0161 sklad sa nach\u00e1dza v <strong>Mn\u00edchove v Nemecku<\/strong>. Svoj sk\u00e1kac\u00ed hrad si tu m\u00f4\u017eete po zaplaten\u00ed a dohodnut\u00ed term\u00ednu vyzdvihn\u00fa\u0165 aj sami.<\/p>\n\n<figure class=\"wp-block-image size-large\"><a href=\"https:\/\/dodo-inflatables.com\/wp-content\/uploads\/2022\/01\/seperator-kleiner.png\"><img loading=\"lazy\" decoding=\"async\" width=\"1024\" height=\"102\" src=\"https:\/\/dodo-inflatables.com\/wp-content\/uploads\/2022\/01\/seperator-kleiner-1024x102.png\" alt=\"\" class=\"wp-image-4026\" srcset=\"https:\/\/dodo-inflatables.com\/wp-content\/uploads\/2022\/01\/seperator-kleiner-1024x102.png 1024w, https:\/\/dodo-inflatables.com\/wp-content\/uploads\/2022\/01\/seperator-kleiner-900x90.png 900w, https:\/\/dodo-inflatables.com\/wp-content\/uploads\/2022\/01\/seperator-kleiner-300x30.png 300w, https:\/\/dodo-inflatables.com\/wp-content\/uploads\/2022\/01\/seperator-kleiner-768x77.png 768w, https:\/\/dodo-inflatables.com\/wp-content\/uploads\/2022\/01\/seperator-kleiner-1536x154.png 1536w, https:\/\/dodo-inflatables.com\/wp-content\/uploads\/2022\/01\/seperator-kleiner-340x34.png 340w, https:\/\/dodo-inflatables.com\/wp-content\/uploads\/2022\/01\/seperator-kleiner.png 2000w\" sizes=\"auto, (max-width: 1024px) 100vw, 1024px\" \/><\/a><\/figure>\n\n<h3 class=\"wp-block-heading has-text-align-center\"><strong>Dodanie do kraj\u00edn E\u00da a \u0160vaj\u010diarska + Ve\u013ekej Brit\u00e1nie<\/strong><\/h3>\n\n<p class=\"has-text-align-center\">Doprava je mo\u017en\u00e1 do v\u0161etk\u00fdch eur\u00f3pskych kraj\u00edn, ako aj do \u0160vaj\u010diarska a Ve\u013ekej Brit\u00e1nie. N\u00e1klady na dopravu n\u00e1jdete v tabu\u013eke ni\u017e\u0161ie.<\/p>\n\n<p class=\"has-text-align-center\">Ako s\u00fakromnej <strong>osobe<\/strong> v\u00e1m bude \u00fa\u010dtovan\u00e1 nemeck\u00e1 DPH. Objedn\u00e1vku m\u00f4\u017eete uskuto\u010dni\u0165 ako zvy\u010dajne prostredn\u00edctvom online obchodu.<\/p>\n\n<p class=\"has-text-align-center\">Pre <strong>firemn\u00fdch z\u00e1kazn\u00edkov<\/strong> z E\u00da: Objedn\u00e1vate ako spolo\u010dnos\u0165 a m\u00e1te platn\u00e9 I\u010c DPH? Potom v\u00e1m m\u00f4\u017eeme tovar preda\u0165 bez dane. V pokladni zadajte svoje I\u010c DPH.<\/p>\n\n<figure class=\"wp-block-table\"><table><tbody><tr><td><\/td><td class=\"has-text-align-center\" data-align=\"center\"><strong><em>Sk\u00e1kac\u00ed hrad (nosi\u010d)<\/em><\/strong><\/td><td class=\"has-text-align-center\" data-align=\"center\"><strong><em>Pr\u00edslu\u0161enstvo (balenie)<\/em><\/strong><\/td><\/tr><tr><td><strong>Nemecko<\/strong><\/td><td class=\"has-text-align-center\" data-align=\"center\">128,95 \u20ac<\/td><td class=\"has-text-align-center\" data-align=\"center\">9,95 \u20ac<\/td><\/tr><tr><td><strong>\u0160panielsko (bez ostrovov)<\/strong><\/td><td class=\"has-text-align-center\" data-align=\"center\">299,00 \u20ac<\/td><td class=\"has-text-align-center\" data-align=\"center\">28,00 \u20ac<\/td><\/tr><tr><td><strong>Taliansko, Franc\u00fazsko, Rak\u00fasko<\/strong><\/td><td class=\"has-text-align-center\" data-align=\"center\">167,99 \u20ac<\/td><td class=\"has-text-align-center\" data-align=\"center\">18,99 \u20ac<\/td><\/tr><tr><td><strong>Luxembursko, Lichten\u0161tajnsko<\/strong><\/td><td class=\"has-text-align-center\" data-align=\"center\">198,00 \u20ac<\/td><td class=\"has-text-align-center\" data-align=\"center\">19,00 \u20ac<\/td><\/tr><tr><td><strong>Po\u013esko, \u010cesk\u00e1 republika, D\u00e1nsko<\/strong><\/td><td class=\"has-text-align-center\" data-align=\"center\">169,00 \u20ac<\/td><td class=\"has-text-align-center\" data-align=\"center\">30,00 \u20ac<\/td><\/tr><tr><td><strong>Rumunsko<\/strong><\/td><td class=\"has-text-align-center\" data-align=\"center\">437,00 \u20ac<\/td><td class=\"has-text-align-center\" data-align=\"center\">38,00 \u20ac<\/td><\/tr><tr><td><strong>F\u00ednsko<\/strong><\/td><td class=\"has-text-align-center\" data-align=\"center\">307,00 \u20ac<\/td><td class=\"has-text-align-center\" data-align=\"center\">28,00 \u20ac<\/td><\/tr><tr><td><strong>Holandsko, Belgicko<\/strong><\/td><td class=\"has-text-align-center\" data-align=\"center\">148,00 \u20ac<\/td><td class=\"has-text-align-center\" data-align=\"center\">19,00 \u20ac<\/td><\/tr><tr><td><strong>Slovensko, Slovinsko<\/strong><\/td><td class=\"has-text-align-center\" data-align=\"center\">184,00 \u20ac<\/td><td class=\"has-text-align-center\" data-align=\"center\">35,00 \u20ac<\/td><\/tr><tr><td><strong>Loty\u0161sko, Chorv\u00e1tsko, Ma\u010farsko, \u0160v\u00e9dsko, Portugalsko<\/strong><\/td><td class=\"has-text-align-center\" data-align=\"center\">239,00 \u20ac<\/td><td class=\"has-text-align-center\" data-align=\"center\">39,00 \u20ac<\/td><\/tr><tr><td><strong>Est\u00f3nsko, N\u00f3rsko<\/strong><\/td><td class=\"has-text-align-center\" data-align=\"center\">349,00 \u20ac<\/td><td class=\"has-text-align-center\" data-align=\"center\">49,00 \u20ac<\/td><\/tr><tr><td><strong>Gr\u00e9cko, Alb\u00e1nsko, Bosna, Litva, Bulharsko<\/strong><\/td><td class=\"has-text-align-center\" data-align=\"center\">287,00 \u20ac<\/td><td class=\"has-text-align-center\" data-align=\"center\">38,00 \u20ac<\/td><\/tr><tr><td><strong>\u010cierna Hora<\/strong><\/td><td class=\"has-text-align-center\" data-align=\"center\">249,00 \u20ac<\/td><td class=\"has-text-align-center\" data-align=\"center\">38,00 \u20ac<\/td><\/tr><tr><td><strong>\u00cdrsko<\/strong><\/td><td class=\"has-text-align-center\" data-align=\"center\">329,00 \u20ac<\/td><td class=\"has-text-align-center\" data-align=\"center\">29,00 \u20ac<\/td><\/tr><tr><td><strong>Srbsko<\/strong><\/td><td class=\"has-text-align-center\" data-align=\"center\">335,00 \u20ac<\/td><td class=\"has-text-align-center\" data-align=\"center\">85,00 \u20ac<\/td><\/tr><tr><td><strong>Spojen\u00e9 kr\u00e1\u013eovstvo<\/strong><\/td><td class=\"has-text-align-center\" data-align=\"center\">279,00 \u20ac<\/td><td class=\"has-text-align-center\" data-align=\"center\">&#8211;<\/td><\/tr><tr><td><strong>\u0160vaj\u010diarsko<\/strong><\/td><td class=\"has-text-align-center\" data-align=\"center\">464,00 \u20ac<\/td><td class=\"has-text-align-center\" data-align=\"center\">&#8211;<\/td><\/tr><\/tbody><\/table><\/figure>\n\n<figure class=\"wp-block-image size-large\"><a href=\"https:\/\/dodo-inflatables.com\/wp-content\/uploads\/2022\/01\/seperator-kleiner.png\"><img loading=\"lazy\" decoding=\"async\" width=\"1024\" height=\"102\" src=\"https:\/\/dodo-inflatables.com\/wp-content\/uploads\/2022\/01\/seperator-kleiner-1024x102.png\" alt=\"\" class=\"wp-image-4026\" srcset=\"https:\/\/dodo-inflatables.com\/wp-content\/uploads\/2022\/01\/seperator-kleiner-1024x102.png 1024w, https:\/\/dodo-inflatables.com\/wp-content\/uploads\/2022\/01\/seperator-kleiner-900x90.png 900w, https:\/\/dodo-inflatables.com\/wp-content\/uploads\/2022\/01\/seperator-kleiner-300x30.png 300w, https:\/\/dodo-inflatables.com\/wp-content\/uploads\/2022\/01\/seperator-kleiner-768x77.png 768w, https:\/\/dodo-inflatables.com\/wp-content\/uploads\/2022\/01\/seperator-kleiner-1536x154.png 1536w, https:\/\/dodo-inflatables.com\/wp-content\/uploads\/2022\/01\/seperator-kleiner-340x34.png 340w, https:\/\/dodo-inflatables.com\/wp-content\/uploads\/2022\/01\/seperator-kleiner.png 2000w\" sizes=\"auto, (max-width: 1024px) 100vw, 1024px\" \/><\/a><\/figure>\n\n<h4 class=\"wp-block-heading has-text-align-center\"><strong><strong>Pre na\u0161ich \u0161vaj\u010diarskych a anglick\u00fdch z\u00e1kazn\u00edkov:<\/strong><\/strong><\/h4>\n\n<p class=\"has-text-align-center\">Ako z\u00e1kazn\u00edk z krajiny mimo E\u00da m\u00f4\u017eete u n\u00e1s nakupova\u0165 bez DPH. Ceny uveden\u00e9 v internetovom obchode zah\u0155\u0148aj\u00fa nemeck\u00fa DPH (19 %), ktor\u00e1 sa odpo\u010d\u00edta hne\u010f po zadan\u00ed dodacej adresy (\u0160vaj\u010diarsko + Ve\u013ek\u00e1 Brit\u00e1nia) v ko\u0161\u00edku.<\/p>\n\n<p class=\"has-text-align-center\">Pri zasielan\u00ed do \u0160vaj\u010diarska a Spojen\u00e9ho kr\u00e1\u013eovstva sa pova\u017eujete za &#8222;dovozcu&#8220;. Preto v\u00e1m bude \u00fa\u010dtovan\u00e1 dovozn\u00e1 da\u0148 z predaja a n\u00e1klady na dovozn\u00e9 clo.<br\/>Na\u0161e n\u00e1klady na prepravu pre \u0160vaj\u010diarsko a Spojen\u00e9 kr\u00e1\u013eovstvo zah\u0155\u0148aj\u00fa cenu prepravy, coln\u00e9 odbavenie a pr\u00edpravu ABD.<\/p>\n","protected":false},"excerpt":{"rendered":"<p>N\u00e1klady na dopravu a inform\u00e1cie o medzin\u00e1rodnej doprave Sk\u00e1kacie hrady, \u0161m\u00fdka\u010dky a moduly na podujatia sa balia na palety a expeduj\u00fa prepravnou spolo\u010dnos\u0165ou. Po prijat\u00ed platby bude v\u00e1\u0161 tovar odoslan\u00fd v ten ist\u00fd alebo nasleduj\u00faci pracovn\u00fd de\u0148. Dodanie v r\u00e1mci E\u00da je zvy\u010dajne do 4 &#8211; 6 pracovn\u00fdch dn\u00ed. Pr\u00edslu\u0161enstvo, ako napr\u00edklad d\u00fachadl\u00e1, sa zasiela [&hellip;]<\/p>\n","protected":false},"author":1,"featured_media":0,"parent":0,"menu_order":0,"comment_status":"closed","ping_status":"closed","template":"","meta":{"_acf_changed":false,"_uag_custom_page_level_css":"","site-sidebar-layout":"default","site-content-layout":"content-boxed-container","ast-site-content-layout":"normal-width-container","site-content-style":"boxed","site-sidebar-style":"unboxed","ast-global-header-display":"","ast-banner-title-visibility":"","ast-main-header-display":"","ast-hfb-above-header-display":"","ast-hfb-below-header-display":"","ast-hfb-mobile-header-display":"","site-post-title":"disabled","ast-breadcrumbs-content":"disabled","ast-featured-img":"disabled","footer-sml-layout":"","ast-disable-related-posts":"","theme-transparent-header-meta":"","adv-header-id-meta":"7189","stick-header-meta":"","header-above-stick-meta":"","header-main-stick-meta":"","header-below-stick-meta":"","astra-migrate-meta-layouts":"default","ast-page-background-enabled":"default","ast-page-background-meta":{"desktop":{"background-color":"var(--ast-global-color-4)","background-image":"","background-repeat":"repeat","background-position":"center center","background-size":"auto","background-attachment":"scroll","background-type":"","background-media":"","overlay-type":"","overlay-color":"","overlay-opacity":"","overlay-gradient":""},"tablet":{"background-color":"","background-image":"","background-repeat":"repeat","background-position":"center center","background-size":"auto","background-attachment":"scroll","background-type":"","background-media":"","overlay-type":"","overlay-color":"","overlay-opacity":"","overlay-gradient":""},"mobile":{"background-color":"","background-image":"","background-repeat":"repeat","background-position":"center center","background-size":"auto","background-attachment":"scroll","background-type":"","background-media":"","overlay-type":"","overlay-color":"","overlay-opacity":"","overlay-gradient":""}},"ast-content-background-meta":{"desktop":{"background-color":"var(--ast-global-color-5)","background-image":"","background-repeat":"repeat","background-position":"center center","background-size":"auto","background-attachment":"scroll","background-type":"","background-media":"","overlay-type":"","overlay-color":"","overlay-opacity":"","overlay-gradient":""},"tablet":{"background-color":"var(--ast-global-color-5)","background-image":"","background-repeat":"repeat","background-position":"center center","background-size":"auto","background-attachment":"scroll","background-type":"","background-media":"","overlay-type":"","overlay-color":"","overlay-opacity":"","overlay-gradient":""},"mobile":{"background-color":"var(--ast-global-color-5)","background-image":"","background-repeat":"repeat","background-position":"center center","background-size":"auto","background-attachment":"scroll","background-type":"","background-media":"","overlay-type":"","overlay-color":"","overlay-opacity":"","overlay-gradient":""}},"footnotes":""},"class_list":["post-12408","page","type-page","status-publish","hentry"],"acf":[],"yoast_head":"<!-- This site is optimized with the Yoast SEO plugin v27.3 - https:\/\/yoast.com\/product\/yoast-seo-wordpress\/ -->\n<title>R\u00fdchle a bezpe\u010dn\u00e9 dodanie sk\u00e1kac\u00edch hradov po celej Eur\u00f3pe | Dodo Inflatables<\/title>\n<meta name=\"description\" content=\"Presk\u00famajte na\u0161e sk\u00e1kacie hrady s certifik\u00e1tom DIN EN 14960. Vyu\u017eite r\u00fdchle a bezpe\u010dn\u00e9 doru\u010denie do kraj\u00edn E\u00da a n\u00e1\u0161 ve\u013ek\u00fd v\u00fdber na sklade.\" \/>\n<meta name=\"robots\" content=\"index, follow, max-snippet:-1, max-image-preview:large, max-video-preview:-1\" \/>\n<link rel=\"canonical\" href=\"https:\/\/dodo-inflatables.com\/sk\/dodanie-do-krajin-eu\/\" \/>\n<meta name=\"twitter:label1\" content=\"Predpokladan\u00fd \u010das \u010d\u00edtania\" \/>\n\t<meta name=\"twitter:data1\" content=\"2 min\u00faty\" \/>\n<script type=\"application\/ld+json\" class=\"yoast-schema-graph\">{\"@context\":\"https:\\\/\\\/schema.org\",\"@graph\":[{\"@type\":\"WebPage\",\"@id\":\"https:\\\/\\\/dodo-inflatables.com\\\/sk\\\/dodanie-do-krajin-eu\\\/\",\"url\":\"https:\\\/\\\/dodo-inflatables.com\\\/sk\\\/dodanie-do-krajin-eu\\\/\",\"name\":\"R\u00fdchle a bezpe\u010dn\u00e9 dodanie sk\u00e1kac\u00edch hradov po celej Eur\u00f3pe | Dodo Inflatables\",\"isPartOf\":{\"@id\":\"https:\\\/\\\/dodo-inflatables.com\\\/sk\\\/#website\"},\"primaryImageOfPage\":{\"@id\":\"https:\\\/\\\/dodo-inflatables.com\\\/sk\\\/dodanie-do-krajin-eu\\\/#primaryimage\"},\"image\":{\"@id\":\"https:\\\/\\\/dodo-inflatables.com\\\/sk\\\/dodanie-do-krajin-eu\\\/#primaryimage\"},\"thumbnailUrl\":\"https:\\\/\\\/dodo-inflatables.com\\\/wp-content\\\/uploads\\\/2022\\\/01\\\/seperator-kleiner-1024x102.png\",\"datePublished\":\"2020-03-27T10:12:43+00:00\",\"dateModified\":\"2024-08-19T12:54:17+00:00\",\"description\":\"Presk\u00famajte na\u0161e sk\u00e1kacie hrady s certifik\u00e1tom DIN EN 14960. Vyu\u017eite r\u00fdchle a bezpe\u010dn\u00e9 doru\u010denie do kraj\u00edn E\u00da a n\u00e1\u0161 ve\u013ek\u00fd v\u00fdber na sklade.\",\"breadcrumb\":{\"@id\":\"https:\\\/\\\/dodo-inflatables.com\\\/sk\\\/dodanie-do-krajin-eu\\\/#breadcrumb\"},\"inLanguage\":\"sk-SK\",\"potentialAction\":[{\"@type\":\"ReadAction\",\"target\":[\"https:\\\/\\\/dodo-inflatables.com\\\/sk\\\/dodanie-do-krajin-eu\\\/\"]}]},{\"@type\":\"ImageObject\",\"inLanguage\":\"sk-SK\",\"@id\":\"https:\\\/\\\/dodo-inflatables.com\\\/sk\\\/dodanie-do-krajin-eu\\\/#primaryimage\",\"url\":\"https:\\\/\\\/dodo-inflatables.com\\\/wp-content\\\/uploads\\\/2022\\\/01\\\/seperator-kleiner-1024x102.png\",\"contentUrl\":\"https:\\\/\\\/dodo-inflatables.com\\\/wp-content\\\/uploads\\\/2022\\\/01\\\/seperator-kleiner-1024x102.png\"},{\"@type\":\"BreadcrumbList\",\"@id\":\"https:\\\/\\\/dodo-inflatables.com\\\/sk\\\/dodanie-do-krajin-eu\\\/#breadcrumb\",\"itemListElement\":[{\"@type\":\"ListItem\",\"position\":1,\"name\":\"Domovsk\u00e1 str\u00e1nka\",\"item\":\"https:\\\/\\\/dodo-inflatables.com\\\/sk\\\/\"},{\"@type\":\"ListItem\",\"position\":2,\"name\":\"Dodanie do kraj\u00edn E\u00da\"}]},{\"@type\":\"WebSite\",\"@id\":\"https:\\\/\\\/dodo-inflatables.com\\\/sk\\\/#website\",\"url\":\"https:\\\/\\\/dodo-inflatables.com\\\/sk\\\/\",\"name\":\"dodo-inflatables.com\",\"description\":\"Nakupujte sk\u00e1kacie hrady a atrakcie v na\u0161om obchode.\",\"publisher\":{\"@id\":\"https:\\\/\\\/dodo-inflatables.com\\\/sk\\\/#organization\"},\"potentialAction\":[{\"@type\":\"SearchAction\",\"target\":{\"@type\":\"EntryPoint\",\"urlTemplate\":\"https:\\\/\\\/dodo-inflatables.com\\\/sk\\\/?s={search_term_string}\"},\"query-input\":{\"@type\":\"PropertyValueSpecification\",\"valueRequired\":true,\"valueName\":\"search_term_string\"}}],\"inLanguage\":\"sk-SK\"},{\"@type\":\"Organization\",\"@id\":\"https:\\\/\\\/dodo-inflatables.com\\\/sk\\\/#organization\",\"name\":\"dodo-inflatables.com\",\"url\":\"https:\\\/\\\/dodo-inflatables.com\\\/sk\\\/\",\"logo\":{\"@type\":\"ImageObject\",\"inLanguage\":\"sk-SK\",\"@id\":\"https:\\\/\\\/dodo-inflatables.com\\\/sk\\\/#\\\/schema\\\/logo\\\/image\\\/\",\"url\":\"https:\\\/\\\/dodo-inflatables.com\\\/wp-content\\\/uploads\\\/2023\\\/04\\\/cropped-cropped-cropped-Dodo-Logo.png\",\"contentUrl\":\"https:\\\/\\\/dodo-inflatables.com\\\/wp-content\\\/uploads\\\/2023\\\/04\\\/cropped-cropped-cropped-Dodo-Logo.png\",\"width\":2996,\"height\":1545,\"caption\":\"dodo-inflatables.com\"},\"image\":{\"@id\":\"https:\\\/\\\/dodo-inflatables.com\\\/sk\\\/#\\\/schema\\\/logo\\\/image\\\/\"}}]}<\/script>\n<!-- \/ Yoast SEO plugin. -->","yoast_head_json":{"title":"R\u00fdchle a bezpe\u010dn\u00e9 dodanie sk\u00e1kac\u00edch hradov po celej Eur\u00f3pe | Dodo Inflatables","description":"Presk\u00famajte na\u0161e sk\u00e1kacie hrady s certifik\u00e1tom DIN EN 14960. Vyu\u017eite r\u00fdchle a bezpe\u010dn\u00e9 doru\u010denie do kraj\u00edn E\u00da a n\u00e1\u0161 ve\u013ek\u00fd v\u00fdber na sklade.","robots":{"index":"index","follow":"follow","max-snippet":"max-snippet:-1","max-image-preview":"max-image-preview:large","max-video-preview":"max-video-preview:-1"},"canonical":"https:\/\/dodo-inflatables.com\/sk\/dodanie-do-krajin-eu\/","twitter_misc":{"Predpokladan\u00fd \u010das \u010d\u00edtania":"2 min\u00faty"},"schema":{"@context":"https:\/\/schema.org","@graph":[{"@type":"WebPage","@id":"https:\/\/dodo-inflatables.com\/sk\/dodanie-do-krajin-eu\/","url":"https:\/\/dodo-inflatables.com\/sk\/dodanie-do-krajin-eu\/","name":"R\u00fdchle a bezpe\u010dn\u00e9 dodanie sk\u00e1kac\u00edch hradov po celej Eur\u00f3pe | Dodo Inflatables","isPartOf":{"@id":"https:\/\/dodo-inflatables.com\/sk\/#website"},"primaryImageOfPage":{"@id":"https:\/\/dodo-inflatables.com\/sk\/dodanie-do-krajin-eu\/#primaryimage"},"image":{"@id":"https:\/\/dodo-inflatables.com\/sk\/dodanie-do-krajin-eu\/#primaryimage"},"thumbnailUrl":"https:\/\/dodo-inflatables.com\/wp-content\/uploads\/2022\/01\/seperator-kleiner-1024x102.png","datePublished":"2020-03-27T10:12:43+00:00","dateModified":"2024-08-19T12:54:17+00:00","description":"Presk\u00famajte na\u0161e sk\u00e1kacie hrady s certifik\u00e1tom DIN EN 14960. Vyu\u017eite r\u00fdchle a bezpe\u010dn\u00e9 doru\u010denie do kraj\u00edn E\u00da a n\u00e1\u0161 ve\u013ek\u00fd v\u00fdber na sklade.","breadcrumb":{"@id":"https:\/\/dodo-inflatables.com\/sk\/dodanie-do-krajin-eu\/#breadcrumb"},"inLanguage":"sk-SK","potentialAction":[{"@type":"ReadAction","target":["https:\/\/dodo-inflatables.com\/sk\/dodanie-do-krajin-eu\/"]}]},{"@type":"ImageObject","inLanguage":"sk-SK","@id":"https:\/\/dodo-inflatables.com\/sk\/dodanie-do-krajin-eu\/#primaryimage","url":"https:\/\/dodo-inflatables.com\/wp-content\/uploads\/2022\/01\/seperator-kleiner-1024x102.png","contentUrl":"https:\/\/dodo-inflatables.com\/wp-content\/uploads\/2022\/01\/seperator-kleiner-1024x102.png"},{"@type":"BreadcrumbList","@id":"https:\/\/dodo-inflatables.com\/sk\/dodanie-do-krajin-eu\/#breadcrumb","itemListElement":[{"@type":"ListItem","position":1,"name":"Domovsk\u00e1 str\u00e1nka","item":"https:\/\/dodo-inflatables.com\/sk\/"},{"@type":"ListItem","position":2,"name":"Dodanie do kraj\u00edn E\u00da"}]},{"@type":"WebSite","@id":"https:\/\/dodo-inflatables.com\/sk\/#website","url":"https:\/\/dodo-inflatables.com\/sk\/","name":"dodo-inflatables.com","description":"Nakupujte sk\u00e1kacie hrady a atrakcie v na\u0161om obchode.","publisher":{"@id":"https:\/\/dodo-inflatables.com\/sk\/#organization"},"potentialAction":[{"@type":"SearchAction","target":{"@type":"EntryPoint","urlTemplate":"https:\/\/dodo-inflatables.com\/sk\/?s={search_term_string}"},"query-input":{"@type":"PropertyValueSpecification","valueRequired":true,"valueName":"search_term_string"}}],"inLanguage":"sk-SK"},{"@type":"Organization","@id":"https:\/\/dodo-inflatables.com\/sk\/#organization","name":"dodo-inflatables.com","url":"https:\/\/dodo-inflatables.com\/sk\/","logo":{"@type":"ImageObject","inLanguage":"sk-SK","@id":"https:\/\/dodo-inflatables.com\/sk\/#\/schema\/logo\/image\/","url":"https:\/\/dodo-inflatables.com\/wp-content\/uploads\/2023\/04\/cropped-cropped-cropped-Dodo-Logo.png","contentUrl":"https:\/\/dodo-inflatables.com\/wp-content\/uploads\/2023\/04\/cropped-cropped-cropped-Dodo-Logo.png","width":2996,"height":1545,"caption":"dodo-inflatables.com"},"image":{"@id":"https:\/\/dodo-inflatables.com\/sk\/#\/schema\/logo\/image\/"}}]}},"uagb_featured_image_src":{"full":false,"thumbnail":false,"medium":false,"medium_large":false,"large":false,"1536x1536":false,"2048x2048":false,"woocommerce_thumbnail":false,"woocommerce_single":false,"woocommerce_gallery_thumbnail":false},"uagb_author_info":{"display_name":"Andreas","author_link":"https:\/\/dodo-inflatables.com\/sk\/author\/andreas\/"},"uagb_comment_info":0,"uagb_excerpt":"N\u00e1klady na dopravu a inform\u00e1cie o medzin\u00e1rodnej doprave Sk\u00e1kacie hrady, \u0161m\u00fdka\u010dky a moduly na podujatia sa balia na palety a expeduj\u00fa prepravnou spolo\u010dnos\u0165ou. Po prijat\u00ed platby bude v\u00e1\u0161 tovar odoslan\u00fd v ten ist\u00fd alebo nasleduj\u00faci pracovn\u00fd de\u0148. Dodanie v r\u00e1mci E\u00da je zvy\u010dajne do 4 &#8211; 6 pracovn\u00fdch dn\u00ed. Pr\u00edslu\u0161enstvo, ako napr\u00edklad d\u00fachadl\u00e1, sa zasiela&hellip;","_links":{"self":[{"href":"https:\/\/dodo-inflatables.com\/sk\/wp-json\/wp\/v2\/pages\/12408","targetHints":{"allow":["GET"]}}],"collection":[{"href":"https:\/\/dodo-inflatables.com\/sk\/wp-json\/wp\/v2\/pages"}],"about":[{"href":"https:\/\/dodo-inflatables.com\/sk\/wp-json\/wp\/v2\/types\/page"}],"author":[{"embeddable":true,"href":"https:\/\/dodo-inflatables.com\/sk\/wp-json\/wp\/v2\/users\/1"}],"replies":[{"embeddable":true,"href":"https:\/\/dodo-inflatables.com\/sk\/wp-json\/wp\/v2\/comments?post=12408"}],"version-history":[{"count":3,"href":"https:\/\/dodo-inflatables.com\/sk\/wp-json\/wp\/v2\/pages\/12408\/revisions"}],"predecessor-version":[{"id":38942,"href":"https:\/\/dodo-inflatables.com\/sk\/wp-json\/wp\/v2\/pages\/12408\/revisions\/38942"}],"wp:attachment":[{"href":"https:\/\/dodo-inflatables.com\/sk\/wp-json\/wp\/v2\/media?parent=12408"}],"curies":[{"name":"wp","href":"https:\/\/api.w.org\/{rel}","templated":true}]}}