{"id":12417,"date":"2020-03-27T11:11:24","date_gmt":"2020-03-27T10:11:24","guid":{"rendered":"https:\/\/dodo-inflatables.com\/dodanie-do-svajciarska\/"},"modified":"2024-07-10T13:50:38","modified_gmt":"2024-07-10T11:50:38","slug":"dodanie-do-svajciarska","status":"publish","type":"page","link":"https:\/\/dodo-inflatables.com\/sk\/dodanie-do-svajciarska\/","title":{"rendered":"Dodanie do \u0160vaj\u010diarska"},"content":{"rendered":"\n<h3 class=\"wp-block-heading\" id=\"fur-unsere-schweizer-kunden\">Pre na\u0161ich \u0161vaj\u010diarskych z\u00e1kazn\u00edkov<\/h3>\n\n<p>Ako z\u00e1kazn\u00edk z krajiny mimo E\u00da m\u00f4\u017eete u n\u00e1s nakupova\u0165 bez DPH. Ceny uveden\u00e9 v internetovom obchode zah\u0155\u0148aj\u00fa nemeck\u00fa DPH (19 %), ktor\u00e1 sa n\u00e1sledne odpo\u010d\u00edta.<\/p>\n\n<p><br\/><\/p>\n\n<p>Pri zasielan\u00ed do \u0160vaj\u010diarska sa pova\u017eujete za &#8222;dovozcu&#8220;. Preto v\u00e1m bude \u00fa\u010dtovan\u00e1 \u0161vaj\u010diarska dovozn\u00e1 da\u0148 z predaja a dovozn\u00e9 clo.<br\/>Na\u0161e n\u00e1klady na prepravu do \u0160vaj\u010diarska zah\u0155\u0148aj\u00fa cenu prepravy, coln\u00e9 odbavenie a pr\u00edpravu ABD.<\/p>\n","protected":false},"excerpt":{"rendered":"<p>Pre na\u0161ich \u0161vaj\u010diarskych z\u00e1kazn\u00edkov Ako z\u00e1kazn\u00edk z krajiny mimo E\u00da m\u00f4\u017eete u n\u00e1s nakupova\u0165 bez DPH. Ceny uveden\u00e9 v internetovom obchode zah\u0155\u0148aj\u00fa nemeck\u00fa DPH (19 %), ktor\u00e1 sa n\u00e1sledne odpo\u010d\u00edta. Pri zasielan\u00ed do \u0160vaj\u010diarska sa pova\u017eujete za &#8222;dovozcu&#8220;. Preto v\u00e1m bude \u00fa\u010dtovan\u00e1 \u0161vaj\u010diarska dovozn\u00e1 da\u0148 z predaja a dovozn\u00e9 clo.Na\u0161e n\u00e1klady na prepravu do \u0160vaj\u010diarska [&hellip;]<\/p>\n","protected":false},"author":1,"featured_media":0,"parent":0,"menu_order":0,"comment_status":"closed","ping_status":"closed","template":"","meta":{"_acf_changed":false,"_uag_custom_page_level_css":"","site-sidebar-layout":"default","site-content-layout":"content-boxed-container","ast-site-content-layout":"normal-width-container","site-content-style":"boxed","site-sidebar-style":"unboxed","ast-global-header-display":"","ast-banner-title-visibility":"","ast-main-header-display":"","ast-hfb-above-header-display":"","ast-hfb-below-header-display":"","ast-hfb-mobile-header-display":"","site-post-title":"disabled","ast-breadcrumbs-content":"disabled","ast-featured-img":"disabled","footer-sml-layout":"","ast-disable-related-posts":"","theme-transparent-header-meta":"","adv-header-id-meta":"4069","stick-header-meta":"","header-above-stick-meta":"","header-main-stick-meta":"","header-below-stick-meta":"","astra-migrate-meta-layouts":"default","ast-page-background-enabled":"default","ast-page-background-meta":{"desktop":{"background-color":"var(--ast-global-color-4)","background-image":"","background-repeat":"repeat","background-position":"center center","background-size":"auto","background-attachment":"scroll","background-type":"","background-media":"","overlay-type":"","overlay-color":"","overlay-opacity":"","overlay-gradient":""},"tablet":{"background-color":"","background-image":"","background-repeat":"repeat","background-position":"center center","background-size":"auto","background-attachment":"scroll","background-type":"","background-media":"","overlay-type":"","overlay-color":"","overlay-opacity":"","overlay-gradient":""},"mobile":{"background-color":"","background-image":"","background-repeat":"repeat","background-position":"center center","background-size":"auto","background-attachment":"scroll","background-type":"","background-media":"","overlay-type":"","overlay-color":"","overlay-opacity":"","overlay-gradient":""}},"ast-content-background-meta":{"desktop":{"background-color":"var(--ast-global-color-5)","background-image":"","background-repeat":"repeat","background-position":"center center","background-size":"auto","background-attachment":"scroll","background-type":"","background-media":"","overlay-type":"","overlay-color":"","overlay-opacity":"","overlay-gradient":""},"tablet":{"background-color":"var(--ast-global-color-5)","background-image":"","background-repeat":"repeat","background-position":"center center","background-size":"auto","background-attachment":"scroll","background-type":"","background-media":"","overlay-type":"","overlay-color":"","overlay-opacity":"","overlay-gradient":""},"mobile":{"background-color":"var(--ast-global-color-5)","background-image":"","background-repeat":"repeat","background-position":"center center","background-size":"auto","background-attachment":"scroll","background-type":"","background-media":"","overlay-type":"","overlay-color":"","overlay-opacity":"","overlay-gradient":""}},"footnotes":""},"class_list":["post-12417","page","type-page","status-publish","hentry"],"acf":[],"yoast_head":"<!-- This site is optimized with the Yoast SEO plugin v27.4 - https:\/\/yoast.com\/product\/yoast-seo-wordpress\/ -->\n<title>R\u00fdchle a bezpe\u010dn\u00e9 dodanie sk\u00e1kacieho hradu do \u0160vaj\u010diarska | Dodo Inflatables<\/title>\n<meta name=\"description\" content=\"Presk\u00famajte na\u0161e sk\u00e1kacie hrady s certifik\u00e1tom DIN EN 14960. Vyu\u017eite r\u00fdchle a bezpe\u010dn\u00e9 doru\u010denie do \u0160vaj\u010diarska a n\u00e1\u0161 ve\u013ek\u00fd v\u00fdber na sklade.\" \/>\n<meta name=\"robots\" content=\"index, follow, max-snippet:-1, max-image-preview:large, max-video-preview:-1\" \/>\n<link rel=\"canonical\" href=\"https:\/\/dodo-inflatables.com\/sk\/dodanie-do-svajciarska\/\" \/>\n<script type=\"application\/ld+json\" class=\"yoast-schema-graph\">{\"@context\":\"https:\\\/\\\/schema.org\",\"@graph\":[{\"@type\":\"WebPage\",\"@id\":\"https:\\\/\\\/dodo-inflatables.com\\\/sk\\\/dodanie-do-svajciarska\\\/\",\"url\":\"https:\\\/\\\/dodo-inflatables.com\\\/sk\\\/dodanie-do-svajciarska\\\/\",\"name\":\"R\u00fdchle a bezpe\u010dn\u00e9 dodanie sk\u00e1kacieho hradu do \u0160vaj\u010diarska | Dodo Inflatables\",\"isPartOf\":{\"@id\":\"https:\\\/\\\/dodo-inflatables.com\\\/sk\\\/#website\"},\"datePublished\":\"2020-03-27T10:11:24+00:00\",\"dateModified\":\"2024-07-10T11:50:38+00:00\",\"description\":\"Presk\u00famajte na\u0161e sk\u00e1kacie hrady s certifik\u00e1tom DIN EN 14960. Vyu\u017eite r\u00fdchle a bezpe\u010dn\u00e9 doru\u010denie do \u0160vaj\u010diarska a n\u00e1\u0161 ve\u013ek\u00fd v\u00fdber na sklade.\",\"breadcrumb\":{\"@id\":\"https:\\\/\\\/dodo-inflatables.com\\\/sk\\\/dodanie-do-svajciarska\\\/#breadcrumb\"},\"inLanguage\":\"sk-SK\",\"potentialAction\":[{\"@type\":\"ReadAction\",\"target\":[\"https:\\\/\\\/dodo-inflatables.com\\\/sk\\\/dodanie-do-svajciarska\\\/\"]}]},{\"@type\":\"BreadcrumbList\",\"@id\":\"https:\\\/\\\/dodo-inflatables.com\\\/sk\\\/dodanie-do-svajciarska\\\/#breadcrumb\",\"itemListElement\":[{\"@type\":\"ListItem\",\"position\":1,\"name\":\"Domovsk\u00e1 str\u00e1nka\",\"item\":\"https:\\\/\\\/dodo-inflatables.com\\\/sk\\\/\"},{\"@type\":\"ListItem\",\"position\":2,\"name\":\"Dodanie do \u0160vaj\u010diarska\"}]},{\"@type\":\"WebSite\",\"@id\":\"https:\\\/\\\/dodo-inflatables.com\\\/sk\\\/#website\",\"url\":\"https:\\\/\\\/dodo-inflatables.com\\\/sk\\\/\",\"name\":\"dodo-inflatables.com\",\"description\":\"Nakupujte sk\u00e1kacie hrady a atrakcie v na\u0161om obchode.\",\"publisher\":{\"@id\":\"https:\\\/\\\/dodo-inflatables.com\\\/sk\\\/#organization\"},\"potentialAction\":[{\"@type\":\"SearchAction\",\"target\":{\"@type\":\"EntryPoint\",\"urlTemplate\":\"https:\\\/\\\/dodo-inflatables.com\\\/sk\\\/?s={search_term_string}\"},\"query-input\":{\"@type\":\"PropertyValueSpecification\",\"valueRequired\":true,\"valueName\":\"search_term_string\"}}],\"inLanguage\":\"sk-SK\"},{\"@type\":\"Organization\",\"@id\":\"https:\\\/\\\/dodo-inflatables.com\\\/sk\\\/#organization\",\"name\":\"dodo-inflatables.com\",\"url\":\"https:\\\/\\\/dodo-inflatables.com\\\/sk\\\/\",\"logo\":{\"@type\":\"ImageObject\",\"inLanguage\":\"sk-SK\",\"@id\":\"https:\\\/\\\/dodo-inflatables.com\\\/sk\\\/#\\\/schema\\\/logo\\\/image\\\/\",\"url\":\"https:\\\/\\\/dodo-inflatables.com\\\/wp-content\\\/uploads\\\/2023\\\/04\\\/cropped-cropped-cropped-Dodo-Logo.png\",\"contentUrl\":\"https:\\\/\\\/dodo-inflatables.com\\\/wp-content\\\/uploads\\\/2023\\\/04\\\/cropped-cropped-cropped-Dodo-Logo.png\",\"width\":2996,\"height\":1545,\"caption\":\"dodo-inflatables.com\"},\"image\":{\"@id\":\"https:\\\/\\\/dodo-inflatables.com\\\/sk\\\/#\\\/schema\\\/logo\\\/image\\\/\"}}]}<\/script>\n<!-- \/ Yoast SEO plugin. -->","yoast_head_json":{"title":"R\u00fdchle a bezpe\u010dn\u00e9 dodanie sk\u00e1kacieho hradu do \u0160vaj\u010diarska | Dodo Inflatables","description":"Presk\u00famajte na\u0161e sk\u00e1kacie hrady s certifik\u00e1tom DIN EN 14960. Vyu\u017eite r\u00fdchle a bezpe\u010dn\u00e9 doru\u010denie do \u0160vaj\u010diarska a n\u00e1\u0161 ve\u013ek\u00fd v\u00fdber na sklade.","robots":{"index":"index","follow":"follow","max-snippet":"max-snippet:-1","max-image-preview":"max-image-preview:large","max-video-preview":"max-video-preview:-1"},"canonical":"https:\/\/dodo-inflatables.com\/sk\/dodanie-do-svajciarska\/","schema":{"@context":"https:\/\/schema.org","@graph":[{"@type":"WebPage","@id":"https:\/\/dodo-inflatables.com\/sk\/dodanie-do-svajciarska\/","url":"https:\/\/dodo-inflatables.com\/sk\/dodanie-do-svajciarska\/","name":"R\u00fdchle a bezpe\u010dn\u00e9 dodanie sk\u00e1kacieho hradu do \u0160vaj\u010diarska | Dodo Inflatables","isPartOf":{"@id":"https:\/\/dodo-inflatables.com\/sk\/#website"},"datePublished":"2020-03-27T10:11:24+00:00","dateModified":"2024-07-10T11:50:38+00:00","description":"Presk\u00famajte na\u0161e sk\u00e1kacie hrady s certifik\u00e1tom DIN EN 14960. Vyu\u017eite r\u00fdchle a bezpe\u010dn\u00e9 doru\u010denie do \u0160vaj\u010diarska a n\u00e1\u0161 ve\u013ek\u00fd v\u00fdber na sklade.","breadcrumb":{"@id":"https:\/\/dodo-inflatables.com\/sk\/dodanie-do-svajciarska\/#breadcrumb"},"inLanguage":"sk-SK","potentialAction":[{"@type":"ReadAction","target":["https:\/\/dodo-inflatables.com\/sk\/dodanie-do-svajciarska\/"]}]},{"@type":"BreadcrumbList","@id":"https:\/\/dodo-inflatables.com\/sk\/dodanie-do-svajciarska\/#breadcrumb","itemListElement":[{"@type":"ListItem","position":1,"name":"Domovsk\u00e1 str\u00e1nka","item":"https:\/\/dodo-inflatables.com\/sk\/"},{"@type":"ListItem","position":2,"name":"Dodanie do \u0160vaj\u010diarska"}]},{"@type":"WebSite","@id":"https:\/\/dodo-inflatables.com\/sk\/#website","url":"https:\/\/dodo-inflatables.com\/sk\/","name":"dodo-inflatables.com","description":"Nakupujte sk\u00e1kacie hrady a atrakcie v na\u0161om obchode.","publisher":{"@id":"https:\/\/dodo-inflatables.com\/sk\/#organization"},"potentialAction":[{"@type":"SearchAction","target":{"@type":"EntryPoint","urlTemplate":"https:\/\/dodo-inflatables.com\/sk\/?s={search_term_string}"},"query-input":{"@type":"PropertyValueSpecification","valueRequired":true,"valueName":"search_term_string"}}],"inLanguage":"sk-SK"},{"@type":"Organization","@id":"https:\/\/dodo-inflatables.com\/sk\/#organization","name":"dodo-inflatables.com","url":"https:\/\/dodo-inflatables.com\/sk\/","logo":{"@type":"ImageObject","inLanguage":"sk-SK","@id":"https:\/\/dodo-inflatables.com\/sk\/#\/schema\/logo\/image\/","url":"https:\/\/dodo-inflatables.com\/wp-content\/uploads\/2023\/04\/cropped-cropped-cropped-Dodo-Logo.png","contentUrl":"https:\/\/dodo-inflatables.com\/wp-content\/uploads\/2023\/04\/cropped-cropped-cropped-Dodo-Logo.png","width":2996,"height":1545,"caption":"dodo-inflatables.com"},"image":{"@id":"https:\/\/dodo-inflatables.com\/sk\/#\/schema\/logo\/image\/"}}]}},"uagb_featured_image_src":{"full":false,"thumbnail":false,"medium":false,"medium_large":false,"large":false,"1536x1536":false,"2048x2048":false,"woocommerce_thumbnail":false,"woocommerce_single":false,"woocommerce_gallery_thumbnail":false},"uagb_author_info":{"display_name":"Andreas","author_link":"https:\/\/dodo-inflatables.com\/sk\/author\/andreas\/"},"uagb_comment_info":0,"uagb_excerpt":"Pre na\u0161ich \u0161vaj\u010diarskych z\u00e1kazn\u00edkov Ako z\u00e1kazn\u00edk z krajiny mimo E\u00da m\u00f4\u017eete u n\u00e1s nakupova\u0165 bez DPH. Ceny uveden\u00e9 v internetovom obchode zah\u0155\u0148aj\u00fa nemeck\u00fa DPH (19 %), ktor\u00e1 sa n\u00e1sledne odpo\u010d\u00edta. Pri zasielan\u00ed do \u0160vaj\u010diarska sa pova\u017eujete za &#8222;dovozcu&#8220;. Preto v\u00e1m bude \u00fa\u010dtovan\u00e1 \u0161vaj\u010diarska dovozn\u00e1 da\u0148 z predaja a dovozn\u00e9 clo.Na\u0161e n\u00e1klady na prepravu do \u0160vaj\u010diarska&hellip;","_links":{"self":[{"href":"https:\/\/dodo-inflatables.com\/sk\/wp-json\/wp\/v2\/pages\/12417","targetHints":{"allow":["GET"]}}],"collection":[{"href":"https:\/\/dodo-inflatables.com\/sk\/wp-json\/wp\/v2\/pages"}],"about":[{"href":"https:\/\/dodo-inflatables.com\/sk\/wp-json\/wp\/v2\/types\/page"}],"author":[{"embeddable":true,"href":"https:\/\/dodo-inflatables.com\/sk\/wp-json\/wp\/v2\/users\/1"}],"replies":[{"embeddable":true,"href":"https:\/\/dodo-inflatables.com\/sk\/wp-json\/wp\/v2\/comments?post=12417"}],"version-history":[{"count":2,"href":"https:\/\/dodo-inflatables.com\/sk\/wp-json\/wp\/v2\/pages\/12417\/revisions"}],"predecessor-version":[{"id":12419,"href":"https:\/\/dodo-inflatables.com\/sk\/wp-json\/wp\/v2\/pages\/12417\/revisions\/12419"}],"wp:attachment":[{"href":"https:\/\/dodo-inflatables.com\/sk\/wp-json\/wp\/v2\/media?parent=12417"}],"curies":[{"name":"wp","href":"https:\/\/api.w.org\/{rel}","templated":true}]}}