{"id":12421,"date":"2019-03-01T13:01:27","date_gmt":"2019-03-01T12:01:27","guid":{"rendered":"https:\/\/dodo-inflatables.com\/nasa-kvalita\/"},"modified":"2024-08-19T14:44:16","modified_gmt":"2024-08-19T12:44:16","slug":"nasa-kvalita","status":"publish","type":"page","link":"https:\/\/dodo-inflatables.com\/sk\/nasa-kvalita\/","title":{"rendered":"Na\u0161a kvalita"},"content":{"rendered":"\n<figure class=\"wp-block-image alignfull size-large\"><a href=\"https:\/\/dodo-inflatables.com\/wp-content\/uploads\/2022\/01\/banner_dunkel-kleiner-1.jpg\"><img decoding=\"async\" src=\"https:\/\/dodo-inflatables.com\/wp-content\/uploads\/2022\/01\/banner_dunkel-kleiner-1-1024x397.jpg\" alt=\"\" class=\"wp-image-4055\"\/><\/a><\/figure>\n\n<h1 class=\"wp-block-heading has-text-align-center\" id=\"unsere-qualitat\"><strong>Na\u0161a kvalita<\/strong><\/h1>\n\n<figure class=\"wp-block-image aligncenter size-large\"><a href=\"https:\/\/dodo-inflatables.com\/wp-content\/uploads\/2022\/01\/seperator-kleiner.png\"><img loading=\"lazy\" decoding=\"async\" width=\"1024\" height=\"102\" src=\"https:\/\/dodo-inflatables.com\/wp-content\/uploads\/2022\/01\/seperator-kleiner-1024x102.png\" alt=\"\" class=\"wp-image-4026\" srcset=\"https:\/\/dodo-inflatables.com\/wp-content\/uploads\/2022\/01\/seperator-kleiner-1024x102.png 1024w, https:\/\/dodo-inflatables.com\/wp-content\/uploads\/2022\/01\/seperator-kleiner-900x90.png 900w, https:\/\/dodo-inflatables.com\/wp-content\/uploads\/2022\/01\/seperator-kleiner-300x30.png 300w, https:\/\/dodo-inflatables.com\/wp-content\/uploads\/2022\/01\/seperator-kleiner-768x77.png 768w, https:\/\/dodo-inflatables.com\/wp-content\/uploads\/2022\/01\/seperator-kleiner-1536x154.png 1536w, https:\/\/dodo-inflatables.com\/wp-content\/uploads\/2022\/01\/seperator-kleiner-340x34.png 340w, https:\/\/dodo-inflatables.com\/wp-content\/uploads\/2022\/01\/seperator-kleiner.png 2000w\" sizes=\"auto, (max-width: 1024px) 100vw, 1024px\" \/><\/a><\/figure>\n\n<p>Z\u00e1ujemcovia a potenci\u00e1lni z\u00e1kazn\u00edci sa n\u00e1s neust\u00e1le p\u00fdtaj\u00fa: &#8222;S\u00fa va\u0161e nafukovacie koles\u00e1 kvalitn\u00e9?&#8220;. M\u00f4\u017eeme len jednozna\u010dne poveda\u0165: \u00c1no!<\/p>\n\n<p>Na\u0161e nafukovacie vaky sa vyr\u00e1baj\u00fa a kontroluj\u00fa v\u00fdlu\u010dne pod\u013ea na\u0161ich pr\u00edsnych \u0161pecifik\u00e1ci\u00ed. Kvalitu na\u0161ich v\u00fdrobkov charakterizuj\u00fa tieto vlastnosti:<\/p>\n\n<ul class=\"wp-block-list\">\n<li>Certifikovan\u00e9 pod\u013ea normy DIN EN 14960<\/li>\n\n\n\n<li>0,55 PVC \/ 18oz vinyl, ur\u010den\u00fd na komer\u010dn\u00e9 pou\u017eitie v pren\u00e1jme<\/li>\n\n\n\n<li>Dvojit\u00e9, trojit\u00e9 a dokonca \u0161es\u0165n\u00e1sobn\u00e9 pre\u0161itie na obzvl\u00e1\u0161\u0165 nam\u00e1han\u00fdch miestach<\/li>\n\n\n\n<li>Jedine\u010dn\u00e9 a detailn\u00e9 vzory<\/li>\n\n\n\n<li>Mno\u017estvo upev\u0148ovac\u00edch o\u010diek okolo sk\u00e1kacieho hradu<\/li>\n<\/ul>\n\n<p>U\u017e roky si sami prenaj\u00edmame niektor\u00e9 z na\u0161ich nafukovac\u00edch zariaden\u00ed a sami sme sa mohli presved\u010di\u0165 o ich kvalite a odolnosti. \u010ci u\u017e je to len na nieko\u013eko pou\u017eit\u00ed ro\u010dne v \u0161portovom klube, pre po\u017ei\u010dovne sk\u00e1kac\u00edch hradov na strane alebo na pou\u017eitie v kryt\u00fdch hern\u00fdch parkoch. N\u00e1\u0161 sk\u00e1kac\u00ed hrad m\u00f4\u017eeme bez v\u00fdhrad odporu\u010di\u0165!<\/p>\n\n<p>Ste st\u00e1le skeptick\u00ed a chcete sa pred k\u00fapou presved\u010di\u0165 o kvalite? Potom n\u00e1s po dohode nav\u0161t\u00edvte v na\u0161om sklade v Mn\u00edchove a vysk\u00fa\u0161ajte si kvalitu na na\u0161om predv\u00e1dzacom modeli.<\/p>\n\n<div style=\"height:100px\" aria-hidden=\"true\" class=\"wp-block-spacer\"><\/div>\n","protected":false},"excerpt":{"rendered":"<p>Na\u0161a kvalita Z\u00e1ujemcovia a potenci\u00e1lni z\u00e1kazn\u00edci sa n\u00e1s neust\u00e1le p\u00fdtaj\u00fa: &#8222;S\u00fa va\u0161e nafukovacie koles\u00e1 kvalitn\u00e9?&#8220;. M\u00f4\u017eeme len jednozna\u010dne poveda\u0165: \u00c1no! Na\u0161e nafukovacie vaky sa vyr\u00e1baj\u00fa a kontroluj\u00fa v\u00fdlu\u010dne pod\u013ea na\u0161ich pr\u00edsnych \u0161pecifik\u00e1ci\u00ed. Kvalitu na\u0161ich v\u00fdrobkov charakterizuj\u00fa tieto vlastnosti: U\u017e roky si sami prenaj\u00edmame niektor\u00e9 z na\u0161ich nafukovac\u00edch zariaden\u00ed a sami sme sa mohli presved\u010di\u0165 o [&hellip;]<\/p>\n","protected":false},"author":1,"featured_media":0,"parent":0,"menu_order":0,"comment_status":"closed","ping_status":"closed","template":"","meta":{"_acf_changed":false,"_uag_custom_page_level_css":"","site-sidebar-layout":"default","site-content-layout":"","ast-site-content-layout":"default","site-content-style":"default","site-sidebar-style":"default","ast-global-header-display":"","ast-banner-title-visibility":"","ast-main-header-display":"","ast-hfb-above-header-display":"","ast-hfb-below-header-display":"","ast-hfb-mobile-header-display":"","site-post-title":"disabled","ast-breadcrumbs-content":"","ast-featured-img":"","footer-sml-layout":"","ast-disable-related-posts":"","theme-transparent-header-meta":"","adv-header-id-meta":"7189","stick-header-meta":"","header-above-stick-meta":"","header-main-stick-meta":"","header-below-stick-meta":"","astra-migrate-meta-layouts":"default","ast-page-background-enabled":"default","ast-page-background-meta":{"desktop":{"background-color":"var(--ast-global-color-4)","background-image":"","background-repeat":"repeat","background-position":"center center","background-size":"auto","background-attachment":"scroll","background-type":"","background-media":"","overlay-type":"","overlay-color":"","overlay-opacity":"","overlay-gradient":""},"tablet":{"background-color":"","background-image":"","background-repeat":"repeat","background-position":"center center","background-size":"auto","background-attachment":"scroll","background-type":"","background-media":"","overlay-type":"","overlay-color":"","overlay-opacity":"","overlay-gradient":""},"mobile":{"background-color":"","background-image":"","background-repeat":"repeat","background-position":"center center","background-size":"auto","background-attachment":"scroll","background-type":"","background-media":"","overlay-type":"","overlay-color":"","overlay-opacity":"","overlay-gradient":""}},"ast-content-background-meta":{"desktop":{"background-color":"var(--ast-global-color-5)","background-image":"","background-repeat":"repeat","background-position":"center center","background-size":"auto","background-attachment":"scroll","background-type":"","background-media":"","overlay-type":"","overlay-color":"","overlay-opacity":"","overlay-gradient":""},"tablet":{"background-color":"var(--ast-global-color-5)","background-image":"","background-repeat":"repeat","background-position":"center center","background-size":"auto","background-attachment":"scroll","background-type":"","background-media":"","overlay-type":"","overlay-color":"","overlay-opacity":"","overlay-gradient":""},"mobile":{"background-color":"var(--ast-global-color-5)","background-image":"","background-repeat":"repeat","background-position":"center center","background-size":"auto","background-attachment":"scroll","background-type":"","background-media":"","overlay-type":"","overlay-color":"","overlay-opacity":"","overlay-gradient":""}},"footnotes":""},"class_list":["post-12421","page","type-page","status-publish","hentry"],"acf":[],"yoast_head":"<!-- This site is optimized with the Yoast SEO plugin v27.4 - https:\/\/yoast.com\/product\/yoast-seo-wordpress\/ -->\n<title>Dodo-Inflatables.com | Certifikovan\u00e9 vysokokvalitn\u00e9 nafukovacie atrakcie a sk\u00e1kacie hrady<\/title>\n<meta name=\"description\" content=\"Za\u017eite dokonalos\u0165 s Dodo Inflatables! Na\u0161e sk\u00e1kacie hrady s\u00fa certifikovan\u00e9 pod\u013ea normy DIN EN 14960, \u010do zaru\u010duje najvy\u0161\u0161ie bezpe\u010dnostn\u00e9 \u0161tandardy pre va\u0161e sk\u00e1kanie.\" \/>\n<meta name=\"robots\" content=\"index, follow, max-snippet:-1, max-image-preview:large, max-video-preview:-1\" \/>\n<link rel=\"canonical\" href=\"https:\/\/dodo-inflatables.com\/sk\/nasa-kvalita\/\" \/>\n<meta name=\"twitter:label1\" content=\"Predpokladan\u00fd \u010das \u010d\u00edtania\" \/>\n\t<meta name=\"twitter:data1\" content=\"1 min\u00fata\" \/>\n<script type=\"application\/ld+json\" class=\"yoast-schema-graph\">{\"@context\":\"https:\\\/\\\/schema.org\",\"@graph\":[{\"@type\":\"WebPage\",\"@id\":\"https:\\\/\\\/dodo-inflatables.com\\\/sk\\\/nasa-kvalita\\\/\",\"url\":\"https:\\\/\\\/dodo-inflatables.com\\\/sk\\\/nasa-kvalita\\\/\",\"name\":\"Dodo-Inflatables.com | Certifikovan\u00e9 vysokokvalitn\u00e9 nafukovacie atrakcie a sk\u00e1kacie hrady\",\"isPartOf\":{\"@id\":\"https:\\\/\\\/dodo-inflatables.com\\\/sk\\\/#website\"},\"primaryImageOfPage\":{\"@id\":\"https:\\\/\\\/dodo-inflatables.com\\\/sk\\\/nasa-kvalita\\\/#primaryimage\"},\"image\":{\"@id\":\"https:\\\/\\\/dodo-inflatables.com\\\/sk\\\/nasa-kvalita\\\/#primaryimage\"},\"thumbnailUrl\":\"https:\\\/\\\/dodo-inflatables.com\\\/wp-content\\\/uploads\\\/2022\\\/01\\\/banner_dunkel-kleiner-1-1024x397.jpg\",\"datePublished\":\"2019-03-01T12:01:27+00:00\",\"dateModified\":\"2024-08-19T12:44:16+00:00\",\"description\":\"Za\u017eite dokonalos\u0165 s Dodo Inflatables! Na\u0161e sk\u00e1kacie hrady s\u00fa certifikovan\u00e9 pod\u013ea normy DIN EN 14960, \u010do zaru\u010duje najvy\u0161\u0161ie bezpe\u010dnostn\u00e9 \u0161tandardy pre va\u0161e sk\u00e1kanie.\",\"breadcrumb\":{\"@id\":\"https:\\\/\\\/dodo-inflatables.com\\\/sk\\\/nasa-kvalita\\\/#breadcrumb\"},\"inLanguage\":\"sk-SK\",\"potentialAction\":[{\"@type\":\"ReadAction\",\"target\":[\"https:\\\/\\\/dodo-inflatables.com\\\/sk\\\/nasa-kvalita\\\/\"]}]},{\"@type\":\"ImageObject\",\"inLanguage\":\"sk-SK\",\"@id\":\"https:\\\/\\\/dodo-inflatables.com\\\/sk\\\/nasa-kvalita\\\/#primaryimage\",\"url\":\"https:\\\/\\\/dodo-inflatables.com\\\/wp-content\\\/uploads\\\/2022\\\/01\\\/banner_dunkel-kleiner-1-1024x397.jpg\",\"contentUrl\":\"https:\\\/\\\/dodo-inflatables.com\\\/wp-content\\\/uploads\\\/2022\\\/01\\\/banner_dunkel-kleiner-1-1024x397.jpg\"},{\"@type\":\"BreadcrumbList\",\"@id\":\"https:\\\/\\\/dodo-inflatables.com\\\/sk\\\/nasa-kvalita\\\/#breadcrumb\",\"itemListElement\":[{\"@type\":\"ListItem\",\"position\":1,\"name\":\"Domovsk\u00e1 str\u00e1nka\",\"item\":\"https:\\\/\\\/dodo-inflatables.com\\\/sk\\\/\"},{\"@type\":\"ListItem\",\"position\":2,\"name\":\"Na\u0161a kvalita\"}]},{\"@type\":\"WebSite\",\"@id\":\"https:\\\/\\\/dodo-inflatables.com\\\/sk\\\/#website\",\"url\":\"https:\\\/\\\/dodo-inflatables.com\\\/sk\\\/\",\"name\":\"dodo-inflatables.com\",\"description\":\"Nakupujte sk\u00e1kacie hrady a atrakcie v na\u0161om obchode.\",\"publisher\":{\"@id\":\"https:\\\/\\\/dodo-inflatables.com\\\/sk\\\/#organization\"},\"potentialAction\":[{\"@type\":\"SearchAction\",\"target\":{\"@type\":\"EntryPoint\",\"urlTemplate\":\"https:\\\/\\\/dodo-inflatables.com\\\/sk\\\/?s={search_term_string}\"},\"query-input\":{\"@type\":\"PropertyValueSpecification\",\"valueRequired\":true,\"valueName\":\"search_term_string\"}}],\"inLanguage\":\"sk-SK\"},{\"@type\":\"Organization\",\"@id\":\"https:\\\/\\\/dodo-inflatables.com\\\/sk\\\/#organization\",\"name\":\"dodo-inflatables.com\",\"url\":\"https:\\\/\\\/dodo-inflatables.com\\\/sk\\\/\",\"logo\":{\"@type\":\"ImageObject\",\"inLanguage\":\"sk-SK\",\"@id\":\"https:\\\/\\\/dodo-inflatables.com\\\/sk\\\/#\\\/schema\\\/logo\\\/image\\\/\",\"url\":\"https:\\\/\\\/dodo-inflatables.com\\\/wp-content\\\/uploads\\\/2023\\\/04\\\/cropped-cropped-cropped-Dodo-Logo.png\",\"contentUrl\":\"https:\\\/\\\/dodo-inflatables.com\\\/wp-content\\\/uploads\\\/2023\\\/04\\\/cropped-cropped-cropped-Dodo-Logo.png\",\"width\":2996,\"height\":1545,\"caption\":\"dodo-inflatables.com\"},\"image\":{\"@id\":\"https:\\\/\\\/dodo-inflatables.com\\\/sk\\\/#\\\/schema\\\/logo\\\/image\\\/\"}}]}<\/script>\n<!-- \/ Yoast SEO plugin. -->","yoast_head_json":{"title":"Dodo-Inflatables.com | Certifikovan\u00e9 vysokokvalitn\u00e9 nafukovacie atrakcie a sk\u00e1kacie hrady","description":"Za\u017eite dokonalos\u0165 s Dodo Inflatables! Na\u0161e sk\u00e1kacie hrady s\u00fa certifikovan\u00e9 pod\u013ea normy DIN EN 14960, \u010do zaru\u010duje najvy\u0161\u0161ie bezpe\u010dnostn\u00e9 \u0161tandardy pre va\u0161e sk\u00e1kanie.","robots":{"index":"index","follow":"follow","max-snippet":"max-snippet:-1","max-image-preview":"max-image-preview:large","max-video-preview":"max-video-preview:-1"},"canonical":"https:\/\/dodo-inflatables.com\/sk\/nasa-kvalita\/","twitter_misc":{"Predpokladan\u00fd \u010das \u010d\u00edtania":"1 min\u00fata"},"schema":{"@context":"https:\/\/schema.org","@graph":[{"@type":"WebPage","@id":"https:\/\/dodo-inflatables.com\/sk\/nasa-kvalita\/","url":"https:\/\/dodo-inflatables.com\/sk\/nasa-kvalita\/","name":"Dodo-Inflatables.com | Certifikovan\u00e9 vysokokvalitn\u00e9 nafukovacie atrakcie a sk\u00e1kacie hrady","isPartOf":{"@id":"https:\/\/dodo-inflatables.com\/sk\/#website"},"primaryImageOfPage":{"@id":"https:\/\/dodo-inflatables.com\/sk\/nasa-kvalita\/#primaryimage"},"image":{"@id":"https:\/\/dodo-inflatables.com\/sk\/nasa-kvalita\/#primaryimage"},"thumbnailUrl":"https:\/\/dodo-inflatables.com\/wp-content\/uploads\/2022\/01\/banner_dunkel-kleiner-1-1024x397.jpg","datePublished":"2019-03-01T12:01:27+00:00","dateModified":"2024-08-19T12:44:16+00:00","description":"Za\u017eite dokonalos\u0165 s Dodo Inflatables! Na\u0161e sk\u00e1kacie hrady s\u00fa certifikovan\u00e9 pod\u013ea normy DIN EN 14960, \u010do zaru\u010duje najvy\u0161\u0161ie bezpe\u010dnostn\u00e9 \u0161tandardy pre va\u0161e sk\u00e1kanie.","breadcrumb":{"@id":"https:\/\/dodo-inflatables.com\/sk\/nasa-kvalita\/#breadcrumb"},"inLanguage":"sk-SK","potentialAction":[{"@type":"ReadAction","target":["https:\/\/dodo-inflatables.com\/sk\/nasa-kvalita\/"]}]},{"@type":"ImageObject","inLanguage":"sk-SK","@id":"https:\/\/dodo-inflatables.com\/sk\/nasa-kvalita\/#primaryimage","url":"https:\/\/dodo-inflatables.com\/wp-content\/uploads\/2022\/01\/banner_dunkel-kleiner-1-1024x397.jpg","contentUrl":"https:\/\/dodo-inflatables.com\/wp-content\/uploads\/2022\/01\/banner_dunkel-kleiner-1-1024x397.jpg"},{"@type":"BreadcrumbList","@id":"https:\/\/dodo-inflatables.com\/sk\/nasa-kvalita\/#breadcrumb","itemListElement":[{"@type":"ListItem","position":1,"name":"Domovsk\u00e1 str\u00e1nka","item":"https:\/\/dodo-inflatables.com\/sk\/"},{"@type":"ListItem","position":2,"name":"Na\u0161a kvalita"}]},{"@type":"WebSite","@id":"https:\/\/dodo-inflatables.com\/sk\/#website","url":"https:\/\/dodo-inflatables.com\/sk\/","name":"dodo-inflatables.com","description":"Nakupujte sk\u00e1kacie hrady a atrakcie v na\u0161om obchode.","publisher":{"@id":"https:\/\/dodo-inflatables.com\/sk\/#organization"},"potentialAction":[{"@type":"SearchAction","target":{"@type":"EntryPoint","urlTemplate":"https:\/\/dodo-inflatables.com\/sk\/?s={search_term_string}"},"query-input":{"@type":"PropertyValueSpecification","valueRequired":true,"valueName":"search_term_string"}}],"inLanguage":"sk-SK"},{"@type":"Organization","@id":"https:\/\/dodo-inflatables.com\/sk\/#organization","name":"dodo-inflatables.com","url":"https:\/\/dodo-inflatables.com\/sk\/","logo":{"@type":"ImageObject","inLanguage":"sk-SK","@id":"https:\/\/dodo-inflatables.com\/sk\/#\/schema\/logo\/image\/","url":"https:\/\/dodo-inflatables.com\/wp-content\/uploads\/2023\/04\/cropped-cropped-cropped-Dodo-Logo.png","contentUrl":"https:\/\/dodo-inflatables.com\/wp-content\/uploads\/2023\/04\/cropped-cropped-cropped-Dodo-Logo.png","width":2996,"height":1545,"caption":"dodo-inflatables.com"},"image":{"@id":"https:\/\/dodo-inflatables.com\/sk\/#\/schema\/logo\/image\/"}}]}},"uagb_featured_image_src":{"full":false,"thumbnail":false,"medium":false,"medium_large":false,"large":false,"1536x1536":false,"2048x2048":false,"woocommerce_thumbnail":false,"woocommerce_single":false,"woocommerce_gallery_thumbnail":false},"uagb_author_info":{"display_name":"Andreas","author_link":"https:\/\/dodo-inflatables.com\/sk\/author\/andreas\/"},"uagb_comment_info":0,"uagb_excerpt":"Na\u0161a kvalita Z\u00e1ujemcovia a potenci\u00e1lni z\u00e1kazn\u00edci sa n\u00e1s neust\u00e1le p\u00fdtaj\u00fa: &#8222;S\u00fa va\u0161e nafukovacie koles\u00e1 kvalitn\u00e9?&#8220;. M\u00f4\u017eeme len jednozna\u010dne poveda\u0165: \u00c1no! Na\u0161e nafukovacie vaky sa vyr\u00e1baj\u00fa a kontroluj\u00fa v\u00fdlu\u010dne pod\u013ea na\u0161ich pr\u00edsnych \u0161pecifik\u00e1ci\u00ed. Kvalitu na\u0161ich v\u00fdrobkov charakterizuj\u00fa tieto vlastnosti: U\u017e roky si sami prenaj\u00edmame niektor\u00e9 z na\u0161ich nafukovac\u00edch zariaden\u00ed a sami sme sa mohli presved\u010di\u0165 o&hellip;","_links":{"self":[{"href":"https:\/\/dodo-inflatables.com\/sk\/wp-json\/wp\/v2\/pages\/12421","targetHints":{"allow":["GET"]}}],"collection":[{"href":"https:\/\/dodo-inflatables.com\/sk\/wp-json\/wp\/v2\/pages"}],"about":[{"href":"https:\/\/dodo-inflatables.com\/sk\/wp-json\/wp\/v2\/types\/page"}],"author":[{"embeddable":true,"href":"https:\/\/dodo-inflatables.com\/sk\/wp-json\/wp\/v2\/users\/1"}],"replies":[{"embeddable":true,"href":"https:\/\/dodo-inflatables.com\/sk\/wp-json\/wp\/v2\/comments?post=12421"}],"version-history":[{"count":2,"href":"https:\/\/dodo-inflatables.com\/sk\/wp-json\/wp\/v2\/pages\/12421\/revisions"}],"predecessor-version":[{"id":12425,"href":"https:\/\/dodo-inflatables.com\/sk\/wp-json\/wp\/v2\/pages\/12421\/revisions\/12425"}],"wp:attachment":[{"href":"https:\/\/dodo-inflatables.com\/sk\/wp-json\/wp\/v2\/media?parent=12421"}],"curies":[{"name":"wp","href":"https:\/\/api.w.org\/{rel}","templated":true}]}}