{"id":13338,"date":"2024-03-07T19:24:11","date_gmt":"2024-03-07T18:24:11","guid":{"rendered":"https:\/\/dodo-inflatables.com\/kupit-nafukovacie-smykacky-a-skakacie-hrady-do-irska\/"},"modified":"2024-07-10T13:57:39","modified_gmt":"2024-07-10T11:57:39","slug":"kupit-nafukovacie-smykacky-a-skakacie-hrady-do-irska","status":"publish","type":"page","link":"https:\/\/dodo-inflatables.com\/sk\/kupit-nafukovacie-smykacky-a-skakacie-hrady-do-irska\/","title":{"rendered":"K\u00fapi\u0165 nafukovacie \u0161m\u00fdka\u010dky a sk\u00e1kacie hrady do \u00cdrska"},"content":{"rendered":"\n<h2 class=\"wp-block-heading has-text-align-center\"><strong>K\u00fapi\u0165 nafukovacie \u0161m\u00fdka\u010dky a sk\u00e1kacie hrady do \u00cdrska<\/strong><\/h2>\n\n<figure class=\"wp-block-image aligncenter size-large\"><a href=\"https:\/\/dodo-inflatables.com\/wp-content\/uploads\/2022\/01\/seperator-kleiner.png\"><img fetchpriority=\"high\" decoding=\"async\" width=\"1024\" height=\"102\" src=\"https:\/\/dodo-inflatables.com\/wp-content\/uploads\/2022\/01\/seperator-kleiner-1024x102.png\" alt=\"\" class=\"wp-image-4026\" srcset=\"https:\/\/dodo-inflatables.com\/wp-content\/uploads\/2022\/01\/seperator-kleiner-1024x102.png 1024w, https:\/\/dodo-inflatables.com\/wp-content\/uploads\/2022\/01\/seperator-kleiner-900x90.png 900w, https:\/\/dodo-inflatables.com\/wp-content\/uploads\/2022\/01\/seperator-kleiner-300x30.png 300w, https:\/\/dodo-inflatables.com\/wp-content\/uploads\/2022\/01\/seperator-kleiner-768x77.png 768w, https:\/\/dodo-inflatables.com\/wp-content\/uploads\/2022\/01\/seperator-kleiner-1536x154.png 1536w, https:\/\/dodo-inflatables.com\/wp-content\/uploads\/2022\/01\/seperator-kleiner-340x34.png 340w, https:\/\/dodo-inflatables.com\/wp-content\/uploads\/2022\/01\/seperator-kleiner.png 2000w\" sizes=\"(max-width: 1024px) 100vw, 1024px\" \/><\/a><\/figure>\n\n<h3 class=\"wp-block-heading has-text-align-center\">Vitajte na Dodo-Inflatables.com &#8211; na\u0161om online obchode s nafukovac\u00edmi hra\u010dkami v Eur\u00f3pe!<\/h3>\n\n<p style=\"font-size:17px\">Ponorte sa do n\u00e1\u0161ho \u0161irok\u00e9ho v\u00fdberu vysokokvalitn\u00fdch nafukovac\u00edch atrakci\u00ed, <a href=\"https:\/\/dodo-inflatables.com\/sk\/kategoria-produktu\/bouncy-castles-sk\/\">nafukovac\u00edch hradov<\/a> a <a href=\"https:\/\/dodo-inflatables.com\/sk\/kategoria-produktu\/slides-sk\/\">\u0161m\u00fdka\u010diek<\/a>, ktor\u00e9 dodaj\u00fa ka\u017edej pr\u00edle\u017eitosti nie\u010do navy\u0161e. \u010ci u\u017e h\u013ead\u00e1te ve\u013ek\u00fd nafukovac\u00ed hrad na firemn\u00fa akciu, mal\u00fd nafukovac\u00ed hrad na detsk\u00fa narodeninov\u00fa oslavu alebo sk\u00e1kac\u00ed hrad so \u0161myk\u013eavkou na letn\u00fa p\u00e1rty &#8211; u n\u00e1s zaru\u010dene n\u00e1jdete nie\u010do vhodn\u00e9!<\/p>\n\n<p style=\"font-size:17px\">N\u00e1\u0161 sortiment zah\u0155\u0148a nielen r\u00f4zne sk\u00e1kacie hrady, ale aj \u0161irok\u00fa \u0161k\u00e1lu <a href=\"https:\/\/dodo-inflatables.com\/sk\/kategoria-produktu\/prislusenstvo\/\">pr\u00edslu\u0161enstva<\/a> vr\u00e1tane fuk\u00e1rov <a href=\"https:\/\/dodo-inflatables.com\/sk\/produkt\/duchadlo-gibbons-fp5005-15ps\/\" data-type=\"product\" data-id=\"81\">Gibbons <\/a>a <a href=\"https:\/\/dodo-inflatables.com\/sk\/produkt\/huawei-duchadlo-reh-1-5e-15ps\/\" data-type=\"product\" data-id=\"2724\">Huawei<\/a> pre sk\u00e1kacie hrady.<\/p>\n\n<p style=\"font-size:17px\"><strong>N\u00e1klady na<\/strong> dopravu sk\u00e1kacieho hradu a pr\u00edslu\u0161enstva do <strong>\u00cdrska s\u00fa 329,00 \u20ac<\/strong>. Bal\u00edk nafukovac\u00edch doplnkov stoj\u00ed 29,00 \u20ac. Ak je nafukova\u010dka na sklade, bude v\u00e1m odoslan\u00e1 okam\u017eite po prijat\u00ed platby. Dodanie do \u00cdrska <strong>trv\u00e1<\/strong> pribli\u017ene <strong>4 &#8211; 6 pracovn\u00fdch dn\u00ed<\/strong>. Sk\u00e1kac\u00ed hrad si m\u00f4\u017eete vyzdvihn\u00fa\u0165 osobne v na\u0161om sklade v Mn\u00edchove v Nemecku.<\/p>\n\n<p style=\"font-size:17px\">V\u0161etky na\u0161e nafukovacie koles\u00e1 sp\u013a\u0148aj\u00fa pr\u00edsne bezpe\u010dnostn\u00e9 normy <strong>DIN EN 14960<\/strong> a s\u00fa vhodn\u00e9 na s\u00fakromn\u00e9 aj komer\u010dn\u00e9 pou\u017eitie. Po odoslan\u00ed dostanete podrobn\u00fd n\u00e1vod a pr\u00edslu\u0161n\u00fd certifik\u00e1t pre va\u0161u nov\u00fa nafukova\u010dku.<\/p>\n\n<p style=\"font-size:17px\">Oslobodenie od DPH pre firmy! Ak nakupujete ako spolo\u010dnos\u0165, pri pokladni zadajte svoje identifika\u010dn\u00e9 \u010d\u00edslo pre DPH, aby ste mohli nakupova\u0165 bez dane.<\/p>\n\n<p style=\"font-size:17px\">\u010ci u\u017e ste s\u00fakromn\u00e1 osoba, ktor\u00e1 h\u013ead\u00e1 sk\u00e1kac\u00ed hrad na svoju \u010fal\u0161iu rodinn\u00fa oslavu, alebo ste komer\u010dn\u00e1 po\u017ei\u010dov\u0148a, ktor\u00e1 chce roz\u0161\u00edri\u0165 svoju ponuku, na\u0161e sk\u00e1kacie hrady s\u00fa vhodn\u00e9 pre ka\u017ed\u00e9ho. V\u00e4\u010d\u0161ina na\u0161ich z\u00e1kazn\u00edkov v celej Eur\u00f3pe s\u00fa po\u017ei\u010dovne sk\u00e1kac\u00edch hradov, ktor\u00e9 oce\u0148uj\u00fa na\u0161e v\u00fdrobky na podujatia v\u0161etk\u00fdch ve\u013ekost\u00ed.<\/p>\n\n<p style=\"font-size:17px\">D\u00fafame, \u017ee sa v\u00e1m bude p\u00e1\u010di\u0165 prezeranie n\u00e1\u0161ho online obchodu a radi v\u00e1m odpovieme na v\u0161etky ot\u00e1zky na <a href=\"mailto:contact@dodo-inflatables.com\">contact@dodo-inflatables.com!<\/a><\/p>\n","protected":false},"excerpt":{"rendered":"<p>K\u00fapi\u0165 nafukovacie \u0161m\u00fdka\u010dky a sk\u00e1kacie hrady do \u00cdrska Vitajte na Dodo-Inflatables.com &#8211; na\u0161om online obchode s nafukovac\u00edmi hra\u010dkami v Eur\u00f3pe! Ponorte sa do n\u00e1\u0161ho \u0161irok\u00e9ho v\u00fdberu vysokokvalitn\u00fdch nafukovac\u00edch atrakci\u00ed, nafukovac\u00edch hradov a \u0161m\u00fdka\u010diek, ktor\u00e9 dodaj\u00fa ka\u017edej pr\u00edle\u017eitosti nie\u010do navy\u0161e. \u010ci u\u017e h\u013ead\u00e1te ve\u013ek\u00fd nafukovac\u00ed hrad na firemn\u00fa akciu, mal\u00fd nafukovac\u00ed hrad na detsk\u00fa narodeninov\u00fa oslavu [&hellip;]<\/p>\n","protected":false},"author":1,"featured_media":0,"parent":0,"menu_order":0,"comment_status":"closed","ping_status":"closed","template":"","meta":{"_acf_changed":false,"_uag_custom_page_level_css":"","site-sidebar-layout":"default","site-content-layout":"","ast-site-content-layout":"normal-width-container","site-content-style":"boxed","site-sidebar-style":"default","ast-global-header-display":"","ast-banner-title-visibility":"","ast-main-header-display":"","ast-hfb-above-header-display":"","ast-hfb-below-header-display":"","ast-hfb-mobile-header-display":"","site-post-title":"","ast-breadcrumbs-content":"","ast-featured-img":"","footer-sml-layout":"","ast-disable-related-posts":"","theme-transparent-header-meta":"","adv-header-id-meta":"4069","stick-header-meta":"","header-above-stick-meta":"","header-main-stick-meta":"","header-below-stick-meta":"","astra-migrate-meta-layouts":"default","ast-page-background-enabled":"default","ast-page-background-meta":{"desktop":{"background-color":"var(--ast-global-color-4)","background-image":"","background-repeat":"repeat","background-position":"center center","background-size":"auto","background-attachment":"scroll","background-type":"","background-media":"","overlay-type":"","overlay-color":"","overlay-opacity":"","overlay-gradient":""},"tablet":{"background-color":"","background-image":"","background-repeat":"repeat","background-position":"center center","background-size":"auto","background-attachment":"scroll","background-type":"","background-media":"","overlay-type":"","overlay-color":"","overlay-opacity":"","overlay-gradient":""},"mobile":{"background-color":"","background-image":"","background-repeat":"repeat","background-position":"center center","background-size":"auto","background-attachment":"scroll","background-type":"","background-media":"","overlay-type":"","overlay-color":"","overlay-opacity":"","overlay-gradient":""}},"ast-content-background-meta":{"desktop":{"background-color":"var(--ast-global-color-5)","background-image":"","background-repeat":"repeat","background-position":"center center","background-size":"auto","background-attachment":"scroll","background-type":"","background-media":"","overlay-type":"","overlay-color":"","overlay-opacity":"","overlay-gradient":""},"tablet":{"background-color":"var(--ast-global-color-5)","background-image":"","background-repeat":"repeat","background-position":"center center","background-size":"auto","background-attachment":"scroll","background-type":"","background-media":"","overlay-type":"","overlay-color":"","overlay-opacity":"","overlay-gradient":""},"mobile":{"background-color":"var(--ast-global-color-5)","background-image":"","background-repeat":"repeat","background-position":"center center","background-size":"auto","background-attachment":"scroll","background-type":"","background-media":"","overlay-type":"","overlay-color":"","overlay-opacity":"","overlay-gradient":""}},"footnotes":""},"class_list":["post-13338","page","type-page","status-publish","hentry"],"acf":[],"yoast_head":"<!-- This site is optimized with the Yoast SEO plugin v27.5 - https:\/\/yoast.com\/product\/yoast-seo-wordpress\/ -->\n<title>K\u00fapi\u0165 nafukovacie \u0161m\u00fdka\u010dky a sk\u00e1kacie hrady do \u00cdrska - dodo-inflatables.com<\/title>\n<meta name=\"robots\" content=\"index, follow, max-snippet:-1, max-image-preview:large, max-video-preview:-1\" \/>\n<link rel=\"canonical\" href=\"https:\/\/dodo-inflatables.com\/sk\/kupit-nafukovacie-smykacky-a-skakacie-hrady-do-irska\/\" \/>\n<meta name=\"twitter:label1\" content=\"Predpokladan\u00fd \u010das \u010d\u00edtania\" \/>\n\t<meta name=\"twitter:data1\" content=\"2 min\u00faty\" \/>\n<script type=\"application\/ld+json\" class=\"yoast-schema-graph\">{\"@context\":\"https:\\\/\\\/schema.org\",\"@graph\":[{\"@type\":\"WebPage\",\"@id\":\"https:\\\/\\\/dodo-inflatables.com\\\/sk\\\/kupit-nafukovacie-smykacky-a-skakacie-hrady-do-irska\\\/\",\"url\":\"https:\\\/\\\/dodo-inflatables.com\\\/sk\\\/kupit-nafukovacie-smykacky-a-skakacie-hrady-do-irska\\\/\",\"name\":\"K\u00fapi\u0165 nafukovacie \u0161m\u00fdka\u010dky a sk\u00e1kacie hrady do \u00cdrska - dodo-inflatables.com\",\"isPartOf\":{\"@id\":\"https:\\\/\\\/dodo-inflatables.com\\\/sk\\\/#website\"},\"primaryImageOfPage\":{\"@id\":\"https:\\\/\\\/dodo-inflatables.com\\\/sk\\\/kupit-nafukovacie-smykacky-a-skakacie-hrady-do-irska\\\/#primaryimage\"},\"image\":{\"@id\":\"https:\\\/\\\/dodo-inflatables.com\\\/sk\\\/kupit-nafukovacie-smykacky-a-skakacie-hrady-do-irska\\\/#primaryimage\"},\"thumbnailUrl\":\"https:\\\/\\\/dodo-inflatables.com\\\/wp-content\\\/uploads\\\/2022\\\/01\\\/seperator-kleiner-1024x102.png\",\"datePublished\":\"2024-03-07T18:24:11+00:00\",\"dateModified\":\"2024-07-10T11:57:39+00:00\",\"breadcrumb\":{\"@id\":\"https:\\\/\\\/dodo-inflatables.com\\\/sk\\\/kupit-nafukovacie-smykacky-a-skakacie-hrady-do-irska\\\/#breadcrumb\"},\"inLanguage\":\"sk-SK\",\"potentialAction\":[{\"@type\":\"ReadAction\",\"target\":[\"https:\\\/\\\/dodo-inflatables.com\\\/sk\\\/kupit-nafukovacie-smykacky-a-skakacie-hrady-do-irska\\\/\"]}]},{\"@type\":\"ImageObject\",\"inLanguage\":\"sk-SK\",\"@id\":\"https:\\\/\\\/dodo-inflatables.com\\\/sk\\\/kupit-nafukovacie-smykacky-a-skakacie-hrady-do-irska\\\/#primaryimage\",\"url\":\"https:\\\/\\\/dodo-inflatables.com\\\/wp-content\\\/uploads\\\/2022\\\/01\\\/seperator-kleiner-1024x102.png\",\"contentUrl\":\"https:\\\/\\\/dodo-inflatables.com\\\/wp-content\\\/uploads\\\/2022\\\/01\\\/seperator-kleiner-1024x102.png\"},{\"@type\":\"BreadcrumbList\",\"@id\":\"https:\\\/\\\/dodo-inflatables.com\\\/sk\\\/kupit-nafukovacie-smykacky-a-skakacie-hrady-do-irska\\\/#breadcrumb\",\"itemListElement\":[{\"@type\":\"ListItem\",\"position\":1,\"name\":\"Domovsk\u00e1 str\u00e1nka\",\"item\":\"https:\\\/\\\/dodo-inflatables.com\\\/sk\\\/\"},{\"@type\":\"ListItem\",\"position\":2,\"name\":\"K\u00fapi\u0165 nafukovacie \u0161m\u00fdka\u010dky a sk\u00e1kacie hrady do \u00cdrska\"}]},{\"@type\":\"WebSite\",\"@id\":\"https:\\\/\\\/dodo-inflatables.com\\\/sk\\\/#website\",\"url\":\"https:\\\/\\\/dodo-inflatables.com\\\/sk\\\/\",\"name\":\"dodo-inflatables.com\",\"description\":\"Nakupujte sk\u00e1kacie hrady a atrakcie v na\u0161om obchode.\",\"potentialAction\":[{\"@type\":\"SearchAction\",\"target\":{\"@type\":\"EntryPoint\",\"urlTemplate\":\"https:\\\/\\\/dodo-inflatables.com\\\/sk\\\/?s={search_term_string}\"},\"query-input\":{\"@type\":\"PropertyValueSpecification\",\"valueRequired\":true,\"valueName\":\"search_term_string\"}}],\"inLanguage\":\"sk-SK\"}]}<\/script>\n<!-- \/ Yoast SEO plugin. -->","yoast_head_json":{"title":"K\u00fapi\u0165 nafukovacie \u0161m\u00fdka\u010dky a sk\u00e1kacie hrady do \u00cdrska - dodo-inflatables.com","robots":{"index":"index","follow":"follow","max-snippet":"max-snippet:-1","max-image-preview":"max-image-preview:large","max-video-preview":"max-video-preview:-1"},"canonical":"https:\/\/dodo-inflatables.com\/sk\/kupit-nafukovacie-smykacky-a-skakacie-hrady-do-irska\/","twitter_misc":{"Predpokladan\u00fd \u010das \u010d\u00edtania":"2 min\u00faty"},"schema":{"@context":"https:\/\/schema.org","@graph":[{"@type":"WebPage","@id":"https:\/\/dodo-inflatables.com\/sk\/kupit-nafukovacie-smykacky-a-skakacie-hrady-do-irska\/","url":"https:\/\/dodo-inflatables.com\/sk\/kupit-nafukovacie-smykacky-a-skakacie-hrady-do-irska\/","name":"K\u00fapi\u0165 nafukovacie \u0161m\u00fdka\u010dky a sk\u00e1kacie hrady do \u00cdrska - dodo-inflatables.com","isPartOf":{"@id":"https:\/\/dodo-inflatables.com\/sk\/#website"},"primaryImageOfPage":{"@id":"https:\/\/dodo-inflatables.com\/sk\/kupit-nafukovacie-smykacky-a-skakacie-hrady-do-irska\/#primaryimage"},"image":{"@id":"https:\/\/dodo-inflatables.com\/sk\/kupit-nafukovacie-smykacky-a-skakacie-hrady-do-irska\/#primaryimage"},"thumbnailUrl":"https:\/\/dodo-inflatables.com\/wp-content\/uploads\/2022\/01\/seperator-kleiner-1024x102.png","datePublished":"2024-03-07T18:24:11+00:00","dateModified":"2024-07-10T11:57:39+00:00","breadcrumb":{"@id":"https:\/\/dodo-inflatables.com\/sk\/kupit-nafukovacie-smykacky-a-skakacie-hrady-do-irska\/#breadcrumb"},"inLanguage":"sk-SK","potentialAction":[{"@type":"ReadAction","target":["https:\/\/dodo-inflatables.com\/sk\/kupit-nafukovacie-smykacky-a-skakacie-hrady-do-irska\/"]}]},{"@type":"ImageObject","inLanguage":"sk-SK","@id":"https:\/\/dodo-inflatables.com\/sk\/kupit-nafukovacie-smykacky-a-skakacie-hrady-do-irska\/#primaryimage","url":"https:\/\/dodo-inflatables.com\/wp-content\/uploads\/2022\/01\/seperator-kleiner-1024x102.png","contentUrl":"https:\/\/dodo-inflatables.com\/wp-content\/uploads\/2022\/01\/seperator-kleiner-1024x102.png"},{"@type":"BreadcrumbList","@id":"https:\/\/dodo-inflatables.com\/sk\/kupit-nafukovacie-smykacky-a-skakacie-hrady-do-irska\/#breadcrumb","itemListElement":[{"@type":"ListItem","position":1,"name":"Domovsk\u00e1 str\u00e1nka","item":"https:\/\/dodo-inflatables.com\/sk\/"},{"@type":"ListItem","position":2,"name":"K\u00fapi\u0165 nafukovacie \u0161m\u00fdka\u010dky a sk\u00e1kacie hrady do \u00cdrska"}]},{"@type":"WebSite","@id":"https:\/\/dodo-inflatables.com\/sk\/#website","url":"https:\/\/dodo-inflatables.com\/sk\/","name":"dodo-inflatables.com","description":"Nakupujte sk\u00e1kacie hrady a atrakcie v na\u0161om obchode.","potentialAction":[{"@type":"SearchAction","target":{"@type":"EntryPoint","urlTemplate":"https:\/\/dodo-inflatables.com\/sk\/?s={search_term_string}"},"query-input":{"@type":"PropertyValueSpecification","valueRequired":true,"valueName":"search_term_string"}}],"inLanguage":"sk-SK"}]}},"uagb_featured_image_src":{"full":false,"thumbnail":false,"medium":false,"medium_large":false,"large":false,"1536x1536":false,"2048x2048":false,"woocommerce_thumbnail":false,"woocommerce_single":false,"woocommerce_gallery_thumbnail":false},"uagb_author_info":{"display_name":"Andreas","author_link":"https:\/\/dodo-inflatables.com\/sk\/author\/andreas\/"},"uagb_comment_info":0,"uagb_excerpt":"K\u00fapi\u0165 nafukovacie \u0161m\u00fdka\u010dky a sk\u00e1kacie hrady do \u00cdrska Vitajte na Dodo-Inflatables.com &#8211; na\u0161om online obchode s nafukovac\u00edmi hra\u010dkami v Eur\u00f3pe! Ponorte sa do n\u00e1\u0161ho \u0161irok\u00e9ho v\u00fdberu vysokokvalitn\u00fdch nafukovac\u00edch atrakci\u00ed, nafukovac\u00edch hradov a \u0161m\u00fdka\u010diek, ktor\u00e9 dodaj\u00fa ka\u017edej pr\u00edle\u017eitosti nie\u010do navy\u0161e. \u010ci u\u017e h\u013ead\u00e1te ve\u013ek\u00fd nafukovac\u00ed hrad na firemn\u00fa akciu, mal\u00fd nafukovac\u00ed hrad na detsk\u00fa narodeninov\u00fa oslavu&hellip;","_links":{"self":[{"href":"https:\/\/dodo-inflatables.com\/sk\/wp-json\/wp\/v2\/pages\/13338","targetHints":{"allow":["GET"]}}],"collection":[{"href":"https:\/\/dodo-inflatables.com\/sk\/wp-json\/wp\/v2\/pages"}],"about":[{"href":"https:\/\/dodo-inflatables.com\/sk\/wp-json\/wp\/v2\/types\/page"}],"author":[{"embeddable":true,"href":"https:\/\/dodo-inflatables.com\/sk\/wp-json\/wp\/v2\/users\/1"}],"replies":[{"embeddable":true,"href":"https:\/\/dodo-inflatables.com\/sk\/wp-json\/wp\/v2\/comments?post=13338"}],"version-history":[{"count":3,"href":"https:\/\/dodo-inflatables.com\/sk\/wp-json\/wp\/v2\/pages\/13338\/revisions"}],"predecessor-version":[{"id":16513,"href":"https:\/\/dodo-inflatables.com\/sk\/wp-json\/wp\/v2\/pages\/13338\/revisions\/16513"}],"wp:attachment":[{"href":"https:\/\/dodo-inflatables.com\/sk\/wp-json\/wp\/v2\/media?parent=13338"}],"curies":[{"name":"wp","href":"https:\/\/api.w.org\/{rel}","templated":true}]}}