{"id":13387,"date":"2024-03-07T19:04:26","date_gmt":"2024-03-07T18:04:26","guid":{"rendered":"https:\/\/dodo-inflatables.com\/comprar-escorregas-insuflaveis-e-castelos-insuflaveis-para-portugalsko\/"},"modified":"2024-07-10T13:56:53","modified_gmt":"2024-07-10T11:56:53","slug":"comprar-escorregas-insuflaveis-e-castelos-insuflaveis-para-portugalsko","status":"publish","type":"page","link":"https:\/\/dodo-inflatables.com\/sk\/comprar-escorregas-insuflaveis-e-castelos-insuflaveis-para-portugalsko\/","title":{"rendered":"Comprar escorregas insufl\u00e1veis e castelos insufl\u00e1veis para Portugalsko"},"content":{"rendered":"\n<h2 class=\"wp-block-heading has-text-align-center\"><strong>Comprar escorregas insufl\u00e1veis e castelos insufl\u00e1veis para Portugalsko<\/strong><\/h2>\n\n<figure class=\"wp-block-image aligncenter size-large\"><a href=\"https:\/\/dodo-inflatables.com\/wp-content\/uploads\/2022\/01\/seperator-kleiner.png\"><img fetchpriority=\"high\" decoding=\"async\" width=\"1024\" height=\"102\" src=\"https:\/\/dodo-inflatables.com\/wp-content\/uploads\/2022\/01\/seperator-kleiner-1024x102.png\" alt=\"\" class=\"wp-image-4026\" srcset=\"https:\/\/dodo-inflatables.com\/wp-content\/uploads\/2022\/01\/seperator-kleiner-1024x102.png 1024w, https:\/\/dodo-inflatables.com\/wp-content\/uploads\/2022\/01\/seperator-kleiner-900x90.png 900w, https:\/\/dodo-inflatables.com\/wp-content\/uploads\/2022\/01\/seperator-kleiner-300x30.png 300w, https:\/\/dodo-inflatables.com\/wp-content\/uploads\/2022\/01\/seperator-kleiner-768x77.png 768w, https:\/\/dodo-inflatables.com\/wp-content\/uploads\/2022\/01\/seperator-kleiner-1536x154.png 1536w, https:\/\/dodo-inflatables.com\/wp-content\/uploads\/2022\/01\/seperator-kleiner-340x34.png 340w, https:\/\/dodo-inflatables.com\/wp-content\/uploads\/2022\/01\/seperator-kleiner.png 2000w\" sizes=\"(max-width: 1024px) 100vw, 1024px\" \/><\/a><\/figure>\n\n<h3 class=\"wp-block-heading has-text-align-center\">Bem-vindo a Dodo-Inflatables.com &#8211; a nossa loja online de insuflaveis na Europa!<\/h3>\n\n<p style=\"font-size:17px\">Mergulhe na nossa vasta sele\u00e7\u00e3o de almofadas insufl\u00e1veis de alta qualidade, castelos insufl\u00e1veis e escorregas que dar\u00e3o um toque especial a qualquer ocasi\u00e3o. Ak h\u013ead\u00e1te ve\u013ek\u00fd hrad na firemn\u00e9 podujatie, mal\u00fd hrad na detsk\u00fa oslavu naroden\u00edn alebo hrad s dekor\u00e1ciami na oslavu viery &#8211; ur\u010dite n\u00e1jdete nie\u010do vhodn\u00e9!<\/p>\n\n<p style=\"font-size:17px\">Na\u0161a ponuka zah\u0155\u0148a nie len r\u00f4znorod\u00fa ponuku poistn\u00fdch z\u00e1mkov, ale aj \u0161irok\u00fa \u0161k\u00e1lu pr\u00edstupov\u00fdch zariaden\u00ed, vr\u00e1tane Gibbons a insufladores Huawei pre poistn\u00e9 z\u00e1mky.<\/p>\n\n<p style=\"font-size:17px\">O envio de um insufl\u00e1vel e acess\u00f3rios para <strong>Portugal custa \u20ac219,00<\/strong>. Uma embalagem de acess\u00f3rios para insufl\u00e1veis custa 29,00 euros. Se o insufl\u00e1vel estiver em stock, ser\u00e1 enviado para si imediatamente ap\u00f3s a rece\u00e7\u00e3o do pagamento. A entrega em Portugal demora cerca de <strong>4 a 6 dias \u00fateis<\/strong>. \u00c9 poss\u00edvel recolher a almofada insuflavel no nosso armaz\u00e9m em Munique, Alemanha.<\/p>\n\n<p style=\"font-size:17px\">Todas as nossas almofadas insufl\u00e1veis cumprem as normas de seguran\u00e7a rigorosas da <strong>DIN EN 14960<\/strong> e s\u00e3o adequadas para uso privado e comercial. Ap\u00f3s o envio, receber\u00e1 um manual detalhado e o respetivo certificado da sua nova almofada insuflavel.<\/p>\n\n<p style=\"font-size:17px\">Isen\u00e7\u00e3o de IVA para empresas! Se comprar como empresa, introduza o seu n\u00famero de identifica\u00e7\u00e3o de IVA no checkout para efetuar compras isentas de impostos.<\/p>\n\n<p style=\"font-size:17px\">Ak sa jedn\u00e1 o konkr\u00e9tneho z\u00e1ujemcu o insufl\u00e1ve pre jeho najbli\u017e\u0161iu sl\u00e1vnos\u0165 alebo o firmu, ktor\u00e1 chce roz\u0161\u00edri\u0165 svoju ponuku, na\u0161e insufl\u00e1ve s\u00fa vhodn\u00e9 pre v\u0161etk\u00fdch. De facto, a maioria dos nossos clientes em toda a Europa s\u00e3o empresas de aluguer de insufl\u00e1veis que valorizam os nossos produtos para eventos de todas as dimens\u00f5es.<\/p>\n\n<p style=\"font-size:17px\">Esperamos que goste de navegar na nossa loja online e teremos todo o gosto em responder a quaisquer perguntas que possa ter em <a href=\"mailto:contact@dodo-inflatables.com\">contact@dodo-inflatables.com!<\/a><\/p>\n\n<div style=\"height:100px\" aria-hidden=\"true\" class=\"wp-block-spacer\"><\/div>\n","protected":false},"excerpt":{"rendered":"<p>Comprar escorregas insufl\u00e1veis e castelos insufl\u00e1veis para Portugalsko Bem-vindo a Dodo-Inflatables.com &#8211; a nossa loja online de insuflaveis na Europa! Mergulhe na nossa vasta sele\u00e7\u00e3o de almofadas insufl\u00e1veis de alta qualidade, castelos insufl\u00e1veis e escorregas que dar\u00e3o um toque especial a qualquer ocasi\u00e3o. Ak h\u013ead\u00e1te ve\u013ek\u00fd hrad na firemn\u00e9 podujatie, mal\u00fd hrad na detsk\u00fa oslavu [&hellip;]<\/p>\n","protected":false},"author":1,"featured_media":0,"parent":0,"menu_order":0,"comment_status":"closed","ping_status":"closed","template":"","meta":{"_acf_changed":false,"_uag_custom_page_level_css":"","site-sidebar-layout":"default","site-content-layout":"","ast-site-content-layout":"normal-width-container","site-content-style":"boxed","site-sidebar-style":"default","ast-global-header-display":"","ast-banner-title-visibility":"","ast-main-header-display":"","ast-hfb-above-header-display":"","ast-hfb-below-header-display":"","ast-hfb-mobile-header-display":"","site-post-title":"","ast-breadcrumbs-content":"","ast-featured-img":"","footer-sml-layout":"","ast-disable-related-posts":"","theme-transparent-header-meta":"","adv-header-id-meta":"4069","stick-header-meta":"","header-above-stick-meta":"","header-main-stick-meta":"","header-below-stick-meta":"","astra-migrate-meta-layouts":"default","ast-page-background-enabled":"default","ast-page-background-meta":{"desktop":{"background-color":"var(--ast-global-color-4)","background-image":"","background-repeat":"repeat","background-position":"center center","background-size":"auto","background-attachment":"scroll","background-type":"","background-media":"","overlay-type":"","overlay-color":"","overlay-opacity":"","overlay-gradient":""},"tablet":{"background-color":"","background-image":"","background-repeat":"repeat","background-position":"center center","background-size":"auto","background-attachment":"scroll","background-type":"","background-media":"","overlay-type":"","overlay-color":"","overlay-opacity":"","overlay-gradient":""},"mobile":{"background-color":"","background-image":"","background-repeat":"repeat","background-position":"center center","background-size":"auto","background-attachment":"scroll","background-type":"","background-media":"","overlay-type":"","overlay-color":"","overlay-opacity":"","overlay-gradient":""}},"ast-content-background-meta":{"desktop":{"background-color":"var(--ast-global-color-5)","background-image":"","background-repeat":"repeat","background-position":"center center","background-size":"auto","background-attachment":"scroll","background-type":"","background-media":"","overlay-type":"","overlay-color":"","overlay-opacity":"","overlay-gradient":""},"tablet":{"background-color":"var(--ast-global-color-5)","background-image":"","background-repeat":"repeat","background-position":"center center","background-size":"auto","background-attachment":"scroll","background-type":"","background-media":"","overlay-type":"","overlay-color":"","overlay-opacity":"","overlay-gradient":""},"mobile":{"background-color":"var(--ast-global-color-5)","background-image":"","background-repeat":"repeat","background-position":"center center","background-size":"auto","background-attachment":"scroll","background-type":"","background-media":"","overlay-type":"","overlay-color":"","overlay-opacity":"","overlay-gradient":""}},"footnotes":""},"class_list":["post-13387","page","type-page","status-publish","hentry"],"acf":[],"yoast_head":"<!-- This site is optimized with the Yoast SEO plugin v27.5 - https:\/\/yoast.com\/product\/yoast-seo-wordpress\/ -->\n<title>Comprar escorregas insufl\u00e1veis e castelos insufl\u00e1veis para Portugalsko - dodo-inflatables.com<\/title>\n<meta name=\"robots\" content=\"index, follow, max-snippet:-1, max-image-preview:large, max-video-preview:-1\" \/>\n<link rel=\"canonical\" href=\"https:\/\/dodo-inflatables.com\/sk\/comprar-escorregas-insuflaveis-e-castelos-insuflaveis-para-portugalsko\/\" \/>\n<meta name=\"twitter:label1\" content=\"Predpokladan\u00fd \u010das \u010d\u00edtania\" \/>\n\t<meta name=\"twitter:data1\" content=\"2 min\u00faty\" \/>\n<script type=\"application\/ld+json\" class=\"yoast-schema-graph\">{\"@context\":\"https:\\\/\\\/schema.org\",\"@graph\":[{\"@type\":\"WebPage\",\"@id\":\"https:\\\/\\\/dodo-inflatables.com\\\/sk\\\/comprar-escorregas-insuflaveis-e-castelos-insuflaveis-para-portugalsko\\\/\",\"url\":\"https:\\\/\\\/dodo-inflatables.com\\\/sk\\\/comprar-escorregas-insuflaveis-e-castelos-insuflaveis-para-portugalsko\\\/\",\"name\":\"Comprar escorregas insufl\u00e1veis e castelos insufl\u00e1veis para Portugalsko - dodo-inflatables.com\",\"isPartOf\":{\"@id\":\"https:\\\/\\\/dodo-inflatables.com\\\/sk\\\/#website\"},\"primaryImageOfPage\":{\"@id\":\"https:\\\/\\\/dodo-inflatables.com\\\/sk\\\/comprar-escorregas-insuflaveis-e-castelos-insuflaveis-para-portugalsko\\\/#primaryimage\"},\"image\":{\"@id\":\"https:\\\/\\\/dodo-inflatables.com\\\/sk\\\/comprar-escorregas-insuflaveis-e-castelos-insuflaveis-para-portugalsko\\\/#primaryimage\"},\"thumbnailUrl\":\"https:\\\/\\\/dodo-inflatables.com\\\/wp-content\\\/uploads\\\/2022\\\/01\\\/seperator-kleiner-1024x102.png\",\"datePublished\":\"2024-03-07T18:04:26+00:00\",\"dateModified\":\"2024-07-10T11:56:53+00:00\",\"breadcrumb\":{\"@id\":\"https:\\\/\\\/dodo-inflatables.com\\\/sk\\\/comprar-escorregas-insuflaveis-e-castelos-insuflaveis-para-portugalsko\\\/#breadcrumb\"},\"inLanguage\":\"sk-SK\",\"potentialAction\":[{\"@type\":\"ReadAction\",\"target\":[\"https:\\\/\\\/dodo-inflatables.com\\\/sk\\\/comprar-escorregas-insuflaveis-e-castelos-insuflaveis-para-portugalsko\\\/\"]}]},{\"@type\":\"ImageObject\",\"inLanguage\":\"sk-SK\",\"@id\":\"https:\\\/\\\/dodo-inflatables.com\\\/sk\\\/comprar-escorregas-insuflaveis-e-castelos-insuflaveis-para-portugalsko\\\/#primaryimage\",\"url\":\"https:\\\/\\\/dodo-inflatables.com\\\/wp-content\\\/uploads\\\/2022\\\/01\\\/seperator-kleiner-1024x102.png\",\"contentUrl\":\"https:\\\/\\\/dodo-inflatables.com\\\/wp-content\\\/uploads\\\/2022\\\/01\\\/seperator-kleiner-1024x102.png\"},{\"@type\":\"BreadcrumbList\",\"@id\":\"https:\\\/\\\/dodo-inflatables.com\\\/sk\\\/comprar-escorregas-insuflaveis-e-castelos-insuflaveis-para-portugalsko\\\/#breadcrumb\",\"itemListElement\":[{\"@type\":\"ListItem\",\"position\":1,\"name\":\"Domovsk\u00e1 str\u00e1nka\",\"item\":\"https:\\\/\\\/dodo-inflatables.com\\\/sk\\\/\"},{\"@type\":\"ListItem\",\"position\":2,\"name\":\"Comprar escorregas insufl\u00e1veis e castelos insufl\u00e1veis para Portugalsko\"}]},{\"@type\":\"WebSite\",\"@id\":\"https:\\\/\\\/dodo-inflatables.com\\\/sk\\\/#website\",\"url\":\"https:\\\/\\\/dodo-inflatables.com\\\/sk\\\/\",\"name\":\"dodo-inflatables.com\",\"description\":\"Nakupujte sk\u00e1kacie hrady a atrakcie v na\u0161om obchode.\",\"potentialAction\":[{\"@type\":\"SearchAction\",\"target\":{\"@type\":\"EntryPoint\",\"urlTemplate\":\"https:\\\/\\\/dodo-inflatables.com\\\/sk\\\/?s={search_term_string}\"},\"query-input\":{\"@type\":\"PropertyValueSpecification\",\"valueRequired\":true,\"valueName\":\"search_term_string\"}}],\"inLanguage\":\"sk-SK\"}]}<\/script>\n<!-- \/ Yoast SEO plugin. -->","yoast_head_json":{"title":"Comprar escorregas insufl\u00e1veis e castelos insufl\u00e1veis para Portugalsko - dodo-inflatables.com","robots":{"index":"index","follow":"follow","max-snippet":"max-snippet:-1","max-image-preview":"max-image-preview:large","max-video-preview":"max-video-preview:-1"},"canonical":"https:\/\/dodo-inflatables.com\/sk\/comprar-escorregas-insuflaveis-e-castelos-insuflaveis-para-portugalsko\/","twitter_misc":{"Predpokladan\u00fd \u010das \u010d\u00edtania":"2 min\u00faty"},"schema":{"@context":"https:\/\/schema.org","@graph":[{"@type":"WebPage","@id":"https:\/\/dodo-inflatables.com\/sk\/comprar-escorregas-insuflaveis-e-castelos-insuflaveis-para-portugalsko\/","url":"https:\/\/dodo-inflatables.com\/sk\/comprar-escorregas-insuflaveis-e-castelos-insuflaveis-para-portugalsko\/","name":"Comprar escorregas insufl\u00e1veis e castelos insufl\u00e1veis para Portugalsko - dodo-inflatables.com","isPartOf":{"@id":"https:\/\/dodo-inflatables.com\/sk\/#website"},"primaryImageOfPage":{"@id":"https:\/\/dodo-inflatables.com\/sk\/comprar-escorregas-insuflaveis-e-castelos-insuflaveis-para-portugalsko\/#primaryimage"},"image":{"@id":"https:\/\/dodo-inflatables.com\/sk\/comprar-escorregas-insuflaveis-e-castelos-insuflaveis-para-portugalsko\/#primaryimage"},"thumbnailUrl":"https:\/\/dodo-inflatables.com\/wp-content\/uploads\/2022\/01\/seperator-kleiner-1024x102.png","datePublished":"2024-03-07T18:04:26+00:00","dateModified":"2024-07-10T11:56:53+00:00","breadcrumb":{"@id":"https:\/\/dodo-inflatables.com\/sk\/comprar-escorregas-insuflaveis-e-castelos-insuflaveis-para-portugalsko\/#breadcrumb"},"inLanguage":"sk-SK","potentialAction":[{"@type":"ReadAction","target":["https:\/\/dodo-inflatables.com\/sk\/comprar-escorregas-insuflaveis-e-castelos-insuflaveis-para-portugalsko\/"]}]},{"@type":"ImageObject","inLanguage":"sk-SK","@id":"https:\/\/dodo-inflatables.com\/sk\/comprar-escorregas-insuflaveis-e-castelos-insuflaveis-para-portugalsko\/#primaryimage","url":"https:\/\/dodo-inflatables.com\/wp-content\/uploads\/2022\/01\/seperator-kleiner-1024x102.png","contentUrl":"https:\/\/dodo-inflatables.com\/wp-content\/uploads\/2022\/01\/seperator-kleiner-1024x102.png"},{"@type":"BreadcrumbList","@id":"https:\/\/dodo-inflatables.com\/sk\/comprar-escorregas-insuflaveis-e-castelos-insuflaveis-para-portugalsko\/#breadcrumb","itemListElement":[{"@type":"ListItem","position":1,"name":"Domovsk\u00e1 str\u00e1nka","item":"https:\/\/dodo-inflatables.com\/sk\/"},{"@type":"ListItem","position":2,"name":"Comprar escorregas insufl\u00e1veis e castelos insufl\u00e1veis para Portugalsko"}]},{"@type":"WebSite","@id":"https:\/\/dodo-inflatables.com\/sk\/#website","url":"https:\/\/dodo-inflatables.com\/sk\/","name":"dodo-inflatables.com","description":"Nakupujte sk\u00e1kacie hrady a atrakcie v na\u0161om obchode.","potentialAction":[{"@type":"SearchAction","target":{"@type":"EntryPoint","urlTemplate":"https:\/\/dodo-inflatables.com\/sk\/?s={search_term_string}"},"query-input":{"@type":"PropertyValueSpecification","valueRequired":true,"valueName":"search_term_string"}}],"inLanguage":"sk-SK"}]}},"uagb_featured_image_src":{"full":false,"thumbnail":false,"medium":false,"medium_large":false,"large":false,"1536x1536":false,"2048x2048":false,"woocommerce_thumbnail":false,"woocommerce_single":false,"woocommerce_gallery_thumbnail":false},"uagb_author_info":{"display_name":"Andreas","author_link":"https:\/\/dodo-inflatables.com\/sk\/author\/andreas\/"},"uagb_comment_info":0,"uagb_excerpt":"Comprar escorregas insufl\u00e1veis e castelos insufl\u00e1veis para Portugalsko Bem-vindo a Dodo-Inflatables.com &#8211; a nossa loja online de insuflaveis na Europa! Mergulhe na nossa vasta sele\u00e7\u00e3o de almofadas insufl\u00e1veis de alta qualidade, castelos insufl\u00e1veis e escorregas que dar\u00e3o um toque especial a qualquer ocasi\u00e3o. Ak h\u013ead\u00e1te ve\u013ek\u00fd hrad na firemn\u00e9 podujatie, mal\u00fd hrad na detsk\u00fa oslavu&hellip;","_links":{"self":[{"href":"https:\/\/dodo-inflatables.com\/sk\/wp-json\/wp\/v2\/pages\/13387","targetHints":{"allow":["GET"]}}],"collection":[{"href":"https:\/\/dodo-inflatables.com\/sk\/wp-json\/wp\/v2\/pages"}],"about":[{"href":"https:\/\/dodo-inflatables.com\/sk\/wp-json\/wp\/v2\/types\/page"}],"author":[{"embeddable":true,"href":"https:\/\/dodo-inflatables.com\/sk\/wp-json\/wp\/v2\/users\/1"}],"replies":[{"embeddable":true,"href":"https:\/\/dodo-inflatables.com\/sk\/wp-json\/wp\/v2\/comments?post=13387"}],"version-history":[{"count":2,"href":"https:\/\/dodo-inflatables.com\/sk\/wp-json\/wp\/v2\/pages\/13387\/revisions"}],"predecessor-version":[{"id":13390,"href":"https:\/\/dodo-inflatables.com\/sk\/wp-json\/wp\/v2\/pages\/13387\/revisions\/13390"}],"wp:attachment":[{"href":"https:\/\/dodo-inflatables.com\/sk\/wp-json\/wp\/v2\/media?parent=13387"}],"curies":[{"name":"wp","href":"https:\/\/api.w.org\/{rel}","templated":true}]}}