{"id":105607,"date":"2026-04-04T13:54:47","date_gmt":"2026-04-04T11:54:47","guid":{"rendered":"https:\/\/dodo-inflatables.com\/dodo-relaunch?product=male-bezpecnostne-podlozky-pre-skakacie-hrady-120-x-120-x-5-cm"},"modified":"2026-04-24T10:53:01","modified_gmt":"2026-04-24T08:53:01","slug":"male-bezpecnostne-podlozky-pre-skakacie-hrady-120-x-120-x-5-cm","status":"publish","type":"product","link":"https:\/\/dodo-inflatables.com\/sk\/produkt\/male-bezpecnostne-podlozky-pre-skakacie-hrady-120-x-120-x-5-cm\/","title":{"rendered":"Mal\u00e9 bezpe\u010dnostn\u00e9 podlo\u017eky pre sk\u00e1kacie hrady 120 x 120 x 5 cm"},"content":{"rendered":"<h2>K\u00fapi\u0165 mal\u00e9 bezpe\u010dnostn\u00e9 podlo\u017eky pre sk\u00e1kacie hrady<\/h2>\n<p class=\"p1\">Na\u0161e bezpe\u010dnostn\u00e9 podlo\u017eky s\u00fa ide\u00e1lnym doplnkom ka\u017ed\u00e9ho sk\u00e1kacieho hradu a poskytuj\u00fa maxim\u00e1lnu bezpe\u010dnos\u0165 v oblasti vstupu a v\u00fdstupu. Najm\u00e4 pre po\u017ei\u010dovne a prev\u00e1dzkovate\u013eov s vysok\u00fdmi bezpe\u010dnostn\u00fdmi \u0161tandardmi s\u00fa tieto mal\u00e9 podlo\u017eky spo\u013eahliv\u00fdm a trvanliv\u00fdm rie\u0161en\u00edm.<\/p>\n<p class=\"p1\"><span class=\"s1\"><b>Optim\u00e1lne tlmenie n\u00e1razov:<\/b><\/span> Vysokokvalitn\u00e1 \u013eahk\u00e1 EPE pena spo\u013eahlivo tlm\u00ed n\u00e1razy a v\u00fdrazne zni\u017euje riziko zranenia pri nastupovan\u00ed a vystupovan\u00ed zo sk\u00e1kacieho hradu.<\/p>\n<p class=\"p1\"><span class=\"s1\"><b>\u00daspora miesta a flexibilita:<\/b><\/span> Skladaciu bezpe\u010dnostn\u00fa podlo\u017eku mo\u017eno zlo\u017ei\u0165 do troch \u010dast\u00ed, \u010d\u00edm je zvl\u00e1\u0161\u0165 kompaktn\u00e1 na prepravu a skladovanie \u2013 ide\u00e1lna na mobiln\u00e9 pou\u017eitie v po\u017ei\u010dovniach.<\/p>\n<p class=\"p1\"><span class=\"s1\"><b>Vylep\u0161en\u00e9 spracovanie:<\/b><\/span> \u0160vy s\u00fa umiestnen\u00e9 na vn\u00fatornej strane a u\u017e nele\u017eia na vonkaj\u0161om povrchu. To pom\u00e1ha zabr\u00e1ni\u0165 ich odieraniu o zem a pred\u010dasn\u00e9mu opotrebeniu.<\/p>\n<p class=\"p1\"><span class=\"s1\"><b>Maxim\u00e1lna bezpe\u010dnos\u0165:<\/b><\/span> Z\u00e1merne vyroben\u00e9 bez \u00fachytov na pren\u00e1\u0161anie, aby sa zabr\u00e1nilo riziku zakopnutia a pou\u017eitie v bezprostrednej bl\u00edzkosti sk\u00e1kacieho hradu bolo e\u0161te bezpe\u010dnej\u0161ie.<\/p>\n<p class=\"p1\"><span class=\"s1\"><b>Odoln\u00fd po\u0165ah:<\/b><\/span> Odoln\u00e1 l\u00e1tka z PU plachty je trvanliv\u00e1, \u013eahko udr\u017eiavate\u013en\u00e1 a navrhnut\u00e1 na pravideln\u00e9 pou\u017eitie v event a po\u017ei\u010dovn\u00edckom podnikan\u00ed.<\/p>\n<p>&nbsp;<br \/>\n<strong>Podrobnosti o malej bezpe\u010dnostnej podlo\u017eke<\/strong><\/p>\n<ul>\n<li>Rozlo\u017een\u00e9 rozmery: 120 x 120 x 5 cm<\/li>\n<li>Zlo\u017een\u00e9 rozmery: 60 x 120 x 10 cm<\/li>\n<li>Materi\u00e1l peny: EPE RG 18<\/li>\n<li>Materi\u00e1l po\u0165ahu: PU plachtov\u00e1 l\u00e1tka, hr\u00fabka 0,6 mm<\/li>\n<li>Hmotnos\u0165: 2,8 kg<\/li>\n<\/ul>\n","protected":false},"excerpt":{"rendered":"<ul>\n<li>Rozlo\u017een\u00e9 rozmery: 120 x 120 x 5 cm<\/li>\n<li>Zlo\u017een\u00e9 rozmery: 60 x 120 x 10 cm<\/li>\n<li>Materi\u00e1l peny: EPE RG 18<\/li>\n<li>Materi\u00e1l po\u0165ahu: PU plachtov\u00e1 l\u00e1tka, hr\u00fabka 0,6 mm<\/li>\n<li>Hmotnos\u0165: 2,8 kg<\/li>\n<\/ul>\n","protected":false},"featured_media":105601,"comment_status":"open","ping_status":"closed","template":"","meta":{"_acf_changed":false,"_uag_custom_page_level_css":"","site-sidebar-layout":"default","site-content-layout":"boxed-container","ast-site-content-layout":"normal-width-container","site-content-style":"boxed","site-sidebar-style":"default","ast-global-header-display":"","ast-banner-title-visibility":"","ast-main-header-display":"","ast-hfb-above-header-display":"","ast-hfb-below-header-display":"","ast-hfb-mobile-header-display":"","site-post-title":"disabled","ast-breadcrumbs-content":"","ast-featured-img":"","footer-sml-layout":"","ast-disable-related-posts":"","theme-transparent-header-meta":"default","adv-header-id-meta":"","stick-header-meta":"default","header-above-stick-meta":"","header-main-stick-meta":"","header-below-stick-meta":"","astra-migrate-meta-layouts":"default","ast-page-background-enabled":"default","ast-page-background-meta":{"desktop":{"background-color":"var(--ast-global-color-4)","background-image":"","background-repeat":"repeat","background-position":"center center","background-size":"auto","background-attachment":"scroll","background-type":"","background-media":"","overlay-type":"","overlay-color":"","overlay-opacity":"","overlay-gradient":""},"tablet":{"background-color":"","background-image":"","background-repeat":"repeat","background-position":"center center","background-size":"auto","background-attachment":"scroll","background-type":"","background-media":"","overlay-type":"","overlay-color":"","overlay-opacity":"","overlay-gradient":""},"mobile":{"background-color":"","background-image":"","background-repeat":"repeat","background-position":"center center","background-size":"auto","background-attachment":"scroll","background-type":"","background-media":"","overlay-type":"","overlay-color":"","overlay-opacity":"","overlay-gradient":""}},"ast-content-background-meta":{"desktop":{"background-color":"var(--ast-global-color-5)","background-image":"","background-repeat":"repeat","background-position":"center center","background-size":"auto","background-attachment":"scroll","background-type":"","background-media":"","overlay-type":"","overlay-color":"","overlay-opacity":"","overlay-gradient":""},"tablet":{"background-color":"var(--ast-global-color-5)","background-image":"","background-repeat":"repeat","background-position":"center center","background-size":"auto","background-attachment":"scroll","background-type":"","background-media":"","overlay-type":"","overlay-color":"","overlay-opacity":"","overlay-gradient":""},"mobile":{"background-color":"var(--ast-global-color-5)","background-image":"","background-repeat":"repeat","background-position":"center center","background-size":"auto","background-attachment":"scroll","background-type":"","background-media":"","overlay-type":"","overlay-color":"","overlay-opacity":"","overlay-gradient":""}}},"product_brand":[],"product_cat":[1138],"product_tag":[],"class_list":{"0":"post-105607","1":"product","2":"type-product","3":"status-publish","4":"has-post-thumbnail","6":"product_cat-prislusenstvo","7":"product_shipping_class-spedition-hupfburg-sk","8":"desktop-align-center","9":"tablet-align-center","10":"mobile-align-center","11":"ast-product-gallery-layout-horizontal","12":"ast-product-tabs-layout-horizontal","14":"first","15":"instock","16":"taxable","17":"shipping-taxable","18":"purchasable","19":"product-type-simple"},"acf":[],"yoast_head":"<!-- This site is optimized with the Yoast SEO plugin v27.5 - https:\/\/yoast.com\/product\/yoast-seo-wordpress\/ -->\n<title>Mal\u00e9 bezpe\u010dnostn\u00e9 podlo\u017eky pre sk\u00e1kacie hrady 120 x 120 x 5 cm | Dodo Inflatables<\/title>\n<meta name=\"description\" content=\"Mal\u00e9 bezpe\u010dnostn\u00e9 podlo\u017eky pre sk\u00e1kacie hrady \u2013 EPE pena, skladacia do troch \u010dast\u00ed, po\u0165ah z PU plachty. Maxim\u00e1lna bezpe\u010dnos\u0165 v oblasti vstupu a v\u00fdstupu, ide\u00e1lne pre po\u017ei\u010dovne.\" \/>\n<meta name=\"robots\" content=\"index, follow, max-snippet:-1, max-image-preview:large, max-video-preview:-1\" \/>\n<link rel=\"canonical\" href=\"https:\/\/dodo-inflatables.com\/sk\/produkt\/male-bezpecnostne-podlozky-pre-skakacie-hrady-120-x-120-x-5-cm\/\" \/>\n<meta name=\"twitter:label1\" content=\"Predpokladan\u00fd \u010das \u010d\u00edtania\" \/>\n\t<meta name=\"twitter:data1\" content=\"1 min\u00fata\" \/>\n<script type=\"application\/ld+json\" class=\"yoast-schema-graph\">{\"@context\":\"https:\\\/\\\/schema.org\",\"@graph\":[{\"@type\":\"WebPage\",\"@id\":\"https:\\\/\\\/dodo-inflatables.com\\\/sk\\\/produkt\\\/male-bezpecnostne-podlozky-pre-skakacie-hrady-120-x-120-x-5-cm\\\/\",\"url\":\"https:\\\/\\\/dodo-inflatables.com\\\/sk\\\/produkt\\\/male-bezpecnostne-podlozky-pre-skakacie-hrady-120-x-120-x-5-cm\\\/\",\"name\":\"Mal\u00e9 bezpe\u010dnostn\u00e9 podlo\u017eky pre sk\u00e1kacie hrady 120 x 120 x 5 cm | Dodo Inflatables\",\"isPartOf\":{\"@id\":\"https:\\\/\\\/dodo-inflatables.com\\\/sk\\\/#website\"},\"primaryImageOfPage\":{\"@id\":\"https:\\\/\\\/dodo-inflatables.com\\\/sk\\\/produkt\\\/male-bezpecnostne-podlozky-pre-skakacie-hrady-120-x-120-x-5-cm\\\/#primaryimage\"},\"image\":{\"@id\":\"https:\\\/\\\/dodo-inflatables.com\\\/sk\\\/produkt\\\/male-bezpecnostne-podlozky-pre-skakacie-hrady-120-x-120-x-5-cm\\\/#primaryimage\"},\"thumbnailUrl\":\"https:\\\/\\\/dodo-inflatables.com\\\/wp-content\\\/uploads\\\/2026\\\/04\\\/Buy-small-fall-protection-mats-for-bouncy-castles-06.jpg\",\"datePublished\":\"2026-04-04T11:54:47+00:00\",\"dateModified\":\"2026-04-24T08:53:01+00:00\",\"description\":\"Mal\u00e9 bezpe\u010dnostn\u00e9 podlo\u017eky pre sk\u00e1kacie hrady \u2013 EPE pena, skladacia do troch \u010dast\u00ed, po\u0165ah z PU plachty. Maxim\u00e1lna bezpe\u010dnos\u0165 v oblasti vstupu a v\u00fdstupu, ide\u00e1lne pre po\u017ei\u010dovne.\",\"breadcrumb\":{\"@id\":\"https:\\\/\\\/dodo-inflatables.com\\\/sk\\\/produkt\\\/male-bezpecnostne-podlozky-pre-skakacie-hrady-120-x-120-x-5-cm\\\/#breadcrumb\"},\"inLanguage\":\"sk-SK\",\"potentialAction\":[{\"@type\":\"ReadAction\",\"target\":[\"https:\\\/\\\/dodo-inflatables.com\\\/sk\\\/produkt\\\/male-bezpecnostne-podlozky-pre-skakacie-hrady-120-x-120-x-5-cm\\\/\"]}]},{\"@type\":\"ImageObject\",\"inLanguage\":\"sk-SK\",\"@id\":\"https:\\\/\\\/dodo-inflatables.com\\\/sk\\\/produkt\\\/male-bezpecnostne-podlozky-pre-skakacie-hrady-120-x-120-x-5-cm\\\/#primaryimage\",\"url\":\"https:\\\/\\\/dodo-inflatables.com\\\/wp-content\\\/uploads\\\/2026\\\/04\\\/Buy-small-fall-protection-mats-for-bouncy-castles-06.jpg\",\"contentUrl\":\"https:\\\/\\\/dodo-inflatables.com\\\/wp-content\\\/uploads\\\/2026\\\/04\\\/Buy-small-fall-protection-mats-for-bouncy-castles-06.jpg\",\"width\":1000,\"height\":1000,\"caption\":\"Mal\u00e9 bezpe\u010dnostn\u00e9 podlo\u017eky pre sk\u00e1kacie hrady 120 x 120 x 5 cm | Dodo Inflatables\"},{\"@type\":\"BreadcrumbList\",\"@id\":\"https:\\\/\\\/dodo-inflatables.com\\\/sk\\\/produkt\\\/male-bezpecnostne-podlozky-pre-skakacie-hrady-120-x-120-x-5-cm\\\/#breadcrumb\",\"itemListElement\":[{\"@type\":\"ListItem\",\"position\":1,\"name\":\"Domovsk\u00e1 str\u00e1nka\",\"item\":\"https:\\\/\\\/dodo-inflatables.com\\\/sk\\\/\"},{\"@type\":\"ListItem\",\"position\":2,\"name\":\"Obchod\",\"item\":\"https:\\\/\\\/dodo-inflatables.com\\\/sk\\\/obchod\\\/\"},{\"@type\":\"ListItem\",\"position\":3,\"name\":\"Mal\u00e9 bezpe\u010dnostn\u00e9 podlo\u017eky pre sk\u00e1kacie hrady 120 x 120 x 5 cm\"}]},{\"@type\":\"WebSite\",\"@id\":\"https:\\\/\\\/dodo-inflatables.com\\\/sk\\\/#website\",\"url\":\"https:\\\/\\\/dodo-inflatables.com\\\/sk\\\/\",\"name\":\"dodo-inflatables.com\",\"description\":\"Nakupujte sk\u00e1kacie hrady a atrakcie v na\u0161om obchode.\",\"potentialAction\":[{\"@type\":\"SearchAction\",\"target\":{\"@type\":\"EntryPoint\",\"urlTemplate\":\"https:\\\/\\\/dodo-inflatables.com\\\/sk\\\/?s={search_term_string}\"},\"query-input\":{\"@type\":\"PropertyValueSpecification\",\"valueRequired\":true,\"valueName\":\"search_term_string\"}}],\"inLanguage\":\"sk-SK\"}]}<\/script>\n<!-- \/ Yoast SEO plugin. -->","yoast_head_json":{"title":"Mal\u00e9 bezpe\u010dnostn\u00e9 podlo\u017eky pre sk\u00e1kacie hrady 120 x 120 x 5 cm | Dodo Inflatables","description":"Mal\u00e9 bezpe\u010dnostn\u00e9 podlo\u017eky pre sk\u00e1kacie hrady \u2013 EPE pena, skladacia do troch \u010dast\u00ed, po\u0165ah z PU plachty. Maxim\u00e1lna bezpe\u010dnos\u0165 v oblasti vstupu a v\u00fdstupu, ide\u00e1lne pre po\u017ei\u010dovne.","robots":{"index":"index","follow":"follow","max-snippet":"max-snippet:-1","max-image-preview":"max-image-preview:large","max-video-preview":"max-video-preview:-1"},"canonical":"https:\/\/dodo-inflatables.com\/sk\/produkt\/male-bezpecnostne-podlozky-pre-skakacie-hrady-120-x-120-x-5-cm\/","twitter_misc":{"Predpokladan\u00fd \u010das \u010d\u00edtania":"1 min\u00fata"},"schema":{"@context":"https:\/\/schema.org","@graph":[{"@type":"WebPage","@id":"https:\/\/dodo-inflatables.com\/sk\/produkt\/male-bezpecnostne-podlozky-pre-skakacie-hrady-120-x-120-x-5-cm\/","url":"https:\/\/dodo-inflatables.com\/sk\/produkt\/male-bezpecnostne-podlozky-pre-skakacie-hrady-120-x-120-x-5-cm\/","name":"Mal\u00e9 bezpe\u010dnostn\u00e9 podlo\u017eky pre sk\u00e1kacie hrady 120 x 120 x 5 cm | Dodo Inflatables","isPartOf":{"@id":"https:\/\/dodo-inflatables.com\/sk\/#website"},"primaryImageOfPage":{"@id":"https:\/\/dodo-inflatables.com\/sk\/produkt\/male-bezpecnostne-podlozky-pre-skakacie-hrady-120-x-120-x-5-cm\/#primaryimage"},"image":{"@id":"https:\/\/dodo-inflatables.com\/sk\/produkt\/male-bezpecnostne-podlozky-pre-skakacie-hrady-120-x-120-x-5-cm\/#primaryimage"},"thumbnailUrl":"https:\/\/dodo-inflatables.com\/wp-content\/uploads\/2026\/04\/Buy-small-fall-protection-mats-for-bouncy-castles-06.jpg","datePublished":"2026-04-04T11:54:47+00:00","dateModified":"2026-04-24T08:53:01+00:00","description":"Mal\u00e9 bezpe\u010dnostn\u00e9 podlo\u017eky pre sk\u00e1kacie hrady \u2013 EPE pena, skladacia do troch \u010dast\u00ed, po\u0165ah z PU plachty. Maxim\u00e1lna bezpe\u010dnos\u0165 v oblasti vstupu a v\u00fdstupu, ide\u00e1lne pre po\u017ei\u010dovne.","breadcrumb":{"@id":"https:\/\/dodo-inflatables.com\/sk\/produkt\/male-bezpecnostne-podlozky-pre-skakacie-hrady-120-x-120-x-5-cm\/#breadcrumb"},"inLanguage":"sk-SK","potentialAction":[{"@type":"ReadAction","target":["https:\/\/dodo-inflatables.com\/sk\/produkt\/male-bezpecnostne-podlozky-pre-skakacie-hrady-120-x-120-x-5-cm\/"]}]},{"@type":"ImageObject","inLanguage":"sk-SK","@id":"https:\/\/dodo-inflatables.com\/sk\/produkt\/male-bezpecnostne-podlozky-pre-skakacie-hrady-120-x-120-x-5-cm\/#primaryimage","url":"https:\/\/dodo-inflatables.com\/wp-content\/uploads\/2026\/04\/Buy-small-fall-protection-mats-for-bouncy-castles-06.jpg","contentUrl":"https:\/\/dodo-inflatables.com\/wp-content\/uploads\/2026\/04\/Buy-small-fall-protection-mats-for-bouncy-castles-06.jpg","width":1000,"height":1000,"caption":"Mal\u00e9 bezpe\u010dnostn\u00e9 podlo\u017eky pre sk\u00e1kacie hrady 120 x 120 x 5 cm | Dodo Inflatables"},{"@type":"BreadcrumbList","@id":"https:\/\/dodo-inflatables.com\/sk\/produkt\/male-bezpecnostne-podlozky-pre-skakacie-hrady-120-x-120-x-5-cm\/#breadcrumb","itemListElement":[{"@type":"ListItem","position":1,"name":"Domovsk\u00e1 str\u00e1nka","item":"https:\/\/dodo-inflatables.com\/sk\/"},{"@type":"ListItem","position":2,"name":"Obchod","item":"https:\/\/dodo-inflatables.com\/sk\/obchod\/"},{"@type":"ListItem","position":3,"name":"Mal\u00e9 bezpe\u010dnostn\u00e9 podlo\u017eky pre sk\u00e1kacie hrady 120 x 120 x 5 cm"}]},{"@type":"WebSite","@id":"https:\/\/dodo-inflatables.com\/sk\/#website","url":"https:\/\/dodo-inflatables.com\/sk\/","name":"dodo-inflatables.com","description":"Nakupujte sk\u00e1kacie hrady a atrakcie v na\u0161om obchode.","potentialAction":[{"@type":"SearchAction","target":{"@type":"EntryPoint","urlTemplate":"https:\/\/dodo-inflatables.com\/sk\/?s={search_term_string}"},"query-input":{"@type":"PropertyValueSpecification","valueRequired":true,"valueName":"search_term_string"}}],"inLanguage":"sk-SK"}]}},"uagb_featured_image_src":{"full":["https:\/\/dodo-inflatables.com\/wp-content\/uploads\/2026\/04\/Buy-small-fall-protection-mats-for-bouncy-castles-06.jpg",1000,1000,false],"thumbnail":["https:\/\/dodo-inflatables.com\/wp-content\/uploads\/2026\/04\/Buy-small-fall-protection-mats-for-bouncy-castles-06-150x150.jpg",150,150,true],"medium":["https:\/\/dodo-inflatables.com\/wp-content\/uploads\/2026\/04\/Buy-small-fall-protection-mats-for-bouncy-castles-06-300x300.jpg",300,300,true],"medium_large":["https:\/\/dodo-inflatables.com\/wp-content\/uploads\/2026\/04\/Buy-small-fall-protection-mats-for-bouncy-castles-06-768x768.jpg",768,768,true],"large":["https:\/\/dodo-inflatables.com\/wp-content\/uploads\/2026\/04\/Buy-small-fall-protection-mats-for-bouncy-castles-06.jpg",1000,1000,false],"1536x1536":["https:\/\/dodo-inflatables.com\/wp-content\/uploads\/2026\/04\/Buy-small-fall-protection-mats-for-bouncy-castles-06.jpg",1000,1000,false],"2048x2048":["https:\/\/dodo-inflatables.com\/wp-content\/uploads\/2026\/04\/Buy-small-fall-protection-mats-for-bouncy-castles-06.jpg",1000,1000,false],"woocommerce_thumbnail":["https:\/\/dodo-inflatables.com\/wp-content\/uploads\/2026\/04\/Buy-small-fall-protection-mats-for-bouncy-castles-06-900x900.jpg",900,900,true],"woocommerce_single":["https:\/\/dodo-inflatables.com\/wp-content\/uploads\/2026\/04\/Buy-small-fall-protection-mats-for-bouncy-castles-06-900x900.jpg",900,900,true],"woocommerce_gallery_thumbnail":["https:\/\/dodo-inflatables.com\/wp-content\/uploads\/2026\/04\/Buy-small-fall-protection-mats-for-bouncy-castles-06-100x100.jpg",100,100,true]},"uagb_author_info":{"display_name":"Andreas","author_link":"https:\/\/dodo-inflatables.com\/sk\/author\/"},"uagb_comment_info":0,"uagb_excerpt":"Rozlo\u017een\u00e9 rozmery: 120 x 120 x 5 cm Zlo\u017een\u00e9 rozmery: 60 x 120 x 10 cm Materi\u00e1l peny: EPE RG 18 Materi\u00e1l po\u0165ahu: PU plachtov\u00e1 l\u00e1tka, hr\u00fabka 0,6 mm Hmotnos\u0165: 2,8 kg","_links":{"self":[{"href":"https:\/\/dodo-inflatables.com\/sk\/wp-json\/wp\/v2\/product\/105607","targetHints":{"allow":["GET"]}}],"collection":[{"href":"https:\/\/dodo-inflatables.com\/sk\/wp-json\/wp\/v2\/product"}],"about":[{"href":"https:\/\/dodo-inflatables.com\/sk\/wp-json\/wp\/v2\/types\/product"}],"replies":[{"embeddable":true,"href":"https:\/\/dodo-inflatables.com\/sk\/wp-json\/wp\/v2\/comments?post=105607"}],"wp:featuredmedia":[{"embeddable":true,"href":"https:\/\/dodo-inflatables.com\/sk\/wp-json\/wp\/v2\/media\/105601"}],"wp:attachment":[{"href":"https:\/\/dodo-inflatables.com\/sk\/wp-json\/wp\/v2\/media?parent=105607"}],"wp:term":[{"taxonomy":"product_brand","embeddable":true,"href":"https:\/\/dodo-inflatables.com\/sk\/wp-json\/wp\/v2\/product_brand?post=105607"},{"taxonomy":"product_cat","embeddable":true,"href":"https:\/\/dodo-inflatables.com\/sk\/wp-json\/wp\/v2\/product_cat?post=105607"},{"taxonomy":"product_tag","embeddable":true,"href":"https:\/\/dodo-inflatables.com\/sk\/wp-json\/wp\/v2\/product_tag?post=105607"}],"curies":[{"name":"wp","href":"https:\/\/api.w.org\/{rel}","templated":true}]}}