{"id":105702,"date":"2026-04-04T13:54:46","date_gmt":"2026-04-04T11:54:46","guid":{"rendered":"https:\/\/dodo-inflatables.com\/dodo-relaunch?product=starter-set-velky-huawei-15-hp"},"modified":"2026-04-04T13:54:46","modified_gmt":"2026-04-04T11:54:46","slug":"starter-set-velky-huawei-15-hp","status":"publish","type":"product","link":"https:\/\/dodo-inflatables.com\/sk\/produkt\/starter-set-velky-huawei-15-hp\/","title":{"rendered":"Starter Set ve\u013ek\u00fd &#8211; Huawei 1,5 HP"},"content":{"rendered":"<h2>Starter Set ve\u013ek\u00fd &#8211; Huawei \u2013 V\u0161etko, \u010do potrebujete pre dokonal\u00fd \u0161tart so sk\u00e1kac\u00edm hradom!<\/h2>\n<p>&nbsp;<br \/>\nK\u00fapili ste sk\u00e1kac\u00ed hrad a chcete hne\u010f za\u010da\u0165? Potom je n\u00e1\u0161 Starter Set ve\u013ek\u00fd &#8211; Huawei presne to, \u010do potrebujete! Obsahuje v\u0161etko podstatn\u00e9 pr\u00edslu\u0161enstvo potrebn\u00e9 pre bezpe\u010dn\u00fa a hladk\u00fa prev\u00e1dzku v\u00e1\u0161ho sk\u00e1kacieho hradu \u2013 a ako extra bonus je zadarmo prilo\u017een\u00fd dvojit\u00fd defl\u00e1tor!<br \/>\n<em><strong>T\u00e1to sada obsahuje:<\/strong><\/em><br \/>\n\u2705 <strong>Ventil\u00e1tor Huawei (1,5 HP) &#8211; <\/strong><br \/>\nSiln\u00fd a spo\u013eahliv\u00fd ventil\u00e1tor je srdcom ka\u017ed\u00e9ho sk\u00e1kacieho hradu. Ventil\u00e1tor Huawei 1,5 HP zabezpe\u010duje r\u00fdchle a rovnomern\u00e9 naf\u00faknutie, tak\u017ee v\u00e1\u0161 sk\u00e1kac\u00ed hrad je pripraven\u00fd na pou\u017eitie v okamihu. Pracuje efekt\u00edvne, je vyroben\u00fd na dlh\u00fa dobu a je dokonale prisp\u00f4soben\u00fd po\u017eiadavk\u00e1m nafukovac\u00edch sk\u00e1kac\u00edch hradov.<br \/>\n\u2705 <strong>Zemn\u00e9 kol\u00edky pre bezpe\u010dn\u00e9 ukotvenie &#8211; <\/strong><br \/>\nAby v\u00e1\u0161 sk\u00e1kac\u00ed hrad zostal stabiln\u00fd a bezpe\u010dne na mieste, sada obsahuje vysokokvalitn\u00e9 zemn\u00e9 kol\u00edky. Pom\u00e1haj\u00fa zabezpe\u010di\u0165, aby va\u0161a nafukovacia kon\u0161trukcia zostala pevne umiestnen\u00e1, aj pri intenz\u00edvnom pou\u017e\u00edvan\u00ed a energickom sk\u00e1kan\u00ed, a poskytuj\u00fa tie\u017e zv\u00fd\u0161en\u00e9 zabezpe\u010denie pri miernom vetre. Jednoduch\u00e9 pou\u017eitie, maxim\u00e1lna bezpe\u010dnos\u0165!<br \/>\n\u2705 <strong>Podlo\u017en\u00e1 plachta (5 x 6 m) \u2013 Ochrana pre v\u00e1\u0161 sk\u00e1kac\u00ed hrad &#8211; <\/strong><br \/>\nDobr\u00e1 podlo\u017en\u00e1 plachta je nevyhnutn\u00e1 na ochranu v\u00e1\u0161ho sk\u00e1kacieho hradu pred ne\u010distotami, mal\u00fdmi kamienkami a nerovn\u00fdmi povrchmi. Prilo\u017een\u00e1 podlo\u017en\u00e1 plachta 5 x 6 m poskytuje trval\u00fa ochrann\u00fa vrstvu a pom\u00e1ha pred\u013a\u017ei\u0165 \u017eivotnos\u0165 va\u0161ej nafukovacej kon\u0161trukcie.<br \/>\n\u2705 <strong>Bezpe\u010dnostn\u00e9 podlo\u017eky pre extra ochranu<\/strong><br \/>\n1x ve\u013ek\u00e1 bezpe\u010dnostn\u00e1 podlo\u017eka \u2013 Ide\u00e1lna pre zvl\u00e1\u0161t\u011b citliv\u00e9 oblasti, ako je vstup alebo oblas\u0165 \u0161myk\u013eavky.<br \/>\n2x mal\u00e9 bezpe\u010dnostn\u00e9 podlo\u017eky \u2013 Dodato\u010dn\u00e1 ochrana pre \u010fal\u0161ie vstupn\u00e9 a v\u00fdstupn\u00e9 z\u00f3ny.<br \/>\n\ud83d\udca8 <strong>Zadarmo prilo\u017een\u00e9: Dvojit\u00fd defl\u00e1tor \u2013 pre r\u00fdchlej\u0161ie balenie! &#8211; <\/strong><br \/>\nKe\u010f z\u00e1bava skon\u010d\u00ed, sk\u00e1kac\u00ed hrad treba vyfouka\u0165 a ulo\u017ei\u0165 \u2013 a pr\u00e1ve tu prich\u00e1dza defl\u00e1tor! Toto praktick\u00e9 pr\u00edslu\u0161enstvo pom\u00e1ha odvies\u0165 vzduch ove\u013ea r\u00fdchlej\u0161ie, tak\u017ee balenie je r\u00fdchle a jednoduch\u00e9.<br \/>\n<strong>Pre\u010do zvoli\u0165 t\u00fato \u0161tartovaciu sadu?<\/strong><br \/>\n\u2714 <em>Dokonale zladen\u00e9 pr\u00edslu\u0161enstvo<\/em> \u2013 V\u0161etko, \u010do potrebujete pre za\u010diatok v jednej praktickej sade.<br \/>\n\u2714 <em>Maxim\u00e1lna bezpe\u010dnos\u0165<\/em> \u2013 V\u010faka bezpe\u010dnostn\u00fdm podlo\u017ek\u00e1m pre vstupn\u00e9 a v\u00fdstupn\u00e9 z\u00f3ny.<br \/>\n\u2714 <em>R\u00fdchle nastavenie a bezpe\u010dn\u00e1 prev\u00e1dzka<\/em> \u2013 V\u010faka v\u00fdkonn\u00e9mu ventil\u00e1toru a robustn\u00fdm zemn\u00fdm kol\u00edkom.<br \/>\n\u2714 <em>Dlh\u0161ia \u017eivotnos\u0165 v\u00e1\u0161ho sk\u00e1kacieho hradu<\/em> \u2013 S ochrannou podlo\u017enou plachtou.<br \/>\n\u2714 <em>Jednoduch\u0161ie balenie<\/em> \u2013 Bezplatn\u00fd dvojit\u00fd defl\u00e1tor v\u00e1m u\u0161etr\u00ed \u010das a n\u00e1mahu!<br \/>\nSo Starter Set ve\u013ek\u00fd &#8211; Huawei ste plne vybaven\u00ed a pripraven\u00ed okam\u017eite za\u010da\u0165.<\/p>\n","protected":false},"excerpt":{"rendered":"<p>\u2714 <em>Dokonale zladen\u00e9 pr\u00edslu\u0161enstvo<\/em> \u2013 V\u0161etko, \u010do potrebujete pre za\u010diatok v jednej praktickej sade.<br \/>\n\u2714 <em>Maxim\u00e1lna bezpe\u010dnos\u0165<\/em> \u2013 V\u010faka bezpe\u010dnostn\u00fdm podlo\u017ek\u00e1m pre vstupn\u00e9 a v\u00fdstupn\u00e9 z\u00f3ny.<br \/>\n\u2714 <em>R\u00fdchle nastavenie a bezpe\u010dn\u00e1 prev\u00e1dzka<\/em> \u2013 V\u010faka v\u00fdkonn\u00e9mu ventil\u00e1toru a robustn\u00fdm zemn\u00fdm kol\u00edkom.<br \/>\n\u2714 <em>Dlh\u0161ia \u017eivotnos\u0165 v\u00e1\u0161ho sk\u00e1kacieho hradu<\/em> \u2013 S ochrannou podlo\u017enou plachtou.<br \/>\n\u2714 <em>Jednoduch\u0161ie balenie<\/em> \u2013 Bezplatn\u00fd dvojit\u00fd defl\u00e1tor v\u00e1m u\u0161etr\u00ed \u010das a n\u00e1mahu!<\/p>\n","protected":false},"featured_media":105701,"comment_status":"open","ping_status":"closed","template":"","meta":{"_acf_changed":false,"_uag_custom_page_level_css":"","site-sidebar-layout":"default","site-content-layout":"boxed-container","ast-site-content-layout":"normal-width-container","site-content-style":"boxed","site-sidebar-style":"default","ast-global-header-display":"","ast-banner-title-visibility":"","ast-main-header-display":"","ast-hfb-above-header-display":"","ast-hfb-below-header-display":"","ast-hfb-mobile-header-display":"","site-post-title":"disabled","ast-breadcrumbs-content":"","ast-featured-img":"","footer-sml-layout":"","ast-disable-related-posts":"","theme-transparent-header-meta":"default","adv-header-id-meta":"","stick-header-meta":"default","header-above-stick-meta":"","header-main-stick-meta":"","header-below-stick-meta":"","astra-migrate-meta-layouts":"default","ast-page-background-enabled":"default","ast-page-background-meta":{"desktop":{"background-color":"var(--ast-global-color-4)","background-image":"","background-repeat":"repeat","background-position":"center center","background-size":"auto","background-attachment":"scroll","background-type":"","background-media":"","overlay-type":"","overlay-color":"","overlay-opacity":"","overlay-gradient":""},"tablet":{"background-color":"","background-image":"","background-repeat":"repeat","background-position":"center center","background-size":"auto","background-attachment":"scroll","background-type":"","background-media":"","overlay-type":"","overlay-color":"","overlay-opacity":"","overlay-gradient":""},"mobile":{"background-color":"","background-image":"","background-repeat":"repeat","background-position":"center center","background-size":"auto","background-attachment":"scroll","background-type":"","background-media":"","overlay-type":"","overlay-color":"","overlay-opacity":"","overlay-gradient":""}},"ast-content-background-meta":{"desktop":{"background-color":"var(--ast-global-color-5)","background-image":"","background-repeat":"repeat","background-position":"center center","background-size":"auto","background-attachment":"scroll","background-type":"","background-media":"","overlay-type":"","overlay-color":"","overlay-opacity":"","overlay-gradient":""},"tablet":{"background-color":"var(--ast-global-color-5)","background-image":"","background-repeat":"repeat","background-position":"center center","background-size":"auto","background-attachment":"scroll","background-type":"","background-media":"","overlay-type":"","overlay-color":"","overlay-opacity":"","overlay-gradient":""},"mobile":{"background-color":"var(--ast-global-color-5)","background-image":"","background-repeat":"repeat","background-position":"center center","background-size":"auto","background-attachment":"scroll","background-type":"","background-media":"","overlay-type":"","overlay-color":"","overlay-opacity":"","overlay-gradient":""}}},"product_brand":[],"product_cat":[1138],"product_tag":[],"class_list":{"0":"post-105702","1":"product","2":"type-product","3":"status-publish","4":"has-post-thumbnail","6":"product_cat-prislusenstvo","7":"product_shipping_class-spedition-hupfburg-sk","8":"desktop-align-center","9":"tablet-align-center","10":"mobile-align-center","11":"ast-product-gallery-layout-horizontal","12":"ast-product-tabs-layout-horizontal","14":"first","15":"instock","16":"sale","17":"taxable","18":"shipping-taxable","19":"purchasable","20":"product-type-simple"},"acf":[],"yoast_head":"<!-- This site is optimized with the Yoast SEO plugin v27.5 - https:\/\/yoast.com\/product\/yoast-seo-wordpress\/ -->\n<title>Starter Set ve\u013ek\u00fd - Huawei 1,5 HP pre sk\u00e1kacie hrady | Dodo Inflatables<\/title>\n<meta name=\"description\" content=\"Starter Set ve\u013ek\u00fd - Huawei 1,5 HP \u2013 ventil\u00e1tor, zemn\u00e9 kol\u00edky, podlo\u017en\u00e1 plachta 5 x 6 m, bezpe\u010dnostn\u00e9 podlo\u017eky a bezplatn\u00fd dvojit\u00fd defl\u00e1tor. V\u0161etko pre dokonal\u00fd \u0161tart so sk\u00e1kac\u00edm hradom.\" \/>\n<meta name=\"robots\" content=\"index, follow, max-snippet:-1, max-image-preview:large, max-video-preview:-1\" \/>\n<link rel=\"canonical\" href=\"https:\/\/dodo-inflatables.com\/sk\/produkt\/starter-set-velky-huawei-15-hp\/\" \/>\n<meta name=\"twitter:label1\" content=\"Predpokladan\u00fd \u010das \u010d\u00edtania\" \/>\n\t<meta name=\"twitter:data1\" content=\"2 min\u00faty\" \/>\n<script type=\"application\/ld+json\" class=\"yoast-schema-graph\">{\"@context\":\"https:\\\/\\\/schema.org\",\"@graph\":[{\"@type\":\"WebPage\",\"@id\":\"https:\\\/\\\/dodo-inflatables.com\\\/sk\\\/produkt\\\/starter-set-velky-huawei-15-hp\\\/\",\"url\":\"https:\\\/\\\/dodo-inflatables.com\\\/sk\\\/produkt\\\/starter-set-velky-huawei-15-hp\\\/\",\"name\":\"Starter Set ve\u013ek\u00fd - Huawei 1,5 HP pre sk\u00e1kacie hrady | Dodo Inflatables\",\"isPartOf\":{\"@id\":\"https:\\\/\\\/dodo-inflatables.com\\\/sk\\\/#website\"},\"primaryImageOfPage\":{\"@id\":\"https:\\\/\\\/dodo-inflatables.com\\\/sk\\\/produkt\\\/starter-set-velky-huawei-15-hp\\\/#primaryimage\"},\"image\":{\"@id\":\"https:\\\/\\\/dodo-inflatables.com\\\/sk\\\/produkt\\\/starter-set-velky-huawei-15-hp\\\/#primaryimage\"},\"thumbnailUrl\":\"https:\\\/\\\/dodo-inflatables.com\\\/wp-content\\\/uploads\\\/2026\\\/04\\\/Starterset-gross-huawei.png\",\"datePublished\":\"2026-04-04T11:54:46+00:00\",\"description\":\"Starter Set ve\u013ek\u00fd - Huawei 1,5 HP \u2013 ventil\u00e1tor, zemn\u00e9 kol\u00edky, podlo\u017en\u00e1 plachta 5 x 6 m, bezpe\u010dnostn\u00e9 podlo\u017eky a bezplatn\u00fd dvojit\u00fd defl\u00e1tor. V\u0161etko pre dokonal\u00fd \u0161tart so sk\u00e1kac\u00edm hradom.\",\"breadcrumb\":{\"@id\":\"https:\\\/\\\/dodo-inflatables.com\\\/sk\\\/produkt\\\/starter-set-velky-huawei-15-hp\\\/#breadcrumb\"},\"inLanguage\":\"sk-SK\",\"potentialAction\":[{\"@type\":\"ReadAction\",\"target\":[\"https:\\\/\\\/dodo-inflatables.com\\\/sk\\\/produkt\\\/starter-set-velky-huawei-15-hp\\\/\"]}]},{\"@type\":\"ImageObject\",\"inLanguage\":\"sk-SK\",\"@id\":\"https:\\\/\\\/dodo-inflatables.com\\\/sk\\\/produkt\\\/starter-set-velky-huawei-15-hp\\\/#primaryimage\",\"url\":\"https:\\\/\\\/dodo-inflatables.com\\\/wp-content\\\/uploads\\\/2026\\\/04\\\/Starterset-gross-huawei.png\",\"contentUrl\":\"https:\\\/\\\/dodo-inflatables.com\\\/wp-content\\\/uploads\\\/2026\\\/04\\\/Starterset-gross-huawei.png\",\"width\":1000,\"height\":1000,\"caption\":\"Starter Set ve\u013ek\u00fd - Huawei 2 HP pre sk\u00e1kacie hrady | Dodo Inflatables\"},{\"@type\":\"BreadcrumbList\",\"@id\":\"https:\\\/\\\/dodo-inflatables.com\\\/sk\\\/produkt\\\/starter-set-velky-huawei-15-hp\\\/#breadcrumb\",\"itemListElement\":[{\"@type\":\"ListItem\",\"position\":1,\"name\":\"Domovsk\u00e1 str\u00e1nka\",\"item\":\"https:\\\/\\\/dodo-inflatables.com\\\/sk\\\/\"},{\"@type\":\"ListItem\",\"position\":2,\"name\":\"Obchod\",\"item\":\"https:\\\/\\\/dodo-inflatables.com\\\/sk\\\/obchod\\\/\"},{\"@type\":\"ListItem\",\"position\":3,\"name\":\"Starter Set ve\u013ek\u00fd &#8211; Huawei 1,5 HP\"}]},{\"@type\":\"WebSite\",\"@id\":\"https:\\\/\\\/dodo-inflatables.com\\\/sk\\\/#website\",\"url\":\"https:\\\/\\\/dodo-inflatables.com\\\/sk\\\/\",\"name\":\"dodo-inflatables.com\",\"description\":\"Nakupujte sk\u00e1kacie hrady a atrakcie v na\u0161om obchode.\",\"potentialAction\":[{\"@type\":\"SearchAction\",\"target\":{\"@type\":\"EntryPoint\",\"urlTemplate\":\"https:\\\/\\\/dodo-inflatables.com\\\/sk\\\/?s={search_term_string}\"},\"query-input\":{\"@type\":\"PropertyValueSpecification\",\"valueRequired\":true,\"valueName\":\"search_term_string\"}}],\"inLanguage\":\"sk-SK\"}]}<\/script>\n<!-- \/ Yoast SEO plugin. -->","yoast_head_json":{"title":"Starter Set ve\u013ek\u00fd - Huawei 1,5 HP pre sk\u00e1kacie hrady | Dodo Inflatables","description":"Starter Set ve\u013ek\u00fd - Huawei 1,5 HP \u2013 ventil\u00e1tor, zemn\u00e9 kol\u00edky, podlo\u017en\u00e1 plachta 5 x 6 m, bezpe\u010dnostn\u00e9 podlo\u017eky a bezplatn\u00fd dvojit\u00fd defl\u00e1tor. V\u0161etko pre dokonal\u00fd \u0161tart so sk\u00e1kac\u00edm hradom.","robots":{"index":"index","follow":"follow","max-snippet":"max-snippet:-1","max-image-preview":"max-image-preview:large","max-video-preview":"max-video-preview:-1"},"canonical":"https:\/\/dodo-inflatables.com\/sk\/produkt\/starter-set-velky-huawei-15-hp\/","twitter_misc":{"Predpokladan\u00fd \u010das \u010d\u00edtania":"2 min\u00faty"},"schema":{"@context":"https:\/\/schema.org","@graph":[{"@type":"WebPage","@id":"https:\/\/dodo-inflatables.com\/sk\/produkt\/starter-set-velky-huawei-15-hp\/","url":"https:\/\/dodo-inflatables.com\/sk\/produkt\/starter-set-velky-huawei-15-hp\/","name":"Starter Set ve\u013ek\u00fd - Huawei 1,5 HP pre sk\u00e1kacie hrady | Dodo Inflatables","isPartOf":{"@id":"https:\/\/dodo-inflatables.com\/sk\/#website"},"primaryImageOfPage":{"@id":"https:\/\/dodo-inflatables.com\/sk\/produkt\/starter-set-velky-huawei-15-hp\/#primaryimage"},"image":{"@id":"https:\/\/dodo-inflatables.com\/sk\/produkt\/starter-set-velky-huawei-15-hp\/#primaryimage"},"thumbnailUrl":"https:\/\/dodo-inflatables.com\/wp-content\/uploads\/2026\/04\/Starterset-gross-huawei.png","datePublished":"2026-04-04T11:54:46+00:00","description":"Starter Set ve\u013ek\u00fd - Huawei 1,5 HP \u2013 ventil\u00e1tor, zemn\u00e9 kol\u00edky, podlo\u017en\u00e1 plachta 5 x 6 m, bezpe\u010dnostn\u00e9 podlo\u017eky a bezplatn\u00fd dvojit\u00fd defl\u00e1tor. V\u0161etko pre dokonal\u00fd \u0161tart so sk\u00e1kac\u00edm hradom.","breadcrumb":{"@id":"https:\/\/dodo-inflatables.com\/sk\/produkt\/starter-set-velky-huawei-15-hp\/#breadcrumb"},"inLanguage":"sk-SK","potentialAction":[{"@type":"ReadAction","target":["https:\/\/dodo-inflatables.com\/sk\/produkt\/starter-set-velky-huawei-15-hp\/"]}]},{"@type":"ImageObject","inLanguage":"sk-SK","@id":"https:\/\/dodo-inflatables.com\/sk\/produkt\/starter-set-velky-huawei-15-hp\/#primaryimage","url":"https:\/\/dodo-inflatables.com\/wp-content\/uploads\/2026\/04\/Starterset-gross-huawei.png","contentUrl":"https:\/\/dodo-inflatables.com\/wp-content\/uploads\/2026\/04\/Starterset-gross-huawei.png","width":1000,"height":1000,"caption":"Starter Set ve\u013ek\u00fd - Huawei 2 HP pre sk\u00e1kacie hrady | Dodo Inflatables"},{"@type":"BreadcrumbList","@id":"https:\/\/dodo-inflatables.com\/sk\/produkt\/starter-set-velky-huawei-15-hp\/#breadcrumb","itemListElement":[{"@type":"ListItem","position":1,"name":"Domovsk\u00e1 str\u00e1nka","item":"https:\/\/dodo-inflatables.com\/sk\/"},{"@type":"ListItem","position":2,"name":"Obchod","item":"https:\/\/dodo-inflatables.com\/sk\/obchod\/"},{"@type":"ListItem","position":3,"name":"Starter Set ve\u013ek\u00fd &#8211; Huawei 1,5 HP"}]},{"@type":"WebSite","@id":"https:\/\/dodo-inflatables.com\/sk\/#website","url":"https:\/\/dodo-inflatables.com\/sk\/","name":"dodo-inflatables.com","description":"Nakupujte sk\u00e1kacie hrady a atrakcie v na\u0161om obchode.","potentialAction":[{"@type":"SearchAction","target":{"@type":"EntryPoint","urlTemplate":"https:\/\/dodo-inflatables.com\/sk\/?s={search_term_string}"},"query-input":{"@type":"PropertyValueSpecification","valueRequired":true,"valueName":"search_term_string"}}],"inLanguage":"sk-SK"}]}},"uagb_featured_image_src":{"full":["https:\/\/dodo-inflatables.com\/wp-content\/uploads\/2026\/04\/Starterset-gross-huawei.png",1000,1000,false],"thumbnail":["https:\/\/dodo-inflatables.com\/wp-content\/uploads\/2026\/04\/Starterset-gross-huawei-150x150.png",150,150,true],"medium":["https:\/\/dodo-inflatables.com\/wp-content\/uploads\/2026\/04\/Starterset-gross-huawei-300x300.png",300,300,true],"medium_large":["https:\/\/dodo-inflatables.com\/wp-content\/uploads\/2026\/04\/Starterset-gross-huawei-768x768.png",768,768,true],"large":["https:\/\/dodo-inflatables.com\/wp-content\/uploads\/2026\/04\/Starterset-gross-huawei.png",1000,1000,false],"1536x1536":["https:\/\/dodo-inflatables.com\/wp-content\/uploads\/2026\/04\/Starterset-gross-huawei.png",1000,1000,false],"2048x2048":["https:\/\/dodo-inflatables.com\/wp-content\/uploads\/2026\/04\/Starterset-gross-huawei.png",1000,1000,false],"woocommerce_thumbnail":["https:\/\/dodo-inflatables.com\/wp-content\/uploads\/2026\/04\/Starterset-gross-huawei-900x900.png",900,900,true],"woocommerce_single":["https:\/\/dodo-inflatables.com\/wp-content\/uploads\/2026\/04\/Starterset-gross-huawei-900x900.png",900,900,true],"woocommerce_gallery_thumbnail":["https:\/\/dodo-inflatables.com\/wp-content\/uploads\/2026\/04\/Starterset-gross-huawei-100x100.png",100,100,true]},"uagb_author_info":{"display_name":"Andreas","author_link":"https:\/\/dodo-inflatables.com\/sk\/author\/"},"uagb_comment_info":0,"uagb_excerpt":"\u2714 Dokonale zladen\u00e9 pr\u00edslu\u0161enstvo \u2013 V\u0161etko, \u010do potrebujete pre za\u010diatok v jednej praktickej sade. \u2714 Maxim\u00e1lna bezpe\u010dnos\u0165 \u2013 V\u010faka bezpe\u010dnostn\u00fdm podlo\u017ek\u00e1m pre vstupn\u00e9 a v\u00fdstupn\u00e9 z\u00f3ny. \u2714 R\u00fdchle nastavenie a bezpe\u010dn\u00e1 prev\u00e1dzka \u2013 V\u010faka v\u00fdkonn\u00e9mu ventil\u00e1toru a robustn\u00fdm zemn\u00fdm kol\u00edkom. \u2714 Dlh\u0161ia \u017eivotnos\u0165 v\u00e1\u0161ho sk\u00e1kacieho hradu \u2013 S ochrannou podlo\u017enou plachtou. \u2714 Jednoduch\u0161ie balenie \u2013&hellip;","_links":{"self":[{"href":"https:\/\/dodo-inflatables.com\/sk\/wp-json\/wp\/v2\/product\/105702","targetHints":{"allow":["GET"]}}],"collection":[{"href":"https:\/\/dodo-inflatables.com\/sk\/wp-json\/wp\/v2\/product"}],"about":[{"href":"https:\/\/dodo-inflatables.com\/sk\/wp-json\/wp\/v2\/types\/product"}],"replies":[{"embeddable":true,"href":"https:\/\/dodo-inflatables.com\/sk\/wp-json\/wp\/v2\/comments?post=105702"}],"wp:featuredmedia":[{"embeddable":true,"href":"https:\/\/dodo-inflatables.com\/sk\/wp-json\/wp\/v2\/media\/105701"}],"wp:attachment":[{"href":"https:\/\/dodo-inflatables.com\/sk\/wp-json\/wp\/v2\/media?parent=105702"}],"wp:term":[{"taxonomy":"product_brand","embeddable":true,"href":"https:\/\/dodo-inflatables.com\/sk\/wp-json\/wp\/v2\/product_brand?post=105702"},{"taxonomy":"product_cat","embeddable":true,"href":"https:\/\/dodo-inflatables.com\/sk\/wp-json\/wp\/v2\/product_cat?post=105702"},{"taxonomy":"product_tag","embeddable":true,"href":"https:\/\/dodo-inflatables.com\/sk\/wp-json\/wp\/v2\/product_tag?post=105702"}],"curies":[{"name":"wp","href":"https:\/\/api.w.org\/{rel}","templated":true}]}}