{"id":105949,"date":"2026-04-04T13:54:45","date_gmt":"2026-04-04T11:54:45","guid":{"rendered":"https:\/\/dodo-inflatables.com\/dodo-relaunch?product=tlmic-kryt-ventilatora-pre-skakacie-hrady"},"modified":"2026-04-04T13:54:45","modified_gmt":"2026-04-04T11:54:45","slug":"tlmic-kryt-ventilatora-pre-skakacie-hrady","status":"publish","type":"product","link":"https:\/\/dodo-inflatables.com\/sk\/produkt\/tlmic-kryt-ventilatora-pre-skakacie-hrady\/","title":{"rendered":"Tlmi\u010d \/ kryt ventil\u00e1tora pre sk\u00e1kacie hrady"},"content":{"rendered":"<h1>K\u00fapi\u0165 tlmi\u010d \/ kryt ventil\u00e1tora pre sk\u00e1kacie hrady<\/h1>\n<p>Kryt ventil\u00e1tora Huawei je praktick\u00e9 rie\u0161enie na zn\u00ed\u017eenie hluku a bezpe\u010dn\u00e9 zakrytie ventil\u00e1torov sk\u00e1kac\u00edch hradov. Bol \u0161peci\u00e1lne vyvinut\u00fd pre profesion\u00e1lne pou\u017eitie a sp\u013a\u0148a po\u017eiadavky DIN EN 14960-1:2019.<br \/>\nOkrem zn\u00ed\u017eenia prev\u00e1dzkov\u00e9ho hluku kryt ventil\u00e1tora predov\u0161etk\u00fdm zabezpe\u010duje jasn\u00e9 oddelenie medzi hernou z\u00f3nou a technickou z\u00f3nou, \u010d\u00edm zvy\u0161uje bezpe\u010dnos\u0165 pri in\u0161tal\u00e1ci\u00e1ch vo verejnom a komer\u010dnom prostred\u00ed.<br \/>\n<strong>V\u00e4\u010d\u0161ia bezpe\u010dnos\u0165 po\u010das prev\u00e1dzky:<\/strong><br \/>\nKryt ventil\u00e1tora fyzicky obmedzuje priamy pr\u00edstup k ventil\u00e1toru. Pohybliv\u00e9 \u010dasti s\u00fa chr\u00e1nen\u00e9 a nedostupn\u00e9 pre deti, \u010do je d\u00f4le\u017eit\u00fd faktor pri bezpe\u010dnostn\u00fdch kontrol\u00e1ch a kontrol\u00e1ch zhody.<br \/>\n<strong>Zn\u00ed\u017eenie hluku:<\/strong><br \/>\nV\u010faka polstrovan\u00e9mu, uzavret\u00e9mu dizajnu je prev\u00e1dzkov\u00fd hluk ventil\u00e1tora znate\u013ene zn\u00ed\u017een\u00fd. Ide\u00e1lny pre pou\u017eitie v obytn\u00fdch oblastiach, centr\u00e1ch miest alebo in\u00fdch prostred\u00ed citliv\u00fdch na hluk.<br \/>\n<strong>V s\u00falade s EN 14960:<\/strong><br \/>\nKryt ventil\u00e1tora sp\u013a\u0148a k\u013e\u00fa\u010dov\u00e9 po\u017eiadavky eur\u00f3pskej normy EN 14960-1:2019, vr\u00e1tane: udr\u017eania ventil\u00e1torov nedostupn\u00fdch pre deti, ochrany pohybliv\u00fdch \u010dast\u00ed a zabezpe\u010denia jasn\u00e9ho oddelenia medzi hernou z\u00f3nou a technickou z\u00f3nou.<br \/>\n<strong>Robustn\u00fd a odoln\u00fd vo\u010di poveternostn\u00fdm vplyvom:<\/strong><br \/>\nKryt je ohnivzdorn\u00fd a vodonepriepustn\u00fd a je ur\u010den\u00fd pre intenz\u00edvne profesion\u00e1lne pou\u017eitie. Poskytuje tie\u017e dodato\u010dn\u00fa ochranu ventil\u00e1tora pred vonkaj\u0161\u00edmi vplyvmi.<br \/>\n<strong>Jednoduch\u00e1 in\u0161tal\u00e1cia:<\/strong><br \/>\nKryt ventil\u00e1tora mo\u017eno r\u00fdchlo nasadi\u0165 a zlo\u017ei\u0165. To u\u013eah\u010duje \u00fadr\u017ebu, vizu\u00e1lne kontroly a in\u0161pekcie.<\/p>\n<h3>Podrobnosti o tlumi\u010di \/ kryte ventil\u00e1tora<\/h3>\n<ul>\n<li class=\"p1\">Rozmery (D \u00d7 \u0160 \u00d7 V): cca 50 \u00d7 63 \u00d7 54 cm<\/li>\n<li class=\"p1\">Hmotnos\u0165: cca 2,4 kg<\/li>\n<li class=\"p1\">Rozmery v zabalenom stave: cca 50 \u00d7 100 \u00d7 15 cm<\/li>\n<\/ul>\n","protected":false},"excerpt":{"rendered":"<ul>\n<li class=\"p1\">Rozmery (D \u00d7 \u0160 \u00d7 V): cca 50 \u00d7 63 \u00d7 54 cm<\/li>\n<li class=\"p1\">Hmotnos\u0165: cca 2,4 kg<\/li>\n<li class=\"p1\">Rozmery v zabalenom stave: cca 50 \u00d7 100 \u00d7 15 cm<\/li>\n<\/ul>\n","protected":false},"featured_media":105944,"comment_status":"open","ping_status":"closed","template":"","meta":{"_acf_changed":false,"_uag_custom_page_level_css":"","site-sidebar-layout":"default","site-content-layout":"boxed-container","ast-site-content-layout":"normal-width-container","site-content-style":"boxed","site-sidebar-style":"default","ast-global-header-display":"","ast-banner-title-visibility":"","ast-main-header-display":"","ast-hfb-above-header-display":"","ast-hfb-below-header-display":"","ast-hfb-mobile-header-display":"","site-post-title":"disabled","ast-breadcrumbs-content":"","ast-featured-img":"","footer-sml-layout":"","ast-disable-related-posts":"","theme-transparent-header-meta":"default","adv-header-id-meta":"","stick-header-meta":"default","header-above-stick-meta":"","header-main-stick-meta":"","header-below-stick-meta":"","astra-migrate-meta-layouts":"default","ast-page-background-enabled":"default","ast-page-background-meta":{"desktop":{"background-color":"var(--ast-global-color-4)","background-image":"","background-repeat":"repeat","background-position":"center center","background-size":"auto","background-attachment":"scroll","background-type":"","background-media":"","overlay-type":"","overlay-color":"","overlay-opacity":"","overlay-gradient":""},"tablet":{"background-color":"","background-image":"","background-repeat":"repeat","background-position":"center center","background-size":"auto","background-attachment":"scroll","background-type":"","background-media":"","overlay-type":"","overlay-color":"","overlay-opacity":"","overlay-gradient":""},"mobile":{"background-color":"","background-image":"","background-repeat":"repeat","background-position":"center center","background-size":"auto","background-attachment":"scroll","background-type":"","background-media":"","overlay-type":"","overlay-color":"","overlay-opacity":"","overlay-gradient":""}},"ast-content-background-meta":{"desktop":{"background-color":"var(--ast-global-color-5)","background-image":"","background-repeat":"repeat","background-position":"center center","background-size":"auto","background-attachment":"scroll","background-type":"","background-media":"","overlay-type":"","overlay-color":"","overlay-opacity":"","overlay-gradient":""},"tablet":{"background-color":"var(--ast-global-color-5)","background-image":"","background-repeat":"repeat","background-position":"center center","background-size":"auto","background-attachment":"scroll","background-type":"","background-media":"","overlay-type":"","overlay-color":"","overlay-opacity":"","overlay-gradient":""},"mobile":{"background-color":"var(--ast-global-color-5)","background-image":"","background-repeat":"repeat","background-position":"center center","background-size":"auto","background-attachment":"scroll","background-type":"","background-media":"","overlay-type":"","overlay-color":"","overlay-opacity":"","overlay-gradient":""}}},"product_brand":[],"product_cat":[1138],"product_tag":[],"class_list":{"0":"post-105949","1":"product","2":"type-product","3":"status-publish","4":"has-post-thumbnail","6":"product_cat-prislusenstvo","7":"product_shipping_class-zubehor-sk","8":"desktop-align-center","9":"tablet-align-center","10":"mobile-align-center","11":"ast-product-gallery-layout-horizontal","12":"ast-product-tabs-layout-horizontal","14":"first","15":"instock","16":"taxable","17":"shipping-taxable","18":"purchasable","19":"product-type-simple"},"acf":[],"yoast_head":"<!-- This site is optimized with the Yoast SEO plugin v27.5 - https:\/\/yoast.com\/product\/yoast-seo-wordpress\/ -->\n<title>Tlmi\u010d \/ kryt ventil\u00e1tora pre sk\u00e1kacie hrady | Dodo Inflatables<\/title>\n<meta name=\"description\" content=\"Tlmi\u010d \/ kryt ventil\u00e1tora pre sk\u00e1kacie hrady \u2013 v s\u00falade s EN 14960-1:2019, ohnivzdorn\u00fd a vodonepriepustn\u00fd, zni\u017euje hluk. Rozmery cca 50 \u00d7 63 \u00d7 54 cm, hmotnos\u0165 cca 2,4 kg.\" \/>\n<meta name=\"robots\" content=\"index, follow, max-snippet:-1, max-image-preview:large, max-video-preview:-1\" \/>\n<link rel=\"canonical\" href=\"https:\/\/dodo-inflatables.com\/sk\/produkt\/tlmic-kryt-ventilatora-pre-skakacie-hrady\/\" \/>\n<meta name=\"twitter:label1\" content=\"Predpokladan\u00fd \u010das \u010d\u00edtania\" \/>\n\t<meta name=\"twitter:data1\" content=\"2 min\u00faty\" \/>\n<script type=\"application\/ld+json\" class=\"yoast-schema-graph\">{\"@context\":\"https:\\\/\\\/schema.org\",\"@graph\":[{\"@type\":\"WebPage\",\"@id\":\"https:\\\/\\\/dodo-inflatables.com\\\/sk\\\/produkt\\\/tlmic-kryt-ventilatora-pre-skakacie-hrady\\\/\",\"url\":\"https:\\\/\\\/dodo-inflatables.com\\\/sk\\\/produkt\\\/tlmic-kryt-ventilatora-pre-skakacie-hrady\\\/\",\"name\":\"Tlmi\u010d \\\/ kryt ventil\u00e1tora pre sk\u00e1kacie hrady | Dodo Inflatables\",\"isPartOf\":{\"@id\":\"https:\\\/\\\/dodo-inflatables.com\\\/sk\\\/#website\"},\"primaryImageOfPage\":{\"@id\":\"https:\\\/\\\/dodo-inflatables.com\\\/sk\\\/produkt\\\/tlmic-kryt-ventilatora-pre-skakacie-hrady\\\/#primaryimage\"},\"image\":{\"@id\":\"https:\\\/\\\/dodo-inflatables.com\\\/sk\\\/produkt\\\/tlmic-kryt-ventilatora-pre-skakacie-hrady\\\/#primaryimage\"},\"thumbnailUrl\":\"https:\\\/\\\/dodo-inflatables.com\\\/wp-content\\\/uploads\\\/2026\\\/04\\\/Huawei-Schalldaemper-Blower-Cover-Huepfburgen-Geblaese-1.jpg\",\"datePublished\":\"2026-04-04T11:54:45+00:00\",\"description\":\"Tlmi\u010d \\\/ kryt ventil\u00e1tora pre sk\u00e1kacie hrady \u2013 v s\u00falade s EN 14960-1:2019, ohnivzdorn\u00fd a vodonepriepustn\u00fd, zni\u017euje hluk. Rozmery cca 50 \u00d7 63 \u00d7 54 cm, hmotnos\u0165 cca 2,4 kg.\",\"breadcrumb\":{\"@id\":\"https:\\\/\\\/dodo-inflatables.com\\\/sk\\\/produkt\\\/tlmic-kryt-ventilatora-pre-skakacie-hrady\\\/#breadcrumb\"},\"inLanguage\":\"sk-SK\",\"potentialAction\":[{\"@type\":\"ReadAction\",\"target\":[\"https:\\\/\\\/dodo-inflatables.com\\\/sk\\\/produkt\\\/tlmic-kryt-ventilatora-pre-skakacie-hrady\\\/\"]}]},{\"@type\":\"ImageObject\",\"inLanguage\":\"sk-SK\",\"@id\":\"https:\\\/\\\/dodo-inflatables.com\\\/sk\\\/produkt\\\/tlmic-kryt-ventilatora-pre-skakacie-hrady\\\/#primaryimage\",\"url\":\"https:\\\/\\\/dodo-inflatables.com\\\/wp-content\\\/uploads\\\/2026\\\/04\\\/Huawei-Schalldaemper-Blower-Cover-Huepfburgen-Geblaese-1.jpg\",\"contentUrl\":\"https:\\\/\\\/dodo-inflatables.com\\\/wp-content\\\/uploads\\\/2026\\\/04\\\/Huawei-Schalldaemper-Blower-Cover-Huepfburgen-Geblaese-1.jpg\",\"width\":700,\"height\":700,\"caption\":\"Tlmi\u010d \\\/ kryt ventil\u00e1tora pre sk\u00e1kacie hrady | Dodo Inflatables\"},{\"@type\":\"BreadcrumbList\",\"@id\":\"https:\\\/\\\/dodo-inflatables.com\\\/sk\\\/produkt\\\/tlmic-kryt-ventilatora-pre-skakacie-hrady\\\/#breadcrumb\",\"itemListElement\":[{\"@type\":\"ListItem\",\"position\":1,\"name\":\"Domovsk\u00e1 str\u00e1nka\",\"item\":\"https:\\\/\\\/dodo-inflatables.com\\\/sk\\\/\"},{\"@type\":\"ListItem\",\"position\":2,\"name\":\"Obchod\",\"item\":\"https:\\\/\\\/dodo-inflatables.com\\\/sk\\\/obchod\\\/\"},{\"@type\":\"ListItem\",\"position\":3,\"name\":\"Tlmi\u010d \\\/ kryt ventil\u00e1tora pre sk\u00e1kacie hrady\"}]},{\"@type\":\"WebSite\",\"@id\":\"https:\\\/\\\/dodo-inflatables.com\\\/sk\\\/#website\",\"url\":\"https:\\\/\\\/dodo-inflatables.com\\\/sk\\\/\",\"name\":\"dodo-inflatables.com\",\"description\":\"Nakupujte sk\u00e1kacie hrady a atrakcie v na\u0161om obchode.\",\"potentialAction\":[{\"@type\":\"SearchAction\",\"target\":{\"@type\":\"EntryPoint\",\"urlTemplate\":\"https:\\\/\\\/dodo-inflatables.com\\\/sk\\\/?s={search_term_string}\"},\"query-input\":{\"@type\":\"PropertyValueSpecification\",\"valueRequired\":true,\"valueName\":\"search_term_string\"}}],\"inLanguage\":\"sk-SK\"}]}<\/script>\n<!-- \/ Yoast SEO plugin. -->","yoast_head_json":{"title":"Tlmi\u010d \/ kryt ventil\u00e1tora pre sk\u00e1kacie hrady | Dodo Inflatables","description":"Tlmi\u010d \/ kryt ventil\u00e1tora pre sk\u00e1kacie hrady \u2013 v s\u00falade s EN 14960-1:2019, ohnivzdorn\u00fd a vodonepriepustn\u00fd, zni\u017euje hluk. Rozmery cca 50 \u00d7 63 \u00d7 54 cm, hmotnos\u0165 cca 2,4 kg.","robots":{"index":"index","follow":"follow","max-snippet":"max-snippet:-1","max-image-preview":"max-image-preview:large","max-video-preview":"max-video-preview:-1"},"canonical":"https:\/\/dodo-inflatables.com\/sk\/produkt\/tlmic-kryt-ventilatora-pre-skakacie-hrady\/","twitter_misc":{"Predpokladan\u00fd \u010das \u010d\u00edtania":"2 min\u00faty"},"schema":{"@context":"https:\/\/schema.org","@graph":[{"@type":"WebPage","@id":"https:\/\/dodo-inflatables.com\/sk\/produkt\/tlmic-kryt-ventilatora-pre-skakacie-hrady\/","url":"https:\/\/dodo-inflatables.com\/sk\/produkt\/tlmic-kryt-ventilatora-pre-skakacie-hrady\/","name":"Tlmi\u010d \/ kryt ventil\u00e1tora pre sk\u00e1kacie hrady | Dodo Inflatables","isPartOf":{"@id":"https:\/\/dodo-inflatables.com\/sk\/#website"},"primaryImageOfPage":{"@id":"https:\/\/dodo-inflatables.com\/sk\/produkt\/tlmic-kryt-ventilatora-pre-skakacie-hrady\/#primaryimage"},"image":{"@id":"https:\/\/dodo-inflatables.com\/sk\/produkt\/tlmic-kryt-ventilatora-pre-skakacie-hrady\/#primaryimage"},"thumbnailUrl":"https:\/\/dodo-inflatables.com\/wp-content\/uploads\/2026\/04\/Huawei-Schalldaemper-Blower-Cover-Huepfburgen-Geblaese-1.jpg","datePublished":"2026-04-04T11:54:45+00:00","description":"Tlmi\u010d \/ kryt ventil\u00e1tora pre sk\u00e1kacie hrady \u2013 v s\u00falade s EN 14960-1:2019, ohnivzdorn\u00fd a vodonepriepustn\u00fd, zni\u017euje hluk. Rozmery cca 50 \u00d7 63 \u00d7 54 cm, hmotnos\u0165 cca 2,4 kg.","breadcrumb":{"@id":"https:\/\/dodo-inflatables.com\/sk\/produkt\/tlmic-kryt-ventilatora-pre-skakacie-hrady\/#breadcrumb"},"inLanguage":"sk-SK","potentialAction":[{"@type":"ReadAction","target":["https:\/\/dodo-inflatables.com\/sk\/produkt\/tlmic-kryt-ventilatora-pre-skakacie-hrady\/"]}]},{"@type":"ImageObject","inLanguage":"sk-SK","@id":"https:\/\/dodo-inflatables.com\/sk\/produkt\/tlmic-kryt-ventilatora-pre-skakacie-hrady\/#primaryimage","url":"https:\/\/dodo-inflatables.com\/wp-content\/uploads\/2026\/04\/Huawei-Schalldaemper-Blower-Cover-Huepfburgen-Geblaese-1.jpg","contentUrl":"https:\/\/dodo-inflatables.com\/wp-content\/uploads\/2026\/04\/Huawei-Schalldaemper-Blower-Cover-Huepfburgen-Geblaese-1.jpg","width":700,"height":700,"caption":"Tlmi\u010d \/ kryt ventil\u00e1tora pre sk\u00e1kacie hrady | Dodo Inflatables"},{"@type":"BreadcrumbList","@id":"https:\/\/dodo-inflatables.com\/sk\/produkt\/tlmic-kryt-ventilatora-pre-skakacie-hrady\/#breadcrumb","itemListElement":[{"@type":"ListItem","position":1,"name":"Domovsk\u00e1 str\u00e1nka","item":"https:\/\/dodo-inflatables.com\/sk\/"},{"@type":"ListItem","position":2,"name":"Obchod","item":"https:\/\/dodo-inflatables.com\/sk\/obchod\/"},{"@type":"ListItem","position":3,"name":"Tlmi\u010d \/ kryt ventil\u00e1tora pre sk\u00e1kacie hrady"}]},{"@type":"WebSite","@id":"https:\/\/dodo-inflatables.com\/sk\/#website","url":"https:\/\/dodo-inflatables.com\/sk\/","name":"dodo-inflatables.com","description":"Nakupujte sk\u00e1kacie hrady a atrakcie v na\u0161om obchode.","potentialAction":[{"@type":"SearchAction","target":{"@type":"EntryPoint","urlTemplate":"https:\/\/dodo-inflatables.com\/sk\/?s={search_term_string}"},"query-input":{"@type":"PropertyValueSpecification","valueRequired":true,"valueName":"search_term_string"}}],"inLanguage":"sk-SK"}]}},"uagb_featured_image_src":{"full":["https:\/\/dodo-inflatables.com\/wp-content\/uploads\/2026\/04\/Huawei-Schalldaemper-Blower-Cover-Huepfburgen-Geblaese-1.jpg",700,700,false],"thumbnail":["https:\/\/dodo-inflatables.com\/wp-content\/uploads\/2026\/04\/Huawei-Schalldaemper-Blower-Cover-Huepfburgen-Geblaese-1-150x150.jpg",150,150,true],"medium":["https:\/\/dodo-inflatables.com\/wp-content\/uploads\/2026\/04\/Huawei-Schalldaemper-Blower-Cover-Huepfburgen-Geblaese-1-300x300.jpg",300,300,true],"medium_large":["https:\/\/dodo-inflatables.com\/wp-content\/uploads\/2026\/04\/Huawei-Schalldaemper-Blower-Cover-Huepfburgen-Geblaese-1.jpg",700,700,false],"large":["https:\/\/dodo-inflatables.com\/wp-content\/uploads\/2026\/04\/Huawei-Schalldaemper-Blower-Cover-Huepfburgen-Geblaese-1.jpg",700,700,false],"1536x1536":["https:\/\/dodo-inflatables.com\/wp-content\/uploads\/2026\/04\/Huawei-Schalldaemper-Blower-Cover-Huepfburgen-Geblaese-1.jpg",700,700,false],"2048x2048":["https:\/\/dodo-inflatables.com\/wp-content\/uploads\/2026\/04\/Huawei-Schalldaemper-Blower-Cover-Huepfburgen-Geblaese-1.jpg",700,700,false],"woocommerce_thumbnail":["https:\/\/dodo-inflatables.com\/wp-content\/uploads\/2026\/04\/Huawei-Schalldaemper-Blower-Cover-Huepfburgen-Geblaese-1.jpg",700,700,false],"woocommerce_single":["https:\/\/dodo-inflatables.com\/wp-content\/uploads\/2026\/04\/Huawei-Schalldaemper-Blower-Cover-Huepfburgen-Geblaese-1.jpg",700,700,false],"woocommerce_gallery_thumbnail":["https:\/\/dodo-inflatables.com\/wp-content\/uploads\/2026\/04\/Huawei-Schalldaemper-Blower-Cover-Huepfburgen-Geblaese-1-100x100.jpg",100,100,true]},"uagb_author_info":{"display_name":"Andreas","author_link":"https:\/\/dodo-inflatables.com\/sk\/author\/"},"uagb_comment_info":0,"uagb_excerpt":"Rozmery (D \u00d7 \u0160 \u00d7 V): cca 50 \u00d7 63 \u00d7 54 cm Hmotnos\u0165: cca 2,4 kg Rozmery v zabalenom stave: cca 50 \u00d7 100 \u00d7 15 cm","_links":{"self":[{"href":"https:\/\/dodo-inflatables.com\/sk\/wp-json\/wp\/v2\/product\/105949","targetHints":{"allow":["GET"]}}],"collection":[{"href":"https:\/\/dodo-inflatables.com\/sk\/wp-json\/wp\/v2\/product"}],"about":[{"href":"https:\/\/dodo-inflatables.com\/sk\/wp-json\/wp\/v2\/types\/product"}],"replies":[{"embeddable":true,"href":"https:\/\/dodo-inflatables.com\/sk\/wp-json\/wp\/v2\/comments?post=105949"}],"wp:featuredmedia":[{"embeddable":true,"href":"https:\/\/dodo-inflatables.com\/sk\/wp-json\/wp\/v2\/media\/105944"}],"wp:attachment":[{"href":"https:\/\/dodo-inflatables.com\/sk\/wp-json\/wp\/v2\/media?parent=105949"}],"wp:term":[{"taxonomy":"product_brand","embeddable":true,"href":"https:\/\/dodo-inflatables.com\/sk\/wp-json\/wp\/v2\/product_brand?post=105949"},{"taxonomy":"product_cat","embeddable":true,"href":"https:\/\/dodo-inflatables.com\/sk\/wp-json\/wp\/v2\/product_cat?post=105949"},{"taxonomy":"product_tag","embeddable":true,"href":"https:\/\/dodo-inflatables.com\/sk\/wp-json\/wp\/v2\/product_tag?post=105949"}],"curies":[{"name":"wp","href":"https:\/\/api.w.org\/{rel}","templated":true}]}}