{"id":12902,"date":"2018-01-19T15:47:49","date_gmt":"2018-01-19T14:47:49","guid":{"rendered":"https:\/\/dodo-inflatables.com\/product\/futbalove-sipky\/"},"modified":"2026-02-04T15:43:26","modified_gmt":"2026-02-04T14:43:26","slug":"futbalove-sipky","status":"publish","type":"product","link":"https:\/\/dodo-inflatables.com\/sk\/produkt\/futbalove-sipky\/","title":{"rendered":"Futbalov\u00e9 \u0161\u00edpky"},"content":{"rendered":"<h2>K\u00fapi\u0165 nafukovacie futbalov\u00e9 \u0161\u00edpky<\/h2>\n<p>Futbalov\u00e9 \u0161\u00edpky s\u00fa najnov\u0161\u00edm trendom na podujatiach v Anglicku. Futbalov\u00e9 \u0161\u00edpky, zn\u00e1me aj ako futbalov\u00e9 \u0161\u00edpky alebo \u0161\u00edpky na nohy, sp\u00e1jaj\u00fa obvykl\u00e9 futbalov\u00e9 a \u0161\u00edpkarsk\u00e9 zru\u010dnosti a spo\u010d\u00edvaj\u00fa v stre\u013ebe lopti\u010dkami na such\u00fd zips proti obrovskej nafukovacej \u0161\u00edpke.<\/p>\n<p>Na\u0161a ve\u013ek\u00e1 nafukovacia futbalov\u00e1 hra so \u0161\u00edpkami je vysok\u00e1 4,5 metra, tak\u017ee zaujme na ka\u017edom futbalovom podujat\u00ed. Nechajte svojich priate\u013eov, host\u00ed, z\u00e1kazn\u00edkov, kolegov alebo rodinu s\u00fa\u0165a\u017ei\u0165 medzi sebou vo futbalov\u00fdch \u0161\u00edpkach a zistite, kto z v\u00e1s strie\u013ea najlep\u0161ie. Hr\u00e1\u010di maj\u00fa zvy\u010dajne tri pokusy na to, aby umiestnili lopti\u010dku \u010do najbli\u017e\u0161ie k ter\u010du alebo &#8222;nastrie\u013eali&#8220; ur\u010dit\u00fd po\u010det bodov. Fandi\u0165 v\u00e1m bud\u00fa nielen spoluhr\u00e1\u010di, ale aj div\u00e1ci, ktor\u00ed v\u00e1s bud\u00fa s nap\u00e4t\u00edm sledova\u0165.<\/p>\n<p>Futbalov\u00e9 \u0161\u00edpky sa daj\u00fa hra\u0165 na akomko\u013evek povrchu, na ktorom sa zvy\u010dajne hr\u00e1 futbal. Potrebn\u00e9 lopti\u010dky na such\u00fd zips sa dod\u00e1vaj\u00fa ako doplnok. S\u00fa vyroben\u00e9 zo \u0161peci\u00e1lneho such\u00e9ho zipsu, ktor\u00fd obzvl\u00e1\u0161\u0165 dobre pri\u013ene k such\u00e9mu zipsu nafukovacieho ter\u010da. Tieto \u0161peci\u00e1lne <a href=\"https:\/\/dodo-inflatables.com\/product\/velcro-football-for-football-darts\/\">lopty na such\u00fd zips<\/a> s\u00fa k dispoz\u00edcii aj samostatne v kateg\u00f3rii <a href=\"https:\/\/dodo-inflatables.com\/product-category\/accessories\/\">pr\u00edslu\u0161enstva<\/a>.<\/p>\n<p>&nbsp;<\/p>\n<h4>Podrobnosti o nafukovacej futbalovej strele<\/h4>\n<ul>\n<li>Rozmery (d x \u0161 x v): 4,50 m x 6,20 m x 4,50 m *<\/li>\n<li>Hmotnos\u0165: cca. 95 kg *<\/li>\n<li>Rozmer balenia: 100 x 70 x 70 cm *<\/li>\n<li>\u010cas mont\u00e1\u017ee: 10 min\u00fat<\/li>\n<li>Materi\u00e1l: 0,55 mm PVC a such\u00fd zips<\/li>\n<li>Vymenite\u013en\u00e1 doska na \u0161\u00edpky so such\u00fdm zipsom<\/li>\n<li>Zips s krytom na such\u00fd zips, zosilnen\u00e9 rohy, vysokokvalitn\u00fd such\u00fd zips<\/li>\n<li>Lano na odstra\u0148ovanie gu\u013e\u00f4\u010dok<\/li>\n<\/ul>\n<p>Zahrnut\u00e9 v rozsahu dod\u00e1vky: Futbalov\u00e1 \u0161ipka a tri futbalov\u00e9 lopty s kvalitn\u00fdm krytom na such\u00fd zips<\/p>\n<p>D\u00fachadlo a plech nie s\u00fa s\u00fa\u010das\u0165ou dod\u00e1vky. Tie n\u00e1jdete v kateg\u00f3rii pr\u00edslu\u0161enstvo.<\/p>\n<p>V\u0161etky na\u0161e sk\u00e1kacie hrady a nafukovacie atrakcie s\u00fa profesion\u00e1lne moduly, ktor\u00e9 s\u00fa vhodn\u00e9 na profesion\u00e1lny pren\u00e1jom a pou\u017eitie v parkoch pre vo\u013en\u00fd \u010das, na kryt\u00fdch ihrisk\u00e1ch a podobne.<\/p>\n<p><strong>D\u00f4le\u017eit\u00e9 prev\u00e1dzkov\u00e9 pokyny<\/strong><\/p>\n<p>Ventil\u00e1tor (nie je s\u00fa\u010das\u0165ou dod\u00e1vky) mus\u00ed po\u010das pou\u017e\u00edvania be\u017ea\u0165 nepretr\u017eite.<br \/>\nMierny \u00fanik vzduchu cez otvory vo \u0161v\u00edkoch je norm\u00e1lny.<\/p>\n<p>* Hmotnos\u0165 a rozmery s\u00fa pribli\u017en\u00e9 a m\u00f4\u017eu sa mierne l\u00ed\u0161i\u0165<\/p>\n","protected":false},"excerpt":{"rendered":"<p><i class=\"fa fa-arrows-alt\"><\/i>  Rozmery (d x \u0161 x v): 4,50 m x 6,20 m x 4,50 m *<br \/>\n<i class=\"fa fa-plus\"><\/i>  Obsahuje tri futbalov\u00e9 lopti\u010dky s krytom na such\u00fd zips, vymenite\u013en\u00e9 \u0161ipky na such\u00fd zips<i class=\"fa fa-check\"><\/i> Profesion\u00e1lny modul &#8211; vhodn\u00fd na komer\u010dn\u00e9 a s\u00fakromn\u00e9 pou\u017eitie<\/p>\n<p><i class=\"fa fa-square\"><\/i>  PVC (0,55 mm \/ 621,3 g\/m2) a such\u00fd zips<br \/>\n<i class=\"fa fa-align-justify\"><\/i>  2 &#8211; 4-n\u00e1sobn\u00e9 pre\u0161itie (v z\u00e1vislosti od za\u0165a\u017eenia)<br \/>\n<i class=\"fa fa-fire\"><\/i>  Spoma\u013eova\u010d horenia<br \/>\n<i class=\"fas fa-edit\"><\/i>  Vr\u00e1tane. individu\u00e1lne s\u00e9riov\u00e9 \u010d\u00edslo<\/p>\n","protected":false},"featured_media":12910,"comment_status":"open","ping_status":"closed","template":"","meta":{"_acf_changed":false,"_uag_custom_page_level_css":"","site-sidebar-layout":"default","site-content-layout":"boxed-container","ast-site-content-layout":"normal-width-container","site-content-style":"boxed","site-sidebar-style":"boxed","ast-global-header-display":"","ast-banner-title-visibility":"","ast-main-header-display":"","ast-hfb-above-header-display":"","ast-hfb-below-header-display":"","ast-hfb-mobile-header-display":"","site-post-title":"disabled","ast-breadcrumbs-content":"","ast-featured-img":"","footer-sml-layout":"","ast-disable-related-posts":"","theme-transparent-header-meta":"default","adv-header-id-meta":"","stick-header-meta":"default","header-above-stick-meta":"","header-main-stick-meta":"","header-below-stick-meta":"","astra-migrate-meta-layouts":"default","ast-page-background-enabled":"default","ast-page-background-meta":{"desktop":{"background-color":"var(--ast-global-color-4)","background-image":"","background-repeat":"repeat","background-position":"center center","background-size":"auto","background-attachment":"scroll","background-type":"","background-media":"","overlay-type":"","overlay-color":"","overlay-opacity":"","overlay-gradient":""},"tablet":{"background-color":"","background-image":"","background-repeat":"repeat","background-position":"center center","background-size":"auto","background-attachment":"scroll","background-type":"","background-media":"","overlay-type":"","overlay-color":"","overlay-opacity":"","overlay-gradient":""},"mobile":{"background-color":"","background-image":"","background-repeat":"repeat","background-position":"center center","background-size":"auto","background-attachment":"scroll","background-type":"","background-media":"","overlay-type":"","overlay-color":"","overlay-opacity":"","overlay-gradient":""}},"ast-content-background-meta":{"desktop":{"background-color":"var(--ast-global-color-5)","background-image":"","background-repeat":"repeat","background-position":"center center","background-size":"auto","background-attachment":"scroll","background-type":"","background-media":"","overlay-type":"","overlay-color":"","overlay-opacity":"","overlay-gradient":""},"tablet":{"background-color":"var(--ast-global-color-5)","background-image":"","background-repeat":"repeat","background-position":"center center","background-size":"auto","background-attachment":"scroll","background-type":"","background-media":"","overlay-type":"","overlay-color":"","overlay-opacity":"","overlay-gradient":""},"mobile":{"background-color":"var(--ast-global-color-5)","background-image":"","background-repeat":"repeat","background-position":"center center","background-size":"auto","background-attachment":"scroll","background-type":"","background-media":"","overlay-type":"","overlay-color":"","overlay-opacity":"","overlay-gradient":""}}},"product_brand":[],"product_cat":[1281],"product_tag":[],"class_list":{"0":"post-12902","1":"product","2":"type-product","3":"status-publish","4":"has-post-thumbnail","6":"product_cat-atrakcie","7":"product_shipping_class-spedition-hupfburg-sk","8":"pa_gtin-0669145336841-sk","9":"desktop-align-center","10":"tablet-align-center","11":"mobile-align-center","12":"ast-product-gallery-layout-horizontal","13":"ast-product-tabs-layout-horizontal","15":"first","16":"instock","17":"taxable","18":"shipping-taxable","19":"purchasable","20":"product-type-simple"},"acf":[],"yoast_head":"<!-- This site is optimized with the Yoast SEO plugin v27.3 - https:\/\/yoast.com\/product\/yoast-seo-wordpress\/ -->\n<title>K\u00fapi\u0165 nafukovacie futbalov\u00e9 \u0161\u00edpky | Dodo-Inflatables.com<\/title>\n<meta name=\"description\" content=\"K\u00fapte si nafukovac\u00ed futbal Soccerdart na dodo-inflatables.com! | F\u00e9rov\u00e9 ceny | V\u017edy na sklade | R\u00fdchle odoslanie!\" \/>\n<meta name=\"robots\" content=\"index, follow, max-snippet:-1, max-image-preview:large, max-video-preview:-1\" \/>\n<link rel=\"canonical\" href=\"https:\/\/dodo-inflatables.com\/sk\/produkt\/futbalove-sipky\/\" \/>\n<meta name=\"twitter:label1\" content=\"Predpokladan\u00fd \u010das \u010d\u00edtania\" \/>\n\t<meta name=\"twitter:data1\" content=\"2 min\u00faty\" \/>\n<script type=\"application\/ld+json\" class=\"yoast-schema-graph\">{\"@context\":\"https:\\\/\\\/schema.org\",\"@graph\":[{\"@type\":\"WebPage\",\"@id\":\"https:\\\/\\\/dodo-inflatables.com\\\/sk\\\/produkt\\\/futbalove-sipky\\\/\",\"url\":\"https:\\\/\\\/dodo-inflatables.com\\\/sk\\\/produkt\\\/futbalove-sipky\\\/\",\"name\":\"K\u00fapi\u0165 nafukovacie futbalov\u00e9 \u0161\u00edpky | Dodo-Inflatables.com\",\"isPartOf\":{\"@id\":\"https:\\\/\\\/dodo-inflatables.com\\\/sk\\\/#website\"},\"primaryImageOfPage\":{\"@id\":\"https:\\\/\\\/dodo-inflatables.com\\\/sk\\\/produkt\\\/futbalove-sipky\\\/#primaryimage\"},\"image\":{\"@id\":\"https:\\\/\\\/dodo-inflatables.com\\\/sk\\\/produkt\\\/futbalove-sipky\\\/#primaryimage\"},\"thumbnailUrl\":\"https:\\\/\\\/dodo-inflatables.com\\\/wp-content\\\/uploads\\\/2018\\\/01\\\/fussball-dart-neu-kaufen-1.png\",\"datePublished\":\"2018-01-19T14:47:49+00:00\",\"dateModified\":\"2026-02-04T14:43:26+00:00\",\"description\":\"K\u00fapte si nafukovac\u00ed futbal Soccerdart na dodo-inflatables.com! | F\u00e9rov\u00e9 ceny | V\u017edy na sklade | R\u00fdchle odoslanie!\",\"breadcrumb\":{\"@id\":\"https:\\\/\\\/dodo-inflatables.com\\\/sk\\\/produkt\\\/futbalove-sipky\\\/#breadcrumb\"},\"inLanguage\":\"sk-SK\",\"potentialAction\":[{\"@type\":\"ReadAction\",\"target\":[\"https:\\\/\\\/dodo-inflatables.com\\\/sk\\\/produkt\\\/futbalove-sipky\\\/\"]}]},{\"@type\":\"ImageObject\",\"inLanguage\":\"sk-SK\",\"@id\":\"https:\\\/\\\/dodo-inflatables.com\\\/sk\\\/produkt\\\/futbalove-sipky\\\/#primaryimage\",\"url\":\"https:\\\/\\\/dodo-inflatables.com\\\/wp-content\\\/uploads\\\/2018\\\/01\\\/fussball-dart-neu-kaufen-1.png\",\"contentUrl\":\"https:\\\/\\\/dodo-inflatables.com\\\/wp-content\\\/uploads\\\/2018\\\/01\\\/fussball-dart-neu-kaufen-1.png\",\"width\":500,\"height\":500},{\"@type\":\"BreadcrumbList\",\"@id\":\"https:\\\/\\\/dodo-inflatables.com\\\/sk\\\/produkt\\\/futbalove-sipky\\\/#breadcrumb\",\"itemListElement\":[{\"@type\":\"ListItem\",\"position\":1,\"name\":\"Domovsk\u00e1 str\u00e1nka\",\"item\":\"https:\\\/\\\/dodo-inflatables.com\\\/sk\\\/\"},{\"@type\":\"ListItem\",\"position\":2,\"name\":\"Obchod\",\"item\":\"https:\\\/\\\/dodo-inflatables.com\\\/sk\\\/obchod\\\/\"},{\"@type\":\"ListItem\",\"position\":3,\"name\":\"Futbalov\u00e9 \u0161\u00edpky\"}]},{\"@type\":\"WebSite\",\"@id\":\"https:\\\/\\\/dodo-inflatables.com\\\/sk\\\/#website\",\"url\":\"https:\\\/\\\/dodo-inflatables.com\\\/sk\\\/\",\"name\":\"dodo-inflatables.com\",\"description\":\"Nakupujte sk\u00e1kacie hrady a atrakcie v na\u0161om obchode.\",\"publisher\":{\"@id\":\"https:\\\/\\\/dodo-inflatables.com\\\/sk\\\/#organization\"},\"potentialAction\":[{\"@type\":\"SearchAction\",\"target\":{\"@type\":\"EntryPoint\",\"urlTemplate\":\"https:\\\/\\\/dodo-inflatables.com\\\/sk\\\/?s={search_term_string}\"},\"query-input\":{\"@type\":\"PropertyValueSpecification\",\"valueRequired\":true,\"valueName\":\"search_term_string\"}}],\"inLanguage\":\"sk-SK\"},{\"@type\":\"Organization\",\"@id\":\"https:\\\/\\\/dodo-inflatables.com\\\/sk\\\/#organization\",\"name\":\"dodo-inflatables.com\",\"url\":\"https:\\\/\\\/dodo-inflatables.com\\\/sk\\\/\",\"logo\":{\"@type\":\"ImageObject\",\"inLanguage\":\"sk-SK\",\"@id\":\"https:\\\/\\\/dodo-inflatables.com\\\/sk\\\/#\\\/schema\\\/logo\\\/image\\\/\",\"url\":\"https:\\\/\\\/dodo-inflatables.com\\\/wp-content\\\/uploads\\\/2023\\\/04\\\/cropped-cropped-cropped-Dodo-Logo.png\",\"contentUrl\":\"https:\\\/\\\/dodo-inflatables.com\\\/wp-content\\\/uploads\\\/2023\\\/04\\\/cropped-cropped-cropped-Dodo-Logo.png\",\"width\":2996,\"height\":1545,\"caption\":\"dodo-inflatables.com\"},\"image\":{\"@id\":\"https:\\\/\\\/dodo-inflatables.com\\\/sk\\\/#\\\/schema\\\/logo\\\/image\\\/\"}}]}<\/script>\n<!-- \/ Yoast SEO plugin. -->","yoast_head_json":{"title":"K\u00fapi\u0165 nafukovacie futbalov\u00e9 \u0161\u00edpky | Dodo-Inflatables.com","description":"K\u00fapte si nafukovac\u00ed futbal Soccerdart na dodo-inflatables.com! | F\u00e9rov\u00e9 ceny | V\u017edy na sklade | R\u00fdchle odoslanie!","robots":{"index":"index","follow":"follow","max-snippet":"max-snippet:-1","max-image-preview":"max-image-preview:large","max-video-preview":"max-video-preview:-1"},"canonical":"https:\/\/dodo-inflatables.com\/sk\/produkt\/futbalove-sipky\/","twitter_misc":{"Predpokladan\u00fd \u010das \u010d\u00edtania":"2 min\u00faty"},"schema":{"@context":"https:\/\/schema.org","@graph":[{"@type":"WebPage","@id":"https:\/\/dodo-inflatables.com\/sk\/produkt\/futbalove-sipky\/","url":"https:\/\/dodo-inflatables.com\/sk\/produkt\/futbalove-sipky\/","name":"K\u00fapi\u0165 nafukovacie futbalov\u00e9 \u0161\u00edpky | Dodo-Inflatables.com","isPartOf":{"@id":"https:\/\/dodo-inflatables.com\/sk\/#website"},"primaryImageOfPage":{"@id":"https:\/\/dodo-inflatables.com\/sk\/produkt\/futbalove-sipky\/#primaryimage"},"image":{"@id":"https:\/\/dodo-inflatables.com\/sk\/produkt\/futbalove-sipky\/#primaryimage"},"thumbnailUrl":"https:\/\/dodo-inflatables.com\/wp-content\/uploads\/2018\/01\/fussball-dart-neu-kaufen-1.png","datePublished":"2018-01-19T14:47:49+00:00","dateModified":"2026-02-04T14:43:26+00:00","description":"K\u00fapte si nafukovac\u00ed futbal Soccerdart na dodo-inflatables.com! | F\u00e9rov\u00e9 ceny | V\u017edy na sklade | R\u00fdchle odoslanie!","breadcrumb":{"@id":"https:\/\/dodo-inflatables.com\/sk\/produkt\/futbalove-sipky\/#breadcrumb"},"inLanguage":"sk-SK","potentialAction":[{"@type":"ReadAction","target":["https:\/\/dodo-inflatables.com\/sk\/produkt\/futbalove-sipky\/"]}]},{"@type":"ImageObject","inLanguage":"sk-SK","@id":"https:\/\/dodo-inflatables.com\/sk\/produkt\/futbalove-sipky\/#primaryimage","url":"https:\/\/dodo-inflatables.com\/wp-content\/uploads\/2018\/01\/fussball-dart-neu-kaufen-1.png","contentUrl":"https:\/\/dodo-inflatables.com\/wp-content\/uploads\/2018\/01\/fussball-dart-neu-kaufen-1.png","width":500,"height":500},{"@type":"BreadcrumbList","@id":"https:\/\/dodo-inflatables.com\/sk\/produkt\/futbalove-sipky\/#breadcrumb","itemListElement":[{"@type":"ListItem","position":1,"name":"Domovsk\u00e1 str\u00e1nka","item":"https:\/\/dodo-inflatables.com\/sk\/"},{"@type":"ListItem","position":2,"name":"Obchod","item":"https:\/\/dodo-inflatables.com\/sk\/obchod\/"},{"@type":"ListItem","position":3,"name":"Futbalov\u00e9 \u0161\u00edpky"}]},{"@type":"WebSite","@id":"https:\/\/dodo-inflatables.com\/sk\/#website","url":"https:\/\/dodo-inflatables.com\/sk\/","name":"dodo-inflatables.com","description":"Nakupujte sk\u00e1kacie hrady a atrakcie v na\u0161om obchode.","publisher":{"@id":"https:\/\/dodo-inflatables.com\/sk\/#organization"},"potentialAction":[{"@type":"SearchAction","target":{"@type":"EntryPoint","urlTemplate":"https:\/\/dodo-inflatables.com\/sk\/?s={search_term_string}"},"query-input":{"@type":"PropertyValueSpecification","valueRequired":true,"valueName":"search_term_string"}}],"inLanguage":"sk-SK"},{"@type":"Organization","@id":"https:\/\/dodo-inflatables.com\/sk\/#organization","name":"dodo-inflatables.com","url":"https:\/\/dodo-inflatables.com\/sk\/","logo":{"@type":"ImageObject","inLanguage":"sk-SK","@id":"https:\/\/dodo-inflatables.com\/sk\/#\/schema\/logo\/image\/","url":"https:\/\/dodo-inflatables.com\/wp-content\/uploads\/2023\/04\/cropped-cropped-cropped-Dodo-Logo.png","contentUrl":"https:\/\/dodo-inflatables.com\/wp-content\/uploads\/2023\/04\/cropped-cropped-cropped-Dodo-Logo.png","width":2996,"height":1545,"caption":"dodo-inflatables.com"},"image":{"@id":"https:\/\/dodo-inflatables.com\/sk\/#\/schema\/logo\/image\/"}}]}},"uagb_featured_image_src":{"full":["https:\/\/dodo-inflatables.com\/wp-content\/uploads\/2018\/01\/fussball-dart-neu-kaufen-1.png",500,500,false],"thumbnail":["https:\/\/dodo-inflatables.com\/wp-content\/uploads\/2018\/01\/fussball-dart-neu-kaufen-1-150x150.png",150,150,true],"medium":["https:\/\/dodo-inflatables.com\/wp-content\/uploads\/2018\/01\/fussball-dart-neu-kaufen-1-300x300.png",300,300,true],"medium_large":["https:\/\/dodo-inflatables.com\/wp-content\/uploads\/2018\/01\/fussball-dart-neu-kaufen-1.png",500,500,false],"large":["https:\/\/dodo-inflatables.com\/wp-content\/uploads\/2018\/01\/fussball-dart-neu-kaufen-1.png",500,500,false],"1536x1536":["https:\/\/dodo-inflatables.com\/wp-content\/uploads\/2018\/01\/fussball-dart-neu-kaufen-1.png",500,500,false],"2048x2048":["https:\/\/dodo-inflatables.com\/wp-content\/uploads\/2018\/01\/fussball-dart-neu-kaufen-1.png",500,500,false],"woocommerce_thumbnail":["https:\/\/dodo-inflatables.com\/wp-content\/uploads\/2018\/01\/fussball-dart-neu-kaufen-1.png",500,500,false],"woocommerce_single":["https:\/\/dodo-inflatables.com\/wp-content\/uploads\/2018\/01\/fussball-dart-neu-kaufen-1.png",500,500,false],"woocommerce_gallery_thumbnail":["https:\/\/dodo-inflatables.com\/wp-content\/uploads\/2018\/01\/fussball-dart-neu-kaufen-1-100x100.png",100,100,true]},"uagb_author_info":{"display_name":"Andreas","author_link":"https:\/\/dodo-inflatables.com\/sk\/author\/"},"uagb_comment_info":0,"uagb_excerpt":"Rozmery (d x \u0161 x v): 4,50 m x 6,20 m x 4,50 m * Obsahuje tri futbalov\u00e9 lopti\u010dky s krytom na such\u00fd zips, vymenite\u013en\u00e9 \u0161ipky na such\u00fd zips Profesion\u00e1lny modul - vhodn\u00fd na komer\u010dn\u00e9 a s\u00fakromn\u00e9 pou\u017eitie PVC (0,55 mm \/ 621,3 g\/m2) a such\u00fd zips 2 - 4-n\u00e1sobn\u00e9 pre\u0161itie (v z\u00e1vislosti od za\u0165a\u017eenia)&hellip;","_links":{"self":[{"href":"https:\/\/dodo-inflatables.com\/sk\/wp-json\/wp\/v2\/product\/12902","targetHints":{"allow":["GET"]}}],"collection":[{"href":"https:\/\/dodo-inflatables.com\/sk\/wp-json\/wp\/v2\/product"}],"about":[{"href":"https:\/\/dodo-inflatables.com\/sk\/wp-json\/wp\/v2\/types\/product"}],"replies":[{"embeddable":true,"href":"https:\/\/dodo-inflatables.com\/sk\/wp-json\/wp\/v2\/comments?post=12902"}],"wp:featuredmedia":[{"embeddable":true,"href":"https:\/\/dodo-inflatables.com\/sk\/wp-json\/wp\/v2\/media\/12910"}],"wp:attachment":[{"href":"https:\/\/dodo-inflatables.com\/sk\/wp-json\/wp\/v2\/media?parent=12902"}],"wp:term":[{"taxonomy":"product_brand","embeddable":true,"href":"https:\/\/dodo-inflatables.com\/sk\/wp-json\/wp\/v2\/product_brand?post=12902"},{"taxonomy":"product_cat","embeddable":true,"href":"https:\/\/dodo-inflatables.com\/sk\/wp-json\/wp\/v2\/product_cat?post=12902"},{"taxonomy":"product_tag","embeddable":true,"href":"https:\/\/dodo-inflatables.com\/sk\/wp-json\/wp\/v2\/product_tag?post=12902"}],"curies":[{"name":"wp","href":"https:\/\/api.w.org\/{rel}","templated":true}]}}