{"id":13041,"date":"2017-01-06T20:48:21","date_gmt":"2017-01-06T19:48:21","guid":{"rendered":"https:\/\/dodo-inflatables.com\/product\/vrece-s-pieskom-na-vazenie\/"},"modified":"2025-06-11T19:30:16","modified_gmt":"2025-06-11T17:30:16","slug":"vrece-s-pieskom-na-vazenie","status":"publish","type":"product","link":"https:\/\/dodo-inflatables.com\/sk\/produkt\/vrece-s-pieskom-na-vazenie\/","title":{"rendered":"Vrece s pieskom na v\u00e1\u017eenie"},"content":{"rendered":"<h2>K\u00fapa vreca s pieskom na za\u0165a\u017eenie nafukovac\u00edch zariaden\u00ed<\/h2>\n<p>Na\u0161e vrecia s pieskom s\u00fa skvel\u00fdm sp\u00f4sobom, ako za\u0165a\u017ei\u0165 nafukovacie moduly a sk\u00e1kacie hrady, ak sa kv\u00f4li podkladu nedaj\u00fa pou\u017ei\u0165 kol\u00edky. Vrecia s pieskom sta\u010d\u00ed vopred alebo na mieste naplni\u0165 pieskom alebo podobn\u00fdm materi\u00e1lom a pomocou D-kr\u00fa\u017ekov ich pripevni\u0165 k nafukovaciemu zariadeniu.<\/p>\n<h4>Podrobnosti o vreciach s pieskom<\/h4>\n<ul>\n<li>Rozmery (D x \u0160): pribli\u017ene. 50 cm x 50 cm<\/li>\n<\/ul>\n<p>Cena za vrece s pieskom.<\/p>\n","protected":false},"excerpt":{"rendered":"<ul>\n<li>Vrece s pieskom na za\u0165a\u017eenie nafukovac\u00edch zariaden\u00ed<\/li>\n<li>Profesion\u00e1lny modul &#8211; vhodn\u00fd na komer\u010dn\u00e9 a s\u00fakromn\u00e9 pou\u017eitie<\/li>\n<\/ul>\n","protected":false},"featured_media":13043,"comment_status":"open","ping_status":"closed","template":"","meta":{"_acf_changed":false,"_uag_custom_page_level_css":"","site-sidebar-layout":"default","site-content-layout":"boxed-container","ast-site-content-layout":"normal-width-container","site-content-style":"boxed","site-sidebar-style":"boxed","ast-global-header-display":"","ast-banner-title-visibility":"","ast-main-header-display":"","ast-hfb-above-header-display":"","ast-hfb-below-header-display":"","ast-hfb-mobile-header-display":"","site-post-title":"disabled","ast-breadcrumbs-content":"","ast-featured-img":"","footer-sml-layout":"","ast-disable-related-posts":"","theme-transparent-header-meta":"default","adv-header-id-meta":"","stick-header-meta":"default","header-above-stick-meta":"","header-main-stick-meta":"","header-below-stick-meta":"","astra-migrate-meta-layouts":"default","ast-page-background-enabled":"default","ast-page-background-meta":{"desktop":{"background-color":"var(--ast-global-color-4)","background-image":"","background-repeat":"repeat","background-position":"center center","background-size":"auto","background-attachment":"scroll","background-type":"","background-media":"","overlay-type":"","overlay-color":"","overlay-opacity":"","overlay-gradient":""},"tablet":{"background-color":"","background-image":"","background-repeat":"repeat","background-position":"center center","background-size":"auto","background-attachment":"scroll","background-type":"","background-media":"","overlay-type":"","overlay-color":"","overlay-opacity":"","overlay-gradient":""},"mobile":{"background-color":"","background-image":"","background-repeat":"repeat","background-position":"center center","background-size":"auto","background-attachment":"scroll","background-type":"","background-media":"","overlay-type":"","overlay-color":"","overlay-opacity":"","overlay-gradient":""}},"ast-content-background-meta":{"desktop":{"background-color":"var(--ast-global-color-5)","background-image":"","background-repeat":"repeat","background-position":"center center","background-size":"auto","background-attachment":"scroll","background-type":"","background-media":"","overlay-type":"","overlay-color":"","overlay-opacity":"","overlay-gradient":""},"tablet":{"background-color":"var(--ast-global-color-5)","background-image":"","background-repeat":"repeat","background-position":"center center","background-size":"auto","background-attachment":"scroll","background-type":"","background-media":"","overlay-type":"","overlay-color":"","overlay-opacity":"","overlay-gradient":""},"mobile":{"background-color":"var(--ast-global-color-5)","background-image":"","background-repeat":"repeat","background-position":"center center","background-size":"auto","background-attachment":"scroll","background-type":"","background-media":"","overlay-type":"","overlay-color":"","overlay-opacity":"","overlay-gradient":""}}},"product_brand":[],"product_cat":[1138],"product_tag":[],"class_list":{"0":"post-13041","1":"product","2":"type-product","3":"status-publish","4":"has-post-thumbnail","6":"product_cat-prislusenstvo","7":"product_shipping_class-zubehor-sk","8":"desktop-align-center","9":"tablet-align-center","10":"mobile-align-center","11":"ast-product-gallery-layout-horizontal","12":"ast-product-gallery-with-no-image","13":"ast-product-tabs-layout-horizontal","15":"first","16":"outofstock","17":"taxable","18":"shipping-taxable","19":"purchasable","20":"product-type-simple"},"acf":[],"yoast_head":"<!-- This site is optimized with the Yoast SEO plugin v27.4 - https:\/\/yoast.com\/product\/yoast-seo-wordpress\/ -->\n<title>K\u00fapi\u0165 vrecia s pieskom na v\u00e1\u017eenie nafukovac\u00edch predmetov | Dodo-Inflatables.com<\/title>\n<meta name=\"description\" content=\"Praktick\u00e9 vrecia s pieskom na nafukovanie si m\u00f4\u017eete k\u00fapi\u0165 priamo online na Dodo-Inflatables.com | Ve\u013ek\u00fd v\u00fdber na sklade | Certifikovan\u00e9 pod\u013ea EN14960 |\" \/>\n<meta name=\"robots\" content=\"index, follow, max-snippet:-1, max-image-preview:large, max-video-preview:-1\" \/>\n<link rel=\"canonical\" href=\"https:\/\/dodo-inflatables.com\/sk\/produkt\/vrece-s-pieskom-na-vazenie\/\" \/>\n<script type=\"application\/ld+json\" class=\"yoast-schema-graph\">{\"@context\":\"https:\\\/\\\/schema.org\",\"@graph\":[{\"@type\":\"WebPage\",\"@id\":\"https:\\\/\\\/dodo-inflatables.com\\\/sk\\\/produkt\\\/vrece-s-pieskom-na-vazenie\\\/\",\"url\":\"https:\\\/\\\/dodo-inflatables.com\\\/sk\\\/produkt\\\/vrece-s-pieskom-na-vazenie\\\/\",\"name\":\"K\u00fapi\u0165 vrecia s pieskom na v\u00e1\u017eenie nafukovac\u00edch predmetov | Dodo-Inflatables.com\",\"isPartOf\":{\"@id\":\"https:\\\/\\\/dodo-inflatables.com\\\/sk\\\/#website\"},\"primaryImageOfPage\":{\"@id\":\"https:\\\/\\\/dodo-inflatables.com\\\/sk\\\/produkt\\\/vrece-s-pieskom-na-vazenie\\\/#primaryimage\"},\"image\":{\"@id\":\"https:\\\/\\\/dodo-inflatables.com\\\/sk\\\/produkt\\\/vrece-s-pieskom-na-vazenie\\\/#primaryimage\"},\"thumbnailUrl\":\"https:\\\/\\\/dodo-inflatables.com\\\/wp-content\\\/uploads\\\/2017\\\/01\\\/sandsack-beschwerung-hupfburg-kaufen.png\",\"datePublished\":\"2017-01-06T19:48:21+00:00\",\"dateModified\":\"2025-06-11T17:30:16+00:00\",\"description\":\"Praktick\u00e9 vrecia s pieskom na nafukovanie si m\u00f4\u017eete k\u00fapi\u0165 priamo online na Dodo-Inflatables.com | Ve\u013ek\u00fd v\u00fdber na sklade | Certifikovan\u00e9 pod\u013ea EN14960 |\",\"breadcrumb\":{\"@id\":\"https:\\\/\\\/dodo-inflatables.com\\\/sk\\\/produkt\\\/vrece-s-pieskom-na-vazenie\\\/#breadcrumb\"},\"inLanguage\":\"sk-SK\",\"potentialAction\":[{\"@type\":\"ReadAction\",\"target\":[\"https:\\\/\\\/dodo-inflatables.com\\\/sk\\\/produkt\\\/vrece-s-pieskom-na-vazenie\\\/\"]}]},{\"@type\":\"ImageObject\",\"inLanguage\":\"sk-SK\",\"@id\":\"https:\\\/\\\/dodo-inflatables.com\\\/sk\\\/produkt\\\/vrece-s-pieskom-na-vazenie\\\/#primaryimage\",\"url\":\"https:\\\/\\\/dodo-inflatables.com\\\/wp-content\\\/uploads\\\/2017\\\/01\\\/sandsack-beschwerung-hupfburg-kaufen.png\",\"contentUrl\":\"https:\\\/\\\/dodo-inflatables.com\\\/wp-content\\\/uploads\\\/2017\\\/01\\\/sandsack-beschwerung-hupfburg-kaufen.png\",\"width\":600,\"height\":500},{\"@type\":\"BreadcrumbList\",\"@id\":\"https:\\\/\\\/dodo-inflatables.com\\\/sk\\\/produkt\\\/vrece-s-pieskom-na-vazenie\\\/#breadcrumb\",\"itemListElement\":[{\"@type\":\"ListItem\",\"position\":1,\"name\":\"Domovsk\u00e1 str\u00e1nka\",\"item\":\"https:\\\/\\\/dodo-inflatables.com\\\/sk\\\/\"},{\"@type\":\"ListItem\",\"position\":2,\"name\":\"Obchod\",\"item\":\"https:\\\/\\\/dodo-inflatables.com\\\/sk\\\/obchod\\\/\"},{\"@type\":\"ListItem\",\"position\":3,\"name\":\"Vrece s pieskom na v\u00e1\u017eenie\"}]},{\"@type\":\"WebSite\",\"@id\":\"https:\\\/\\\/dodo-inflatables.com\\\/sk\\\/#website\",\"url\":\"https:\\\/\\\/dodo-inflatables.com\\\/sk\\\/\",\"name\":\"dodo-inflatables.com\",\"description\":\"Nakupujte sk\u00e1kacie hrady a atrakcie v na\u0161om obchode.\",\"publisher\":{\"@id\":\"https:\\\/\\\/dodo-inflatables.com\\\/sk\\\/#organization\"},\"potentialAction\":[{\"@type\":\"SearchAction\",\"target\":{\"@type\":\"EntryPoint\",\"urlTemplate\":\"https:\\\/\\\/dodo-inflatables.com\\\/sk\\\/?s={search_term_string}\"},\"query-input\":{\"@type\":\"PropertyValueSpecification\",\"valueRequired\":true,\"valueName\":\"search_term_string\"}}],\"inLanguage\":\"sk-SK\"},{\"@type\":\"Organization\",\"@id\":\"https:\\\/\\\/dodo-inflatables.com\\\/sk\\\/#organization\",\"name\":\"dodo-inflatables.com\",\"url\":\"https:\\\/\\\/dodo-inflatables.com\\\/sk\\\/\",\"logo\":{\"@type\":\"ImageObject\",\"inLanguage\":\"sk-SK\",\"@id\":\"https:\\\/\\\/dodo-inflatables.com\\\/sk\\\/#\\\/schema\\\/logo\\\/image\\\/\",\"url\":\"https:\\\/\\\/dodo-inflatables.com\\\/wp-content\\\/uploads\\\/2023\\\/04\\\/cropped-cropped-cropped-Dodo-Logo.png\",\"contentUrl\":\"https:\\\/\\\/dodo-inflatables.com\\\/wp-content\\\/uploads\\\/2023\\\/04\\\/cropped-cropped-cropped-Dodo-Logo.png\",\"width\":2996,\"height\":1545,\"caption\":\"dodo-inflatables.com\"},\"image\":{\"@id\":\"https:\\\/\\\/dodo-inflatables.com\\\/sk\\\/#\\\/schema\\\/logo\\\/image\\\/\"}}]}<\/script>\n<!-- \/ Yoast SEO plugin. -->","yoast_head_json":{"title":"K\u00fapi\u0165 vrecia s pieskom na v\u00e1\u017eenie nafukovac\u00edch predmetov | Dodo-Inflatables.com","description":"Praktick\u00e9 vrecia s pieskom na nafukovanie si m\u00f4\u017eete k\u00fapi\u0165 priamo online na Dodo-Inflatables.com | Ve\u013ek\u00fd v\u00fdber na sklade | Certifikovan\u00e9 pod\u013ea EN14960 |","robots":{"index":"index","follow":"follow","max-snippet":"max-snippet:-1","max-image-preview":"max-image-preview:large","max-video-preview":"max-video-preview:-1"},"canonical":"https:\/\/dodo-inflatables.com\/sk\/produkt\/vrece-s-pieskom-na-vazenie\/","schema":{"@context":"https:\/\/schema.org","@graph":[{"@type":"WebPage","@id":"https:\/\/dodo-inflatables.com\/sk\/produkt\/vrece-s-pieskom-na-vazenie\/","url":"https:\/\/dodo-inflatables.com\/sk\/produkt\/vrece-s-pieskom-na-vazenie\/","name":"K\u00fapi\u0165 vrecia s pieskom na v\u00e1\u017eenie nafukovac\u00edch predmetov | Dodo-Inflatables.com","isPartOf":{"@id":"https:\/\/dodo-inflatables.com\/sk\/#website"},"primaryImageOfPage":{"@id":"https:\/\/dodo-inflatables.com\/sk\/produkt\/vrece-s-pieskom-na-vazenie\/#primaryimage"},"image":{"@id":"https:\/\/dodo-inflatables.com\/sk\/produkt\/vrece-s-pieskom-na-vazenie\/#primaryimage"},"thumbnailUrl":"https:\/\/dodo-inflatables.com\/wp-content\/uploads\/2017\/01\/sandsack-beschwerung-hupfburg-kaufen.png","datePublished":"2017-01-06T19:48:21+00:00","dateModified":"2025-06-11T17:30:16+00:00","description":"Praktick\u00e9 vrecia s pieskom na nafukovanie si m\u00f4\u017eete k\u00fapi\u0165 priamo online na Dodo-Inflatables.com | Ve\u013ek\u00fd v\u00fdber na sklade | Certifikovan\u00e9 pod\u013ea EN14960 |","breadcrumb":{"@id":"https:\/\/dodo-inflatables.com\/sk\/produkt\/vrece-s-pieskom-na-vazenie\/#breadcrumb"},"inLanguage":"sk-SK","potentialAction":[{"@type":"ReadAction","target":["https:\/\/dodo-inflatables.com\/sk\/produkt\/vrece-s-pieskom-na-vazenie\/"]}]},{"@type":"ImageObject","inLanguage":"sk-SK","@id":"https:\/\/dodo-inflatables.com\/sk\/produkt\/vrece-s-pieskom-na-vazenie\/#primaryimage","url":"https:\/\/dodo-inflatables.com\/wp-content\/uploads\/2017\/01\/sandsack-beschwerung-hupfburg-kaufen.png","contentUrl":"https:\/\/dodo-inflatables.com\/wp-content\/uploads\/2017\/01\/sandsack-beschwerung-hupfburg-kaufen.png","width":600,"height":500},{"@type":"BreadcrumbList","@id":"https:\/\/dodo-inflatables.com\/sk\/produkt\/vrece-s-pieskom-na-vazenie\/#breadcrumb","itemListElement":[{"@type":"ListItem","position":1,"name":"Domovsk\u00e1 str\u00e1nka","item":"https:\/\/dodo-inflatables.com\/sk\/"},{"@type":"ListItem","position":2,"name":"Obchod","item":"https:\/\/dodo-inflatables.com\/sk\/obchod\/"},{"@type":"ListItem","position":3,"name":"Vrece s pieskom na v\u00e1\u017eenie"}]},{"@type":"WebSite","@id":"https:\/\/dodo-inflatables.com\/sk\/#website","url":"https:\/\/dodo-inflatables.com\/sk\/","name":"dodo-inflatables.com","description":"Nakupujte sk\u00e1kacie hrady a atrakcie v na\u0161om obchode.","publisher":{"@id":"https:\/\/dodo-inflatables.com\/sk\/#organization"},"potentialAction":[{"@type":"SearchAction","target":{"@type":"EntryPoint","urlTemplate":"https:\/\/dodo-inflatables.com\/sk\/?s={search_term_string}"},"query-input":{"@type":"PropertyValueSpecification","valueRequired":true,"valueName":"search_term_string"}}],"inLanguage":"sk-SK"},{"@type":"Organization","@id":"https:\/\/dodo-inflatables.com\/sk\/#organization","name":"dodo-inflatables.com","url":"https:\/\/dodo-inflatables.com\/sk\/","logo":{"@type":"ImageObject","inLanguage":"sk-SK","@id":"https:\/\/dodo-inflatables.com\/sk\/#\/schema\/logo\/image\/","url":"https:\/\/dodo-inflatables.com\/wp-content\/uploads\/2023\/04\/cropped-cropped-cropped-Dodo-Logo.png","contentUrl":"https:\/\/dodo-inflatables.com\/wp-content\/uploads\/2023\/04\/cropped-cropped-cropped-Dodo-Logo.png","width":2996,"height":1545,"caption":"dodo-inflatables.com"},"image":{"@id":"https:\/\/dodo-inflatables.com\/sk\/#\/schema\/logo\/image\/"}}]}},"uagb_featured_image_src":{"full":["https:\/\/dodo-inflatables.com\/wp-content\/uploads\/2017\/01\/sandsack-beschwerung-hupfburg-kaufen.png",600,500,false],"thumbnail":["https:\/\/dodo-inflatables.com\/wp-content\/uploads\/2017\/01\/sandsack-beschwerung-hupfburg-kaufen-150x150.png",150,150,true],"medium":["https:\/\/dodo-inflatables.com\/wp-content\/uploads\/2017\/01\/sandsack-beschwerung-hupfburg-kaufen-300x250.png",300,250,true],"medium_large":["https:\/\/dodo-inflatables.com\/wp-content\/uploads\/2017\/01\/sandsack-beschwerung-hupfburg-kaufen.png",600,500,false],"large":["https:\/\/dodo-inflatables.com\/wp-content\/uploads\/2017\/01\/sandsack-beschwerung-hupfburg-kaufen.png",600,500,false],"1536x1536":["https:\/\/dodo-inflatables.com\/wp-content\/uploads\/2017\/01\/sandsack-beschwerung-hupfburg-kaufen.png",600,500,false],"2048x2048":["https:\/\/dodo-inflatables.com\/wp-content\/uploads\/2017\/01\/sandsack-beschwerung-hupfburg-kaufen.png",600,500,false],"woocommerce_thumbnail":["https:\/\/dodo-inflatables.com\/wp-content\/uploads\/2017\/01\/sandsack-beschwerung-hupfburg-kaufen.png",600,500,false],"woocommerce_single":["https:\/\/dodo-inflatables.com\/wp-content\/uploads\/2017\/01\/sandsack-beschwerung-hupfburg-kaufen.png",600,500,false],"woocommerce_gallery_thumbnail":["https:\/\/dodo-inflatables.com\/wp-content\/uploads\/2017\/01\/sandsack-beschwerung-hupfburg-kaufen-100x100.png",100,100,true]},"uagb_author_info":{"display_name":"Andreas","author_link":"https:\/\/dodo-inflatables.com\/sk\/author\/"},"uagb_comment_info":0,"uagb_excerpt":"Vrece s pieskom na za\u0165a\u017eenie nafukovac\u00edch zariaden\u00ed Profesion\u00e1lny modul - vhodn\u00fd na komer\u010dn\u00e9 a s\u00fakromn\u00e9 pou\u017eitie","_links":{"self":[{"href":"https:\/\/dodo-inflatables.com\/sk\/wp-json\/wp\/v2\/product\/13041","targetHints":{"allow":["GET"]}}],"collection":[{"href":"https:\/\/dodo-inflatables.com\/sk\/wp-json\/wp\/v2\/product"}],"about":[{"href":"https:\/\/dodo-inflatables.com\/sk\/wp-json\/wp\/v2\/types\/product"}],"replies":[{"embeddable":true,"href":"https:\/\/dodo-inflatables.com\/sk\/wp-json\/wp\/v2\/comments?post=13041"}],"wp:featuredmedia":[{"embeddable":true,"href":"https:\/\/dodo-inflatables.com\/sk\/wp-json\/wp\/v2\/media\/13043"}],"wp:attachment":[{"href":"https:\/\/dodo-inflatables.com\/sk\/wp-json\/wp\/v2\/media?parent=13041"}],"wp:term":[{"taxonomy":"product_brand","embeddable":true,"href":"https:\/\/dodo-inflatables.com\/sk\/wp-json\/wp\/v2\/product_brand?post=13041"},{"taxonomy":"product_cat","embeddable":true,"href":"https:\/\/dodo-inflatables.com\/sk\/wp-json\/wp\/v2\/product_cat?post=13041"},{"taxonomy":"product_tag","embeddable":true,"href":"https:\/\/dodo-inflatables.com\/sk\/wp-json\/wp\/v2\/product_tag?post=13041"}],"curies":[{"name":"wp","href":"https:\/\/api.w.org\/{rel}","templated":true}]}}