{"id":13044,"date":"2017-01-06T20:46:21","date_gmt":"2017-01-06T19:46:21","guid":{"rendered":"https:\/\/dodo-inflatables.com\/product\/pozemny-list-4-x-5-metrov\/"},"modified":"2026-04-25T19:03:44","modified_gmt":"2026-04-25T17:03:44","slug":"pozemny-list-4-x-5-metrov","status":"publish","type":"product","link":"https:\/\/dodo-inflatables.com\/sk\/produkt\/pozemny-list-4-x-5-metrov\/","title":{"rendered":"Podlo\u017en\u00e1 plachta 4 x 5 m"},"content":{"rendered":"<h2>K\u00fapi\u0165 podlo\u017en\u00fa plachtu pre sk\u00e1kacie hrady<\/h2>\n<p>Pou\u017e\u00edvanie vhodnej podlo\u017enej plachty je jedn\u00fdm z najlep\u0161\u00edch sp\u00f4sobov, ako pom\u00f4c\u0165 pred\u013a\u017ei\u0165 \u017eivotnos\u0165 v\u00e1\u0161ho sk\u00e1kacieho hradu.<br \/>\n\u010ci u\u017e je sk\u00e1kac\u00ed hrad postaven\u00fd na tr\u00e1ve, asfalte, dla\u017ebe alebo vn\u00fatri, podlo\u017en\u00e1 plachta spo\u013eahlivo chr\u00e1ni spodok nafukovacej kon\u0161trukcie pred odieran\u00edm, vlhkos\u0165ou a po\u0161koden\u00edm.<br \/>\n<strong>Spo\u013eahliv\u00e1 ochrana:<\/strong><br \/>\nPodlo\u017en\u00e1 plachta zabra\u0148uje priamemu kontaktu medzi sk\u00e1kac\u00edm hradom a povrchom ni\u017e\u0161ie, pom\u00e1haj\u00fac ho chr\u00e1ni\u0165 pred ostr\u00fdmi hranami, kame\u0148mi, ne\u010distotami a vlhkos\u0165ou.<br \/>\n<strong>V\u0161estrann\u00e9 pou\u017eitie:<\/strong><br \/>\nVhodn\u00e1 pre sk\u00e1kacie hrady a \u010fal\u0161ie nafukovacie event moduly, ako pre s\u00fakromn\u00e9 pou\u017eitie, tak aj pre profesion\u00e1lne po\u017ei\u010dovne.<br \/>\n<strong>Bezpe\u010dn\u00e9 umiestnenie:<\/strong><br \/>\nV\u010faka upev\u0148ovac\u00edm okom umiestnen\u00fdm po celom obvode plachty ju mo\u017eno v pr\u00edpade potreby zaisti\u0165 a zostane bezpe\u010dne na mieste, aj ke\u010f sa sk\u00e1kac\u00ed hrad po\u010das pou\u017e\u00edvania pohybuje.<br \/>\n<strong>Robustn\u00e1 a odoln\u00e1:<\/strong><br \/>\nOdoln\u00fd PE materi\u00e1l je vodonepriepustn\u00fd, odoln\u00fd vo\u010di poveternostn\u00fdm podmienkam a trhaniu, \u010do ho rob\u00ed ide\u00e1lnym pre pravideln\u00e9 pou\u017eitie vn\u00fatri aj vonku.<br \/>\n<strong>Podrobnosti o podlo\u017enej plachte<\/strong><\/p>\n<ul>\n<li>Rozmery (D x \u0160): cca 4,00 m x 5,00 m<\/li>\n<li>Upev\u0148ovacie ok\u00e1 v rozstupoch cca 50 cm<\/li>\n<li>PE 260 g\/m\u00b2<\/li>\n<li>Vodonepriepustn\u00e1, odoln\u00e1 vo\u010di poveternostn\u00fdm podmienkam a trhaniu<\/li>\n<\/ul>\n","protected":false},"excerpt":{"rendered":"<ul>\n<li>Rozmery (D x \u0160): cca 4,00 m x 5,00 m<\/li>\n<li>Upev\u0148ovacie ok\u00e1 v rozstupoch cca 50 cm<\/li>\n<li>PE 260 g\/m\u00b2<\/li>\n<li>Vodonepriepustn\u00e1, odoln\u00e1 vo\u010di poveternostn\u00fdm podmienkam a trhaniu<\/li>\n<\/ul>\n","protected":false},"featured_media":13045,"comment_status":"open","ping_status":"closed","template":"","meta":{"_acf_changed":false,"_uag_custom_page_level_css":"","site-sidebar-layout":"default","site-content-layout":"boxed-container","ast-site-content-layout":"normal-width-container","site-content-style":"boxed","site-sidebar-style":"boxed","ast-global-header-display":"","ast-banner-title-visibility":"","ast-main-header-display":"","ast-hfb-above-header-display":"","ast-hfb-below-header-display":"","ast-hfb-mobile-header-display":"","site-post-title":"disabled","ast-breadcrumbs-content":"","ast-featured-img":"","footer-sml-layout":"","ast-disable-related-posts":"","theme-transparent-header-meta":"default","adv-header-id-meta":"","stick-header-meta":"default","header-above-stick-meta":"","header-main-stick-meta":"","header-below-stick-meta":"","astra-migrate-meta-layouts":"default","ast-page-background-enabled":"default","ast-page-background-meta":{"desktop":{"background-color":"var(--ast-global-color-4)","background-image":"","background-repeat":"repeat","background-position":"center center","background-size":"auto","background-attachment":"scroll","background-type":"","background-media":"","overlay-type":"","overlay-color":"","overlay-opacity":"","overlay-gradient":""},"tablet":{"background-color":"","background-image":"","background-repeat":"repeat","background-position":"center center","background-size":"auto","background-attachment":"scroll","background-type":"","background-media":"","overlay-type":"","overlay-color":"","overlay-opacity":"","overlay-gradient":""},"mobile":{"background-color":"","background-image":"","background-repeat":"repeat","background-position":"center center","background-size":"auto","background-attachment":"scroll","background-type":"","background-media":"","overlay-type":"","overlay-color":"","overlay-opacity":"","overlay-gradient":""}},"ast-content-background-meta":{"desktop":{"background-color":"var(--ast-global-color-5)","background-image":"","background-repeat":"repeat","background-position":"center center","background-size":"auto","background-attachment":"scroll","background-type":"","background-media":"","overlay-type":"","overlay-color":"","overlay-opacity":"","overlay-gradient":""},"tablet":{"background-color":"var(--ast-global-color-5)","background-image":"","background-repeat":"repeat","background-position":"center center","background-size":"auto","background-attachment":"scroll","background-type":"","background-media":"","overlay-type":"","overlay-color":"","overlay-opacity":"","overlay-gradient":""},"mobile":{"background-color":"var(--ast-global-color-5)","background-image":"","background-repeat":"repeat","background-position":"center center","background-size":"auto","background-attachment":"scroll","background-type":"","background-media":"","overlay-type":"","overlay-color":"","overlay-opacity":"","overlay-gradient":""}}},"product_brand":[],"product_cat":[1138],"product_tag":[],"class_list":{"0":"post-13044","1":"product","2":"type-product","3":"status-publish","4":"has-post-thumbnail","6":"product_cat-prislusenstvo","7":"product_shipping_class-zubehor-sk","8":"desktop-align-center","9":"tablet-align-center","10":"mobile-align-center","11":"ast-product-gallery-layout-horizontal","12":"ast-product-gallery-with-no-image","13":"ast-product-tabs-layout-horizontal","15":"first","16":"instock","17":"taxable","18":"shipping-taxable","19":"purchasable","20":"product-type-simple"},"acf":[],"yoast_head":"<!-- This site is optimized with the Yoast SEO plugin v27.5 - https:\/\/yoast.com\/product\/yoast-seo-wordpress\/ -->\n<title>N\u00e1kup podkladov\u00fdch f\u00f3li\u00ed pre nafukovacie \u010dlny | Dodo-Inflatables.com<\/title>\n<meta name=\"description\" content=\"K\u00fapte si zodpovedaj\u00face pr\u00edslu\u0161enstvo, ako s\u00fa stabiln\u00e9 zemn\u00e9 plachty pre nafukovacie \u010dlny, priamo online na Dodo-Inflatables.com | Certifikovan\u00e9 pod\u013ea normy EN14960 | R\u00fdchle dodanie!\" \/>\n<meta name=\"robots\" content=\"index, follow, max-snippet:-1, max-image-preview:large, max-video-preview:-1\" \/>\n<link rel=\"canonical\" href=\"https:\/\/dodo-inflatables.com\/sk\/produkt\/pozemny-list-4-x-5-metrov\/\" \/>\n<meta name=\"twitter:label1\" content=\"Predpokladan\u00fd \u010das \u010d\u00edtania\" \/>\n\t<meta name=\"twitter:data1\" content=\"1 min\u00fata\" \/>\n<script type=\"application\/ld+json\" class=\"yoast-schema-graph\">{\"@context\":\"https:\\\/\\\/schema.org\",\"@graph\":[{\"@type\":\"WebPage\",\"@id\":\"https:\\\/\\\/dodo-inflatables.com\\\/sk\\\/produkt\\\/pozemny-list-4-x-5-metrov\\\/\",\"url\":\"https:\\\/\\\/dodo-inflatables.com\\\/sk\\\/produkt\\\/pozemny-list-4-x-5-metrov\\\/\",\"name\":\"N\u00e1kup podkladov\u00fdch f\u00f3li\u00ed pre nafukovacie \u010dlny | Dodo-Inflatables.com\",\"isPartOf\":{\"@id\":\"https:\\\/\\\/dodo-inflatables.com\\\/sk\\\/#website\"},\"primaryImageOfPage\":{\"@id\":\"https:\\\/\\\/dodo-inflatables.com\\\/sk\\\/produkt\\\/pozemny-list-4-x-5-metrov\\\/#primaryimage\"},\"image\":{\"@id\":\"https:\\\/\\\/dodo-inflatables.com\\\/sk\\\/produkt\\\/pozemny-list-4-x-5-metrov\\\/#primaryimage\"},\"thumbnailUrl\":\"https:\\\/\\\/dodo-inflatables.com\\\/wp-content\\\/uploads\\\/2021\\\/03\\\/Ground-Sheet-Bouncy-Castle.png\",\"datePublished\":\"2017-01-06T19:46:21+00:00\",\"dateModified\":\"2026-04-25T17:03:44+00:00\",\"description\":\"K\u00fapte si zodpovedaj\u00face pr\u00edslu\u0161enstvo, ako s\u00fa stabiln\u00e9 zemn\u00e9 plachty pre nafukovacie \u010dlny, priamo online na Dodo-Inflatables.com | Certifikovan\u00e9 pod\u013ea normy EN14960 | R\u00fdchle dodanie!\",\"breadcrumb\":{\"@id\":\"https:\\\/\\\/dodo-inflatables.com\\\/sk\\\/produkt\\\/pozemny-list-4-x-5-metrov\\\/#breadcrumb\"},\"inLanguage\":\"sk-SK\",\"potentialAction\":[{\"@type\":\"ReadAction\",\"target\":[\"https:\\\/\\\/dodo-inflatables.com\\\/sk\\\/produkt\\\/pozemny-list-4-x-5-metrov\\\/\"]}]},{\"@type\":\"ImageObject\",\"inLanguage\":\"sk-SK\",\"@id\":\"https:\\\/\\\/dodo-inflatables.com\\\/sk\\\/produkt\\\/pozemny-list-4-x-5-metrov\\\/#primaryimage\",\"url\":\"https:\\\/\\\/dodo-inflatables.com\\\/wp-content\\\/uploads\\\/2021\\\/03\\\/Ground-Sheet-Bouncy-Castle.png\",\"contentUrl\":\"https:\\\/\\\/dodo-inflatables.com\\\/wp-content\\\/uploads\\\/2021\\\/03\\\/Ground-Sheet-Bouncy-Castle.png\",\"width\":500,\"height\":500,\"caption\":\"Podlo\u017en\u00e1 plachta 8 x 4 m pre sk\u00e1kac\u00ed hrad | Dodo Inflatables\"},{\"@type\":\"BreadcrumbList\",\"@id\":\"https:\\\/\\\/dodo-inflatables.com\\\/sk\\\/produkt\\\/pozemny-list-4-x-5-metrov\\\/#breadcrumb\",\"itemListElement\":[{\"@type\":\"ListItem\",\"position\":1,\"name\":\"Domovsk\u00e1 str\u00e1nka\",\"item\":\"https:\\\/\\\/dodo-inflatables.com\\\/sk\\\/\"},{\"@type\":\"ListItem\",\"position\":2,\"name\":\"Obchod\",\"item\":\"https:\\\/\\\/dodo-inflatables.com\\\/sk\\\/obchod\\\/\"},{\"@type\":\"ListItem\",\"position\":3,\"name\":\"Pozemn\u00fd list 4 x 5 metrov\"}]},{\"@type\":\"WebSite\",\"@id\":\"https:\\\/\\\/dodo-inflatables.com\\\/sk\\\/#website\",\"url\":\"https:\\\/\\\/dodo-inflatables.com\\\/sk\\\/\",\"name\":\"dodo-inflatables.com\",\"description\":\"Nakupujte sk\u00e1kacie hrady a atrakcie v na\u0161om obchode.\",\"potentialAction\":[{\"@type\":\"SearchAction\",\"target\":{\"@type\":\"EntryPoint\",\"urlTemplate\":\"https:\\\/\\\/dodo-inflatables.com\\\/sk\\\/?s={search_term_string}\"},\"query-input\":{\"@type\":\"PropertyValueSpecification\",\"valueRequired\":true,\"valueName\":\"search_term_string\"}}],\"inLanguage\":\"sk-SK\"}]}<\/script>\n<!-- \/ Yoast SEO plugin. -->","yoast_head_json":{"title":"N\u00e1kup podkladov\u00fdch f\u00f3li\u00ed pre nafukovacie \u010dlny | Dodo-Inflatables.com","description":"K\u00fapte si zodpovedaj\u00face pr\u00edslu\u0161enstvo, ako s\u00fa stabiln\u00e9 zemn\u00e9 plachty pre nafukovacie \u010dlny, priamo online na Dodo-Inflatables.com | Certifikovan\u00e9 pod\u013ea normy EN14960 | R\u00fdchle dodanie!","robots":{"index":"index","follow":"follow","max-snippet":"max-snippet:-1","max-image-preview":"max-image-preview:large","max-video-preview":"max-video-preview:-1"},"canonical":"https:\/\/dodo-inflatables.com\/sk\/produkt\/pozemny-list-4-x-5-metrov\/","twitter_misc":{"Predpokladan\u00fd \u010das \u010d\u00edtania":"1 min\u00fata"},"schema":{"@context":"https:\/\/schema.org","@graph":[{"@type":"WebPage","@id":"https:\/\/dodo-inflatables.com\/sk\/produkt\/pozemny-list-4-x-5-metrov\/","url":"https:\/\/dodo-inflatables.com\/sk\/produkt\/pozemny-list-4-x-5-metrov\/","name":"N\u00e1kup podkladov\u00fdch f\u00f3li\u00ed pre nafukovacie \u010dlny | Dodo-Inflatables.com","isPartOf":{"@id":"https:\/\/dodo-inflatables.com\/sk\/#website"},"primaryImageOfPage":{"@id":"https:\/\/dodo-inflatables.com\/sk\/produkt\/pozemny-list-4-x-5-metrov\/#primaryimage"},"image":{"@id":"https:\/\/dodo-inflatables.com\/sk\/produkt\/pozemny-list-4-x-5-metrov\/#primaryimage"},"thumbnailUrl":"https:\/\/dodo-inflatables.com\/wp-content\/uploads\/2021\/03\/Ground-Sheet-Bouncy-Castle.png","datePublished":"2017-01-06T19:46:21+00:00","dateModified":"2026-04-25T17:03:44+00:00","description":"K\u00fapte si zodpovedaj\u00face pr\u00edslu\u0161enstvo, ako s\u00fa stabiln\u00e9 zemn\u00e9 plachty pre nafukovacie \u010dlny, priamo online na Dodo-Inflatables.com | Certifikovan\u00e9 pod\u013ea normy EN14960 | R\u00fdchle dodanie!","breadcrumb":{"@id":"https:\/\/dodo-inflatables.com\/sk\/produkt\/pozemny-list-4-x-5-metrov\/#breadcrumb"},"inLanguage":"sk-SK","potentialAction":[{"@type":"ReadAction","target":["https:\/\/dodo-inflatables.com\/sk\/produkt\/pozemny-list-4-x-5-metrov\/"]}]},{"@type":"ImageObject","inLanguage":"sk-SK","@id":"https:\/\/dodo-inflatables.com\/sk\/produkt\/pozemny-list-4-x-5-metrov\/#primaryimage","url":"https:\/\/dodo-inflatables.com\/wp-content\/uploads\/2021\/03\/Ground-Sheet-Bouncy-Castle.png","contentUrl":"https:\/\/dodo-inflatables.com\/wp-content\/uploads\/2021\/03\/Ground-Sheet-Bouncy-Castle.png","width":500,"height":500,"caption":"Podlo\u017en\u00e1 plachta 8 x 4 m pre sk\u00e1kac\u00ed hrad | Dodo Inflatables"},{"@type":"BreadcrumbList","@id":"https:\/\/dodo-inflatables.com\/sk\/produkt\/pozemny-list-4-x-5-metrov\/#breadcrumb","itemListElement":[{"@type":"ListItem","position":1,"name":"Domovsk\u00e1 str\u00e1nka","item":"https:\/\/dodo-inflatables.com\/sk\/"},{"@type":"ListItem","position":2,"name":"Obchod","item":"https:\/\/dodo-inflatables.com\/sk\/obchod\/"},{"@type":"ListItem","position":3,"name":"Pozemn\u00fd list 4 x 5 metrov"}]},{"@type":"WebSite","@id":"https:\/\/dodo-inflatables.com\/sk\/#website","url":"https:\/\/dodo-inflatables.com\/sk\/","name":"dodo-inflatables.com","description":"Nakupujte sk\u00e1kacie hrady a atrakcie v na\u0161om obchode.","potentialAction":[{"@type":"SearchAction","target":{"@type":"EntryPoint","urlTemplate":"https:\/\/dodo-inflatables.com\/sk\/?s={search_term_string}"},"query-input":{"@type":"PropertyValueSpecification","valueRequired":true,"valueName":"search_term_string"}}],"inLanguage":"sk-SK"}]}},"uagb_featured_image_src":{"full":["https:\/\/dodo-inflatables.com\/wp-content\/uploads\/2021\/03\/Ground-Sheet-Bouncy-Castle.png",500,500,false],"thumbnail":["https:\/\/dodo-inflatables.com\/wp-content\/uploads\/2021\/03\/Ground-Sheet-Bouncy-Castle-150x150.png",150,150,true],"medium":["https:\/\/dodo-inflatables.com\/wp-content\/uploads\/2021\/03\/Ground-Sheet-Bouncy-Castle-300x300.png",300,300,true],"medium_large":["https:\/\/dodo-inflatables.com\/wp-content\/uploads\/2021\/03\/Ground-Sheet-Bouncy-Castle.png",500,500,false],"large":["https:\/\/dodo-inflatables.com\/wp-content\/uploads\/2021\/03\/Ground-Sheet-Bouncy-Castle.png",500,500,false],"1536x1536":["https:\/\/dodo-inflatables.com\/wp-content\/uploads\/2021\/03\/Ground-Sheet-Bouncy-Castle.png",500,500,false],"2048x2048":["https:\/\/dodo-inflatables.com\/wp-content\/uploads\/2021\/03\/Ground-Sheet-Bouncy-Castle.png",500,500,false],"woocommerce_thumbnail":["https:\/\/dodo-inflatables.com\/wp-content\/uploads\/2021\/03\/Ground-Sheet-Bouncy-Castle.png",500,500,false],"woocommerce_single":["https:\/\/dodo-inflatables.com\/wp-content\/uploads\/2021\/03\/Ground-Sheet-Bouncy-Castle.png",500,500,false],"woocommerce_gallery_thumbnail":["https:\/\/dodo-inflatables.com\/wp-content\/uploads\/2021\/03\/Ground-Sheet-Bouncy-Castle-100x100.png",100,100,true]},"uagb_author_info":{"display_name":"Andreas","author_link":"https:\/\/dodo-inflatables.com\/sk\/author\/"},"uagb_comment_info":0,"uagb_excerpt":"Rozmery (D x \u0160): cca 4,00 m x 5,00 m Upev\u0148ovacie ok\u00e1 v rozstupoch cca 50 cm PE 260 g\/m\u00b2 Vodonepriepustn\u00e1, odoln\u00e1 vo\u010di poveternostn\u00fdm podmienkam a trhaniu","_links":{"self":[{"href":"https:\/\/dodo-inflatables.com\/sk\/wp-json\/wp\/v2\/product\/13044","targetHints":{"allow":["GET"]}}],"collection":[{"href":"https:\/\/dodo-inflatables.com\/sk\/wp-json\/wp\/v2\/product"}],"about":[{"href":"https:\/\/dodo-inflatables.com\/sk\/wp-json\/wp\/v2\/types\/product"}],"replies":[{"embeddable":true,"href":"https:\/\/dodo-inflatables.com\/sk\/wp-json\/wp\/v2\/comments?post=13044"}],"wp:featuredmedia":[{"embeddable":true,"href":"https:\/\/dodo-inflatables.com\/sk\/wp-json\/wp\/v2\/media\/13045"}],"wp:attachment":[{"href":"https:\/\/dodo-inflatables.com\/sk\/wp-json\/wp\/v2\/media?parent=13044"}],"wp:term":[{"taxonomy":"product_brand","embeddable":true,"href":"https:\/\/dodo-inflatables.com\/sk\/wp-json\/wp\/v2\/product_brand?post=13044"},{"taxonomy":"product_cat","embeddable":true,"href":"https:\/\/dodo-inflatables.com\/sk\/wp-json\/wp\/v2\/product_cat?post=13044"},{"taxonomy":"product_tag","embeddable":true,"href":"https:\/\/dodo-inflatables.com\/sk\/wp-json\/wp\/v2\/product_tag?post=13044"}],"curies":[{"name":"wp","href":"https:\/\/api.w.org\/{rel}","templated":true}]}}