{"id":13068,"date":"2017-01-06T20:41:52","date_gmt":"2017-01-06T19:41:52","guid":{"rendered":"https:\/\/dodo-inflatables.com\/product\/duchadlo-gibbons-fp5005-15ps\/"},"modified":"2026-02-04T15:43:41","modified_gmt":"2026-02-04T14:43:41","slug":"duchadlo-gibbons-fp5005-15ps","status":"publish","type":"product","link":"https:\/\/dodo-inflatables.com\/sk\/produkt\/duchadlo-gibbons-fp5005-15ps\/","title":{"rendered":"D\u00fachadlo Gibbons FP5005 &#8211; 1,5PS"},"content":{"rendered":"<h2>K\u00fapi\u0165 Gibbons Bouncy Castle Blower<\/h2>\n<p>Sk\u00e1kac\u00ed hrad Gibbons je skuto\u010dn\u00e1 klasika &#8211; robustn\u00fd a odoln\u00fd.<\/p>\n<p><strong>Robustn\u00e9 kovov\u00e9 puzdro:<\/strong> D\u00fachadlo je ulo\u017een\u00e9 v odolnom kovovom puzdre, ktor\u00e9 zaru\u010duje dlh\u00fa \u017eivotnos\u0165 a ochranu pred opotrebovan\u00edm.<\/p>\n<p><strong>V\u00fdkonn\u00e9 pr\u00fadenie vzduchu:<\/strong> V\u010faka optim\u00e1lnemu pr\u00fadeniu vzduchu nafukuje sk\u00e1kac\u00ed hrad r\u00fdchlo a \u00fa\u010dinne, pri\u010dom neust\u00e1le udr\u017eiava dokonal\u00fd tlak vzduchu.<\/p>\n<p><strong>V\u0161estrann\u00e1 kompatibilita:<\/strong> Vhodn\u00e1 pre r\u00f4zne nafukovacie kon\u0161trukcie, od sk\u00e1kac\u00edch hradov po nafukovacie \u0161m\u00fdka\u010dky a \u010fal\u0161ie.<\/p>\n<h3><strong>Podrobnosti o sk\u00e1kacom hrade Blower<\/strong><\/h3>\n<ul>\n<li>Materi\u00e1l: Materi\u00e1l: oce\u013eov\u00e9 puzdro, lievik z tvrd\u00e9ho plastu.<\/li>\n<li>V\u00fdkon: 1,1 kW (v\u00fdstup), 1,68 kW (vstup), 1,5 HP<\/li>\n<li>Pripojenie: Z\u00e1str\u010dka Schuko<\/li>\n<li>Priemer lievika: 21,5 cm<\/li>\n<li>Rozmery: 41 x 22 x 53 cm<\/li>\n<li>Hmotnos\u0165: 16,6 kg<\/li>\n<li>Hlasitos\u0165: 83 dB<\/li>\n<li>Nariadenie WEEE. Nie. DE 82972723<\/li>\n<\/ul>\n<p>V\u010faka kompaktn\u00e9mu a \u0161tvorcov\u00e9mu dizajnu d\u00fachadla ho mo\u017eno \u013eahko stohova\u0165 a skladova\u0165. V\u010faka ve\u013ekosti lievika 21,5 cm je f\u00faka\u010d Gibbons vhodn\u00fd nielen pre sk\u00e1kacie hrady, ale aj pre moduly podujat\u00ed a in\u00e9 nafukovacie atrakcie, ako s\u00fa br\u00e1nkov\u00e9 steny, obrovsk\u00e9 \u0161m\u00fdka\u010dky at\u010f. V\u0161etky polo\u017eky pon\u00fakan\u00e9 v na\u0161om obchode s\u00fa dokonale vhodn\u00e9 pre toto d\u00fachadlo.<\/p>\n","protected":false},"excerpt":{"rendered":"<ul>\n<li>Gibbons Bouncy Castle Blower 1,1 KW FP5005<\/li>\n<li>Vhodn\u00e9 pre v\u0161etky pon\u00fakan\u00e9 sk\u00e1kacie hrady a moduly podujat\u00ed<\/li>\n<li>Profesion\u00e1lna trieda &#8211; vhodn\u00e9 na komer\u010dn\u00e9 aj s\u00fakromn\u00e9 pou\u017eitie<\/li>\n<\/ul>\n","protected":false},"featured_media":13073,"comment_status":"open","ping_status":"closed","template":"","meta":{"_acf_changed":false,"_uag_custom_page_level_css":"","site-sidebar-layout":"default","site-content-layout":"boxed-container","ast-site-content-layout":"normal-width-container","site-content-style":"boxed","site-sidebar-style":"boxed","ast-global-header-display":"","ast-banner-title-visibility":"","ast-main-header-display":"","ast-hfb-above-header-display":"","ast-hfb-below-header-display":"","ast-hfb-mobile-header-display":"","site-post-title":"disabled","ast-breadcrumbs-content":"","ast-featured-img":"","footer-sml-layout":"","ast-disable-related-posts":"","theme-transparent-header-meta":"default","adv-header-id-meta":"","stick-header-meta":"default","header-above-stick-meta":"","header-main-stick-meta":"","header-below-stick-meta":"","astra-migrate-meta-layouts":"default","ast-page-background-enabled":"default","ast-page-background-meta":{"desktop":{"background-color":"var(--ast-global-color-4)","background-image":"","background-repeat":"repeat","background-position":"center center","background-size":"auto","background-attachment":"scroll","background-type":"","background-media":"","overlay-type":"","overlay-color":"","overlay-opacity":"","overlay-gradient":""},"tablet":{"background-color":"","background-image":"","background-repeat":"repeat","background-position":"center center","background-size":"auto","background-attachment":"scroll","background-type":"","background-media":"","overlay-type":"","overlay-color":"","overlay-opacity":"","overlay-gradient":""},"mobile":{"background-color":"","background-image":"","background-repeat":"repeat","background-position":"center center","background-size":"auto","background-attachment":"scroll","background-type":"","background-media":"","overlay-type":"","overlay-color":"","overlay-opacity":"","overlay-gradient":""}},"ast-content-background-meta":{"desktop":{"background-color":"var(--ast-global-color-5)","background-image":"","background-repeat":"repeat","background-position":"center center","background-size":"auto","background-attachment":"scroll","background-type":"","background-media":"","overlay-type":"","overlay-color":"","overlay-opacity":"","overlay-gradient":""},"tablet":{"background-color":"var(--ast-global-color-5)","background-image":"","background-repeat":"repeat","background-position":"center center","background-size":"auto","background-attachment":"scroll","background-type":"","background-media":"","overlay-type":"","overlay-color":"","overlay-opacity":"","overlay-gradient":""},"mobile":{"background-color":"var(--ast-global-color-5)","background-image":"","background-repeat":"repeat","background-position":"center center","background-size":"auto","background-attachment":"scroll","background-type":"","background-media":"","overlay-type":"","overlay-color":"","overlay-opacity":"","overlay-gradient":""}}},"product_brand":[],"product_cat":[1138],"product_tag":[],"class_list":{"0":"post-13068","1":"product","2":"type-product","3":"status-publish","4":"has-post-thumbnail","6":"product_cat-prislusenstvo","7":"product_shipping_class-zubehor-sk","8":"desktop-align-center","9":"tablet-align-center","10":"mobile-align-center","11":"ast-product-gallery-layout-horizontal","12":"ast-product-gallery-with-no-image","13":"ast-product-tabs-layout-horizontal","15":"first","16":"instock","17":"taxable","18":"shipping-taxable","19":"purchasable","20":"product-type-simple"},"acf":[],"yoast_head":"<!-- This site is optimized with the Yoast SEO plugin v27.3 - https:\/\/yoast.com\/product\/yoast-seo-wordpress\/ -->\n<title>K\u00fapi\u0165 nafukova\u010dky Gibbons pre nafukovacie \u010dlny | Dodo-Inflatables.com<\/title>\n<meta name=\"description\" content=\"Nak\u00fapte v\u00fdhodne Gibbons 1,1KW nafukova\u010dky na Dodo-Inflatables.com! | Spravodliv\u00e9 ceny | V\u017edy na sklade | R\u00fdchle dodanie!\" \/>\n<meta name=\"robots\" content=\"index, follow, max-snippet:-1, max-image-preview:large, max-video-preview:-1\" \/>\n<link rel=\"canonical\" href=\"https:\/\/dodo-inflatables.com\/sk\/produkt\/duchadlo-gibbons-fp5005-15ps\/\" \/>\n<meta name=\"twitter:label1\" content=\"Predpokladan\u00fd \u010das \u010d\u00edtania\" \/>\n\t<meta name=\"twitter:data1\" content=\"1 min\u00fata\" \/>\n<script type=\"application\/ld+json\" class=\"yoast-schema-graph\">{\"@context\":\"https:\\\/\\\/schema.org\",\"@graph\":[{\"@type\":\"WebPage\",\"@id\":\"https:\\\/\\\/dodo-inflatables.com\\\/sk\\\/produkt\\\/duchadlo-gibbons-fp5005-15ps\\\/\",\"url\":\"https:\\\/\\\/dodo-inflatables.com\\\/sk\\\/produkt\\\/duchadlo-gibbons-fp5005-15ps\\\/\",\"name\":\"K\u00fapi\u0165 nafukova\u010dky Gibbons pre nafukovacie \u010dlny | Dodo-Inflatables.com\",\"isPartOf\":{\"@id\":\"https:\\\/\\\/dodo-inflatables.com\\\/sk\\\/#website\"},\"primaryImageOfPage\":{\"@id\":\"https:\\\/\\\/dodo-inflatables.com\\\/sk\\\/produkt\\\/duchadlo-gibbons-fp5005-15ps\\\/#primaryimage\"},\"image\":{\"@id\":\"https:\\\/\\\/dodo-inflatables.com\\\/sk\\\/produkt\\\/duchadlo-gibbons-fp5005-15ps\\\/#primaryimage\"},\"thumbnailUrl\":\"https:\\\/\\\/dodo-inflatables.com\\\/wp-content\\\/uploads\\\/2017\\\/01\\\/gibbons-geblase-metallgehause-fur-hupfburg-kaufen-500.png\",\"datePublished\":\"2017-01-06T19:41:52+00:00\",\"dateModified\":\"2026-02-04T14:43:41+00:00\",\"description\":\"Nak\u00fapte v\u00fdhodne Gibbons 1,1KW nafukova\u010dky na Dodo-Inflatables.com! | Spravodliv\u00e9 ceny | V\u017edy na sklade | R\u00fdchle dodanie!\",\"breadcrumb\":{\"@id\":\"https:\\\/\\\/dodo-inflatables.com\\\/sk\\\/produkt\\\/duchadlo-gibbons-fp5005-15ps\\\/#breadcrumb\"},\"inLanguage\":\"sk-SK\",\"potentialAction\":[{\"@type\":\"ReadAction\",\"target\":[\"https:\\\/\\\/dodo-inflatables.com\\\/sk\\\/produkt\\\/duchadlo-gibbons-fp5005-15ps\\\/\"]}]},{\"@type\":\"ImageObject\",\"inLanguage\":\"sk-SK\",\"@id\":\"https:\\\/\\\/dodo-inflatables.com\\\/sk\\\/produkt\\\/duchadlo-gibbons-fp5005-15ps\\\/#primaryimage\",\"url\":\"https:\\\/\\\/dodo-inflatables.com\\\/wp-content\\\/uploads\\\/2017\\\/01\\\/gibbons-geblase-metallgehause-fur-hupfburg-kaufen-500.png\",\"contentUrl\":\"https:\\\/\\\/dodo-inflatables.com\\\/wp-content\\\/uploads\\\/2017\\\/01\\\/gibbons-geblase-metallgehause-fur-hupfburg-kaufen-500.png\",\"width\":500,\"height\":500},{\"@type\":\"BreadcrumbList\",\"@id\":\"https:\\\/\\\/dodo-inflatables.com\\\/sk\\\/produkt\\\/duchadlo-gibbons-fp5005-15ps\\\/#breadcrumb\",\"itemListElement\":[{\"@type\":\"ListItem\",\"position\":1,\"name\":\"Domovsk\u00e1 str\u00e1nka\",\"item\":\"https:\\\/\\\/dodo-inflatables.com\\\/sk\\\/\"},{\"@type\":\"ListItem\",\"position\":2,\"name\":\"Obchod\",\"item\":\"https:\\\/\\\/dodo-inflatables.com\\\/sk\\\/obchod\\\/\"},{\"@type\":\"ListItem\",\"position\":3,\"name\":\"D\u00fachadlo Gibbons FP5005 &#8211; 1,5PS\"}]},{\"@type\":\"WebSite\",\"@id\":\"https:\\\/\\\/dodo-inflatables.com\\\/sk\\\/#website\",\"url\":\"https:\\\/\\\/dodo-inflatables.com\\\/sk\\\/\",\"name\":\"dodo-inflatables.com\",\"description\":\"Nakupujte sk\u00e1kacie hrady a atrakcie v na\u0161om obchode.\",\"publisher\":{\"@id\":\"https:\\\/\\\/dodo-inflatables.com\\\/sk\\\/#organization\"},\"potentialAction\":[{\"@type\":\"SearchAction\",\"target\":{\"@type\":\"EntryPoint\",\"urlTemplate\":\"https:\\\/\\\/dodo-inflatables.com\\\/sk\\\/?s={search_term_string}\"},\"query-input\":{\"@type\":\"PropertyValueSpecification\",\"valueRequired\":true,\"valueName\":\"search_term_string\"}}],\"inLanguage\":\"sk-SK\"},{\"@type\":\"Organization\",\"@id\":\"https:\\\/\\\/dodo-inflatables.com\\\/sk\\\/#organization\",\"name\":\"dodo-inflatables.com\",\"url\":\"https:\\\/\\\/dodo-inflatables.com\\\/sk\\\/\",\"logo\":{\"@type\":\"ImageObject\",\"inLanguage\":\"sk-SK\",\"@id\":\"https:\\\/\\\/dodo-inflatables.com\\\/sk\\\/#\\\/schema\\\/logo\\\/image\\\/\",\"url\":\"https:\\\/\\\/dodo-inflatables.com\\\/wp-content\\\/uploads\\\/2023\\\/04\\\/cropped-cropped-cropped-Dodo-Logo.png\",\"contentUrl\":\"https:\\\/\\\/dodo-inflatables.com\\\/wp-content\\\/uploads\\\/2023\\\/04\\\/cropped-cropped-cropped-Dodo-Logo.png\",\"width\":2996,\"height\":1545,\"caption\":\"dodo-inflatables.com\"},\"image\":{\"@id\":\"https:\\\/\\\/dodo-inflatables.com\\\/sk\\\/#\\\/schema\\\/logo\\\/image\\\/\"}}]}<\/script>\n<!-- \/ Yoast SEO plugin. -->","yoast_head_json":{"title":"K\u00fapi\u0165 nafukova\u010dky Gibbons pre nafukovacie \u010dlny | Dodo-Inflatables.com","description":"Nak\u00fapte v\u00fdhodne Gibbons 1,1KW nafukova\u010dky na Dodo-Inflatables.com! | Spravodliv\u00e9 ceny | V\u017edy na sklade | R\u00fdchle dodanie!","robots":{"index":"index","follow":"follow","max-snippet":"max-snippet:-1","max-image-preview":"max-image-preview:large","max-video-preview":"max-video-preview:-1"},"canonical":"https:\/\/dodo-inflatables.com\/sk\/produkt\/duchadlo-gibbons-fp5005-15ps\/","twitter_misc":{"Predpokladan\u00fd \u010das \u010d\u00edtania":"1 min\u00fata"},"schema":{"@context":"https:\/\/schema.org","@graph":[{"@type":"WebPage","@id":"https:\/\/dodo-inflatables.com\/sk\/produkt\/duchadlo-gibbons-fp5005-15ps\/","url":"https:\/\/dodo-inflatables.com\/sk\/produkt\/duchadlo-gibbons-fp5005-15ps\/","name":"K\u00fapi\u0165 nafukova\u010dky Gibbons pre nafukovacie \u010dlny | Dodo-Inflatables.com","isPartOf":{"@id":"https:\/\/dodo-inflatables.com\/sk\/#website"},"primaryImageOfPage":{"@id":"https:\/\/dodo-inflatables.com\/sk\/produkt\/duchadlo-gibbons-fp5005-15ps\/#primaryimage"},"image":{"@id":"https:\/\/dodo-inflatables.com\/sk\/produkt\/duchadlo-gibbons-fp5005-15ps\/#primaryimage"},"thumbnailUrl":"https:\/\/dodo-inflatables.com\/wp-content\/uploads\/2017\/01\/gibbons-geblase-metallgehause-fur-hupfburg-kaufen-500.png","datePublished":"2017-01-06T19:41:52+00:00","dateModified":"2026-02-04T14:43:41+00:00","description":"Nak\u00fapte v\u00fdhodne Gibbons 1,1KW nafukova\u010dky na Dodo-Inflatables.com! | Spravodliv\u00e9 ceny | V\u017edy na sklade | R\u00fdchle dodanie!","breadcrumb":{"@id":"https:\/\/dodo-inflatables.com\/sk\/produkt\/duchadlo-gibbons-fp5005-15ps\/#breadcrumb"},"inLanguage":"sk-SK","potentialAction":[{"@type":"ReadAction","target":["https:\/\/dodo-inflatables.com\/sk\/produkt\/duchadlo-gibbons-fp5005-15ps\/"]}]},{"@type":"ImageObject","inLanguage":"sk-SK","@id":"https:\/\/dodo-inflatables.com\/sk\/produkt\/duchadlo-gibbons-fp5005-15ps\/#primaryimage","url":"https:\/\/dodo-inflatables.com\/wp-content\/uploads\/2017\/01\/gibbons-geblase-metallgehause-fur-hupfburg-kaufen-500.png","contentUrl":"https:\/\/dodo-inflatables.com\/wp-content\/uploads\/2017\/01\/gibbons-geblase-metallgehause-fur-hupfburg-kaufen-500.png","width":500,"height":500},{"@type":"BreadcrumbList","@id":"https:\/\/dodo-inflatables.com\/sk\/produkt\/duchadlo-gibbons-fp5005-15ps\/#breadcrumb","itemListElement":[{"@type":"ListItem","position":1,"name":"Domovsk\u00e1 str\u00e1nka","item":"https:\/\/dodo-inflatables.com\/sk\/"},{"@type":"ListItem","position":2,"name":"Obchod","item":"https:\/\/dodo-inflatables.com\/sk\/obchod\/"},{"@type":"ListItem","position":3,"name":"D\u00fachadlo Gibbons FP5005 &#8211; 1,5PS"}]},{"@type":"WebSite","@id":"https:\/\/dodo-inflatables.com\/sk\/#website","url":"https:\/\/dodo-inflatables.com\/sk\/","name":"dodo-inflatables.com","description":"Nakupujte sk\u00e1kacie hrady a atrakcie v na\u0161om obchode.","publisher":{"@id":"https:\/\/dodo-inflatables.com\/sk\/#organization"},"potentialAction":[{"@type":"SearchAction","target":{"@type":"EntryPoint","urlTemplate":"https:\/\/dodo-inflatables.com\/sk\/?s={search_term_string}"},"query-input":{"@type":"PropertyValueSpecification","valueRequired":true,"valueName":"search_term_string"}}],"inLanguage":"sk-SK"},{"@type":"Organization","@id":"https:\/\/dodo-inflatables.com\/sk\/#organization","name":"dodo-inflatables.com","url":"https:\/\/dodo-inflatables.com\/sk\/","logo":{"@type":"ImageObject","inLanguage":"sk-SK","@id":"https:\/\/dodo-inflatables.com\/sk\/#\/schema\/logo\/image\/","url":"https:\/\/dodo-inflatables.com\/wp-content\/uploads\/2023\/04\/cropped-cropped-cropped-Dodo-Logo.png","contentUrl":"https:\/\/dodo-inflatables.com\/wp-content\/uploads\/2023\/04\/cropped-cropped-cropped-Dodo-Logo.png","width":2996,"height":1545,"caption":"dodo-inflatables.com"},"image":{"@id":"https:\/\/dodo-inflatables.com\/sk\/#\/schema\/logo\/image\/"}}]}},"uagb_featured_image_src":{"full":["https:\/\/dodo-inflatables.com\/wp-content\/uploads\/2017\/01\/gibbons-geblase-metallgehause-fur-hupfburg-kaufen-500.png",500,500,false],"thumbnail":["https:\/\/dodo-inflatables.com\/wp-content\/uploads\/2017\/01\/gibbons-geblase-metallgehause-fur-hupfburg-kaufen-500-150x150.png",150,150,true],"medium":["https:\/\/dodo-inflatables.com\/wp-content\/uploads\/2017\/01\/gibbons-geblase-metallgehause-fur-hupfburg-kaufen-500-300x300.png",300,300,true],"medium_large":["https:\/\/dodo-inflatables.com\/wp-content\/uploads\/2017\/01\/gibbons-geblase-metallgehause-fur-hupfburg-kaufen-500.png",500,500,false],"large":["https:\/\/dodo-inflatables.com\/wp-content\/uploads\/2017\/01\/gibbons-geblase-metallgehause-fur-hupfburg-kaufen-500.png",500,500,false],"1536x1536":["https:\/\/dodo-inflatables.com\/wp-content\/uploads\/2017\/01\/gibbons-geblase-metallgehause-fur-hupfburg-kaufen-500.png",500,500,false],"2048x2048":["https:\/\/dodo-inflatables.com\/wp-content\/uploads\/2017\/01\/gibbons-geblase-metallgehause-fur-hupfburg-kaufen-500.png",500,500,false],"woocommerce_thumbnail":["https:\/\/dodo-inflatables.com\/wp-content\/uploads\/2017\/01\/gibbons-geblase-metallgehause-fur-hupfburg-kaufen-500.png",500,500,false],"woocommerce_single":["https:\/\/dodo-inflatables.com\/wp-content\/uploads\/2017\/01\/gibbons-geblase-metallgehause-fur-hupfburg-kaufen-500.png",500,500,false],"woocommerce_gallery_thumbnail":["https:\/\/dodo-inflatables.com\/wp-content\/uploads\/2017\/01\/gibbons-geblase-metallgehause-fur-hupfburg-kaufen-500-100x100.png",100,100,true]},"uagb_author_info":{"display_name":"Andreas","author_link":"https:\/\/dodo-inflatables.com\/sk\/author\/"},"uagb_comment_info":0,"uagb_excerpt":"Gibbons Bouncy Castle Blower 1,1 KW FP5005 Vhodn\u00e9 pre v\u0161etky pon\u00fakan\u00e9 sk\u00e1kacie hrady a moduly podujat\u00ed Profesion\u00e1lna trieda - vhodn\u00e9 na komer\u010dn\u00e9 aj s\u00fakromn\u00e9 pou\u017eitie","_links":{"self":[{"href":"https:\/\/dodo-inflatables.com\/sk\/wp-json\/wp\/v2\/product\/13068","targetHints":{"allow":["GET"]}}],"collection":[{"href":"https:\/\/dodo-inflatables.com\/sk\/wp-json\/wp\/v2\/product"}],"about":[{"href":"https:\/\/dodo-inflatables.com\/sk\/wp-json\/wp\/v2\/types\/product"}],"replies":[{"embeddable":true,"href":"https:\/\/dodo-inflatables.com\/sk\/wp-json\/wp\/v2\/comments?post=13068"}],"wp:featuredmedia":[{"embeddable":true,"href":"https:\/\/dodo-inflatables.com\/sk\/wp-json\/wp\/v2\/media\/13073"}],"wp:attachment":[{"href":"https:\/\/dodo-inflatables.com\/sk\/wp-json\/wp\/v2\/media?parent=13068"}],"wp:term":[{"taxonomy":"product_brand","embeddable":true,"href":"https:\/\/dodo-inflatables.com\/sk\/wp-json\/wp\/v2\/product_brand?post=13068"},{"taxonomy":"product_cat","embeddable":true,"href":"https:\/\/dodo-inflatables.com\/sk\/wp-json\/wp\/v2\/product_cat?post=13068"},{"taxonomy":"product_tag","embeddable":true,"href":"https:\/\/dodo-inflatables.com\/sk\/wp-json\/wp\/v2\/product_tag?post=13068"}],"curies":[{"name":"wp","href":"https:\/\/api.w.org\/{rel}","templated":true}]}}