{"id":13630,"date":"2021-04-14T14:59:50","date_gmt":"2021-04-14T12:59:50","guid":{"rendered":"https:\/\/dodo-inflatables.com\/product\/dezinfekcny-prostriedok-na-skakacie-hrady\/"},"modified":"2026-04-23T19:41:55","modified_gmt":"2026-04-23T17:41:55","slug":"dezinfekcny-prostriedok-na-skakacie-hrady","status":"publish","type":"product","link":"https:\/\/dodo-inflatables.com\/sk\/produkt\/dezinfekcny-prostriedok-na-skakacie-hrady\/","title":{"rendered":"Dezinfek\u010dn\u00fd prostriedok pre sk\u00e1kacie hrady (12 x 500 ml)"},"content":{"rendered":"<h1>K\u00fapi\u0165 dezinfek\u010dn\u00fd prostriedok pre sk\u00e1kacie hrady<\/h1>\n<p class=\"p1\">N\u00e1\u0161 dezinfek\u010dn\u00fd prostriedok je vhodn\u00fd na hygienick\u00e9 \u010distenie sk\u00e1kac\u00edch hradov a in\u00e9ho nafukovacieho hern\u00e9ho vybavenia.<br \/>\nV\u010faka svojim akt\u00edvnym zlo\u017ek\u00e1m je \u00fa\u010dinn\u00fd proti bakteri\u00e1lnym kme\u0148om aj <span class=\"s1\"><b>obalen\u00fdm v\u00edrusom (vr\u00e1tane SARS-CoV-2)<\/b><\/span> a bol \u0161peci\u00e1lne vyvinut\u00fd pre citliv\u00e9 povrchy.<\/p>\n<p class=\"p3\"><b>\u0160etrn\u00fd k materi\u00e1lom a bez alkoholu:<br \/>\n<\/b>Tento dezinfek\u010dn\u00fd prostriedok neobsahuje alkohol, a je preto bezpe\u010dn\u00fd na pou\u017eitie na povrchoch sk\u00e1kac\u00edch hradov, \u0161myk\u013eaviek a nafukovac\u00edch event modulov.<br \/>\nJe nekoroz\u00edvny a biologicky rozlo\u017eite\u013en\u00fd.<\/p>\n<p class=\"p3\"><b>Pripraven\u00fd na pou\u017eitie a u\u017e\u00edvate\u013esky pr\u00edvetiv\u00fd:<br \/>\n<\/b>Dezinfek\u010dn\u00fd prostriedok sa dod\u00e1va u\u017e zmie\u0161an\u00fd a mo\u017eno ho okam\u017eite pou\u017ei\u0165.<br \/>\nPraktick\u00e1 rozpra\u0161ovacia f\u013ea\u0161a umo\u017e\u0148uje \u013eahk\u00e9 a rovnomern\u00e9 nan\u00e1\u0161anie.<\/p>\n<p class=\"p3\"><b>Vhodn\u00fd pre po\u017ei\u010dovne a prev\u00e1dzkovate\u013eov:<br \/>\n<\/b>Najm\u00e4 v komer\u010dnom pou\u017eit\u00ed poskytuje tento dezinfek\u010dn\u00fd prostriedok extra hygienu medzi po\u017ei\u010diavaniami a pom\u00e1ha zabezpe\u010di\u0165, aby boli sk\u00e1kacie hrady odovzd\u00e1van\u00e9 \u010fal\u0161iemu z\u00e1kazn\u00edkovi \u010dist\u00e9 a dobre udr\u017eiavan\u00e9.<\/p>\n<p>&nbsp;<\/p>\n<h3><strong>Pou\u017eitie<\/strong><\/h3>\n<ol>\n<li>\n<p class=\"p1\">Pred pou\u017eit\u00edm odstr\u00e1\u0148te hrub\u00e9 ne\u010distoty z vn\u00fatra a okolia sk\u00e1kacieho hradu.<\/p>\n<\/li>\n<li>\n<p class=\"p1\">Nastriekajte plochu, ktor\u00e1 sa m\u00e1 dezinfikova\u0165, alebo ju rovnomerne naneste hubkou alebo handrou, k\u00fdm nie je povrch \u00faplne pokryt\u00fd.<\/p>\n<\/li>\n<li>\n<p class=\"p1\">Nechajte kr\u00e1tko p\u00f4sobi\u0165 a potom jemne pretrie\u0165 \u010distou handrou (neutiera\u0165 do sucha).<\/p>\n<\/li>\n<li>\n<p class=\"p1\">Po pribli\u017ene <span class=\"s1\"><b>15 min\u00fatach kontaktn\u00e9ho \u010dasu<\/b><\/span> sa dosiahne pln\u00e1 \u00fa\u010dinnos\u0165.<\/p>\n<\/li>\n<\/ol>\n<h4><b>\u00da\u010dinn\u00e1 l\u00e1tka a schv\u00e1lenie<\/b><\/h4>\n<p class=\"p3\">\u00da\u010dinn\u00e1 l\u00e1tka: 100 g nerieden\u00e9ho pr\u00edpravku obsahuje nasleduj\u00facu bioc\u00eddnu \u00fa\u010dinn\u00fa l\u00e1tku:<br \/>\n<b>Benzyl-C12-16-alkyldimetyl chloridy<\/b><\/p>\n<p class=\"p3\">Schv\u00e1lenie: V s\u00falade s eur\u00f3pskou smernicou o bioc\u00eddnych v\u00fdrobkoch<br \/>\nRegistra\u010dn\u00e9 \u010d\u00edslo BAuA: <span class=\"s2\"><b>N-31951<\/b><\/span><\/p>\n<p>&nbsp;<\/p>\n<h4><b>Testy a normy<\/b><\/h4>\n<p class=\"p3\">Testovan\u00fd pod\u013ea okrem in\u00e9ho: AMS 1550B, Boeing D6-17487, D6-7127, \u0161pecifik\u00e1cie Airbus a McDonnell Douglas, ASTM F 487, \u0161pecifik\u00e1cia LH, Boeing BSS 7434 (v testovan\u00ed), AMS 1452C (v testovan\u00ed), testovan\u00fd v s\u00falade so smernicami DGHM<\/p>\n<p><strong>Dezinfek\u010dn\u00e9 prostriedky pou\u017e\u00edvajte opatrne. Pred pou\u017eit\u00edm si v\u017edy pre\u010d\u00edtajte etiketu a inform\u00e1cie o produkte.<\/strong><\/p>\n","protected":false},"excerpt":{"rendered":"<ul>\n<li>Dezinfek\u010dn\u00fd prostriedok pre sk\u00e1kacie hrady<\/li>\n<li>12 x 500 ml flia\u0161<\/li>\n<li>Predmie\u0161an\u00fd a pripraven\u00fd na pou\u017eitie<\/li>\n<li>1 liter = 11,66 \u20ac<\/li>\n<\/ul>\n","protected":false},"featured_media":13632,"comment_status":"open","ping_status":"closed","template":"","meta":{"_acf_changed":false,"_uag_custom_page_level_css":"","site-sidebar-layout":"default","site-content-layout":"boxed-container","ast-site-content-layout":"normal-width-container","site-content-style":"boxed","site-sidebar-style":"boxed","ast-global-header-display":"","ast-banner-title-visibility":"","ast-main-header-display":"","ast-hfb-above-header-display":"","ast-hfb-below-header-display":"","ast-hfb-mobile-header-display":"","site-post-title":"disabled","ast-breadcrumbs-content":"","ast-featured-img":"","footer-sml-layout":"","ast-disable-related-posts":"","theme-transparent-header-meta":"default","adv-header-id-meta":"","stick-header-meta":"default","header-above-stick-meta":"","header-main-stick-meta":"","header-below-stick-meta":"","astra-migrate-meta-layouts":"default","ast-page-background-enabled":"default","ast-page-background-meta":{"desktop":{"background-color":"var(--ast-global-color-4)","background-image":"","background-repeat":"repeat","background-position":"center center","background-size":"auto","background-attachment":"scroll","background-type":"","background-media":"","overlay-type":"","overlay-color":"","overlay-opacity":"","overlay-gradient":""},"tablet":{"background-color":"","background-image":"","background-repeat":"repeat","background-position":"center center","background-size":"auto","background-attachment":"scroll","background-type":"","background-media":"","overlay-type":"","overlay-color":"","overlay-opacity":"","overlay-gradient":""},"mobile":{"background-color":"","background-image":"","background-repeat":"repeat","background-position":"center center","background-size":"auto","background-attachment":"scroll","background-type":"","background-media":"","overlay-type":"","overlay-color":"","overlay-opacity":"","overlay-gradient":""}},"ast-content-background-meta":{"desktop":{"background-color":"var(--ast-global-color-5)","background-image":"","background-repeat":"repeat","background-position":"center center","background-size":"auto","background-attachment":"scroll","background-type":"","background-media":"","overlay-type":"","overlay-color":"","overlay-opacity":"","overlay-gradient":""},"tablet":{"background-color":"var(--ast-global-color-5)","background-image":"","background-repeat":"repeat","background-position":"center center","background-size":"auto","background-attachment":"scroll","background-type":"","background-media":"","overlay-type":"","overlay-color":"","overlay-opacity":"","overlay-gradient":""},"mobile":{"background-color":"var(--ast-global-color-5)","background-image":"","background-repeat":"repeat","background-position":"center center","background-size":"auto","background-attachment":"scroll","background-type":"","background-media":"","overlay-type":"","overlay-color":"","overlay-opacity":"","overlay-gradient":""}}},"product_brand":[],"product_cat":[1138],"product_tag":[],"class_list":{"0":"post-13630","1":"product","2":"type-product","3":"status-publish","4":"has-post-thumbnail","6":"product_cat-prislusenstvo","7":"product_shipping_class-zubehor-sk","8":"desktop-align-center","9":"tablet-align-center","10":"mobile-align-center","11":"ast-product-gallery-layout-horizontal","12":"ast-product-gallery-with-no-image","13":"ast-product-tabs-layout-horizontal","15":"first","16":"instock","17":"taxable","18":"shipping-taxable","19":"purchasable","20":"product-type-simple"},"acf":[],"yoast_head":"<!-- This site is optimized with the Yoast SEO plugin v27.5 - https:\/\/yoast.com\/product\/yoast-seo-wordpress\/ -->\n<title>Dezinfek\u010dn\u00fd prostriedok na sk\u00e1kacie hrady | Dodo-Inflatables.com<\/title>\n<meta name=\"description\" content=\"K\u00fapte si dezinfek\u010dn\u00fd prostriedok na \u010distenie nafukova\u010diek na Dodo-Inflatables.com | Ve\u013ek\u00fd v\u00fdber na sklade | Certifikovan\u00e9 pod\u013ea EN14960 | R\u00fdchle dodanie!\" \/>\n<meta name=\"robots\" content=\"index, follow, max-snippet:-1, max-image-preview:large, max-video-preview:-1\" \/>\n<link rel=\"canonical\" href=\"https:\/\/dodo-inflatables.com\/sk\/produkt\/dezinfekcny-prostriedok-na-skakacie-hrady\/\" \/>\n<meta name=\"twitter:label1\" content=\"Predpokladan\u00fd \u010das \u010d\u00edtania\" \/>\n\t<meta name=\"twitter:data1\" content=\"2 min\u00faty\" \/>\n<script type=\"application\/ld+json\" class=\"yoast-schema-graph\">{\"@context\":\"https:\\\/\\\/schema.org\",\"@graph\":[{\"@type\":\"WebPage\",\"@id\":\"https:\\\/\\\/dodo-inflatables.com\\\/sk\\\/produkt\\\/dezinfekcny-prostriedok-na-skakacie-hrady\\\/\",\"url\":\"https:\\\/\\\/dodo-inflatables.com\\\/sk\\\/produkt\\\/dezinfekcny-prostriedok-na-skakacie-hrady\\\/\",\"name\":\"Dezinfek\u010dn\u00fd prostriedok na sk\u00e1kacie hrady | Dodo-Inflatables.com\",\"isPartOf\":{\"@id\":\"https:\\\/\\\/dodo-inflatables.com\\\/sk\\\/#website\"},\"primaryImageOfPage\":{\"@id\":\"https:\\\/\\\/dodo-inflatables.com\\\/sk\\\/produkt\\\/dezinfekcny-prostriedok-na-skakacie-hrady\\\/#primaryimage\"},\"image\":{\"@id\":\"https:\\\/\\\/dodo-inflatables.com\\\/sk\\\/produkt\\\/dezinfekcny-prostriedok-na-skakacie-hrady\\\/#primaryimage\"},\"thumbnailUrl\":\"https:\\\/\\\/dodo-inflatables.com\\\/wp-content\\\/uploads\\\/2021\\\/04\\\/huepfburg-desinfektionsmittel-kaufen.png\",\"datePublished\":\"2021-04-14T12:59:50+00:00\",\"dateModified\":\"2026-04-23T17:41:55+00:00\",\"description\":\"K\u00fapte si dezinfek\u010dn\u00fd prostriedok na \u010distenie nafukova\u010diek na Dodo-Inflatables.com | Ve\u013ek\u00fd v\u00fdber na sklade | Certifikovan\u00e9 pod\u013ea EN14960 | R\u00fdchle dodanie!\",\"breadcrumb\":{\"@id\":\"https:\\\/\\\/dodo-inflatables.com\\\/sk\\\/produkt\\\/dezinfekcny-prostriedok-na-skakacie-hrady\\\/#breadcrumb\"},\"inLanguage\":\"sk-SK\",\"potentialAction\":[{\"@type\":\"ReadAction\",\"target\":[\"https:\\\/\\\/dodo-inflatables.com\\\/sk\\\/produkt\\\/dezinfekcny-prostriedok-na-skakacie-hrady\\\/\"]}]},{\"@type\":\"ImageObject\",\"inLanguage\":\"sk-SK\",\"@id\":\"https:\\\/\\\/dodo-inflatables.com\\\/sk\\\/produkt\\\/dezinfekcny-prostriedok-na-skakacie-hrady\\\/#primaryimage\",\"url\":\"https:\\\/\\\/dodo-inflatables.com\\\/wp-content\\\/uploads\\\/2021\\\/04\\\/huepfburg-desinfektionsmittel-kaufen.png\",\"contentUrl\":\"https:\\\/\\\/dodo-inflatables.com\\\/wp-content\\\/uploads\\\/2021\\\/04\\\/huepfburg-desinfektionsmittel-kaufen.png\",\"width\":500,\"height\":500,\"caption\":\"Dezinfek\u010dn\u00fd prostriedok pre sk\u00e1kacie hrady (12 x 500 ml) | Dodo Inflatables\"},{\"@type\":\"BreadcrumbList\",\"@id\":\"https:\\\/\\\/dodo-inflatables.com\\\/sk\\\/produkt\\\/dezinfekcny-prostriedok-na-skakacie-hrady\\\/#breadcrumb\",\"itemListElement\":[{\"@type\":\"ListItem\",\"position\":1,\"name\":\"Domovsk\u00e1 str\u00e1nka\",\"item\":\"https:\\\/\\\/dodo-inflatables.com\\\/sk\\\/\"},{\"@type\":\"ListItem\",\"position\":2,\"name\":\"Obchod\",\"item\":\"https:\\\/\\\/dodo-inflatables.com\\\/sk\\\/obchod\\\/\"},{\"@type\":\"ListItem\",\"position\":3,\"name\":\"Dezinfek\u010dn\u00fd prostriedok na sk\u00e1kacie hrady\"}]},{\"@type\":\"WebSite\",\"@id\":\"https:\\\/\\\/dodo-inflatables.com\\\/sk\\\/#website\",\"url\":\"https:\\\/\\\/dodo-inflatables.com\\\/sk\\\/\",\"name\":\"dodo-inflatables.com\",\"description\":\"Nakupujte sk\u00e1kacie hrady a atrakcie v na\u0161om obchode.\",\"potentialAction\":[{\"@type\":\"SearchAction\",\"target\":{\"@type\":\"EntryPoint\",\"urlTemplate\":\"https:\\\/\\\/dodo-inflatables.com\\\/sk\\\/?s={search_term_string}\"},\"query-input\":{\"@type\":\"PropertyValueSpecification\",\"valueRequired\":true,\"valueName\":\"search_term_string\"}}],\"inLanguage\":\"sk-SK\"}]}<\/script>\n<!-- \/ Yoast SEO plugin. -->","yoast_head_json":{"title":"Dezinfek\u010dn\u00fd prostriedok na sk\u00e1kacie hrady | Dodo-Inflatables.com","description":"K\u00fapte si dezinfek\u010dn\u00fd prostriedok na \u010distenie nafukova\u010diek na Dodo-Inflatables.com | Ve\u013ek\u00fd v\u00fdber na sklade | Certifikovan\u00e9 pod\u013ea EN14960 | R\u00fdchle dodanie!","robots":{"index":"index","follow":"follow","max-snippet":"max-snippet:-1","max-image-preview":"max-image-preview:large","max-video-preview":"max-video-preview:-1"},"canonical":"https:\/\/dodo-inflatables.com\/sk\/produkt\/dezinfekcny-prostriedok-na-skakacie-hrady\/","twitter_misc":{"Predpokladan\u00fd \u010das \u010d\u00edtania":"2 min\u00faty"},"schema":{"@context":"https:\/\/schema.org","@graph":[{"@type":"WebPage","@id":"https:\/\/dodo-inflatables.com\/sk\/produkt\/dezinfekcny-prostriedok-na-skakacie-hrady\/","url":"https:\/\/dodo-inflatables.com\/sk\/produkt\/dezinfekcny-prostriedok-na-skakacie-hrady\/","name":"Dezinfek\u010dn\u00fd prostriedok na sk\u00e1kacie hrady | Dodo-Inflatables.com","isPartOf":{"@id":"https:\/\/dodo-inflatables.com\/sk\/#website"},"primaryImageOfPage":{"@id":"https:\/\/dodo-inflatables.com\/sk\/produkt\/dezinfekcny-prostriedok-na-skakacie-hrady\/#primaryimage"},"image":{"@id":"https:\/\/dodo-inflatables.com\/sk\/produkt\/dezinfekcny-prostriedok-na-skakacie-hrady\/#primaryimage"},"thumbnailUrl":"https:\/\/dodo-inflatables.com\/wp-content\/uploads\/2021\/04\/huepfburg-desinfektionsmittel-kaufen.png","datePublished":"2021-04-14T12:59:50+00:00","dateModified":"2026-04-23T17:41:55+00:00","description":"K\u00fapte si dezinfek\u010dn\u00fd prostriedok na \u010distenie nafukova\u010diek na Dodo-Inflatables.com | Ve\u013ek\u00fd v\u00fdber na sklade | Certifikovan\u00e9 pod\u013ea EN14960 | R\u00fdchle dodanie!","breadcrumb":{"@id":"https:\/\/dodo-inflatables.com\/sk\/produkt\/dezinfekcny-prostriedok-na-skakacie-hrady\/#breadcrumb"},"inLanguage":"sk-SK","potentialAction":[{"@type":"ReadAction","target":["https:\/\/dodo-inflatables.com\/sk\/produkt\/dezinfekcny-prostriedok-na-skakacie-hrady\/"]}]},{"@type":"ImageObject","inLanguage":"sk-SK","@id":"https:\/\/dodo-inflatables.com\/sk\/produkt\/dezinfekcny-prostriedok-na-skakacie-hrady\/#primaryimage","url":"https:\/\/dodo-inflatables.com\/wp-content\/uploads\/2021\/04\/huepfburg-desinfektionsmittel-kaufen.png","contentUrl":"https:\/\/dodo-inflatables.com\/wp-content\/uploads\/2021\/04\/huepfburg-desinfektionsmittel-kaufen.png","width":500,"height":500,"caption":"Dezinfek\u010dn\u00fd prostriedok pre sk\u00e1kacie hrady (12 x 500 ml) | Dodo Inflatables"},{"@type":"BreadcrumbList","@id":"https:\/\/dodo-inflatables.com\/sk\/produkt\/dezinfekcny-prostriedok-na-skakacie-hrady\/#breadcrumb","itemListElement":[{"@type":"ListItem","position":1,"name":"Domovsk\u00e1 str\u00e1nka","item":"https:\/\/dodo-inflatables.com\/sk\/"},{"@type":"ListItem","position":2,"name":"Obchod","item":"https:\/\/dodo-inflatables.com\/sk\/obchod\/"},{"@type":"ListItem","position":3,"name":"Dezinfek\u010dn\u00fd prostriedok na sk\u00e1kacie hrady"}]},{"@type":"WebSite","@id":"https:\/\/dodo-inflatables.com\/sk\/#website","url":"https:\/\/dodo-inflatables.com\/sk\/","name":"dodo-inflatables.com","description":"Nakupujte sk\u00e1kacie hrady a atrakcie v na\u0161om obchode.","potentialAction":[{"@type":"SearchAction","target":{"@type":"EntryPoint","urlTemplate":"https:\/\/dodo-inflatables.com\/sk\/?s={search_term_string}"},"query-input":{"@type":"PropertyValueSpecification","valueRequired":true,"valueName":"search_term_string"}}],"inLanguage":"sk-SK"}]}},"uagb_featured_image_src":{"full":["https:\/\/dodo-inflatables.com\/wp-content\/uploads\/2021\/04\/huepfburg-desinfektionsmittel-kaufen.png",500,500,false],"thumbnail":["https:\/\/dodo-inflatables.com\/wp-content\/uploads\/2021\/04\/huepfburg-desinfektionsmittel-kaufen-150x150.png",150,150,true],"medium":["https:\/\/dodo-inflatables.com\/wp-content\/uploads\/2021\/04\/huepfburg-desinfektionsmittel-kaufen-300x300.png",300,300,true],"medium_large":["https:\/\/dodo-inflatables.com\/wp-content\/uploads\/2021\/04\/huepfburg-desinfektionsmittel-kaufen.png",500,500,false],"large":["https:\/\/dodo-inflatables.com\/wp-content\/uploads\/2021\/04\/huepfburg-desinfektionsmittel-kaufen.png",500,500,false],"1536x1536":["https:\/\/dodo-inflatables.com\/wp-content\/uploads\/2021\/04\/huepfburg-desinfektionsmittel-kaufen.png",500,500,false],"2048x2048":["https:\/\/dodo-inflatables.com\/wp-content\/uploads\/2021\/04\/huepfburg-desinfektionsmittel-kaufen.png",500,500,false],"woocommerce_thumbnail":["https:\/\/dodo-inflatables.com\/wp-content\/uploads\/2021\/04\/huepfburg-desinfektionsmittel-kaufen.png",500,500,false],"woocommerce_single":["https:\/\/dodo-inflatables.com\/wp-content\/uploads\/2021\/04\/huepfburg-desinfektionsmittel-kaufen.png",500,500,false],"woocommerce_gallery_thumbnail":["https:\/\/dodo-inflatables.com\/wp-content\/uploads\/2021\/04\/huepfburg-desinfektionsmittel-kaufen-100x100.png",100,100,true]},"uagb_author_info":{"display_name":"Andreas","author_link":"https:\/\/dodo-inflatables.com\/sk\/author\/"},"uagb_comment_info":0,"uagb_excerpt":"Dezinfek\u010dn\u00fd prostriedok pre sk\u00e1kacie hrady 12 x 500 ml flia\u0161 Predmie\u0161an\u00fd a pripraven\u00fd na pou\u017eitie 1 liter = 11,66 \u20ac","_links":{"self":[{"href":"https:\/\/dodo-inflatables.com\/sk\/wp-json\/wp\/v2\/product\/13630","targetHints":{"allow":["GET"]}}],"collection":[{"href":"https:\/\/dodo-inflatables.com\/sk\/wp-json\/wp\/v2\/product"}],"about":[{"href":"https:\/\/dodo-inflatables.com\/sk\/wp-json\/wp\/v2\/types\/product"}],"replies":[{"embeddable":true,"href":"https:\/\/dodo-inflatables.com\/sk\/wp-json\/wp\/v2\/comments?post=13630"}],"wp:featuredmedia":[{"embeddable":true,"href":"https:\/\/dodo-inflatables.com\/sk\/wp-json\/wp\/v2\/media\/13632"}],"wp:attachment":[{"href":"https:\/\/dodo-inflatables.com\/sk\/wp-json\/wp\/v2\/media?parent=13630"}],"wp:term":[{"taxonomy":"product_brand","embeddable":true,"href":"https:\/\/dodo-inflatables.com\/sk\/wp-json\/wp\/v2\/product_brand?post=13630"},{"taxonomy":"product_cat","embeddable":true,"href":"https:\/\/dodo-inflatables.com\/sk\/wp-json\/wp\/v2\/product_cat?post=13630"},{"taxonomy":"product_tag","embeddable":true,"href":"https:\/\/dodo-inflatables.com\/sk\/wp-json\/wp\/v2\/product_tag?post=13630"}],"curies":[{"name":"wp","href":"https:\/\/api.w.org\/{rel}","templated":true}]}}