{"id":13661,"date":"2021-01-18T12:17:14","date_gmt":"2021-01-18T11:17:14","guid":{"rendered":"https:\/\/dodo-inflatables.com\/product\/nafukovacia-horska-chata\/"},"modified":"2024-06-01T18:29:44","modified_gmt":"2024-06-01T16:29:44","slug":"nafukovacia-horska-chata","status":"publish","type":"product","link":"https:\/\/dodo-inflatables.com\/sk\/produkt\/nafukovacia-horska-chata\/","title":{"rendered":"Nafukovacia horsk\u00e1 chata"},"content":{"rendered":"<h1>Pred\u00e1m nafukovaciu horsk\u00fa chatu &#8211; stan na \u0161peci\u00e1lne pr\u00edle\u017eitosti<\/h1>\n<p>M\u00e1me tu ve\u013emi \u0161peci\u00e1lny nafukovac\u00ed stan v dizajne drevenej horskej chaty. T\u00e1to nafukovacia dreven\u00e1 chatka je ide\u00e1lna na podujatia a propaga\u010dn\u00e9 aktivity. Nafukovac\u00ed stan je trvalo z\u00e1sobovan\u00fd vzduchom pomocou d\u00fachadla na sk\u00e1kacie hrady, a preto je ve\u013emi stabiln\u00fd. Nafukovac\u00ed stan m\u00e1 samozrejme nieko\u013eko o\u010diek, ktor\u00e9 ho \u010do najlep\u0161ie zabezpe\u010dia proti vetru. Detaily vysokohorskej chaty s\u00fa ve\u013emi dobre premyslen\u00e9, napr\u00edklad dvere sa daj\u00fa otv\u00e1ra\u0165 a zatv\u00e1ra\u0165 pomocou zipsu. \u0160indle na streche vyzeraj\u00fa rozpr\u00e1vkovo a okn\u00e1 maj\u00fa odn\u00edmate\u013en\u00e9 siete proti kom\u00e1rom, aby ste si v chatke mohli odd\u00fdchnu\u0165. Chata m\u00e1 tie\u017e 2 o\u010dka v hornej \u010dasti \u0161t\u00edtu, ktor\u00e9 s\u00fa ide\u00e1lne na pripevnenie transparentu s po\u017eadovan\u00fdm n\u00e1pisom, logom alebo dizajnom. Skuto\u010dn\u00e1 multifunk\u010dn\u00e1 chata s r\u00f4znym vyu\u017eit\u00edm! \u010ci u\u017e ako barov\u00fd stan, bar na podujatie, propaga\u010dn\u00fd stan alebo jednoducho ako p\u00fata\u010d pozornosti, t\u00e1to nafukovacia horsk\u00e1 chata ur\u010dite zaujme.<\/p>\n<p>Chceli by ste chatu v in\u00fdch rozmeroch alebo v inom dizajne, napr\u00edklad ako \u00edrsky pub? \u017diadny probl\u00e9m, radi v\u00e1m pon\u00fakneme v\u0161etky mo\u017enosti.<\/p>\n<p>Nafukovaciu horsk\u00fa chatu odpor\u00fa\u010dame pou\u017e\u00edva\u0165 len na vhodn\u00fdch podkladov\u00fdch placht\u00e1ch. N\u00e1jdete ich aj v na\u0161ej kateg\u00f3rii pr\u00edslu\u0161enstva. V\u0161eobecne odpor\u00fa\u010dame postavi\u0165 nafukovaciu p\u00e1rty chatku na tr\u00e1vniku. Na\u0161e zemn\u00e9 kol\u00edky s\u00fa tie\u017e ide\u00e1lne na jeho upevnenie.<\/p>\n<p>Nafukovacia dreven\u00e1 chatka sa dod\u00e1va vo vhodnom prepravnom vaku. Na ochranu nafukovacej chaty pred vonkaj\u0161\u00edmi vplyvmi a po\u0161koden\u00edm pri preprave by sa mala chata po ka\u017edom pou\u017eit\u00ed riadne prebali\u0165. Ako po\u017ei\u010dov\u0148a by ste tie\u017e mali od z\u00e1kazn\u00edka po\u017eadova\u0165, aby nafukovaciu chatku riadne prebalil.<\/p>\n<h3>Podrobnosti o nafukovacej horskej chate<\/h3>\n<ul>\n<li>Rozmery (d x \u0161 x v): 6,00 m x 4,00 m x 6,20 m *<\/li>\n<li>Hmotnos\u0165: cca. 80 kg *<\/li>\n<li>Ve\u013ekos\u0165 balenia: 80 x 80 x 110 cm *<\/li>\n<li>\u010cas mont\u00e1\u017ee: 10 min\u00fat<\/li>\n<li>Materi\u00e1l: PVC (0,55 mm \/ 621,3 g\/m2)<\/li>\n<li>2 &#8211; 4 \u0161vy (v z\u00e1vislosti od pou\u017eitia)<\/li>\n<li>Spoma\u013eova\u010d horenia<\/li>\n<li>Osved\u010denie o schv\u00e1len\u00ed v s\u00falade s normou EN 14960<\/li>\n<li>Zips s krytom na such\u00fd zips, zosilnen\u00e9 rohy<\/li>\n<\/ul>\n<p>Rozsah dod\u00e1vky zah\u0155\u0148a: nafukovaciu horsk\u00fa chatu, prepravn\u00fa ta\u0161ku a opravn\u00fa s\u00fapravu.<\/p>\n<p>D\u00fachadlo a z\u00e1kladn\u00e1 plachta nie s\u00fa s\u00fa\u010das\u0165ou balenia. Tie n\u00e1jdete v kateg\u00f3rii pr\u00edslu\u0161enstvo.<\/p>\n<p>Nafukovacia horsk\u00e1 chata je kvalitn\u00fd v\u00fdrobok, ktor\u00fd sa vyr\u00e1ba pod\u013ea pr\u00edsnych smern\u00edc v s\u00falade s normou EN 14960. V\u0161etky na\u0161e sk\u00e1kacie hrady a nafukovacie atrakcie s\u00fa profesion\u00e1lne moduly, ktor\u00e9 s\u00fa vhodn\u00e9 na profesion\u00e1lny pren\u00e1jom a pou\u017eitie v z\u00e1bavn\u00fdch parkoch, na kryt\u00fdch ihrisk\u00e1ch a podobne.<\/p>\n<p>D\u00f4le\u017eit\u00e9 prev\u00e1dzkov\u00e9 pokyny<\/p>\n<p>D\u00fachadlo (nie je s\u00fa\u010das\u0165ou dod\u00e1vky) mus\u00ed po\u010das pou\u017e\u00edvania be\u017ea\u0165 nepretr\u017eite.<br \/>\nMierny \u00fanik vzduchu cez otvory vo \u0161v\u00edkoch je norm\u00e1lny.<\/p>\n<p>* Hmotnos\u0165 a rozmery s\u00fa pribli\u017en\u00e9 a m\u00f4\u017eu sa mierne l\u00ed\u0161i\u0165<\/p>\n","protected":false},"excerpt":{"rendered":"<p><i class=\"fa fa-arrows-alt\"><\/i>  Rozmery (d x \u0161 x v): 6,00 m x 4,00 m x 6,20 m *<br \/>\n<i class=\"fa fa-check\"><\/i>  Profesion\u00e1lny modul &#8211; vhodn\u00fd na komer\u010dn\u00e9 a s\u00fakromn\u00e9 pou\u017eitie<\/p>\n<p><i class=\"fa fa-square\"><\/i>  PVC (0,55 mm \/ 621,3 g\/m2)<br \/>\n<i class=\"fa fa-align-justify\"><\/i>  2 &#8211; 4-n\u00e1sobn\u00e9 pre\u0161itie (v z\u00e1vislosti od za\u0165a\u017eenia)<br \/>\n<i class=\"fa fa-fire\"><\/i>  Spoma\u013eova\u010d horenia<\/p>\n","protected":false},"featured_media":13665,"comment_status":"open","ping_status":"closed","template":"","meta":{"_acf_changed":false,"_uag_custom_page_level_css":"","site-sidebar-layout":"default","site-content-layout":"boxed-container","ast-site-content-layout":"normal-width-container","site-content-style":"boxed","site-sidebar-style":"boxed","ast-global-header-display":"","ast-banner-title-visibility":"","ast-main-header-display":"","ast-hfb-above-header-display":"","ast-hfb-below-header-display":"","ast-hfb-mobile-header-display":"","site-post-title":"disabled","ast-breadcrumbs-content":"","ast-featured-img":"","footer-sml-layout":"","ast-disable-related-posts":"","theme-transparent-header-meta":"default","adv-header-id-meta":"","stick-header-meta":"default","header-above-stick-meta":"","header-main-stick-meta":"","header-below-stick-meta":"","astra-migrate-meta-layouts":"default","ast-page-background-enabled":"default","ast-page-background-meta":{"desktop":{"background-color":"var(--ast-global-color-4)","background-image":"","background-repeat":"repeat","background-position":"center center","background-size":"auto","background-attachment":"scroll","background-type":"","background-media":"","overlay-type":"","overlay-color":"","overlay-opacity":"","overlay-gradient":""},"tablet":{"background-color":"","background-image":"","background-repeat":"repeat","background-position":"center center","background-size":"auto","background-attachment":"scroll","background-type":"","background-media":"","overlay-type":"","overlay-color":"","overlay-opacity":"","overlay-gradient":""},"mobile":{"background-color":"","background-image":"","background-repeat":"repeat","background-position":"center center","background-size":"auto","background-attachment":"scroll","background-type":"","background-media":"","overlay-type":"","overlay-color":"","overlay-opacity":"","overlay-gradient":""}},"ast-content-background-meta":{"desktop":{"background-color":"var(--ast-global-color-5)","background-image":"","background-repeat":"repeat","background-position":"center center","background-size":"auto","background-attachment":"scroll","background-type":"","background-media":"","overlay-type":"","overlay-color":"","overlay-opacity":"","overlay-gradient":""},"tablet":{"background-color":"var(--ast-global-color-5)","background-image":"","background-repeat":"repeat","background-position":"center center","background-size":"auto","background-attachment":"scroll","background-type":"","background-media":"","overlay-type":"","overlay-color":"","overlay-opacity":"","overlay-gradient":""},"mobile":{"background-color":"var(--ast-global-color-5)","background-image":"","background-repeat":"repeat","background-position":"center center","background-size":"auto","background-attachment":"scroll","background-type":"","background-media":"","overlay-type":"","overlay-color":"","overlay-opacity":"","overlay-gradient":""}}},"product_brand":[],"product_cat":[1281],"product_tag":[],"class_list":{"0":"post-13661","1":"product","2":"type-product","3":"status-publish","4":"has-post-thumbnail","6":"product_cat-atrakcie","7":"product_shipping_class-spedition-hupfburg-sk","8":"pa_gtin-0669145336636-sk","9":"desktop-align-center","10":"tablet-align-center","11":"mobile-align-center","12":"ast-product-gallery-layout-horizontal","13":"ast-product-tabs-layout-horizontal","15":"first","16":"onbackorder","17":"taxable","18":"shipping-taxable","19":"purchasable","20":"product-type-simple"},"acf":[],"yoast_head":"<!-- This site is optimized with the Yoast SEO plugin v27.3 - https:\/\/yoast.com\/product\/yoast-seo-wordpress\/ -->\n<title>K\u00fapi\u0165 nafukovacie horsk\u00e9 chaty a dreven\u00e9 chaty | Dodo-Inflatables.com<\/title>\n<meta name=\"description\" content=\"K\u00fapte si na\u0161u nafukovaciu dreven\u00fa chatku ako p\u00e1rty stan priamo online na Dodo-Inflatables.com | Mnoho modelov na sklade | R\u00fdchle dodanie | Najlep\u0161ia kvalita\" \/>\n<meta name=\"robots\" content=\"index, follow, max-snippet:-1, max-image-preview:large, max-video-preview:-1\" \/>\n<link rel=\"canonical\" href=\"https:\/\/dodo-inflatables.com\/sk\/produkt\/nafukovacia-horska-chata\/\" \/>\n<meta name=\"twitter:label1\" content=\"Predpokladan\u00fd \u010das \u010d\u00edtania\" \/>\n\t<meta name=\"twitter:data1\" content=\"3 min\u00faty\" \/>\n<script type=\"application\/ld+json\" class=\"yoast-schema-graph\">{\"@context\":\"https:\\\/\\\/schema.org\",\"@graph\":[{\"@type\":\"WebPage\",\"@id\":\"https:\\\/\\\/dodo-inflatables.com\\\/sk\\\/produkt\\\/nafukovacia-horska-chata\\\/\",\"url\":\"https:\\\/\\\/dodo-inflatables.com\\\/sk\\\/produkt\\\/nafukovacia-horska-chata\\\/\",\"name\":\"K\u00fapi\u0165 nafukovacie horsk\u00e9 chaty a dreven\u00e9 chaty | Dodo-Inflatables.com\",\"isPartOf\":{\"@id\":\"https:\\\/\\\/dodo-inflatables.com\\\/sk\\\/#website\"},\"primaryImageOfPage\":{\"@id\":\"https:\\\/\\\/dodo-inflatables.com\\\/sk\\\/produkt\\\/nafukovacia-horska-chata\\\/#primaryimage\"},\"image\":{\"@id\":\"https:\\\/\\\/dodo-inflatables.com\\\/sk\\\/produkt\\\/nafukovacia-horska-chata\\\/#primaryimage\"},\"thumbnailUrl\":\"https:\\\/\\\/dodo-inflatables.com\\\/wp-content\\\/uploads\\\/2021\\\/01\\\/Aufblasbare-Almhuette-Partyzelt-kaufen_0006_Ebene-3.jpg\",\"datePublished\":\"2021-01-18T11:17:14+00:00\",\"dateModified\":\"2024-06-01T16:29:44+00:00\",\"description\":\"K\u00fapte si na\u0161u nafukovaciu dreven\u00fa chatku ako p\u00e1rty stan priamo online na Dodo-Inflatables.com | Mnoho modelov na sklade | R\u00fdchle dodanie | Najlep\u0161ia kvalita\",\"breadcrumb\":{\"@id\":\"https:\\\/\\\/dodo-inflatables.com\\\/sk\\\/produkt\\\/nafukovacia-horska-chata\\\/#breadcrumb\"},\"inLanguage\":\"sk-SK\",\"potentialAction\":[{\"@type\":\"ReadAction\",\"target\":[\"https:\\\/\\\/dodo-inflatables.com\\\/sk\\\/produkt\\\/nafukovacia-horska-chata\\\/\"]}]},{\"@type\":\"ImageObject\",\"inLanguage\":\"sk-SK\",\"@id\":\"https:\\\/\\\/dodo-inflatables.com\\\/sk\\\/produkt\\\/nafukovacia-horska-chata\\\/#primaryimage\",\"url\":\"https:\\\/\\\/dodo-inflatables.com\\\/wp-content\\\/uploads\\\/2021\\\/01\\\/Aufblasbare-Almhuette-Partyzelt-kaufen_0006_Ebene-3.jpg\",\"contentUrl\":\"https:\\\/\\\/dodo-inflatables.com\\\/wp-content\\\/uploads\\\/2021\\\/01\\\/Aufblasbare-Almhuette-Partyzelt-kaufen_0006_Ebene-3.jpg\",\"width\":500,\"height\":500},{\"@type\":\"BreadcrumbList\",\"@id\":\"https:\\\/\\\/dodo-inflatables.com\\\/sk\\\/produkt\\\/nafukovacia-horska-chata\\\/#breadcrumb\",\"itemListElement\":[{\"@type\":\"ListItem\",\"position\":1,\"name\":\"Domovsk\u00e1 str\u00e1nka\",\"item\":\"https:\\\/\\\/dodo-inflatables.com\\\/sk\\\/\"},{\"@type\":\"ListItem\",\"position\":2,\"name\":\"Obchod\",\"item\":\"https:\\\/\\\/dodo-inflatables.com\\\/sk\\\/obchod\\\/\"},{\"@type\":\"ListItem\",\"position\":3,\"name\":\"Nafukovacia horsk\u00e1 chata\"}]},{\"@type\":\"WebSite\",\"@id\":\"https:\\\/\\\/dodo-inflatables.com\\\/sk\\\/#website\",\"url\":\"https:\\\/\\\/dodo-inflatables.com\\\/sk\\\/\",\"name\":\"dodo-inflatables.com\",\"description\":\"Nakupujte sk\u00e1kacie hrady a atrakcie v na\u0161om obchode.\",\"publisher\":{\"@id\":\"https:\\\/\\\/dodo-inflatables.com\\\/sk\\\/#organization\"},\"potentialAction\":[{\"@type\":\"SearchAction\",\"target\":{\"@type\":\"EntryPoint\",\"urlTemplate\":\"https:\\\/\\\/dodo-inflatables.com\\\/sk\\\/?s={search_term_string}\"},\"query-input\":{\"@type\":\"PropertyValueSpecification\",\"valueRequired\":true,\"valueName\":\"search_term_string\"}}],\"inLanguage\":\"sk-SK\"},{\"@type\":\"Organization\",\"@id\":\"https:\\\/\\\/dodo-inflatables.com\\\/sk\\\/#organization\",\"name\":\"dodo-inflatables.com\",\"url\":\"https:\\\/\\\/dodo-inflatables.com\\\/sk\\\/\",\"logo\":{\"@type\":\"ImageObject\",\"inLanguage\":\"sk-SK\",\"@id\":\"https:\\\/\\\/dodo-inflatables.com\\\/sk\\\/#\\\/schema\\\/logo\\\/image\\\/\",\"url\":\"https:\\\/\\\/dodo-inflatables.com\\\/wp-content\\\/uploads\\\/2023\\\/04\\\/cropped-cropped-cropped-Dodo-Logo.png\",\"contentUrl\":\"https:\\\/\\\/dodo-inflatables.com\\\/wp-content\\\/uploads\\\/2023\\\/04\\\/cropped-cropped-cropped-Dodo-Logo.png\",\"width\":2996,\"height\":1545,\"caption\":\"dodo-inflatables.com\"},\"image\":{\"@id\":\"https:\\\/\\\/dodo-inflatables.com\\\/sk\\\/#\\\/schema\\\/logo\\\/image\\\/\"}}]}<\/script>\n<!-- \/ Yoast SEO plugin. -->","yoast_head_json":{"title":"K\u00fapi\u0165 nafukovacie horsk\u00e9 chaty a dreven\u00e9 chaty | Dodo-Inflatables.com","description":"K\u00fapte si na\u0161u nafukovaciu dreven\u00fa chatku ako p\u00e1rty stan priamo online na Dodo-Inflatables.com | Mnoho modelov na sklade | R\u00fdchle dodanie | Najlep\u0161ia kvalita","robots":{"index":"index","follow":"follow","max-snippet":"max-snippet:-1","max-image-preview":"max-image-preview:large","max-video-preview":"max-video-preview:-1"},"canonical":"https:\/\/dodo-inflatables.com\/sk\/produkt\/nafukovacia-horska-chata\/","twitter_misc":{"Predpokladan\u00fd \u010das \u010d\u00edtania":"3 min\u00faty"},"schema":{"@context":"https:\/\/schema.org","@graph":[{"@type":"WebPage","@id":"https:\/\/dodo-inflatables.com\/sk\/produkt\/nafukovacia-horska-chata\/","url":"https:\/\/dodo-inflatables.com\/sk\/produkt\/nafukovacia-horska-chata\/","name":"K\u00fapi\u0165 nafukovacie horsk\u00e9 chaty a dreven\u00e9 chaty | Dodo-Inflatables.com","isPartOf":{"@id":"https:\/\/dodo-inflatables.com\/sk\/#website"},"primaryImageOfPage":{"@id":"https:\/\/dodo-inflatables.com\/sk\/produkt\/nafukovacia-horska-chata\/#primaryimage"},"image":{"@id":"https:\/\/dodo-inflatables.com\/sk\/produkt\/nafukovacia-horska-chata\/#primaryimage"},"thumbnailUrl":"https:\/\/dodo-inflatables.com\/wp-content\/uploads\/2021\/01\/Aufblasbare-Almhuette-Partyzelt-kaufen_0006_Ebene-3.jpg","datePublished":"2021-01-18T11:17:14+00:00","dateModified":"2024-06-01T16:29:44+00:00","description":"K\u00fapte si na\u0161u nafukovaciu dreven\u00fa chatku ako p\u00e1rty stan priamo online na Dodo-Inflatables.com | Mnoho modelov na sklade | R\u00fdchle dodanie | Najlep\u0161ia kvalita","breadcrumb":{"@id":"https:\/\/dodo-inflatables.com\/sk\/produkt\/nafukovacia-horska-chata\/#breadcrumb"},"inLanguage":"sk-SK","potentialAction":[{"@type":"ReadAction","target":["https:\/\/dodo-inflatables.com\/sk\/produkt\/nafukovacia-horska-chata\/"]}]},{"@type":"ImageObject","inLanguage":"sk-SK","@id":"https:\/\/dodo-inflatables.com\/sk\/produkt\/nafukovacia-horska-chata\/#primaryimage","url":"https:\/\/dodo-inflatables.com\/wp-content\/uploads\/2021\/01\/Aufblasbare-Almhuette-Partyzelt-kaufen_0006_Ebene-3.jpg","contentUrl":"https:\/\/dodo-inflatables.com\/wp-content\/uploads\/2021\/01\/Aufblasbare-Almhuette-Partyzelt-kaufen_0006_Ebene-3.jpg","width":500,"height":500},{"@type":"BreadcrumbList","@id":"https:\/\/dodo-inflatables.com\/sk\/produkt\/nafukovacia-horska-chata\/#breadcrumb","itemListElement":[{"@type":"ListItem","position":1,"name":"Domovsk\u00e1 str\u00e1nka","item":"https:\/\/dodo-inflatables.com\/sk\/"},{"@type":"ListItem","position":2,"name":"Obchod","item":"https:\/\/dodo-inflatables.com\/sk\/obchod\/"},{"@type":"ListItem","position":3,"name":"Nafukovacia horsk\u00e1 chata"}]},{"@type":"WebSite","@id":"https:\/\/dodo-inflatables.com\/sk\/#website","url":"https:\/\/dodo-inflatables.com\/sk\/","name":"dodo-inflatables.com","description":"Nakupujte sk\u00e1kacie hrady a atrakcie v na\u0161om obchode.","publisher":{"@id":"https:\/\/dodo-inflatables.com\/sk\/#organization"},"potentialAction":[{"@type":"SearchAction","target":{"@type":"EntryPoint","urlTemplate":"https:\/\/dodo-inflatables.com\/sk\/?s={search_term_string}"},"query-input":{"@type":"PropertyValueSpecification","valueRequired":true,"valueName":"search_term_string"}}],"inLanguage":"sk-SK"},{"@type":"Organization","@id":"https:\/\/dodo-inflatables.com\/sk\/#organization","name":"dodo-inflatables.com","url":"https:\/\/dodo-inflatables.com\/sk\/","logo":{"@type":"ImageObject","inLanguage":"sk-SK","@id":"https:\/\/dodo-inflatables.com\/sk\/#\/schema\/logo\/image\/","url":"https:\/\/dodo-inflatables.com\/wp-content\/uploads\/2023\/04\/cropped-cropped-cropped-Dodo-Logo.png","contentUrl":"https:\/\/dodo-inflatables.com\/wp-content\/uploads\/2023\/04\/cropped-cropped-cropped-Dodo-Logo.png","width":2996,"height":1545,"caption":"dodo-inflatables.com"},"image":{"@id":"https:\/\/dodo-inflatables.com\/sk\/#\/schema\/logo\/image\/"}}]}},"uagb_featured_image_src":{"full":["https:\/\/dodo-inflatables.com\/wp-content\/uploads\/2021\/01\/Aufblasbare-Almhuette-Partyzelt-kaufen_0006_Ebene-3.jpg",500,500,false],"thumbnail":["https:\/\/dodo-inflatables.com\/wp-content\/uploads\/2021\/01\/Aufblasbare-Almhuette-Partyzelt-kaufen_0006_Ebene-3-150x150.jpg",150,150,true],"medium":["https:\/\/dodo-inflatables.com\/wp-content\/uploads\/2021\/01\/Aufblasbare-Almhuette-Partyzelt-kaufen_0006_Ebene-3-300x300.jpg",300,300,true],"medium_large":["https:\/\/dodo-inflatables.com\/wp-content\/uploads\/2021\/01\/Aufblasbare-Almhuette-Partyzelt-kaufen_0006_Ebene-3.jpg",500,500,false],"large":["https:\/\/dodo-inflatables.com\/wp-content\/uploads\/2021\/01\/Aufblasbare-Almhuette-Partyzelt-kaufen_0006_Ebene-3.jpg",500,500,false],"1536x1536":["https:\/\/dodo-inflatables.com\/wp-content\/uploads\/2021\/01\/Aufblasbare-Almhuette-Partyzelt-kaufen_0006_Ebene-3.jpg",500,500,false],"2048x2048":["https:\/\/dodo-inflatables.com\/wp-content\/uploads\/2021\/01\/Aufblasbare-Almhuette-Partyzelt-kaufen_0006_Ebene-3.jpg",500,500,false],"woocommerce_thumbnail":["https:\/\/dodo-inflatables.com\/wp-content\/uploads\/2021\/01\/Aufblasbare-Almhuette-Partyzelt-kaufen_0006_Ebene-3.jpg",500,500,false],"woocommerce_single":["https:\/\/dodo-inflatables.com\/wp-content\/uploads\/2021\/01\/Aufblasbare-Almhuette-Partyzelt-kaufen_0006_Ebene-3.jpg",500,500,false],"woocommerce_gallery_thumbnail":["https:\/\/dodo-inflatables.com\/wp-content\/uploads\/2021\/01\/Aufblasbare-Almhuette-Partyzelt-kaufen_0006_Ebene-3-100x100.jpg",100,100,true]},"uagb_author_info":{"display_name":"Andreas","author_link":"https:\/\/dodo-inflatables.com\/sk\/author\/"},"uagb_comment_info":0,"uagb_excerpt":"Rozmery (d x \u0161 x v): 6,00 m x 4,00 m x 6,20 m * Profesion\u00e1lny modul - vhodn\u00fd na komer\u010dn\u00e9 a s\u00fakromn\u00e9 pou\u017eitie PVC (0,55 mm \/ 621,3 g\/m2) 2 - 4-n\u00e1sobn\u00e9 pre\u0161itie (v z\u00e1vislosti od za\u0165a\u017eenia) Spoma\u013eova\u010d horenia","_links":{"self":[{"href":"https:\/\/dodo-inflatables.com\/sk\/wp-json\/wp\/v2\/product\/13661","targetHints":{"allow":["GET"]}}],"collection":[{"href":"https:\/\/dodo-inflatables.com\/sk\/wp-json\/wp\/v2\/product"}],"about":[{"href":"https:\/\/dodo-inflatables.com\/sk\/wp-json\/wp\/v2\/types\/product"}],"replies":[{"embeddable":true,"href":"https:\/\/dodo-inflatables.com\/sk\/wp-json\/wp\/v2\/comments?post=13661"}],"wp:featuredmedia":[{"embeddable":true,"href":"https:\/\/dodo-inflatables.com\/sk\/wp-json\/wp\/v2\/media\/13665"}],"wp:attachment":[{"href":"https:\/\/dodo-inflatables.com\/sk\/wp-json\/wp\/v2\/media?parent=13661"}],"wp:term":[{"taxonomy":"product_brand","embeddable":true,"href":"https:\/\/dodo-inflatables.com\/sk\/wp-json\/wp\/v2\/product_brand?post=13661"},{"taxonomy":"product_cat","embeddable":true,"href":"https:\/\/dodo-inflatables.com\/sk\/wp-json\/wp\/v2\/product_cat?post=13661"},{"taxonomy":"product_tag","embeddable":true,"href":"https:\/\/dodo-inflatables.com\/sk\/wp-json\/wp\/v2\/product_tag?post=13661"}],"curies":[{"name":"wp","href":"https:\/\/api.w.org\/{rel}","templated":true}]}}