{"id":13710,"date":"2020-12-29T15:00:18","date_gmt":"2020-12-29T14:00:18","guid":{"rendered":"https:\/\/dodo-inflatables.com\/product\/pridavny-ohrievac-huawei\/"},"modified":"2026-04-25T18:30:05","modified_gmt":"2026-04-25T16:30:05","slug":"pridavny-ohrievac-huawei","status":"publish","type":"product","link":"https:\/\/dodo-inflatables.com\/sk\/produkt\/pridavny-ohrievac-huawei\/","title":{"rendered":"Vykurovac\u00ed n\u00e1stavec pre ventil\u00e1tory Huawei"},"content":{"rendered":"<h2>K\u00fapi\u0165 vykurovac\u00ed n\u00e1stavec pre ventil\u00e1tory Huawei pre sk\u00e1kacie hrady<\/h2>\n<p>Vykurovac\u00ed n\u00e1stavec pre ventil\u00e1tory Huawei je ide\u00e1lnym rie\u0161en\u00edm na ove\u013ea r\u00fdchlej\u0161ie su\u0161enie mokr\u00fdch sk\u00e1kac\u00edch hradov.<br \/>\nPomocou patentovan\u00e9ho syst\u00e9mu r\u00fdchleho kliknutia sa ohrieva\u010d pripoj\u00ed priamo k ventil\u00e1toru a ohrieva vzduch, ktor\u00fd sa potom vh\u00e1\u0148a do sk\u00e1kacieho hradu.<br \/>\n<strong>R\u00fdchlej\u0161ie su\u0161enie:<\/strong><br \/>\nTepl\u00fd vzduch v\u00fdrazne skracuje dobu su\u0161enia vlhk\u00e9ho sk\u00e1kacieho hradu. Dlh\u00e9 \u010dakanie alebo hodiny dodato\u010dn\u00e9ho su\u0161enia s\u00fa v\u00fdrazne zn\u00ed\u017een\u00e9 \u2013 zvl\u00e1\u0161\u0165 u\u017eito\u010dn\u00e9 pre po\u017ei\u010dovne s nieko\u013ek\u00fdmi po\u017ei\u010diavaniami za jeden de\u0148.<br \/>\n<strong>Ochrana pred vlhkos\u0165ou a ples\u0148ou:<\/strong><br \/>\nOhrieva\u010d nesu\u0161\u00ed len vonkaj\u0161ie povrchy, ale aj vn\u00fatro sk\u00e1kacieho hradu. To pom\u00e1ha \u00fa\u010dinne predch\u00e1dza\u0165 hromadeniu vlhkosti a plesniam, pri\u010dom tie\u017e predl\u017euje \u017eivotnos\u0165 nafukovacej kon\u0161trukcie.<br \/>\n<strong>Jednoduch\u00e1 in\u0161tal\u00e1cia:<\/strong><br \/>\nV\u010faka patentovan\u00e9mu syst\u00e9mu r\u00fdchleho kliknutia mo\u017eno ohrieva\u010d r\u00fdchlo a jednoducho namontova\u0165 na ventil\u00e1tor Huawei \u2013 bez potreby \u010fal\u0161\u00edch n\u00e1strojov.<br \/>\n<strong>Ide\u00e1lny pre po\u017ei\u010dovne:<\/strong><br \/>\nNajm\u00e4 v po\u017ei\u010dovn\u00edckych oper\u00e1ci\u00e1ch s \u010dast\u00fdm zostavovan\u00edm a balen\u00edm a tie\u017e pri meniacich sa poveternostn\u00fdch podmienkach je vykurovac\u00ed n\u00e1stavec cenn\u00fdm doplnkom pre profesion\u00e1lnych pou\u017e\u00edvate\u013eov.<br \/>\n&nbsp;<\/p>\n<h3><strong>Technick\u00e9 \u00fadaje<\/strong><\/h3>\n<ul>\n<li>Rozmery: 33,5 x 31,5 x 28 cm (D x \u0160 x V)<\/li>\n<li>V\u00fdkon: 2,5 kW<\/li>\n<li>Pripojenie: Schuko z\u00e1str\u010dka<\/li>\n<\/ul>\n<h3><strong>Pokyny<\/strong><\/h3>\n<ul>\n<li>1. Pripojte ohrieva\u010d k ventil\u00e1toru Huawei<\/li>\n<li>2. Otvorte v\u0161etky zipsy na sk\u00e1kacom hrade<\/li>\n<li>3. Zapnite ohrieva\u010d<\/li>\n<\/ul>\n<p><b>D\u00f4le\u017eit\u00e9:<\/b><span style=\"font-size: 16px;\"> Ohrieva\u010d vy\u017eaduje <\/span><span class=\"s1\" style=\"font-size: 16px;\"><b>2,5 kW<\/b><\/span><span style=\"font-size: 16px;\"> a mus\u00ed by\u0165 v\u017edy prev\u00e1dzkovan\u00fd prostredn\u00edctvom <\/span><span class=\"s1\" style=\"font-size: 16px;\"><b>samostatn\u00e9ho nap\u00e1jacieho vedenia<\/b><\/span><span style=\"font-size: 16px;\">.<\/span><\/p>\n","protected":false},"excerpt":{"rendered":"<ul>\n<li>Vhodn\u00e9 pre ventil\u00e1tor Huawei REH-1.5E &#8211; 1.5 HP a ventil\u00e1tor Huawei REH-2E &#8211; 2 HP<\/li>\n<li>Vhodn\u00e9 pre v\u0161etky sk\u00e1kacie hrady a event moduly v ponuke<\/li>\n<li>Jednoduch\u00e9 pou\u017eitie \u2013 ide\u00e1lne na su\u0161enie nafukovacej kon\u0161trukcie<\/li>\n<\/ul>\n","protected":false},"featured_media":13714,"comment_status":"open","ping_status":"closed","template":"","meta":{"_acf_changed":false,"_uag_custom_page_level_css":"","site-sidebar-layout":"default","site-content-layout":"boxed-container","ast-site-content-layout":"normal-width-container","site-content-style":"boxed","site-sidebar-style":"boxed","ast-global-header-display":"","ast-banner-title-visibility":"","ast-main-header-display":"","ast-hfb-above-header-display":"","ast-hfb-below-header-display":"","ast-hfb-mobile-header-display":"","site-post-title":"disabled","ast-breadcrumbs-content":"","ast-featured-img":"","footer-sml-layout":"","ast-disable-related-posts":"","theme-transparent-header-meta":"default","adv-header-id-meta":"","stick-header-meta":"default","header-above-stick-meta":"","header-main-stick-meta":"","header-below-stick-meta":"","astra-migrate-meta-layouts":"default","ast-page-background-enabled":"default","ast-page-background-meta":{"desktop":{"background-color":"var(--ast-global-color-4)","background-image":"","background-repeat":"repeat","background-position":"center center","background-size":"auto","background-attachment":"scroll","background-type":"","background-media":"","overlay-type":"","overlay-color":"","overlay-opacity":"","overlay-gradient":""},"tablet":{"background-color":"","background-image":"","background-repeat":"repeat","background-position":"center center","background-size":"auto","background-attachment":"scroll","background-type":"","background-media":"","overlay-type":"","overlay-color":"","overlay-opacity":"","overlay-gradient":""},"mobile":{"background-color":"","background-image":"","background-repeat":"repeat","background-position":"center center","background-size":"auto","background-attachment":"scroll","background-type":"","background-media":"","overlay-type":"","overlay-color":"","overlay-opacity":"","overlay-gradient":""}},"ast-content-background-meta":{"desktop":{"background-color":"var(--ast-global-color-5)","background-image":"","background-repeat":"repeat","background-position":"center center","background-size":"auto","background-attachment":"scroll","background-type":"","background-media":"","overlay-type":"","overlay-color":"","overlay-opacity":"","overlay-gradient":""},"tablet":{"background-color":"var(--ast-global-color-5)","background-image":"","background-repeat":"repeat","background-position":"center center","background-size":"auto","background-attachment":"scroll","background-type":"","background-media":"","overlay-type":"","overlay-color":"","overlay-opacity":"","overlay-gradient":""},"mobile":{"background-color":"var(--ast-global-color-5)","background-image":"","background-repeat":"repeat","background-position":"center center","background-size":"auto","background-attachment":"scroll","background-type":"","background-media":"","overlay-type":"","overlay-color":"","overlay-opacity":"","overlay-gradient":""}}},"product_brand":[],"product_cat":[1138],"product_tag":[],"class_list":{"0":"post-13710","1":"product","2":"type-product","3":"status-publish","4":"has-post-thumbnail","6":"product_cat-prislusenstvo","7":"product_shipping_class-zubehor-sk","8":"pa_gtin-0669145333994-sk","9":"desktop-align-center","10":"tablet-align-center","11":"mobile-align-center","12":"ast-product-gallery-layout-horizontal","13":"ast-product-tabs-layout-horizontal","15":"first","16":"instock","17":"taxable","18":"shipping-taxable","19":"purchasable","20":"product-type-simple"},"acf":[],"yoast_head":"<!-- This site is optimized with the Yoast SEO plugin v27.5 - https:\/\/yoast.com\/product\/yoast-seo-wordpress\/ -->\n<title>K\u00fapi\u0165 ohrieva\u010d pre Huawei Blowers | Dodo-Inflatables.com<\/title>\n<meta name=\"description\" content=\"K\u00fapi\u0165 ohrieva\u010d pre nafukovacie d\u00fachadl\u00e1 Huawei REH-1.5E - 1.5HP na Dodo-Inflatables.com | F\u00e9rov\u00e9 ceny | V\u017edy na sklade | R\u00fdchle dodanie!\" \/>\n<meta name=\"robots\" content=\"index, follow, max-snippet:-1, max-image-preview:large, max-video-preview:-1\" \/>\n<link rel=\"canonical\" href=\"https:\/\/dodo-inflatables.com\/sk\/produkt\/pridavny-ohrievac-huawei\/\" \/>\n<meta name=\"twitter:label1\" content=\"Predpokladan\u00fd \u010das \u010d\u00edtania\" \/>\n\t<meta name=\"twitter:data1\" content=\"1 min\u00fata\" \/>\n<script type=\"application\/ld+json\" class=\"yoast-schema-graph\">{\"@context\":\"https:\\\/\\\/schema.org\",\"@graph\":[{\"@type\":\"WebPage\",\"@id\":\"https:\\\/\\\/dodo-inflatables.com\\\/sk\\\/produkt\\\/pridavny-ohrievac-huawei\\\/\",\"url\":\"https:\\\/\\\/dodo-inflatables.com\\\/sk\\\/produkt\\\/pridavny-ohrievac-huawei\\\/\",\"name\":\"K\u00fapi\u0165 ohrieva\u010d pre Huawei Blowers | Dodo-Inflatables.com\",\"isPartOf\":{\"@id\":\"https:\\\/\\\/dodo-inflatables.com\\\/sk\\\/#website\"},\"primaryImageOfPage\":{\"@id\":\"https:\\\/\\\/dodo-inflatables.com\\\/sk\\\/produkt\\\/pridavny-ohrievac-huawei\\\/#primaryimage\"},\"image\":{\"@id\":\"https:\\\/\\\/dodo-inflatables.com\\\/sk\\\/produkt\\\/pridavny-ohrievac-huawei\\\/#primaryimage\"},\"thumbnailUrl\":\"https:\\\/\\\/dodo-inflatables.com\\\/wp-content\\\/uploads\\\/2020\\\/12\\\/Hupfburg-Geblase-Huawei-kaufen_0004_Air-Heater.jpg\",\"datePublished\":\"2020-12-29T14:00:18+00:00\",\"dateModified\":\"2026-04-25T16:30:05+00:00\",\"description\":\"K\u00fapi\u0165 ohrieva\u010d pre nafukovacie d\u00fachadl\u00e1 Huawei REH-1.5E - 1.5HP na Dodo-Inflatables.com | F\u00e9rov\u00e9 ceny | V\u017edy na sklade | R\u00fdchle dodanie!\",\"breadcrumb\":{\"@id\":\"https:\\\/\\\/dodo-inflatables.com\\\/sk\\\/produkt\\\/pridavny-ohrievac-huawei\\\/#breadcrumb\"},\"inLanguage\":\"sk-SK\",\"potentialAction\":[{\"@type\":\"ReadAction\",\"target\":[\"https:\\\/\\\/dodo-inflatables.com\\\/sk\\\/produkt\\\/pridavny-ohrievac-huawei\\\/\"]}]},{\"@type\":\"ImageObject\",\"inLanguage\":\"sk-SK\",\"@id\":\"https:\\\/\\\/dodo-inflatables.com\\\/sk\\\/produkt\\\/pridavny-ohrievac-huawei\\\/#primaryimage\",\"url\":\"https:\\\/\\\/dodo-inflatables.com\\\/wp-content\\\/uploads\\\/2020\\\/12\\\/Hupfburg-Geblase-Huawei-kaufen_0004_Air-Heater.jpg\",\"contentUrl\":\"https:\\\/\\\/dodo-inflatables.com\\\/wp-content\\\/uploads\\\/2020\\\/12\\\/Hupfburg-Geblase-Huawei-kaufen_0004_Air-Heater.jpg\",\"width\":500,\"height\":500,\"caption\":\"Vykurovac\u00ed n\u00e1stavec pre ventil\u00e1tory Huawei | Dodo Inflatables\"},{\"@type\":\"BreadcrumbList\",\"@id\":\"https:\\\/\\\/dodo-inflatables.com\\\/sk\\\/produkt\\\/pridavny-ohrievac-huawei\\\/#breadcrumb\",\"itemListElement\":[{\"@type\":\"ListItem\",\"position\":1,\"name\":\"Domovsk\u00e1 str\u00e1nka\",\"item\":\"https:\\\/\\\/dodo-inflatables.com\\\/sk\\\/\"},{\"@type\":\"ListItem\",\"position\":2,\"name\":\"Obchod\",\"item\":\"https:\\\/\\\/dodo-inflatables.com\\\/sk\\\/obchod\\\/\"},{\"@type\":\"ListItem\",\"position\":3,\"name\":\"Pr\u00eddavn\u00fd ohrieva\u010d Huawei\"}]},{\"@type\":\"WebSite\",\"@id\":\"https:\\\/\\\/dodo-inflatables.com\\\/sk\\\/#website\",\"url\":\"https:\\\/\\\/dodo-inflatables.com\\\/sk\\\/\",\"name\":\"dodo-inflatables.com\",\"description\":\"Nakupujte sk\u00e1kacie hrady a atrakcie v na\u0161om obchode.\",\"potentialAction\":[{\"@type\":\"SearchAction\",\"target\":{\"@type\":\"EntryPoint\",\"urlTemplate\":\"https:\\\/\\\/dodo-inflatables.com\\\/sk\\\/?s={search_term_string}\"},\"query-input\":{\"@type\":\"PropertyValueSpecification\",\"valueRequired\":true,\"valueName\":\"search_term_string\"}}],\"inLanguage\":\"sk-SK\"}]}<\/script>\n<!-- \/ Yoast SEO plugin. -->","yoast_head_json":{"title":"K\u00fapi\u0165 ohrieva\u010d pre Huawei Blowers | Dodo-Inflatables.com","description":"K\u00fapi\u0165 ohrieva\u010d pre nafukovacie d\u00fachadl\u00e1 Huawei REH-1.5E - 1.5HP na Dodo-Inflatables.com | F\u00e9rov\u00e9 ceny | V\u017edy na sklade | R\u00fdchle dodanie!","robots":{"index":"index","follow":"follow","max-snippet":"max-snippet:-1","max-image-preview":"max-image-preview:large","max-video-preview":"max-video-preview:-1"},"canonical":"https:\/\/dodo-inflatables.com\/sk\/produkt\/pridavny-ohrievac-huawei\/","twitter_misc":{"Predpokladan\u00fd \u010das \u010d\u00edtania":"1 min\u00fata"},"schema":{"@context":"https:\/\/schema.org","@graph":[{"@type":"WebPage","@id":"https:\/\/dodo-inflatables.com\/sk\/produkt\/pridavny-ohrievac-huawei\/","url":"https:\/\/dodo-inflatables.com\/sk\/produkt\/pridavny-ohrievac-huawei\/","name":"K\u00fapi\u0165 ohrieva\u010d pre Huawei Blowers | Dodo-Inflatables.com","isPartOf":{"@id":"https:\/\/dodo-inflatables.com\/sk\/#website"},"primaryImageOfPage":{"@id":"https:\/\/dodo-inflatables.com\/sk\/produkt\/pridavny-ohrievac-huawei\/#primaryimage"},"image":{"@id":"https:\/\/dodo-inflatables.com\/sk\/produkt\/pridavny-ohrievac-huawei\/#primaryimage"},"thumbnailUrl":"https:\/\/dodo-inflatables.com\/wp-content\/uploads\/2020\/12\/Hupfburg-Geblase-Huawei-kaufen_0004_Air-Heater.jpg","datePublished":"2020-12-29T14:00:18+00:00","dateModified":"2026-04-25T16:30:05+00:00","description":"K\u00fapi\u0165 ohrieva\u010d pre nafukovacie d\u00fachadl\u00e1 Huawei REH-1.5E - 1.5HP na Dodo-Inflatables.com | F\u00e9rov\u00e9 ceny | V\u017edy na sklade | R\u00fdchle dodanie!","breadcrumb":{"@id":"https:\/\/dodo-inflatables.com\/sk\/produkt\/pridavny-ohrievac-huawei\/#breadcrumb"},"inLanguage":"sk-SK","potentialAction":[{"@type":"ReadAction","target":["https:\/\/dodo-inflatables.com\/sk\/produkt\/pridavny-ohrievac-huawei\/"]}]},{"@type":"ImageObject","inLanguage":"sk-SK","@id":"https:\/\/dodo-inflatables.com\/sk\/produkt\/pridavny-ohrievac-huawei\/#primaryimage","url":"https:\/\/dodo-inflatables.com\/wp-content\/uploads\/2020\/12\/Hupfburg-Geblase-Huawei-kaufen_0004_Air-Heater.jpg","contentUrl":"https:\/\/dodo-inflatables.com\/wp-content\/uploads\/2020\/12\/Hupfburg-Geblase-Huawei-kaufen_0004_Air-Heater.jpg","width":500,"height":500,"caption":"Vykurovac\u00ed n\u00e1stavec pre ventil\u00e1tory Huawei | Dodo Inflatables"},{"@type":"BreadcrumbList","@id":"https:\/\/dodo-inflatables.com\/sk\/produkt\/pridavny-ohrievac-huawei\/#breadcrumb","itemListElement":[{"@type":"ListItem","position":1,"name":"Domovsk\u00e1 str\u00e1nka","item":"https:\/\/dodo-inflatables.com\/sk\/"},{"@type":"ListItem","position":2,"name":"Obchod","item":"https:\/\/dodo-inflatables.com\/sk\/obchod\/"},{"@type":"ListItem","position":3,"name":"Pr\u00eddavn\u00fd ohrieva\u010d Huawei"}]},{"@type":"WebSite","@id":"https:\/\/dodo-inflatables.com\/sk\/#website","url":"https:\/\/dodo-inflatables.com\/sk\/","name":"dodo-inflatables.com","description":"Nakupujte sk\u00e1kacie hrady a atrakcie v na\u0161om obchode.","potentialAction":[{"@type":"SearchAction","target":{"@type":"EntryPoint","urlTemplate":"https:\/\/dodo-inflatables.com\/sk\/?s={search_term_string}"},"query-input":{"@type":"PropertyValueSpecification","valueRequired":true,"valueName":"search_term_string"}}],"inLanguage":"sk-SK"}]}},"uagb_featured_image_src":{"full":["https:\/\/dodo-inflatables.com\/wp-content\/uploads\/2020\/12\/Hupfburg-Geblase-Huawei-kaufen_0004_Air-Heater.jpg",500,500,false],"thumbnail":["https:\/\/dodo-inflatables.com\/wp-content\/uploads\/2020\/12\/Hupfburg-Geblase-Huawei-kaufen_0004_Air-Heater-150x150.jpg",150,150,true],"medium":["https:\/\/dodo-inflatables.com\/wp-content\/uploads\/2020\/12\/Hupfburg-Geblase-Huawei-kaufen_0004_Air-Heater-300x300.jpg",300,300,true],"medium_large":["https:\/\/dodo-inflatables.com\/wp-content\/uploads\/2020\/12\/Hupfburg-Geblase-Huawei-kaufen_0004_Air-Heater.jpg",500,500,false],"large":["https:\/\/dodo-inflatables.com\/wp-content\/uploads\/2020\/12\/Hupfburg-Geblase-Huawei-kaufen_0004_Air-Heater.jpg",500,500,false],"1536x1536":["https:\/\/dodo-inflatables.com\/wp-content\/uploads\/2020\/12\/Hupfburg-Geblase-Huawei-kaufen_0004_Air-Heater.jpg",500,500,false],"2048x2048":["https:\/\/dodo-inflatables.com\/wp-content\/uploads\/2020\/12\/Hupfburg-Geblase-Huawei-kaufen_0004_Air-Heater.jpg",500,500,false],"woocommerce_thumbnail":["https:\/\/dodo-inflatables.com\/wp-content\/uploads\/2020\/12\/Hupfburg-Geblase-Huawei-kaufen_0004_Air-Heater.jpg",500,500,false],"woocommerce_single":["https:\/\/dodo-inflatables.com\/wp-content\/uploads\/2020\/12\/Hupfburg-Geblase-Huawei-kaufen_0004_Air-Heater.jpg",500,500,false],"woocommerce_gallery_thumbnail":["https:\/\/dodo-inflatables.com\/wp-content\/uploads\/2020\/12\/Hupfburg-Geblase-Huawei-kaufen_0004_Air-Heater-100x100.jpg",100,100,true]},"uagb_author_info":{"display_name":"Andreas","author_link":"https:\/\/dodo-inflatables.com\/sk\/author\/"},"uagb_comment_info":0,"uagb_excerpt":"Vhodn\u00e9 pre ventil\u00e1tor Huawei REH-1.5E - 1.5 HP a ventil\u00e1tor Huawei REH-2E - 2 HP Vhodn\u00e9 pre v\u0161etky sk\u00e1kacie hrady a event moduly v ponuke Jednoduch\u00e9 pou\u017eitie \u2013 ide\u00e1lne na su\u0161enie nafukovacej kon\u0161trukcie","_links":{"self":[{"href":"https:\/\/dodo-inflatables.com\/sk\/wp-json\/wp\/v2\/product\/13710","targetHints":{"allow":["GET"]}}],"collection":[{"href":"https:\/\/dodo-inflatables.com\/sk\/wp-json\/wp\/v2\/product"}],"about":[{"href":"https:\/\/dodo-inflatables.com\/sk\/wp-json\/wp\/v2\/types\/product"}],"replies":[{"embeddable":true,"href":"https:\/\/dodo-inflatables.com\/sk\/wp-json\/wp\/v2\/comments?post=13710"}],"wp:featuredmedia":[{"embeddable":true,"href":"https:\/\/dodo-inflatables.com\/sk\/wp-json\/wp\/v2\/media\/13714"}],"wp:attachment":[{"href":"https:\/\/dodo-inflatables.com\/sk\/wp-json\/wp\/v2\/media?parent=13710"}],"wp:term":[{"taxonomy":"product_brand","embeddable":true,"href":"https:\/\/dodo-inflatables.com\/sk\/wp-json\/wp\/v2\/product_brand?post=13710"},{"taxonomy":"product_cat","embeddable":true,"href":"https:\/\/dodo-inflatables.com\/sk\/wp-json\/wp\/v2\/product_cat?post=13710"},{"taxonomy":"product_tag","embeddable":true,"href":"https:\/\/dodo-inflatables.com\/sk\/wp-json\/wp\/v2\/product_tag?post=13710"}],"curies":[{"name":"wp","href":"https:\/\/api.w.org\/{rel}","templated":true}]}}