{"id":14008,"date":"2019-08-23T12:07:40","date_gmt":"2019-08-23T10:07:40","guid":{"rendered":"https:\/\/dodo-inflatables.com\/product\/hadzanie-nafukovacou-sekerou\/"},"modified":"2024-08-06T07:49:18","modified_gmt":"2024-08-06T05:49:18","slug":"hadzanie-nafukovacou-sekerou","status":"publish","type":"product","link":"https:\/\/dodo-inflatables.com\/sk\/produkt\/hadzanie-nafukovacou-sekerou\/","title":{"rendered":"H\u00e1dzanie nafukovacou sekerou"},"content":{"rendered":"<h2>K\u00fapi\u0165 nafukovacie h\u00e1dzanie sekerou<\/h2>\n<p>  Sta\u0148te sa Vikingom a tr\u00e9nujte h\u00e1dzanie sekerami v \u00faplnom bezpe\u010d\u00ed! Kto dok\u00e1\u017ee presne hodi\u0165 sekery na disk so such\u00fdm zipsom?  <\/p>\n<h4>Podrobnosti pre Nafukovacia sekera na h\u00e1dzanie<\/h4>\n<ul>\n<li>Rozmery (d x \u0161 x v): 3,00 x 3,00 x 2,60 m *<\/li>\n<li>Hmotnos\u0165: cca. 50 kg *<\/li>\n<li>Ve\u013ekos\u0165 balenia: 1,00 m x 0,70 m x 0,70 m *<\/li>\n<li>\u010cas mont\u00e1\u017ee: 10 min\u00fat<\/li>\n<li>Materi\u00e1l: 0,55 mm PVC a such\u00fd zips<\/li>\n<li>Zips s krytom na such\u00fd zips, zosilnen\u00e9 rohy, vysokokvalitn\u00fd such\u00fd zips<\/li>\n<\/ul>\n<p>&nbsp;  Rozsah dod\u00e1vky zah\u0155\u0148a: R\u00e1m pre nafukovaciu sekeru, 10 sekier na such\u00fd zips (5 \u017elt\u00fdch, 5 \u010derven\u00fdch) D\u00fachadlo a podlo\u017eka nie s\u00fa s\u00fa\u010das\u0165ou balenia. Tie n\u00e1jdete v kateg\u00f3rii pr\u00edslu\u0161enstvo. Nafukovac\u00ed vrha\u010d sekier je kvalitn\u00fd v\u00fdrobok, ktor\u00fd sa vyr\u00e1ba pod\u013ea pr\u00edsnych smern\u00edc v s\u00falade s normou EN 14960. V\u0161etky na\u0161e sk\u00e1kacie hrady a nafukovacie atrakcie s\u00fa profesion\u00e1lne moduly, ktor\u00e9 s\u00fa vhodn\u00e9 na profesion\u00e1lny pren\u00e1jom a pou\u017eitie v z\u00e1bavn\u00fdch parkoch, na kryt\u00fdch ihrisk\u00e1ch a podobne. &nbsp;<strong>D\u00f4le\u017eit\u00e9 pozn\u00e1mky k prev\u00e1dzke<\/strong> Ventil\u00e1tor (nie je s\u00fa\u010das\u0165ou dod\u00e1vky) mus\u00ed po\u010das pou\u017e\u00edvania be\u017ea\u0165 nepretr\u017eite. Mierny \u00fanik vzduchu cez otvory vo \u0161v\u00edkoch je norm\u00e1lny. * Hmotnos\u0165 a rozmery s\u00fa pribli\u017en\u00e9 a m\u00f4\u017eu sa mierne l\u00ed\u0161i\u0165<\/p>\n","protected":false},"excerpt":{"rendered":"<p><i class=\"fa fa-arrows-alt\"><\/i>  Rozmery (d x \u0161 x v): 3,00 x 3,00 x 2,60 m * <i class=\"fa fa-plus\"><\/i> Vr\u00e1tane desiatich os\u00ed z penovej hmoty so such\u00fdm zipsom <i class=\"fa fa-check\"><\/i> Profesion\u00e1lny modul &#8211; vhodn\u00fd na komer\u010dn\u00e9 a s\u00fakromn\u00e9 pou\u017eitie <i class=\"fa fa-square\"><\/i> PVC (0,55 mm \/ 621,3 g\/m2) a such\u00fd zips <i class=\"fa fa-align-justify\"><\/i> 2 &#8211; 4-n\u00e1sobn\u00e9 pre\u0161itie (v z\u00e1vislosti od za\u0165a\u017eenia) <i class=\"fa fa-fire\"><\/i> Nehor\u013eav\u00fd <i class=\"fa fa-certificate\"><\/i> Zulassungsbescheinigung gem\u00e4\u00df EN 14960 <i class=\"fas fa-edit\"><\/i> Inkl. individuelle Seriennummer  &nbsp;<\/p>\n","protected":false},"featured_media":58822,"comment_status":"open","ping_status":"closed","template":"","meta":{"_acf_changed":false,"_uag_custom_page_level_css":"","site-sidebar-layout":"default","site-content-layout":"default","ast-site-content-layout":"default","site-content-style":"default","site-sidebar-style":"default","ast-global-header-display":"","ast-banner-title-visibility":"","ast-main-header-display":"","ast-hfb-above-header-display":"","ast-hfb-below-header-display":"","ast-hfb-mobile-header-display":"","site-post-title":"","ast-breadcrumbs-content":"","ast-featured-img":"","footer-sml-layout":"","ast-disable-related-posts":"","theme-transparent-header-meta":"default","adv-header-id-meta":"","stick-header-meta":"default","header-above-stick-meta":"","header-main-stick-meta":"","header-below-stick-meta":"","astra-migrate-meta-layouts":"default","ast-page-background-enabled":"default","ast-page-background-meta":{"desktop":{"background-color":"var(--ast-global-color-4)","background-image":"","background-repeat":"repeat","background-position":"center center","background-size":"auto","background-attachment":"scroll","background-type":"","background-media":"","overlay-type":"","overlay-color":"","overlay-opacity":"","overlay-gradient":""},"tablet":{"background-color":"","background-image":"","background-repeat":"repeat","background-position":"center center","background-size":"auto","background-attachment":"scroll","background-type":"","background-media":"","overlay-type":"","overlay-color":"","overlay-opacity":"","overlay-gradient":""},"mobile":{"background-color":"","background-image":"","background-repeat":"repeat","background-position":"center center","background-size":"auto","background-attachment":"scroll","background-type":"","background-media":"","overlay-type":"","overlay-color":"","overlay-opacity":"","overlay-gradient":""}},"ast-content-background-meta":{"desktop":{"background-color":"var(--ast-global-color-5)","background-image":"","background-repeat":"repeat","background-position":"center center","background-size":"auto","background-attachment":"scroll","background-type":"","background-media":"","overlay-type":"","overlay-color":"","overlay-opacity":"","overlay-gradient":""},"tablet":{"background-color":"var(--ast-global-color-5)","background-image":"","background-repeat":"repeat","background-position":"center center","background-size":"auto","background-attachment":"scroll","background-type":"","background-media":"","overlay-type":"","overlay-color":"","overlay-opacity":"","overlay-gradient":""},"mobile":{"background-color":"var(--ast-global-color-5)","background-image":"","background-repeat":"repeat","background-position":"center center","background-size":"auto","background-attachment":"scroll","background-type":"","background-media":"","overlay-type":"","overlay-color":"","overlay-opacity":"","overlay-gradient":""}}},"product_brand":[],"product_cat":[1281],"product_tag":[],"class_list":{"0":"post-14008","1":"product","2":"type-product","3":"status-publish","4":"has-post-thumbnail","6":"product_cat-atrakcie","7":"product_shipping_class-spedition-hupfburg-sk","8":"pa_gtin-0669145336834-sk","9":"desktop-align-center","10":"tablet-align-center","11":"mobile-align-center","12":"ast-product-gallery-layout-horizontal","13":"ast-product-tabs-layout-horizontal","15":"first","16":"onbackorder","17":"taxable","18":"shipping-taxable","19":"purchasable","20":"product-type-simple"},"acf":[],"yoast_head":"<!-- This site is optimized with the Yoast SEO plugin v27.3 - https:\/\/yoast.com\/product\/yoast-seo-wordpress\/ -->\n<title>K\u00fapi\u0165 nafukovacie sekery na h\u00e1dzanie | Dodo-Inflatables.com<\/title>\n<meta name=\"description\" content=\"K\u00fapte si na\u0161e nafukovacie sekery na h\u00e1dzanie priamo online na Dodo-Inflatables.com | Mnoho modelov na sklade | R\u00fdchle dodanie | Najlep\u0161ia kvalita\" \/>\n<meta name=\"robots\" content=\"index, follow, max-snippet:-1, max-image-preview:large, max-video-preview:-1\" \/>\n<link rel=\"canonical\" href=\"https:\/\/dodo-inflatables.com\/sk\/produkt\/hadzanie-nafukovacou-sekerou\/\" \/>\n<meta name=\"twitter:label1\" content=\"Predpokladan\u00fd \u010das \u010d\u00edtania\" \/>\n\t<meta name=\"twitter:data1\" content=\"1 min\u00fata\" \/>\n<script type=\"application\/ld+json\" class=\"yoast-schema-graph\">{\"@context\":\"https:\\\/\\\/schema.org\",\"@graph\":[{\"@type\":\"WebPage\",\"@id\":\"https:\\\/\\\/dodo-inflatables.com\\\/sk\\\/produkt\\\/hadzanie-nafukovacou-sekerou\\\/\",\"url\":\"https:\\\/\\\/dodo-inflatables.com\\\/sk\\\/produkt\\\/hadzanie-nafukovacou-sekerou\\\/\",\"name\":\"K\u00fapi\u0165 nafukovacie sekery na h\u00e1dzanie | Dodo-Inflatables.com\",\"isPartOf\":{\"@id\":\"https:\\\/\\\/dodo-inflatables.com\\\/sk\\\/#website\"},\"primaryImageOfPage\":{\"@id\":\"https:\\\/\\\/dodo-inflatables.com\\\/sk\\\/produkt\\\/hadzanie-nafukovacou-sekerou\\\/#primaryimage\"},\"image\":{\"@id\":\"https:\\\/\\\/dodo-inflatables.com\\\/sk\\\/produkt\\\/hadzanie-nafukovacou-sekerou\\\/#primaryimage\"},\"thumbnailUrl\":\"https:\\\/\\\/dodo-inflatables.com\\\/wp-content\\\/uploads\\\/2019\\\/08\\\/Aufblasbares-Axt-werfen-kaufen-7.png\",\"datePublished\":\"2019-08-23T10:07:40+00:00\",\"dateModified\":\"2024-08-06T05:49:18+00:00\",\"description\":\"K\u00fapte si na\u0161e nafukovacie sekery na h\u00e1dzanie priamo online na Dodo-Inflatables.com | Mnoho modelov na sklade | R\u00fdchle dodanie | Najlep\u0161ia kvalita\",\"breadcrumb\":{\"@id\":\"https:\\\/\\\/dodo-inflatables.com\\\/sk\\\/produkt\\\/hadzanie-nafukovacou-sekerou\\\/#breadcrumb\"},\"inLanguage\":\"sk-SK\",\"potentialAction\":[{\"@type\":\"ReadAction\",\"target\":[\"https:\\\/\\\/dodo-inflatables.com\\\/sk\\\/produkt\\\/hadzanie-nafukovacou-sekerou\\\/\"]}]},{\"@type\":\"ImageObject\",\"inLanguage\":\"sk-SK\",\"@id\":\"https:\\\/\\\/dodo-inflatables.com\\\/sk\\\/produkt\\\/hadzanie-nafukovacou-sekerou\\\/#primaryimage\",\"url\":\"https:\\\/\\\/dodo-inflatables.com\\\/wp-content\\\/uploads\\\/2019\\\/08\\\/Aufblasbares-Axt-werfen-kaufen-7.png\",\"contentUrl\":\"https:\\\/\\\/dodo-inflatables.com\\\/wp-content\\\/uploads\\\/2019\\\/08\\\/Aufblasbares-Axt-werfen-kaufen-7.png\",\"width\":500,\"height\":500},{\"@type\":\"BreadcrumbList\",\"@id\":\"https:\\\/\\\/dodo-inflatables.com\\\/sk\\\/produkt\\\/hadzanie-nafukovacou-sekerou\\\/#breadcrumb\",\"itemListElement\":[{\"@type\":\"ListItem\",\"position\":1,\"name\":\"Domovsk\u00e1 str\u00e1nka\",\"item\":\"https:\\\/\\\/dodo-inflatables.com\\\/sk\\\/\"},{\"@type\":\"ListItem\",\"position\":2,\"name\":\"Obchod\",\"item\":\"https:\\\/\\\/dodo-inflatables.com\\\/sk\\\/obchod\\\/\"},{\"@type\":\"ListItem\",\"position\":3,\"name\":\"H\u00e1dzanie nafukovacou sekerou\"}]},{\"@type\":\"WebSite\",\"@id\":\"https:\\\/\\\/dodo-inflatables.com\\\/sk\\\/#website\",\"url\":\"https:\\\/\\\/dodo-inflatables.com\\\/sk\\\/\",\"name\":\"dodo-inflatables.com\",\"description\":\"Nakupujte sk\u00e1kacie hrady a atrakcie v na\u0161om obchode.\",\"publisher\":{\"@id\":\"https:\\\/\\\/dodo-inflatables.com\\\/sk\\\/#organization\"},\"potentialAction\":[{\"@type\":\"SearchAction\",\"target\":{\"@type\":\"EntryPoint\",\"urlTemplate\":\"https:\\\/\\\/dodo-inflatables.com\\\/sk\\\/?s={search_term_string}\"},\"query-input\":{\"@type\":\"PropertyValueSpecification\",\"valueRequired\":true,\"valueName\":\"search_term_string\"}}],\"inLanguage\":\"sk-SK\"},{\"@type\":\"Organization\",\"@id\":\"https:\\\/\\\/dodo-inflatables.com\\\/sk\\\/#organization\",\"name\":\"dodo-inflatables.com\",\"url\":\"https:\\\/\\\/dodo-inflatables.com\\\/sk\\\/\",\"logo\":{\"@type\":\"ImageObject\",\"inLanguage\":\"sk-SK\",\"@id\":\"https:\\\/\\\/dodo-inflatables.com\\\/sk\\\/#\\\/schema\\\/logo\\\/image\\\/\",\"url\":\"https:\\\/\\\/dodo-inflatables.com\\\/wp-content\\\/uploads\\\/2023\\\/04\\\/cropped-cropped-cropped-Dodo-Logo.png\",\"contentUrl\":\"https:\\\/\\\/dodo-inflatables.com\\\/wp-content\\\/uploads\\\/2023\\\/04\\\/cropped-cropped-cropped-Dodo-Logo.png\",\"width\":2996,\"height\":1545,\"caption\":\"dodo-inflatables.com\"},\"image\":{\"@id\":\"https:\\\/\\\/dodo-inflatables.com\\\/sk\\\/#\\\/schema\\\/logo\\\/image\\\/\"}}]}<\/script>\n<!-- \/ Yoast SEO plugin. -->","yoast_head_json":{"title":"K\u00fapi\u0165 nafukovacie sekery na h\u00e1dzanie | Dodo-Inflatables.com","description":"K\u00fapte si na\u0161e nafukovacie sekery na h\u00e1dzanie priamo online na Dodo-Inflatables.com | Mnoho modelov na sklade | R\u00fdchle dodanie | Najlep\u0161ia kvalita","robots":{"index":"index","follow":"follow","max-snippet":"max-snippet:-1","max-image-preview":"max-image-preview:large","max-video-preview":"max-video-preview:-1"},"canonical":"https:\/\/dodo-inflatables.com\/sk\/produkt\/hadzanie-nafukovacou-sekerou\/","twitter_misc":{"Predpokladan\u00fd \u010das \u010d\u00edtania":"1 min\u00fata"},"schema":{"@context":"https:\/\/schema.org","@graph":[{"@type":"WebPage","@id":"https:\/\/dodo-inflatables.com\/sk\/produkt\/hadzanie-nafukovacou-sekerou\/","url":"https:\/\/dodo-inflatables.com\/sk\/produkt\/hadzanie-nafukovacou-sekerou\/","name":"K\u00fapi\u0165 nafukovacie sekery na h\u00e1dzanie | Dodo-Inflatables.com","isPartOf":{"@id":"https:\/\/dodo-inflatables.com\/sk\/#website"},"primaryImageOfPage":{"@id":"https:\/\/dodo-inflatables.com\/sk\/produkt\/hadzanie-nafukovacou-sekerou\/#primaryimage"},"image":{"@id":"https:\/\/dodo-inflatables.com\/sk\/produkt\/hadzanie-nafukovacou-sekerou\/#primaryimage"},"thumbnailUrl":"https:\/\/dodo-inflatables.com\/wp-content\/uploads\/2019\/08\/Aufblasbares-Axt-werfen-kaufen-7.png","datePublished":"2019-08-23T10:07:40+00:00","dateModified":"2024-08-06T05:49:18+00:00","description":"K\u00fapte si na\u0161e nafukovacie sekery na h\u00e1dzanie priamo online na Dodo-Inflatables.com | Mnoho modelov na sklade | R\u00fdchle dodanie | Najlep\u0161ia kvalita","breadcrumb":{"@id":"https:\/\/dodo-inflatables.com\/sk\/produkt\/hadzanie-nafukovacou-sekerou\/#breadcrumb"},"inLanguage":"sk-SK","potentialAction":[{"@type":"ReadAction","target":["https:\/\/dodo-inflatables.com\/sk\/produkt\/hadzanie-nafukovacou-sekerou\/"]}]},{"@type":"ImageObject","inLanguage":"sk-SK","@id":"https:\/\/dodo-inflatables.com\/sk\/produkt\/hadzanie-nafukovacou-sekerou\/#primaryimage","url":"https:\/\/dodo-inflatables.com\/wp-content\/uploads\/2019\/08\/Aufblasbares-Axt-werfen-kaufen-7.png","contentUrl":"https:\/\/dodo-inflatables.com\/wp-content\/uploads\/2019\/08\/Aufblasbares-Axt-werfen-kaufen-7.png","width":500,"height":500},{"@type":"BreadcrumbList","@id":"https:\/\/dodo-inflatables.com\/sk\/produkt\/hadzanie-nafukovacou-sekerou\/#breadcrumb","itemListElement":[{"@type":"ListItem","position":1,"name":"Domovsk\u00e1 str\u00e1nka","item":"https:\/\/dodo-inflatables.com\/sk\/"},{"@type":"ListItem","position":2,"name":"Obchod","item":"https:\/\/dodo-inflatables.com\/sk\/obchod\/"},{"@type":"ListItem","position":3,"name":"H\u00e1dzanie nafukovacou sekerou"}]},{"@type":"WebSite","@id":"https:\/\/dodo-inflatables.com\/sk\/#website","url":"https:\/\/dodo-inflatables.com\/sk\/","name":"dodo-inflatables.com","description":"Nakupujte sk\u00e1kacie hrady a atrakcie v na\u0161om obchode.","publisher":{"@id":"https:\/\/dodo-inflatables.com\/sk\/#organization"},"potentialAction":[{"@type":"SearchAction","target":{"@type":"EntryPoint","urlTemplate":"https:\/\/dodo-inflatables.com\/sk\/?s={search_term_string}"},"query-input":{"@type":"PropertyValueSpecification","valueRequired":true,"valueName":"search_term_string"}}],"inLanguage":"sk-SK"},{"@type":"Organization","@id":"https:\/\/dodo-inflatables.com\/sk\/#organization","name":"dodo-inflatables.com","url":"https:\/\/dodo-inflatables.com\/sk\/","logo":{"@type":"ImageObject","inLanguage":"sk-SK","@id":"https:\/\/dodo-inflatables.com\/sk\/#\/schema\/logo\/image\/","url":"https:\/\/dodo-inflatables.com\/wp-content\/uploads\/2023\/04\/cropped-cropped-cropped-Dodo-Logo.png","contentUrl":"https:\/\/dodo-inflatables.com\/wp-content\/uploads\/2023\/04\/cropped-cropped-cropped-Dodo-Logo.png","width":2996,"height":1545,"caption":"dodo-inflatables.com"},"image":{"@id":"https:\/\/dodo-inflatables.com\/sk\/#\/schema\/logo\/image\/"}}]}},"uagb_featured_image_src":{"full":["https:\/\/dodo-inflatables.com\/wp-content\/uploads\/2019\/08\/Aufblasbares-Axt-werfen-kaufen-7.png",500,500,false],"thumbnail":["https:\/\/dodo-inflatables.com\/wp-content\/uploads\/2019\/08\/Aufblasbares-Axt-werfen-kaufen-7-150x150.png",150,150,true],"medium":["https:\/\/dodo-inflatables.com\/wp-content\/uploads\/2019\/08\/Aufblasbares-Axt-werfen-kaufen-7-300x300.png",300,300,true],"medium_large":["https:\/\/dodo-inflatables.com\/wp-content\/uploads\/2019\/08\/Aufblasbares-Axt-werfen-kaufen-7.png",500,500,false],"large":["https:\/\/dodo-inflatables.com\/wp-content\/uploads\/2019\/08\/Aufblasbares-Axt-werfen-kaufen-7.png",500,500,false],"1536x1536":["https:\/\/dodo-inflatables.com\/wp-content\/uploads\/2019\/08\/Aufblasbares-Axt-werfen-kaufen-7.png",500,500,false],"2048x2048":["https:\/\/dodo-inflatables.com\/wp-content\/uploads\/2019\/08\/Aufblasbares-Axt-werfen-kaufen-7.png",500,500,false],"woocommerce_thumbnail":["https:\/\/dodo-inflatables.com\/wp-content\/uploads\/2019\/08\/Aufblasbares-Axt-werfen-kaufen-7.png",500,500,false],"woocommerce_single":["https:\/\/dodo-inflatables.com\/wp-content\/uploads\/2019\/08\/Aufblasbares-Axt-werfen-kaufen-7.png",500,500,false],"woocommerce_gallery_thumbnail":["https:\/\/dodo-inflatables.com\/wp-content\/uploads\/2019\/08\/Aufblasbares-Axt-werfen-kaufen-7-100x100.png",100,100,true]},"uagb_author_info":{"display_name":"Andreas","author_link":"https:\/\/dodo-inflatables.com\/sk\/author\/"},"uagb_comment_info":0,"uagb_excerpt":"Rozmery (d x \u0161 x v): 3,00 x 3,00 x 2,60 m * Vr\u00e1tane desiatich os\u00ed z penovej hmoty so such\u00fdm zipsom Profesion\u00e1lny modul - vhodn\u00fd na komer\u010dn\u00e9 a s\u00fakromn\u00e9 pou\u017eitie PVC (0,55 mm \/ 621,3 g\/m2) a such\u00fd zips 2 - 4-n\u00e1sobn\u00e9 pre\u0161itie (v z\u00e1vislosti od za\u0165a\u017eenia) Nehor\u013eav\u00fd Zulassungsbescheinigung gem\u00e4\u00df EN 14960 Inkl. individuelle&hellip;","_links":{"self":[{"href":"https:\/\/dodo-inflatables.com\/sk\/wp-json\/wp\/v2\/product\/14008","targetHints":{"allow":["GET"]}}],"collection":[{"href":"https:\/\/dodo-inflatables.com\/sk\/wp-json\/wp\/v2\/product"}],"about":[{"href":"https:\/\/dodo-inflatables.com\/sk\/wp-json\/wp\/v2\/types\/product"}],"replies":[{"embeddable":true,"href":"https:\/\/dodo-inflatables.com\/sk\/wp-json\/wp\/v2\/comments?post=14008"}],"wp:featuredmedia":[{"embeddable":true,"href":"https:\/\/dodo-inflatables.com\/sk\/wp-json\/wp\/v2\/media\/58822"}],"wp:attachment":[{"href":"https:\/\/dodo-inflatables.com\/sk\/wp-json\/wp\/v2\/media?parent=14008"}],"wp:term":[{"taxonomy":"product_brand","embeddable":true,"href":"https:\/\/dodo-inflatables.com\/sk\/wp-json\/wp\/v2\/product_brand?post=14008"},{"taxonomy":"product_cat","embeddable":true,"href":"https:\/\/dodo-inflatables.com\/sk\/wp-json\/wp\/v2\/product_cat?post=14008"},{"taxonomy":"product_tag","embeddable":true,"href":"https:\/\/dodo-inflatables.com\/sk\/wp-json\/wp\/v2\/product_tag?post=14008"}],"curies":[{"name":"wp","href":"https:\/\/api.w.org\/{rel}","templated":true}]}}