{"id":14132,"date":"2019-03-28T14:34:40","date_gmt":"2019-03-28T13:34:40","guid":{"rendered":"https:\/\/dodo-inflatables.com\/product\/cistic-skakacich-hradov\/"},"modified":"2026-04-22T09:21:10","modified_gmt":"2026-04-22T07:21:10","slug":"cistic-skakacich-hradov","status":"publish","type":"product","link":"https:\/\/dodo-inflatables.com\/sk\/produkt\/cistic-skakacich-hradov\/","title":{"rendered":"\u010cistiaci prostriedok pre sk\u00e1kac\u00ed hrad (1L)"},"content":{"rendered":"<h1>K\u00fapi\u0165 \u010distiaci prostriedok pre sk\u00e1kac\u00ed hrad (1L)<\/h1>\n<p>&nbsp;<\/p>\n<p class=\"p1\">Sk\u00e1kacie hrady a in\u00e9 nafukovacie hracie zariadenia sa pri pravidelnom pou\u017e\u00edvan\u00ed \u010dasom zne\u010dis\u0165uj\u00fa a dost\u00e1vaj\u00fa \u0161kvrny. Aby boli povrchy \u010dist\u00e9 a \u017eivotnos\u0165 materi\u00e1lov sa pred\u013a\u017eila, n\u00e1\u0161 \u010distiaci prostriedok pre sk\u00e1kac\u00ed hrad je spo\u013eahliv\u00fdm rie\u0161en\u00edm na \u010distenie.<\/p>\n<p class=\"p1\">Prostriedok je vhodn\u00fd pre plastov\u00e9 a PVC plachtov\u00e9 povrchy a mo\u017eno ho pou\u017ei\u0165 na sk\u00e1kac\u00edch hradoch, nafukovac\u00edch \u0161myk\u013eavk\u00e1ch a \u010fal\u0161\u00edch nafukovac\u00edch event moduloch. Rieden\u00edm s vodou mo\u017eno upravi\u0165 silu \u010distenia pod\u013ea stup\u0148a zne\u010distenia.<\/p>\n<p class=\"p3\"><b>\u0160etrn\u00e9 a \u00fa\u010dinn\u00e9 \u010distenie:<\/b> N\u00e1\u0161 \u010distiaci prostriedok pre sk\u00e1kac\u00ed hrad odstra\u0148uje typick\u00e9 ne\u010distoty, ako s\u00fa \u0161pina, \u0161mouhy a \u013eahk\u00e9 mastnoty alebo zvy\u0161ky z okolia, bez po\u0161kodenia materi\u00e1lu.<\/p>\n<p class=\"p3\"><b>Jednoduch\u00e9 pou\u017eitie:<\/b> Prostriedok sa naried\u00ed s vodou, nanesie na zne\u010disten\u00fd povrch, nech\u00e1 kr\u00e1tko p\u00f4sobi\u0165 a potom utrie handrou alebo hubkou. Potom opl\u00e1chnutie \u010distou vodou.<\/p>\n<p class=\"p3\"><b>Vhodn\u00e9 pre po\u017ei\u010dovne:<\/b> Ide\u00e1lny pre po\u017ei\u010dovne a prev\u00e1dzkovate\u013eov, ktor\u00ed chc\u00fa pravidelne \u010disti\u0165 sk\u00e1kacie hrady a odovzd\u00e1va\u0165 ich z\u00e1kazn\u00edkom v dobre udr\u017eiavanom stave.<\/p>\n<p>&nbsp;<\/p>\n<h4><b>Pokyn na pou\u017eitie<\/b><\/h4>\n<p class=\"p3\">Riedte prostriedok s vodou pod\u013ea stup\u0148a zne\u010distenia. Pred pou\u017eit\u00edm na v\u00e4\u010d\u0161ej ploche najprv vysk\u00fa\u0161ajte na nen\u00e1padnom mieste. Nenan\u00e1\u0161ajte na hor\u00face povrchy ani na priamom slne\u010dnom \u017eiaren\u00ed.<\/p>\n<h4><b>Podrobnosti o na\u0161om \u010distiacom prostriedku pre sk\u00e1kac\u00ed hrad<\/b><\/h4>\n<ul>\n<li class=\"p3\">Obsah: 1 liter<\/li>\n<li class=\"p3\">Vhodn\u00e9 pre: sk\u00e1kacie hrady, nafukovacie hracie zariadenia, PVC plachtov\u00e9 a plastov\u00e9 povrchy<\/li>\n<li class=\"p3\">Pou\u017eitie: mo\u017eno riedit s vodou<\/li>\n<li class=\"p3\">Met\u00f3da \u010distenia: ru\u010dn\u00e9 \u010distenie handrou, hubkou alebo rozpra\u0161ova\u010dom<\/li>\n<\/ul>\n<p><strong>Pou\u017e\u00edvajte \u010distiace prostriedky opatrne. Pred pou\u017eit\u00edm si v\u017edy pre\u010d\u00edtajte etiketu a inform\u00e1cie o produkte.<\/strong><\/p>\n","protected":false},"excerpt":{"rendered":"<ul>\n<li class=\"p3\">Obsah: 1 liter<\/li>\n<li class=\"p3\">Vhodn\u00e9 pre: sk\u00e1kacie hrady, nafukovacie hracie zariadenia, PVC plachtov\u00e9 a plastov\u00e9 povrchy<\/li>\n<li class=\"p3\">Pou\u017eitie: mo\u017eno riedit s vodou<\/li>\n<li class=\"p3\">Met\u00f3da \u010distenia: ru\u010dn\u00e9 \u010distenie handrou, hubkou alebo rozpra\u0161ova\u010dom<\/li>\n<\/ul>\n","protected":false},"featured_media":55331,"comment_status":"open","ping_status":"closed","template":"","meta":{"_acf_changed":false,"_uag_custom_page_level_css":"","site-sidebar-layout":"default","site-content-layout":"boxed-container","ast-site-content-layout":"normal-width-container","site-content-style":"boxed","site-sidebar-style":"boxed","ast-global-header-display":"","ast-banner-title-visibility":"","ast-main-header-display":"","ast-hfb-above-header-display":"","ast-hfb-below-header-display":"","ast-hfb-mobile-header-display":"","site-post-title":"disabled","ast-breadcrumbs-content":"","ast-featured-img":"","footer-sml-layout":"","ast-disable-related-posts":"","theme-transparent-header-meta":"default","adv-header-id-meta":"","stick-header-meta":"default","header-above-stick-meta":"","header-main-stick-meta":"","header-below-stick-meta":"","astra-migrate-meta-layouts":"default","ast-page-background-enabled":"default","ast-page-background-meta":{"desktop":{"background-color":"var(--ast-global-color-4)","background-image":"","background-repeat":"repeat","background-position":"center center","background-size":"auto","background-attachment":"scroll","background-type":"","background-media":"","overlay-type":"","overlay-color":"","overlay-opacity":"","overlay-gradient":""},"tablet":{"background-color":"","background-image":"","background-repeat":"repeat","background-position":"center center","background-size":"auto","background-attachment":"scroll","background-type":"","background-media":"","overlay-type":"","overlay-color":"","overlay-opacity":"","overlay-gradient":""},"mobile":{"background-color":"","background-image":"","background-repeat":"repeat","background-position":"center center","background-size":"auto","background-attachment":"scroll","background-type":"","background-media":"","overlay-type":"","overlay-color":"","overlay-opacity":"","overlay-gradient":""}},"ast-content-background-meta":{"desktop":{"background-color":"var(--ast-global-color-5)","background-image":"","background-repeat":"repeat","background-position":"center center","background-size":"auto","background-attachment":"scroll","background-type":"","background-media":"","overlay-type":"","overlay-color":"","overlay-opacity":"","overlay-gradient":""},"tablet":{"background-color":"var(--ast-global-color-5)","background-image":"","background-repeat":"repeat","background-position":"center center","background-size":"auto","background-attachment":"scroll","background-type":"","background-media":"","overlay-type":"","overlay-color":"","overlay-opacity":"","overlay-gradient":""},"mobile":{"background-color":"var(--ast-global-color-5)","background-image":"","background-repeat":"repeat","background-position":"center center","background-size":"auto","background-attachment":"scroll","background-type":"","background-media":"","overlay-type":"","overlay-color":"","overlay-opacity":"","overlay-gradient":""}}},"product_brand":[],"product_cat":[1138],"product_tag":[],"class_list":{"0":"post-14132","1":"product","2":"type-product","3":"status-publish","4":"has-post-thumbnail","6":"product_cat-prislusenstvo","7":"product_shipping_class-zubehor-sk","8":"desktop-align-center","9":"tablet-align-center","10":"mobile-align-center","11":"ast-product-gallery-layout-horizontal","12":"ast-product-gallery-with-no-image","13":"ast-product-tabs-layout-horizontal","15":"first","16":"instock","17":"taxable","18":"shipping-taxable","19":"purchasable","20":"product-type-simple"},"acf":[],"yoast_head":"<!-- This site is optimized with the Yoast SEO plugin v27.5 - https:\/\/yoast.com\/product\/yoast-seo-wordpress\/ -->\n<title>\u010cistiaci prostriedok na sk\u00e1kacie hrady - pre \u017eiariv\u00fa \u010distotu a dlhotrvaj\u00facu z\u00e1bavu!<\/title>\n<meta name=\"description\" content=\"K\u00fapte si \u010disti\u010d PVC na \u010distenie nafukova\u010diek na Dodo-Inflatables.com | Ve\u013ek\u00fd v\u00fdber na sklade | Certifikovan\u00e9 pod\u013ea EN14960 | R\u00fdchle dodanie!\" \/>\n<meta name=\"robots\" content=\"index, follow, max-snippet:-1, max-image-preview:large, max-video-preview:-1\" \/>\n<link rel=\"canonical\" href=\"https:\/\/dodo-inflatables.com\/sk\/produkt\/cistic-skakacich-hradov\/\" \/>\n<meta name=\"twitter:label1\" content=\"Predpokladan\u00fd \u010das \u010d\u00edtania\" \/>\n\t<meta name=\"twitter:data1\" content=\"2 min\u00faty\" \/>\n<script type=\"application\/ld+json\" class=\"yoast-schema-graph\">{\"@context\":\"https:\\\/\\\/schema.org\",\"@graph\":[{\"@type\":\"WebPage\",\"@id\":\"https:\\\/\\\/dodo-inflatables.com\\\/sk\\\/produkt\\\/cistic-skakacich-hradov\\\/\",\"url\":\"https:\\\/\\\/dodo-inflatables.com\\\/sk\\\/produkt\\\/cistic-skakacich-hradov\\\/\",\"name\":\"\u010cistiaci prostriedok na sk\u00e1kacie hrady - pre \u017eiariv\u00fa \u010distotu a dlhotrvaj\u00facu z\u00e1bavu!\",\"isPartOf\":{\"@id\":\"https:\\\/\\\/dodo-inflatables.com\\\/sk\\\/#website\"},\"primaryImageOfPage\":{\"@id\":\"https:\\\/\\\/dodo-inflatables.com\\\/sk\\\/produkt\\\/cistic-skakacich-hradov\\\/#primaryimage\"},\"image\":{\"@id\":\"https:\\\/\\\/dodo-inflatables.com\\\/sk\\\/produkt\\\/cistic-skakacich-hradov\\\/#primaryimage\"},\"thumbnailUrl\":\"https:\\\/\\\/dodo-inflatables.com\\\/wp-content\\\/uploads\\\/2019\\\/03\\\/Bouncy-Castle-Cleaner.jpg\",\"datePublished\":\"2019-03-28T13:34:40+00:00\",\"dateModified\":\"2026-04-22T07:21:10+00:00\",\"description\":\"K\u00fapte si \u010disti\u010d PVC na \u010distenie nafukova\u010diek na Dodo-Inflatables.com | Ve\u013ek\u00fd v\u00fdber na sklade | Certifikovan\u00e9 pod\u013ea EN14960 | R\u00fdchle dodanie!\",\"breadcrumb\":{\"@id\":\"https:\\\/\\\/dodo-inflatables.com\\\/sk\\\/produkt\\\/cistic-skakacich-hradov\\\/#breadcrumb\"},\"inLanguage\":\"sk-SK\",\"potentialAction\":[{\"@type\":\"ReadAction\",\"target\":[\"https:\\\/\\\/dodo-inflatables.com\\\/sk\\\/produkt\\\/cistic-skakacich-hradov\\\/\"]}]},{\"@type\":\"ImageObject\",\"inLanguage\":\"sk-SK\",\"@id\":\"https:\\\/\\\/dodo-inflatables.com\\\/sk\\\/produkt\\\/cistic-skakacich-hradov\\\/#primaryimage\",\"url\":\"https:\\\/\\\/dodo-inflatables.com\\\/wp-content\\\/uploads\\\/2019\\\/03\\\/Bouncy-Castle-Cleaner.jpg\",\"contentUrl\":\"https:\\\/\\\/dodo-inflatables.com\\\/wp-content\\\/uploads\\\/2019\\\/03\\\/Bouncy-Castle-Cleaner.jpg\",\"width\":500,\"height\":500},{\"@type\":\"BreadcrumbList\",\"@id\":\"https:\\\/\\\/dodo-inflatables.com\\\/sk\\\/produkt\\\/cistic-skakacich-hradov\\\/#breadcrumb\",\"itemListElement\":[{\"@type\":\"ListItem\",\"position\":1,\"name\":\"Domovsk\u00e1 str\u00e1nka\",\"item\":\"https:\\\/\\\/dodo-inflatables.com\\\/sk\\\/\"},{\"@type\":\"ListItem\",\"position\":2,\"name\":\"Obchod\",\"item\":\"https:\\\/\\\/dodo-inflatables.com\\\/sk\\\/obchod\\\/\"},{\"@type\":\"ListItem\",\"position\":3,\"name\":\"\u010cisti\u010d sk\u00e1kac\u00edch hradov\"}]},{\"@type\":\"WebSite\",\"@id\":\"https:\\\/\\\/dodo-inflatables.com\\\/sk\\\/#website\",\"url\":\"https:\\\/\\\/dodo-inflatables.com\\\/sk\\\/\",\"name\":\"dodo-inflatables.com\",\"description\":\"Nakupujte sk\u00e1kacie hrady a atrakcie v na\u0161om obchode.\",\"potentialAction\":[{\"@type\":\"SearchAction\",\"target\":{\"@type\":\"EntryPoint\",\"urlTemplate\":\"https:\\\/\\\/dodo-inflatables.com\\\/sk\\\/?s={search_term_string}\"},\"query-input\":{\"@type\":\"PropertyValueSpecification\",\"valueRequired\":true,\"valueName\":\"search_term_string\"}}],\"inLanguage\":\"sk-SK\"}]}<\/script>\n<!-- \/ Yoast SEO plugin. -->","yoast_head_json":{"title":"\u010cistiaci prostriedok na sk\u00e1kacie hrady - pre \u017eiariv\u00fa \u010distotu a dlhotrvaj\u00facu z\u00e1bavu!","description":"K\u00fapte si \u010disti\u010d PVC na \u010distenie nafukova\u010diek na Dodo-Inflatables.com | Ve\u013ek\u00fd v\u00fdber na sklade | Certifikovan\u00e9 pod\u013ea EN14960 | R\u00fdchle dodanie!","robots":{"index":"index","follow":"follow","max-snippet":"max-snippet:-1","max-image-preview":"max-image-preview:large","max-video-preview":"max-video-preview:-1"},"canonical":"https:\/\/dodo-inflatables.com\/sk\/produkt\/cistic-skakacich-hradov\/","twitter_misc":{"Predpokladan\u00fd \u010das \u010d\u00edtania":"2 min\u00faty"},"schema":{"@context":"https:\/\/schema.org","@graph":[{"@type":"WebPage","@id":"https:\/\/dodo-inflatables.com\/sk\/produkt\/cistic-skakacich-hradov\/","url":"https:\/\/dodo-inflatables.com\/sk\/produkt\/cistic-skakacich-hradov\/","name":"\u010cistiaci prostriedok na sk\u00e1kacie hrady - pre \u017eiariv\u00fa \u010distotu a dlhotrvaj\u00facu z\u00e1bavu!","isPartOf":{"@id":"https:\/\/dodo-inflatables.com\/sk\/#website"},"primaryImageOfPage":{"@id":"https:\/\/dodo-inflatables.com\/sk\/produkt\/cistic-skakacich-hradov\/#primaryimage"},"image":{"@id":"https:\/\/dodo-inflatables.com\/sk\/produkt\/cistic-skakacich-hradov\/#primaryimage"},"thumbnailUrl":"https:\/\/dodo-inflatables.com\/wp-content\/uploads\/2019\/03\/Bouncy-Castle-Cleaner.jpg","datePublished":"2019-03-28T13:34:40+00:00","dateModified":"2026-04-22T07:21:10+00:00","description":"K\u00fapte si \u010disti\u010d PVC na \u010distenie nafukova\u010diek na Dodo-Inflatables.com | Ve\u013ek\u00fd v\u00fdber na sklade | Certifikovan\u00e9 pod\u013ea EN14960 | R\u00fdchle dodanie!","breadcrumb":{"@id":"https:\/\/dodo-inflatables.com\/sk\/produkt\/cistic-skakacich-hradov\/#breadcrumb"},"inLanguage":"sk-SK","potentialAction":[{"@type":"ReadAction","target":["https:\/\/dodo-inflatables.com\/sk\/produkt\/cistic-skakacich-hradov\/"]}]},{"@type":"ImageObject","inLanguage":"sk-SK","@id":"https:\/\/dodo-inflatables.com\/sk\/produkt\/cistic-skakacich-hradov\/#primaryimage","url":"https:\/\/dodo-inflatables.com\/wp-content\/uploads\/2019\/03\/Bouncy-Castle-Cleaner.jpg","contentUrl":"https:\/\/dodo-inflatables.com\/wp-content\/uploads\/2019\/03\/Bouncy-Castle-Cleaner.jpg","width":500,"height":500},{"@type":"BreadcrumbList","@id":"https:\/\/dodo-inflatables.com\/sk\/produkt\/cistic-skakacich-hradov\/#breadcrumb","itemListElement":[{"@type":"ListItem","position":1,"name":"Domovsk\u00e1 str\u00e1nka","item":"https:\/\/dodo-inflatables.com\/sk\/"},{"@type":"ListItem","position":2,"name":"Obchod","item":"https:\/\/dodo-inflatables.com\/sk\/obchod\/"},{"@type":"ListItem","position":3,"name":"\u010cisti\u010d sk\u00e1kac\u00edch hradov"}]},{"@type":"WebSite","@id":"https:\/\/dodo-inflatables.com\/sk\/#website","url":"https:\/\/dodo-inflatables.com\/sk\/","name":"dodo-inflatables.com","description":"Nakupujte sk\u00e1kacie hrady a atrakcie v na\u0161om obchode.","potentialAction":[{"@type":"SearchAction","target":{"@type":"EntryPoint","urlTemplate":"https:\/\/dodo-inflatables.com\/sk\/?s={search_term_string}"},"query-input":{"@type":"PropertyValueSpecification","valueRequired":true,"valueName":"search_term_string"}}],"inLanguage":"sk-SK"}]}},"uagb_featured_image_src":{"full":["https:\/\/dodo-inflatables.com\/wp-content\/uploads\/2019\/03\/Bouncy-Castle-Cleaner.jpg",500,500,false],"thumbnail":["https:\/\/dodo-inflatables.com\/wp-content\/uploads\/2019\/03\/Bouncy-Castle-Cleaner-150x150.jpg",150,150,true],"medium":["https:\/\/dodo-inflatables.com\/wp-content\/uploads\/2019\/03\/Bouncy-Castle-Cleaner-300x300.jpg",300,300,true],"medium_large":["https:\/\/dodo-inflatables.com\/wp-content\/uploads\/2019\/03\/Bouncy-Castle-Cleaner.jpg",500,500,false],"large":["https:\/\/dodo-inflatables.com\/wp-content\/uploads\/2019\/03\/Bouncy-Castle-Cleaner.jpg",500,500,false],"1536x1536":["https:\/\/dodo-inflatables.com\/wp-content\/uploads\/2019\/03\/Bouncy-Castle-Cleaner.jpg",500,500,false],"2048x2048":["https:\/\/dodo-inflatables.com\/wp-content\/uploads\/2019\/03\/Bouncy-Castle-Cleaner.jpg",500,500,false],"woocommerce_thumbnail":["https:\/\/dodo-inflatables.com\/wp-content\/uploads\/2019\/03\/Bouncy-Castle-Cleaner.jpg",500,500,false],"woocommerce_single":["https:\/\/dodo-inflatables.com\/wp-content\/uploads\/2019\/03\/Bouncy-Castle-Cleaner.jpg",500,500,false],"woocommerce_gallery_thumbnail":["https:\/\/dodo-inflatables.com\/wp-content\/uploads\/2019\/03\/Bouncy-Castle-Cleaner-100x100.jpg",100,100,true]},"uagb_author_info":{"display_name":"Andreas","author_link":"https:\/\/dodo-inflatables.com\/sk\/author\/"},"uagb_comment_info":0,"uagb_excerpt":"Obsah: 1 liter Vhodn\u00e9 pre: sk\u00e1kacie hrady, nafukovacie hracie zariadenia, PVC plachtov\u00e9 a plastov\u00e9 povrchy Pou\u017eitie: mo\u017eno riedit s vodou Met\u00f3da \u010distenia: ru\u010dn\u00e9 \u010distenie handrou, hubkou alebo rozpra\u0161ova\u010dom","_links":{"self":[{"href":"https:\/\/dodo-inflatables.com\/sk\/wp-json\/wp\/v2\/product\/14132","targetHints":{"allow":["GET"]}}],"collection":[{"href":"https:\/\/dodo-inflatables.com\/sk\/wp-json\/wp\/v2\/product"}],"about":[{"href":"https:\/\/dodo-inflatables.com\/sk\/wp-json\/wp\/v2\/types\/product"}],"replies":[{"embeddable":true,"href":"https:\/\/dodo-inflatables.com\/sk\/wp-json\/wp\/v2\/comments?post=14132"}],"wp:featuredmedia":[{"embeddable":true,"href":"https:\/\/dodo-inflatables.com\/sk\/wp-json\/wp\/v2\/media\/55331"}],"wp:attachment":[{"href":"https:\/\/dodo-inflatables.com\/sk\/wp-json\/wp\/v2\/media?parent=14132"}],"wp:term":[{"taxonomy":"product_brand","embeddable":true,"href":"https:\/\/dodo-inflatables.com\/sk\/wp-json\/wp\/v2\/product_brand?post=14132"},{"taxonomy":"product_cat","embeddable":true,"href":"https:\/\/dodo-inflatables.com\/sk\/wp-json\/wp\/v2\/product_cat?post=14132"},{"taxonomy":"product_tag","embeddable":true,"href":"https:\/\/dodo-inflatables.com\/sk\/wp-json\/wp\/v2\/product_tag?post=14132"}],"curies":[{"name":"wp","href":"https:\/\/api.w.org\/{rel}","templated":true}]}}