{"id":14186,"date":"2024-03-26T17:00:35","date_gmt":"2024-03-26T16:00:35","guid":{"rendered":"https:\/\/dodo-inflatables.com\/product\/huawei-duchadlo-reh-2e-2ps\/"},"modified":"2024-07-10T12:28:01","modified_gmt":"2024-07-10T10:28:01","slug":"huawei-duchadlo-reh-2e-2ps","status":"publish","type":"product","link":"https:\/\/dodo-inflatables.com\/sk\/produkt\/huawei-duchadlo-reh-2e-2ps\/","title":{"rendered":"Huawei d\u00fachadlo REH-2E &#8211; 2PS"},"content":{"rendered":"<h2>K\u00fapi\u0165 Huawei Blower REH-2E &#8211; 2PS pre nafukovacie \u010dlny<\/h2>\n<p>Nafukovacie d\u00fachadlo Huawei je to prav\u00e9 pre po\u017ei\u010dovne alebo z\u00e1kazn\u00edkov, ktor\u00ed maj\u00fa v invent\u00e1ri nieko\u013eko nafukovac\u00edch zariaden\u00ed.<\/p>\n<p><strong>V\u00fdkonn\u00e9 pr\u00fadenie vzduchu<\/strong>: V\u010faka optim\u00e1lnemu pr\u00fadeniu vzduchu nafukuje nafukova\u010dku r\u00fdchlo a efekt\u00edvne a neust\u00e1le udr\u017eiava dokonal\u00fd tlak vzduchu.<br \/>\n<strong>V\u0161estrann\u00e1 kompatibilita<\/strong>: Vhodn\u00e1 pre r\u00f4zne nafukovacie kon\u0161trukcie, od sk\u00e1kac\u00edch hradov po nafukovacie \u0161m\u00fdka\u010dky a \u010fal\u0161ie.<br \/>\n<strong>Mo\u017enosti roz\u0161\u00edrenia<\/strong>: V pr\u00edpade mo\u017enost\u00ed roz\u0161\u00edrenia je mo\u017en\u00e9 d\u00fachadlo vybavi\u0165 <a href=\"https:\/\/dodo-inflatables.com\/sk\/produkt\/nastavec-na-deflator-huawei-dvojity\/\">defl\u00e1torom<\/a>, ktor\u00fd vys\u00e1va vzduch z nafukovacieho zariadenia, aby sa r\u00fdchlej\u0161ie demontovalo. D\u00fachadlo Huawei pon\u00faka aj mo\u017enos\u0165 roz\u0161\u00edrenia<a href=\"https:\/\/dodo-inflatables.com\/sk\/produkt\/pridavny-ohrievac-huawei\/\">&#8222;Heater<\/a>&#8222;. Tento ohrieva\u010d je tie\u017e pripojen\u00fd k d\u00fachadlu pomocou patentovan\u00e9ho syst\u00e9mu r\u00fdchleho kliknutia a ohrieva nas\u00e1van\u00fd vzduch, ktor\u00fd je vh\u00e1\u0148an\u00fd do nafukovacej kab\u00edny. To znamen\u00e1, \u017ee mokr\u00fd nafukovac\u00ed vak schne ove\u013ea r\u00fdchlej\u0161ie a jeho su\u0161enie u\u017e netrv\u00e1 nieko\u013eko hod\u00edn.<\/p>\n<p>&nbsp;<\/p>\n<h3>Podrobnosti o nafukovacom d\u00fachadle Huawei REH-2E &#8211; 2PS<\/h3>\n<ul>\n<li>Materi\u00e1l: vysokokvalitn\u00fd plastov\u00fd kryt<\/li>\n<li>V\u00fdkon: 1,35 kW (v\u00fdstup), 1,8 kW (vstup), 2 k<\/li>\n<li>Pripojenie: Z\u00e1str\u010dka Schuko<\/li>\n<li>Priemer n\u00e1sypky: 14,5 cm<\/li>\n<li>Rozmery: 49 x 38,5 x 49,5 cm<\/li>\n<li>Hmotnos\u0165: 16,8 kg<\/li>\n<li>Hladina hluku: 85 dB<\/li>\n<li>WEEE reg. nie. DE 82972723<\/li>\n<\/ul>\n<p><strong>Toto d\u00fachadlo je potrebn\u00e9 len pre ve\u013emi ve\u013ek\u00e9 nafukovacie \u010dlny a trochu star\u0161ie nafukovacie \u010dlny, ktor\u00fdch \u0161vy s\u00fa u\u017e trochu uvo\u013enen\u00e9, a preto maj\u00fa zv\u00fd\u0161en\u00fd v\u00fdstup vzduchu.<\/strong><br \/>\n<strong>Pri v\u0161etk\u00fdch na\u0161ich be\u017en\u00fdch nafukovac\u00edch zariadeniach pou\u017e\u00edvajte d\u00fachadlo Huawei s v\u00fdkonom 1,5 HP.<\/strong><\/p>\n<p>&nbsp;<\/p>\n","protected":false},"excerpt":{"rendered":"<ul>\n<li>Huawei Bouncy Castle Blower REH-2E &#8211; 2PS<\/li>\n<li>Vhodn\u00e9 pre v\u0161etky pon\u00fakan\u00e9 sk\u00e1kacie hrady a moduly podujat\u00ed<\/li>\n<li>Profesion\u00e1lna trieda &#8211; vhodn\u00e9 na komer\u010dn\u00e9 aj s\u00fakromn\u00e9 pou\u017eitie<\/li>\n<\/ul>\n","protected":false},"featured_media":13752,"comment_status":"open","ping_status":"closed","template":"","meta":{"_acf_changed":false,"_uag_custom_page_level_css":"","site-sidebar-layout":"default","site-content-layout":"boxed-container","ast-site-content-layout":"normal-width-container","site-content-style":"boxed","site-sidebar-style":"boxed","ast-global-header-display":"","ast-banner-title-visibility":"","ast-main-header-display":"","ast-hfb-above-header-display":"","ast-hfb-below-header-display":"","ast-hfb-mobile-header-display":"","site-post-title":"disabled","ast-breadcrumbs-content":"","ast-featured-img":"","footer-sml-layout":"","ast-disable-related-posts":"","theme-transparent-header-meta":"default","adv-header-id-meta":"","stick-header-meta":"default","header-above-stick-meta":"","header-main-stick-meta":"","header-below-stick-meta":"","astra-migrate-meta-layouts":"default","ast-page-background-enabled":"default","ast-page-background-meta":{"desktop":{"background-color":"var(--ast-global-color-4)","background-image":"","background-repeat":"repeat","background-position":"center center","background-size":"auto","background-attachment":"scroll","background-type":"","background-media":"","overlay-type":"","overlay-color":"","overlay-opacity":"","overlay-gradient":""},"tablet":{"background-color":"","background-image":"","background-repeat":"repeat","background-position":"center center","background-size":"auto","background-attachment":"scroll","background-type":"","background-media":"","overlay-type":"","overlay-color":"","overlay-opacity":"","overlay-gradient":""},"mobile":{"background-color":"","background-image":"","background-repeat":"repeat","background-position":"center center","background-size":"auto","background-attachment":"scroll","background-type":"","background-media":"","overlay-type":"","overlay-color":"","overlay-opacity":"","overlay-gradient":""}},"ast-content-background-meta":{"desktop":{"background-color":"var(--ast-global-color-5)","background-image":"","background-repeat":"repeat","background-position":"center center","background-size":"auto","background-attachment":"scroll","background-type":"","background-media":"","overlay-type":"","overlay-color":"","overlay-opacity":"","overlay-gradient":""},"tablet":{"background-color":"var(--ast-global-color-5)","background-image":"","background-repeat":"repeat","background-position":"center center","background-size":"auto","background-attachment":"scroll","background-type":"","background-media":"","overlay-type":"","overlay-color":"","overlay-opacity":"","overlay-gradient":""},"mobile":{"background-color":"var(--ast-global-color-5)","background-image":"","background-repeat":"repeat","background-position":"center center","background-size":"auto","background-attachment":"scroll","background-type":"","background-media":"","overlay-type":"","overlay-color":"","overlay-opacity":"","overlay-gradient":""}}},"product_brand":[],"product_cat":[1138],"product_tag":[],"class_list":{"0":"post-14186","1":"product","2":"type-product","3":"status-publish","4":"has-post-thumbnail","6":"product_cat-prislusenstvo","7":"product_shipping_class-zubehor-sk","8":"desktop-align-center","9":"tablet-align-center","10":"mobile-align-center","11":"ast-product-gallery-layout-horizontal","12":"ast-product-gallery-with-no-image","13":"ast-product-tabs-layout-horizontal","15":"first","16":"instock","17":"taxable","18":"shipping-taxable","19":"purchasable","20":"product-type-simple"},"acf":[],"yoast_head":"<!-- This site is optimized with the Yoast SEO plugin v27.3 - https:\/\/yoast.com\/product\/yoast-seo-wordpress\/ -->\n<title>K\u00fapi\u0165 Huawei d\u00fachadl\u00e1 pre sk\u00e1kacie hrady | Dodo-Inflatables.com<\/title>\n<meta name=\"description\" content=\"K\u00fapi\u0165 Huawei F\u00faka\u010d pre nafukovacie \u010dlny REH-1.5E - 1.5HP na Dodo-Inflatables.com | F\u00e9rov\u00e9 ceny | V\u017edy na sklade | R\u00fdchla doprava!\" \/>\n<meta name=\"robots\" content=\"index, follow, max-snippet:-1, max-image-preview:large, max-video-preview:-1\" \/>\n<link rel=\"canonical\" href=\"https:\/\/dodo-inflatables.com\/sk\/produkt\/huawei-duchadlo-reh-2e-2ps\/\" \/>\n<meta name=\"twitter:label1\" content=\"Predpokladan\u00fd \u010das \u010d\u00edtania\" \/>\n\t<meta name=\"twitter:data1\" content=\"1 min\u00fata\" \/>\n<script type=\"application\/ld+json\" class=\"yoast-schema-graph\">{\"@context\":\"https:\\\/\\\/schema.org\",\"@graph\":[{\"@type\":\"WebPage\",\"@id\":\"https:\\\/\\\/dodo-inflatables.com\\\/sk\\\/produkt\\\/huawei-duchadlo-reh-2e-2ps\\\/\",\"url\":\"https:\\\/\\\/dodo-inflatables.com\\\/sk\\\/produkt\\\/huawei-duchadlo-reh-2e-2ps\\\/\",\"name\":\"K\u00fapi\u0165 Huawei d\u00fachadl\u00e1 pre sk\u00e1kacie hrady | Dodo-Inflatables.com\",\"isPartOf\":{\"@id\":\"https:\\\/\\\/dodo-inflatables.com\\\/sk\\\/#website\"},\"primaryImageOfPage\":{\"@id\":\"https:\\\/\\\/dodo-inflatables.com\\\/sk\\\/produkt\\\/huawei-duchadlo-reh-2e-2ps\\\/#primaryimage\"},\"image\":{\"@id\":\"https:\\\/\\\/dodo-inflatables.com\\\/sk\\\/produkt\\\/huawei-duchadlo-reh-2e-2ps\\\/#primaryimage\"},\"thumbnailUrl\":\"https:\\\/\\\/dodo-inflatables.com\\\/wp-content\\\/uploads\\\/2020\\\/12\\\/Hupfburg-Geblase-Huawei-kaufen_0007_Air-Blower-REH-1.5E.jpg\",\"datePublished\":\"2024-03-26T16:00:35+00:00\",\"dateModified\":\"2024-07-10T10:28:01+00:00\",\"description\":\"K\u00fapi\u0165 Huawei F\u00faka\u010d pre nafukovacie \u010dlny REH-1.5E - 1.5HP na Dodo-Inflatables.com | F\u00e9rov\u00e9 ceny | V\u017edy na sklade | R\u00fdchla doprava!\",\"breadcrumb\":{\"@id\":\"https:\\\/\\\/dodo-inflatables.com\\\/sk\\\/produkt\\\/huawei-duchadlo-reh-2e-2ps\\\/#breadcrumb\"},\"inLanguage\":\"sk-SK\",\"potentialAction\":[{\"@type\":\"ReadAction\",\"target\":[\"https:\\\/\\\/dodo-inflatables.com\\\/sk\\\/produkt\\\/huawei-duchadlo-reh-2e-2ps\\\/\"]}]},{\"@type\":\"ImageObject\",\"inLanguage\":\"sk-SK\",\"@id\":\"https:\\\/\\\/dodo-inflatables.com\\\/sk\\\/produkt\\\/huawei-duchadlo-reh-2e-2ps\\\/#primaryimage\",\"url\":\"https:\\\/\\\/dodo-inflatables.com\\\/wp-content\\\/uploads\\\/2020\\\/12\\\/Hupfburg-Geblase-Huawei-kaufen_0007_Air-Blower-REH-1.5E.jpg\",\"contentUrl\":\"https:\\\/\\\/dodo-inflatables.com\\\/wp-content\\\/uploads\\\/2020\\\/12\\\/Hupfburg-Geblase-Huawei-kaufen_0007_Air-Blower-REH-1.5E.jpg\",\"width\":500,\"height\":500},{\"@type\":\"BreadcrumbList\",\"@id\":\"https:\\\/\\\/dodo-inflatables.com\\\/sk\\\/produkt\\\/huawei-duchadlo-reh-2e-2ps\\\/#breadcrumb\",\"itemListElement\":[{\"@type\":\"ListItem\",\"position\":1,\"name\":\"Domovsk\u00e1 str\u00e1nka\",\"item\":\"https:\\\/\\\/dodo-inflatables.com\\\/sk\\\/\"},{\"@type\":\"ListItem\",\"position\":2,\"name\":\"Obchod\",\"item\":\"https:\\\/\\\/dodo-inflatables.com\\\/sk\\\/obchod\\\/\"},{\"@type\":\"ListItem\",\"position\":3,\"name\":\"Huawei d\u00fachadlo REH-2E &#8211; 2PS\"}]},{\"@type\":\"WebSite\",\"@id\":\"https:\\\/\\\/dodo-inflatables.com\\\/sk\\\/#website\",\"url\":\"https:\\\/\\\/dodo-inflatables.com\\\/sk\\\/\",\"name\":\"dodo-inflatables.com\",\"description\":\"Nakupujte sk\u00e1kacie hrady a atrakcie v na\u0161om obchode.\",\"publisher\":{\"@id\":\"https:\\\/\\\/dodo-inflatables.com\\\/sk\\\/#organization\"},\"potentialAction\":[{\"@type\":\"SearchAction\",\"target\":{\"@type\":\"EntryPoint\",\"urlTemplate\":\"https:\\\/\\\/dodo-inflatables.com\\\/sk\\\/?s={search_term_string}\"},\"query-input\":{\"@type\":\"PropertyValueSpecification\",\"valueRequired\":true,\"valueName\":\"search_term_string\"}}],\"inLanguage\":\"sk-SK\"},{\"@type\":\"Organization\",\"@id\":\"https:\\\/\\\/dodo-inflatables.com\\\/sk\\\/#organization\",\"name\":\"dodo-inflatables.com\",\"url\":\"https:\\\/\\\/dodo-inflatables.com\\\/sk\\\/\",\"logo\":{\"@type\":\"ImageObject\",\"inLanguage\":\"sk-SK\",\"@id\":\"https:\\\/\\\/dodo-inflatables.com\\\/sk\\\/#\\\/schema\\\/logo\\\/image\\\/\",\"url\":\"https:\\\/\\\/dodo-inflatables.com\\\/wp-content\\\/uploads\\\/2023\\\/04\\\/cropped-cropped-cropped-Dodo-Logo.png\",\"contentUrl\":\"https:\\\/\\\/dodo-inflatables.com\\\/wp-content\\\/uploads\\\/2023\\\/04\\\/cropped-cropped-cropped-Dodo-Logo.png\",\"width\":2996,\"height\":1545,\"caption\":\"dodo-inflatables.com\"},\"image\":{\"@id\":\"https:\\\/\\\/dodo-inflatables.com\\\/sk\\\/#\\\/schema\\\/logo\\\/image\\\/\"}}]}<\/script>\n<!-- \/ Yoast SEO plugin. -->","yoast_head_json":{"title":"K\u00fapi\u0165 Huawei d\u00fachadl\u00e1 pre sk\u00e1kacie hrady | Dodo-Inflatables.com","description":"K\u00fapi\u0165 Huawei F\u00faka\u010d pre nafukovacie \u010dlny REH-1.5E - 1.5HP na Dodo-Inflatables.com | F\u00e9rov\u00e9 ceny | V\u017edy na sklade | R\u00fdchla doprava!","robots":{"index":"index","follow":"follow","max-snippet":"max-snippet:-1","max-image-preview":"max-image-preview:large","max-video-preview":"max-video-preview:-1"},"canonical":"https:\/\/dodo-inflatables.com\/sk\/produkt\/huawei-duchadlo-reh-2e-2ps\/","twitter_misc":{"Predpokladan\u00fd \u010das \u010d\u00edtania":"1 min\u00fata"},"schema":{"@context":"https:\/\/schema.org","@graph":[{"@type":"WebPage","@id":"https:\/\/dodo-inflatables.com\/sk\/produkt\/huawei-duchadlo-reh-2e-2ps\/","url":"https:\/\/dodo-inflatables.com\/sk\/produkt\/huawei-duchadlo-reh-2e-2ps\/","name":"K\u00fapi\u0165 Huawei d\u00fachadl\u00e1 pre sk\u00e1kacie hrady | Dodo-Inflatables.com","isPartOf":{"@id":"https:\/\/dodo-inflatables.com\/sk\/#website"},"primaryImageOfPage":{"@id":"https:\/\/dodo-inflatables.com\/sk\/produkt\/huawei-duchadlo-reh-2e-2ps\/#primaryimage"},"image":{"@id":"https:\/\/dodo-inflatables.com\/sk\/produkt\/huawei-duchadlo-reh-2e-2ps\/#primaryimage"},"thumbnailUrl":"https:\/\/dodo-inflatables.com\/wp-content\/uploads\/2020\/12\/Hupfburg-Geblase-Huawei-kaufen_0007_Air-Blower-REH-1.5E.jpg","datePublished":"2024-03-26T16:00:35+00:00","dateModified":"2024-07-10T10:28:01+00:00","description":"K\u00fapi\u0165 Huawei F\u00faka\u010d pre nafukovacie \u010dlny REH-1.5E - 1.5HP na Dodo-Inflatables.com | F\u00e9rov\u00e9 ceny | V\u017edy na sklade | R\u00fdchla doprava!","breadcrumb":{"@id":"https:\/\/dodo-inflatables.com\/sk\/produkt\/huawei-duchadlo-reh-2e-2ps\/#breadcrumb"},"inLanguage":"sk-SK","potentialAction":[{"@type":"ReadAction","target":["https:\/\/dodo-inflatables.com\/sk\/produkt\/huawei-duchadlo-reh-2e-2ps\/"]}]},{"@type":"ImageObject","inLanguage":"sk-SK","@id":"https:\/\/dodo-inflatables.com\/sk\/produkt\/huawei-duchadlo-reh-2e-2ps\/#primaryimage","url":"https:\/\/dodo-inflatables.com\/wp-content\/uploads\/2020\/12\/Hupfburg-Geblase-Huawei-kaufen_0007_Air-Blower-REH-1.5E.jpg","contentUrl":"https:\/\/dodo-inflatables.com\/wp-content\/uploads\/2020\/12\/Hupfburg-Geblase-Huawei-kaufen_0007_Air-Blower-REH-1.5E.jpg","width":500,"height":500},{"@type":"BreadcrumbList","@id":"https:\/\/dodo-inflatables.com\/sk\/produkt\/huawei-duchadlo-reh-2e-2ps\/#breadcrumb","itemListElement":[{"@type":"ListItem","position":1,"name":"Domovsk\u00e1 str\u00e1nka","item":"https:\/\/dodo-inflatables.com\/sk\/"},{"@type":"ListItem","position":2,"name":"Obchod","item":"https:\/\/dodo-inflatables.com\/sk\/obchod\/"},{"@type":"ListItem","position":3,"name":"Huawei d\u00fachadlo REH-2E &#8211; 2PS"}]},{"@type":"WebSite","@id":"https:\/\/dodo-inflatables.com\/sk\/#website","url":"https:\/\/dodo-inflatables.com\/sk\/","name":"dodo-inflatables.com","description":"Nakupujte sk\u00e1kacie hrady a atrakcie v na\u0161om obchode.","publisher":{"@id":"https:\/\/dodo-inflatables.com\/sk\/#organization"},"potentialAction":[{"@type":"SearchAction","target":{"@type":"EntryPoint","urlTemplate":"https:\/\/dodo-inflatables.com\/sk\/?s={search_term_string}"},"query-input":{"@type":"PropertyValueSpecification","valueRequired":true,"valueName":"search_term_string"}}],"inLanguage":"sk-SK"},{"@type":"Organization","@id":"https:\/\/dodo-inflatables.com\/sk\/#organization","name":"dodo-inflatables.com","url":"https:\/\/dodo-inflatables.com\/sk\/","logo":{"@type":"ImageObject","inLanguage":"sk-SK","@id":"https:\/\/dodo-inflatables.com\/sk\/#\/schema\/logo\/image\/","url":"https:\/\/dodo-inflatables.com\/wp-content\/uploads\/2023\/04\/cropped-cropped-cropped-Dodo-Logo.png","contentUrl":"https:\/\/dodo-inflatables.com\/wp-content\/uploads\/2023\/04\/cropped-cropped-cropped-Dodo-Logo.png","width":2996,"height":1545,"caption":"dodo-inflatables.com"},"image":{"@id":"https:\/\/dodo-inflatables.com\/sk\/#\/schema\/logo\/image\/"}}]}},"uagb_featured_image_src":{"full":["https:\/\/dodo-inflatables.com\/wp-content\/uploads\/2020\/12\/Hupfburg-Geblase-Huawei-kaufen_0007_Air-Blower-REH-1.5E.jpg",500,500,false],"thumbnail":["https:\/\/dodo-inflatables.com\/wp-content\/uploads\/2020\/12\/Hupfburg-Geblase-Huawei-kaufen_0007_Air-Blower-REH-1.5E-150x150.jpg",150,150,true],"medium":["https:\/\/dodo-inflatables.com\/wp-content\/uploads\/2020\/12\/Hupfburg-Geblase-Huawei-kaufen_0007_Air-Blower-REH-1.5E-300x300.jpg",300,300,true],"medium_large":["https:\/\/dodo-inflatables.com\/wp-content\/uploads\/2020\/12\/Hupfburg-Geblase-Huawei-kaufen_0007_Air-Blower-REH-1.5E.jpg",500,500,false],"large":["https:\/\/dodo-inflatables.com\/wp-content\/uploads\/2020\/12\/Hupfburg-Geblase-Huawei-kaufen_0007_Air-Blower-REH-1.5E.jpg",500,500,false],"1536x1536":["https:\/\/dodo-inflatables.com\/wp-content\/uploads\/2020\/12\/Hupfburg-Geblase-Huawei-kaufen_0007_Air-Blower-REH-1.5E.jpg",500,500,false],"2048x2048":["https:\/\/dodo-inflatables.com\/wp-content\/uploads\/2020\/12\/Hupfburg-Geblase-Huawei-kaufen_0007_Air-Blower-REH-1.5E.jpg",500,500,false],"woocommerce_thumbnail":["https:\/\/dodo-inflatables.com\/wp-content\/uploads\/2020\/12\/Hupfburg-Geblase-Huawei-kaufen_0007_Air-Blower-REH-1.5E.jpg",500,500,false],"woocommerce_single":["https:\/\/dodo-inflatables.com\/wp-content\/uploads\/2020\/12\/Hupfburg-Geblase-Huawei-kaufen_0007_Air-Blower-REH-1.5E.jpg",500,500,false],"woocommerce_gallery_thumbnail":["https:\/\/dodo-inflatables.com\/wp-content\/uploads\/2020\/12\/Hupfburg-Geblase-Huawei-kaufen_0007_Air-Blower-REH-1.5E-100x100.jpg",100,100,true]},"uagb_author_info":{"display_name":"Andreas","author_link":"https:\/\/dodo-inflatables.com\/sk\/author\/"},"uagb_comment_info":0,"uagb_excerpt":"Huawei Bouncy Castle Blower REH-2E - 2PS Vhodn\u00e9 pre v\u0161etky pon\u00fakan\u00e9 sk\u00e1kacie hrady a moduly podujat\u00ed Profesion\u00e1lna trieda - vhodn\u00e9 na komer\u010dn\u00e9 aj s\u00fakromn\u00e9 pou\u017eitie","_links":{"self":[{"href":"https:\/\/dodo-inflatables.com\/sk\/wp-json\/wp\/v2\/product\/14186","targetHints":{"allow":["GET"]}}],"collection":[{"href":"https:\/\/dodo-inflatables.com\/sk\/wp-json\/wp\/v2\/product"}],"about":[{"href":"https:\/\/dodo-inflatables.com\/sk\/wp-json\/wp\/v2\/types\/product"}],"replies":[{"embeddable":true,"href":"https:\/\/dodo-inflatables.com\/sk\/wp-json\/wp\/v2\/comments?post=14186"}],"wp:featuredmedia":[{"embeddable":true,"href":"https:\/\/dodo-inflatables.com\/sk\/wp-json\/wp\/v2\/media\/13752"}],"wp:attachment":[{"href":"https:\/\/dodo-inflatables.com\/sk\/wp-json\/wp\/v2\/media?parent=14186"}],"wp:term":[{"taxonomy":"product_brand","embeddable":true,"href":"https:\/\/dodo-inflatables.com\/sk\/wp-json\/wp\/v2\/product_brand?post=14186"},{"taxonomy":"product_cat","embeddable":true,"href":"https:\/\/dodo-inflatables.com\/sk\/wp-json\/wp\/v2\/product_cat?post=14186"},{"taxonomy":"product_tag","embeddable":true,"href":"https:\/\/dodo-inflatables.com\/sk\/wp-json\/wp\/v2\/product_tag?post=14186"}],"curies":[{"name":"wp","href":"https:\/\/api.w.org\/{rel}","templated":true}]}}