{"id":14903,"date":"2023-10-16T13:21:26","date_gmt":"2023-10-16T11:21:26","guid":{"rendered":"https:\/\/dodo-inflatables.com\/product\/skakaci-hrad-multiplay-volcano-so-smyklavkou\/"},"modified":"2026-02-05T13:19:37","modified_gmt":"2026-02-05T12:19:37","slug":"skakaci-hrad-prekazkova-draha-stavenisko","status":"publish","type":"product","link":"https:\/\/dodo-inflatables.com\/sk\/produkt\/skakaci-hrad-prekazkova-draha-stavenisko\/","title":{"rendered":"Sk\u00e1kac\u00ed hrad Prek\u00e1\u017ekov\u00e1 dr\u00e1ha \u201eStavenisko\u201c"},"content":{"rendered":"<h2>K\u00fapte si Sk\u00e1kac\u00ed hrad Prek\u00e1\u017ekov\u00e1 dr\u00e1ha \u201eStavenisko\u201c<\/h2>\n<p>N\u00e1\u0161 nafukovac\u00ed prek\u00e1\u017ekov\u00fd beh &#8222;Stavenisko&#8220; je skuto\u010dn\u00fdm vrcholom ka\u017ed\u00e9ho podujatia a prin\u00e1\u0161a akciu a z\u00e1bavu pre mal\u00fdch host\u00ed. Prek\u00e1\u017ekov\u00fd beh Stavenisko pon\u00faka mnoho vzru\u0161uj\u00facich v\u00fdziev, ktor\u00e9 podporuj\u00fa fyzick\u00fa pohyblivos\u0165 a koordin\u00e1ciu det\u00ed hravou formou. Bezpe\u010dnostn\u00e9 siete nad \u0161myk\u013eavkou zabezpe\u010duj\u00fa vysok\u00fa \u00farove\u0148 bezpe\u010dnosti. S d\u013a\u017ekou 9 metrov a r\u00f4znymi prek\u00e1\u017ekami, ako s\u00fa lezeck\u00e9 steny, tunely a \u0161myk\u013eavky, pon\u00faka modul v\u00fdzvu pre akt\u00edvne deti. V\u010faka r\u00fdchlej a jednoduchej mont\u00e1\u017ei je vhodn\u00fd na s\u00fakrom&#8230;<\/p>\n<p>Sk\u00e1kac\u00ed hrad Prek\u00e1\u017ekov\u00e1 dr\u00e1ha \u201eStavenisko\u201c u sa dod\u00e1va v praktickom transportnom vaku a d\u00e1 sa ve\u013emi jednoducho postavi\u0165 pribli\u017ene za 10 min\u00fat. S\u00fa\u010das\u0165ou balenia je sk\u00e1kac\u00ed hrad, transportn\u00fd vak a opravn\u00e1 sada. Upozor\u0148ujeme, \u017ee <a href=\"https:\/\/dodo-inflatables.com\/sk\/produkt\/huawei-duchadlo-reh-1-5e-15ps\/\">ventil\u00e1tor<\/a> a <a href=\"https:\/\/dodo-inflatables.com\/sk\/produkt\/pozemny-list-5-x-6-metrov\/\">ochrann\u00e1 podlo\u017eka<\/a> nie s\u00fa s\u00fa\u010das\u0165ou balenia. N\u00e1jdete ich v na\u0161ej kateg\u00f3rii <a href=\"https:\/\/dodo-inflatables.com\/sk\/kategoria-produktu\/prislusenstvo\/\">Pr\u00edslu\u0161enstvo<\/a>. Obidva pon\u00fakan\u00e9 ventil\u00e1tory (<a href=\"https:\/\/dodo-inflatables.com\/sk\/produkt\/huawei-duchadlo-reh-1-5e-15ps\/\">Huawei<\/a> a <a href=\"https:\/\/dodo-inflatables.com\/sk\/produkt\/duchadlo-gibbons-fp5005-15ps\/\">Gibbons<\/a>) s\u00fa vhodn\u00e9 pre tento sk\u00e1kac\u00ed hrad.<\/p>\n<p>Vyroben\u00fd z pevnej PVC plachty (0,55 mm \/ 621,3 g\/m\u00b2) a certifikovan\u00fd pod\u013ea DIN EN 14960, Sk\u00e1kac\u00ed hrad Prek\u00e1\u017ekov\u00e1 dr\u00e1ha \u201eStavenisko\u201c je kvalitn\u00fd produkt, ktor\u00fd sp\u013a\u0148a najvy\u0161\u0161ie bezpe\u010dnostn\u00e9 normy.<\/p>\n<p>Pou\u017e\u00edvajte sk\u00e1kac\u00ed hrad v\u00fdlu\u010dne na vhodn\u00fdch ochrann\u00fdch podlo\u017ek\u00e1ch, aby ste ho ochr\u00e1nili pred ostr\u00fdmi predmetmi na zemi a pred opotrebovan\u00edm. Odpor\u00fa\u010dame postavi\u0165 sk\u00e1kac\u00ed hrad na tr\u00e1vnatej ploche a zaisti\u0165 ho pomocou <a href=\"https:\/\/dodo-inflatables.com\/sk\/produkt\/zemne-koliky-na-upevnenie-nafukovacich-zariadeni\/\">kotviacich kol\u00edkov<\/a> pre maxim\u00e1lnu bezpe\u010dnos\u0165. Po ka\u017edom pou\u017eit\u00ed by mal by\u0165 hrad op\u00e4\u0165 such\u00fd a spr\u00e1vne zabalen\u00fd, aby bol chr\u00e1nen\u00fd pred vonkaj\u0161\u00edmi vplyvmi a po\u0161koden\u00edm pri preprave.<\/p>\n<p>\u26a0\ufe0f Na prev\u00e1dzku sk\u00e1kacieho hradu je potrebn\u00fd len <strong>jeden ventil\u00e1tor<\/strong>. Druh\u00e1 vzduchov\u00e1 hadica sl\u00fa\u017ei len ako alternat\u00edva \u2013 napr\u00edklad ak je na mieste probl\u00e9m s priestorom alebo ak je in\u00e9 pripojenie v\u00fdhodnej\u0161ie \u2013 alebo ju mo\u017eno pou\u017ei\u0165 pri balen\u00ed na r\u00fdchlej\u0161ie vypustenie vzduchu.<\/p>\n<div class=\"product-description\">\n<p><!-- Gelbe Info-Box --><\/p>\n<div class=\"yellow-box\">\n<h2>Podrobnosti o Sk\u00e1kac\u00ed hrad Prek\u00e1\u017ekov\u00e1 dr\u00e1ha \u201eStavenisko\u201c<\/h2>\n<div class=\"info-container\">\n<p><!-- Erste Zeile --><\/p>\n<div class=\"info-group\">\n<div class=\"info-column\">\n<h3>Rozmery &amp; pou\u017e\u00edvatelia<\/h3>\n<ul>\n<li><strong>Rozmery<\/strong>: 9,30 m x 3,10 m x 4,60 m * (D x \u0160 x V)<\/li>\n<li><strong>Sk\u00e1kacia plocha<\/strong>: (D x \u0160)<\/li>\n<li><strong>V\u00fd\u0161ka \u0161myk\u013eavky<\/strong>: 1,50 m + 50 cm v\u00fd\u0161ka od zeme *<\/li>\n<li>Vhodn\u00e9 pre cca <strong>12 det\u00ed<\/strong> (v z\u00e1vislosti od veku a ve\u013ekosti)<\/li>\n<li><strong>Maxim\u00e1lna v\u00fd\u0161ka<\/strong> pou\u017e\u00edvate\u013eov: 1,50 m<\/li>\n<\/ul>\n<\/div>\n<div class=\"info-column\">\n<h3>Mont\u00e1\u017e a demont\u00e1\u017e<\/h3>\n<ul>\n<li><strong>Rozmery balenia<\/strong>: V\u00fd\u0161ka 130 cm, Priemer 120 cm<\/li>\n<li><strong>Hmotnos\u0165<\/strong>: ca. 165 kg<\/li>\n<li><strong>\u010cas mont\u00e1\u017ee<\/strong>: 10 \u2013 20 Minuten<\/li>\n<li><strong>Potrebn\u00fd ventil\u00e1tor<\/strong>: <span style=\"color: #ffffff;\"><a style=\"color: #ffffff;\" href=\"https:\/\/dodo-inflatables.com\/sk\/produkt\/huawei-duchadlo-reh-2e-2ps\/\">1 x Huawei REH-2E \u2013 2 PS<\/a><\/span><\/li>\n<li><strong>Potrebn\u00fd priestor<\/strong>: 14,60 x 6,70 m (d\u013a\u017eka \u00d7 \u0161\u00edrka) (pod\u013ea normy DIN EN14960) <span class=\"tooltip\"><em><span style=\"color: #ffffff;\">\u010co to znamen\u00e1?<\/span><\/em><br \/>\n<span class=\"tooltiptext\">Pod\u013ea normy DIN mus\u00ed by\u0165 okolo sk\u00e1kacieho hradu vo\u013en\u00fd priestor 1,80 m a 3,50 m pred otvorenou stranou. Sl\u00fa\u017ei to na zv\u00fd\u0161enie bezpe\u010dnosti, realiz\u00e1cia v\u0161ak zost\u00e1va na vlastnom uv\u00e1\u017een\u00ed.<\/span><\/span><\/li>\n<\/ul>\n<\/div>\n<div class=\"info-column\">\n<h3>Vlastnosti<\/h3>\n<ul>\n<li><strong>Certifik\u00e1t<\/strong> pod\u013ea EN 14960<\/li>\n<li>Materi\u00e1l: PVC (0,55 mm \/ 621,3 g\/m\u00b2)<\/li>\n<li>2- a\u017e 4-n\u00e1sobne pre\u0161\u00edvan\u00e9<\/li>\n<li>\u0164a\u017eko z\u00e1paln\u00fd<\/li>\n<li>Sk\u00e1kacia plocha s ochrann\u00fdm p\u00e1som, zips s krytom na such\u00fd zips, spevnen\u00e9 rohy<\/li>\n<\/ul>\n<\/div>\n<\/div>\n<p><!-- Zweite Zeile (Duplikat direkt darunter) --><\/p>\n<div class=\"info-group\">\n<div class=\"info-column\">\n<h3>S\u00fa\u010das\u0165 balenia<\/h3>\n<ul class=\"check-list\">\n<li>Podrobn\u00fd n\u00e1vod s bezpe\u010dnostn\u00fdmi pokynmi, n\u00e1vodom na mont\u00e1\u017e a inform\u00e1ciami pre pren\u00e1jom<\/li>\n<li>Vhodn\u00fd transportn\u00fd vak<\/li>\n<li>Opravovacia s\u00faprava<\/li>\n<\/ul>\n<\/div>\n<div class=\"info-column\">\n<h3>Nie je s\u00fa\u010das\u0165ou<\/h3>\n<ul class=\"cross-list\">\n<li><span style=\"color: #ffffff;\"><a style=\"color: #ffffff;\" href=\"https:\/\/dodo-inflatables.com\/sk\/produkt\/huawei-duchadlo-reh-2e-2ps\/\">Ventil\u00e1tor<\/a><\/span><\/li>\n<li><span style=\"color: #ffffff;\"><a style=\"color: #ffffff;\" href=\"https:\/\/dodo-inflatables.com\/sk\/produkt\/pozemny-list-5-x-6-metrov\/\">Ochrann\u00e1 podlo\u017eka<\/a><\/span><\/li>\n<li><span style=\"color: #ffffff;\"><a style=\"color: #ffffff;\" href=\"https:\/\/dodo-inflatables.com\/sk\/produkt\/zemne-koliky-na-upevnenie-nafukovacich-zariadeni\/\">Kotviace kol\u00edky<\/a><\/span><\/li>\n<li><span style=\"color: #ffffff;\"><a style=\"color: #ffffff;\" href=\"https:\/\/dodo-inflatables.com\/sk\/produkt\/rohoze-na-ochranu-proti-padu-240-x-120-x-5-cm\/\">Ochrann\u00e9 roho\u017ee<\/a><\/span><\/li>\n<li>\u010eal\u0161ie pr\u00edslu\u0161enstvo<\/li>\n<\/ul>\n<\/div>\n<div class=\"info-column\"><\/div>\n<\/div>\n<\/div>\n<\/div>\n<\/div>\n<h3>D\u00f4le\u017eit\u00e9 pokyny k pou\u017e\u00edvaniu<\/h3>\n<p>Sk\u00e1kac\u00ed hrad Prek\u00e1\u017ekov\u00e1 dr\u00e1ha \u201eStavenisko\u201c je profesion\u00e1lny model vyroben\u00fd a testovan\u00fd pod\u013ea pr\u00edsnych po\u017eiadaviek normy DIN EN 14960, \u010do znamen\u00e1, \u017ee je bezpe\u010dn\u00fd a spo\u013eahliv\u00fd. Je preto ide\u00e1lny pre profesion\u00e1lny pren\u00e1jom. Upozor\u0148ujeme, \u017ee pou\u017e\u00edvanie je povolen\u00e9 iba pre deti, nie pre dospel\u00fdch!<\/p>\n<p>Upozor\u0148ujeme, \u017ee ventil\u00e1tor (nie je s\u00fa\u010das\u0165ou balenia) mus\u00ed by\u0165 po\u010das pou\u017e\u00edvania neust\u00e1le zapnut\u00fd a mierny \u00fanik vzduchu je nutn\u00fd, aby sa predi\u0161lo prasknutiu sk\u00e1kacieho hradu.<\/p>\n<p>Z\u00edskajte teraz Sk\u00e1kac\u00ed hrad Prek\u00e1\u017ekov\u00e1 dr\u00e1ha \u201eStavenisko\u201c a za\u017eite nezabudnute\u013en\u00e9 chv\u00edle pln\u00e9 z\u00e1bavy a dobrodru\u017estva!<\/p>\n<p><em>Tento model je chr\u00e1neny registrovanym dizajnom platnym v celej E\u00da.<\/em><\/p>\n<div class=\"green-box\">\n<p><img decoding=\"async\" src=\"https:\/\/dodo-inflatables.com\/wp-content\/uploads\/2025\/04\/SK-1.png\" alt=\"Leitfaden\" \/><\/p>\n<div class=\"text-container\">\n<h3>Po zak\u00fapen\u00ed dostanete 23-stranov\u00fd n\u00e1vod, ktor\u00fd obsahuje tieto t\u00e9my:<\/h3>\n<ul>\n<li>Bezpe\u010dnostn\u00e9 pokyny pre mont\u00e1\u017e, demont\u00e1\u017e a pou\u017e\u00edvanie<\/li>\n<li>Certifik\u00e1t DIN EN 14960 a individu\u00e1lne s\u00e9riov\u00e9 \u010d\u00edslo<\/li>\n<li>Podrobn\u00fd n\u00e1vod na mont\u00e1\u017e a demont\u00e1\u017e<\/li>\n<li>Pokyny na kontrolu a \u00fadr\u017ebu<\/li>\n<li>Odpor\u00fa\u010dania na pren\u00e1jom<\/li>\n<\/ul>\n<\/div>\n<\/div>\n","protected":false},"excerpt":{"rendered":"<h4>[gzd_product_delivery_time]<\/h4>\n<div class=\"delivery-info\">\n<p><b>Ak objedn\u00e1vka a platba prebehne <b>do 11:00 hod.<\/b>,<\/b><br \/>\nodoslanie prebehne e\u0161te v ten ist\u00fd de\u0148!<\/p>\n<p><i class=\"fas fa-shipping-fast\"><\/i> \u00a0\u00a0Dodacia lehota cca 2 \u2013 8 pracovn\u00fdch dn\u00ed (odoslan\u00e9 z Nemecka)<br \/>\n<i class=\"fas fa-expand-arrows-alt\"><\/i> \u00a0\u00a0\u00a0Rozmery: 9,30 m x 3,10 m x 4,60 m * (d\u013a\u017eka \u00d7 \u0161\u00edrka \u00d7 v\u00fd\u0161ka)<br \/>\n<i class=\"fas fa-users\"><\/i> \u00a0\u00a0Vhodn\u00e9 pre cca 12 det\u00ed (v z\u00e1vislosti od veku a ve\u013ekosti)<br \/>\n<i class=\"fas fa-award\"><\/i> \u00a0\u00a0\u00a0Certifikovan\u00e9 pod\u013ea DIN EN 14960<br \/>\n<i class=\"fas fa-book\"><\/i> \u00a0\u00a0\u00a0N\u00e1vod s certifik\u00e1tom a s\u00e9riov\u00fdm \u010d\u00edslom<\/p>\n<\/div>\n","protected":false},"featured_media":66472,"comment_status":"open","ping_status":"closed","template":"","meta":{"_acf_changed":false,"_uag_custom_page_level_css":"","site-sidebar-layout":"default","site-content-layout":"boxed-container","ast-site-content-layout":"normal-width-container","site-content-style":"boxed","site-sidebar-style":"boxed","ast-global-header-display":"","ast-banner-title-visibility":"","ast-main-header-display":"","ast-hfb-above-header-display":"","ast-hfb-below-header-display":"","ast-hfb-mobile-header-display":"","site-post-title":"disabled","ast-breadcrumbs-content":"","ast-featured-img":"","footer-sml-layout":"","ast-disable-related-posts":"","theme-transparent-header-meta":"default","adv-header-id-meta":"","stick-header-meta":"default","header-above-stick-meta":"","header-main-stick-meta":"","header-below-stick-meta":"","astra-migrate-meta-layouts":"set","ast-page-background-enabled":"default","ast-page-background-meta":{"desktop":{"background-color":"var(--ast-global-color-4)","background-image":"","background-repeat":"repeat","background-position":"center center","background-size":"auto","background-attachment":"scroll","background-type":"","background-media":"","overlay-type":"","overlay-color":"","overlay-opacity":"","overlay-gradient":""},"tablet":{"background-color":"","background-image":"","background-repeat":"repeat","background-position":"center center","background-size":"auto","background-attachment":"scroll","background-type":"","background-media":"","overlay-type":"","overlay-color":"","overlay-opacity":"","overlay-gradient":""},"mobile":{"background-color":"","background-image":"","background-repeat":"repeat","background-position":"center center","background-size":"auto","background-attachment":"scroll","background-type":"","background-media":"","overlay-type":"","overlay-color":"","overlay-opacity":"","overlay-gradient":""}},"ast-content-background-meta":{"desktop":{"background-color":"var(--ast-global-color-5)","background-image":"","background-repeat":"repeat","background-position":"center center","background-size":"auto","background-attachment":"scroll","background-type":"","background-media":"","overlay-type":"","overlay-color":"","overlay-opacity":"","overlay-gradient":""},"tablet":{"background-color":"var(--ast-global-color-5)","background-image":"","background-repeat":"repeat","background-position":"center center","background-size":"auto","background-attachment":"scroll","background-type":"","background-media":"","overlay-type":"","overlay-color":"","overlay-opacity":"","overlay-gradient":""},"mobile":{"background-color":"var(--ast-global-color-5)","background-image":"","background-repeat":"repeat","background-position":"center center","background-size":"auto","background-attachment":"scroll","background-type":"","background-media":"","overlay-type":"","overlay-color":"","overlay-opacity":"","overlay-gradient":""}}},"product_brand":[],"product_cat":[1149,1193],"product_tag":[1195],"class_list":{"0":"post-14903","1":"product","2":"type-product","3":"status-publish","4":"has-post-thumbnail","6":"product_cat-skakacie-hrady","7":"product_cat-slides-sk","8":"product_tag-so-snimkou-slide","9":"product_shipping_class-spedition-hupfburg-sk","10":"pa_gtin-0645117542335-sk","11":"pa_height-460-m-500-m","12":"pa_height-of-the-slide-110-m-150-m","13":"pa_type-of-bouncy-castle-obstacle-course-sk-2","14":"pa_width-smaller-than-350-m-sk","15":"desktop-align-center","16":"tablet-align-center","17":"mobile-align-center","18":"ast-product-gallery-layout-horizontal","19":"ast-product-tabs-layout-horizontal","21":"first","22":"instock","23":"taxable","24":"shipping-taxable","25":"purchasable","26":"product-type-simple"},"acf":[],"yoast_head":"<!-- This site is optimized with the Yoast SEO plugin v27.3 - https:\/\/yoast.com\/product\/yoast-seo-wordpress\/ -->\n<title>Sk\u00e1kac\u00ed hrad Prek\u00e1\u017ekov\u00e1 dr\u00e1ha \u201eStavenisko\u201c - k\u00fapi\u0165 teraz<\/title>\n<meta name=\"description\" content=\"K\u00fapte si Sk\u00e1kac\u00ed hrad Prek\u00e1\u017ekov\u00e1 dr\u00e1ha \u201eStavenisko\u201c na s\u00fakromn\u00e9 aj komer\u010dn\u00e9 pou\u017eitie na Slovensku. Certifik\u00e1t T\u00dcV, pod\u013ea EN 14960, r\u00fdchle doru\u010denie.\" \/>\n<meta name=\"robots\" content=\"index, follow, max-snippet:-1, max-image-preview:large, max-video-preview:-1\" \/>\n<link rel=\"canonical\" href=\"https:\/\/dodo-inflatables.com\/sk\/produkt\/skakaci-hrad-prekazkova-draha-stavenisko\/\" \/>\n<meta name=\"twitter:label1\" content=\"Predpokladan\u00fd \u010das \u010d\u00edtania\" \/>\n\t<meta name=\"twitter:data1\" content=\"4 min\u00faty\" \/>\n<script type=\"application\/ld+json\" class=\"yoast-schema-graph\">{\"@context\":\"https:\\\/\\\/schema.org\",\"@graph\":[{\"@type\":\"WebPage\",\"@id\":\"https:\\\/\\\/dodo-inflatables.com\\\/sk\\\/produkt\\\/skakaci-hrad-prekazkova-draha-stavenisko\\\/\",\"url\":\"https:\\\/\\\/dodo-inflatables.com\\\/sk\\\/produkt\\\/skakaci-hrad-prekazkova-draha-stavenisko\\\/\",\"name\":\"Sk\u00e1kac\u00ed hrad Prek\u00e1\u017ekov\u00e1 dr\u00e1ha \u201eStavenisko\u201c - k\u00fapi\u0165 teraz\",\"isPartOf\":{\"@id\":\"https:\\\/\\\/dodo-inflatables.com\\\/sk\\\/#website\"},\"primaryImageOfPage\":{\"@id\":\"https:\\\/\\\/dodo-inflatables.com\\\/sk\\\/produkt\\\/skakaci-hrad-prekazkova-draha-stavenisko\\\/#primaryimage\"},\"image\":{\"@id\":\"https:\\\/\\\/dodo-inflatables.com\\\/sk\\\/produkt\\\/skakaci-hrad-prekazkova-draha-stavenisko\\\/#primaryimage\"},\"thumbnailUrl\":\"https:\\\/\\\/dodo-inflatables.com\\\/wp-content\\\/uploads\\\/2023\\\/10\\\/Bouncy-Castle-Obstacle-Course-Construction-Site-2.jpg\",\"datePublished\":\"2023-10-16T11:21:26+00:00\",\"dateModified\":\"2026-02-05T12:19:37+00:00\",\"description\":\"K\u00fapte si Sk\u00e1kac\u00ed hrad Prek\u00e1\u017ekov\u00e1 dr\u00e1ha \u201eStavenisko\u201c na s\u00fakromn\u00e9 aj komer\u010dn\u00e9 pou\u017eitie na Slovensku. Certifik\u00e1t T\u00dcV, pod\u013ea EN 14960, r\u00fdchle doru\u010denie.\",\"breadcrumb\":{\"@id\":\"https:\\\/\\\/dodo-inflatables.com\\\/sk\\\/produkt\\\/skakaci-hrad-prekazkova-draha-stavenisko\\\/#breadcrumb\"},\"inLanguage\":\"sk-SK\",\"potentialAction\":[{\"@type\":\"ReadAction\",\"target\":[\"https:\\\/\\\/dodo-inflatables.com\\\/sk\\\/produkt\\\/skakaci-hrad-prekazkova-draha-stavenisko\\\/\"]}]},{\"@type\":\"ImageObject\",\"inLanguage\":\"sk-SK\",\"@id\":\"https:\\\/\\\/dodo-inflatables.com\\\/sk\\\/produkt\\\/skakaci-hrad-prekazkova-draha-stavenisko\\\/#primaryimage\",\"url\":\"https:\\\/\\\/dodo-inflatables.com\\\/wp-content\\\/uploads\\\/2023\\\/10\\\/Bouncy-Castle-Obstacle-Course-Construction-Site-2.jpg\",\"contentUrl\":\"https:\\\/\\\/dodo-inflatables.com\\\/wp-content\\\/uploads\\\/2023\\\/10\\\/Bouncy-Castle-Obstacle-Course-Construction-Site-2.jpg\",\"width\":1000,\"height\":1000},{\"@type\":\"BreadcrumbList\",\"@id\":\"https:\\\/\\\/dodo-inflatables.com\\\/sk\\\/produkt\\\/skakaci-hrad-prekazkova-draha-stavenisko\\\/#breadcrumb\",\"itemListElement\":[{\"@type\":\"ListItem\",\"position\":1,\"name\":\"Domovsk\u00e1 str\u00e1nka\",\"item\":\"https:\\\/\\\/dodo-inflatables.com\\\/sk\\\/\"},{\"@type\":\"ListItem\",\"position\":2,\"name\":\"Obchod\",\"item\":\"https:\\\/\\\/dodo-inflatables.com\\\/sk\\\/obchod\\\/\"},{\"@type\":\"ListItem\",\"position\":3,\"name\":\"Sk\u00e1kac\u00ed hrad Prek\u00e1\u017ekov\u00e1 dr\u00e1ha \u201eStavenisko\u201c\"}]},{\"@type\":\"WebSite\",\"@id\":\"https:\\\/\\\/dodo-inflatables.com\\\/sk\\\/#website\",\"url\":\"https:\\\/\\\/dodo-inflatables.com\\\/sk\\\/\",\"name\":\"dodo-inflatables.com\",\"description\":\"Nakupujte sk\u00e1kacie hrady a atrakcie v na\u0161om obchode.\",\"publisher\":{\"@id\":\"https:\\\/\\\/dodo-inflatables.com\\\/sk\\\/#organization\"},\"potentialAction\":[{\"@type\":\"SearchAction\",\"target\":{\"@type\":\"EntryPoint\",\"urlTemplate\":\"https:\\\/\\\/dodo-inflatables.com\\\/sk\\\/?s={search_term_string}\"},\"query-input\":{\"@type\":\"PropertyValueSpecification\",\"valueRequired\":true,\"valueName\":\"search_term_string\"}}],\"inLanguage\":\"sk-SK\"},{\"@type\":\"Organization\",\"@id\":\"https:\\\/\\\/dodo-inflatables.com\\\/sk\\\/#organization\",\"name\":\"dodo-inflatables.com\",\"url\":\"https:\\\/\\\/dodo-inflatables.com\\\/sk\\\/\",\"logo\":{\"@type\":\"ImageObject\",\"inLanguage\":\"sk-SK\",\"@id\":\"https:\\\/\\\/dodo-inflatables.com\\\/sk\\\/#\\\/schema\\\/logo\\\/image\\\/\",\"url\":\"https:\\\/\\\/dodo-inflatables.com\\\/wp-content\\\/uploads\\\/2023\\\/04\\\/cropped-cropped-cropped-Dodo-Logo.png\",\"contentUrl\":\"https:\\\/\\\/dodo-inflatables.com\\\/wp-content\\\/uploads\\\/2023\\\/04\\\/cropped-cropped-cropped-Dodo-Logo.png\",\"width\":2996,\"height\":1545,\"caption\":\"dodo-inflatables.com\"},\"image\":{\"@id\":\"https:\\\/\\\/dodo-inflatables.com\\\/sk\\\/#\\\/schema\\\/logo\\\/image\\\/\"}}]}<\/script>\n<!-- \/ Yoast SEO plugin. -->","yoast_head_json":{"title":"Sk\u00e1kac\u00ed hrad Prek\u00e1\u017ekov\u00e1 dr\u00e1ha \u201eStavenisko\u201c - k\u00fapi\u0165 teraz","description":"K\u00fapte si Sk\u00e1kac\u00ed hrad Prek\u00e1\u017ekov\u00e1 dr\u00e1ha \u201eStavenisko\u201c na s\u00fakromn\u00e9 aj komer\u010dn\u00e9 pou\u017eitie na Slovensku. Certifik\u00e1t T\u00dcV, pod\u013ea EN 14960, r\u00fdchle doru\u010denie.","robots":{"index":"index","follow":"follow","max-snippet":"max-snippet:-1","max-image-preview":"max-image-preview:large","max-video-preview":"max-video-preview:-1"},"canonical":"https:\/\/dodo-inflatables.com\/sk\/produkt\/skakaci-hrad-prekazkova-draha-stavenisko\/","twitter_misc":{"Predpokladan\u00fd \u010das \u010d\u00edtania":"4 min\u00faty"},"schema":{"@context":"https:\/\/schema.org","@graph":[{"@type":"WebPage","@id":"https:\/\/dodo-inflatables.com\/sk\/produkt\/skakaci-hrad-prekazkova-draha-stavenisko\/","url":"https:\/\/dodo-inflatables.com\/sk\/produkt\/skakaci-hrad-prekazkova-draha-stavenisko\/","name":"Sk\u00e1kac\u00ed hrad Prek\u00e1\u017ekov\u00e1 dr\u00e1ha \u201eStavenisko\u201c - k\u00fapi\u0165 teraz","isPartOf":{"@id":"https:\/\/dodo-inflatables.com\/sk\/#website"},"primaryImageOfPage":{"@id":"https:\/\/dodo-inflatables.com\/sk\/produkt\/skakaci-hrad-prekazkova-draha-stavenisko\/#primaryimage"},"image":{"@id":"https:\/\/dodo-inflatables.com\/sk\/produkt\/skakaci-hrad-prekazkova-draha-stavenisko\/#primaryimage"},"thumbnailUrl":"https:\/\/dodo-inflatables.com\/wp-content\/uploads\/2023\/10\/Bouncy-Castle-Obstacle-Course-Construction-Site-2.jpg","datePublished":"2023-10-16T11:21:26+00:00","dateModified":"2026-02-05T12:19:37+00:00","description":"K\u00fapte si Sk\u00e1kac\u00ed hrad Prek\u00e1\u017ekov\u00e1 dr\u00e1ha \u201eStavenisko\u201c na s\u00fakromn\u00e9 aj komer\u010dn\u00e9 pou\u017eitie na Slovensku. Certifik\u00e1t T\u00dcV, pod\u013ea EN 14960, r\u00fdchle doru\u010denie.","breadcrumb":{"@id":"https:\/\/dodo-inflatables.com\/sk\/produkt\/skakaci-hrad-prekazkova-draha-stavenisko\/#breadcrumb"},"inLanguage":"sk-SK","potentialAction":[{"@type":"ReadAction","target":["https:\/\/dodo-inflatables.com\/sk\/produkt\/skakaci-hrad-prekazkova-draha-stavenisko\/"]}]},{"@type":"ImageObject","inLanguage":"sk-SK","@id":"https:\/\/dodo-inflatables.com\/sk\/produkt\/skakaci-hrad-prekazkova-draha-stavenisko\/#primaryimage","url":"https:\/\/dodo-inflatables.com\/wp-content\/uploads\/2023\/10\/Bouncy-Castle-Obstacle-Course-Construction-Site-2.jpg","contentUrl":"https:\/\/dodo-inflatables.com\/wp-content\/uploads\/2023\/10\/Bouncy-Castle-Obstacle-Course-Construction-Site-2.jpg","width":1000,"height":1000},{"@type":"BreadcrumbList","@id":"https:\/\/dodo-inflatables.com\/sk\/produkt\/skakaci-hrad-prekazkova-draha-stavenisko\/#breadcrumb","itemListElement":[{"@type":"ListItem","position":1,"name":"Domovsk\u00e1 str\u00e1nka","item":"https:\/\/dodo-inflatables.com\/sk\/"},{"@type":"ListItem","position":2,"name":"Obchod","item":"https:\/\/dodo-inflatables.com\/sk\/obchod\/"},{"@type":"ListItem","position":3,"name":"Sk\u00e1kac\u00ed hrad Prek\u00e1\u017ekov\u00e1 dr\u00e1ha \u201eStavenisko\u201c"}]},{"@type":"WebSite","@id":"https:\/\/dodo-inflatables.com\/sk\/#website","url":"https:\/\/dodo-inflatables.com\/sk\/","name":"dodo-inflatables.com","description":"Nakupujte sk\u00e1kacie hrady a atrakcie v na\u0161om obchode.","publisher":{"@id":"https:\/\/dodo-inflatables.com\/sk\/#organization"},"potentialAction":[{"@type":"SearchAction","target":{"@type":"EntryPoint","urlTemplate":"https:\/\/dodo-inflatables.com\/sk\/?s={search_term_string}"},"query-input":{"@type":"PropertyValueSpecification","valueRequired":true,"valueName":"search_term_string"}}],"inLanguage":"sk-SK"},{"@type":"Organization","@id":"https:\/\/dodo-inflatables.com\/sk\/#organization","name":"dodo-inflatables.com","url":"https:\/\/dodo-inflatables.com\/sk\/","logo":{"@type":"ImageObject","inLanguage":"sk-SK","@id":"https:\/\/dodo-inflatables.com\/sk\/#\/schema\/logo\/image\/","url":"https:\/\/dodo-inflatables.com\/wp-content\/uploads\/2023\/04\/cropped-cropped-cropped-Dodo-Logo.png","contentUrl":"https:\/\/dodo-inflatables.com\/wp-content\/uploads\/2023\/04\/cropped-cropped-cropped-Dodo-Logo.png","width":2996,"height":1545,"caption":"dodo-inflatables.com"},"image":{"@id":"https:\/\/dodo-inflatables.com\/sk\/#\/schema\/logo\/image\/"}}]}},"uagb_featured_image_src":{"full":["https:\/\/dodo-inflatables.com\/wp-content\/uploads\/2023\/10\/Bouncy-Castle-Obstacle-Course-Construction-Site-2.jpg",1000,1000,false],"thumbnail":["https:\/\/dodo-inflatables.com\/wp-content\/uploads\/2023\/10\/Bouncy-Castle-Obstacle-Course-Construction-Site-2-150x150.jpg",150,150,true],"medium":["https:\/\/dodo-inflatables.com\/wp-content\/uploads\/2023\/10\/Bouncy-Castle-Obstacle-Course-Construction-Site-2-300x300.jpg",300,300,true],"medium_large":["https:\/\/dodo-inflatables.com\/wp-content\/uploads\/2023\/10\/Bouncy-Castle-Obstacle-Course-Construction-Site-2-768x768.jpg",768,768,true],"large":["https:\/\/dodo-inflatables.com\/wp-content\/uploads\/2023\/10\/Bouncy-Castle-Obstacle-Course-Construction-Site-2.jpg",1000,1000,false],"1536x1536":["https:\/\/dodo-inflatables.com\/wp-content\/uploads\/2023\/10\/Bouncy-Castle-Obstacle-Course-Construction-Site-2.jpg",1000,1000,false],"2048x2048":["https:\/\/dodo-inflatables.com\/wp-content\/uploads\/2023\/10\/Bouncy-Castle-Obstacle-Course-Construction-Site-2.jpg",1000,1000,false],"woocommerce_thumbnail":["https:\/\/dodo-inflatables.com\/wp-content\/uploads\/2023\/10\/Bouncy-Castle-Obstacle-Course-Construction-Site-2-900x900.jpg",900,900,true],"woocommerce_single":["https:\/\/dodo-inflatables.com\/wp-content\/uploads\/2023\/10\/Bouncy-Castle-Obstacle-Course-Construction-Site-2-900x900.jpg",900,900,true],"woocommerce_gallery_thumbnail":["https:\/\/dodo-inflatables.com\/wp-content\/uploads\/2023\/10\/Bouncy-Castle-Obstacle-Course-Construction-Site-2-100x100.jpg",100,100,true]},"uagb_author_info":{"display_name":"Andreas","author_link":"https:\/\/dodo-inflatables.com\/sk\/author\/"},"uagb_comment_info":0,"uagb_excerpt":"[gzd_product_delivery_time] Ak objedn\u00e1vka a platba prebehne do 11:00 hod., odoslanie prebehne e\u0161te v ten ist\u00fd de\u0148! \u00a0\u00a0Dodacia lehota cca 2 \u2013 8 pracovn\u00fdch dn\u00ed (odoslan\u00e9 z Nemecka) \u00a0\u00a0\u00a0Rozmery: 9,30 m x 3,10 m x 4,60 m * (d\u013a\u017eka \u00d7 \u0161\u00edrka \u00d7 v\u00fd\u0161ka) \u00a0\u00a0Vhodn\u00e9 pre cca 12 det\u00ed (v z\u00e1vislosti od veku a ve\u013ekosti) \u00a0\u00a0\u00a0Certifikovan\u00e9 pod\u013ea&hellip;","_links":{"self":[{"href":"https:\/\/dodo-inflatables.com\/sk\/wp-json\/wp\/v2\/product\/14903","targetHints":{"allow":["GET"]}}],"collection":[{"href":"https:\/\/dodo-inflatables.com\/sk\/wp-json\/wp\/v2\/product"}],"about":[{"href":"https:\/\/dodo-inflatables.com\/sk\/wp-json\/wp\/v2\/types\/product"}],"replies":[{"embeddable":true,"href":"https:\/\/dodo-inflatables.com\/sk\/wp-json\/wp\/v2\/comments?post=14903"}],"wp:featuredmedia":[{"embeddable":true,"href":"https:\/\/dodo-inflatables.com\/sk\/wp-json\/wp\/v2\/media\/66472"}],"wp:attachment":[{"href":"https:\/\/dodo-inflatables.com\/sk\/wp-json\/wp\/v2\/media?parent=14903"}],"wp:term":[{"taxonomy":"product_brand","embeddable":true,"href":"https:\/\/dodo-inflatables.com\/sk\/wp-json\/wp\/v2\/product_brand?post=14903"},{"taxonomy":"product_cat","embeddable":true,"href":"https:\/\/dodo-inflatables.com\/sk\/wp-json\/wp\/v2\/product_cat?post=14903"},{"taxonomy":"product_tag","embeddable":true,"href":"https:\/\/dodo-inflatables.com\/sk\/wp-json\/wp\/v2\/product_tag?post=14903"}],"curies":[{"name":"wp","href":"https:\/\/api.w.org\/{rel}","templated":true}]}}