{"id":15941,"date":"2024-06-10T15:48:06","date_gmt":"2024-06-10T13:48:06","guid":{"rendered":"https:\/\/dodo-inflatables.com\/?post_type=product&#038;p=15941"},"modified":"2026-04-23T20:30:54","modified_gmt":"2026-04-23T18:30:54","slug":"rohoze-na-ochranu-proti-padu-240-x-120-x-5-cm-copy","status":"publish","type":"product","link":"https:\/\/dodo-inflatables.com\/sk\/produkt\/rohoze-na-ochranu-proti-padu-240-x-120-x-5-cm-copy\/","title":{"rendered":"Tlmi\u010d hluku pre ventil\u00e1tory sk\u00e1kac\u00edch hradov"},"content":{"rendered":"<h2>K\u00fapi\u0165 tlmi\u010d hluku pre ventil\u00e1tory sk\u00e1kac\u00edch hradov<\/h2>\n<p>Tlmi\u010d hluku pre ventil\u00e1tory sk\u00e1kac\u00edch hradov je ide\u00e1lnym rie\u0161en\u00edm na v\u00fdrazn\u00e9 zn\u00ed\u017eenie hluku ventil\u00e1tora bez ovplyvnenia v\u00fdkonu.<br \/>\nVyvinut\u00fd a vyroben\u00fd v Nemecku, tento doplnok je \u0161peci\u00e1lne navrhnut\u00fd pre po\u017ei\u010dovne, organiz\u00e1torov podujat\u00ed a s\u00fakromn\u00fdch z\u00e1kazn\u00edkov, ktor\u00ed si cenia tich\u0161\u00ed chod.<br \/>\n<strong>Znate\u013ene zn\u00ed\u017een\u00e1 hladina hluku:<\/strong><br \/>\nTlmi\u010d zni\u017euje hladinu hluku ventil\u00e1tora o cca 5 dB. Hoci to na papieri m\u00f4\u017ee znie\u0165 skromne, rozdiel je v praxi jasne badate\u013en\u00fd \u2013 najm\u00e4 pri dlh\u0161om pou\u017e\u00edvan\u00ed alebo v prostred\u00ed citlivom na hluk, ako s\u00fa obytn\u00e9 oblasti, z\u00e1hrady alebo vn\u00fatorn\u00e9 priestory.<br \/>\n<strong>Dokonal\u00e9 prisp\u00f4sobenie be\u017en\u00fdm ventil\u00e1torom:<\/strong><br \/>\nTlmi\u010d bol \u0161peci\u00e1lne navrhnut\u00fd pre ventil\u00e1tory sk\u00e1kac\u00edch hradov a je plne kompatibiln\u00fd s ventil\u00e1tormi Huawei a Gibbons.<br \/>\n<strong>R\u00fdchla a jednoduch\u00e1 in\u0161tal\u00e1cia:<\/strong><br \/>\nIn\u0161tal\u00e1cia je ve\u013emi jednoduch\u00e1: tlmi\u010d sa jednoducho prilo\u017e\u00ed k ventil\u00e1toru a zaist\u00ed s\u00e1van\u00edm. Mo\u017eno ho tie\u017e pevne pripevni\u0165 k ventil\u00e1toru pomocou prilo\u017een\u00e9ho gumov\u00e9ho p\u00e1sku.<br \/>\n<strong>\u017diadna strata v\u00fdkonu:<\/strong><br \/>\nNapriek zn\u00ed\u017eeniu hluku je zachovan\u00fd pln\u00fd prietok vzduchu. Tlmi\u010d neovplyv\u0148uje prietok vzduchu ventil\u00e1tora ani prev\u00e1dzkov\u00fd tlak a je preto vhodn\u00fd aj na nepretr\u017eit\u00e9 pou\u017eitie v po\u017ei\u010dovniach.<br \/>\n<strong>Pre firemn\u00e9 aj s\u00fakromn\u00e9 pou\u017eitie:<\/strong><br \/>\n\u010ci u\u017e v profesion\u00e1lnom pou\u017eit\u00ed na podujatiach alebo vo vlastnej z\u00e1hrade, tlmi\u010d vytv\u00e1ra tich\u0161ie prostredie a zlep\u0161uje prijatie medzi hos\u0165ami, z\u00e1kazn\u00edkmi a susedmi.<br \/>\nPozn\u00e1mka: Ventil\u00e1tor nie je s\u00fa\u010das\u0165ou dod\u00e1vky.<\/p>\n","protected":false},"excerpt":{"rendered":"<ul>\n<li>Zni\u017euje hluk ventil\u00e1tora o cca 5 dB<\/li>\n<li>Kompatibiln\u00fd s ventil\u00e1tormi Huawei a Gibbons<\/li>\n<li>R\u00fdchla in\u0161tal\u00e1cia \u2013 zaisten\u00fd s\u00e1van\u00edm a gumov\u00fdm p\u00e1skom<\/li>\n<li>\u017diadna strata prietoku vzduchu ani v\u00fdkonu<\/li>\n<li>Vhodn\u00fd pre po\u017ei\u010dovne aj s\u00fakromn\u00e9 pou\u017eitie<\/li>\n<\/ul>\n","protected":false},"featured_media":55255,"comment_status":"open","ping_status":"closed","template":"","meta":{"_acf_changed":false,"_uag_custom_page_level_css":"","site-sidebar-layout":"default","site-content-layout":"boxed-container","ast-site-content-layout":"normal-width-container","site-content-style":"boxed","site-sidebar-style":"boxed","ast-global-header-display":"","ast-banner-title-visibility":"","ast-main-header-display":"","ast-hfb-above-header-display":"","ast-hfb-below-header-display":"","ast-hfb-mobile-header-display":"","site-post-title":"disabled","ast-breadcrumbs-content":"","ast-featured-img":"","footer-sml-layout":"","ast-disable-related-posts":"","theme-transparent-header-meta":"default","adv-header-id-meta":"","stick-header-meta":"default","header-above-stick-meta":"","header-main-stick-meta":"","header-below-stick-meta":"","astra-migrate-meta-layouts":"set","ast-page-background-enabled":"default","ast-page-background-meta":{"desktop":{"background-color":"var(--ast-global-color-4)","background-image":"","background-repeat":"repeat","background-position":"center center","background-size":"auto","background-attachment":"scroll","background-type":"","background-media":"","overlay-type":"","overlay-color":"","overlay-opacity":"","overlay-gradient":""},"tablet":{"background-color":"","background-image":"","background-repeat":"repeat","background-position":"center center","background-size":"auto","background-attachment":"scroll","background-type":"","background-media":"","overlay-type":"","overlay-color":"","overlay-opacity":"","overlay-gradient":""},"mobile":{"background-color":"","background-image":"","background-repeat":"repeat","background-position":"center center","background-size":"auto","background-attachment":"scroll","background-type":"","background-media":"","overlay-type":"","overlay-color":"","overlay-opacity":"","overlay-gradient":""}},"ast-content-background-meta":{"desktop":{"background-color":"var(--ast-global-color-5)","background-image":"","background-repeat":"repeat","background-position":"center center","background-size":"auto","background-attachment":"scroll","background-type":"","background-media":"","overlay-type":"","overlay-color":"","overlay-opacity":"","overlay-gradient":""},"tablet":{"background-color":"var(--ast-global-color-5)","background-image":"","background-repeat":"repeat","background-position":"center center","background-size":"auto","background-attachment":"scroll","background-type":"","background-media":"","overlay-type":"","overlay-color":"","overlay-opacity":"","overlay-gradient":""},"mobile":{"background-color":"var(--ast-global-color-5)","background-image":"","background-repeat":"repeat","background-position":"center center","background-size":"auto","background-attachment":"scroll","background-type":"","background-media":"","overlay-type":"","overlay-color":"","overlay-opacity":"","overlay-gradient":""}}},"product_brand":[],"product_cat":[1138],"product_tag":[],"class_list":{"0":"post-15941","1":"product","2":"type-product","3":"status-publish","4":"has-post-thumbnail","6":"product_cat-prislusenstvo","7":"product_shipping_class-zubehor-sk","8":"desktop-align-center","9":"tablet-align-center","10":"mobile-align-center","11":"ast-product-gallery-layout-horizontal","12":"ast-product-tabs-layout-horizontal","14":"first","15":"instock","16":"taxable","17":"shipping-taxable","18":"purchasable","19":"product-type-simple"},"acf":[],"yoast_head":"<!-- This site is optimized with the Yoast SEO plugin v27.5 - https:\/\/yoast.com\/product\/yoast-seo-wordpress\/ -->\n<title>K\u00fapte si ochranu proti hluku pre sk\u00e1kacie hrady | Dodo-Inflatables.com<\/title>\n<meta name=\"description\" content=\"K\u00fapte si ochranu proti hluku pre sk\u00e1kacie hrady na Dodo-Inflatables.com | Certifikovan\u00e9 pod\u013ea EN14960 | R\u00fdchle dodanie!\" \/>\n<meta name=\"robots\" content=\"index, follow, max-snippet:-1, max-image-preview:large, max-video-preview:-1\" \/>\n<link rel=\"canonical\" href=\"https:\/\/dodo-inflatables.com\/sk\/produkt\/rohoze-na-ochranu-proti-padu-240-x-120-x-5-cm-copy\/\" \/>\n<meta name=\"twitter:label1\" content=\"Predpokladan\u00fd \u010das \u010d\u00edtania\" \/>\n\t<meta name=\"twitter:data1\" content=\"1 min\u00fata\" \/>\n<script type=\"application\/ld+json\" class=\"yoast-schema-graph\">{\"@context\":\"https:\\\/\\\/schema.org\",\"@graph\":[{\"@type\":\"WebPage\",\"@id\":\"https:\\\/\\\/dodo-inflatables.com\\\/sk\\\/produkt\\\/rohoze-na-ochranu-proti-padu-240-x-120-x-5-cm-copy\\\/\",\"url\":\"https:\\\/\\\/dodo-inflatables.com\\\/sk\\\/produkt\\\/rohoze-na-ochranu-proti-padu-240-x-120-x-5-cm-copy\\\/\",\"name\":\"K\u00fapte si ochranu proti hluku pre sk\u00e1kacie hrady | Dodo-Inflatables.com\",\"isPartOf\":{\"@id\":\"https:\\\/\\\/dodo-inflatables.com\\\/sk\\\/#website\"},\"primaryImageOfPage\":{\"@id\":\"https:\\\/\\\/dodo-inflatables.com\\\/sk\\\/produkt\\\/rohoze-na-ochranu-proti-padu-240-x-120-x-5-cm-copy\\\/#primaryimage\"},\"image\":{\"@id\":\"https:\\\/\\\/dodo-inflatables.com\\\/sk\\\/produkt\\\/rohoze-na-ochranu-proti-padu-240-x-120-x-5-cm-copy\\\/#primaryimage\"},\"thumbnailUrl\":\"https:\\\/\\\/dodo-inflatables.com\\\/wp-content\\\/uploads\\\/2024\\\/06\\\/buy-bouncy-castle-blower-noise-protection-silencer-4-Kopie.jpg\",\"datePublished\":\"2024-06-10T13:48:06+00:00\",\"dateModified\":\"2026-04-23T18:30:54+00:00\",\"description\":\"K\u00fapte si ochranu proti hluku pre sk\u00e1kacie hrady na Dodo-Inflatables.com | Certifikovan\u00e9 pod\u013ea EN14960 | R\u00fdchle dodanie!\",\"breadcrumb\":{\"@id\":\"https:\\\/\\\/dodo-inflatables.com\\\/sk\\\/produkt\\\/rohoze-na-ochranu-proti-padu-240-x-120-x-5-cm-copy\\\/#breadcrumb\"},\"inLanguage\":\"sk-SK\",\"potentialAction\":[{\"@type\":\"ReadAction\",\"target\":[\"https:\\\/\\\/dodo-inflatables.com\\\/sk\\\/produkt\\\/rohoze-na-ochranu-proti-padu-240-x-120-x-5-cm-copy\\\/\"]}]},{\"@type\":\"ImageObject\",\"inLanguage\":\"sk-SK\",\"@id\":\"https:\\\/\\\/dodo-inflatables.com\\\/sk\\\/produkt\\\/rohoze-na-ochranu-proti-padu-240-x-120-x-5-cm-copy\\\/#primaryimage\",\"url\":\"https:\\\/\\\/dodo-inflatables.com\\\/wp-content\\\/uploads\\\/2024\\\/06\\\/buy-bouncy-castle-blower-noise-protection-silencer-4-Kopie.jpg\",\"contentUrl\":\"https:\\\/\\\/dodo-inflatables.com\\\/wp-content\\\/uploads\\\/2024\\\/06\\\/buy-bouncy-castle-blower-noise-protection-silencer-4-Kopie.jpg\",\"width\":1000,\"height\":1000,\"caption\":\"Tlmi\u010d hluku pre ventil\u00e1tory sk\u00e1kac\u00edch hradov | Dodo Inflatables\"},{\"@type\":\"BreadcrumbList\",\"@id\":\"https:\\\/\\\/dodo-inflatables.com\\\/sk\\\/produkt\\\/rohoze-na-ochranu-proti-padu-240-x-120-x-5-cm-copy\\\/#breadcrumb\",\"itemListElement\":[{\"@type\":\"ListItem\",\"position\":1,\"name\":\"Domovsk\u00e1 str\u00e1nka\",\"item\":\"https:\\\/\\\/dodo-inflatables.com\\\/sk\\\/\"},{\"@type\":\"ListItem\",\"position\":2,\"name\":\"Obchod\",\"item\":\"https:\\\/\\\/dodo-inflatables.com\\\/sk\\\/obchod\\\/\"},{\"@type\":\"ListItem\",\"position\":3,\"name\":\"Tlmi\u010d hluku pre nafukovac\u00ed d\u00fachadlo\"}]},{\"@type\":\"WebSite\",\"@id\":\"https:\\\/\\\/dodo-inflatables.com\\\/sk\\\/#website\",\"url\":\"https:\\\/\\\/dodo-inflatables.com\\\/sk\\\/\",\"name\":\"dodo-inflatables.com\",\"description\":\"Nakupujte sk\u00e1kacie hrady a atrakcie v na\u0161om obchode.\",\"potentialAction\":[{\"@type\":\"SearchAction\",\"target\":{\"@type\":\"EntryPoint\",\"urlTemplate\":\"https:\\\/\\\/dodo-inflatables.com\\\/sk\\\/?s={search_term_string}\"},\"query-input\":{\"@type\":\"PropertyValueSpecification\",\"valueRequired\":true,\"valueName\":\"search_term_string\"}}],\"inLanguage\":\"sk-SK\"}]}<\/script>\n<!-- \/ Yoast SEO plugin. -->","yoast_head_json":{"title":"K\u00fapte si ochranu proti hluku pre sk\u00e1kacie hrady | Dodo-Inflatables.com","description":"K\u00fapte si ochranu proti hluku pre sk\u00e1kacie hrady na Dodo-Inflatables.com | Certifikovan\u00e9 pod\u013ea EN14960 | R\u00fdchle dodanie!","robots":{"index":"index","follow":"follow","max-snippet":"max-snippet:-1","max-image-preview":"max-image-preview:large","max-video-preview":"max-video-preview:-1"},"canonical":"https:\/\/dodo-inflatables.com\/sk\/produkt\/rohoze-na-ochranu-proti-padu-240-x-120-x-5-cm-copy\/","twitter_misc":{"Predpokladan\u00fd \u010das \u010d\u00edtania":"1 min\u00fata"},"schema":{"@context":"https:\/\/schema.org","@graph":[{"@type":"WebPage","@id":"https:\/\/dodo-inflatables.com\/sk\/produkt\/rohoze-na-ochranu-proti-padu-240-x-120-x-5-cm-copy\/","url":"https:\/\/dodo-inflatables.com\/sk\/produkt\/rohoze-na-ochranu-proti-padu-240-x-120-x-5-cm-copy\/","name":"K\u00fapte si ochranu proti hluku pre sk\u00e1kacie hrady | Dodo-Inflatables.com","isPartOf":{"@id":"https:\/\/dodo-inflatables.com\/sk\/#website"},"primaryImageOfPage":{"@id":"https:\/\/dodo-inflatables.com\/sk\/produkt\/rohoze-na-ochranu-proti-padu-240-x-120-x-5-cm-copy\/#primaryimage"},"image":{"@id":"https:\/\/dodo-inflatables.com\/sk\/produkt\/rohoze-na-ochranu-proti-padu-240-x-120-x-5-cm-copy\/#primaryimage"},"thumbnailUrl":"https:\/\/dodo-inflatables.com\/wp-content\/uploads\/2024\/06\/buy-bouncy-castle-blower-noise-protection-silencer-4-Kopie.jpg","datePublished":"2024-06-10T13:48:06+00:00","dateModified":"2026-04-23T18:30:54+00:00","description":"K\u00fapte si ochranu proti hluku pre sk\u00e1kacie hrady na Dodo-Inflatables.com | Certifikovan\u00e9 pod\u013ea EN14960 | R\u00fdchle dodanie!","breadcrumb":{"@id":"https:\/\/dodo-inflatables.com\/sk\/produkt\/rohoze-na-ochranu-proti-padu-240-x-120-x-5-cm-copy\/#breadcrumb"},"inLanguage":"sk-SK","potentialAction":[{"@type":"ReadAction","target":["https:\/\/dodo-inflatables.com\/sk\/produkt\/rohoze-na-ochranu-proti-padu-240-x-120-x-5-cm-copy\/"]}]},{"@type":"ImageObject","inLanguage":"sk-SK","@id":"https:\/\/dodo-inflatables.com\/sk\/produkt\/rohoze-na-ochranu-proti-padu-240-x-120-x-5-cm-copy\/#primaryimage","url":"https:\/\/dodo-inflatables.com\/wp-content\/uploads\/2024\/06\/buy-bouncy-castle-blower-noise-protection-silencer-4-Kopie.jpg","contentUrl":"https:\/\/dodo-inflatables.com\/wp-content\/uploads\/2024\/06\/buy-bouncy-castle-blower-noise-protection-silencer-4-Kopie.jpg","width":1000,"height":1000,"caption":"Tlmi\u010d hluku pre ventil\u00e1tory sk\u00e1kac\u00edch hradov | Dodo Inflatables"},{"@type":"BreadcrumbList","@id":"https:\/\/dodo-inflatables.com\/sk\/produkt\/rohoze-na-ochranu-proti-padu-240-x-120-x-5-cm-copy\/#breadcrumb","itemListElement":[{"@type":"ListItem","position":1,"name":"Domovsk\u00e1 str\u00e1nka","item":"https:\/\/dodo-inflatables.com\/sk\/"},{"@type":"ListItem","position":2,"name":"Obchod","item":"https:\/\/dodo-inflatables.com\/sk\/obchod\/"},{"@type":"ListItem","position":3,"name":"Tlmi\u010d hluku pre nafukovac\u00ed d\u00fachadlo"}]},{"@type":"WebSite","@id":"https:\/\/dodo-inflatables.com\/sk\/#website","url":"https:\/\/dodo-inflatables.com\/sk\/","name":"dodo-inflatables.com","description":"Nakupujte sk\u00e1kacie hrady a atrakcie v na\u0161om obchode.","potentialAction":[{"@type":"SearchAction","target":{"@type":"EntryPoint","urlTemplate":"https:\/\/dodo-inflatables.com\/sk\/?s={search_term_string}"},"query-input":{"@type":"PropertyValueSpecification","valueRequired":true,"valueName":"search_term_string"}}],"inLanguage":"sk-SK"}]}},"uagb_featured_image_src":{"full":["https:\/\/dodo-inflatables.com\/wp-content\/uploads\/2024\/06\/buy-bouncy-castle-blower-noise-protection-silencer-4-Kopie.jpg",1000,1000,false],"thumbnail":["https:\/\/dodo-inflatables.com\/wp-content\/uploads\/2024\/06\/buy-bouncy-castle-blower-noise-protection-silencer-4-Kopie-150x150.jpg",150,150,true],"medium":["https:\/\/dodo-inflatables.com\/wp-content\/uploads\/2024\/06\/buy-bouncy-castle-blower-noise-protection-silencer-4-Kopie-300x300.jpg",300,300,true],"medium_large":["https:\/\/dodo-inflatables.com\/wp-content\/uploads\/2024\/06\/buy-bouncy-castle-blower-noise-protection-silencer-4-Kopie-768x768.jpg",768,768,true],"large":["https:\/\/dodo-inflatables.com\/wp-content\/uploads\/2024\/06\/buy-bouncy-castle-blower-noise-protection-silencer-4-Kopie.jpg",1000,1000,false],"1536x1536":["https:\/\/dodo-inflatables.com\/wp-content\/uploads\/2024\/06\/buy-bouncy-castle-blower-noise-protection-silencer-4-Kopie.jpg",1000,1000,false],"2048x2048":["https:\/\/dodo-inflatables.com\/wp-content\/uploads\/2024\/06\/buy-bouncy-castle-blower-noise-protection-silencer-4-Kopie.jpg",1000,1000,false],"woocommerce_thumbnail":["https:\/\/dodo-inflatables.com\/wp-content\/uploads\/2024\/06\/buy-bouncy-castle-blower-noise-protection-silencer-4-Kopie-900x900.jpg",900,900,true],"woocommerce_single":["https:\/\/dodo-inflatables.com\/wp-content\/uploads\/2024\/06\/buy-bouncy-castle-blower-noise-protection-silencer-4-Kopie-900x900.jpg",900,900,true],"woocommerce_gallery_thumbnail":["https:\/\/dodo-inflatables.com\/wp-content\/uploads\/2024\/06\/buy-bouncy-castle-blower-noise-protection-silencer-4-Kopie-100x100.jpg",100,100,true]},"uagb_author_info":{"display_name":"Andreas","author_link":"https:\/\/dodo-inflatables.com\/sk\/author\/"},"uagb_comment_info":0,"uagb_excerpt":"Zni\u017euje hluk ventil\u00e1tora o cca 5 dB Kompatibiln\u00fd s ventil\u00e1tormi Huawei a Gibbons R\u00fdchla in\u0161tal\u00e1cia \u2013 zaisten\u00fd s\u00e1van\u00edm a gumov\u00fdm p\u00e1skom \u017diadna strata prietoku vzduchu ani v\u00fdkonu Vhodn\u00fd pre po\u017ei\u010dovne aj s\u00fakromn\u00e9 pou\u017eitie","_links":{"self":[{"href":"https:\/\/dodo-inflatables.com\/sk\/wp-json\/wp\/v2\/product\/15941","targetHints":{"allow":["GET"]}}],"collection":[{"href":"https:\/\/dodo-inflatables.com\/sk\/wp-json\/wp\/v2\/product"}],"about":[{"href":"https:\/\/dodo-inflatables.com\/sk\/wp-json\/wp\/v2\/types\/product"}],"replies":[{"embeddable":true,"href":"https:\/\/dodo-inflatables.com\/sk\/wp-json\/wp\/v2\/comments?post=15941"}],"wp:featuredmedia":[{"embeddable":true,"href":"https:\/\/dodo-inflatables.com\/sk\/wp-json\/wp\/v2\/media\/55255"}],"wp:attachment":[{"href":"https:\/\/dodo-inflatables.com\/sk\/wp-json\/wp\/v2\/media?parent=15941"}],"wp:term":[{"taxonomy":"product_brand","embeddable":true,"href":"https:\/\/dodo-inflatables.com\/sk\/wp-json\/wp\/v2\/product_brand?post=15941"},{"taxonomy":"product_cat","embeddable":true,"href":"https:\/\/dodo-inflatables.com\/sk\/wp-json\/wp\/v2\/product_cat?post=15941"},{"taxonomy":"product_tag","embeddable":true,"href":"https:\/\/dodo-inflatables.com\/sk\/wp-json\/wp\/v2\/product_tag?post=15941"}],"curies":[{"name":"wp","href":"https:\/\/api.w.org\/{rel}","templated":true}]}}