{"id":16185,"date":"2024-07-10T13:09:06","date_gmt":"2024-07-10T11:09:06","guid":{"rendered":"https:\/\/dodo-inflatables.com\/?post_type=product&#038;p=16185"},"modified":"2024-07-10T13:12:19","modified_gmt":"2024-07-10T11:12:19","slug":"transportna-taska-na-skakaci-hrad-xs-copy","status":"publish","type":"product","link":"https:\/\/dodo-inflatables.com\/sk\/produkt\/transportna-taska-na-skakaci-hrad-xs-copy\/","title":{"rendered":"Transportn\u00e1 ta\u0161ka na sk\u00e1kac\u00ed hrad S"},"content":{"rendered":"<h2>K\u00fapi\u0165 prepravn\u00e9 ta\u0161ky na sk\u00e1kacie hrady<\/h2>\n<p>Na\u0161e prepravn\u00e9 ta\u0161ky na sk\u00e1kacie hrady s\u00fa ide\u00e1lnym rie\u0161en\u00edm pre po\u017ei\u010dovne alebo z\u00e1kazn\u00edkov, ktor\u00ed maj\u00fa na sklade nieko\u013eko sk\u00e1kac\u00edch hradov.<\/p>\n<p><strong>Praktick\u00e9 rukov\u00e4te<\/strong>: \u00dachyty umo\u017e\u0148uj\u00fa \u013eahk\u00fa manipul\u00e1ciu s vakmi a u\u013eah\u010duj\u00fa pren\u00e1\u0161anie nafukovac\u00edch ta\u0161iek. Upozor\u0148ujeme, \u017ee v z\u00e1vislosti od hmotnosti nafukovacieho zariadenia rukov\u00e4te nem\u00f4\u017eu v\u017edy udr\u017ea\u0165 pln\u00fa hmotnos\u0165, a preto by sa mali pou\u017e\u00edva\u0165 opatrne, aby nedo\u0161lo k ich odtrhnutiu.<\/p>\n<p><strong>Bezpe\u010dn\u00e9 mo\u017enosti upevnenia<\/strong>: Prepravn\u00e9 vaky sa daj\u00fa v hornej \u010dasti bezpe\u010dne zviaza\u0165 p\u00fatkami, aby nafukovacie vaky zostali po\u010das prepravy chr\u00e1nen\u00e9 a dobre zabalen\u00e9. T\u00fdm sa zabr\u00e1ni ne\u00famyseln\u00e9mu otvoreniu a zabezpe\u010d\u00ed sa, \u017ee nafukovac\u00ed vak zostane \u010dist\u00fd a upratan\u00fd.<\/p>\n<p><strong>Ochrana pred po\u0161koden\u00edm pri preprave<\/strong>: Na\u0161e prepravn\u00e9 ta\u0161ky s\u00fa \u0161peci\u00e1lne navrhnut\u00e9 tak, aby chr\u00e1nili va\u0161e nafukovacie zariadenia pred po\u0161koden\u00edm pri preprave. Odoln\u00fd materi\u00e1l chr\u00e1ni nafukovacie koles\u00e1 pred ne\u010distotami, prachom a mechanick\u00fdmi vplyvmi, aby v\u017edy dorazili na miesto ur\u010denia v perfektnom stave.<\/p>\n<p>Na\u0161e nafukovacie prepravn\u00e9 vaky v\u00e1m pon\u00fakaj\u00fa dokonal\u00fa kombin\u00e1ciu funk\u010dnosti a pohodlia. V\u00fdrazne u\u013eah\u010duj\u00fa prepravu nafukovac\u00edch kon\u0161trukci\u00ed a zabezpe\u010duj\u00fa, \u017ee nafukovacie zariadenia zostan\u00fa v\u017edy v najlep\u0161om stave.<\/p>\n<h3>Podrobnosti o prepravnej ta\u0161ke ve\u013ekosti S<\/h3>\n<ul>\n<li>Materi\u00e1l: PVC (0,55 mm \/ 621,3 g\/m2)<\/li>\n<li>Priemer 90 cm<\/li>\n<li>V\u00fd\u0161ka 120 cm<\/li>\n<li>Zmie\u0161an\u00e9 farby<\/li>\n<\/ul>\n<p><strong>Ka\u017ed\u00fd nafukovac\u00ed vak sa dod\u00e1va v prepravnej ta\u0161ke, nie je potrebn\u00e9 objedn\u00e1va\u0165 \u010fal\u0161iu ta\u0161ku.<\/strong><\/p>\n","protected":false},"excerpt":{"rendered":"<ul>\n<li style=\"list-style-type: none;\">\n<ul>\n<li>Prepravn\u00e1 ta\u0161ka ve\u013ekosti S (priemer 90 cm, v\u00fd\u0161ka 120 cm)<\/li>\n<li>Materi\u00e1l: PVC (0,55 mm \/ 621,3 g\/m2)<\/li>\n<li>Zmie\u0161an\u00e9 farby<\/li>\n<\/ul>\n<\/li>\n<\/ul>\n","protected":false},"featured_media":55160,"comment_status":"open","ping_status":"closed","template":"","meta":{"_acf_changed":false,"_uag_custom_page_level_css":"","site-sidebar-layout":"default","site-content-layout":"boxed-container","ast-site-content-layout":"normal-width-container","site-content-style":"boxed","site-sidebar-style":"boxed","ast-global-header-display":"","ast-banner-title-visibility":"","ast-main-header-display":"","ast-hfb-above-header-display":"","ast-hfb-below-header-display":"","ast-hfb-mobile-header-display":"","site-post-title":"disabled","ast-breadcrumbs-content":"","ast-featured-img":"","footer-sml-layout":"","ast-disable-related-posts":"","theme-transparent-header-meta":"default","adv-header-id-meta":"","stick-header-meta":"default","header-above-stick-meta":"","header-main-stick-meta":"","header-below-stick-meta":"","astra-migrate-meta-layouts":"set","ast-page-background-enabled":"default","ast-page-background-meta":{"desktop":{"background-color":"var(--ast-global-color-4)","background-image":"","background-repeat":"repeat","background-position":"center center","background-size":"auto","background-attachment":"scroll","background-type":"","background-media":"","overlay-type":"","overlay-color":"","overlay-opacity":"","overlay-gradient":""},"tablet":{"background-color":"","background-image":"","background-repeat":"repeat","background-position":"center center","background-size":"auto","background-attachment":"scroll","background-type":"","background-media":"","overlay-type":"","overlay-color":"","overlay-opacity":"","overlay-gradient":""},"mobile":{"background-color":"","background-image":"","background-repeat":"repeat","background-position":"center center","background-size":"auto","background-attachment":"scroll","background-type":"","background-media":"","overlay-type":"","overlay-color":"","overlay-opacity":"","overlay-gradient":""}},"ast-content-background-meta":{"desktop":{"background-color":"var(--ast-global-color-5)","background-image":"","background-repeat":"repeat","background-position":"center center","background-size":"auto","background-attachment":"scroll","background-type":"","background-media":"","overlay-type":"","overlay-color":"","overlay-opacity":"","overlay-gradient":""},"tablet":{"background-color":"var(--ast-global-color-5)","background-image":"","background-repeat":"repeat","background-position":"center center","background-size":"auto","background-attachment":"scroll","background-type":"","background-media":"","overlay-type":"","overlay-color":"","overlay-opacity":"","overlay-gradient":""},"mobile":{"background-color":"var(--ast-global-color-5)","background-image":"","background-repeat":"repeat","background-position":"center center","background-size":"auto","background-attachment":"scroll","background-type":"","background-media":"","overlay-type":"","overlay-color":"","overlay-opacity":"","overlay-gradient":""}}},"product_brand":[],"product_cat":[1138],"product_tag":[],"class_list":{"0":"post-16185","1":"product","2":"type-product","3":"status-publish","4":"has-post-thumbnail","6":"product_cat-prislusenstvo","7":"product_shipping_class-zubehor-sk","8":"pa_gtin-0654170861765-sk","9":"desktop-align-center","10":"tablet-align-center","11":"mobile-align-center","12":"ast-product-gallery-layout-horizontal","13":"ast-product-gallery-with-no-image","14":"ast-product-tabs-layout-horizontal","16":"first","17":"onbackorder","18":"taxable","19":"shipping-taxable","20":"purchasable","21":"product-type-simple"},"acf":[],"yoast_head":"<!-- This site is optimized with the Yoast SEO plugin v27.3 - https:\/\/yoast.com\/product\/yoast-seo-wordpress\/ -->\n<title>K\u00fapi\u0165 nafukovacie prepravn\u00e9 vaky | Dodo-Inflatables.com<\/title>\n<meta name=\"description\" content=\"Zak\u00fapte si prepravn\u00e9 ta\u0161ky pre nafukovadl\u00e1 a sk\u00e1kacie hrady na Dodo-Inflatables.com | Certifikovan\u00e9 pod\u013ea EN14960 | R\u00fdchle dodanie!\" \/>\n<meta name=\"robots\" content=\"index, follow, max-snippet:-1, max-image-preview:large, max-video-preview:-1\" \/>\n<link rel=\"canonical\" href=\"https:\/\/dodo-inflatables.com\/sk\/produkt\/transportna-taska-na-skakaci-hrad-xs-copy\/\" \/>\n<meta name=\"twitter:label1\" content=\"Predpokladan\u00fd \u010das \u010d\u00edtania\" \/>\n\t<meta name=\"twitter:data1\" content=\"1 min\u00fata\" \/>\n<script type=\"application\/ld+json\" class=\"yoast-schema-graph\">{\"@context\":\"https:\\\/\\\/schema.org\",\"@graph\":[{\"@type\":\"WebPage\",\"@id\":\"https:\\\/\\\/dodo-inflatables.com\\\/sk\\\/produkt\\\/transportna-taska-na-skakaci-hrad-xs-copy\\\/\",\"url\":\"https:\\\/\\\/dodo-inflatables.com\\\/sk\\\/produkt\\\/transportna-taska-na-skakaci-hrad-xs-copy\\\/\",\"name\":\"K\u00fapi\u0165 nafukovacie prepravn\u00e9 vaky | Dodo-Inflatables.com\",\"isPartOf\":{\"@id\":\"https:\\\/\\\/dodo-inflatables.com\\\/sk\\\/#website\"},\"primaryImageOfPage\":{\"@id\":\"https:\\\/\\\/dodo-inflatables.com\\\/sk\\\/produkt\\\/transportna-taska-na-skakaci-hrad-xs-copy\\\/#primaryimage\"},\"image\":{\"@id\":\"https:\\\/\\\/dodo-inflatables.com\\\/sk\\\/produkt\\\/transportna-taska-na-skakaci-hrad-xs-copy\\\/#primaryimage\"},\"thumbnailUrl\":\"https:\\\/\\\/dodo-inflatables.com\\\/wp-content\\\/uploads\\\/2024\\\/07\\\/S-Bouncy-castle-Transport-bag.jpg\",\"datePublished\":\"2024-07-10T11:09:06+00:00\",\"dateModified\":\"2024-07-10T11:12:19+00:00\",\"description\":\"Zak\u00fapte si prepravn\u00e9 ta\u0161ky pre nafukovadl\u00e1 a sk\u00e1kacie hrady na Dodo-Inflatables.com | Certifikovan\u00e9 pod\u013ea EN14960 | R\u00fdchle dodanie!\",\"breadcrumb\":{\"@id\":\"https:\\\/\\\/dodo-inflatables.com\\\/sk\\\/produkt\\\/transportna-taska-na-skakaci-hrad-xs-copy\\\/#breadcrumb\"},\"inLanguage\":\"sk-SK\",\"potentialAction\":[{\"@type\":\"ReadAction\",\"target\":[\"https:\\\/\\\/dodo-inflatables.com\\\/sk\\\/produkt\\\/transportna-taska-na-skakaci-hrad-xs-copy\\\/\"]}]},{\"@type\":\"ImageObject\",\"inLanguage\":\"sk-SK\",\"@id\":\"https:\\\/\\\/dodo-inflatables.com\\\/sk\\\/produkt\\\/transportna-taska-na-skakaci-hrad-xs-copy\\\/#primaryimage\",\"url\":\"https:\\\/\\\/dodo-inflatables.com\\\/wp-content\\\/uploads\\\/2024\\\/07\\\/S-Bouncy-castle-Transport-bag.jpg\",\"contentUrl\":\"https:\\\/\\\/dodo-inflatables.com\\\/wp-content\\\/uploads\\\/2024\\\/07\\\/S-Bouncy-castle-Transport-bag.jpg\",\"width\":1000,\"height\":1000},{\"@type\":\"BreadcrumbList\",\"@id\":\"https:\\\/\\\/dodo-inflatables.com\\\/sk\\\/produkt\\\/transportna-taska-na-skakaci-hrad-xs-copy\\\/#breadcrumb\",\"itemListElement\":[{\"@type\":\"ListItem\",\"position\":1,\"name\":\"Domovsk\u00e1 str\u00e1nka\",\"item\":\"https:\\\/\\\/dodo-inflatables.com\\\/sk\\\/\"},{\"@type\":\"ListItem\",\"position\":2,\"name\":\"Obchod\",\"item\":\"https:\\\/\\\/dodo-inflatables.com\\\/sk\\\/obchod\\\/\"},{\"@type\":\"ListItem\",\"position\":3,\"name\":\"Transportn\u00e1 ta\u0161ka na sk\u00e1kac\u00ed hrad S\"}]},{\"@type\":\"WebSite\",\"@id\":\"https:\\\/\\\/dodo-inflatables.com\\\/sk\\\/#website\",\"url\":\"https:\\\/\\\/dodo-inflatables.com\\\/sk\\\/\",\"name\":\"dodo-inflatables.com\",\"description\":\"Nakupujte sk\u00e1kacie hrady a atrakcie v na\u0161om obchode.\",\"publisher\":{\"@id\":\"https:\\\/\\\/dodo-inflatables.com\\\/sk\\\/#organization\"},\"potentialAction\":[{\"@type\":\"SearchAction\",\"target\":{\"@type\":\"EntryPoint\",\"urlTemplate\":\"https:\\\/\\\/dodo-inflatables.com\\\/sk\\\/?s={search_term_string}\"},\"query-input\":{\"@type\":\"PropertyValueSpecification\",\"valueRequired\":true,\"valueName\":\"search_term_string\"}}],\"inLanguage\":\"sk-SK\"},{\"@type\":\"Organization\",\"@id\":\"https:\\\/\\\/dodo-inflatables.com\\\/sk\\\/#organization\",\"name\":\"dodo-inflatables.com\",\"url\":\"https:\\\/\\\/dodo-inflatables.com\\\/sk\\\/\",\"logo\":{\"@type\":\"ImageObject\",\"inLanguage\":\"sk-SK\",\"@id\":\"https:\\\/\\\/dodo-inflatables.com\\\/sk\\\/#\\\/schema\\\/logo\\\/image\\\/\",\"url\":\"https:\\\/\\\/dodo-inflatables.com\\\/wp-content\\\/uploads\\\/2023\\\/04\\\/cropped-cropped-cropped-Dodo-Logo.png\",\"contentUrl\":\"https:\\\/\\\/dodo-inflatables.com\\\/wp-content\\\/uploads\\\/2023\\\/04\\\/cropped-cropped-cropped-Dodo-Logo.png\",\"width\":2996,\"height\":1545,\"caption\":\"dodo-inflatables.com\"},\"image\":{\"@id\":\"https:\\\/\\\/dodo-inflatables.com\\\/sk\\\/#\\\/schema\\\/logo\\\/image\\\/\"}}]}<\/script>\n<!-- \/ Yoast SEO plugin. -->","yoast_head_json":{"title":"K\u00fapi\u0165 nafukovacie prepravn\u00e9 vaky | Dodo-Inflatables.com","description":"Zak\u00fapte si prepravn\u00e9 ta\u0161ky pre nafukovadl\u00e1 a sk\u00e1kacie hrady na Dodo-Inflatables.com | Certifikovan\u00e9 pod\u013ea EN14960 | R\u00fdchle dodanie!","robots":{"index":"index","follow":"follow","max-snippet":"max-snippet:-1","max-image-preview":"max-image-preview:large","max-video-preview":"max-video-preview:-1"},"canonical":"https:\/\/dodo-inflatables.com\/sk\/produkt\/transportna-taska-na-skakaci-hrad-xs-copy\/","twitter_misc":{"Predpokladan\u00fd \u010das \u010d\u00edtania":"1 min\u00fata"},"schema":{"@context":"https:\/\/schema.org","@graph":[{"@type":"WebPage","@id":"https:\/\/dodo-inflatables.com\/sk\/produkt\/transportna-taska-na-skakaci-hrad-xs-copy\/","url":"https:\/\/dodo-inflatables.com\/sk\/produkt\/transportna-taska-na-skakaci-hrad-xs-copy\/","name":"K\u00fapi\u0165 nafukovacie prepravn\u00e9 vaky | Dodo-Inflatables.com","isPartOf":{"@id":"https:\/\/dodo-inflatables.com\/sk\/#website"},"primaryImageOfPage":{"@id":"https:\/\/dodo-inflatables.com\/sk\/produkt\/transportna-taska-na-skakaci-hrad-xs-copy\/#primaryimage"},"image":{"@id":"https:\/\/dodo-inflatables.com\/sk\/produkt\/transportna-taska-na-skakaci-hrad-xs-copy\/#primaryimage"},"thumbnailUrl":"https:\/\/dodo-inflatables.com\/wp-content\/uploads\/2024\/07\/S-Bouncy-castle-Transport-bag.jpg","datePublished":"2024-07-10T11:09:06+00:00","dateModified":"2024-07-10T11:12:19+00:00","description":"Zak\u00fapte si prepravn\u00e9 ta\u0161ky pre nafukovadl\u00e1 a sk\u00e1kacie hrady na Dodo-Inflatables.com | Certifikovan\u00e9 pod\u013ea EN14960 | R\u00fdchle dodanie!","breadcrumb":{"@id":"https:\/\/dodo-inflatables.com\/sk\/produkt\/transportna-taska-na-skakaci-hrad-xs-copy\/#breadcrumb"},"inLanguage":"sk-SK","potentialAction":[{"@type":"ReadAction","target":["https:\/\/dodo-inflatables.com\/sk\/produkt\/transportna-taska-na-skakaci-hrad-xs-copy\/"]}]},{"@type":"ImageObject","inLanguage":"sk-SK","@id":"https:\/\/dodo-inflatables.com\/sk\/produkt\/transportna-taska-na-skakaci-hrad-xs-copy\/#primaryimage","url":"https:\/\/dodo-inflatables.com\/wp-content\/uploads\/2024\/07\/S-Bouncy-castle-Transport-bag.jpg","contentUrl":"https:\/\/dodo-inflatables.com\/wp-content\/uploads\/2024\/07\/S-Bouncy-castle-Transport-bag.jpg","width":1000,"height":1000},{"@type":"BreadcrumbList","@id":"https:\/\/dodo-inflatables.com\/sk\/produkt\/transportna-taska-na-skakaci-hrad-xs-copy\/#breadcrumb","itemListElement":[{"@type":"ListItem","position":1,"name":"Domovsk\u00e1 str\u00e1nka","item":"https:\/\/dodo-inflatables.com\/sk\/"},{"@type":"ListItem","position":2,"name":"Obchod","item":"https:\/\/dodo-inflatables.com\/sk\/obchod\/"},{"@type":"ListItem","position":3,"name":"Transportn\u00e1 ta\u0161ka na sk\u00e1kac\u00ed hrad S"}]},{"@type":"WebSite","@id":"https:\/\/dodo-inflatables.com\/sk\/#website","url":"https:\/\/dodo-inflatables.com\/sk\/","name":"dodo-inflatables.com","description":"Nakupujte sk\u00e1kacie hrady a atrakcie v na\u0161om obchode.","publisher":{"@id":"https:\/\/dodo-inflatables.com\/sk\/#organization"},"potentialAction":[{"@type":"SearchAction","target":{"@type":"EntryPoint","urlTemplate":"https:\/\/dodo-inflatables.com\/sk\/?s={search_term_string}"},"query-input":{"@type":"PropertyValueSpecification","valueRequired":true,"valueName":"search_term_string"}}],"inLanguage":"sk-SK"},{"@type":"Organization","@id":"https:\/\/dodo-inflatables.com\/sk\/#organization","name":"dodo-inflatables.com","url":"https:\/\/dodo-inflatables.com\/sk\/","logo":{"@type":"ImageObject","inLanguage":"sk-SK","@id":"https:\/\/dodo-inflatables.com\/sk\/#\/schema\/logo\/image\/","url":"https:\/\/dodo-inflatables.com\/wp-content\/uploads\/2023\/04\/cropped-cropped-cropped-Dodo-Logo.png","contentUrl":"https:\/\/dodo-inflatables.com\/wp-content\/uploads\/2023\/04\/cropped-cropped-cropped-Dodo-Logo.png","width":2996,"height":1545,"caption":"dodo-inflatables.com"},"image":{"@id":"https:\/\/dodo-inflatables.com\/sk\/#\/schema\/logo\/image\/"}}]}},"uagb_featured_image_src":{"full":["https:\/\/dodo-inflatables.com\/wp-content\/uploads\/2024\/07\/S-Bouncy-castle-Transport-bag.jpg",1000,1000,false],"thumbnail":["https:\/\/dodo-inflatables.com\/wp-content\/uploads\/2024\/07\/S-Bouncy-castle-Transport-bag-150x150.jpg",150,150,true],"medium":["https:\/\/dodo-inflatables.com\/wp-content\/uploads\/2024\/07\/S-Bouncy-castle-Transport-bag-300x300.jpg",300,300,true],"medium_large":["https:\/\/dodo-inflatables.com\/wp-content\/uploads\/2024\/07\/S-Bouncy-castle-Transport-bag-768x768.jpg",768,768,true],"large":["https:\/\/dodo-inflatables.com\/wp-content\/uploads\/2024\/07\/S-Bouncy-castle-Transport-bag.jpg",1000,1000,false],"1536x1536":["https:\/\/dodo-inflatables.com\/wp-content\/uploads\/2024\/07\/S-Bouncy-castle-Transport-bag.jpg",1000,1000,false],"2048x2048":["https:\/\/dodo-inflatables.com\/wp-content\/uploads\/2024\/07\/S-Bouncy-castle-Transport-bag.jpg",1000,1000,false],"woocommerce_thumbnail":["https:\/\/dodo-inflatables.com\/wp-content\/uploads\/2024\/07\/S-Bouncy-castle-Transport-bag-900x900.jpg",900,900,true],"woocommerce_single":["https:\/\/dodo-inflatables.com\/wp-content\/uploads\/2024\/07\/S-Bouncy-castle-Transport-bag-900x900.jpg",900,900,true],"woocommerce_gallery_thumbnail":["https:\/\/dodo-inflatables.com\/wp-content\/uploads\/2024\/07\/S-Bouncy-castle-Transport-bag-100x100.jpg",100,100,true]},"uagb_author_info":{"display_name":"Andreas","author_link":"https:\/\/dodo-inflatables.com\/sk\/author\/"},"uagb_comment_info":0,"uagb_excerpt":"Prepravn\u00e1 ta\u0161ka ve\u013ekosti S (priemer 90 cm, v\u00fd\u0161ka 120 cm) Materi\u00e1l: PVC (0,55 mm \/ 621,3 g\/m2) Zmie\u0161an\u00e9 farby","_links":{"self":[{"href":"https:\/\/dodo-inflatables.com\/sk\/wp-json\/wp\/v2\/product\/16185","targetHints":{"allow":["GET"]}}],"collection":[{"href":"https:\/\/dodo-inflatables.com\/sk\/wp-json\/wp\/v2\/product"}],"about":[{"href":"https:\/\/dodo-inflatables.com\/sk\/wp-json\/wp\/v2\/types\/product"}],"replies":[{"embeddable":true,"href":"https:\/\/dodo-inflatables.com\/sk\/wp-json\/wp\/v2\/comments?post=16185"}],"wp:featuredmedia":[{"embeddable":true,"href":"https:\/\/dodo-inflatables.com\/sk\/wp-json\/wp\/v2\/media\/55160"}],"wp:attachment":[{"href":"https:\/\/dodo-inflatables.com\/sk\/wp-json\/wp\/v2\/media?parent=16185"}],"wp:term":[{"taxonomy":"product_brand","embeddable":true,"href":"https:\/\/dodo-inflatables.com\/sk\/wp-json\/wp\/v2\/product_brand?post=16185"},{"taxonomy":"product_cat","embeddable":true,"href":"https:\/\/dodo-inflatables.com\/sk\/wp-json\/wp\/v2\/product_cat?post=16185"},{"taxonomy":"product_tag","embeddable":true,"href":"https:\/\/dodo-inflatables.com\/sk\/wp-json\/wp\/v2\/product_tag?post=16185"}],"curies":[{"name":"wp","href":"https:\/\/api.w.org\/{rel}","templated":true}]}}