{"id":11874,"date":"2024-03-07T18:26:38","date_gmt":"2024-03-07T17:26:38","guid":{"rendered":"https:\/\/dodo-inflatables.com\/pridobite-gonfiabili-scivoli-e-castelli-gonfiabili-v-italiji\/"},"modified":"2024-07-10T13:56:00","modified_gmt":"2024-07-10T11:56:00","slug":"pridobite-gonfiabili-scivoli-e-castelli-gonfiabili-v-italiji","status":"publish","type":"page","link":"https:\/\/dodo-inflatables.com\/sl\/pridobite-gonfiabili-scivoli-e-castelli-gonfiabili-v-italiji\/","title":{"rendered":"Pridobite gonfiabili scivoli e castelli gonfiabili v Italiji"},"content":{"rendered":"\n<h2 class=\"wp-block-heading has-text-align-center\"><strong>Pridobite gonfiabili scivoli e castelli gonfiabili v Italiji<\/strong><\/h2>\n\n<figure class=\"wp-block-image aligncenter size-large\"><a href=\"https:\/\/dodo-inflatables.com\/wp-content\/uploads\/2022\/01\/seperator-kleiner.png\"><img loading=\"lazy\" decoding=\"async\" width=\"1024\" height=\"102\" src=\"https:\/\/dodo-inflatables.com\/wp-content\/uploads\/2022\/01\/seperator-kleiner-1024x102.png\" alt=\"\" class=\"wp-image-4026\" srcset=\"https:\/\/dodo-inflatables.com\/wp-content\/uploads\/2022\/01\/seperator-kleiner-1024x102.png 1024w, https:\/\/dodo-inflatables.com\/wp-content\/uploads\/2022\/01\/seperator-kleiner-900x90.png 900w, https:\/\/dodo-inflatables.com\/wp-content\/uploads\/2022\/01\/seperator-kleiner-300x30.png 300w, https:\/\/dodo-inflatables.com\/wp-content\/uploads\/2022\/01\/seperator-kleiner-768x77.png 768w, https:\/\/dodo-inflatables.com\/wp-content\/uploads\/2022\/01\/seperator-kleiner-1536x154.png 1536w, https:\/\/dodo-inflatables.com\/wp-content\/uploads\/2022\/01\/seperator-kleiner-340x34.png 340w, https:\/\/dodo-inflatables.com\/wp-content\/uploads\/2022\/01\/seperator-kleiner.png 2000w\" sizes=\"auto, (max-width: 1024px) 100vw, 1024px\" \/><\/a><\/figure>\n\n<h3 class=\"wp-block-heading has-text-align-center\">Benvenuti su Dodo-Inflatables.com &#8211; il nostro negozio online di gonfiabili in Europa!<\/h3>\n\n<p style=\"font-size:17px\">Tuffatevi nella nostra vasta selezione di gonfiabili di alta qualit\u00e0, <a href=\"https:\/\/dodo-inflatables.com\/sl\/kategorija-izdelka\/gradovi-bouncy\/\">castelli gonfiabili <\/a>e <a href=\"https:\/\/dodo-inflatables.com\/sl\/kategorija-izdelka\/slides-sl\/\">scivoli <\/a>che daranno un tocco in pi\u00f9 a qualsiasi occasione. Che siate alla ricerca di un grande gonfiabile per un evento aziendale, di un piccolo castello gonfiabile per una festa di compleanno per bambini o di un castello gonfiabile con scivolo per una festa estiva, qui troverete sicuramente qualcosa di adatto!<\/p>\n\n<p style=\"font-size:17px\">Na\u0161 asortiment ne vklju\u010duje le razli\u010dnih vrst greznic, temve\u010d tudi \u0161iroko paleto <a href=\"https:\/\/dodo-inflatables.com\/sl\/kategorija-izdelka\/dodatki\/\">dodatkov<\/a>, med katerimi so <a href=\"https:\/\/dodo-inflatables.com\/sl\/izdelek\/gibbonsov-pihalnik-fp5005-15ps\/\" data-type=\"product\" data-id=\"81\">Gibbons<\/a> e soffiatori <a href=\"https:\/\/dodo-inflatables.com\/sl\/izdelek\/puhalnik-huawei-reh-1-5e-15ps\/\" data-type=\"product\" data-id=\"2724\">Huawei <\/a>za greznice.<\/p>\n\n<p style=\"font-size:17px\"><strong>Stro\u0161ki<\/strong> po\u0161iljanja gradu gonfiabile in opreme v <strong>Italiji zna\u0161ajo 167,99 EUR<\/strong>. Cena ene konfekcijske embala\u017ee z dodatki za gonfiabili je 18,99 EUR. Se il gonfiabile \u00e8 disponibile in magazzino, verr\u00e0 spedito immediatamente dopo il ricevimento del pagamento. Za konzistenco v Italiji je potrebnih pribli\u017eno <strong>4-6 delovnih dni<\/strong>. \u00c8 possibile ritirare personalmente il gonfiabile presso il nostro magazzino di Monaco, in Germania.<\/p>\n\n<p style=\"font-size:17px\">Vse na\u0161e gonilne naprave so skladne s strogimi normami o varnosti <strong>DIN EN 14960<\/strong> in so primerne za zasebno in komercialno uporabo. Ko boste kupili svoj novi gonfibril, boste prejeli podrobne napotke in ustrezen certifikat.<\/p>\n\n<p style=\"font-size:17px\">Esenzione IVA per le aziende! Se acquistate come azienda, inserite il vostro numero di identificazione IVA alla cassa per effettuare acquisti esenti da imposte.<\/p>\n\n<p style=\"font-size:17px\">\u010ce ste zasebnik, ki i\u0161\u010de grad za dru\u017einski praznik, \u010de ste trgovska dru\u017eba, ki \u017eeli raz\u0161iriti svojo ponudbo, so na\u0161i gradovi za dru\u017einski praznik primerni za vse. Ve\u010dji del na\u0161ih strank v Evropi so dru\u017ebe za no\u0161enje grajskih gradov, ki cenijo na\u0161e izdelke za dogodke vseh razse\u017enosti.<\/p>\n\n<p style=\"font-size:17px\">Ci auguriamo che vi divertiate a sfogliare il nostro negozio online e saremo lieti di rispondere a tutte le vostre domande su <a href=\"mailto:contact@dodo-inflatables.com\">contact@dodo-inflatables.com<\/a> o di visitare direttamente il nostro negozio online italiano: <a href=\"https:\/\/vendita-castello-gonfiabile.it\/\">vendita-castello-gonfiabile.it<\/a>!<\/p>\n","protected":false},"excerpt":{"rendered":"<p>Pridobite gonfiabili scivoli e castelli gonfiabili v Italiji Benvenuti su Dodo-Inflatables.com &#8211; il nostro negozio online di gonfiabili in Europa! Tuffatevi nella nostra vasta selezione di gonfiabili di alta qualit\u00e0, castelli gonfiabili e scivoli che daranno un tocco in pi\u00f9 a qualsiasi occasione. Che siate alla ricerca di un grande gonfiabile per un evento aziendale, [&hellip;]<\/p>\n","protected":false},"author":1,"featured_media":0,"parent":0,"menu_order":0,"comment_status":"closed","ping_status":"closed","template":"","meta":{"_acf_changed":false,"_uag_custom_page_level_css":"","site-sidebar-layout":"default","site-content-layout":"","ast-site-content-layout":"normal-width-container","site-content-style":"boxed","site-sidebar-style":"default","ast-global-header-display":"","ast-banner-title-visibility":"","ast-main-header-display":"","ast-hfb-above-header-display":"","ast-hfb-below-header-display":"","ast-hfb-mobile-header-display":"","site-post-title":"","ast-breadcrumbs-content":"","ast-featured-img":"","footer-sml-layout":"","ast-disable-related-posts":"","theme-transparent-header-meta":"","adv-header-id-meta":"4069","stick-header-meta":"","header-above-stick-meta":"","header-main-stick-meta":"","header-below-stick-meta":"","astra-migrate-meta-layouts":"default","ast-page-background-enabled":"default","ast-page-background-meta":{"desktop":{"background-color":"var(--ast-global-color-4)","background-image":"","background-repeat":"repeat","background-position":"center center","background-size":"auto","background-attachment":"scroll","background-type":"","background-media":"","overlay-type":"","overlay-color":"","overlay-opacity":"","overlay-gradient":""},"tablet":{"background-color":"","background-image":"","background-repeat":"repeat","background-position":"center center","background-size":"auto","background-attachment":"scroll","background-type":"","background-media":"","overlay-type":"","overlay-color":"","overlay-opacity":"","overlay-gradient":""},"mobile":{"background-color":"","background-image":"","background-repeat":"repeat","background-position":"center center","background-size":"auto","background-attachment":"scroll","background-type":"","background-media":"","overlay-type":"","overlay-color":"","overlay-opacity":"","overlay-gradient":""}},"ast-content-background-meta":{"desktop":{"background-color":"var(--ast-global-color-5)","background-image":"","background-repeat":"repeat","background-position":"center center","background-size":"auto","background-attachment":"scroll","background-type":"","background-media":"","overlay-type":"","overlay-color":"","overlay-opacity":"","overlay-gradient":""},"tablet":{"background-color":"var(--ast-global-color-5)","background-image":"","background-repeat":"repeat","background-position":"center center","background-size":"auto","background-attachment":"scroll","background-type":"","background-media":"","overlay-type":"","overlay-color":"","overlay-opacity":"","overlay-gradient":""},"mobile":{"background-color":"var(--ast-global-color-5)","background-image":"","background-repeat":"repeat","background-position":"center center","background-size":"auto","background-attachment":"scroll","background-type":"","background-media":"","overlay-type":"","overlay-color":"","overlay-opacity":"","overlay-gradient":""}},"footnotes":""},"class_list":["post-11874","page","type-page","status-publish","hentry"],"acf":[],"yoast_head":"<!-- This site is optimized with the Yoast SEO plugin v27.3 - https:\/\/yoast.com\/product\/yoast-seo-wordpress\/ -->\n<title>Pridobite gonfiabili scivoli e castelli gonfiabili v Italiji - dodo-inflatables.com<\/title>\n<meta name=\"robots\" content=\"index, follow, max-snippet:-1, max-image-preview:large, max-video-preview:-1\" \/>\n<link rel=\"canonical\" href=\"https:\/\/dodo-inflatables.com\/sl\/pridobite-gonfiabili-scivoli-e-castelli-gonfiabili-v-italiji\/\" \/>\n<meta name=\"twitter:label1\" content=\"Est. reading time\" \/>\n\t<meta name=\"twitter:data1\" content=\"2 minuti\" \/>\n<script type=\"application\/ld+json\" class=\"yoast-schema-graph\">{\"@context\":\"https:\\\/\\\/schema.org\",\"@graph\":[{\"@type\":\"WebPage\",\"@id\":\"https:\\\/\\\/dodo-inflatables.com\\\/sl\\\/pridobite-gonfiabili-scivoli-e-castelli-gonfiabili-v-italiji\\\/\",\"url\":\"https:\\\/\\\/dodo-inflatables.com\\\/sl\\\/pridobite-gonfiabili-scivoli-e-castelli-gonfiabili-v-italiji\\\/\",\"name\":\"Pridobite gonfiabili scivoli e castelli gonfiabili v Italiji - dodo-inflatables.com\",\"isPartOf\":{\"@id\":\"https:\\\/\\\/dodo-inflatables.com\\\/sl\\\/#website\"},\"primaryImageOfPage\":{\"@id\":\"https:\\\/\\\/dodo-inflatables.com\\\/sl\\\/pridobite-gonfiabili-scivoli-e-castelli-gonfiabili-v-italiji\\\/#primaryimage\"},\"image\":{\"@id\":\"https:\\\/\\\/dodo-inflatables.com\\\/sl\\\/pridobite-gonfiabili-scivoli-e-castelli-gonfiabili-v-italiji\\\/#primaryimage\"},\"thumbnailUrl\":\"https:\\\/\\\/dodo-inflatables.com\\\/wp-content\\\/uploads\\\/2022\\\/01\\\/seperator-kleiner-1024x102.png\",\"datePublished\":\"2024-03-07T17:26:38+00:00\",\"dateModified\":\"2024-07-10T11:56:00+00:00\",\"breadcrumb\":{\"@id\":\"https:\\\/\\\/dodo-inflatables.com\\\/sl\\\/pridobite-gonfiabili-scivoli-e-castelli-gonfiabili-v-italiji\\\/#breadcrumb\"},\"inLanguage\":\"sl-SI\",\"potentialAction\":[{\"@type\":\"ReadAction\",\"target\":[\"https:\\\/\\\/dodo-inflatables.com\\\/sl\\\/pridobite-gonfiabili-scivoli-e-castelli-gonfiabili-v-italiji\\\/\"]}]},{\"@type\":\"ImageObject\",\"inLanguage\":\"sl-SI\",\"@id\":\"https:\\\/\\\/dodo-inflatables.com\\\/sl\\\/pridobite-gonfiabili-scivoli-e-castelli-gonfiabili-v-italiji\\\/#primaryimage\",\"url\":\"https:\\\/\\\/dodo-inflatables.com\\\/wp-content\\\/uploads\\\/2022\\\/01\\\/seperator-kleiner-1024x102.png\",\"contentUrl\":\"https:\\\/\\\/dodo-inflatables.com\\\/wp-content\\\/uploads\\\/2022\\\/01\\\/seperator-kleiner-1024x102.png\"},{\"@type\":\"BreadcrumbList\",\"@id\":\"https:\\\/\\\/dodo-inflatables.com\\\/sl\\\/pridobite-gonfiabili-scivoli-e-castelli-gonfiabili-v-italiji\\\/#breadcrumb\",\"itemListElement\":[{\"@type\":\"ListItem\",\"position\":1,\"name\":\"Home\",\"item\":\"https:\\\/\\\/dodo-inflatables.com\\\/sl\\\/\"},{\"@type\":\"ListItem\",\"position\":2,\"name\":\"Pridobite gonfiabili scivoli e castelli gonfiabili v Italiji\"}]},{\"@type\":\"WebSite\",\"@id\":\"https:\\\/\\\/dodo-inflatables.com\\\/sl\\\/#website\",\"url\":\"https:\\\/\\\/dodo-inflatables.com\\\/sl\\\/\",\"name\":\"dodo-inflatables.com\",\"description\":\"Kupite napihljive gradove in atrakcije v na\u0161i trgovini.\",\"publisher\":{\"@id\":\"https:\\\/\\\/dodo-inflatables.com\\\/sl\\\/#organization\"},\"potentialAction\":[{\"@type\":\"SearchAction\",\"target\":{\"@type\":\"EntryPoint\",\"urlTemplate\":\"https:\\\/\\\/dodo-inflatables.com\\\/sl\\\/?s={search_term_string}\"},\"query-input\":{\"@type\":\"PropertyValueSpecification\",\"valueRequired\":true,\"valueName\":\"search_term_string\"}}],\"inLanguage\":\"sl-SI\"},{\"@type\":\"Organization\",\"@id\":\"https:\\\/\\\/dodo-inflatables.com\\\/sl\\\/#organization\",\"name\":\"dodo-inflatables.com\",\"url\":\"https:\\\/\\\/dodo-inflatables.com\\\/sl\\\/\",\"logo\":{\"@type\":\"ImageObject\",\"inLanguage\":\"sl-SI\",\"@id\":\"https:\\\/\\\/dodo-inflatables.com\\\/sl\\\/#\\\/schema\\\/logo\\\/image\\\/\",\"url\":\"https:\\\/\\\/dodo-inflatables.com\\\/wp-content\\\/uploads\\\/2023\\\/04\\\/cropped-cropped-cropped-Dodo-Logo.png\",\"contentUrl\":\"https:\\\/\\\/dodo-inflatables.com\\\/wp-content\\\/uploads\\\/2023\\\/04\\\/cropped-cropped-cropped-Dodo-Logo.png\",\"width\":2996,\"height\":1545,\"caption\":\"dodo-inflatables.com\"},\"image\":{\"@id\":\"https:\\\/\\\/dodo-inflatables.com\\\/sl\\\/#\\\/schema\\\/logo\\\/image\\\/\"}}]}<\/script>\n<!-- \/ Yoast SEO plugin. -->","yoast_head_json":{"title":"Pridobite gonfiabili scivoli e castelli gonfiabili v Italiji - dodo-inflatables.com","robots":{"index":"index","follow":"follow","max-snippet":"max-snippet:-1","max-image-preview":"max-image-preview:large","max-video-preview":"max-video-preview:-1"},"canonical":"https:\/\/dodo-inflatables.com\/sl\/pridobite-gonfiabili-scivoli-e-castelli-gonfiabili-v-italiji\/","twitter_misc":{"Est. reading time":"2 minuti"},"schema":{"@context":"https:\/\/schema.org","@graph":[{"@type":"WebPage","@id":"https:\/\/dodo-inflatables.com\/sl\/pridobite-gonfiabili-scivoli-e-castelli-gonfiabili-v-italiji\/","url":"https:\/\/dodo-inflatables.com\/sl\/pridobite-gonfiabili-scivoli-e-castelli-gonfiabili-v-italiji\/","name":"Pridobite gonfiabili scivoli e castelli gonfiabili v Italiji - dodo-inflatables.com","isPartOf":{"@id":"https:\/\/dodo-inflatables.com\/sl\/#website"},"primaryImageOfPage":{"@id":"https:\/\/dodo-inflatables.com\/sl\/pridobite-gonfiabili-scivoli-e-castelli-gonfiabili-v-italiji\/#primaryimage"},"image":{"@id":"https:\/\/dodo-inflatables.com\/sl\/pridobite-gonfiabili-scivoli-e-castelli-gonfiabili-v-italiji\/#primaryimage"},"thumbnailUrl":"https:\/\/dodo-inflatables.com\/wp-content\/uploads\/2022\/01\/seperator-kleiner-1024x102.png","datePublished":"2024-03-07T17:26:38+00:00","dateModified":"2024-07-10T11:56:00+00:00","breadcrumb":{"@id":"https:\/\/dodo-inflatables.com\/sl\/pridobite-gonfiabili-scivoli-e-castelli-gonfiabili-v-italiji\/#breadcrumb"},"inLanguage":"sl-SI","potentialAction":[{"@type":"ReadAction","target":["https:\/\/dodo-inflatables.com\/sl\/pridobite-gonfiabili-scivoli-e-castelli-gonfiabili-v-italiji\/"]}]},{"@type":"ImageObject","inLanguage":"sl-SI","@id":"https:\/\/dodo-inflatables.com\/sl\/pridobite-gonfiabili-scivoli-e-castelli-gonfiabili-v-italiji\/#primaryimage","url":"https:\/\/dodo-inflatables.com\/wp-content\/uploads\/2022\/01\/seperator-kleiner-1024x102.png","contentUrl":"https:\/\/dodo-inflatables.com\/wp-content\/uploads\/2022\/01\/seperator-kleiner-1024x102.png"},{"@type":"BreadcrumbList","@id":"https:\/\/dodo-inflatables.com\/sl\/pridobite-gonfiabili-scivoli-e-castelli-gonfiabili-v-italiji\/#breadcrumb","itemListElement":[{"@type":"ListItem","position":1,"name":"Home","item":"https:\/\/dodo-inflatables.com\/sl\/"},{"@type":"ListItem","position":2,"name":"Pridobite gonfiabili scivoli e castelli gonfiabili v Italiji"}]},{"@type":"WebSite","@id":"https:\/\/dodo-inflatables.com\/sl\/#website","url":"https:\/\/dodo-inflatables.com\/sl\/","name":"dodo-inflatables.com","description":"Kupite napihljive gradove in atrakcije v na\u0161i trgovini.","publisher":{"@id":"https:\/\/dodo-inflatables.com\/sl\/#organization"},"potentialAction":[{"@type":"SearchAction","target":{"@type":"EntryPoint","urlTemplate":"https:\/\/dodo-inflatables.com\/sl\/?s={search_term_string}"},"query-input":{"@type":"PropertyValueSpecification","valueRequired":true,"valueName":"search_term_string"}}],"inLanguage":"sl-SI"},{"@type":"Organization","@id":"https:\/\/dodo-inflatables.com\/sl\/#organization","name":"dodo-inflatables.com","url":"https:\/\/dodo-inflatables.com\/sl\/","logo":{"@type":"ImageObject","inLanguage":"sl-SI","@id":"https:\/\/dodo-inflatables.com\/sl\/#\/schema\/logo\/image\/","url":"https:\/\/dodo-inflatables.com\/wp-content\/uploads\/2023\/04\/cropped-cropped-cropped-Dodo-Logo.png","contentUrl":"https:\/\/dodo-inflatables.com\/wp-content\/uploads\/2023\/04\/cropped-cropped-cropped-Dodo-Logo.png","width":2996,"height":1545,"caption":"dodo-inflatables.com"},"image":{"@id":"https:\/\/dodo-inflatables.com\/sl\/#\/schema\/logo\/image\/"}}]}},"uagb_featured_image_src":{"full":false,"thumbnail":false,"medium":false,"medium_large":false,"large":false,"1536x1536":false,"2048x2048":false,"woocommerce_thumbnail":false,"woocommerce_single":false,"woocommerce_gallery_thumbnail":false},"uagb_author_info":{"display_name":"Andreas","author_link":"https:\/\/dodo-inflatables.com\/sl\/author\/andreas\/"},"uagb_comment_info":0,"uagb_excerpt":"Pridobite gonfiabili scivoli e castelli gonfiabili v Italiji Benvenuti su Dodo-Inflatables.com &#8211; il nostro negozio online di gonfiabili in Europa! Tuffatevi nella nostra vasta selezione di gonfiabili di alta qualit\u00e0, castelli gonfiabili e scivoli che daranno un tocco in pi\u00f9 a qualsiasi occasione. Che siate alla ricerca di un grande gonfiabile per un evento aziendale,&hellip;","_links":{"self":[{"href":"https:\/\/dodo-inflatables.com\/sl\/wp-json\/wp\/v2\/pages\/11874","targetHints":{"allow":["GET"]}}],"collection":[{"href":"https:\/\/dodo-inflatables.com\/sl\/wp-json\/wp\/v2\/pages"}],"about":[{"href":"https:\/\/dodo-inflatables.com\/sl\/wp-json\/wp\/v2\/types\/page"}],"author":[{"embeddable":true,"href":"https:\/\/dodo-inflatables.com\/sl\/wp-json\/wp\/v2\/users\/1"}],"replies":[{"embeddable":true,"href":"https:\/\/dodo-inflatables.com\/sl\/wp-json\/wp\/v2\/comments?post=11874"}],"version-history":[{"count":4,"href":"https:\/\/dodo-inflatables.com\/sl\/wp-json\/wp\/v2\/pages\/11874\/revisions"}],"predecessor-version":[{"id":16511,"href":"https:\/\/dodo-inflatables.com\/sl\/wp-json\/wp\/v2\/pages\/11874\/revisions\/16511"}],"wp:attachment":[{"href":"https:\/\/dodo-inflatables.com\/sl\/wp-json\/wp\/v2\/media?parent=11874"}],"curies":[{"name":"wp","href":"https:\/\/api.w.org\/{rel}","templated":true}]}}