{"id":12108,"date":"2024-03-05T15:12:26","date_gmt":"2024-03-05T14:12:26","guid":{"rendered":"https:\/\/dodo-inflatables.com\/aufblasbare-rutschen-und-hupfburgen-kaufen-in-osterreich\/"},"modified":"2024-07-10T13:53:00","modified_gmt":"2024-07-10T11:53:00","slug":"aufblasbare-rutschen-und-hupfburgen-kaufen-in-osterreich","status":"publish","type":"page","link":"https:\/\/dodo-inflatables.com\/sl\/aufblasbare-rutschen-und-hupfburgen-kaufen-in-osterreich\/","title":{"rendered":"Aufblasbare Rutschen und H\u00fcpfburgen kaufen in \u00d6sterreich"},"content":{"rendered":"\n<h2 class=\"wp-block-heading has-text-align-center\"><strong>Aufblasbare Rutschen und H\u00fcpfburgen kaufen in \u00d6sterreich<\/strong><\/h2>\n\n<figure class=\"wp-block-image aligncenter size-large\"><a href=\"https:\/\/dodo-inflatables.com\/wp-content\/uploads\/2022\/01\/seperator-kleiner.png\"><img fetchpriority=\"high\" decoding=\"async\" width=\"1024\" height=\"102\" src=\"https:\/\/dodo-inflatables.com\/wp-content\/uploads\/2022\/01\/seperator-kleiner-1024x102.png\" alt=\"\" class=\"wp-image-4026\" srcset=\"https:\/\/dodo-inflatables.com\/wp-content\/uploads\/2022\/01\/seperator-kleiner-1024x102.png 1024w, https:\/\/dodo-inflatables.com\/wp-content\/uploads\/2022\/01\/seperator-kleiner-900x90.png 900w, https:\/\/dodo-inflatables.com\/wp-content\/uploads\/2022\/01\/seperator-kleiner-300x30.png 300w, https:\/\/dodo-inflatables.com\/wp-content\/uploads\/2022\/01\/seperator-kleiner-768x77.png 768w, https:\/\/dodo-inflatables.com\/wp-content\/uploads\/2022\/01\/seperator-kleiner-1536x154.png 1536w, https:\/\/dodo-inflatables.com\/wp-content\/uploads\/2022\/01\/seperator-kleiner-340x34.png 340w, https:\/\/dodo-inflatables.com\/wp-content\/uploads\/2022\/01\/seperator-kleiner.png 2000w\" sizes=\"(max-width: 1024px) 100vw, 1024px\" \/><\/a><\/figure>\n\n<h3 class=\"wp-block-heading has-text-align-center\">Willkommen bei Dodo-Inflatables.com &#8211; unserem Online-Shop f\u00fcr Luftburgen in Europa!<\/h3>\n\n<p style=\"font-size:17px\">Na\u0161li boste v na\u0161i bogati ponudbi visokokakovostnih H\u00fcpfburgen, <a href=\"https:\/\/dodo-inflatables.com\/sl\/kategorija-izdelka\/gradovi-bouncy\/\">aufblasbaren Luftburgen<\/a> in <a href=\"https:\/\/dodo-inflatables.com\/sl\/kategorija-izdelka\/slides-sl\/\">Rutschen<\/a>, ki jih z enim samim izdelkom dobite kot dodaten pripomo\u010dek. Ob Sie eine gro\u00dfe H\u00fcpfburg f\u00fcr ein Firmenevent, ein kleines H\u00fcpfschloss f\u00fcr einen Kindergeburtstag oder eine H\u00fcpfburg mit Rutsche f\u00fcr eine Sommerparty suchen &#8211; bei uns finden Sie garantiert das Passende!<\/p>\n\n<p style=\"font-size:17px\">Na\u0161a ponudba ne vklju\u010duje le veliko \u0161tevilo izdelkov za hribe, temve\u010d tudi bogato paleto <a href=\"https:\/\/dodo-inflatables.com\/sl\/kategorija-izdelka\/dodatki\/\">izdelkov<\/a> za hribe, kot so <a href=\"https:\/\/dodo-inflatables.com\/sl\/izdelek\/gibbonsov-pihalnik-fp5005-15ps\/\" data-type=\"product\" data-id=\"81\">giboni<\/a> in pripomo\u010dki za hribe <a href=\"https:\/\/dodo-inflatables.com\/sl\/izdelek\/puhalnik-huawei-reh-1-5e-15ps\/\" data-type=\"product\" data-id=\"2724\">Huawei<\/a>.<\/p>\n\n<p style=\"font-size:17px\">Der Versand einer H\u00fcpfburg und des entsprechenden Zubeh\u00f6rs nach <strong>\u00d6sterreich kostet 167,99<\/strong> \u20ac. Ein Paket mit H\u00fcpfburgen Zubeh\u00f6r kostet 18,99 \u20ac. Wenn die H\u00fcpfburg auf Lager ist, wird sie sofort nach Zahlungseingang an dich verschickt. Die Lieferung nach \u00d6sterreich dauert ca.<strong> 2 &#8211; 4 Werktage<\/strong>. Eine Selbstabholung ist in unserem Lager in M\u00fcnchen, Deutschland m\u00f6glich.<\/p>\n\n<p style=\"font-size:17px\">Vsi na\u0161i H\u00fcpfburgen izpolnjujejo stroge standarde varnosti <strong>DIN EN 14960 <\/strong>in so primerni za zasebno in dru\u017ebeno rabo. Du erh\u00e4ltst nach dem Versand der H\u00fcpfburg einen detaillierten Leitfaden sowie das entsprechende Zertifikat f\u00fcr deine neue H\u00fcpfburg.<\/p>\n\n<p style=\"font-size:17px\">Mehrwertsteuerbefreiung f\u00fcr Unternehmen! Wenn du als Unternehmen einkaufst, gib an der Kasse deine Umsatzsteuer-Identifikationsnummer an, um steuerfrei einzukaufen.<\/p>\n\n<p style=\"font-size:17px\">Egal ob du als Privatperson eine H\u00fcpfburg f\u00fcr das n\u00e4chste Familienfest suchst, oder du ein gewerblicher Vermieter bist, der sein Angebot erweitern m\u00f6chte &#8211; unsere H\u00fcpfburgen sind f\u00fcr eden geeignet. Tats\u00e4chlich sind die meisten unserer Kunden in ganz Europa H\u00fcpfburgenvermieter, die unsere Produkte f\u00fcr Veranstaltungen jeder Gr\u00f6\u00dfe sch\u00e4tzen.<\/p>\n\n<p style=\"font-size:17px\">Wir w\u00fcnschen dir viel Spa\u00df beim St\u00f6bern in unserem Online Shop und stehen bei Fragen gerne unter <a href=\"mailto:contact@dodo-inflatables.com\">contact@dodo-inflatables.com<\/a> zur Verf\u00fcgung oder besuche gerne unseren \u00f6sterreichischen Online Shop: <a href=\"https:\/\/huepfburg-guenstig-kaufen.at\/\">huepfburg-guenstig-kaufen.at!<\/a><\/p>\n\n<div style=\"height:100px\" aria-hidden=\"true\" class=\"wp-block-spacer\"><\/div>\n","protected":false},"excerpt":{"rendered":"<p>Aufblasbare Rutschen und H\u00fcpfburgen kaufen in \u00d6sterreich Willkommen bei Dodo-Inflatables.com &#8211; unserem Online-Shop f\u00fcr Luftburgen in Europa! Na\u0161li boste v na\u0161i bogati ponudbi visokokakovostnih H\u00fcpfburgen, aufblasbaren Luftburgen in Rutschen, ki jih z enim samim izdelkom dobite kot dodaten pripomo\u010dek. Ob Sie eine gro\u00dfe H\u00fcpfburg f\u00fcr ein Firmenevent, ein kleines H\u00fcpfschloss f\u00fcr einen Kindergeburtstag oder eine [&hellip;]<\/p>\n","protected":false},"author":1,"featured_media":0,"parent":0,"menu_order":0,"comment_status":"closed","ping_status":"closed","template":"","meta":{"_acf_changed":false,"_uag_custom_page_level_css":"","site-sidebar-layout":"default","site-content-layout":"","ast-site-content-layout":"normal-width-container","site-content-style":"boxed","site-sidebar-style":"default","ast-global-header-display":"","ast-banner-title-visibility":"","ast-main-header-display":"","ast-hfb-above-header-display":"","ast-hfb-below-header-display":"","ast-hfb-mobile-header-display":"","site-post-title":"","ast-breadcrumbs-content":"","ast-featured-img":"","footer-sml-layout":"","ast-disable-related-posts":"","theme-transparent-header-meta":"","adv-header-id-meta":"4069","stick-header-meta":"","header-above-stick-meta":"","header-main-stick-meta":"","header-below-stick-meta":"","astra-migrate-meta-layouts":"default","ast-page-background-enabled":"default","ast-page-background-meta":{"desktop":{"background-color":"var(--ast-global-color-4)","background-image":"","background-repeat":"repeat","background-position":"center center","background-size":"auto","background-attachment":"scroll","background-type":"","background-media":"","overlay-type":"","overlay-color":"","overlay-opacity":"","overlay-gradient":""},"tablet":{"background-color":"","background-image":"","background-repeat":"repeat","background-position":"center center","background-size":"auto","background-attachment":"scroll","background-type":"","background-media":"","overlay-type":"","overlay-color":"","overlay-opacity":"","overlay-gradient":""},"mobile":{"background-color":"","background-image":"","background-repeat":"repeat","background-position":"center center","background-size":"auto","background-attachment":"scroll","background-type":"","background-media":"","overlay-type":"","overlay-color":"","overlay-opacity":"","overlay-gradient":""}},"ast-content-background-meta":{"desktop":{"background-color":"var(--ast-global-color-5)","background-image":"","background-repeat":"repeat","background-position":"center center","background-size":"auto","background-attachment":"scroll","background-type":"","background-media":"","overlay-type":"","overlay-color":"","overlay-opacity":"","overlay-gradient":""},"tablet":{"background-color":"var(--ast-global-color-5)","background-image":"","background-repeat":"repeat","background-position":"center center","background-size":"auto","background-attachment":"scroll","background-type":"","background-media":"","overlay-type":"","overlay-color":"","overlay-opacity":"","overlay-gradient":""},"mobile":{"background-color":"var(--ast-global-color-5)","background-image":"","background-repeat":"repeat","background-position":"center center","background-size":"auto","background-attachment":"scroll","background-type":"","background-media":"","overlay-type":"","overlay-color":"","overlay-opacity":"","overlay-gradient":""}},"footnotes":""},"class_list":["post-12108","page","type-page","status-publish","hentry"],"acf":[],"yoast_head":"<!-- This site is optimized with the Yoast SEO plugin v27.5 - https:\/\/yoast.com\/product\/yoast-seo-wordpress\/ -->\n<title>Aufblasbare Rutschen und H\u00fcpfburgen kaufen in \u00d6sterreich - dodo-inflatables.com<\/title>\n<meta name=\"robots\" content=\"index, follow, max-snippet:-1, max-image-preview:large, max-video-preview:-1\" \/>\n<link rel=\"canonical\" href=\"https:\/\/dodo-inflatables.com\/sl\/aufblasbare-rutschen-und-hupfburgen-kaufen-in-osterreich\/\" \/>\n<meta name=\"twitter:label1\" content=\"Est. reading time\" \/>\n\t<meta name=\"twitter:data1\" content=\"2 minuti\" \/>\n<script type=\"application\/ld+json\" class=\"yoast-schema-graph\">{\"@context\":\"https:\\\/\\\/schema.org\",\"@graph\":[{\"@type\":\"WebPage\",\"@id\":\"https:\\\/\\\/dodo-inflatables.com\\\/sl\\\/aufblasbare-rutschen-und-hupfburgen-kaufen-in-osterreich\\\/\",\"url\":\"https:\\\/\\\/dodo-inflatables.com\\\/sl\\\/aufblasbare-rutschen-und-hupfburgen-kaufen-in-osterreich\\\/\",\"name\":\"Aufblasbare Rutschen und H\u00fcpfburgen kaufen in \u00d6sterreich - dodo-inflatables.com\",\"isPartOf\":{\"@id\":\"https:\\\/\\\/dodo-inflatables.com\\\/sl\\\/#website\"},\"primaryImageOfPage\":{\"@id\":\"https:\\\/\\\/dodo-inflatables.com\\\/sl\\\/aufblasbare-rutschen-und-hupfburgen-kaufen-in-osterreich\\\/#primaryimage\"},\"image\":{\"@id\":\"https:\\\/\\\/dodo-inflatables.com\\\/sl\\\/aufblasbare-rutschen-und-hupfburgen-kaufen-in-osterreich\\\/#primaryimage\"},\"thumbnailUrl\":\"https:\\\/\\\/dodo-inflatables.com\\\/wp-content\\\/uploads\\\/2022\\\/01\\\/seperator-kleiner-1024x102.png\",\"datePublished\":\"2024-03-05T14:12:26+00:00\",\"dateModified\":\"2024-07-10T11:53:00+00:00\",\"breadcrumb\":{\"@id\":\"https:\\\/\\\/dodo-inflatables.com\\\/sl\\\/aufblasbare-rutschen-und-hupfburgen-kaufen-in-osterreich\\\/#breadcrumb\"},\"inLanguage\":\"sl-SI\",\"potentialAction\":[{\"@type\":\"ReadAction\",\"target\":[\"https:\\\/\\\/dodo-inflatables.com\\\/sl\\\/aufblasbare-rutschen-und-hupfburgen-kaufen-in-osterreich\\\/\"]}]},{\"@type\":\"ImageObject\",\"inLanguage\":\"sl-SI\",\"@id\":\"https:\\\/\\\/dodo-inflatables.com\\\/sl\\\/aufblasbare-rutschen-und-hupfburgen-kaufen-in-osterreich\\\/#primaryimage\",\"url\":\"https:\\\/\\\/dodo-inflatables.com\\\/wp-content\\\/uploads\\\/2022\\\/01\\\/seperator-kleiner-1024x102.png\",\"contentUrl\":\"https:\\\/\\\/dodo-inflatables.com\\\/wp-content\\\/uploads\\\/2022\\\/01\\\/seperator-kleiner-1024x102.png\"},{\"@type\":\"BreadcrumbList\",\"@id\":\"https:\\\/\\\/dodo-inflatables.com\\\/sl\\\/aufblasbare-rutschen-und-hupfburgen-kaufen-in-osterreich\\\/#breadcrumb\",\"itemListElement\":[{\"@type\":\"ListItem\",\"position\":1,\"name\":\"Home\",\"item\":\"https:\\\/\\\/dodo-inflatables.com\\\/sl\\\/\"},{\"@type\":\"ListItem\",\"position\":2,\"name\":\"Aufblasbare Rutschen und H\u00fcpfburgen kaufen in \u00d6sterreich\"}]},{\"@type\":\"WebSite\",\"@id\":\"https:\\\/\\\/dodo-inflatables.com\\\/sl\\\/#website\",\"url\":\"https:\\\/\\\/dodo-inflatables.com\\\/sl\\\/\",\"name\":\"dodo-inflatables.com\",\"description\":\"Kupite napihljive gradove in atrakcije v na\u0161i trgovini.\",\"potentialAction\":[{\"@type\":\"SearchAction\",\"target\":{\"@type\":\"EntryPoint\",\"urlTemplate\":\"https:\\\/\\\/dodo-inflatables.com\\\/sl\\\/?s={search_term_string}\"},\"query-input\":{\"@type\":\"PropertyValueSpecification\",\"valueRequired\":true,\"valueName\":\"search_term_string\"}}],\"inLanguage\":\"sl-SI\"}]}<\/script>\n<!-- \/ Yoast SEO plugin. -->","yoast_head_json":{"title":"Aufblasbare Rutschen und H\u00fcpfburgen kaufen in \u00d6sterreich - dodo-inflatables.com","robots":{"index":"index","follow":"follow","max-snippet":"max-snippet:-1","max-image-preview":"max-image-preview:large","max-video-preview":"max-video-preview:-1"},"canonical":"https:\/\/dodo-inflatables.com\/sl\/aufblasbare-rutschen-und-hupfburgen-kaufen-in-osterreich\/","twitter_misc":{"Est. reading time":"2 minuti"},"schema":{"@context":"https:\/\/schema.org","@graph":[{"@type":"WebPage","@id":"https:\/\/dodo-inflatables.com\/sl\/aufblasbare-rutschen-und-hupfburgen-kaufen-in-osterreich\/","url":"https:\/\/dodo-inflatables.com\/sl\/aufblasbare-rutschen-und-hupfburgen-kaufen-in-osterreich\/","name":"Aufblasbare Rutschen und H\u00fcpfburgen kaufen in \u00d6sterreich - dodo-inflatables.com","isPartOf":{"@id":"https:\/\/dodo-inflatables.com\/sl\/#website"},"primaryImageOfPage":{"@id":"https:\/\/dodo-inflatables.com\/sl\/aufblasbare-rutschen-und-hupfburgen-kaufen-in-osterreich\/#primaryimage"},"image":{"@id":"https:\/\/dodo-inflatables.com\/sl\/aufblasbare-rutschen-und-hupfburgen-kaufen-in-osterreich\/#primaryimage"},"thumbnailUrl":"https:\/\/dodo-inflatables.com\/wp-content\/uploads\/2022\/01\/seperator-kleiner-1024x102.png","datePublished":"2024-03-05T14:12:26+00:00","dateModified":"2024-07-10T11:53:00+00:00","breadcrumb":{"@id":"https:\/\/dodo-inflatables.com\/sl\/aufblasbare-rutschen-und-hupfburgen-kaufen-in-osterreich\/#breadcrumb"},"inLanguage":"sl-SI","potentialAction":[{"@type":"ReadAction","target":["https:\/\/dodo-inflatables.com\/sl\/aufblasbare-rutschen-und-hupfburgen-kaufen-in-osterreich\/"]}]},{"@type":"ImageObject","inLanguage":"sl-SI","@id":"https:\/\/dodo-inflatables.com\/sl\/aufblasbare-rutschen-und-hupfburgen-kaufen-in-osterreich\/#primaryimage","url":"https:\/\/dodo-inflatables.com\/wp-content\/uploads\/2022\/01\/seperator-kleiner-1024x102.png","contentUrl":"https:\/\/dodo-inflatables.com\/wp-content\/uploads\/2022\/01\/seperator-kleiner-1024x102.png"},{"@type":"BreadcrumbList","@id":"https:\/\/dodo-inflatables.com\/sl\/aufblasbare-rutschen-und-hupfburgen-kaufen-in-osterreich\/#breadcrumb","itemListElement":[{"@type":"ListItem","position":1,"name":"Home","item":"https:\/\/dodo-inflatables.com\/sl\/"},{"@type":"ListItem","position":2,"name":"Aufblasbare Rutschen und H\u00fcpfburgen kaufen in \u00d6sterreich"}]},{"@type":"WebSite","@id":"https:\/\/dodo-inflatables.com\/sl\/#website","url":"https:\/\/dodo-inflatables.com\/sl\/","name":"dodo-inflatables.com","description":"Kupite napihljive gradove in atrakcije v na\u0161i trgovini.","potentialAction":[{"@type":"SearchAction","target":{"@type":"EntryPoint","urlTemplate":"https:\/\/dodo-inflatables.com\/sl\/?s={search_term_string}"},"query-input":{"@type":"PropertyValueSpecification","valueRequired":true,"valueName":"search_term_string"}}],"inLanguage":"sl-SI"}]}},"uagb_featured_image_src":{"full":false,"thumbnail":false,"medium":false,"medium_large":false,"large":false,"1536x1536":false,"2048x2048":false,"woocommerce_thumbnail":false,"woocommerce_single":false,"woocommerce_gallery_thumbnail":false},"uagb_author_info":{"display_name":"Andreas","author_link":"https:\/\/dodo-inflatables.com\/sl\/author\/andreas\/"},"uagb_comment_info":0,"uagb_excerpt":"Aufblasbare Rutschen und H\u00fcpfburgen kaufen in \u00d6sterreich Willkommen bei Dodo-Inflatables.com &#8211; unserem Online-Shop f\u00fcr Luftburgen in Europa! Na\u0161li boste v na\u0161i bogati ponudbi visokokakovostnih H\u00fcpfburgen, aufblasbaren Luftburgen in Rutschen, ki jih z enim samim izdelkom dobite kot dodaten pripomo\u010dek. Ob Sie eine gro\u00dfe H\u00fcpfburg f\u00fcr ein Firmenevent, ein kleines H\u00fcpfschloss f\u00fcr einen Kindergeburtstag oder eine&hellip;","_links":{"self":[{"href":"https:\/\/dodo-inflatables.com\/sl\/wp-json\/wp\/v2\/pages\/12108","targetHints":{"allow":["GET"]}}],"collection":[{"href":"https:\/\/dodo-inflatables.com\/sl\/wp-json\/wp\/v2\/pages"}],"about":[{"href":"https:\/\/dodo-inflatables.com\/sl\/wp-json\/wp\/v2\/types\/page"}],"author":[{"embeddable":true,"href":"https:\/\/dodo-inflatables.com\/sl\/wp-json\/wp\/v2\/users\/1"}],"replies":[{"embeddable":true,"href":"https:\/\/dodo-inflatables.com\/sl\/wp-json\/wp\/v2\/comments?post=12108"}],"version-history":[{"count":4,"href":"https:\/\/dodo-inflatables.com\/sl\/wp-json\/wp\/v2\/pages\/12108\/revisions"}],"predecessor-version":[{"id":16326,"href":"https:\/\/dodo-inflatables.com\/sl\/wp-json\/wp\/v2\/pages\/12108\/revisions\/16326"}],"wp:attachment":[{"href":"https:\/\/dodo-inflatables.com\/sl\/wp-json\/wp\/v2\/media?parent=12108"}],"curies":[{"name":"wp","href":"https:\/\/api.w.org\/{rel}","templated":true}]}}