{"id":12189,"date":"2024-03-04T17:43:45","date_gmt":"2024-03-04T16:43:45","guid":{"rendered":"https:\/\/dodo-inflatables.com\/pridobite-gonfiabili-scivoli-e-castelli-gonfiabili-na-madzarskem\/"},"modified":"2024-07-10T13:53:24","modified_gmt":"2024-07-10T11:53:24","slug":"pridobite-gonfiabili-scivoli-e-castelli-gonfiabili-na-madzarskem","status":"publish","type":"page","link":"https:\/\/dodo-inflatables.com\/sl\/pridobite-gonfiabili-scivoli-e-castelli-gonfiabili-na-madzarskem\/","title":{"rendered":"Pridobite gonfiabili scivoli e castelli gonfiabili na Mad\u017earskem"},"content":{"rendered":"\n<h2 class=\"wp-block-heading has-text-align-center\"><strong>Pridobite gonfiabili scivoli e castelli gonfiabili na Mad\u017earskem<\/strong><\/h2>\n\n<figure class=\"wp-block-image aligncenter size-large\"><a href=\"https:\/\/dodo-inflatables.com\/wp-content\/uploads\/2022\/01\/seperator-kleiner.png\"><img fetchpriority=\"high\" decoding=\"async\" width=\"1024\" height=\"102\" src=\"https:\/\/dodo-inflatables.com\/wp-content\/uploads\/2022\/01\/seperator-kleiner-1024x102.png\" alt=\"\" class=\"wp-image-4026\" srcset=\"https:\/\/dodo-inflatables.com\/wp-content\/uploads\/2022\/01\/seperator-kleiner-1024x102.png 1024w, https:\/\/dodo-inflatables.com\/wp-content\/uploads\/2022\/01\/seperator-kleiner-900x90.png 900w, https:\/\/dodo-inflatables.com\/wp-content\/uploads\/2022\/01\/seperator-kleiner-300x30.png 300w, https:\/\/dodo-inflatables.com\/wp-content\/uploads\/2022\/01\/seperator-kleiner-768x77.png 768w, https:\/\/dodo-inflatables.com\/wp-content\/uploads\/2022\/01\/seperator-kleiner-1536x154.png 1536w, https:\/\/dodo-inflatables.com\/wp-content\/uploads\/2022\/01\/seperator-kleiner-340x34.png 340w, https:\/\/dodo-inflatables.com\/wp-content\/uploads\/2022\/01\/seperator-kleiner.png 2000w\" sizes=\"(max-width: 1024px) 100vw, 1024px\" \/><\/a><\/figure>\n\n<h3 class=\"wp-block-heading has-text-align-center\">Benvenuti su Dodo-Inflatables.com, il nostro negozio online di gonfiabili in Europa!<\/h3>\n\n<p style=\"font-size:17px\">Immergetevi nella nostra vasta selezione di gonfiabili di alta qualit\u00e0, <a href=\"https:\/\/dodo-inflatables.com\/sl\/kategorija-izdelka\/gradovi-bouncy\/\">castelli gonfiabili<\/a> e <a href=\"https:\/\/dodo-inflatables.com\/sl\/kategorija-izdelka\/slides-sl\/\">scivoli<\/a> che aggiungono quel qualcosa in pi\u00f9 a qualsiasi occasione. Che si tratti di un grande castello gonfiabile per un evento aziendale, di un piccolo castello gonfiabile per una festa di compleanno per bambini o di un castello gonfiabile con scivolo per una festa estiva, qui troverete sicuramente qualcosa di adatto!<\/p>\n\n<p style=\"font-size:17px\">Na\u0161 asortiment ne vklju\u010duje le razli\u010dnih vrst greznic, temve\u010d tudi \u0161iroko paleto <a href=\"https:\/\/dodo-inflatables.com\/sl\/kategorija-izdelka\/dodatki\/\">dodatkov<\/a>, med katerimi so <a href=\"https:\/\/dodo-inflatables.com\/sl\/izdelek\/gibbonsov-pihalnik-fp5005-15ps\/\" data-type=\"product\" data-id=\"81\">Gibbons<\/a> e soffiatori <a href=\"https:\/\/dodo-inflatables.com\/sl\/izdelek\/puhalnik-huawei-reh-1-5e-15ps\/\" data-type=\"product\" data-id=\"2724\">Huawei<\/a> za greznice.<\/p>\n\n<p style=\"font-size:17px\">Posredovanje gradu gonfiabile e dei relativi accessori v <strong>Svizzeri stane 464,00 EUR<\/strong>. Se il gonfiabile \u00e8 disponibile in magazzino, vi sar\u00e0 spedito immediatamente dopo il ricevimento del pagamento. La consegna in Svizzera richiede circa <strong>4-6 giorni lavorativi<\/strong>. \u00c8 possibile ritirarlo personalmente presso il nostro magazzino di Monaco, in Germania.<\/p>\n\n<p style=\"font-size:17px\">Vse na\u0161e gonilne naprave so skladne s strogimi normami o varnosti <strong>DIN EN 14960<\/strong> in so primerne za zasebno in komercialno uporabo. Ob enkratnem naro\u010dilu prejmete podrobne napotke in ustrezen certifikat za svoj novi gonfibrilator.<\/p>\n\n<p style=\"font-size:17px\">Za stranke iz dr\u017eav, ki niso \u010dlanice Evropske unije, lahko pri nas kupujete brez IVA. I prezzi indicati nel negozio online includono inizialmente l&#8217;IVA tedesca (19%), che verr\u00e0 poi detratta. \u010ce kupujete v Sviziji, se \u0161tejete za &#8220;uvoznike&#8221;. Pertanto, vi verranno addebitati l&#8217;imposta sulle vendite e il dazio all&#8217;importazione svizzeri. I nostri costi di spedizione per la Svizzera includono il prezzo del trasporto, lo sdoganamento e la preparazione dell&#8217;ABD.<\/p>\n\n<p style=\"font-size:17px\">\u010ce ste zasebnik, ki i\u0161\u010de grad gonfiabili za svoj prvi dru\u017einski praznik, ali komercialno podjetje, ki \u017eeli raz\u0161iriti svojo ponudbo, so na\u0161i gradovi gonfiabili primerni za vse. Infatti, la maggior parte dei nostri clienti in tutta Europa sono so societa di noleggio di castelli gonfiabili che apprezzano i nostri prodotti per eventi di tutte le dimensioni.<\/p>\n\n<p style=\"font-size:17px\">Vi auguriamo una piacevole navigazione nel nostro negozio online e saremo lieti di rispondere a tutte le vostre domande su contact@dodo-inflatables.com!<\/p>\n\n<div style=\"height:100px\" aria-hidden=\"true\" class=\"wp-block-spacer\"><\/div>\n","protected":false},"excerpt":{"rendered":"<p>Pridobite gonfiabili scivoli e castelli gonfiabili na Mad\u017earskem Benvenuti su Dodo-Inflatables.com, il nostro negozio online di gonfiabili in Europa! Immergetevi nella nostra vasta selezione di gonfiabili di alta qualit\u00e0, castelli gonfiabili e scivoli che aggiungono quel qualcosa in pi\u00f9 a qualsiasi occasione. Che si tratti di un grande castello gonfiabile per un evento aziendale, di [&hellip;]<\/p>\n","protected":false},"author":1,"featured_media":0,"parent":0,"menu_order":0,"comment_status":"closed","ping_status":"closed","template":"","meta":{"_acf_changed":false,"_uag_custom_page_level_css":"","site-sidebar-layout":"default","site-content-layout":"","ast-site-content-layout":"normal-width-container","site-content-style":"boxed","site-sidebar-style":"default","ast-global-header-display":"","ast-banner-title-visibility":"","ast-main-header-display":"","ast-hfb-above-header-display":"","ast-hfb-below-header-display":"","ast-hfb-mobile-header-display":"","site-post-title":"","ast-breadcrumbs-content":"","ast-featured-img":"","footer-sml-layout":"","ast-disable-related-posts":"","theme-transparent-header-meta":"","adv-header-id-meta":"4069","stick-header-meta":"","header-above-stick-meta":"","header-main-stick-meta":"","header-below-stick-meta":"","astra-migrate-meta-layouts":"default","ast-page-background-enabled":"default","ast-page-background-meta":{"desktop":{"background-color":"var(--ast-global-color-4)","background-image":"","background-repeat":"repeat","background-position":"center center","background-size":"auto","background-attachment":"scroll","background-type":"","background-media":"","overlay-type":"","overlay-color":"","overlay-opacity":"","overlay-gradient":""},"tablet":{"background-color":"","background-image":"","background-repeat":"repeat","background-position":"center center","background-size":"auto","background-attachment":"scroll","background-type":"","background-media":"","overlay-type":"","overlay-color":"","overlay-opacity":"","overlay-gradient":""},"mobile":{"background-color":"","background-image":"","background-repeat":"repeat","background-position":"center center","background-size":"auto","background-attachment":"scroll","background-type":"","background-media":"","overlay-type":"","overlay-color":"","overlay-opacity":"","overlay-gradient":""}},"ast-content-background-meta":{"desktop":{"background-color":"var(--ast-global-color-5)","background-image":"","background-repeat":"repeat","background-position":"center center","background-size":"auto","background-attachment":"scroll","background-type":"","background-media":"","overlay-type":"","overlay-color":"","overlay-opacity":"","overlay-gradient":""},"tablet":{"background-color":"var(--ast-global-color-5)","background-image":"","background-repeat":"repeat","background-position":"center center","background-size":"auto","background-attachment":"scroll","background-type":"","background-media":"","overlay-type":"","overlay-color":"","overlay-opacity":"","overlay-gradient":""},"mobile":{"background-color":"var(--ast-global-color-5)","background-image":"","background-repeat":"repeat","background-position":"center center","background-size":"auto","background-attachment":"scroll","background-type":"","background-media":"","overlay-type":"","overlay-color":"","overlay-opacity":"","overlay-gradient":""}},"footnotes":""},"class_list":["post-12189","page","type-page","status-publish","hentry"],"acf":[],"yoast_head":"<!-- This site is optimized with the Yoast SEO plugin v27.5 - https:\/\/yoast.com\/product\/yoast-seo-wordpress\/ -->\n<title>Pridobite gonfiabili scivoli e castelli gonfiabili na Mad\u017earskem - dodo-inflatables.com<\/title>\n<meta name=\"robots\" content=\"index, follow, max-snippet:-1, max-image-preview:large, max-video-preview:-1\" \/>\n<link rel=\"canonical\" href=\"https:\/\/dodo-inflatables.com\/sl\/pridobite-gonfiabili-scivoli-e-castelli-gonfiabili-na-madzarskem\/\" \/>\n<meta name=\"twitter:label1\" content=\"Est. reading time\" \/>\n\t<meta name=\"twitter:data1\" content=\"2 minuti\" \/>\n<script type=\"application\/ld+json\" class=\"yoast-schema-graph\">{\"@context\":\"https:\\\/\\\/schema.org\",\"@graph\":[{\"@type\":\"WebPage\",\"@id\":\"https:\\\/\\\/dodo-inflatables.com\\\/sl\\\/pridobite-gonfiabili-scivoli-e-castelli-gonfiabili-na-madzarskem\\\/\",\"url\":\"https:\\\/\\\/dodo-inflatables.com\\\/sl\\\/pridobite-gonfiabili-scivoli-e-castelli-gonfiabili-na-madzarskem\\\/\",\"name\":\"Pridobite gonfiabili scivoli e castelli gonfiabili na Mad\u017earskem - dodo-inflatables.com\",\"isPartOf\":{\"@id\":\"https:\\\/\\\/dodo-inflatables.com\\\/sl\\\/#website\"},\"primaryImageOfPage\":{\"@id\":\"https:\\\/\\\/dodo-inflatables.com\\\/sl\\\/pridobite-gonfiabili-scivoli-e-castelli-gonfiabili-na-madzarskem\\\/#primaryimage\"},\"image\":{\"@id\":\"https:\\\/\\\/dodo-inflatables.com\\\/sl\\\/pridobite-gonfiabili-scivoli-e-castelli-gonfiabili-na-madzarskem\\\/#primaryimage\"},\"thumbnailUrl\":\"https:\\\/\\\/dodo-inflatables.com\\\/wp-content\\\/uploads\\\/2022\\\/01\\\/seperator-kleiner-1024x102.png\",\"datePublished\":\"2024-03-04T16:43:45+00:00\",\"dateModified\":\"2024-07-10T11:53:24+00:00\",\"breadcrumb\":{\"@id\":\"https:\\\/\\\/dodo-inflatables.com\\\/sl\\\/pridobite-gonfiabili-scivoli-e-castelli-gonfiabili-na-madzarskem\\\/#breadcrumb\"},\"inLanguage\":\"sl-SI\",\"potentialAction\":[{\"@type\":\"ReadAction\",\"target\":[\"https:\\\/\\\/dodo-inflatables.com\\\/sl\\\/pridobite-gonfiabili-scivoli-e-castelli-gonfiabili-na-madzarskem\\\/\"]}]},{\"@type\":\"ImageObject\",\"inLanguage\":\"sl-SI\",\"@id\":\"https:\\\/\\\/dodo-inflatables.com\\\/sl\\\/pridobite-gonfiabili-scivoli-e-castelli-gonfiabili-na-madzarskem\\\/#primaryimage\",\"url\":\"https:\\\/\\\/dodo-inflatables.com\\\/wp-content\\\/uploads\\\/2022\\\/01\\\/seperator-kleiner-1024x102.png\",\"contentUrl\":\"https:\\\/\\\/dodo-inflatables.com\\\/wp-content\\\/uploads\\\/2022\\\/01\\\/seperator-kleiner-1024x102.png\"},{\"@type\":\"BreadcrumbList\",\"@id\":\"https:\\\/\\\/dodo-inflatables.com\\\/sl\\\/pridobite-gonfiabili-scivoli-e-castelli-gonfiabili-na-madzarskem\\\/#breadcrumb\",\"itemListElement\":[{\"@type\":\"ListItem\",\"position\":1,\"name\":\"Home\",\"item\":\"https:\\\/\\\/dodo-inflatables.com\\\/sl\\\/\"},{\"@type\":\"ListItem\",\"position\":2,\"name\":\"Pridobite gonfiabili scivoli e castelli gonfiabili na Mad\u017earskem\"}]},{\"@type\":\"WebSite\",\"@id\":\"https:\\\/\\\/dodo-inflatables.com\\\/sl\\\/#website\",\"url\":\"https:\\\/\\\/dodo-inflatables.com\\\/sl\\\/\",\"name\":\"dodo-inflatables.com\",\"description\":\"Kupite napihljive gradove in atrakcije v na\u0161i trgovini.\",\"potentialAction\":[{\"@type\":\"SearchAction\",\"target\":{\"@type\":\"EntryPoint\",\"urlTemplate\":\"https:\\\/\\\/dodo-inflatables.com\\\/sl\\\/?s={search_term_string}\"},\"query-input\":{\"@type\":\"PropertyValueSpecification\",\"valueRequired\":true,\"valueName\":\"search_term_string\"}}],\"inLanguage\":\"sl-SI\"}]}<\/script>\n<!-- \/ Yoast SEO plugin. -->","yoast_head_json":{"title":"Pridobite gonfiabili scivoli e castelli gonfiabili na Mad\u017earskem - dodo-inflatables.com","robots":{"index":"index","follow":"follow","max-snippet":"max-snippet:-1","max-image-preview":"max-image-preview:large","max-video-preview":"max-video-preview:-1"},"canonical":"https:\/\/dodo-inflatables.com\/sl\/pridobite-gonfiabili-scivoli-e-castelli-gonfiabili-na-madzarskem\/","twitter_misc":{"Est. reading time":"2 minuti"},"schema":{"@context":"https:\/\/schema.org","@graph":[{"@type":"WebPage","@id":"https:\/\/dodo-inflatables.com\/sl\/pridobite-gonfiabili-scivoli-e-castelli-gonfiabili-na-madzarskem\/","url":"https:\/\/dodo-inflatables.com\/sl\/pridobite-gonfiabili-scivoli-e-castelli-gonfiabili-na-madzarskem\/","name":"Pridobite gonfiabili scivoli e castelli gonfiabili na Mad\u017earskem - dodo-inflatables.com","isPartOf":{"@id":"https:\/\/dodo-inflatables.com\/sl\/#website"},"primaryImageOfPage":{"@id":"https:\/\/dodo-inflatables.com\/sl\/pridobite-gonfiabili-scivoli-e-castelli-gonfiabili-na-madzarskem\/#primaryimage"},"image":{"@id":"https:\/\/dodo-inflatables.com\/sl\/pridobite-gonfiabili-scivoli-e-castelli-gonfiabili-na-madzarskem\/#primaryimage"},"thumbnailUrl":"https:\/\/dodo-inflatables.com\/wp-content\/uploads\/2022\/01\/seperator-kleiner-1024x102.png","datePublished":"2024-03-04T16:43:45+00:00","dateModified":"2024-07-10T11:53:24+00:00","breadcrumb":{"@id":"https:\/\/dodo-inflatables.com\/sl\/pridobite-gonfiabili-scivoli-e-castelli-gonfiabili-na-madzarskem\/#breadcrumb"},"inLanguage":"sl-SI","potentialAction":[{"@type":"ReadAction","target":["https:\/\/dodo-inflatables.com\/sl\/pridobite-gonfiabili-scivoli-e-castelli-gonfiabili-na-madzarskem\/"]}]},{"@type":"ImageObject","inLanguage":"sl-SI","@id":"https:\/\/dodo-inflatables.com\/sl\/pridobite-gonfiabili-scivoli-e-castelli-gonfiabili-na-madzarskem\/#primaryimage","url":"https:\/\/dodo-inflatables.com\/wp-content\/uploads\/2022\/01\/seperator-kleiner-1024x102.png","contentUrl":"https:\/\/dodo-inflatables.com\/wp-content\/uploads\/2022\/01\/seperator-kleiner-1024x102.png"},{"@type":"BreadcrumbList","@id":"https:\/\/dodo-inflatables.com\/sl\/pridobite-gonfiabili-scivoli-e-castelli-gonfiabili-na-madzarskem\/#breadcrumb","itemListElement":[{"@type":"ListItem","position":1,"name":"Home","item":"https:\/\/dodo-inflatables.com\/sl\/"},{"@type":"ListItem","position":2,"name":"Pridobite gonfiabili scivoli e castelli gonfiabili na Mad\u017earskem"}]},{"@type":"WebSite","@id":"https:\/\/dodo-inflatables.com\/sl\/#website","url":"https:\/\/dodo-inflatables.com\/sl\/","name":"dodo-inflatables.com","description":"Kupite napihljive gradove in atrakcije v na\u0161i trgovini.","potentialAction":[{"@type":"SearchAction","target":{"@type":"EntryPoint","urlTemplate":"https:\/\/dodo-inflatables.com\/sl\/?s={search_term_string}"},"query-input":{"@type":"PropertyValueSpecification","valueRequired":true,"valueName":"search_term_string"}}],"inLanguage":"sl-SI"}]}},"uagb_featured_image_src":{"full":false,"thumbnail":false,"medium":false,"medium_large":false,"large":false,"1536x1536":false,"2048x2048":false,"woocommerce_thumbnail":false,"woocommerce_single":false,"woocommerce_gallery_thumbnail":false},"uagb_author_info":{"display_name":"Andreas","author_link":"https:\/\/dodo-inflatables.com\/sl\/author\/andreas\/"},"uagb_comment_info":0,"uagb_excerpt":"Pridobite gonfiabili scivoli e castelli gonfiabili na Mad\u017earskem Benvenuti su Dodo-Inflatables.com, il nostro negozio online di gonfiabili in Europa! Immergetevi nella nostra vasta selezione di gonfiabili di alta qualit\u00e0, castelli gonfiabili e scivoli che aggiungono quel qualcosa in pi\u00f9 a qualsiasi occasione. Che si tratti di un grande castello gonfiabile per un evento aziendale, di&hellip;","_links":{"self":[{"href":"https:\/\/dodo-inflatables.com\/sl\/wp-json\/wp\/v2\/pages\/12189","targetHints":{"allow":["GET"]}}],"collection":[{"href":"https:\/\/dodo-inflatables.com\/sl\/wp-json\/wp\/v2\/pages"}],"about":[{"href":"https:\/\/dodo-inflatables.com\/sl\/wp-json\/wp\/v2\/types\/page"}],"author":[{"embeddable":true,"href":"https:\/\/dodo-inflatables.com\/sl\/wp-json\/wp\/v2\/users\/1"}],"replies":[{"embeddable":true,"href":"https:\/\/dodo-inflatables.com\/sl\/wp-json\/wp\/v2\/comments?post=12189"}],"version-history":[{"count":4,"href":"https:\/\/dodo-inflatables.com\/sl\/wp-json\/wp\/v2\/pages\/12189\/revisions"}],"predecessor-version":[{"id":16371,"href":"https:\/\/dodo-inflatables.com\/sl\/wp-json\/wp\/v2\/pages\/12189\/revisions\/16371"}],"wp:attachment":[{"href":"https:\/\/dodo-inflatables.com\/sl\/wp-json\/wp\/v2\/media?parent=12189"}],"curies":[{"name":"wp","href":"https:\/\/api.w.org\/{rel}","templated":true}]}}