{"id":12402,"date":"2020-03-27T11:12:43","date_gmt":"2020-03-27T10:12:43","guid":{"rendered":"https:\/\/dodo-inflatables.com\/dostava-v-drzave-eu\/"},"modified":"2024-08-19T14:54:17","modified_gmt":"2024-08-19T12:54:17","slug":"dostava-v-drzave-eu","status":"publish","type":"page","link":"https:\/\/dodo-inflatables.com\/sl\/dostava-v-drzave-eu\/","title":{"rendered":"Dostava v dr\u017eave EU"},"content":{"rendered":"\n<h2 class=\"wp-block-heading has-text-align-center\" id=\"versandarten\"><strong>Stro\u0161ki po\u0161iljanja in informacije o mednarodnem po\u0161iljanju<\/strong><\/h2>\n\n<p class=\"has-text-align-center\"><strong>Napihljivi gradovi, tobogani<\/strong> in <strong>moduli za prireditve<\/strong> so pakirani na paletah in jih odpo\u0161lje prevozno podjetje.<\/p>\n\n<p class=\"has-text-align-center\">Po <strong>prejemu pla\u010dila<\/strong> bo va\u0161e blago poslano \u0161e isti ali naslednji delovni dan. Dostava v EU je obi\u010dajno v 4 do 6 delovnih dneh.<\/p>\n\n<p class=\"has-text-align-center\"><strong>Dodatke,<\/strong> kot so puhala, po\u0161ljemo po po\u0161ti <strong>DPD<\/strong> ali <strong>UPS<\/strong>.<\/p>\n\n<p>Na\u0161e skladi\u0161\u010de se nahaja v <strong>M\u00fcnchnu v Nem\u010diji<\/strong>. Po pla\u010dilu in dogovoru za termin lahko navija\u0161ki grad prevzamete tudi sami.<\/p>\n\n<figure class=\"wp-block-image size-large\"><a href=\"https:\/\/dodo-inflatables.com\/wp-content\/uploads\/2022\/01\/seperator-kleiner.png\"><img loading=\"lazy\" decoding=\"async\" width=\"1024\" height=\"102\" src=\"https:\/\/dodo-inflatables.com\/wp-content\/uploads\/2022\/01\/seperator-kleiner-1024x102.png\" alt=\"\" class=\"wp-image-4026\" srcset=\"https:\/\/dodo-inflatables.com\/wp-content\/uploads\/2022\/01\/seperator-kleiner-1024x102.png 1024w, https:\/\/dodo-inflatables.com\/wp-content\/uploads\/2022\/01\/seperator-kleiner-900x90.png 900w, https:\/\/dodo-inflatables.com\/wp-content\/uploads\/2022\/01\/seperator-kleiner-300x30.png 300w, https:\/\/dodo-inflatables.com\/wp-content\/uploads\/2022\/01\/seperator-kleiner-768x77.png 768w, https:\/\/dodo-inflatables.com\/wp-content\/uploads\/2022\/01\/seperator-kleiner-1536x154.png 1536w, https:\/\/dodo-inflatables.com\/wp-content\/uploads\/2022\/01\/seperator-kleiner-340x34.png 340w, https:\/\/dodo-inflatables.com\/wp-content\/uploads\/2022\/01\/seperator-kleiner.png 2000w\" sizes=\"auto, (max-width: 1024px) 100vw, 1024px\" \/><\/a><\/figure>\n\n<h3 class=\"wp-block-heading has-text-align-center\"><strong>Dostava v dr\u017eave EU in \u0160vico + Velika Britanija<\/strong><\/h3>\n\n<p class=\"has-text-align-center\">Dostava je mogo\u010da v vse evropske dr\u017eave ter \u0160vico in Veliko Britanijo. Stro\u0161ke po\u0161iljanja najdete v spodnji tabeli.<\/p>\n\n<p class=\"has-text-align-center\">Kot fizi\u010dna <strong>oseba<\/strong> boste morali pla\u010dati nem\u0161ki DDV. Naro\u010dilo lahko oddate kot obi\u010dajno v spletni trgovini.<\/p>\n\n<p class=\"has-text-align-center\">Za <strong>poslovne stranke<\/strong> iz EU: Ali naro\u010date kot podjetje in imate veljavno \u0161tevilko za DDV? Nato vam lahko blago prodamo brez davka. V blagajni vnesite svojo \u0161tevilko DDV.<\/p>\n\n<figure class=\"wp-block-table\"><table><tbody><tr><td><\/td><td class=\"has-text-align-center\" data-align=\"center\"><strong><em>Napihljivi grad (nosilec)<\/em><\/strong><\/td><td class=\"has-text-align-center\" data-align=\"center\"><strong><em>Dodatna oprema (paket)<\/em><\/strong><\/td><\/tr><tr><td><strong>Nem\u010dija<\/strong><\/td><td class=\"has-text-align-center\" data-align=\"center\">128,95 \u20ac<\/td><td class=\"has-text-align-center\" data-align=\"center\">9,95 \u20ac<\/td><\/tr><tr><td><strong>\u0160panija (brez otokov)<\/strong><\/td><td class=\"has-text-align-center\" data-align=\"center\">299,00 \u20ac<\/td><td class=\"has-text-align-center\" data-align=\"center\">28,00 \u20ac<\/td><\/tr><tr><td><strong>Italija, Francija, Avstrija<\/strong><\/td><td class=\"has-text-align-center\" data-align=\"center\">167,99 \u20ac<\/td><td class=\"has-text-align-center\" data-align=\"center\">18,99 \u20ac<\/td><\/tr><tr><td><strong>Luksemburg, Lihten\u0161tajn<\/strong><\/td><td class=\"has-text-align-center\" data-align=\"center\">198,00 \u20ac<\/td><td class=\"has-text-align-center\" data-align=\"center\">19,00 \u20ac<\/td><\/tr><tr><td><strong>Poljska, \u010ce\u0161ka, Danska<\/strong><\/td><td class=\"has-text-align-center\" data-align=\"center\">169,00 \u20ac<\/td><td class=\"has-text-align-center\" data-align=\"center\">30,00 \u20ac<\/td><\/tr><tr><td><strong>Romunija<\/strong><\/td><td class=\"has-text-align-center\" data-align=\"center\">437,00 \u20ac<\/td><td class=\"has-text-align-center\" data-align=\"center\">38,00 \u20ac<\/td><\/tr><tr><td><strong>Finska<\/strong><\/td><td class=\"has-text-align-center\" data-align=\"center\">307,00 \u20ac<\/td><td class=\"has-text-align-center\" data-align=\"center\">28,00 \u20ac<\/td><\/tr><tr><td><strong>Nizozemska, Belgija<\/strong><\/td><td class=\"has-text-align-center\" data-align=\"center\">148,00 \u20ac<\/td><td class=\"has-text-align-center\" data-align=\"center\">19,00 \u20ac<\/td><\/tr><tr><td><strong>Slova\u0161ka, Slovenija<\/strong><\/td><td class=\"has-text-align-center\" data-align=\"center\">184,00 \u20ac<\/td><td class=\"has-text-align-center\" data-align=\"center\">35,00 \u20ac<\/td><\/tr><tr><td><strong>Latvija, Hrva\u0161ka, Mad\u017earska, \u0160vedska, Portugalska<\/strong><\/td><td class=\"has-text-align-center\" data-align=\"center\">239,00 \u20ac<\/td><td class=\"has-text-align-center\" data-align=\"center\">39,00 \u20ac<\/td><\/tr><tr><td><strong>Estonija, Norve\u0161ka<\/strong><\/td><td class=\"has-text-align-center\" data-align=\"center\">349,00 \u20ac<\/td><td class=\"has-text-align-center\" data-align=\"center\">49,00 \u20ac<\/td><\/tr><tr><td><strong>Gr\u010dija, Albanija, Bosna, Litva, Bolgarija<\/strong><\/td><td class=\"has-text-align-center\" data-align=\"center\">287,00 \u20ac<\/td><td class=\"has-text-align-center\" data-align=\"center\">38,00 \u20ac<\/td><\/tr><tr><td><strong>\u010crna gora<\/strong><\/td><td class=\"has-text-align-center\" data-align=\"center\">249,00 \u20ac<\/td><td class=\"has-text-align-center\" data-align=\"center\">38,00 \u20ac<\/td><\/tr><tr><td><strong>Irska<\/strong><\/td><td class=\"has-text-align-center\" data-align=\"center\">329,00 \u20ac<\/td><td class=\"has-text-align-center\" data-align=\"center\">29,00 \u20ac<\/td><\/tr><tr><td><strong>Srbija<\/strong><\/td><td class=\"has-text-align-center\" data-align=\"center\">335,00 \u20ac<\/td><td class=\"has-text-align-center\" data-align=\"center\">85,00 \u20ac<\/td><\/tr><tr><td><strong>Zdru\u017eeno kraljestvo<\/strong><\/td><td class=\"has-text-align-center\" data-align=\"center\">279,00 \u20ac<\/td><td class=\"has-text-align-center\" data-align=\"center\">&#8211;<\/td><\/tr><tr><td><strong>\u0160vica<\/strong><\/td><td class=\"has-text-align-center\" data-align=\"center\">464,00 \u20ac<\/td><td class=\"has-text-align-center\" data-align=\"center\">&#8211;<\/td><\/tr><\/tbody><\/table><\/figure>\n\n<figure class=\"wp-block-image size-large\"><a href=\"https:\/\/dodo-inflatables.com\/wp-content\/uploads\/2022\/01\/seperator-kleiner.png\"><img loading=\"lazy\" decoding=\"async\" width=\"1024\" height=\"102\" src=\"https:\/\/dodo-inflatables.com\/wp-content\/uploads\/2022\/01\/seperator-kleiner-1024x102.png\" alt=\"\" class=\"wp-image-4026\" srcset=\"https:\/\/dodo-inflatables.com\/wp-content\/uploads\/2022\/01\/seperator-kleiner-1024x102.png 1024w, https:\/\/dodo-inflatables.com\/wp-content\/uploads\/2022\/01\/seperator-kleiner-900x90.png 900w, https:\/\/dodo-inflatables.com\/wp-content\/uploads\/2022\/01\/seperator-kleiner-300x30.png 300w, https:\/\/dodo-inflatables.com\/wp-content\/uploads\/2022\/01\/seperator-kleiner-768x77.png 768w, https:\/\/dodo-inflatables.com\/wp-content\/uploads\/2022\/01\/seperator-kleiner-1536x154.png 1536w, https:\/\/dodo-inflatables.com\/wp-content\/uploads\/2022\/01\/seperator-kleiner-340x34.png 340w, https:\/\/dodo-inflatables.com\/wp-content\/uploads\/2022\/01\/seperator-kleiner.png 2000w\" sizes=\"auto, (max-width: 1024px) 100vw, 1024px\" \/><\/a><\/figure>\n\n<h4 class=\"wp-block-heading has-text-align-center\"><strong><strong>Za na\u0161e \u0161vicarske in angle\u0161ke stranke:<\/strong><\/strong><\/h4>\n\n<p class=\"has-text-align-center\">Kupci iz dr\u017eav, ki niso \u010dlanice EU, lahko pri nas nakupujete brez DDV. Cene v spletni trgovini na za\u010detku vklju\u010dujejo nem\u0161ki DDV (19 %), ki se od\u0161teje takoj, ko v ko\u0161arici vpi\u0161ete naslov dostave (\u0160vica + Velika Britanija).<\/p>\n\n<p class=\"has-text-align-center\">Pri po\u0161iljanju v \u0160vico in Zdru\u017eeno kraljestvo se \u0161tejete za &#8220;uvoznika&#8221;. Zato boste morali pla\u010dati uvozni prometni davek in stro\u0161ke uvoznih dajatev.<br\/>Na\u0161i stro\u0161ki po\u0161iljanja za \u0160vico in Zdru\u017eeno kraljestvo vklju\u010dujejo ceno prevoza, carinjenje in pripravo dokumenta ABD.<\/p>\n","protected":false},"excerpt":{"rendered":"<p>Stro\u0161ki po\u0161iljanja in informacije o mednarodnem po\u0161iljanju Napihljivi gradovi, tobogani in moduli za prireditve so pakirani na paletah in jih odpo\u0161lje prevozno podjetje. Po prejemu pla\u010dila bo va\u0161e blago poslano \u0161e isti ali naslednji delovni dan. Dostava v EU je obi\u010dajno v 4 do 6 delovnih dneh. Dodatke, kot so puhala, po\u0161ljemo po po\u0161ti DPD [&hellip;]<\/p>\n","protected":false},"author":1,"featured_media":0,"parent":0,"menu_order":0,"comment_status":"closed","ping_status":"closed","template":"","meta":{"_acf_changed":false,"_uag_custom_page_level_css":"","site-sidebar-layout":"default","site-content-layout":"content-boxed-container","ast-site-content-layout":"normal-width-container","site-content-style":"boxed","site-sidebar-style":"unboxed","ast-global-header-display":"","ast-banner-title-visibility":"","ast-main-header-display":"","ast-hfb-above-header-display":"","ast-hfb-below-header-display":"","ast-hfb-mobile-header-display":"","site-post-title":"disabled","ast-breadcrumbs-content":"disabled","ast-featured-img":"disabled","footer-sml-layout":"","ast-disable-related-posts":"","theme-transparent-header-meta":"","adv-header-id-meta":"7189","stick-header-meta":"","header-above-stick-meta":"","header-main-stick-meta":"","header-below-stick-meta":"","astra-migrate-meta-layouts":"default","ast-page-background-enabled":"default","ast-page-background-meta":{"desktop":{"background-color":"var(--ast-global-color-4)","background-image":"","background-repeat":"repeat","background-position":"center center","background-size":"auto","background-attachment":"scroll","background-type":"","background-media":"","overlay-type":"","overlay-color":"","overlay-opacity":"","overlay-gradient":""},"tablet":{"background-color":"","background-image":"","background-repeat":"repeat","background-position":"center center","background-size":"auto","background-attachment":"scroll","background-type":"","background-media":"","overlay-type":"","overlay-color":"","overlay-opacity":"","overlay-gradient":""},"mobile":{"background-color":"","background-image":"","background-repeat":"repeat","background-position":"center center","background-size":"auto","background-attachment":"scroll","background-type":"","background-media":"","overlay-type":"","overlay-color":"","overlay-opacity":"","overlay-gradient":""}},"ast-content-background-meta":{"desktop":{"background-color":"var(--ast-global-color-5)","background-image":"","background-repeat":"repeat","background-position":"center center","background-size":"auto","background-attachment":"scroll","background-type":"","background-media":"","overlay-type":"","overlay-color":"","overlay-opacity":"","overlay-gradient":""},"tablet":{"background-color":"var(--ast-global-color-5)","background-image":"","background-repeat":"repeat","background-position":"center center","background-size":"auto","background-attachment":"scroll","background-type":"","background-media":"","overlay-type":"","overlay-color":"","overlay-opacity":"","overlay-gradient":""},"mobile":{"background-color":"var(--ast-global-color-5)","background-image":"","background-repeat":"repeat","background-position":"center center","background-size":"auto","background-attachment":"scroll","background-type":"","background-media":"","overlay-type":"","overlay-color":"","overlay-opacity":"","overlay-gradient":""}},"footnotes":""},"class_list":["post-12402","page","type-page","status-publish","hentry"],"acf":[],"yoast_head":"<!-- This site is optimized with the Yoast SEO plugin v27.3 - https:\/\/yoast.com\/product\/yoast-seo-wordpress\/ -->\n<title>Hitra in varna dostava navija\u0161kih gradov po vsej Evropi | Dodo Inflatables<\/title>\n<meta name=\"description\" content=\"Razi\u0161\u010dite na\u0161e skalne gradove s certifikatom DIN EN 14960. U\u017eivajte v hitri in varni dostavi v dr\u017eave EU ter na\u0161i veliki izbiri na zalogi.\" \/>\n<meta name=\"robots\" content=\"index, follow, max-snippet:-1, max-image-preview:large, max-video-preview:-1\" \/>\n<link rel=\"canonical\" href=\"https:\/\/dodo-inflatables.com\/sl\/dostava-v-drzave-eu\/\" \/>\n<meta name=\"twitter:label1\" content=\"Est. reading time\" \/>\n\t<meta name=\"twitter:data1\" content=\"2 minuti\" \/>\n<script type=\"application\/ld+json\" class=\"yoast-schema-graph\">{\"@context\":\"https:\\\/\\\/schema.org\",\"@graph\":[{\"@type\":\"WebPage\",\"@id\":\"https:\\\/\\\/dodo-inflatables.com\\\/sl\\\/dostava-v-drzave-eu\\\/\",\"url\":\"https:\\\/\\\/dodo-inflatables.com\\\/sl\\\/dostava-v-drzave-eu\\\/\",\"name\":\"Hitra in varna dostava navija\u0161kih gradov po vsej Evropi | Dodo Inflatables\",\"isPartOf\":{\"@id\":\"https:\\\/\\\/dodo-inflatables.com\\\/sl\\\/#website\"},\"primaryImageOfPage\":{\"@id\":\"https:\\\/\\\/dodo-inflatables.com\\\/sl\\\/dostava-v-drzave-eu\\\/#primaryimage\"},\"image\":{\"@id\":\"https:\\\/\\\/dodo-inflatables.com\\\/sl\\\/dostava-v-drzave-eu\\\/#primaryimage\"},\"thumbnailUrl\":\"https:\\\/\\\/dodo-inflatables.com\\\/wp-content\\\/uploads\\\/2022\\\/01\\\/seperator-kleiner-1024x102.png\",\"datePublished\":\"2020-03-27T10:12:43+00:00\",\"dateModified\":\"2024-08-19T12:54:17+00:00\",\"description\":\"Razi\u0161\u010dite na\u0161e skalne gradove s certifikatom DIN EN 14960. U\u017eivajte v hitri in varni dostavi v dr\u017eave EU ter na\u0161i veliki izbiri na zalogi.\",\"breadcrumb\":{\"@id\":\"https:\\\/\\\/dodo-inflatables.com\\\/sl\\\/dostava-v-drzave-eu\\\/#breadcrumb\"},\"inLanguage\":\"sl-SI\",\"potentialAction\":[{\"@type\":\"ReadAction\",\"target\":[\"https:\\\/\\\/dodo-inflatables.com\\\/sl\\\/dostava-v-drzave-eu\\\/\"]}]},{\"@type\":\"ImageObject\",\"inLanguage\":\"sl-SI\",\"@id\":\"https:\\\/\\\/dodo-inflatables.com\\\/sl\\\/dostava-v-drzave-eu\\\/#primaryimage\",\"url\":\"https:\\\/\\\/dodo-inflatables.com\\\/wp-content\\\/uploads\\\/2022\\\/01\\\/seperator-kleiner-1024x102.png\",\"contentUrl\":\"https:\\\/\\\/dodo-inflatables.com\\\/wp-content\\\/uploads\\\/2022\\\/01\\\/seperator-kleiner-1024x102.png\"},{\"@type\":\"BreadcrumbList\",\"@id\":\"https:\\\/\\\/dodo-inflatables.com\\\/sl\\\/dostava-v-drzave-eu\\\/#breadcrumb\",\"itemListElement\":[{\"@type\":\"ListItem\",\"position\":1,\"name\":\"Home\",\"item\":\"https:\\\/\\\/dodo-inflatables.com\\\/sl\\\/\"},{\"@type\":\"ListItem\",\"position\":2,\"name\":\"Dostava v dr\u017eave EU\"}]},{\"@type\":\"WebSite\",\"@id\":\"https:\\\/\\\/dodo-inflatables.com\\\/sl\\\/#website\",\"url\":\"https:\\\/\\\/dodo-inflatables.com\\\/sl\\\/\",\"name\":\"dodo-inflatables.com\",\"description\":\"Kupite napihljive gradove in atrakcije v na\u0161i trgovini.\",\"publisher\":{\"@id\":\"https:\\\/\\\/dodo-inflatables.com\\\/sl\\\/#organization\"},\"potentialAction\":[{\"@type\":\"SearchAction\",\"target\":{\"@type\":\"EntryPoint\",\"urlTemplate\":\"https:\\\/\\\/dodo-inflatables.com\\\/sl\\\/?s={search_term_string}\"},\"query-input\":{\"@type\":\"PropertyValueSpecification\",\"valueRequired\":true,\"valueName\":\"search_term_string\"}}],\"inLanguage\":\"sl-SI\"},{\"@type\":\"Organization\",\"@id\":\"https:\\\/\\\/dodo-inflatables.com\\\/sl\\\/#organization\",\"name\":\"dodo-inflatables.com\",\"url\":\"https:\\\/\\\/dodo-inflatables.com\\\/sl\\\/\",\"logo\":{\"@type\":\"ImageObject\",\"inLanguage\":\"sl-SI\",\"@id\":\"https:\\\/\\\/dodo-inflatables.com\\\/sl\\\/#\\\/schema\\\/logo\\\/image\\\/\",\"url\":\"https:\\\/\\\/dodo-inflatables.com\\\/wp-content\\\/uploads\\\/2023\\\/04\\\/cropped-cropped-cropped-Dodo-Logo.png\",\"contentUrl\":\"https:\\\/\\\/dodo-inflatables.com\\\/wp-content\\\/uploads\\\/2023\\\/04\\\/cropped-cropped-cropped-Dodo-Logo.png\",\"width\":2996,\"height\":1545,\"caption\":\"dodo-inflatables.com\"},\"image\":{\"@id\":\"https:\\\/\\\/dodo-inflatables.com\\\/sl\\\/#\\\/schema\\\/logo\\\/image\\\/\"}}]}<\/script>\n<!-- \/ Yoast SEO plugin. -->","yoast_head_json":{"title":"Hitra in varna dostava navija\u0161kih gradov po vsej Evropi | Dodo Inflatables","description":"Razi\u0161\u010dite na\u0161e skalne gradove s certifikatom DIN EN 14960. U\u017eivajte v hitri in varni dostavi v dr\u017eave EU ter na\u0161i veliki izbiri na zalogi.","robots":{"index":"index","follow":"follow","max-snippet":"max-snippet:-1","max-image-preview":"max-image-preview:large","max-video-preview":"max-video-preview:-1"},"canonical":"https:\/\/dodo-inflatables.com\/sl\/dostava-v-drzave-eu\/","twitter_misc":{"Est. reading time":"2 minuti"},"schema":{"@context":"https:\/\/schema.org","@graph":[{"@type":"WebPage","@id":"https:\/\/dodo-inflatables.com\/sl\/dostava-v-drzave-eu\/","url":"https:\/\/dodo-inflatables.com\/sl\/dostava-v-drzave-eu\/","name":"Hitra in varna dostava navija\u0161kih gradov po vsej Evropi | Dodo Inflatables","isPartOf":{"@id":"https:\/\/dodo-inflatables.com\/sl\/#website"},"primaryImageOfPage":{"@id":"https:\/\/dodo-inflatables.com\/sl\/dostava-v-drzave-eu\/#primaryimage"},"image":{"@id":"https:\/\/dodo-inflatables.com\/sl\/dostava-v-drzave-eu\/#primaryimage"},"thumbnailUrl":"https:\/\/dodo-inflatables.com\/wp-content\/uploads\/2022\/01\/seperator-kleiner-1024x102.png","datePublished":"2020-03-27T10:12:43+00:00","dateModified":"2024-08-19T12:54:17+00:00","description":"Razi\u0161\u010dite na\u0161e skalne gradove s certifikatom DIN EN 14960. U\u017eivajte v hitri in varni dostavi v dr\u017eave EU ter na\u0161i veliki izbiri na zalogi.","breadcrumb":{"@id":"https:\/\/dodo-inflatables.com\/sl\/dostava-v-drzave-eu\/#breadcrumb"},"inLanguage":"sl-SI","potentialAction":[{"@type":"ReadAction","target":["https:\/\/dodo-inflatables.com\/sl\/dostava-v-drzave-eu\/"]}]},{"@type":"ImageObject","inLanguage":"sl-SI","@id":"https:\/\/dodo-inflatables.com\/sl\/dostava-v-drzave-eu\/#primaryimage","url":"https:\/\/dodo-inflatables.com\/wp-content\/uploads\/2022\/01\/seperator-kleiner-1024x102.png","contentUrl":"https:\/\/dodo-inflatables.com\/wp-content\/uploads\/2022\/01\/seperator-kleiner-1024x102.png"},{"@type":"BreadcrumbList","@id":"https:\/\/dodo-inflatables.com\/sl\/dostava-v-drzave-eu\/#breadcrumb","itemListElement":[{"@type":"ListItem","position":1,"name":"Home","item":"https:\/\/dodo-inflatables.com\/sl\/"},{"@type":"ListItem","position":2,"name":"Dostava v dr\u017eave EU"}]},{"@type":"WebSite","@id":"https:\/\/dodo-inflatables.com\/sl\/#website","url":"https:\/\/dodo-inflatables.com\/sl\/","name":"dodo-inflatables.com","description":"Kupite napihljive gradove in atrakcije v na\u0161i trgovini.","publisher":{"@id":"https:\/\/dodo-inflatables.com\/sl\/#organization"},"potentialAction":[{"@type":"SearchAction","target":{"@type":"EntryPoint","urlTemplate":"https:\/\/dodo-inflatables.com\/sl\/?s={search_term_string}"},"query-input":{"@type":"PropertyValueSpecification","valueRequired":true,"valueName":"search_term_string"}}],"inLanguage":"sl-SI"},{"@type":"Organization","@id":"https:\/\/dodo-inflatables.com\/sl\/#organization","name":"dodo-inflatables.com","url":"https:\/\/dodo-inflatables.com\/sl\/","logo":{"@type":"ImageObject","inLanguage":"sl-SI","@id":"https:\/\/dodo-inflatables.com\/sl\/#\/schema\/logo\/image\/","url":"https:\/\/dodo-inflatables.com\/wp-content\/uploads\/2023\/04\/cropped-cropped-cropped-Dodo-Logo.png","contentUrl":"https:\/\/dodo-inflatables.com\/wp-content\/uploads\/2023\/04\/cropped-cropped-cropped-Dodo-Logo.png","width":2996,"height":1545,"caption":"dodo-inflatables.com"},"image":{"@id":"https:\/\/dodo-inflatables.com\/sl\/#\/schema\/logo\/image\/"}}]}},"uagb_featured_image_src":{"full":false,"thumbnail":false,"medium":false,"medium_large":false,"large":false,"1536x1536":false,"2048x2048":false,"woocommerce_thumbnail":false,"woocommerce_single":false,"woocommerce_gallery_thumbnail":false},"uagb_author_info":{"display_name":"Andreas","author_link":"https:\/\/dodo-inflatables.com\/sl\/author\/andreas\/"},"uagb_comment_info":0,"uagb_excerpt":"Stro\u0161ki po\u0161iljanja in informacije o mednarodnem po\u0161iljanju Napihljivi gradovi, tobogani in moduli za prireditve so pakirani na paletah in jih odpo\u0161lje prevozno podjetje. Po prejemu pla\u010dila bo va\u0161e blago poslano \u0161e isti ali naslednji delovni dan. Dostava v EU je obi\u010dajno v 4 do 6 delovnih dneh. Dodatke, kot so puhala, po\u0161ljemo po po\u0161ti DPD&hellip;","_links":{"self":[{"href":"https:\/\/dodo-inflatables.com\/sl\/wp-json\/wp\/v2\/pages\/12402","targetHints":{"allow":["GET"]}}],"collection":[{"href":"https:\/\/dodo-inflatables.com\/sl\/wp-json\/wp\/v2\/pages"}],"about":[{"href":"https:\/\/dodo-inflatables.com\/sl\/wp-json\/wp\/v2\/types\/page"}],"author":[{"embeddable":true,"href":"https:\/\/dodo-inflatables.com\/sl\/wp-json\/wp\/v2\/users\/1"}],"replies":[{"embeddable":true,"href":"https:\/\/dodo-inflatables.com\/sl\/wp-json\/wp\/v2\/comments?post=12402"}],"version-history":[{"count":3,"href":"https:\/\/dodo-inflatables.com\/sl\/wp-json\/wp\/v2\/pages\/12402\/revisions"}],"predecessor-version":[{"id":38939,"href":"https:\/\/dodo-inflatables.com\/sl\/wp-json\/wp\/v2\/pages\/12402\/revisions\/38939"}],"wp:attachment":[{"href":"https:\/\/dodo-inflatables.com\/sl\/wp-json\/wp\/v2\/media?parent=12402"}],"curies":[{"name":"wp","href":"https:\/\/api.w.org\/{rel}","templated":true}]}}