{"id":12522,"date":"2017-01-06T19:43:59","date_gmt":"2017-01-06T18:43:59","guid":{"rendered":"https:\/\/dodo-inflatables.com\/moznosti-placila\/"},"modified":"2024-08-19T14:52:39","modified_gmt":"2024-08-19T12:52:39","slug":"moznosti-placila","status":"publish","type":"page","link":"https:\/\/dodo-inflatables.com\/sl\/moznosti-placila\/","title":{"rendered":"Mo\u017enosti pla\u010dila"},"content":{"rendered":"\n<h2 class=\"wp-block-heading has-text-align-center\" style=\"font-size:31px\"><strong>Mo\u017enosti pla\u010dila<\/strong><\/h2>\n\n<p class=\"has-text-align-center\">Ponujamo razli\u010dne mo\u017enosti pla\u010dila, ki vam omogo\u010dajo nemoten in varen nakup.<br\/>\u010ce imate vpra\u0161anja o na\u0161ih na\u010dinih pla\u010dila, se obrnite na nas.<\/p>\n\n<div style=\"height:55px\" aria-hidden=\"true\" class=\"wp-block-spacer\"><\/div>\n\n<div class=\"wp-block-columns is-layout-flex wp-container-core-columns-is-layout-e0e4babd wp-block-columns-is-layout-flex\" style=\"padding-right:0;padding-left:0\">\n<div class=\"wp-block-column is-vertically-aligned-center is-layout-flow wp-block-column-is-layout-flow\" style=\"flex-basis:15%\">\n<figure class=\"wp-block-image alignwide size-full\"><a href=\"https:\/\/dodo-inflatables.com\/wp-content\/uploads\/2024\/03\/2.png\"><img decoding=\"async\" src=\"https:\/\/dodo-inflatables.com\/wp-content\/uploads\/2024\/03\/2.png\" alt=\"\" class=\"wp-image-7141\"\/><\/a><\/figure>\n<\/div>\n\n\n\n<div class=\"wp-block-column is-layout-flow wp-block-column-is-layout-flow\" style=\"flex-basis:85%\">\n<p><strong>Ban\u010dno nakazilo<\/strong><br\/>Naka\u017eite neposredno na na\u0161 ban\u010dni ra\u010dun. Kot razlog za pla\u010dilo navedite \u0161tevilko naro\u010dila. Va\u0161e naro\u010dilo bo poslano \u0161ele, ko bomo prejeli denar na na\u0161 ra\u010dun. \u010ce potrebujete naro\u010dilo hitro, nam preprosto po\u0161ljite dokazilo o pla\u010dilu nakazila po e-po\u0161ti, da bomo lahko pospe\u0161ili celoten postopek.<\/p>\n<\/div>\n<\/div>\n\n<div style=\"height:40px\" aria-hidden=\"true\" class=\"wp-block-spacer\"><\/div>\n\n<div class=\"wp-block-columns is-layout-flex wp-container-core-columns-is-layout-28f84493 wp-block-columns-is-layout-flex\">\n<div class=\"wp-block-column is-vertically-aligned-center is-layout-flow wp-block-column-is-layout-flow\" style=\"flex-basis:15%\">\n<figure class=\"wp-block-image alignwide size-full\"><a href=\"https:\/\/dodo-inflatables.com\/wp-content\/uploads\/2024\/03\/7.png\"><img decoding=\"async\" src=\"https:\/\/dodo-inflatables.com\/wp-content\/uploads\/2024\/03\/7.png\" alt=\"\" class=\"wp-image-7142\"\/><\/a><\/figure>\n<\/div>\n\n\n\n<div class=\"wp-block-column is-layout-flow wp-block-column-is-layout-flow\" style=\"flex-basis:85%\">\n<p><strong>PayPal<\/strong><br\/>Nakupe lahko preprosto in varno pla\u010date s storitvijo PayPal. Za obdelavo pla\u010dil preprosto pove\u017eite kreditno kartico, ban\u010dni ra\u010dun ali uporabite svoje stanje v sistemu PayPal. Va\u0161e transakcije so za\u0161\u010ditene, va\u0161i podatki pa ostanejo zasebni. Takoj po potrditvi pla\u010dila bo va\u0161e naro\u010dilo obdelano in takoj poslano.<\/p>\n<\/div>\n<\/div>\n\n<div style=\"height:40px\" aria-hidden=\"true\" class=\"wp-block-spacer\"><\/div>\n\n<div class=\"wp-block-columns is-layout-flex wp-container-core-columns-is-layout-28f84493 wp-block-columns-is-layout-flex\">\n<div class=\"wp-block-column is-vertically-aligned-center is-layout-flow wp-block-column-is-layout-flow\" style=\"flex-basis:15%\">\n<figure class=\"wp-block-image alignwide size-full\"><a href=\"https:\/\/dodo-inflatables.com\/wp-content\/uploads\/2024\/03\/7.png\"><img decoding=\"async\" src=\"https:\/\/dodo-inflatables.com\/wp-content\/uploads\/2024\/03\/7.png\" alt=\"\" class=\"wp-image-7142\"\/><\/a><\/figure>\n<\/div>\n\n\n\n<div class=\"wp-block-column is-layout-flow wp-block-column-is-layout-flow\" style=\"flex-basis:85%\">\n<p><strong>Pla\u010dilo na obroke prek sistema PayPal<\/strong><br\/>\u017deleni izdelek lahko preprosto pla\u010date z 12 mese\u010dnimi obroki. Preprosto dodajte \u017eelene predmete v nakupovalno ko\u0161arico, nato pa na blagajni izberite na\u010din pla\u010dila PayPal. V naslednjem koraku boste preusmerjeni k ponudniku pla\u010dilnih storitev PayPal. Tu kliknite mo\u017enost obro\u010dnega pla\u010dila PayPal, ki je na voljo, \u010de imate dobro kreditno sposobnost. Velja samo za zasebne stranke.<\/p>\n<\/div>\n<\/div>\n\n<div style=\"height:40px\" aria-hidden=\"true\" class=\"wp-block-spacer\"><\/div>\n\n<div class=\"wp-block-columns is-layout-flex wp-container-core-columns-is-layout-28f84493 wp-block-columns-is-layout-flex\">\n<div class=\"wp-block-column is-vertically-aligned-center is-layout-flow wp-block-column-is-layout-flow\" style=\"flex-basis:15%\">\n<figure class=\"wp-block-image alignwide size-full\"><a href=\"https:\/\/dodo-inflatables.com\/wp-content\/uploads\/2024\/03\/9.png\"><img decoding=\"async\" src=\"https:\/\/dodo-inflatables.com\/wp-content\/uploads\/2024\/03\/9.png\" alt=\"\" class=\"wp-image-7144\"\/><\/a><\/figure>\n<\/div>\n\n\n\n<div class=\"wp-block-column is-vertically-aligned-center is-layout-flow wp-block-column-is-layout-flow\" style=\"flex-basis:85%\">\n<p><strong>Kreditna kartica<\/strong><br\/>Naro\u010dilo lahko varno in priro\u010dno pla\u010date s kreditno kartico. Sprejemamo kreditne kartice Visa, MasterCard in American Express. Pla\u010dilo opravite hitro in preprosto med postopkom naro\u010dila. Va\u0161e naro\u010dilo bo poslano takoj po uspe\u0161ni odobritvi.<\/p>\n<\/div>\n<\/div>\n\n<div style=\"height:40px\" aria-hidden=\"true\" class=\"wp-block-spacer\"><\/div>\n\n<div class=\"wp-block-columns is-layout-flex wp-container-core-columns-is-layout-28f84493 wp-block-columns-is-layout-flex\">\n<div class=\"wp-block-column is-vertically-aligned-center is-layout-flow wp-block-column-is-layout-flow\" style=\"flex-basis:15%\">\n<figure class=\"wp-block-image alignwide size-full\"><a href=\"https:\/\/dodo-inflatables.com\/wp-content\/uploads\/2024\/03\/13.png\"><img decoding=\"async\" src=\"https:\/\/dodo-inflatables.com\/wp-content\/uploads\/2024\/03\/13.png\" alt=\"\" class=\"wp-image-7148\"\/><\/a><\/figure>\n<\/div>\n\n\n\n<div class=\"wp-block-column is-layout-flow wp-block-column-is-layout-flow\" style=\"flex-basis:85%\">\n<p><strong>Klarna<\/strong><br\/>S Klarno lahko svoje nakupe pla\u010date na obroke, znesek na ra\u010dunu poravnate pozneje ali ga pla\u010date takoj z \u017eelenim na\u010dinom pla\u010dila. Med postopkom pla\u010devanja izberite Klarno in u\u017eivajte v preprostem in varnem pla\u010devanju. Va\u0161e naro\u010dilo bo hitro obdelano in na poti do vas takoj, ko bo pla\u010dilo opravljeno. Na voljo samo v Belgiji, Nem\u010diji, na Nizozemskem, v \u0160vici, Avstriji, na Danskem, Finskem, Norve\u0161kem in \u0160vedskem.<\/p>\n<\/div>\n<\/div>\n\n<div style=\"height:40px\" aria-hidden=\"true\" class=\"wp-block-spacer\"><\/div>\n\n<div class=\"wp-block-columns is-layout-flex wp-container-core-columns-is-layout-28f84493 wp-block-columns-is-layout-flex\">\n<div class=\"wp-block-column is-vertically-aligned-center is-layout-flow wp-block-column-is-layout-flow\" style=\"flex-basis:15%\">\n<figure class=\"wp-block-image alignwide size-full\"><a href=\"https:\/\/dodo-inflatables.com\/wp-content\/uploads\/2024\/03\/11.png\"><img decoding=\"async\" src=\"https:\/\/dodo-inflatables.com\/wp-content\/uploads\/2024\/03\/11.png\" alt=\"\" class=\"wp-image-7146\"\/><\/a><\/figure>\n<\/div>\n\n\n\n<div class=\"wp-block-column is-layout-flow wp-block-column-is-layout-flow\" style=\"flex-basis:85%\">\n<p><strong>Apple Pay<\/strong><br\/>Preprosto in varno pla\u010dujte z iPhonom, iPadom, ra\u010dunalnikom Mac ali uro Apple Watch. Dodajte kreditne ali debetne kartice v Apple Pay in pla\u010dujte z enim samim dotikom ali pogledom. Va\u0161e transakcije so varne in za\u0161\u010ditene z ID dotika ali ID obraza. Ko bo va\u0161e pla\u010dilo odobreno, bo va\u0161e naro\u010dilo obdelano in takoj poslano.<\/p>\n<\/div>\n<\/div>\n\n<div style=\"height:40px\" aria-hidden=\"true\" class=\"wp-block-spacer\"><\/div>\n\n<div class=\"wp-block-columns is-layout-flex wp-container-core-columns-is-layout-28f84493 wp-block-columns-is-layout-flex\">\n<div class=\"wp-block-column is-vertically-aligned-center is-layout-flow wp-block-column-is-layout-flow\" style=\"flex-basis:15%\">\n<figure class=\"wp-block-image alignwide size-full\"><a href=\"https:\/\/dodo-inflatables.com\/wp-content\/uploads\/2024\/03\/12.png\"><img decoding=\"async\" src=\"https:\/\/dodo-inflatables.com\/wp-content\/uploads\/2024\/03\/12.png\" alt=\"\" class=\"wp-image-7147\"\/><\/a><\/figure>\n<\/div>\n\n\n\n<div class=\"wp-block-column is-layout-flow wp-block-column-is-layout-flow\" style=\"flex-basis:85%\">\n<p><strong>Google Pay<\/strong><br\/>Dodajte svoje kreditne ali debetne kartice v Google Pay in pla\u010dujte prek spleta z napravo s sistemom Android. Podatki o va\u0161i kartici so \u0161ifrirani in ostanejo zasebni. Z enim samim klikom ali dotikom je pla\u010dilo opravljeno. Po potrditvi transakcije bo va\u0161e naro\u010dilo obdelano in takoj poslano.<\/p>\n<\/div>\n<\/div>\n\n<div style=\"height:40px\" aria-hidden=\"true\" class=\"wp-block-spacer\"><\/div>\n\n<div class=\"wp-block-columns is-layout-flex wp-container-core-columns-is-layout-28f84493 wp-block-columns-is-layout-flex\">\n<div class=\"wp-block-column is-vertically-aligned-center is-layout-flow wp-block-column-is-layout-flow\" style=\"flex-basis:15%\">\n<figure class=\"wp-block-image alignwide size-full\"><a href=\"https:\/\/dodo-inflatables.com\/wp-content\/uploads\/2024\/03\/18.png\"><img decoding=\"async\" src=\"https:\/\/dodo-inflatables.com\/wp-content\/uploads\/2024\/03\/18.png\" alt=\"\" class=\"wp-image-7153\"\/><\/a><\/figure>\n<\/div>\n\n\n\n<div class=\"wp-block-column is-layout-flow wp-block-column-is-layout-flow\" style=\"flex-basis:85%\">\n<p><strong>EPS<\/strong><br\/>Za na\u0161e avstrijske stranke: EPS vam omogo\u010da, da pla\u010date neposredno prek svojega ra\u010duna za spletno ban\u010dni\u0161tvo. Med postopkom naro\u010danja izberite EPS, izberite svojo banko in se prijavite v spletno ban\u010dni\u0161tvo, da dokon\u010date pla\u010dilo. Va\u0161e naro\u010dilo bo obdelano in poslano takoj po uspe\u0161ni transakciji.<\/p>\n<\/div>\n<\/div>\n\n<div style=\"height:40px\" aria-hidden=\"true\" class=\"wp-block-spacer\"><\/div>\n\n<div class=\"wp-block-columns is-layout-flex wp-container-core-columns-is-layout-28f84493 wp-block-columns-is-layout-flex\">\n<div class=\"wp-block-column is-vertically-aligned-center is-layout-flow wp-block-column-is-layout-flow\" style=\"flex-basis:15%\">\n<figure class=\"wp-block-image alignwide size-full\"><a href=\"https:\/\/dodo-inflatables.com\/wp-content\/uploads\/2024\/03\/14.png\"><img decoding=\"async\" src=\"https:\/\/dodo-inflatables.com\/wp-content\/uploads\/2024\/03\/14.png\" alt=\"\" class=\"wp-image-7149\"\/><\/a><\/figure>\n<\/div>\n\n\n\n<div class=\"wp-block-column is-layout-flow wp-block-column-is-layout-flow\" style=\"flex-basis:85%\">\n<p><strong>Bancontact<\/strong><br\/>Za na\u0161e belgijske stranke: Bancontact vam omogo\u010da hitro in udobno spletno pla\u010devanje. Med postopkom naro\u010danja izberite Bancontact, vnesite ban\u010dne podatke in potrdite pla\u010dilo z varnostno kodo ali pametnim telefonom. Va\u0161e naro\u010dilo bo obdelano takoj po opravljenem pla\u010dilu in na poti do vas.<\/p>\n<\/div>\n<\/div>\n\n<div style=\"height:40px\" aria-hidden=\"true\" class=\"wp-block-spacer\"><\/div>\n\n<div class=\"wp-block-columns is-layout-flex wp-container-core-columns-is-layout-28f84493 wp-block-columns-is-layout-flex\">\n<div class=\"wp-block-column is-vertically-aligned-center is-layout-flow wp-block-column-is-layout-flow\" style=\"flex-basis:15%\">\n<figure class=\"wp-block-image alignwide size-full\"><a href=\"https:\/\/dodo-inflatables.com\/wp-content\/uploads\/2024\/03\/15.png\"><img decoding=\"async\" src=\"https:\/\/dodo-inflatables.com\/wp-content\/uploads\/2024\/03\/15.png\" alt=\"\" class=\"wp-image-7150\"\/><\/a><\/figure>\n<\/div>\n\n\n\n<div class=\"wp-block-column is-layout-flow wp-block-column-is-layout-flow\" style=\"flex-basis:85%\">\n<p><strong>iDEAL<\/strong><br\/>Za na\u0161e nizozemske stranke: Za dokon\u010danje pla\u010dila izberite iDEAL, izberite svojo banko in se prijavite v svoje spletno ban\u010dni\u0161tvo. Va\u0161e naro\u010dilo bo obdelano in poslano takoj po uspe\u0161ni transakciji.<\/p>\n<\/div>\n<\/div>\n\n<div style=\"height:40px\" aria-hidden=\"true\" class=\"wp-block-spacer\"><\/div>\n\n<div class=\"wp-block-columns is-layout-flex wp-container-core-columns-is-layout-28f84493 wp-block-columns-is-layout-flex\">\n<div class=\"wp-block-column is-vertically-aligned-center is-layout-flow wp-block-column-is-layout-flow\" style=\"flex-basis:15%\">\n<figure class=\"wp-block-image alignwide size-full\"><a href=\"https:\/\/dodo-inflatables.com\/wp-content\/uploads\/2024\/03\/16.png\"><img decoding=\"async\" src=\"https:\/\/dodo-inflatables.com\/wp-content\/uploads\/2024\/03\/16.png\" alt=\"\" class=\"wp-image-7151\"\/><\/a><\/figure>\n<\/div>\n\n\n\n<div class=\"wp-block-column is-layout-flow wp-block-column-is-layout-flow\" style=\"flex-basis:85%\">\n<p><strong>Przelewy24<\/strong><br\/>Za na\u0161e poljske stranke: V postopku oddaje naro\u010dila izberite Przelewy24, izberite svojo banko in se prijavite v spletno ban\u010dni\u0161tvo, da dokon\u010date pla\u010dilo. Va\u0161e naro\u010dilo bo obdelano in poslano takoj po uspe\u0161ni transakciji.<\/p>\n<\/div>\n<\/div>\n\n<p><\/p>\n","protected":false},"excerpt":{"rendered":"<p>Mo\u017enosti pla\u010dila Ponujamo razli\u010dne mo\u017enosti pla\u010dila, ki vam omogo\u010dajo nemoten in varen nakup.\u010ce imate vpra\u0161anja o na\u0161ih na\u010dinih pla\u010dila, se obrnite na nas. Ban\u010dno nakaziloNaka\u017eite neposredno na na\u0161 ban\u010dni ra\u010dun. Kot razlog za pla\u010dilo navedite \u0161tevilko naro\u010dila. Va\u0161e naro\u010dilo bo poslano \u0161ele, ko bomo prejeli denar na na\u0161 ra\u010dun. \u010ce potrebujete naro\u010dilo hitro, nam preprosto [&hellip;]<\/p>\n","protected":false},"author":1,"featured_media":0,"parent":0,"menu_order":0,"comment_status":"closed","ping_status":"closed","template":"","meta":{"_acf_changed":false,"_uag_custom_page_level_css":"","site-sidebar-layout":"default","site-content-layout":"boxed-container","ast-site-content-layout":"normal-width-container","site-content-style":"boxed","site-sidebar-style":"boxed","ast-global-header-display":"","ast-banner-title-visibility":"","ast-main-header-display":"","ast-hfb-above-header-display":"","ast-hfb-below-header-display":"","ast-hfb-mobile-header-display":"","site-post-title":"disabled","ast-breadcrumbs-content":"disabled","ast-featured-img":"disabled","footer-sml-layout":"","ast-disable-related-posts":"","theme-transparent-header-meta":"","adv-header-id-meta":"7189","stick-header-meta":"","header-above-stick-meta":"","header-main-stick-meta":"","header-below-stick-meta":"","astra-migrate-meta-layouts":"default","ast-page-background-enabled":"default","ast-page-background-meta":{"desktop":{"background-color":"var(--ast-global-color-4)","background-image":"","background-repeat":"repeat","background-position":"center center","background-size":"auto","background-attachment":"scroll","background-type":"","background-media":"","overlay-type":"","overlay-color":"","overlay-opacity":"","overlay-gradient":""},"tablet":{"background-color":"","background-image":"","background-repeat":"repeat","background-position":"center center","background-size":"auto","background-attachment":"scroll","background-type":"","background-media":"","overlay-type":"","overlay-color":"","overlay-opacity":"","overlay-gradient":""},"mobile":{"background-color":"","background-image":"","background-repeat":"repeat","background-position":"center center","background-size":"auto","background-attachment":"scroll","background-type":"","background-media":"","overlay-type":"","overlay-color":"","overlay-opacity":"","overlay-gradient":""}},"ast-content-background-meta":{"desktop":{"background-color":"var(--ast-global-color-5)","background-image":"","background-repeat":"repeat","background-position":"center center","background-size":"auto","background-attachment":"scroll","background-type":"","background-media":"","overlay-type":"","overlay-color":"","overlay-opacity":"","overlay-gradient":""},"tablet":{"background-color":"var(--ast-global-color-5)","background-image":"","background-repeat":"repeat","background-position":"center center","background-size":"auto","background-attachment":"scroll","background-type":"","background-media":"","overlay-type":"","overlay-color":"","overlay-opacity":"","overlay-gradient":""},"mobile":{"background-color":"var(--ast-global-color-5)","background-image":"","background-repeat":"repeat","background-position":"center center","background-size":"auto","background-attachment":"scroll","background-type":"","background-media":"","overlay-type":"","overlay-color":"","overlay-opacity":"","overlay-gradient":""}},"footnotes":""},"class_list":["post-12522","page","type-page","status-publish","hentry"],"acf":[],"yoast_head":"<!-- This site is optimized with the Yoast SEO plugin v27.4 - https:\/\/yoast.com\/product\/yoast-seo-wordpress\/ -->\n<title>Varne mo\u017enosti pla\u010dila za va\u0161 navija\u0161ki grad Bliss - Dodo Inflatables<\/title>\n<meta name=\"description\" content=\"Izberite veselje z Dodo Inflatables! Spoznajte razli\u010dne na\u010dine pla\u010dila in domov prinesite skalne gradove in napihljive predmete s certifikatom DIN EN 14960.\" \/>\n<meta name=\"robots\" content=\"index, follow, max-snippet:-1, max-image-preview:large, max-video-preview:-1\" \/>\n<link rel=\"canonical\" href=\"https:\/\/dodo-inflatables.com\/sl\/moznosti-placila\/\" \/>\n<meta name=\"twitter:label1\" content=\"Est. reading time\" \/>\n\t<meta name=\"twitter:data1\" content=\"3 minute\" \/>\n<script type=\"application\/ld+json\" class=\"yoast-schema-graph\">{\"@context\":\"https:\\\/\\\/schema.org\",\"@graph\":[{\"@type\":\"WebPage\",\"@id\":\"https:\\\/\\\/dodo-inflatables.com\\\/sl\\\/moznosti-placila\\\/\",\"url\":\"https:\\\/\\\/dodo-inflatables.com\\\/sl\\\/moznosti-placila\\\/\",\"name\":\"Varne mo\u017enosti pla\u010dila za va\u0161 navija\u0161ki grad Bliss - Dodo Inflatables\",\"isPartOf\":{\"@id\":\"https:\\\/\\\/dodo-inflatables.com\\\/sl\\\/#website\"},\"primaryImageOfPage\":{\"@id\":\"https:\\\/\\\/dodo-inflatables.com\\\/sl\\\/moznosti-placila\\\/#primaryimage\"},\"image\":{\"@id\":\"https:\\\/\\\/dodo-inflatables.com\\\/sl\\\/moznosti-placila\\\/#primaryimage\"},\"thumbnailUrl\":\"https:\\\/\\\/dodo-inflatables.com\\\/wp-content\\\/uploads\\\/2024\\\/03\\\/2.png\",\"datePublished\":\"2017-01-06T18:43:59+00:00\",\"dateModified\":\"2024-08-19T12:52:39+00:00\",\"description\":\"Izberite veselje z Dodo Inflatables! Spoznajte razli\u010dne na\u010dine pla\u010dila in domov prinesite skalne gradove in napihljive predmete s certifikatom DIN EN 14960.\",\"breadcrumb\":{\"@id\":\"https:\\\/\\\/dodo-inflatables.com\\\/sl\\\/moznosti-placila\\\/#breadcrumb\"},\"inLanguage\":\"sl-SI\",\"potentialAction\":[{\"@type\":\"ReadAction\",\"target\":[\"https:\\\/\\\/dodo-inflatables.com\\\/sl\\\/moznosti-placila\\\/\"]}]},{\"@type\":\"ImageObject\",\"inLanguage\":\"sl-SI\",\"@id\":\"https:\\\/\\\/dodo-inflatables.com\\\/sl\\\/moznosti-placila\\\/#primaryimage\",\"url\":\"https:\\\/\\\/dodo-inflatables.com\\\/wp-content\\\/uploads\\\/2024\\\/03\\\/2.png\",\"contentUrl\":\"https:\\\/\\\/dodo-inflatables.com\\\/wp-content\\\/uploads\\\/2024\\\/03\\\/2.png\"},{\"@type\":\"BreadcrumbList\",\"@id\":\"https:\\\/\\\/dodo-inflatables.com\\\/sl\\\/moznosti-placila\\\/#breadcrumb\",\"itemListElement\":[{\"@type\":\"ListItem\",\"position\":1,\"name\":\"Home\",\"item\":\"https:\\\/\\\/dodo-inflatables.com\\\/sl\\\/\"},{\"@type\":\"ListItem\",\"position\":2,\"name\":\"Mo\u017enosti pla\u010dila\"}]},{\"@type\":\"WebSite\",\"@id\":\"https:\\\/\\\/dodo-inflatables.com\\\/sl\\\/#website\",\"url\":\"https:\\\/\\\/dodo-inflatables.com\\\/sl\\\/\",\"name\":\"dodo-inflatables.com\",\"description\":\"Kupite napihljive gradove in atrakcije v na\u0161i trgovini.\",\"publisher\":{\"@id\":\"https:\\\/\\\/dodo-inflatables.com\\\/sl\\\/#organization\"},\"potentialAction\":[{\"@type\":\"SearchAction\",\"target\":{\"@type\":\"EntryPoint\",\"urlTemplate\":\"https:\\\/\\\/dodo-inflatables.com\\\/sl\\\/?s={search_term_string}\"},\"query-input\":{\"@type\":\"PropertyValueSpecification\",\"valueRequired\":true,\"valueName\":\"search_term_string\"}}],\"inLanguage\":\"sl-SI\"},{\"@type\":\"Organization\",\"@id\":\"https:\\\/\\\/dodo-inflatables.com\\\/sl\\\/#organization\",\"name\":\"dodo-inflatables.com\",\"url\":\"https:\\\/\\\/dodo-inflatables.com\\\/sl\\\/\",\"logo\":{\"@type\":\"ImageObject\",\"inLanguage\":\"sl-SI\",\"@id\":\"https:\\\/\\\/dodo-inflatables.com\\\/sl\\\/#\\\/schema\\\/logo\\\/image\\\/\",\"url\":\"https:\\\/\\\/dodo-inflatables.com\\\/wp-content\\\/uploads\\\/2023\\\/04\\\/cropped-cropped-cropped-Dodo-Logo.png\",\"contentUrl\":\"https:\\\/\\\/dodo-inflatables.com\\\/wp-content\\\/uploads\\\/2023\\\/04\\\/cropped-cropped-cropped-Dodo-Logo.png\",\"width\":2996,\"height\":1545,\"caption\":\"dodo-inflatables.com\"},\"image\":{\"@id\":\"https:\\\/\\\/dodo-inflatables.com\\\/sl\\\/#\\\/schema\\\/logo\\\/image\\\/\"}}]}<\/script>\n<!-- \/ Yoast SEO plugin. -->","yoast_head_json":{"title":"Varne mo\u017enosti pla\u010dila za va\u0161 navija\u0161ki grad Bliss - Dodo Inflatables","description":"Izberite veselje z Dodo Inflatables! Spoznajte razli\u010dne na\u010dine pla\u010dila in domov prinesite skalne gradove in napihljive predmete s certifikatom DIN EN 14960.","robots":{"index":"index","follow":"follow","max-snippet":"max-snippet:-1","max-image-preview":"max-image-preview:large","max-video-preview":"max-video-preview:-1"},"canonical":"https:\/\/dodo-inflatables.com\/sl\/moznosti-placila\/","twitter_misc":{"Est. reading time":"3 minute"},"schema":{"@context":"https:\/\/schema.org","@graph":[{"@type":"WebPage","@id":"https:\/\/dodo-inflatables.com\/sl\/moznosti-placila\/","url":"https:\/\/dodo-inflatables.com\/sl\/moznosti-placila\/","name":"Varne mo\u017enosti pla\u010dila za va\u0161 navija\u0161ki grad Bliss - Dodo Inflatables","isPartOf":{"@id":"https:\/\/dodo-inflatables.com\/sl\/#website"},"primaryImageOfPage":{"@id":"https:\/\/dodo-inflatables.com\/sl\/moznosti-placila\/#primaryimage"},"image":{"@id":"https:\/\/dodo-inflatables.com\/sl\/moznosti-placila\/#primaryimage"},"thumbnailUrl":"https:\/\/dodo-inflatables.com\/wp-content\/uploads\/2024\/03\/2.png","datePublished":"2017-01-06T18:43:59+00:00","dateModified":"2024-08-19T12:52:39+00:00","description":"Izberite veselje z Dodo Inflatables! Spoznajte razli\u010dne na\u010dine pla\u010dila in domov prinesite skalne gradove in napihljive predmete s certifikatom DIN EN 14960.","breadcrumb":{"@id":"https:\/\/dodo-inflatables.com\/sl\/moznosti-placila\/#breadcrumb"},"inLanguage":"sl-SI","potentialAction":[{"@type":"ReadAction","target":["https:\/\/dodo-inflatables.com\/sl\/moznosti-placila\/"]}]},{"@type":"ImageObject","inLanguage":"sl-SI","@id":"https:\/\/dodo-inflatables.com\/sl\/moznosti-placila\/#primaryimage","url":"https:\/\/dodo-inflatables.com\/wp-content\/uploads\/2024\/03\/2.png","contentUrl":"https:\/\/dodo-inflatables.com\/wp-content\/uploads\/2024\/03\/2.png"},{"@type":"BreadcrumbList","@id":"https:\/\/dodo-inflatables.com\/sl\/moznosti-placila\/#breadcrumb","itemListElement":[{"@type":"ListItem","position":1,"name":"Home","item":"https:\/\/dodo-inflatables.com\/sl\/"},{"@type":"ListItem","position":2,"name":"Mo\u017enosti pla\u010dila"}]},{"@type":"WebSite","@id":"https:\/\/dodo-inflatables.com\/sl\/#website","url":"https:\/\/dodo-inflatables.com\/sl\/","name":"dodo-inflatables.com","description":"Kupite napihljive gradove in atrakcije v na\u0161i trgovini.","publisher":{"@id":"https:\/\/dodo-inflatables.com\/sl\/#organization"},"potentialAction":[{"@type":"SearchAction","target":{"@type":"EntryPoint","urlTemplate":"https:\/\/dodo-inflatables.com\/sl\/?s={search_term_string}"},"query-input":{"@type":"PropertyValueSpecification","valueRequired":true,"valueName":"search_term_string"}}],"inLanguage":"sl-SI"},{"@type":"Organization","@id":"https:\/\/dodo-inflatables.com\/sl\/#organization","name":"dodo-inflatables.com","url":"https:\/\/dodo-inflatables.com\/sl\/","logo":{"@type":"ImageObject","inLanguage":"sl-SI","@id":"https:\/\/dodo-inflatables.com\/sl\/#\/schema\/logo\/image\/","url":"https:\/\/dodo-inflatables.com\/wp-content\/uploads\/2023\/04\/cropped-cropped-cropped-Dodo-Logo.png","contentUrl":"https:\/\/dodo-inflatables.com\/wp-content\/uploads\/2023\/04\/cropped-cropped-cropped-Dodo-Logo.png","width":2996,"height":1545,"caption":"dodo-inflatables.com"},"image":{"@id":"https:\/\/dodo-inflatables.com\/sl\/#\/schema\/logo\/image\/"}}]}},"uagb_featured_image_src":{"full":false,"thumbnail":false,"medium":false,"medium_large":false,"large":false,"1536x1536":false,"2048x2048":false,"woocommerce_thumbnail":false,"woocommerce_single":false,"woocommerce_gallery_thumbnail":false},"uagb_author_info":{"display_name":"Andreas","author_link":"https:\/\/dodo-inflatables.com\/sl\/author\/andreas\/"},"uagb_comment_info":0,"uagb_excerpt":"Mo\u017enosti pla\u010dila Ponujamo razli\u010dne mo\u017enosti pla\u010dila, ki vam omogo\u010dajo nemoten in varen nakup.\u010ce imate vpra\u0161anja o na\u0161ih na\u010dinih pla\u010dila, se obrnite na nas. Ban\u010dno nakaziloNaka\u017eite neposredno na na\u0161 ban\u010dni ra\u010dun. Kot razlog za pla\u010dilo navedite \u0161tevilko naro\u010dila. Va\u0161e naro\u010dilo bo poslano \u0161ele, ko bomo prejeli denar na na\u0161 ra\u010dun. \u010ce potrebujete naro\u010dilo hitro, nam preprosto&hellip;","_links":{"self":[{"href":"https:\/\/dodo-inflatables.com\/sl\/wp-json\/wp\/v2\/pages\/12522","targetHints":{"allow":["GET"]}}],"collection":[{"href":"https:\/\/dodo-inflatables.com\/sl\/wp-json\/wp\/v2\/pages"}],"about":[{"href":"https:\/\/dodo-inflatables.com\/sl\/wp-json\/wp\/v2\/types\/page"}],"author":[{"embeddable":true,"href":"https:\/\/dodo-inflatables.com\/sl\/wp-json\/wp\/v2\/users\/1"}],"replies":[{"embeddable":true,"href":"https:\/\/dodo-inflatables.com\/sl\/wp-json\/wp\/v2\/comments?post=12522"}],"version-history":[{"count":3,"href":"https:\/\/dodo-inflatables.com\/sl\/wp-json\/wp\/v2\/pages\/12522\/revisions"}],"predecessor-version":[{"id":16118,"href":"https:\/\/dodo-inflatables.com\/sl\/wp-json\/wp\/v2\/pages\/12522\/revisions\/16118"}],"wp:attachment":[{"href":"https:\/\/dodo-inflatables.com\/sl\/wp-json\/wp\/v2\/media?parent=12522"}],"curies":[{"name":"wp","href":"https:\/\/api.w.org\/{rel}","templated":true}]}}