{"id":13332,"date":"2024-03-07T19:24:11","date_gmt":"2024-03-07T18:24:11","guid":{"rendered":"https:\/\/dodo-inflatables.com\/nakup-napihljivih-toboganov-in-navijaskih-gradov-na-irsko\/"},"modified":"2024-07-10T13:57:31","modified_gmt":"2024-07-10T11:57:31","slug":"nakup-napihljivih-toboganov-in-navijaskih-gradov-na-irsko","status":"publish","type":"page","link":"https:\/\/dodo-inflatables.com\/sl\/nakup-napihljivih-toboganov-in-navijaskih-gradov-na-irsko\/","title":{"rendered":"Nakup napihljivih toboganov in navija\u0161kih gradov na Irsko"},"content":{"rendered":"\n<h2 class=\"wp-block-heading has-text-align-center\"><strong>Nakup napihljivih toboganov in navija\u0161kih gradov na Irsko<\/strong><\/h2>\n\n<figure class=\"wp-block-image aligncenter size-large\"><a href=\"https:\/\/dodo-inflatables.com\/wp-content\/uploads\/2022\/01\/seperator-kleiner.png\"><img fetchpriority=\"high\" decoding=\"async\" width=\"1024\" height=\"102\" src=\"https:\/\/dodo-inflatables.com\/wp-content\/uploads\/2022\/01\/seperator-kleiner-1024x102.png\" alt=\"\" class=\"wp-image-4026\" srcset=\"https:\/\/dodo-inflatables.com\/wp-content\/uploads\/2022\/01\/seperator-kleiner-1024x102.png 1024w, https:\/\/dodo-inflatables.com\/wp-content\/uploads\/2022\/01\/seperator-kleiner-900x90.png 900w, https:\/\/dodo-inflatables.com\/wp-content\/uploads\/2022\/01\/seperator-kleiner-300x30.png 300w, https:\/\/dodo-inflatables.com\/wp-content\/uploads\/2022\/01\/seperator-kleiner-768x77.png 768w, https:\/\/dodo-inflatables.com\/wp-content\/uploads\/2022\/01\/seperator-kleiner-1536x154.png 1536w, https:\/\/dodo-inflatables.com\/wp-content\/uploads\/2022\/01\/seperator-kleiner-340x34.png 340w, https:\/\/dodo-inflatables.com\/wp-content\/uploads\/2022\/01\/seperator-kleiner.png 2000w\" sizes=\"(max-width: 1024px) 100vw, 1024px\" \/><\/a><\/figure>\n\n<h3 class=\"wp-block-heading has-text-align-center\">Dobrodo\u0161li na Dodo-Inflatables.com &#8211; na\u0161i spletni trgovini z napihljivimi izdelki v Evropi!<\/h3>\n\n<p style=\"font-size:17px\">Potopite se v na\u0161o bogato izbiro visokokakovostnih napihljivih naprav, <a href=\"https:\/\/dodo-inflatables.com\/sl\/kategorija-izdelka\/gradovi-bouncy\/\">napihljivih gradov<\/a> in <a href=\"https:\/\/dodo-inflatables.com\/sl\/kategorija-izdelka\/slides-sl\/\">toboganov<\/a>, ki bodo vsaki prilo\u017enosti dodali nekaj ve\u010d. Ne glede na to, ali i\u0161\u010dete velik napihljiv grad za poslovni dogodek, majhen napihljiv grad za otro\u0161ko rojstnodnevno zabavo ali nabit grad s toboganom za poletno zabavo &#8211; tu boste zagotovo na\u0161li nekaj primernega!<\/p>\n\n<p style=\"font-size:17px\">Na\u0161a ponudba ne vklju\u010duje le razli\u010dnih nabitih gradov, temve\u010d tudi \u0161iroko paleto <a href=\"https:\/\/dodo-inflatables.com\/sl\/kategorija-izdelka\/dodatki\/\">dodatkov<\/a>, vklju\u010dno z <a href=\"https:\/\/dodo-inflatables.com\/sl\/izdelek\/gibbonsov-pihalnik-fp5005-15ps\/\" data-type=\"product\" data-id=\"81\">Gibboni <\/a>in pihalniki <a href=\"https:\/\/dodo-inflatables.com\/sl\/izdelek\/puhalnik-huawei-reh-1-5e-15ps\/\" data-type=\"product\" data-id=\"2724\">Huawei<\/a> za nabitih gradov.<\/p>\n\n<p style=\"font-size:17px\">Po\u0161iljanje navija\u0161kega gradu in dodatne opreme na <strong>Irsko stane 329,00 EUR.<\/strong> Paket napihljivih pripomo\u010dkov stane 29,00 EUR. \u010ce je napihljivka na zalogi, vam jo bomo poslali takoj po prejemu pla\u010dila. Dostava na Irsko traja pribli\u017eno <strong>4 do 6 delovnih dni<\/strong>. Stojalo lahko sami prevzamete v na\u0161em skladi\u0161\u010du v M\u00fcnchnu v Nem\u010diji.<\/p>\n\n<p style=\"font-size:17px\">Vsi na\u0161i napihljivci izpolnjujejo stroge varnostne standarde standarda <strong>DIN EN 14960<\/strong> in so primerni za zasebno in komercialno uporabo. Ko bo va\u0161 novi napihljivec poslan, boste prejeli podroben vodnik in ustrezen certifikat zanj.<\/p>\n\n<p style=\"font-size:17px\">Oprostitev DDV za podjetja! \u010ce kupujete kot podjetje, na blagajni vnesite svojo identifikacijsko \u0161tevilko za DDV, da boste lahko kupovali brez davka.<\/p>\n\n<p style=\"font-size:17px\">Ne glede na to, ali ste zasebnik, ki i\u0161\u010de nabit grad za naslednjo dru\u017einsko zabavo, ali ste podjetje za komercialni najem, ki \u017eeli raz\u0161iriti svojo ponudbo, so na\u0161i nabitih gradovi primerni za vsakogar. Pravzaprav je ve\u010dina na\u0161ih strank po vsej Evropi najemnikov nabitih gradov, ki cenijo na\u0161e izdelke za dogodke vseh velikosti.<\/p>\n\n<p style=\"font-size:17px\">Upamo, da boste u\u017eivali v na\u0161i spletni trgovini, in z veseljem vam bomo odgovorili na vsa vpra\u0161anja, ki jih boste imeli, na spletni strani <a href=\"mailto:contact@dodo-inflatables.com\">contact@dodo-inflatables.com!<\/a><\/p>\n","protected":false},"excerpt":{"rendered":"<p>Nakup napihljivih toboganov in navija\u0161kih gradov na Irsko Dobrodo\u0161li na Dodo-Inflatables.com &#8211; na\u0161i spletni trgovini z napihljivimi izdelki v Evropi! Potopite se v na\u0161o bogato izbiro visokokakovostnih napihljivih naprav, napihljivih gradov in toboganov, ki bodo vsaki prilo\u017enosti dodali nekaj ve\u010d. Ne glede na to, ali i\u0161\u010dete velik napihljiv grad za poslovni dogodek, majhen napihljiv grad [&hellip;]<\/p>\n","protected":false},"author":1,"featured_media":0,"parent":0,"menu_order":0,"comment_status":"closed","ping_status":"closed","template":"","meta":{"_acf_changed":false,"_uag_custom_page_level_css":"","site-sidebar-layout":"default","site-content-layout":"","ast-site-content-layout":"normal-width-container","site-content-style":"boxed","site-sidebar-style":"default","ast-global-header-display":"","ast-banner-title-visibility":"","ast-main-header-display":"","ast-hfb-above-header-display":"","ast-hfb-below-header-display":"","ast-hfb-mobile-header-display":"","site-post-title":"","ast-breadcrumbs-content":"","ast-featured-img":"","footer-sml-layout":"","ast-disable-related-posts":"","theme-transparent-header-meta":"","adv-header-id-meta":"4069","stick-header-meta":"","header-above-stick-meta":"","header-main-stick-meta":"","header-below-stick-meta":"","astra-migrate-meta-layouts":"default","ast-page-background-enabled":"default","ast-page-background-meta":{"desktop":{"background-color":"var(--ast-global-color-4)","background-image":"","background-repeat":"repeat","background-position":"center center","background-size":"auto","background-attachment":"scroll","background-type":"","background-media":"","overlay-type":"","overlay-color":"","overlay-opacity":"","overlay-gradient":""},"tablet":{"background-color":"","background-image":"","background-repeat":"repeat","background-position":"center center","background-size":"auto","background-attachment":"scroll","background-type":"","background-media":"","overlay-type":"","overlay-color":"","overlay-opacity":"","overlay-gradient":""},"mobile":{"background-color":"","background-image":"","background-repeat":"repeat","background-position":"center center","background-size":"auto","background-attachment":"scroll","background-type":"","background-media":"","overlay-type":"","overlay-color":"","overlay-opacity":"","overlay-gradient":""}},"ast-content-background-meta":{"desktop":{"background-color":"var(--ast-global-color-5)","background-image":"","background-repeat":"repeat","background-position":"center center","background-size":"auto","background-attachment":"scroll","background-type":"","background-media":"","overlay-type":"","overlay-color":"","overlay-opacity":"","overlay-gradient":""},"tablet":{"background-color":"var(--ast-global-color-5)","background-image":"","background-repeat":"repeat","background-position":"center center","background-size":"auto","background-attachment":"scroll","background-type":"","background-media":"","overlay-type":"","overlay-color":"","overlay-opacity":"","overlay-gradient":""},"mobile":{"background-color":"var(--ast-global-color-5)","background-image":"","background-repeat":"repeat","background-position":"center center","background-size":"auto","background-attachment":"scroll","background-type":"","background-media":"","overlay-type":"","overlay-color":"","overlay-opacity":"","overlay-gradient":""}},"footnotes":""},"class_list":["post-13332","page","type-page","status-publish","hentry"],"acf":[],"yoast_head":"<!-- This site is optimized with the Yoast SEO plugin v27.5 - https:\/\/yoast.com\/product\/yoast-seo-wordpress\/ -->\n<title>Nakup napihljivih toboganov in navija\u0161kih gradov na Irsko - dodo-inflatables.com<\/title>\n<meta name=\"robots\" content=\"index, follow, max-snippet:-1, max-image-preview:large, max-video-preview:-1\" \/>\n<link rel=\"canonical\" href=\"https:\/\/dodo-inflatables.com\/sl\/nakup-napihljivih-toboganov-in-navijaskih-gradov-na-irsko\/\" \/>\n<meta name=\"twitter:label1\" content=\"Est. reading time\" \/>\n\t<meta name=\"twitter:data1\" content=\"2 minuti\" \/>\n<script type=\"application\/ld+json\" class=\"yoast-schema-graph\">{\"@context\":\"https:\\\/\\\/schema.org\",\"@graph\":[{\"@type\":\"WebPage\",\"@id\":\"https:\\\/\\\/dodo-inflatables.com\\\/sl\\\/nakup-napihljivih-toboganov-in-navijaskih-gradov-na-irsko\\\/\",\"url\":\"https:\\\/\\\/dodo-inflatables.com\\\/sl\\\/nakup-napihljivih-toboganov-in-navijaskih-gradov-na-irsko\\\/\",\"name\":\"Nakup napihljivih toboganov in navija\u0161kih gradov na Irsko - dodo-inflatables.com\",\"isPartOf\":{\"@id\":\"https:\\\/\\\/dodo-inflatables.com\\\/sl\\\/#website\"},\"primaryImageOfPage\":{\"@id\":\"https:\\\/\\\/dodo-inflatables.com\\\/sl\\\/nakup-napihljivih-toboganov-in-navijaskih-gradov-na-irsko\\\/#primaryimage\"},\"image\":{\"@id\":\"https:\\\/\\\/dodo-inflatables.com\\\/sl\\\/nakup-napihljivih-toboganov-in-navijaskih-gradov-na-irsko\\\/#primaryimage\"},\"thumbnailUrl\":\"https:\\\/\\\/dodo-inflatables.com\\\/wp-content\\\/uploads\\\/2022\\\/01\\\/seperator-kleiner-1024x102.png\",\"datePublished\":\"2024-03-07T18:24:11+00:00\",\"dateModified\":\"2024-07-10T11:57:31+00:00\",\"breadcrumb\":{\"@id\":\"https:\\\/\\\/dodo-inflatables.com\\\/sl\\\/nakup-napihljivih-toboganov-in-navijaskih-gradov-na-irsko\\\/#breadcrumb\"},\"inLanguage\":\"sl-SI\",\"potentialAction\":[{\"@type\":\"ReadAction\",\"target\":[\"https:\\\/\\\/dodo-inflatables.com\\\/sl\\\/nakup-napihljivih-toboganov-in-navijaskih-gradov-na-irsko\\\/\"]}]},{\"@type\":\"ImageObject\",\"inLanguage\":\"sl-SI\",\"@id\":\"https:\\\/\\\/dodo-inflatables.com\\\/sl\\\/nakup-napihljivih-toboganov-in-navijaskih-gradov-na-irsko\\\/#primaryimage\",\"url\":\"https:\\\/\\\/dodo-inflatables.com\\\/wp-content\\\/uploads\\\/2022\\\/01\\\/seperator-kleiner-1024x102.png\",\"contentUrl\":\"https:\\\/\\\/dodo-inflatables.com\\\/wp-content\\\/uploads\\\/2022\\\/01\\\/seperator-kleiner-1024x102.png\"},{\"@type\":\"BreadcrumbList\",\"@id\":\"https:\\\/\\\/dodo-inflatables.com\\\/sl\\\/nakup-napihljivih-toboganov-in-navijaskih-gradov-na-irsko\\\/#breadcrumb\",\"itemListElement\":[{\"@type\":\"ListItem\",\"position\":1,\"name\":\"Home\",\"item\":\"https:\\\/\\\/dodo-inflatables.com\\\/sl\\\/\"},{\"@type\":\"ListItem\",\"position\":2,\"name\":\"Nakup napihljivih toboganov in navija\u0161kih gradov na Irsko\"}]},{\"@type\":\"WebSite\",\"@id\":\"https:\\\/\\\/dodo-inflatables.com\\\/sl\\\/#website\",\"url\":\"https:\\\/\\\/dodo-inflatables.com\\\/sl\\\/\",\"name\":\"dodo-inflatables.com\",\"description\":\"Kupite napihljive gradove in atrakcije v na\u0161i trgovini.\",\"potentialAction\":[{\"@type\":\"SearchAction\",\"target\":{\"@type\":\"EntryPoint\",\"urlTemplate\":\"https:\\\/\\\/dodo-inflatables.com\\\/sl\\\/?s={search_term_string}\"},\"query-input\":{\"@type\":\"PropertyValueSpecification\",\"valueRequired\":true,\"valueName\":\"search_term_string\"}}],\"inLanguage\":\"sl-SI\"}]}<\/script>\n<!-- \/ Yoast SEO plugin. -->","yoast_head_json":{"title":"Nakup napihljivih toboganov in navija\u0161kih gradov na Irsko - dodo-inflatables.com","robots":{"index":"index","follow":"follow","max-snippet":"max-snippet:-1","max-image-preview":"max-image-preview:large","max-video-preview":"max-video-preview:-1"},"canonical":"https:\/\/dodo-inflatables.com\/sl\/nakup-napihljivih-toboganov-in-navijaskih-gradov-na-irsko\/","twitter_misc":{"Est. reading time":"2 minuti"},"schema":{"@context":"https:\/\/schema.org","@graph":[{"@type":"WebPage","@id":"https:\/\/dodo-inflatables.com\/sl\/nakup-napihljivih-toboganov-in-navijaskih-gradov-na-irsko\/","url":"https:\/\/dodo-inflatables.com\/sl\/nakup-napihljivih-toboganov-in-navijaskih-gradov-na-irsko\/","name":"Nakup napihljivih toboganov in navija\u0161kih gradov na Irsko - dodo-inflatables.com","isPartOf":{"@id":"https:\/\/dodo-inflatables.com\/sl\/#website"},"primaryImageOfPage":{"@id":"https:\/\/dodo-inflatables.com\/sl\/nakup-napihljivih-toboganov-in-navijaskih-gradov-na-irsko\/#primaryimage"},"image":{"@id":"https:\/\/dodo-inflatables.com\/sl\/nakup-napihljivih-toboganov-in-navijaskih-gradov-na-irsko\/#primaryimage"},"thumbnailUrl":"https:\/\/dodo-inflatables.com\/wp-content\/uploads\/2022\/01\/seperator-kleiner-1024x102.png","datePublished":"2024-03-07T18:24:11+00:00","dateModified":"2024-07-10T11:57:31+00:00","breadcrumb":{"@id":"https:\/\/dodo-inflatables.com\/sl\/nakup-napihljivih-toboganov-in-navijaskih-gradov-na-irsko\/#breadcrumb"},"inLanguage":"sl-SI","potentialAction":[{"@type":"ReadAction","target":["https:\/\/dodo-inflatables.com\/sl\/nakup-napihljivih-toboganov-in-navijaskih-gradov-na-irsko\/"]}]},{"@type":"ImageObject","inLanguage":"sl-SI","@id":"https:\/\/dodo-inflatables.com\/sl\/nakup-napihljivih-toboganov-in-navijaskih-gradov-na-irsko\/#primaryimage","url":"https:\/\/dodo-inflatables.com\/wp-content\/uploads\/2022\/01\/seperator-kleiner-1024x102.png","contentUrl":"https:\/\/dodo-inflatables.com\/wp-content\/uploads\/2022\/01\/seperator-kleiner-1024x102.png"},{"@type":"BreadcrumbList","@id":"https:\/\/dodo-inflatables.com\/sl\/nakup-napihljivih-toboganov-in-navijaskih-gradov-na-irsko\/#breadcrumb","itemListElement":[{"@type":"ListItem","position":1,"name":"Home","item":"https:\/\/dodo-inflatables.com\/sl\/"},{"@type":"ListItem","position":2,"name":"Nakup napihljivih toboganov in navija\u0161kih gradov na Irsko"}]},{"@type":"WebSite","@id":"https:\/\/dodo-inflatables.com\/sl\/#website","url":"https:\/\/dodo-inflatables.com\/sl\/","name":"dodo-inflatables.com","description":"Kupite napihljive gradove in atrakcije v na\u0161i trgovini.","potentialAction":[{"@type":"SearchAction","target":{"@type":"EntryPoint","urlTemplate":"https:\/\/dodo-inflatables.com\/sl\/?s={search_term_string}"},"query-input":{"@type":"PropertyValueSpecification","valueRequired":true,"valueName":"search_term_string"}}],"inLanguage":"sl-SI"}]}},"uagb_featured_image_src":{"full":false,"thumbnail":false,"medium":false,"medium_large":false,"large":false,"1536x1536":false,"2048x2048":false,"woocommerce_thumbnail":false,"woocommerce_single":false,"woocommerce_gallery_thumbnail":false},"uagb_author_info":{"display_name":"Andreas","author_link":"https:\/\/dodo-inflatables.com\/sl\/author\/andreas\/"},"uagb_comment_info":0,"uagb_excerpt":"Nakup napihljivih toboganov in navija\u0161kih gradov na Irsko Dobrodo\u0161li na Dodo-Inflatables.com &#8211; na\u0161i spletni trgovini z napihljivimi izdelki v Evropi! Potopite se v na\u0161o bogato izbiro visokokakovostnih napihljivih naprav, napihljivih gradov in toboganov, ki bodo vsaki prilo\u017enosti dodali nekaj ve\u010d. Ne glede na to, ali i\u0161\u010dete velik napihljiv grad za poslovni dogodek, majhen napihljiv grad&hellip;","_links":{"self":[{"href":"https:\/\/dodo-inflatables.com\/sl\/wp-json\/wp\/v2\/pages\/13332","targetHints":{"allow":["GET"]}}],"collection":[{"href":"https:\/\/dodo-inflatables.com\/sl\/wp-json\/wp\/v2\/pages"}],"about":[{"href":"https:\/\/dodo-inflatables.com\/sl\/wp-json\/wp\/v2\/types\/page"}],"author":[{"embeddable":true,"href":"https:\/\/dodo-inflatables.com\/sl\/wp-json\/wp\/v2\/users\/1"}],"replies":[{"embeddable":true,"href":"https:\/\/dodo-inflatables.com\/sl\/wp-json\/wp\/v2\/comments?post=13332"}],"version-history":[{"count":3,"href":"https:\/\/dodo-inflatables.com\/sl\/wp-json\/wp\/v2\/pages\/13332\/revisions"}],"predecessor-version":[{"id":16512,"href":"https:\/\/dodo-inflatables.com\/sl\/wp-json\/wp\/v2\/pages\/13332\/revisions\/16512"}],"wp:attachment":[{"href":"https:\/\/dodo-inflatables.com\/sl\/wp-json\/wp\/v2\/media?parent=13332"}],"curies":[{"name":"wp","href":"https:\/\/api.w.org\/{rel}","templated":true}]}}