{"id":13341,"date":"2024-03-07T19:12:41","date_gmt":"2024-03-07T18:12:41","guid":{"rendered":"https:\/\/dodo-inflatables.com\/pirkti-pripuciamas-ciuozyklas-ir-sokdynes-i-lietuva\/"},"modified":"2024-07-10T13:57:12","modified_gmt":"2024-07-10T11:57:12","slug":"pirkti-pripuciamas-ciuozyklas-ir-sokdynes-i-lietuva","status":"publish","type":"page","link":"https:\/\/dodo-inflatables.com\/sl\/pirkti-pripuciamas-ciuozyklas-ir-sokdynes-i-lietuva\/","title":{"rendered":"Pirkti pripu\u010diamas \u010diuo\u017eyklas ir \u0161okdynes \u012f Lietuv\u0105"},"content":{"rendered":"\n<h2 class=\"wp-block-heading has-text-align-center\"><strong>Pirkti pripu\u010diamas \u010diuo\u017eyklas ir \u0161okdynes \u012f Lietuv\u0105<\/strong><\/h2>\n\n<figure class=\"wp-block-image aligncenter size-large\"><a href=\"https:\/\/dodo-inflatables.com\/wp-content\/uploads\/2022\/01\/seperator-kleiner.png\"><img fetchpriority=\"high\" decoding=\"async\" width=\"1024\" height=\"102\" src=\"https:\/\/dodo-inflatables.com\/wp-content\/uploads\/2022\/01\/seperator-kleiner-1024x102.png\" alt=\"\" class=\"wp-image-4026\" srcset=\"https:\/\/dodo-inflatables.com\/wp-content\/uploads\/2022\/01\/seperator-kleiner-1024x102.png 1024w, https:\/\/dodo-inflatables.com\/wp-content\/uploads\/2022\/01\/seperator-kleiner-900x90.png 900w, https:\/\/dodo-inflatables.com\/wp-content\/uploads\/2022\/01\/seperator-kleiner-300x30.png 300w, https:\/\/dodo-inflatables.com\/wp-content\/uploads\/2022\/01\/seperator-kleiner-768x77.png 768w, https:\/\/dodo-inflatables.com\/wp-content\/uploads\/2022\/01\/seperator-kleiner-1536x154.png 1536w, https:\/\/dodo-inflatables.com\/wp-content\/uploads\/2022\/01\/seperator-kleiner-340x34.png 340w, https:\/\/dodo-inflatables.com\/wp-content\/uploads\/2022\/01\/seperator-kleiner.png 2000w\" sizes=\"(max-width: 1024px) 100vw, 1024px\" \/><\/a><\/figure>\n\n<h3 class=\"wp-block-heading has-text-align-center\"><strong>Zdravi atvyk\u0119 \u012f Dodo-Inflatables.com &#8211; na\u0161ih internetnih pripu\u010dljivih skraidykli\u0173 parduotuv\u0119 Evropi!<\/strong><\/h3>\n\n<p style=\"font-size:17px;font-style:normal;font-weight:400\">Pasinerkite v na\u0161e platforme visoke kakovosti pripu\u010diam\u0173 atrakcion\u0173, pripu\u010dljivih pili\u0173 ir \u010diuo\u017eykl\u0173 pasirinkim\u0105, kuris bet kokiai progai suteiks \u0161iek tiek ve\u010d d\u017eiaugsmo. Nesvarbu, ar ie\u0161kote didel\u0117s pripu\u010diamos pilies \u012fmon\u0117s renginiui, ma\u017eos pripu\u010diamos pilies vaik\u0173 gimtadienio vakar\u0117liui, ar \u0161okin\u0117jan\u010dios pilies su \u010diuo\u017eykla vasaros vakar\u0117liui &#8211; \u010dia tikrai najdete kaj \u010deprav tinkamo!<\/p>\n\n<p style=\"font-size:17px;font-style:normal;font-weight:400\">Na\u0161e asortimente najdete ne le razli\u010dnih antpu\u010diam\u0173j\u0173 pili\u0173, bet ir daugyb\u0119 pried\u0173, \u012fskaitant &#8220;Gibbons&#8221; ir &#8220;Huawei&#8221; p\u016btiklius antpuoliams.<\/p>\n\n<p style=\"font-size:17px;font-style:normal;font-weight:400\">S\u016bpuokli\u0173 pilies ir pried\u0173 siuntimas \u012f <strong>Lietuv\u0105 kainuoja 296,00 \u20ac <\/strong>. Pripu\u010diam\u0173 pried\u0173 pakuot\u0117 kainuoja 39,00 \u20ac. \u010ce pripu\u010diama skraidykl\u0117 je sand\u0117lyje, ji bus i\u0161si\u0173sta vam i\u0161 karto po mok\u0117jimo gavimo. Pristatymas v Lietuvu trunka pribli\u017eno <strong>4-6 delovnih dni<\/strong>. Pripu\u010diam\u0105j\u0105 galima atsiimti patiems i\u0161 na\u0161ih sand\u0117lio Miunchene, Vokietijoje.<\/p>\n\n<p style=\"font-size:17px;font-style:normal;font-weight:400\">Visi na\u0161i pripu\u010diami \u012frenginiai atitinka grie\u017etus<strong> DIN EN 14960<\/strong> saugos standards ir is tinkami naudoti tiek priva\u010diai, tiek komerciniais purposes. I\u0161sam\u0173 vadov\u0105 ir atitinkam\u0105 certifikat\u0105 about nauj\u0105j\u012f pripu\u010diam\u0105j\u012f \u012frengin\u012f gausite, kai tik jis bus i\u0161si\u0173stas.<\/p>\n\n<p style=\"font-size:17px;font-style:normal;font-weight:400\">V tem primeru je bila uporabljena PVM lengvata! \u010ce perkate kot podjetje, kasoje priveskite savo PVM mok\u0117tojo kod\u0105, kad gal\u0117tum\u0117te kupiti be mokes\u010di\u0173.<\/p>\n\n<p style=\"font-size:17px;font-style:normal;font-weight:400\">Nesvarbu, ar esate privatus asmuo, ie\u0161kantis antpu\u010diamosios pilies kitam \u0161eimos vakar\u0117liui, ar komercin\u0117 nuomos \u012fmon\u0117, norinti i\u0161pl\u0117sti savo asortiment\u0105, n\u00e1\u0161 antpu\u010diamosios pilys tinka visiems. Ties\u0105 sakant, did\u017eioji del na\u0161ih klientov visoje Evropi je \u0161okin\u0117jan\u010di\u0173 pili\u0173 nuomos \u012fmon\u0117s, kurios v\u0113rt\u0113 na\u0161ih gaminius \u012fvairaus dyd\u017eio renginiams.<\/p>\n\n<p style=\"font-size:17px;font-style:normal;font-weight:400\">Tikim\u0117s, kad vam patiks nar\u0161yti po na\u0161i internetin\u0119 parduotuv\u0119, o \u012f visus klausimus mielai odgovorysime adresu <a href=\"mailto:contact@dodo-inflatables.com\">contact@dodo-inflatables.com!<\/a><\/p>\n\n<div style=\"height:100px\" aria-hidden=\"true\" class=\"wp-block-spacer\"><\/div>\n","protected":false},"excerpt":{"rendered":"<p>Pirkti pripu\u010diamas \u010diuo\u017eyklas ir \u0161okdynes \u012f Lietuv\u0105 Zdravi atvyk\u0119 \u012f Dodo-Inflatables.com &#8211; na\u0161ih internetnih pripu\u010dljivih skraidykli\u0173 parduotuv\u0119 Evropi! Pasinerkite v na\u0161e platforme visoke kakovosti pripu\u010diam\u0173 atrakcion\u0173, pripu\u010dljivih pili\u0173 ir \u010diuo\u017eykl\u0173 pasirinkim\u0105, kuris bet kokiai progai suteiks \u0161iek tiek ve\u010d d\u017eiaugsmo. Nesvarbu, ar ie\u0161kote didel\u0117s pripu\u010diamos pilies \u012fmon\u0117s renginiui, ma\u017eos pripu\u010diamos pilies vaik\u0173 gimtadienio vakar\u0117liui, ar [&hellip;]<\/p>\n","protected":false},"author":1,"featured_media":0,"parent":0,"menu_order":0,"comment_status":"closed","ping_status":"closed","template":"","meta":{"_acf_changed":false,"_uag_custom_page_level_css":"","site-sidebar-layout":"default","site-content-layout":"","ast-site-content-layout":"normal-width-container","site-content-style":"boxed","site-sidebar-style":"default","ast-global-header-display":"","ast-banner-title-visibility":"","ast-main-header-display":"","ast-hfb-above-header-display":"","ast-hfb-below-header-display":"","ast-hfb-mobile-header-display":"","site-post-title":"","ast-breadcrumbs-content":"","ast-featured-img":"","footer-sml-layout":"","ast-disable-related-posts":"","theme-transparent-header-meta":"","adv-header-id-meta":"4069","stick-header-meta":"","header-above-stick-meta":"","header-main-stick-meta":"","header-below-stick-meta":"","astra-migrate-meta-layouts":"default","ast-page-background-enabled":"default","ast-page-background-meta":{"desktop":{"background-color":"var(--ast-global-color-4)","background-image":"","background-repeat":"repeat","background-position":"center center","background-size":"auto","background-attachment":"scroll","background-type":"","background-media":"","overlay-type":"","overlay-color":"","overlay-opacity":"","overlay-gradient":""},"tablet":{"background-color":"","background-image":"","background-repeat":"repeat","background-position":"center center","background-size":"auto","background-attachment":"scroll","background-type":"","background-media":"","overlay-type":"","overlay-color":"","overlay-opacity":"","overlay-gradient":""},"mobile":{"background-color":"","background-image":"","background-repeat":"repeat","background-position":"center center","background-size":"auto","background-attachment":"scroll","background-type":"","background-media":"","overlay-type":"","overlay-color":"","overlay-opacity":"","overlay-gradient":""}},"ast-content-background-meta":{"desktop":{"background-color":"var(--ast-global-color-5)","background-image":"","background-repeat":"repeat","background-position":"center center","background-size":"auto","background-attachment":"scroll","background-type":"","background-media":"","overlay-type":"","overlay-color":"","overlay-opacity":"","overlay-gradient":""},"tablet":{"background-color":"var(--ast-global-color-5)","background-image":"","background-repeat":"repeat","background-position":"center center","background-size":"auto","background-attachment":"scroll","background-type":"","background-media":"","overlay-type":"","overlay-color":"","overlay-opacity":"","overlay-gradient":""},"mobile":{"background-color":"var(--ast-global-color-5)","background-image":"","background-repeat":"repeat","background-position":"center center","background-size":"auto","background-attachment":"scroll","background-type":"","background-media":"","overlay-type":"","overlay-color":"","overlay-opacity":"","overlay-gradient":""}},"footnotes":""},"class_list":["post-13341","page","type-page","status-publish","hentry"],"acf":[],"yoast_head":"<!-- This site is optimized with the Yoast SEO plugin v27.5 - https:\/\/yoast.com\/product\/yoast-seo-wordpress\/ -->\n<title>Pirkti pripu\u010diamas \u010diuo\u017eyklas ir \u0161okdynes \u012f Lietuv\u0105 - dodo-inflatables.com<\/title>\n<meta name=\"robots\" content=\"index, follow, max-snippet:-1, max-image-preview:large, max-video-preview:-1\" \/>\n<link rel=\"canonical\" href=\"https:\/\/dodo-inflatables.com\/sl\/pirkti-pripuciamas-ciuozyklas-ir-sokdynes-i-lietuva\/\" \/>\n<meta name=\"twitter:label1\" content=\"Est. reading time\" \/>\n\t<meta name=\"twitter:data1\" content=\"2 minuti\" \/>\n<script type=\"application\/ld+json\" class=\"yoast-schema-graph\">{\"@context\":\"https:\\\/\\\/schema.org\",\"@graph\":[{\"@type\":\"WebPage\",\"@id\":\"https:\\\/\\\/dodo-inflatables.com\\\/sl\\\/pirkti-pripuciamas-ciuozyklas-ir-sokdynes-i-lietuva\\\/\",\"url\":\"https:\\\/\\\/dodo-inflatables.com\\\/sl\\\/pirkti-pripuciamas-ciuozyklas-ir-sokdynes-i-lietuva\\\/\",\"name\":\"Pirkti pripu\u010diamas \u010diuo\u017eyklas ir \u0161okdynes \u012f Lietuv\u0105 - dodo-inflatables.com\",\"isPartOf\":{\"@id\":\"https:\\\/\\\/dodo-inflatables.com\\\/sl\\\/#website\"},\"primaryImageOfPage\":{\"@id\":\"https:\\\/\\\/dodo-inflatables.com\\\/sl\\\/pirkti-pripuciamas-ciuozyklas-ir-sokdynes-i-lietuva\\\/#primaryimage\"},\"image\":{\"@id\":\"https:\\\/\\\/dodo-inflatables.com\\\/sl\\\/pirkti-pripuciamas-ciuozyklas-ir-sokdynes-i-lietuva\\\/#primaryimage\"},\"thumbnailUrl\":\"https:\\\/\\\/dodo-inflatables.com\\\/wp-content\\\/uploads\\\/2022\\\/01\\\/seperator-kleiner-1024x102.png\",\"datePublished\":\"2024-03-07T18:12:41+00:00\",\"dateModified\":\"2024-07-10T11:57:12+00:00\",\"breadcrumb\":{\"@id\":\"https:\\\/\\\/dodo-inflatables.com\\\/sl\\\/pirkti-pripuciamas-ciuozyklas-ir-sokdynes-i-lietuva\\\/#breadcrumb\"},\"inLanguage\":\"sl-SI\",\"potentialAction\":[{\"@type\":\"ReadAction\",\"target\":[\"https:\\\/\\\/dodo-inflatables.com\\\/sl\\\/pirkti-pripuciamas-ciuozyklas-ir-sokdynes-i-lietuva\\\/\"]}]},{\"@type\":\"ImageObject\",\"inLanguage\":\"sl-SI\",\"@id\":\"https:\\\/\\\/dodo-inflatables.com\\\/sl\\\/pirkti-pripuciamas-ciuozyklas-ir-sokdynes-i-lietuva\\\/#primaryimage\",\"url\":\"https:\\\/\\\/dodo-inflatables.com\\\/wp-content\\\/uploads\\\/2022\\\/01\\\/seperator-kleiner-1024x102.png\",\"contentUrl\":\"https:\\\/\\\/dodo-inflatables.com\\\/wp-content\\\/uploads\\\/2022\\\/01\\\/seperator-kleiner-1024x102.png\"},{\"@type\":\"BreadcrumbList\",\"@id\":\"https:\\\/\\\/dodo-inflatables.com\\\/sl\\\/pirkti-pripuciamas-ciuozyklas-ir-sokdynes-i-lietuva\\\/#breadcrumb\",\"itemListElement\":[{\"@type\":\"ListItem\",\"position\":1,\"name\":\"Home\",\"item\":\"https:\\\/\\\/dodo-inflatables.com\\\/sl\\\/\"},{\"@type\":\"ListItem\",\"position\":2,\"name\":\"Pirkti pripu\u010diamas \u010diuo\u017eyklas ir \u0161okdynes \u012f Lietuv\u0105\"}]},{\"@type\":\"WebSite\",\"@id\":\"https:\\\/\\\/dodo-inflatables.com\\\/sl\\\/#website\",\"url\":\"https:\\\/\\\/dodo-inflatables.com\\\/sl\\\/\",\"name\":\"dodo-inflatables.com\",\"description\":\"Kupite napihljive gradove in atrakcije v na\u0161i trgovini.\",\"potentialAction\":[{\"@type\":\"SearchAction\",\"target\":{\"@type\":\"EntryPoint\",\"urlTemplate\":\"https:\\\/\\\/dodo-inflatables.com\\\/sl\\\/?s={search_term_string}\"},\"query-input\":{\"@type\":\"PropertyValueSpecification\",\"valueRequired\":true,\"valueName\":\"search_term_string\"}}],\"inLanguage\":\"sl-SI\"}]}<\/script>\n<!-- \/ Yoast SEO plugin. -->","yoast_head_json":{"title":"Pirkti pripu\u010diamas \u010diuo\u017eyklas ir \u0161okdynes \u012f Lietuv\u0105 - dodo-inflatables.com","robots":{"index":"index","follow":"follow","max-snippet":"max-snippet:-1","max-image-preview":"max-image-preview:large","max-video-preview":"max-video-preview:-1"},"canonical":"https:\/\/dodo-inflatables.com\/sl\/pirkti-pripuciamas-ciuozyklas-ir-sokdynes-i-lietuva\/","twitter_misc":{"Est. reading time":"2 minuti"},"schema":{"@context":"https:\/\/schema.org","@graph":[{"@type":"WebPage","@id":"https:\/\/dodo-inflatables.com\/sl\/pirkti-pripuciamas-ciuozyklas-ir-sokdynes-i-lietuva\/","url":"https:\/\/dodo-inflatables.com\/sl\/pirkti-pripuciamas-ciuozyklas-ir-sokdynes-i-lietuva\/","name":"Pirkti pripu\u010diamas \u010diuo\u017eyklas ir \u0161okdynes \u012f Lietuv\u0105 - dodo-inflatables.com","isPartOf":{"@id":"https:\/\/dodo-inflatables.com\/sl\/#website"},"primaryImageOfPage":{"@id":"https:\/\/dodo-inflatables.com\/sl\/pirkti-pripuciamas-ciuozyklas-ir-sokdynes-i-lietuva\/#primaryimage"},"image":{"@id":"https:\/\/dodo-inflatables.com\/sl\/pirkti-pripuciamas-ciuozyklas-ir-sokdynes-i-lietuva\/#primaryimage"},"thumbnailUrl":"https:\/\/dodo-inflatables.com\/wp-content\/uploads\/2022\/01\/seperator-kleiner-1024x102.png","datePublished":"2024-03-07T18:12:41+00:00","dateModified":"2024-07-10T11:57:12+00:00","breadcrumb":{"@id":"https:\/\/dodo-inflatables.com\/sl\/pirkti-pripuciamas-ciuozyklas-ir-sokdynes-i-lietuva\/#breadcrumb"},"inLanguage":"sl-SI","potentialAction":[{"@type":"ReadAction","target":["https:\/\/dodo-inflatables.com\/sl\/pirkti-pripuciamas-ciuozyklas-ir-sokdynes-i-lietuva\/"]}]},{"@type":"ImageObject","inLanguage":"sl-SI","@id":"https:\/\/dodo-inflatables.com\/sl\/pirkti-pripuciamas-ciuozyklas-ir-sokdynes-i-lietuva\/#primaryimage","url":"https:\/\/dodo-inflatables.com\/wp-content\/uploads\/2022\/01\/seperator-kleiner-1024x102.png","contentUrl":"https:\/\/dodo-inflatables.com\/wp-content\/uploads\/2022\/01\/seperator-kleiner-1024x102.png"},{"@type":"BreadcrumbList","@id":"https:\/\/dodo-inflatables.com\/sl\/pirkti-pripuciamas-ciuozyklas-ir-sokdynes-i-lietuva\/#breadcrumb","itemListElement":[{"@type":"ListItem","position":1,"name":"Home","item":"https:\/\/dodo-inflatables.com\/sl\/"},{"@type":"ListItem","position":2,"name":"Pirkti pripu\u010diamas \u010diuo\u017eyklas ir \u0161okdynes \u012f Lietuv\u0105"}]},{"@type":"WebSite","@id":"https:\/\/dodo-inflatables.com\/sl\/#website","url":"https:\/\/dodo-inflatables.com\/sl\/","name":"dodo-inflatables.com","description":"Kupite napihljive gradove in atrakcije v na\u0161i trgovini.","potentialAction":[{"@type":"SearchAction","target":{"@type":"EntryPoint","urlTemplate":"https:\/\/dodo-inflatables.com\/sl\/?s={search_term_string}"},"query-input":{"@type":"PropertyValueSpecification","valueRequired":true,"valueName":"search_term_string"}}],"inLanguage":"sl-SI"}]}},"uagb_featured_image_src":{"full":false,"thumbnail":false,"medium":false,"medium_large":false,"large":false,"1536x1536":false,"2048x2048":false,"woocommerce_thumbnail":false,"woocommerce_single":false,"woocommerce_gallery_thumbnail":false},"uagb_author_info":{"display_name":"Andreas","author_link":"https:\/\/dodo-inflatables.com\/sl\/author\/andreas\/"},"uagb_comment_info":0,"uagb_excerpt":"Pirkti pripu\u010diamas \u010diuo\u017eyklas ir \u0161okdynes \u012f Lietuv\u0105 Zdravi atvyk\u0119 \u012f Dodo-Inflatables.com &#8211; na\u0161ih internetnih pripu\u010dljivih skraidykli\u0173 parduotuv\u0119 Evropi! Pasinerkite v na\u0161e platforme visoke kakovosti pripu\u010diam\u0173 atrakcion\u0173, pripu\u010dljivih pili\u0173 ir \u010diuo\u017eykl\u0173 pasirinkim\u0105, kuris bet kokiai progai suteiks \u0161iek tiek ve\u010d d\u017eiaugsmo. Nesvarbu, ar ie\u0161kote didel\u0117s pripu\u010diamos pilies \u012fmon\u0117s renginiui, ma\u017eos pripu\u010diamos pilies vaik\u0173 gimtadienio vakar\u0117liui, ar&hellip;","_links":{"self":[{"href":"https:\/\/dodo-inflatables.com\/sl\/wp-json\/wp\/v2\/pages\/13341","targetHints":{"allow":["GET"]}}],"collection":[{"href":"https:\/\/dodo-inflatables.com\/sl\/wp-json\/wp\/v2\/pages"}],"about":[{"href":"https:\/\/dodo-inflatables.com\/sl\/wp-json\/wp\/v2\/types\/page"}],"author":[{"embeddable":true,"href":"https:\/\/dodo-inflatables.com\/sl\/wp-json\/wp\/v2\/users\/1"}],"replies":[{"embeddable":true,"href":"https:\/\/dodo-inflatables.com\/sl\/wp-json\/wp\/v2\/comments?post=13341"}],"version-history":[{"count":2,"href":"https:\/\/dodo-inflatables.com\/sl\/wp-json\/wp\/v2\/pages\/13341\/revisions"}],"predecessor-version":[{"id":13343,"href":"https:\/\/dodo-inflatables.com\/sl\/wp-json\/wp\/v2\/pages\/13341\/revisions\/13343"}],"wp:attachment":[{"href":"https:\/\/dodo-inflatables.com\/sl\/wp-json\/wp\/v2\/media?parent=13341"}],"curies":[{"name":"wp","href":"https:\/\/api.w.org\/{rel}","templated":true}]}}