{"id":105614,"date":"2026-04-04T13:54:47","date_gmt":"2026-04-04T11:54:47","guid":{"rendered":"https:\/\/dodo-inflatables.com\/dodo-relaunch?product=majhne-varnostne-podloge-za-napihljive-gradove-120-x-120-x-5-cm"},"modified":"2026-04-04T13:54:47","modified_gmt":"2026-04-04T11:54:47","slug":"majhne-varnostne-podloge-za-napihljive-gradove-120-x-120-x-5-cm","status":"publish","type":"product","link":"https:\/\/dodo-inflatables.com\/sl\/izdelek\/majhne-varnostne-podloge-za-napihljive-gradove-120-x-120-x-5-cm\/","title":{"rendered":"Majhne varnostne podloge za napihljive gradove 120 x 120 x 5 cm"},"content":{"rendered":"<h2>Kupite majhne varnostne podloge za napihljive gradove<\/h2>\n<p class=\"p1\">Na\u0161e varnostne podloge so ide\u0430\u043b\u0435\u043d dodatek vsakemu napihljivemu gradu in zagotavljajo maksimalno varnost na obmo\u010dju vstopa in izstopa. Zlasti za najemodajalce in upravljavce z visokimi varnostnimi standardi so te majhne podloge zanesljiva in trpe\u017ena re\u0161itev.<\/p>\n<p class=\"p1\"><span class=\"s1\"><b>Optimalna absorpcija udarcev:<\/b><\/span> Visokokakovostna lahka EPE pena zanesljivo absorbira udarce in bistveno zmanj\u0161uje tveganje po\u0161kodb pri vstopu in izstopu iz napihljivega gradu.<\/p>\n<p class=\"p1\"><span class=\"s1\"><b>Var\u010devanje s prostorom in prilagodljivost:<\/b><\/span> Zlo\u017eljiva varnostna podloga se lahko zlo\u017ei v tri dele, kar jo naredi posebej kompaktno za prevoz in shranjevanje \u2013 idealno za mobilno uporabo pri najemodajalnih dejavnostih.<\/p>\n<p class=\"p1\"><span class=\"s1\"><b>Izbolj\u0161ana kakovost izdelave:<\/b><\/span> \u0160ivi so name\u0161\u010deni na notranji strani in ne le\u017eijo ve\u010d na zunanji povr\u0161ini. To pomaga prepre\u010diti drgnjenje ob tla in prezgodnje obrabo.<\/p>\n<p class=\"p1\"><span class=\"s1\"><b>Maksimalna varnost:<\/b><\/span> Namerno izdelano brez ro\u010dajev za prena\u0161anje, da se izognemo nevarnosti spotikanja in da je uporaba v neposredni bli\u017eini napihljivega gradu \u0161e varnej\u0161a.<\/p>\n<p class=\"p1\"><span class=\"s1\"><b>Vzdr\u017eljiva prevleka:<\/b><\/span> Trpe\u017eno blago iz PU ponjave je dolgotrajno, enostavno za vzdr\u017eevanje in zasnovano za redno uporabo v sektorju prireditev in najema.<\/p>\n<p>&nbsp;<br \/>\n<strong>Podrobnosti o majhni varnostni podlogi<\/strong><\/p>\n<ul>\n<li>Odprte mere: 120 x 120 x 5 cm<\/li>\n<li>Zlo\u017eene mere: 60 x 120 x 10 cm<\/li>\n<li>Material pene: EPE RG 18<\/li>\n<li>Material prevleke: blago iz PU ponjave, debelina 0,6 mm<\/li>\n<li>Te\u017ea: 2,8 kg<\/li>\n<\/ul>\n","protected":false},"excerpt":{"rendered":"<ul>\n<li>Odprte mere: 120 x 120 x 5 cm<\/li>\n<li>Zlo\u017eene mere: 60 x 120 x 10 cm<\/li>\n<li>Material pene: EPE RG 18<\/li>\n<li>Material prevleke: blago iz PU ponjave, debelina 0,6 mm<\/li>\n<li>Te\u017ea: 2,8 kg<\/li>\n<\/ul>\n","protected":false},"featured_media":105608,"comment_status":"open","ping_status":"closed","template":"","meta":{"_acf_changed":false,"_uag_custom_page_level_css":"","site-sidebar-layout":"default","site-content-layout":"boxed-container","ast-site-content-layout":"normal-width-container","site-content-style":"boxed","site-sidebar-style":"default","ast-global-header-display":"","ast-banner-title-visibility":"","ast-main-header-display":"","ast-hfb-above-header-display":"","ast-hfb-below-header-display":"","ast-hfb-mobile-header-display":"","site-post-title":"disabled","ast-breadcrumbs-content":"","ast-featured-img":"","footer-sml-layout":"","ast-disable-related-posts":"","theme-transparent-header-meta":"default","adv-header-id-meta":"","stick-header-meta":"default","header-above-stick-meta":"","header-main-stick-meta":"","header-below-stick-meta":"","astra-migrate-meta-layouts":"default","ast-page-background-enabled":"default","ast-page-background-meta":{"desktop":{"background-color":"var(--ast-global-color-4)","background-image":"","background-repeat":"repeat","background-position":"center center","background-size":"auto","background-attachment":"scroll","background-type":"","background-media":"","overlay-type":"","overlay-color":"","overlay-opacity":"","overlay-gradient":""},"tablet":{"background-color":"","background-image":"","background-repeat":"repeat","background-position":"center center","background-size":"auto","background-attachment":"scroll","background-type":"","background-media":"","overlay-type":"","overlay-color":"","overlay-opacity":"","overlay-gradient":""},"mobile":{"background-color":"","background-image":"","background-repeat":"repeat","background-position":"center center","background-size":"auto","background-attachment":"scroll","background-type":"","background-media":"","overlay-type":"","overlay-color":"","overlay-opacity":"","overlay-gradient":""}},"ast-content-background-meta":{"desktop":{"background-color":"var(--ast-global-color-5)","background-image":"","background-repeat":"repeat","background-position":"center center","background-size":"auto","background-attachment":"scroll","background-type":"","background-media":"","overlay-type":"","overlay-color":"","overlay-opacity":"","overlay-gradient":""},"tablet":{"background-color":"var(--ast-global-color-5)","background-image":"","background-repeat":"repeat","background-position":"center center","background-size":"auto","background-attachment":"scroll","background-type":"","background-media":"","overlay-type":"","overlay-color":"","overlay-opacity":"","overlay-gradient":""},"mobile":{"background-color":"var(--ast-global-color-5)","background-image":"","background-repeat":"repeat","background-position":"center center","background-size":"auto","background-attachment":"scroll","background-type":"","background-media":"","overlay-type":"","overlay-color":"","overlay-opacity":"","overlay-gradient":""}}},"product_brand":[],"product_cat":[1132],"product_tag":[],"class_list":{"0":"post-105614","1":"product","2":"type-product","3":"status-publish","4":"has-post-thumbnail","6":"product_cat-dodatki","7":"product_shipping_class-spedition-hupfburg-sl","8":"desktop-align-center","9":"tablet-align-center","10":"mobile-align-center","11":"ast-product-gallery-layout-horizontal","12":"ast-product-tabs-layout-horizontal","14":"first","15":"instock","16":"taxable","17":"shipping-taxable","18":"purchasable","19":"product-type-simple"},"acf":[],"yoast_head":"<!-- This site is optimized with the Yoast SEO plugin v27.5 - https:\/\/yoast.com\/product\/yoast-seo-wordpress\/ -->\n<title>Majhne varnostne podloge za napihljive gradove 120 x 120 x 5 cm | Dodo Inflatables<\/title>\n<meta name=\"description\" content=\"Majhne varnostne podloge za napihljive gradove \u2013 EPE pena, zlo\u017eljivo v tri dele, prevleka iz PU ponjave. Maksimalna varnost na obmo\u010dju vstopa in izstopa, idealno za najemodajalce.\" \/>\n<meta name=\"robots\" content=\"index, follow, max-snippet:-1, max-image-preview:large, max-video-preview:-1\" \/>\n<link rel=\"canonical\" href=\"https:\/\/dodo-inflatables.com\/sl\/izdelek\/majhne-varnostne-podloge-za-napihljive-gradove-120-x-120-x-5-cm\/\" \/>\n<meta name=\"twitter:label1\" content=\"Est. reading time\" \/>\n\t<meta name=\"twitter:data1\" content=\"1 minuta\" \/>\n<script type=\"application\/ld+json\" class=\"yoast-schema-graph\">{\"@context\":\"https:\\\/\\\/schema.org\",\"@graph\":[{\"@type\":\"WebPage\",\"@id\":\"https:\\\/\\\/dodo-inflatables.com\\\/sl\\\/izdelek\\\/majhne-varnostne-podloge-za-napihljive-gradove-120-x-120-x-5-cm\\\/\",\"url\":\"https:\\\/\\\/dodo-inflatables.com\\\/sl\\\/izdelek\\\/majhne-varnostne-podloge-za-napihljive-gradove-120-x-120-x-5-cm\\\/\",\"name\":\"Majhne varnostne podloge za napihljive gradove 120 x 120 x 5 cm | Dodo Inflatables\",\"isPartOf\":{\"@id\":\"https:\\\/\\\/dodo-inflatables.com\\\/sl\\\/#website\"},\"primaryImageOfPage\":{\"@id\":\"https:\\\/\\\/dodo-inflatables.com\\\/sl\\\/izdelek\\\/majhne-varnostne-podloge-za-napihljive-gradove-120-x-120-x-5-cm\\\/#primaryimage\"},\"image\":{\"@id\":\"https:\\\/\\\/dodo-inflatables.com\\\/sl\\\/izdelek\\\/majhne-varnostne-podloge-za-napihljive-gradove-120-x-120-x-5-cm\\\/#primaryimage\"},\"thumbnailUrl\":\"https:\\\/\\\/dodo-inflatables.com\\\/wp-content\\\/uploads\\\/2026\\\/04\\\/Buy-small-fall-protection-mats-for-bouncy-castles-06.jpg\",\"datePublished\":\"2026-04-04T11:54:47+00:00\",\"description\":\"Majhne varnostne podloge za napihljive gradove \u2013 EPE pena, zlo\u017eljivo v tri dele, prevleka iz PU ponjave. Maksimalna varnost na obmo\u010dju vstopa in izstopa, idealno za najemodajalce.\",\"breadcrumb\":{\"@id\":\"https:\\\/\\\/dodo-inflatables.com\\\/sl\\\/izdelek\\\/majhne-varnostne-podloge-za-napihljive-gradove-120-x-120-x-5-cm\\\/#breadcrumb\"},\"inLanguage\":\"sl-SI\",\"potentialAction\":[{\"@type\":\"ReadAction\",\"target\":[\"https:\\\/\\\/dodo-inflatables.com\\\/sl\\\/izdelek\\\/majhne-varnostne-podloge-za-napihljive-gradove-120-x-120-x-5-cm\\\/\"]}]},{\"@type\":\"ImageObject\",\"inLanguage\":\"sl-SI\",\"@id\":\"https:\\\/\\\/dodo-inflatables.com\\\/sl\\\/izdelek\\\/majhne-varnostne-podloge-za-napihljive-gradove-120-x-120-x-5-cm\\\/#primaryimage\",\"url\":\"https:\\\/\\\/dodo-inflatables.com\\\/wp-content\\\/uploads\\\/2026\\\/04\\\/Buy-small-fall-protection-mats-for-bouncy-castles-06.jpg\",\"contentUrl\":\"https:\\\/\\\/dodo-inflatables.com\\\/wp-content\\\/uploads\\\/2026\\\/04\\\/Buy-small-fall-protection-mats-for-bouncy-castles-06.jpg\",\"width\":1000,\"height\":1000,\"caption\":\"Majhne varnostne podloge za napihljive gradove 120 x 120 x 5 cm | Dodo Inflatables\"},{\"@type\":\"BreadcrumbList\",\"@id\":\"https:\\\/\\\/dodo-inflatables.com\\\/sl\\\/izdelek\\\/majhne-varnostne-podloge-za-napihljive-gradove-120-x-120-x-5-cm\\\/#breadcrumb\",\"itemListElement\":[{\"@type\":\"ListItem\",\"position\":1,\"name\":\"Home\",\"item\":\"https:\\\/\\\/dodo-inflatables.com\\\/sl\\\/\"},{\"@type\":\"ListItem\",\"position\":2,\"name\":\"Trgovina\",\"item\":\"https:\\\/\\\/dodo-inflatables.com\\\/sl\\\/trgovina\\\/\"},{\"@type\":\"ListItem\",\"position\":3,\"name\":\"Majhne varnostne podloge za napihljive gradove 120 x 120 x 5 cm\"}]},{\"@type\":\"WebSite\",\"@id\":\"https:\\\/\\\/dodo-inflatables.com\\\/sl\\\/#website\",\"url\":\"https:\\\/\\\/dodo-inflatables.com\\\/sl\\\/\",\"name\":\"dodo-inflatables.com\",\"description\":\"Kupite napihljive gradove in atrakcije v na\u0161i trgovini.\",\"potentialAction\":[{\"@type\":\"SearchAction\",\"target\":{\"@type\":\"EntryPoint\",\"urlTemplate\":\"https:\\\/\\\/dodo-inflatables.com\\\/sl\\\/?s={search_term_string}\"},\"query-input\":{\"@type\":\"PropertyValueSpecification\",\"valueRequired\":true,\"valueName\":\"search_term_string\"}}],\"inLanguage\":\"sl-SI\"}]}<\/script>\n<!-- \/ Yoast SEO plugin. -->","yoast_head_json":{"title":"Majhne varnostne podloge za napihljive gradove 120 x 120 x 5 cm | Dodo Inflatables","description":"Majhne varnostne podloge za napihljive gradove \u2013 EPE pena, zlo\u017eljivo v tri dele, prevleka iz PU ponjave. Maksimalna varnost na obmo\u010dju vstopa in izstopa, idealno za najemodajalce.","robots":{"index":"index","follow":"follow","max-snippet":"max-snippet:-1","max-image-preview":"max-image-preview:large","max-video-preview":"max-video-preview:-1"},"canonical":"https:\/\/dodo-inflatables.com\/sl\/izdelek\/majhne-varnostne-podloge-za-napihljive-gradove-120-x-120-x-5-cm\/","twitter_misc":{"Est. reading time":"1 minuta"},"schema":{"@context":"https:\/\/schema.org","@graph":[{"@type":"WebPage","@id":"https:\/\/dodo-inflatables.com\/sl\/izdelek\/majhne-varnostne-podloge-za-napihljive-gradove-120-x-120-x-5-cm\/","url":"https:\/\/dodo-inflatables.com\/sl\/izdelek\/majhne-varnostne-podloge-za-napihljive-gradove-120-x-120-x-5-cm\/","name":"Majhne varnostne podloge za napihljive gradove 120 x 120 x 5 cm | Dodo Inflatables","isPartOf":{"@id":"https:\/\/dodo-inflatables.com\/sl\/#website"},"primaryImageOfPage":{"@id":"https:\/\/dodo-inflatables.com\/sl\/izdelek\/majhne-varnostne-podloge-za-napihljive-gradove-120-x-120-x-5-cm\/#primaryimage"},"image":{"@id":"https:\/\/dodo-inflatables.com\/sl\/izdelek\/majhne-varnostne-podloge-za-napihljive-gradove-120-x-120-x-5-cm\/#primaryimage"},"thumbnailUrl":"https:\/\/dodo-inflatables.com\/wp-content\/uploads\/2026\/04\/Buy-small-fall-protection-mats-for-bouncy-castles-06.jpg","datePublished":"2026-04-04T11:54:47+00:00","description":"Majhne varnostne podloge za napihljive gradove \u2013 EPE pena, zlo\u017eljivo v tri dele, prevleka iz PU ponjave. Maksimalna varnost na obmo\u010dju vstopa in izstopa, idealno za najemodajalce.","breadcrumb":{"@id":"https:\/\/dodo-inflatables.com\/sl\/izdelek\/majhne-varnostne-podloge-za-napihljive-gradove-120-x-120-x-5-cm\/#breadcrumb"},"inLanguage":"sl-SI","potentialAction":[{"@type":"ReadAction","target":["https:\/\/dodo-inflatables.com\/sl\/izdelek\/majhne-varnostne-podloge-za-napihljive-gradove-120-x-120-x-5-cm\/"]}]},{"@type":"ImageObject","inLanguage":"sl-SI","@id":"https:\/\/dodo-inflatables.com\/sl\/izdelek\/majhne-varnostne-podloge-za-napihljive-gradove-120-x-120-x-5-cm\/#primaryimage","url":"https:\/\/dodo-inflatables.com\/wp-content\/uploads\/2026\/04\/Buy-small-fall-protection-mats-for-bouncy-castles-06.jpg","contentUrl":"https:\/\/dodo-inflatables.com\/wp-content\/uploads\/2026\/04\/Buy-small-fall-protection-mats-for-bouncy-castles-06.jpg","width":1000,"height":1000,"caption":"Majhne varnostne podloge za napihljive gradove 120 x 120 x 5 cm | Dodo Inflatables"},{"@type":"BreadcrumbList","@id":"https:\/\/dodo-inflatables.com\/sl\/izdelek\/majhne-varnostne-podloge-za-napihljive-gradove-120-x-120-x-5-cm\/#breadcrumb","itemListElement":[{"@type":"ListItem","position":1,"name":"Home","item":"https:\/\/dodo-inflatables.com\/sl\/"},{"@type":"ListItem","position":2,"name":"Trgovina","item":"https:\/\/dodo-inflatables.com\/sl\/trgovina\/"},{"@type":"ListItem","position":3,"name":"Majhne varnostne podloge za napihljive gradove 120 x 120 x 5 cm"}]},{"@type":"WebSite","@id":"https:\/\/dodo-inflatables.com\/sl\/#website","url":"https:\/\/dodo-inflatables.com\/sl\/","name":"dodo-inflatables.com","description":"Kupite napihljive gradove in atrakcije v na\u0161i trgovini.","potentialAction":[{"@type":"SearchAction","target":{"@type":"EntryPoint","urlTemplate":"https:\/\/dodo-inflatables.com\/sl\/?s={search_term_string}"},"query-input":{"@type":"PropertyValueSpecification","valueRequired":true,"valueName":"search_term_string"}}],"inLanguage":"sl-SI"}]}},"uagb_featured_image_src":{"full":["https:\/\/dodo-inflatables.com\/wp-content\/uploads\/2026\/04\/Buy-small-fall-protection-mats-for-bouncy-castles-06.jpg",1000,1000,false],"thumbnail":["https:\/\/dodo-inflatables.com\/wp-content\/uploads\/2026\/04\/Buy-small-fall-protection-mats-for-bouncy-castles-06-150x150.jpg",150,150,true],"medium":["https:\/\/dodo-inflatables.com\/wp-content\/uploads\/2026\/04\/Buy-small-fall-protection-mats-for-bouncy-castles-06-300x300.jpg",300,300,true],"medium_large":["https:\/\/dodo-inflatables.com\/wp-content\/uploads\/2026\/04\/Buy-small-fall-protection-mats-for-bouncy-castles-06-768x768.jpg",768,768,true],"large":["https:\/\/dodo-inflatables.com\/wp-content\/uploads\/2026\/04\/Buy-small-fall-protection-mats-for-bouncy-castles-06.jpg",1000,1000,false],"1536x1536":["https:\/\/dodo-inflatables.com\/wp-content\/uploads\/2026\/04\/Buy-small-fall-protection-mats-for-bouncy-castles-06.jpg",1000,1000,false],"2048x2048":["https:\/\/dodo-inflatables.com\/wp-content\/uploads\/2026\/04\/Buy-small-fall-protection-mats-for-bouncy-castles-06.jpg",1000,1000,false],"woocommerce_thumbnail":["https:\/\/dodo-inflatables.com\/wp-content\/uploads\/2026\/04\/Buy-small-fall-protection-mats-for-bouncy-castles-06-900x900.jpg",900,900,true],"woocommerce_single":["https:\/\/dodo-inflatables.com\/wp-content\/uploads\/2026\/04\/Buy-small-fall-protection-mats-for-bouncy-castles-06-900x900.jpg",900,900,true],"woocommerce_gallery_thumbnail":["https:\/\/dodo-inflatables.com\/wp-content\/uploads\/2026\/04\/Buy-small-fall-protection-mats-for-bouncy-castles-06-100x100.jpg",100,100,true]},"uagb_author_info":{"display_name":"Andreas","author_link":"https:\/\/dodo-inflatables.com\/sl\/author\/"},"uagb_comment_info":0,"uagb_excerpt":"Odprte mere: 120 x 120 x 5 cm Zlo\u017eene mere: 60 x 120 x 10 cm Material pene: EPE RG 18 Material prevleke: blago iz PU ponjave, debelina 0,6 mm Te\u017ea: 2,8 kg","_links":{"self":[{"href":"https:\/\/dodo-inflatables.com\/sl\/wp-json\/wp\/v2\/product\/105614","targetHints":{"allow":["GET"]}}],"collection":[{"href":"https:\/\/dodo-inflatables.com\/sl\/wp-json\/wp\/v2\/product"}],"about":[{"href":"https:\/\/dodo-inflatables.com\/sl\/wp-json\/wp\/v2\/types\/product"}],"replies":[{"embeddable":true,"href":"https:\/\/dodo-inflatables.com\/sl\/wp-json\/wp\/v2\/comments?post=105614"}],"wp:featuredmedia":[{"embeddable":true,"href":"https:\/\/dodo-inflatables.com\/sl\/wp-json\/wp\/v2\/media\/105608"}],"wp:attachment":[{"href":"https:\/\/dodo-inflatables.com\/sl\/wp-json\/wp\/v2\/media?parent=105614"}],"wp:term":[{"taxonomy":"product_brand","embeddable":true,"href":"https:\/\/dodo-inflatables.com\/sl\/wp-json\/wp\/v2\/product_brand?post=105614"},{"taxonomy":"product_cat","embeddable":true,"href":"https:\/\/dodo-inflatables.com\/sl\/wp-json\/wp\/v2\/product_cat?post=105614"},{"taxonomy":"product_tag","embeddable":true,"href":"https:\/\/dodo-inflatables.com\/sl\/wp-json\/wp\/v2\/product_tag?post=105614"}],"curies":[{"name":"wp","href":"https:\/\/api.w.org\/{rel}","templated":true}]}}