{"id":105669,"date":"2026-04-04T13:54:47","date_gmt":"2026-04-04T11:54:47","guid":{"rendered":"https:\/\/dodo-inflatables.com\/dodo-relaunch?product=starter-set-majhen-huawei-15-hp"},"modified":"2026-04-04T13:54:47","modified_gmt":"2026-04-04T11:54:47","slug":"starter-set-majhen-huawei-15-hp","status":"publish","type":"product","link":"https:\/\/dodo-inflatables.com\/sl\/izdelek\/starter-set-majhen-huawei-15-hp\/","title":{"rendered":"Starter Set majhen &#8211; Huawei 1,5 HP"},"content":{"rendered":"<h2>Starter Set majhen &#8211; Huawei \u2013 Vse, kar potrebujete za popoln za\u010detek z napihljivim gradom!<\/h2>\n<p>&nbsp;<br \/>\nSte kupili napihljivi grad in \u017eelite takoj za\u010deti? Potem je na\u0161 Starter Set majhen &#8211; Huawei to\u010dno to, kar potrebujete! Vklju\u010duje vse bistvene pripomo\u010dke, ki jih potrebujete za varno in nemoteno delovanje napihljivega gradu \u2013 in kot dodatni bonus je deflator vklju\u010den brezpla\u010dno!<br \/>\n<em><strong>Ta set vklju\u010duje:<\/strong><\/em><br \/>\n\u2705 <strong>Huawei pihalo (1,5 HP) &#8211; <\/strong><br \/>\nMo\u010dno in zanesljivo pihalo je srce vsakega napihljivega gradu. Huawei pihalo 1,5 HP zagotavlja hitro in enakomerno napihovanje, tako da je va\u0161 napihljivi grad pripravljen za uporabo v hipu. Deluje u\u010dinkovito, je zasnovano za dolgotrajno uporabo in je popolnoma prilagojeno zahtevam napihljivih gradov.<br \/>\n\u2705 <strong>Zemeljski klini za varno sidranje &#8211; <\/strong><br \/>\nDa bi va\u0161 napihljivi grad ostal stabilen in varno na mestu, so v setu vklju\u010deni visokokakovostni zemeljski klini. Pomagajo zagotoviti, da va\u0161a napihljiva konstrukcija ostane trdno name\u0161\u010dena, tudi med intenzivno uporabo in energi\u010dnim skakanjem, ter zagotavljajo dodatno varnost v lahkih vetrnih razmerah. Enostavna uporaba, maksimalna varnost!<br \/>\n\u2705 <strong>Podlo\u017ena ponjava (5 x 6 m) \u2013 Za\u0161\u010dita za va\u0161 napihljivi grad &#8211; <\/strong><br \/>\nDobra podlo\u017ena ponjava je bistvenega pomena za za\u0161\u010dito napihljivega gradu pred umazanijo, majhnimi kamni in neravnimi povr\u0161inami. Prilo\u017eena podlo\u017ena ponjava 5 x 6 m zagotavlja trajno za\u0161\u010ditno plast in pomaga podalj\u0161ati \u017eivljenjsko dobo va\u0161e napihljive konstrukcije.<br \/>\n\ud83d\udca8 <strong>Brezpla\u010dno vklju\u010deno: Deflator \u2013 za hitrej\u0161e pakiranje! &#8211; <\/strong><br \/>\nKo je zabava kon\u010dana, je treba napihljivi grad izprazniti in pospraviti \u2013 in to\u010dno tu pride deflator! Ta prakti\u010den pripomo\u010dek pomaga odstraniti zrak veliko hitreje, kar naredi pakiranje hitro in enostavno.<br \/>\n<strong>Zakaj izbrati ta starter set?<\/strong><br \/>\n\u2714 <em>Popolnoma usklajeni pripomo\u010dki<\/em> \u2013 Vse, kar potrebujete za za\u010detek v enem prakti\u010dnem setu.<br \/>\n\u2714 <em>Hitra postavitev in varna uporaba<\/em> \u2013 Zahvaljujo\u010d mo\u010dnemu pihalu in trdnim zemeljskim klinom.<br \/>\n\u2714 <em>Dalj\u0161a \u017eivljenjska doba napihljivega gradu<\/em> \u2013 Z za\u0161\u010ditno podlo\u017eno ponjavo.<br \/>\n\u2714 <em>La\u017eje pakiranje<\/em> \u2013 Brezpla\u010dni deflator vam prihrani \u010das in trud!<br \/>\nS Starter Set majhen &#8211; Huawei ste popolnoma opremljeni in pripravljeni za takoj\u0161en za\u010detek.<\/p>\n","protected":false},"excerpt":{"rendered":"<p>\u2714 <em>Popolnoma usklajeni pripomo\u010dki<\/em> \u2013 Vse, kar potrebujete za za\u010detek v enem prakti\u010dnem setu.<br \/>\n\u2714 <em>Hitra postavitev in varna uporaba<\/em> \u2013 Zahvaljujo\u010d mo\u010dnemu pihalu in trdnim zemeljskim klinom.<br \/>\n\u2714 <em>Dalj\u0161a \u017eivljenjska doba napihljivega gradu<\/em> \u2013 Z za\u0161\u010ditno podlo\u017eno ponjavo.<br \/>\n\u2714 <em>La\u017eje pakiranje<\/em> \u2013 Brezpla\u010dni deflator vam prihrani \u010das in trud!<\/p>\n","protected":false},"featured_media":105667,"comment_status":"open","ping_status":"closed","template":"","meta":{"_acf_changed":false,"_uag_custom_page_level_css":"","site-sidebar-layout":"default","site-content-layout":"boxed-container","ast-site-content-layout":"normal-width-container","site-content-style":"boxed","site-sidebar-style":"default","ast-global-header-display":"","ast-banner-title-visibility":"","ast-main-header-display":"","ast-hfb-above-header-display":"","ast-hfb-below-header-display":"","ast-hfb-mobile-header-display":"","site-post-title":"disabled","ast-breadcrumbs-content":"","ast-featured-img":"","footer-sml-layout":"","ast-disable-related-posts":"","theme-transparent-header-meta":"default","adv-header-id-meta":"","stick-header-meta":"default","header-above-stick-meta":"","header-main-stick-meta":"","header-below-stick-meta":"","astra-migrate-meta-layouts":"default","ast-page-background-enabled":"default","ast-page-background-meta":{"desktop":{"background-color":"var(--ast-global-color-4)","background-image":"","background-repeat":"repeat","background-position":"center center","background-size":"auto","background-attachment":"scroll","background-type":"","background-media":"","overlay-type":"","overlay-color":"","overlay-opacity":"","overlay-gradient":""},"tablet":{"background-color":"","background-image":"","background-repeat":"repeat","background-position":"center center","background-size":"auto","background-attachment":"scroll","background-type":"","background-media":"","overlay-type":"","overlay-color":"","overlay-opacity":"","overlay-gradient":""},"mobile":{"background-color":"","background-image":"","background-repeat":"repeat","background-position":"center center","background-size":"auto","background-attachment":"scroll","background-type":"","background-media":"","overlay-type":"","overlay-color":"","overlay-opacity":"","overlay-gradient":""}},"ast-content-background-meta":{"desktop":{"background-color":"var(--ast-global-color-5)","background-image":"","background-repeat":"repeat","background-position":"center center","background-size":"auto","background-attachment":"scroll","background-type":"","background-media":"","overlay-type":"","overlay-color":"","overlay-opacity":"","overlay-gradient":""},"tablet":{"background-color":"var(--ast-global-color-5)","background-image":"","background-repeat":"repeat","background-position":"center center","background-size":"auto","background-attachment":"scroll","background-type":"","background-media":"","overlay-type":"","overlay-color":"","overlay-opacity":"","overlay-gradient":""},"mobile":{"background-color":"var(--ast-global-color-5)","background-image":"","background-repeat":"repeat","background-position":"center center","background-size":"auto","background-attachment":"scroll","background-type":"","background-media":"","overlay-type":"","overlay-color":"","overlay-opacity":"","overlay-gradient":""}}},"product_brand":[],"product_cat":[1132],"product_tag":[],"class_list":{"0":"post-105669","1":"product","2":"type-product","3":"status-publish","4":"has-post-thumbnail","6":"product_cat-dodatki","7":"product_shipping_class-zubehor-sl","8":"desktop-align-center","9":"tablet-align-center","10":"mobile-align-center","11":"ast-product-gallery-layout-horizontal","12":"ast-product-tabs-layout-horizontal","14":"first","15":"instock","16":"sale","17":"taxable","18":"shipping-taxable","19":"purchasable","20":"product-type-simple"},"acf":[],"yoast_head":"<!-- This site is optimized with the Yoast SEO plugin v27.5 - https:\/\/yoast.com\/product\/yoast-seo-wordpress\/ -->\n<title>Starter Set majhen - Huawei 1,5 HP za napihljive gradove | Dodo Inflatables<\/title>\n<meta name=\"description\" content=\"Starter Set majhen - Huawei 1,5 HP \u2013 pihalo, zemeljski klini, podlo\u017ena ponjava 5 x 6 m in brezpla\u010dni deflator. Vse, kar potrebujete za popoln za\u010detek z napihljivim gradom.\" \/>\n<meta name=\"robots\" content=\"index, follow, max-snippet:-1, max-image-preview:large, max-video-preview:-1\" \/>\n<link rel=\"canonical\" href=\"https:\/\/dodo-inflatables.com\/sl\/izdelek\/starter-set-majhen-huawei-15-hp\/\" \/>\n<meta name=\"twitter:label1\" content=\"Est. reading time\" \/>\n\t<meta name=\"twitter:data1\" content=\"2 minuti\" \/>\n<script type=\"application\/ld+json\" class=\"yoast-schema-graph\">{\"@context\":\"https:\\\/\\\/schema.org\",\"@graph\":[{\"@type\":\"WebPage\",\"@id\":\"https:\\\/\\\/dodo-inflatables.com\\\/sl\\\/izdelek\\\/starter-set-majhen-huawei-15-hp\\\/\",\"url\":\"https:\\\/\\\/dodo-inflatables.com\\\/sl\\\/izdelek\\\/starter-set-majhen-huawei-15-hp\\\/\",\"name\":\"Starter Set majhen - Huawei 1,5 HP za napihljive gradove | Dodo Inflatables\",\"isPartOf\":{\"@id\":\"https:\\\/\\\/dodo-inflatables.com\\\/sl\\\/#website\"},\"primaryImageOfPage\":{\"@id\":\"https:\\\/\\\/dodo-inflatables.com\\\/sl\\\/izdelek\\\/starter-set-majhen-huawei-15-hp\\\/#primaryimage\"},\"image\":{\"@id\":\"https:\\\/\\\/dodo-inflatables.com\\\/sl\\\/izdelek\\\/starter-set-majhen-huawei-15-hp\\\/#primaryimage\"},\"thumbnailUrl\":\"https:\\\/\\\/dodo-inflatables.com\\\/wp-content\\\/uploads\\\/2026\\\/04\\\/starterset_transparent.png\",\"datePublished\":\"2026-04-04T11:54:47+00:00\",\"description\":\"Starter Set majhen - Huawei 1,5 HP \u2013 pihalo, zemeljski klini, podlo\u017ena ponjava 5 x 6 m in brezpla\u010dni deflator. Vse, kar potrebujete za popoln za\u010detek z napihljivim gradom.\",\"breadcrumb\":{\"@id\":\"https:\\\/\\\/dodo-inflatables.com\\\/sl\\\/izdelek\\\/starter-set-majhen-huawei-15-hp\\\/#breadcrumb\"},\"inLanguage\":\"sl-SI\",\"potentialAction\":[{\"@type\":\"ReadAction\",\"target\":[\"https:\\\/\\\/dodo-inflatables.com\\\/sl\\\/izdelek\\\/starter-set-majhen-huawei-15-hp\\\/\"]}]},{\"@type\":\"ImageObject\",\"inLanguage\":\"sl-SI\",\"@id\":\"https:\\\/\\\/dodo-inflatables.com\\\/sl\\\/izdelek\\\/starter-set-majhen-huawei-15-hp\\\/#primaryimage\",\"url\":\"https:\\\/\\\/dodo-inflatables.com\\\/wp-content\\\/uploads\\\/2026\\\/04\\\/starterset_transparent.png\",\"contentUrl\":\"https:\\\/\\\/dodo-inflatables.com\\\/wp-content\\\/uploads\\\/2026\\\/04\\\/starterset_transparent.png\",\"width\":1000,\"height\":1000,\"caption\":\"Starter Set majhen - Huawei 2 HP za napihljive gradove | Dodo Inflatables\"},{\"@type\":\"BreadcrumbList\",\"@id\":\"https:\\\/\\\/dodo-inflatables.com\\\/sl\\\/izdelek\\\/starter-set-majhen-huawei-15-hp\\\/#breadcrumb\",\"itemListElement\":[{\"@type\":\"ListItem\",\"position\":1,\"name\":\"Home\",\"item\":\"https:\\\/\\\/dodo-inflatables.com\\\/sl\\\/\"},{\"@type\":\"ListItem\",\"position\":2,\"name\":\"Trgovina\",\"item\":\"https:\\\/\\\/dodo-inflatables.com\\\/sl\\\/trgovina\\\/\"},{\"@type\":\"ListItem\",\"position\":3,\"name\":\"Starter Set majhen &#8211; Huawei 1,5 HP\"}]},{\"@type\":\"WebSite\",\"@id\":\"https:\\\/\\\/dodo-inflatables.com\\\/sl\\\/#website\",\"url\":\"https:\\\/\\\/dodo-inflatables.com\\\/sl\\\/\",\"name\":\"dodo-inflatables.com\",\"description\":\"Kupite napihljive gradove in atrakcije v na\u0161i trgovini.\",\"potentialAction\":[{\"@type\":\"SearchAction\",\"target\":{\"@type\":\"EntryPoint\",\"urlTemplate\":\"https:\\\/\\\/dodo-inflatables.com\\\/sl\\\/?s={search_term_string}\"},\"query-input\":{\"@type\":\"PropertyValueSpecification\",\"valueRequired\":true,\"valueName\":\"search_term_string\"}}],\"inLanguage\":\"sl-SI\"}]}<\/script>\n<!-- \/ Yoast SEO plugin. -->","yoast_head_json":{"title":"Starter Set majhen - Huawei 1,5 HP za napihljive gradove | Dodo Inflatables","description":"Starter Set majhen - Huawei 1,5 HP \u2013 pihalo, zemeljski klini, podlo\u017ena ponjava 5 x 6 m in brezpla\u010dni deflator. Vse, kar potrebujete za popoln za\u010detek z napihljivim gradom.","robots":{"index":"index","follow":"follow","max-snippet":"max-snippet:-1","max-image-preview":"max-image-preview:large","max-video-preview":"max-video-preview:-1"},"canonical":"https:\/\/dodo-inflatables.com\/sl\/izdelek\/starter-set-majhen-huawei-15-hp\/","twitter_misc":{"Est. reading time":"2 minuti"},"schema":{"@context":"https:\/\/schema.org","@graph":[{"@type":"WebPage","@id":"https:\/\/dodo-inflatables.com\/sl\/izdelek\/starter-set-majhen-huawei-15-hp\/","url":"https:\/\/dodo-inflatables.com\/sl\/izdelek\/starter-set-majhen-huawei-15-hp\/","name":"Starter Set majhen - Huawei 1,5 HP za napihljive gradove | Dodo Inflatables","isPartOf":{"@id":"https:\/\/dodo-inflatables.com\/sl\/#website"},"primaryImageOfPage":{"@id":"https:\/\/dodo-inflatables.com\/sl\/izdelek\/starter-set-majhen-huawei-15-hp\/#primaryimage"},"image":{"@id":"https:\/\/dodo-inflatables.com\/sl\/izdelek\/starter-set-majhen-huawei-15-hp\/#primaryimage"},"thumbnailUrl":"https:\/\/dodo-inflatables.com\/wp-content\/uploads\/2026\/04\/starterset_transparent.png","datePublished":"2026-04-04T11:54:47+00:00","description":"Starter Set majhen - Huawei 1,5 HP \u2013 pihalo, zemeljski klini, podlo\u017ena ponjava 5 x 6 m in brezpla\u010dni deflator. Vse, kar potrebujete za popoln za\u010detek z napihljivim gradom.","breadcrumb":{"@id":"https:\/\/dodo-inflatables.com\/sl\/izdelek\/starter-set-majhen-huawei-15-hp\/#breadcrumb"},"inLanguage":"sl-SI","potentialAction":[{"@type":"ReadAction","target":["https:\/\/dodo-inflatables.com\/sl\/izdelek\/starter-set-majhen-huawei-15-hp\/"]}]},{"@type":"ImageObject","inLanguage":"sl-SI","@id":"https:\/\/dodo-inflatables.com\/sl\/izdelek\/starter-set-majhen-huawei-15-hp\/#primaryimage","url":"https:\/\/dodo-inflatables.com\/wp-content\/uploads\/2026\/04\/starterset_transparent.png","contentUrl":"https:\/\/dodo-inflatables.com\/wp-content\/uploads\/2026\/04\/starterset_transparent.png","width":1000,"height":1000,"caption":"Starter Set majhen - Huawei 2 HP za napihljive gradove | Dodo Inflatables"},{"@type":"BreadcrumbList","@id":"https:\/\/dodo-inflatables.com\/sl\/izdelek\/starter-set-majhen-huawei-15-hp\/#breadcrumb","itemListElement":[{"@type":"ListItem","position":1,"name":"Home","item":"https:\/\/dodo-inflatables.com\/sl\/"},{"@type":"ListItem","position":2,"name":"Trgovina","item":"https:\/\/dodo-inflatables.com\/sl\/trgovina\/"},{"@type":"ListItem","position":3,"name":"Starter Set majhen &#8211; Huawei 1,5 HP"}]},{"@type":"WebSite","@id":"https:\/\/dodo-inflatables.com\/sl\/#website","url":"https:\/\/dodo-inflatables.com\/sl\/","name":"dodo-inflatables.com","description":"Kupite napihljive gradove in atrakcije v na\u0161i trgovini.","potentialAction":[{"@type":"SearchAction","target":{"@type":"EntryPoint","urlTemplate":"https:\/\/dodo-inflatables.com\/sl\/?s={search_term_string}"},"query-input":{"@type":"PropertyValueSpecification","valueRequired":true,"valueName":"search_term_string"}}],"inLanguage":"sl-SI"}]}},"uagb_featured_image_src":{"full":["https:\/\/dodo-inflatables.com\/wp-content\/uploads\/2026\/04\/starterset_transparent.png",1000,1000,false],"thumbnail":["https:\/\/dodo-inflatables.com\/wp-content\/uploads\/2026\/04\/starterset_transparent-150x150.png",150,150,true],"medium":["https:\/\/dodo-inflatables.com\/wp-content\/uploads\/2026\/04\/starterset_transparent-300x300.png",300,300,true],"medium_large":["https:\/\/dodo-inflatables.com\/wp-content\/uploads\/2026\/04\/starterset_transparent-768x768.png",768,768,true],"large":["https:\/\/dodo-inflatables.com\/wp-content\/uploads\/2026\/04\/starterset_transparent.png",1000,1000,false],"1536x1536":["https:\/\/dodo-inflatables.com\/wp-content\/uploads\/2026\/04\/starterset_transparent.png",1000,1000,false],"2048x2048":["https:\/\/dodo-inflatables.com\/wp-content\/uploads\/2026\/04\/starterset_transparent.png",1000,1000,false],"woocommerce_thumbnail":["https:\/\/dodo-inflatables.com\/wp-content\/uploads\/2026\/04\/starterset_transparent-900x900.png",900,900,true],"woocommerce_single":["https:\/\/dodo-inflatables.com\/wp-content\/uploads\/2026\/04\/starterset_transparent-900x900.png",900,900,true],"woocommerce_gallery_thumbnail":["https:\/\/dodo-inflatables.com\/wp-content\/uploads\/2026\/04\/starterset_transparent-100x100.png",100,100,true]},"uagb_author_info":{"display_name":"Andreas","author_link":"https:\/\/dodo-inflatables.com\/sl\/author\/"},"uagb_comment_info":0,"uagb_excerpt":"\u2714 Popolnoma usklajeni pripomo\u010dki \u2013 Vse, kar potrebujete za za\u010detek v enem prakti\u010dnem setu. \u2714 Hitra postavitev in varna uporaba \u2013 Zahvaljujo\u010d mo\u010dnemu pihalu in trdnim zemeljskim klinom. \u2714 Dalj\u0161a \u017eivljenjska doba napihljivega gradu \u2013 Z za\u0161\u010ditno podlo\u017eno ponjavo. \u2714 La\u017eje pakiranje \u2013 Brezpla\u010dni deflator vam prihrani \u010das in trud!","_links":{"self":[{"href":"https:\/\/dodo-inflatables.com\/sl\/wp-json\/wp\/v2\/product\/105669","targetHints":{"allow":["GET"]}}],"collection":[{"href":"https:\/\/dodo-inflatables.com\/sl\/wp-json\/wp\/v2\/product"}],"about":[{"href":"https:\/\/dodo-inflatables.com\/sl\/wp-json\/wp\/v2\/types\/product"}],"replies":[{"embeddable":true,"href":"https:\/\/dodo-inflatables.com\/sl\/wp-json\/wp\/v2\/comments?post=105669"}],"wp:featuredmedia":[{"embeddable":true,"href":"https:\/\/dodo-inflatables.com\/sl\/wp-json\/wp\/v2\/media\/105667"}],"wp:attachment":[{"href":"https:\/\/dodo-inflatables.com\/sl\/wp-json\/wp\/v2\/media?parent=105669"}],"wp:term":[{"taxonomy":"product_brand","embeddable":true,"href":"https:\/\/dodo-inflatables.com\/sl\/wp-json\/wp\/v2\/product_brand?post=105669"},{"taxonomy":"product_cat","embeddable":true,"href":"https:\/\/dodo-inflatables.com\/sl\/wp-json\/wp\/v2\/product_cat?post=105669"},{"taxonomy":"product_tag","embeddable":true,"href":"https:\/\/dodo-inflatables.com\/sl\/wp-json\/wp\/v2\/product_tag?post=105669"}],"curies":[{"name":"wp","href":"https:\/\/api.w.org\/{rel}","templated":true}]}}