{"id":105822,"date":"2026-04-04T13:54:46","date_gmt":"2026-04-04T11:54:46","guid":{"rendered":"https:\/\/dodo-inflatables.com\/dodo-relaunch?product=vrece-z-vodo-za-balastiranje-napihljivih-gradov"},"modified":"2026-04-04T13:54:46","modified_gmt":"2026-04-04T11:54:46","slug":"vrece-z-vodo-za-balastiranje-napihljivih-gradov","status":"publish","type":"product","link":"https:\/\/dodo-inflatables.com\/sl\/izdelek\/vrece-z-vodo-za-balastiranje-napihljivih-gradov\/","title":{"rendered":"Vre\u010de z vodo za balastiranje napihljivih gradov"},"content":{"rendered":"<h2 class=\"p1\"><b>Kupite vre\u010de z vodo za balastiranje napihljivih gradov<\/b><\/h2>\n<p class=\"p1\">Na\u0161e vre\u010de z vodo ponujajo prakti\u010dno, mobilno in standardom skladno re\u0161itev za pritrditev va\u0161ega napihljivega gradu \u2013 zlasti pri namestitvi na asfalt, beton ali v zaprtih prostorih. So idealen na\u010din za varno in skladno z ustreznim standardom balastiranje napihljivih gradov, brez potrebe po transportu te\u017ekih dodatnih ute\u017ei.<\/p>\n<p><strong>Enostavno rokovanje:<\/strong><br \/>\nBalastne vre\u010de je mogo\u010de enostavno napolniti z do 40 litri vode. Dva ventila (eden zgoraj za polnjenje in eden spodaj za praznjenje) jih naredita posebej prakti\u010dne za uporabo in omogo\u010data hitro odtekanje vode po uporabi.<br \/>\n<strong>Standardom skladno sidranje v skladu z DIN EN 14960:<\/strong><br \/>\n\u010ce se na vsaki to\u010dki sidranja uporabijo \u0161tiri vre\u010de z vodo, to zagotavlja balastno te\u017eo 160 kg \u2013 natanko toliko, kolikor zahteva DIN EN 14960. To jih naredi idealnim za namestitve, kjer ni mogo\u010de uporabiti zemeljskih klinov.<br \/>\n<strong>Prilagodljivo pritrjevanje:<\/strong><br \/>\nZahvaljujo\u010d \u0161tirim trdnim o\u010desom je vre\u010de mogo\u010de enostavno pritrditi na napihljivi grad z jermenami.<br \/>\n<strong>Priro\u010den transport:<\/strong><br \/>\nDve stranski ro\u010dici za no\u0161enje olaj\u0161ata premikanje in pozicioniranje napolnjenih vre\u010d z vodo. Vzdr\u017eljivi material PVC zagotavlja dolgo \u017eivljenjsko dobo, tudi pri pogosti uporabi.<br \/>\n&nbsp;<\/p>\n<h3><strong>Podrobnosti o vre\u010dah z vodo<\/strong><\/h3>\n<ul>\n<li>Zmogljivost: 40 litrov vode na vre\u010do<\/li>\n<li>Napolnjena te\u017ea: pribl. 40 kg<\/li>\n<li>Velikost: pribl. 40 x 40 cm<\/li>\n<li>2 ventila (zgoraj in spodaj)<\/li>\n<li>4 o\u010desa za pritrjevanje<\/li>\n<li>2 ro\u010dici za no\u0161enje<\/li>\n<li>Material: vzdr\u017eljivi PVC<\/li>\n<\/ul>\n<p>&nbsp;<\/p>\n","protected":false},"excerpt":{"rendered":"<ul>\n<li>Zmogljivost: 40 litrov vode na vre\u010do<\/li>\n<li>Napolnjena te\u017ea: pribl. 40 kg<\/li>\n<li>Velikost: pribl. 40 x 40 cm<\/li>\n<li>2 ventila (zgoraj in spodaj)<\/li>\n<li>4 o\u010desa za pritrjevanje<\/li>\n<li>2 ro\u010dici za no\u0161enje<\/li>\n<li>Material: vzdr\u017eljivi PVC<\/li>\n<\/ul>\n","protected":false},"featured_media":105820,"comment_status":"open","ping_status":"closed","template":"","meta":{"_acf_changed":false,"_uag_custom_page_level_css":"","site-sidebar-layout":"default","site-content-layout":"boxed-container","ast-site-content-layout":"normal-width-container","site-content-style":"boxed","site-sidebar-style":"default","ast-global-header-display":"","ast-banner-title-visibility":"","ast-main-header-display":"","ast-hfb-above-header-display":"","ast-hfb-below-header-display":"","ast-hfb-mobile-header-display":"","site-post-title":"disabled","ast-breadcrumbs-content":"","ast-featured-img":"","footer-sml-layout":"","ast-disable-related-posts":"","theme-transparent-header-meta":"default","adv-header-id-meta":"","stick-header-meta":"default","header-above-stick-meta":"","header-main-stick-meta":"","header-below-stick-meta":"","astra-migrate-meta-layouts":"default","ast-page-background-enabled":"default","ast-page-background-meta":{"desktop":{"background-color":"var(--ast-global-color-4)","background-image":"","background-repeat":"repeat","background-position":"center center","background-size":"auto","background-attachment":"scroll","background-type":"","background-media":"","overlay-type":"","overlay-color":"","overlay-opacity":"","overlay-gradient":""},"tablet":{"background-color":"","background-image":"","background-repeat":"repeat","background-position":"center center","background-size":"auto","background-attachment":"scroll","background-type":"","background-media":"","overlay-type":"","overlay-color":"","overlay-opacity":"","overlay-gradient":""},"mobile":{"background-color":"","background-image":"","background-repeat":"repeat","background-position":"center center","background-size":"auto","background-attachment":"scroll","background-type":"","background-media":"","overlay-type":"","overlay-color":"","overlay-opacity":"","overlay-gradient":""}},"ast-content-background-meta":{"desktop":{"background-color":"var(--ast-global-color-5)","background-image":"","background-repeat":"repeat","background-position":"center center","background-size":"auto","background-attachment":"scroll","background-type":"","background-media":"","overlay-type":"","overlay-color":"","overlay-opacity":"","overlay-gradient":""},"tablet":{"background-color":"var(--ast-global-color-5)","background-image":"","background-repeat":"repeat","background-position":"center center","background-size":"auto","background-attachment":"scroll","background-type":"","background-media":"","overlay-type":"","overlay-color":"","overlay-opacity":"","overlay-gradient":""},"mobile":{"background-color":"var(--ast-global-color-5)","background-image":"","background-repeat":"repeat","background-position":"center center","background-size":"auto","background-attachment":"scroll","background-type":"","background-media":"","overlay-type":"","overlay-color":"","overlay-opacity":"","overlay-gradient":""}}},"product_brand":[],"product_cat":[1132],"product_tag":[],"class_list":{"0":"post-105822","1":"product","2":"type-product","3":"status-publish","4":"has-post-thumbnail","6":"product_cat-dodatki","7":"product_shipping_class-zubehor-sl","8":"desktop-align-center","9":"tablet-align-center","10":"mobile-align-center","11":"ast-product-gallery-layout-horizontal","12":"ast-product-tabs-layout-horizontal","14":"first","15":"instock","16":"taxable","17":"shipping-taxable","18":"purchasable","19":"product-type-simple"},"acf":[],"yoast_head":"<!-- This site is optimized with the Yoast SEO plugin v27.5 - https:\/\/yoast.com\/product\/yoast-seo-wordpress\/ -->\n<title>Vre\u010de z vodo za balastiranje napihljivih gradov | Dodo Inflatables<\/title>\n<meta name=\"description\" content=\"Vre\u010de z vodo za balastiranje napihljivih gradov \u2013 zmogljivost 40 litrov, pribl. 40 kg napolnjena te\u017ea, skladno z DIN EN 14960. Idealno za namestitve na asfalt, beton ali v zaprtih prostorih.\" \/>\n<meta name=\"robots\" content=\"index, follow, max-snippet:-1, max-image-preview:large, max-video-preview:-1\" \/>\n<link rel=\"canonical\" href=\"https:\/\/dodo-inflatables.com\/sl\/izdelek\/vrece-z-vodo-za-balastiranje-napihljivih-gradov\/\" \/>\n<meta name=\"twitter:label1\" content=\"Est. reading time\" \/>\n\t<meta name=\"twitter:data1\" content=\"1 minuta\" \/>\n<script type=\"application\/ld+json\" class=\"yoast-schema-graph\">{\"@context\":\"https:\\\/\\\/schema.org\",\"@graph\":[{\"@type\":\"WebPage\",\"@id\":\"https:\\\/\\\/dodo-inflatables.com\\\/sl\\\/izdelek\\\/vrece-z-vodo-za-balastiranje-napihljivih-gradov\\\/\",\"url\":\"https:\\\/\\\/dodo-inflatables.com\\\/sl\\\/izdelek\\\/vrece-z-vodo-za-balastiranje-napihljivih-gradov\\\/\",\"name\":\"Vre\u010de z vodo za balastiranje napihljivih gradov | Dodo Inflatables\",\"isPartOf\":{\"@id\":\"https:\\\/\\\/dodo-inflatables.com\\\/sl\\\/#website\"},\"primaryImageOfPage\":{\"@id\":\"https:\\\/\\\/dodo-inflatables.com\\\/sl\\\/izdelek\\\/vrece-z-vodo-za-balastiranje-napihljivih-gradov\\\/#primaryimage\"},\"image\":{\"@id\":\"https:\\\/\\\/dodo-inflatables.com\\\/sl\\\/izdelek\\\/vrece-z-vodo-za-balastiranje-napihljivih-gradov\\\/#primaryimage\"},\"thumbnailUrl\":\"https:\\\/\\\/dodo-inflatables.com\\\/wp-content\\\/uploads\\\/2026\\\/04\\\/neu-179dodo.jpg\",\"datePublished\":\"2026-04-04T11:54:46+00:00\",\"description\":\"Vre\u010de z vodo za balastiranje napihljivih gradov \u2013 zmogljivost 40 litrov, pribl. 40 kg napolnjena te\u017ea, skladno z DIN EN 14960. Idealno za namestitve na asfalt, beton ali v zaprtih prostorih.\",\"breadcrumb\":{\"@id\":\"https:\\\/\\\/dodo-inflatables.com\\\/sl\\\/izdelek\\\/vrece-z-vodo-za-balastiranje-napihljivih-gradov\\\/#breadcrumb\"},\"inLanguage\":\"sl-SI\",\"potentialAction\":[{\"@type\":\"ReadAction\",\"target\":[\"https:\\\/\\\/dodo-inflatables.com\\\/sl\\\/izdelek\\\/vrece-z-vodo-za-balastiranje-napihljivih-gradov\\\/\"]}]},{\"@type\":\"ImageObject\",\"inLanguage\":\"sl-SI\",\"@id\":\"https:\\\/\\\/dodo-inflatables.com\\\/sl\\\/izdelek\\\/vrece-z-vodo-za-balastiranje-napihljivih-gradov\\\/#primaryimage\",\"url\":\"https:\\\/\\\/dodo-inflatables.com\\\/wp-content\\\/uploads\\\/2026\\\/04\\\/neu-179dodo.jpg\",\"contentUrl\":\"https:\\\/\\\/dodo-inflatables.com\\\/wp-content\\\/uploads\\\/2026\\\/04\\\/neu-179dodo.jpg\",\"width\":1000,\"height\":1000,\"caption\":\"Vre\u010de z vodo za balastiranje napihljivih gradov | Dodo Inflatables\"},{\"@type\":\"BreadcrumbList\",\"@id\":\"https:\\\/\\\/dodo-inflatables.com\\\/sl\\\/izdelek\\\/vrece-z-vodo-za-balastiranje-napihljivih-gradov\\\/#breadcrumb\",\"itemListElement\":[{\"@type\":\"ListItem\",\"position\":1,\"name\":\"Home\",\"item\":\"https:\\\/\\\/dodo-inflatables.com\\\/sl\\\/\"},{\"@type\":\"ListItem\",\"position\":2,\"name\":\"Trgovina\",\"item\":\"https:\\\/\\\/dodo-inflatables.com\\\/sl\\\/trgovina\\\/\"},{\"@type\":\"ListItem\",\"position\":3,\"name\":\"Vre\u010de z vodo za balastiranje napihljivih gradov\"}]},{\"@type\":\"WebSite\",\"@id\":\"https:\\\/\\\/dodo-inflatables.com\\\/sl\\\/#website\",\"url\":\"https:\\\/\\\/dodo-inflatables.com\\\/sl\\\/\",\"name\":\"dodo-inflatables.com\",\"description\":\"Kupite napihljive gradove in atrakcije v na\u0161i trgovini.\",\"potentialAction\":[{\"@type\":\"SearchAction\",\"target\":{\"@type\":\"EntryPoint\",\"urlTemplate\":\"https:\\\/\\\/dodo-inflatables.com\\\/sl\\\/?s={search_term_string}\"},\"query-input\":{\"@type\":\"PropertyValueSpecification\",\"valueRequired\":true,\"valueName\":\"search_term_string\"}}],\"inLanguage\":\"sl-SI\"}]}<\/script>\n<!-- \/ Yoast SEO plugin. -->","yoast_head_json":{"title":"Vre\u010de z vodo za balastiranje napihljivih gradov | Dodo Inflatables","description":"Vre\u010de z vodo za balastiranje napihljivih gradov \u2013 zmogljivost 40 litrov, pribl. 40 kg napolnjena te\u017ea, skladno z DIN EN 14960. Idealno za namestitve na asfalt, beton ali v zaprtih prostorih.","robots":{"index":"index","follow":"follow","max-snippet":"max-snippet:-1","max-image-preview":"max-image-preview:large","max-video-preview":"max-video-preview:-1"},"canonical":"https:\/\/dodo-inflatables.com\/sl\/izdelek\/vrece-z-vodo-za-balastiranje-napihljivih-gradov\/","twitter_misc":{"Est. reading time":"1 minuta"},"schema":{"@context":"https:\/\/schema.org","@graph":[{"@type":"WebPage","@id":"https:\/\/dodo-inflatables.com\/sl\/izdelek\/vrece-z-vodo-za-balastiranje-napihljivih-gradov\/","url":"https:\/\/dodo-inflatables.com\/sl\/izdelek\/vrece-z-vodo-za-balastiranje-napihljivih-gradov\/","name":"Vre\u010de z vodo za balastiranje napihljivih gradov | Dodo Inflatables","isPartOf":{"@id":"https:\/\/dodo-inflatables.com\/sl\/#website"},"primaryImageOfPage":{"@id":"https:\/\/dodo-inflatables.com\/sl\/izdelek\/vrece-z-vodo-za-balastiranje-napihljivih-gradov\/#primaryimage"},"image":{"@id":"https:\/\/dodo-inflatables.com\/sl\/izdelek\/vrece-z-vodo-za-balastiranje-napihljivih-gradov\/#primaryimage"},"thumbnailUrl":"https:\/\/dodo-inflatables.com\/wp-content\/uploads\/2026\/04\/neu-179dodo.jpg","datePublished":"2026-04-04T11:54:46+00:00","description":"Vre\u010de z vodo za balastiranje napihljivih gradov \u2013 zmogljivost 40 litrov, pribl. 40 kg napolnjena te\u017ea, skladno z DIN EN 14960. Idealno za namestitve na asfalt, beton ali v zaprtih prostorih.","breadcrumb":{"@id":"https:\/\/dodo-inflatables.com\/sl\/izdelek\/vrece-z-vodo-za-balastiranje-napihljivih-gradov\/#breadcrumb"},"inLanguage":"sl-SI","potentialAction":[{"@type":"ReadAction","target":["https:\/\/dodo-inflatables.com\/sl\/izdelek\/vrece-z-vodo-za-balastiranje-napihljivih-gradov\/"]}]},{"@type":"ImageObject","inLanguage":"sl-SI","@id":"https:\/\/dodo-inflatables.com\/sl\/izdelek\/vrece-z-vodo-za-balastiranje-napihljivih-gradov\/#primaryimage","url":"https:\/\/dodo-inflatables.com\/wp-content\/uploads\/2026\/04\/neu-179dodo.jpg","contentUrl":"https:\/\/dodo-inflatables.com\/wp-content\/uploads\/2026\/04\/neu-179dodo.jpg","width":1000,"height":1000,"caption":"Vre\u010de z vodo za balastiranje napihljivih gradov | Dodo Inflatables"},{"@type":"BreadcrumbList","@id":"https:\/\/dodo-inflatables.com\/sl\/izdelek\/vrece-z-vodo-za-balastiranje-napihljivih-gradov\/#breadcrumb","itemListElement":[{"@type":"ListItem","position":1,"name":"Home","item":"https:\/\/dodo-inflatables.com\/sl\/"},{"@type":"ListItem","position":2,"name":"Trgovina","item":"https:\/\/dodo-inflatables.com\/sl\/trgovina\/"},{"@type":"ListItem","position":3,"name":"Vre\u010de z vodo za balastiranje napihljivih gradov"}]},{"@type":"WebSite","@id":"https:\/\/dodo-inflatables.com\/sl\/#website","url":"https:\/\/dodo-inflatables.com\/sl\/","name":"dodo-inflatables.com","description":"Kupite napihljive gradove in atrakcije v na\u0161i trgovini.","potentialAction":[{"@type":"SearchAction","target":{"@type":"EntryPoint","urlTemplate":"https:\/\/dodo-inflatables.com\/sl\/?s={search_term_string}"},"query-input":{"@type":"PropertyValueSpecification","valueRequired":true,"valueName":"search_term_string"}}],"inLanguage":"sl-SI"}]}},"uagb_featured_image_src":{"full":["https:\/\/dodo-inflatables.com\/wp-content\/uploads\/2026\/04\/neu-179dodo.jpg",1000,1000,false],"thumbnail":["https:\/\/dodo-inflatables.com\/wp-content\/uploads\/2026\/04\/neu-179dodo-150x150.jpg",150,150,true],"medium":["https:\/\/dodo-inflatables.com\/wp-content\/uploads\/2026\/04\/neu-179dodo-300x300.jpg",300,300,true],"medium_large":["https:\/\/dodo-inflatables.com\/wp-content\/uploads\/2026\/04\/neu-179dodo-768x768.jpg",768,768,true],"large":["https:\/\/dodo-inflatables.com\/wp-content\/uploads\/2026\/04\/neu-179dodo.jpg",1000,1000,false],"1536x1536":["https:\/\/dodo-inflatables.com\/wp-content\/uploads\/2026\/04\/neu-179dodo.jpg",1000,1000,false],"2048x2048":["https:\/\/dodo-inflatables.com\/wp-content\/uploads\/2026\/04\/neu-179dodo.jpg",1000,1000,false],"woocommerce_thumbnail":["https:\/\/dodo-inflatables.com\/wp-content\/uploads\/2026\/04\/neu-179dodo-900x900.jpg",900,900,true],"woocommerce_single":["https:\/\/dodo-inflatables.com\/wp-content\/uploads\/2026\/04\/neu-179dodo-900x900.jpg",900,900,true],"woocommerce_gallery_thumbnail":["https:\/\/dodo-inflatables.com\/wp-content\/uploads\/2026\/04\/neu-179dodo-100x100.jpg",100,100,true]},"uagb_author_info":{"display_name":"Andreas","author_link":"https:\/\/dodo-inflatables.com\/sl\/author\/"},"uagb_comment_info":0,"uagb_excerpt":"Zmogljivost: 40 litrov vode na vre\u010do Napolnjena te\u017ea: pribl. 40 kg Velikost: pribl. 40 x 40 cm 2 ventila (zgoraj in spodaj) 4 o\u010desa za pritrjevanje 2 ro\u010dici za no\u0161enje Material: vzdr\u017eljivi PVC","_links":{"self":[{"href":"https:\/\/dodo-inflatables.com\/sl\/wp-json\/wp\/v2\/product\/105822","targetHints":{"allow":["GET"]}}],"collection":[{"href":"https:\/\/dodo-inflatables.com\/sl\/wp-json\/wp\/v2\/product"}],"about":[{"href":"https:\/\/dodo-inflatables.com\/sl\/wp-json\/wp\/v2\/types\/product"}],"replies":[{"embeddable":true,"href":"https:\/\/dodo-inflatables.com\/sl\/wp-json\/wp\/v2\/comments?post=105822"}],"wp:featuredmedia":[{"embeddable":true,"href":"https:\/\/dodo-inflatables.com\/sl\/wp-json\/wp\/v2\/media\/105820"}],"wp:attachment":[{"href":"https:\/\/dodo-inflatables.com\/sl\/wp-json\/wp\/v2\/media?parent=105822"}],"wp:term":[{"taxonomy":"product_brand","embeddable":true,"href":"https:\/\/dodo-inflatables.com\/sl\/wp-json\/wp\/v2\/product_brand?post=105822"},{"taxonomy":"product_cat","embeddable":true,"href":"https:\/\/dodo-inflatables.com\/sl\/wp-json\/wp\/v2\/product_cat?post=105822"},{"taxonomy":"product_tag","embeddable":true,"href":"https:\/\/dodo-inflatables.com\/sl\/wp-json\/wp\/v2\/product_tag?post=105822"}],"curies":[{"name":"wp","href":"https:\/\/api.w.org\/{rel}","templated":true}]}}