{"id":105955,"date":"2026-04-04T13:54:45","date_gmt":"2026-04-04T11:54:45","guid":{"rendered":"https:\/\/dodo-inflatables.com\/dodo-relaunch?product=glusnik-pokrov-pihala-za-napihljive-gradove"},"modified":"2026-04-04T13:54:45","modified_gmt":"2026-04-04T11:54:45","slug":"glusnik-pokrov-pihala-za-napihljive-gradove","status":"publish","type":"product","link":"https:\/\/dodo-inflatables.com\/sl\/izdelek\/glusnik-pokrov-pihala-za-napihljive-gradove\/","title":{"rendered":"Glu\u0161nik \/ pokrov pihala za napihljive gradove"},"content":{"rendered":"<h1>Kupite glu\u0161nik \/ pokrov pihala za napihljive gradove<\/h1>\n<p>Huawei pokrov pihala je prakti\u010dna re\u0161itev za zmanj\u0161anje hrupa in varno za\u0161\u010dito pihal napihljivih gradov. Bil je posebej razvit za profesionalno uporabo in izpolnjuje zahteve DIN EN 14960-1:2019.<br \/>\nPoleg zmanj\u0161anja obratovalnega hrupa pokrov pihala predvsem zagotavlja jasno lo\u010ditev med obmo\u010djem za igro in tehni\u010dnim obmo\u010djem, s \u010dimer se pove\u010duje varnost pri namestitvah v javnih in komercialnih okoljih.<br \/>\n<strong>Ve\u010dja varnost med obratovanjem:<\/strong><br \/>\nPokrov pihala fizi\u010dno omejuje neposreden dostop do pihala. Gibljivi deli so za\u0161\u010diteni in nedostopni otrokom, kar je pomemben dejavnik pri varnostnih pregledih in preverjanjih skladnosti.<br \/>\n<strong>Zmanj\u0161anje hrupa:<\/strong><br \/>\nZahvaljujo\u010d oblazinjenemu, zaprtemu dizajnu se obratovalni hrup pihala opazno zmanj\u0161a. Idealno za uporabo v stanovanjskih obmo\u010djih, mestnih sredi\u0161\u010dih ali drugih okoljih, ob\u010dutljivih na hrup.<br \/>\n<strong>Skladno z EN 14960:<\/strong><br \/>\nPokrov pihala izpolnjuje klju\u010dne zahteve evropskega standarda EN 14960-1:2019, vklju\u010dno z: ohranjanjem pihal nedostopnih otrokom, za\u0161\u010dito gibljivih delov in zagotavljanjem jasne lo\u010ditve med obmo\u010djem za igro in tehni\u010dnim obmo\u010djem.<br \/>\n<strong>Robusten in odporen na vremenske vplive:<\/strong><br \/>\nPokrov je ognjeodporen in vodoodporen ter zasnovan za intenzivno profesionalno uporabo. Prav tako zagotavlja dodatno za\u0161\u010dito pihala pred zunanjimi vplivi.<br \/>\n<strong>Enostavna namestitev:<\/strong><br \/>\nPokrov pihala je mogo\u010de hitro namestiti in odstraniti. To olaj\u0161a vzdr\u017eevanje, vizualne preglede in in\u0161pekcije.<\/p>\n<h3>Podrobnosti o glu\u0161niku \/ pokrovu pihala<\/h3>\n<ul>\n<li class=\"p1\">Mere (D \u00d7 \u0160 \u00d7 V): pribl. 50 \u00d7 63 \u00d7 54 cm<\/li>\n<li class=\"p1\">Te\u017ea: pribl. 2,4 kg<\/li>\n<li class=\"p1\">Mere v pakiranem stanju: pribl. 50 \u00d7 100 \u00d7 15 cm<\/li>\n<\/ul>\n","protected":false},"excerpt":{"rendered":"<ul>\n<li class=\"p1\">Mere (D \u00d7 \u0160 \u00d7 V): pribl. 50 \u00d7 63 \u00d7 54 cm<\/li>\n<li class=\"p1\">Te\u017ea: pribl. 2,4 kg<\/li>\n<li class=\"p1\">Mere v pakiranem stanju: pribl. 50 \u00d7 100 \u00d7 15 cm<\/li>\n<\/ul>\n","protected":false},"featured_media":105950,"comment_status":"open","ping_status":"closed","template":"","meta":{"_acf_changed":false,"_uag_custom_page_level_css":"","site-sidebar-layout":"default","site-content-layout":"boxed-container","ast-site-content-layout":"normal-width-container","site-content-style":"boxed","site-sidebar-style":"default","ast-global-header-display":"","ast-banner-title-visibility":"","ast-main-header-display":"","ast-hfb-above-header-display":"","ast-hfb-below-header-display":"","ast-hfb-mobile-header-display":"","site-post-title":"disabled","ast-breadcrumbs-content":"","ast-featured-img":"","footer-sml-layout":"","ast-disable-related-posts":"","theme-transparent-header-meta":"default","adv-header-id-meta":"","stick-header-meta":"default","header-above-stick-meta":"","header-main-stick-meta":"","header-below-stick-meta":"","astra-migrate-meta-layouts":"default","ast-page-background-enabled":"default","ast-page-background-meta":{"desktop":{"background-color":"var(--ast-global-color-4)","background-image":"","background-repeat":"repeat","background-position":"center center","background-size":"auto","background-attachment":"scroll","background-type":"","background-media":"","overlay-type":"","overlay-color":"","overlay-opacity":"","overlay-gradient":""},"tablet":{"background-color":"","background-image":"","background-repeat":"repeat","background-position":"center center","background-size":"auto","background-attachment":"scroll","background-type":"","background-media":"","overlay-type":"","overlay-color":"","overlay-opacity":"","overlay-gradient":""},"mobile":{"background-color":"","background-image":"","background-repeat":"repeat","background-position":"center center","background-size":"auto","background-attachment":"scroll","background-type":"","background-media":"","overlay-type":"","overlay-color":"","overlay-opacity":"","overlay-gradient":""}},"ast-content-background-meta":{"desktop":{"background-color":"var(--ast-global-color-5)","background-image":"","background-repeat":"repeat","background-position":"center center","background-size":"auto","background-attachment":"scroll","background-type":"","background-media":"","overlay-type":"","overlay-color":"","overlay-opacity":"","overlay-gradient":""},"tablet":{"background-color":"var(--ast-global-color-5)","background-image":"","background-repeat":"repeat","background-position":"center center","background-size":"auto","background-attachment":"scroll","background-type":"","background-media":"","overlay-type":"","overlay-color":"","overlay-opacity":"","overlay-gradient":""},"mobile":{"background-color":"var(--ast-global-color-5)","background-image":"","background-repeat":"repeat","background-position":"center center","background-size":"auto","background-attachment":"scroll","background-type":"","background-media":"","overlay-type":"","overlay-color":"","overlay-opacity":"","overlay-gradient":""}}},"product_brand":[],"product_cat":[1132],"product_tag":[],"class_list":{"0":"post-105955","1":"product","2":"type-product","3":"status-publish","4":"has-post-thumbnail","6":"product_cat-dodatki","7":"product_shipping_class-zubehor-sl","8":"desktop-align-center","9":"tablet-align-center","10":"mobile-align-center","11":"ast-product-gallery-layout-horizontal","12":"ast-product-tabs-layout-horizontal","14":"first","15":"instock","16":"taxable","17":"shipping-taxable","18":"purchasable","19":"product-type-simple"},"acf":[],"yoast_head":"<!-- This site is optimized with the Yoast SEO plugin v27.5 - https:\/\/yoast.com\/product\/yoast-seo-wordpress\/ -->\n<title>Glu\u0161nik \/ pokrov pihala za napihljive gradove | Dodo Inflatables<\/title>\n<meta name=\"description\" content=\"Glu\u0161nik \/ pokrov pihala za napihljive gradove \u2013 skladno z EN 14960-1:2019, ognjeodporen in vodoodporen, zmanj\u0161uje hrup. Mere pribl. 50 \u00d7 63 \u00d7 54 cm, te\u017ea pribl. 2,4 kg.\" \/>\n<meta name=\"robots\" content=\"index, follow, max-snippet:-1, max-image-preview:large, max-video-preview:-1\" \/>\n<link rel=\"canonical\" href=\"https:\/\/dodo-inflatables.com\/sl\/izdelek\/glusnik-pokrov-pihala-za-napihljive-gradove\/\" \/>\n<meta name=\"twitter:label1\" content=\"Est. reading time\" \/>\n\t<meta name=\"twitter:data1\" content=\"1 minuta\" \/>\n<script type=\"application\/ld+json\" class=\"yoast-schema-graph\">{\"@context\":\"https:\\\/\\\/schema.org\",\"@graph\":[{\"@type\":\"WebPage\",\"@id\":\"https:\\\/\\\/dodo-inflatables.com\\\/sl\\\/izdelek\\\/glusnik-pokrov-pihala-za-napihljive-gradove\\\/\",\"url\":\"https:\\\/\\\/dodo-inflatables.com\\\/sl\\\/izdelek\\\/glusnik-pokrov-pihala-za-napihljive-gradove\\\/\",\"name\":\"Glu\u0161nik \\\/ pokrov pihala za napihljive gradove | Dodo Inflatables\",\"isPartOf\":{\"@id\":\"https:\\\/\\\/dodo-inflatables.com\\\/sl\\\/#website\"},\"primaryImageOfPage\":{\"@id\":\"https:\\\/\\\/dodo-inflatables.com\\\/sl\\\/izdelek\\\/glusnik-pokrov-pihala-za-napihljive-gradove\\\/#primaryimage\"},\"image\":{\"@id\":\"https:\\\/\\\/dodo-inflatables.com\\\/sl\\\/izdelek\\\/glusnik-pokrov-pihala-za-napihljive-gradove\\\/#primaryimage\"},\"thumbnailUrl\":\"https:\\\/\\\/dodo-inflatables.com\\\/wp-content\\\/uploads\\\/2026\\\/04\\\/Huawei-Schalldaemper-Blower-Cover-Huepfburgen-Geblaese-1.jpg\",\"datePublished\":\"2026-04-04T11:54:45+00:00\",\"description\":\"Glu\u0161nik \\\/ pokrov pihala za napihljive gradove \u2013 skladno z EN 14960-1:2019, ognjeodporen in vodoodporen, zmanj\u0161uje hrup. Mere pribl. 50 \u00d7 63 \u00d7 54 cm, te\u017ea pribl. 2,4 kg.\",\"breadcrumb\":{\"@id\":\"https:\\\/\\\/dodo-inflatables.com\\\/sl\\\/izdelek\\\/glusnik-pokrov-pihala-za-napihljive-gradove\\\/#breadcrumb\"},\"inLanguage\":\"sl-SI\",\"potentialAction\":[{\"@type\":\"ReadAction\",\"target\":[\"https:\\\/\\\/dodo-inflatables.com\\\/sl\\\/izdelek\\\/glusnik-pokrov-pihala-za-napihljive-gradove\\\/\"]}]},{\"@type\":\"ImageObject\",\"inLanguage\":\"sl-SI\",\"@id\":\"https:\\\/\\\/dodo-inflatables.com\\\/sl\\\/izdelek\\\/glusnik-pokrov-pihala-za-napihljive-gradove\\\/#primaryimage\",\"url\":\"https:\\\/\\\/dodo-inflatables.com\\\/wp-content\\\/uploads\\\/2026\\\/04\\\/Huawei-Schalldaemper-Blower-Cover-Huepfburgen-Geblaese-1.jpg\",\"contentUrl\":\"https:\\\/\\\/dodo-inflatables.com\\\/wp-content\\\/uploads\\\/2026\\\/04\\\/Huawei-Schalldaemper-Blower-Cover-Huepfburgen-Geblaese-1.jpg\",\"width\":700,\"height\":700,\"caption\":\"Glu\u0161nik \\\/ pokrov pihala za napihljive gradove | Dodo Inflatables\"},{\"@type\":\"BreadcrumbList\",\"@id\":\"https:\\\/\\\/dodo-inflatables.com\\\/sl\\\/izdelek\\\/glusnik-pokrov-pihala-za-napihljive-gradove\\\/#breadcrumb\",\"itemListElement\":[{\"@type\":\"ListItem\",\"position\":1,\"name\":\"Home\",\"item\":\"https:\\\/\\\/dodo-inflatables.com\\\/sl\\\/\"},{\"@type\":\"ListItem\",\"position\":2,\"name\":\"Trgovina\",\"item\":\"https:\\\/\\\/dodo-inflatables.com\\\/sl\\\/trgovina\\\/\"},{\"@type\":\"ListItem\",\"position\":3,\"name\":\"Glu\u0161nik \\\/ pokrov pihala za napihljive gradove\"}]},{\"@type\":\"WebSite\",\"@id\":\"https:\\\/\\\/dodo-inflatables.com\\\/sl\\\/#website\",\"url\":\"https:\\\/\\\/dodo-inflatables.com\\\/sl\\\/\",\"name\":\"dodo-inflatables.com\",\"description\":\"Kupite napihljive gradove in atrakcije v na\u0161i trgovini.\",\"potentialAction\":[{\"@type\":\"SearchAction\",\"target\":{\"@type\":\"EntryPoint\",\"urlTemplate\":\"https:\\\/\\\/dodo-inflatables.com\\\/sl\\\/?s={search_term_string}\"},\"query-input\":{\"@type\":\"PropertyValueSpecification\",\"valueRequired\":true,\"valueName\":\"search_term_string\"}}],\"inLanguage\":\"sl-SI\"}]}<\/script>\n<!-- \/ Yoast SEO plugin. -->","yoast_head_json":{"title":"Glu\u0161nik \/ pokrov pihala za napihljive gradove | Dodo Inflatables","description":"Glu\u0161nik \/ pokrov pihala za napihljive gradove \u2013 skladno z EN 14960-1:2019, ognjeodporen in vodoodporen, zmanj\u0161uje hrup. Mere pribl. 50 \u00d7 63 \u00d7 54 cm, te\u017ea pribl. 2,4 kg.","robots":{"index":"index","follow":"follow","max-snippet":"max-snippet:-1","max-image-preview":"max-image-preview:large","max-video-preview":"max-video-preview:-1"},"canonical":"https:\/\/dodo-inflatables.com\/sl\/izdelek\/glusnik-pokrov-pihala-za-napihljive-gradove\/","twitter_misc":{"Est. reading time":"1 minuta"},"schema":{"@context":"https:\/\/schema.org","@graph":[{"@type":"WebPage","@id":"https:\/\/dodo-inflatables.com\/sl\/izdelek\/glusnik-pokrov-pihala-za-napihljive-gradove\/","url":"https:\/\/dodo-inflatables.com\/sl\/izdelek\/glusnik-pokrov-pihala-za-napihljive-gradove\/","name":"Glu\u0161nik \/ pokrov pihala za napihljive gradove | Dodo Inflatables","isPartOf":{"@id":"https:\/\/dodo-inflatables.com\/sl\/#website"},"primaryImageOfPage":{"@id":"https:\/\/dodo-inflatables.com\/sl\/izdelek\/glusnik-pokrov-pihala-za-napihljive-gradove\/#primaryimage"},"image":{"@id":"https:\/\/dodo-inflatables.com\/sl\/izdelek\/glusnik-pokrov-pihala-za-napihljive-gradove\/#primaryimage"},"thumbnailUrl":"https:\/\/dodo-inflatables.com\/wp-content\/uploads\/2026\/04\/Huawei-Schalldaemper-Blower-Cover-Huepfburgen-Geblaese-1.jpg","datePublished":"2026-04-04T11:54:45+00:00","description":"Glu\u0161nik \/ pokrov pihala za napihljive gradove \u2013 skladno z EN 14960-1:2019, ognjeodporen in vodoodporen, zmanj\u0161uje hrup. Mere pribl. 50 \u00d7 63 \u00d7 54 cm, te\u017ea pribl. 2,4 kg.","breadcrumb":{"@id":"https:\/\/dodo-inflatables.com\/sl\/izdelek\/glusnik-pokrov-pihala-za-napihljive-gradove\/#breadcrumb"},"inLanguage":"sl-SI","potentialAction":[{"@type":"ReadAction","target":["https:\/\/dodo-inflatables.com\/sl\/izdelek\/glusnik-pokrov-pihala-za-napihljive-gradove\/"]}]},{"@type":"ImageObject","inLanguage":"sl-SI","@id":"https:\/\/dodo-inflatables.com\/sl\/izdelek\/glusnik-pokrov-pihala-za-napihljive-gradove\/#primaryimage","url":"https:\/\/dodo-inflatables.com\/wp-content\/uploads\/2026\/04\/Huawei-Schalldaemper-Blower-Cover-Huepfburgen-Geblaese-1.jpg","contentUrl":"https:\/\/dodo-inflatables.com\/wp-content\/uploads\/2026\/04\/Huawei-Schalldaemper-Blower-Cover-Huepfburgen-Geblaese-1.jpg","width":700,"height":700,"caption":"Glu\u0161nik \/ pokrov pihala za napihljive gradove | Dodo Inflatables"},{"@type":"BreadcrumbList","@id":"https:\/\/dodo-inflatables.com\/sl\/izdelek\/glusnik-pokrov-pihala-za-napihljive-gradove\/#breadcrumb","itemListElement":[{"@type":"ListItem","position":1,"name":"Home","item":"https:\/\/dodo-inflatables.com\/sl\/"},{"@type":"ListItem","position":2,"name":"Trgovina","item":"https:\/\/dodo-inflatables.com\/sl\/trgovina\/"},{"@type":"ListItem","position":3,"name":"Glu\u0161nik \/ pokrov pihala za napihljive gradove"}]},{"@type":"WebSite","@id":"https:\/\/dodo-inflatables.com\/sl\/#website","url":"https:\/\/dodo-inflatables.com\/sl\/","name":"dodo-inflatables.com","description":"Kupite napihljive gradove in atrakcije v na\u0161i trgovini.","potentialAction":[{"@type":"SearchAction","target":{"@type":"EntryPoint","urlTemplate":"https:\/\/dodo-inflatables.com\/sl\/?s={search_term_string}"},"query-input":{"@type":"PropertyValueSpecification","valueRequired":true,"valueName":"search_term_string"}}],"inLanguage":"sl-SI"}]}},"uagb_featured_image_src":{"full":["https:\/\/dodo-inflatables.com\/wp-content\/uploads\/2026\/04\/Huawei-Schalldaemper-Blower-Cover-Huepfburgen-Geblaese-1.jpg",700,700,false],"thumbnail":["https:\/\/dodo-inflatables.com\/wp-content\/uploads\/2026\/04\/Huawei-Schalldaemper-Blower-Cover-Huepfburgen-Geblaese-1-150x150.jpg",150,150,true],"medium":["https:\/\/dodo-inflatables.com\/wp-content\/uploads\/2026\/04\/Huawei-Schalldaemper-Blower-Cover-Huepfburgen-Geblaese-1-300x300.jpg",300,300,true],"medium_large":["https:\/\/dodo-inflatables.com\/wp-content\/uploads\/2026\/04\/Huawei-Schalldaemper-Blower-Cover-Huepfburgen-Geblaese-1.jpg",700,700,false],"large":["https:\/\/dodo-inflatables.com\/wp-content\/uploads\/2026\/04\/Huawei-Schalldaemper-Blower-Cover-Huepfburgen-Geblaese-1.jpg",700,700,false],"1536x1536":["https:\/\/dodo-inflatables.com\/wp-content\/uploads\/2026\/04\/Huawei-Schalldaemper-Blower-Cover-Huepfburgen-Geblaese-1.jpg",700,700,false],"2048x2048":["https:\/\/dodo-inflatables.com\/wp-content\/uploads\/2026\/04\/Huawei-Schalldaemper-Blower-Cover-Huepfburgen-Geblaese-1.jpg",700,700,false],"woocommerce_thumbnail":["https:\/\/dodo-inflatables.com\/wp-content\/uploads\/2026\/04\/Huawei-Schalldaemper-Blower-Cover-Huepfburgen-Geblaese-1.jpg",700,700,false],"woocommerce_single":["https:\/\/dodo-inflatables.com\/wp-content\/uploads\/2026\/04\/Huawei-Schalldaemper-Blower-Cover-Huepfburgen-Geblaese-1.jpg",700,700,false],"woocommerce_gallery_thumbnail":["https:\/\/dodo-inflatables.com\/wp-content\/uploads\/2026\/04\/Huawei-Schalldaemper-Blower-Cover-Huepfburgen-Geblaese-1-100x100.jpg",100,100,true]},"uagb_author_info":{"display_name":"Andreas","author_link":"https:\/\/dodo-inflatables.com\/sl\/author\/"},"uagb_comment_info":0,"uagb_excerpt":"Mere (D \u00d7 \u0160 \u00d7 V): pribl. 50 \u00d7 63 \u00d7 54 cm Te\u017ea: pribl. 2,4 kg Mere v pakiranem stanju: pribl. 50 \u00d7 100 \u00d7 15 cm","_links":{"self":[{"href":"https:\/\/dodo-inflatables.com\/sl\/wp-json\/wp\/v2\/product\/105955","targetHints":{"allow":["GET"]}}],"collection":[{"href":"https:\/\/dodo-inflatables.com\/sl\/wp-json\/wp\/v2\/product"}],"about":[{"href":"https:\/\/dodo-inflatables.com\/sl\/wp-json\/wp\/v2\/types\/product"}],"replies":[{"embeddable":true,"href":"https:\/\/dodo-inflatables.com\/sl\/wp-json\/wp\/v2\/comments?post=105955"}],"wp:featuredmedia":[{"embeddable":true,"href":"https:\/\/dodo-inflatables.com\/sl\/wp-json\/wp\/v2\/media\/105950"}],"wp:attachment":[{"href":"https:\/\/dodo-inflatables.com\/sl\/wp-json\/wp\/v2\/media?parent=105955"}],"wp:term":[{"taxonomy":"product_brand","embeddable":true,"href":"https:\/\/dodo-inflatables.com\/sl\/wp-json\/wp\/v2\/product_brand?post=105955"},{"taxonomy":"product_cat","embeddable":true,"href":"https:\/\/dodo-inflatables.com\/sl\/wp-json\/wp\/v2\/product_cat?post=105955"},{"taxonomy":"product_tag","embeddable":true,"href":"https:\/\/dodo-inflatables.com\/sl\/wp-json\/wp\/v2\/product_tag?post=105955"}],"curies":[{"name":"wp","href":"https:\/\/api.w.org\/{rel}","templated":true}]}}