{"id":12766,"date":"2018-05-11T14:38:49","date_gmt":"2018-05-11T12:38:49","guid":{"rendered":"https:\/\/dodo-inflatables.com\/product\/okovi-za-pritrditev-napihljivega-predmeta\/"},"modified":"2026-04-22T10:02:11","modified_gmt":"2026-04-22T08:02:11","slug":"okovi-za-pritrditev-napihljivega-predmeta","status":"publish","type":"product","link":"https:\/\/dodo-inflatables.com\/sl\/izdelek\/okovi-za-pritrditev-napihljivega-predmeta\/","title":{"rendered":"Zemeljski klini za pritrjevanje napihljivih gradov (komplet 6 kosov)"},"content":{"rendered":"<h1>Kupite zemeljske kline za pritrjevanje napihljivih gradov<\/h1>\n<p class=\"p1\">Na\u0161 <span class=\"s1\"><b>komplet 6 zemeljskih klinov<\/b><\/span> zagotavlja varno in zanesljivo sidranje napihljivega gradu v tla, tudi v vetrovno vreme in pri intenzivni uporabi. Klini se enostavno pritrdijo na za to predvidene sidrne to\u010dke napihljivega gradu in trdno zabijejo v tla. Tako napihljiva konstrukcija ostane stabilna in varno na svojem mestu.<\/p>\n<p class=\"p1\"><span class=\"s1\"><b>Zanesljivo sidranje:<\/b><\/span> Teksturirana povr\u0161ina zagotavlja odli\u010den oprijem v tleh in pomaga prepre\u010diti izpullitev klinov tudi pri intenzivnem skakanju.<\/p>\n<p class=\"p1\"><span class=\"s1\"><b>Varno v vetru in vremenu:<\/b><\/span> Robustna jeklena konstrukcija zagotavlja dolgotrajno pritrditev in pove\u010duje varnost na celotnem igralnem obmo\u010dju.<\/p>\n<p class=\"p1\"><span class=\"s1\"><b>Vsestranska uporaba:<\/b><\/span> Poleg napihljivih gradov so ti zemeljski klini idealni tudi za pritrjevanje drugih napihljivih event modulov v tla.<\/p>\n<p class=\"p1\"><span class=\"s1\"><b>Primerno za zahtevne pogoje tal:<\/b><\/span> Zahvaljujo\u010d robustni konstrukciji so klini primerni tudi za tr\u0161a, kamnita ali rahlo skalnata tla.<\/p>\n<p>&nbsp;<\/p>\n<h3>Podrobnosti o kompletu 6 zemeljskih klinov<\/h3>\n<ul>\n<li>Jeklo<\/li>\n<li>Dol\u017eina: cca 38 cm<\/li>\n<li>Premer: cca 16 mm (skladno z DIN EN 14960)<\/li>\n<li>Te\u017ea na kos: cca 280 g<\/li>\n<li>Primerno tudi za kamnita in skalnata tla<\/li>\n<\/ul>\n<p>&nbsp;<\/p>\n","protected":false},"excerpt":{"rendered":"<ul>\n<li class=\"whitespace-normal break-words pl-2\">Komplet 6 jeklenih klinov za varno sidranje napihljivega gradu v tla<\/li>\n<li class=\"whitespace-normal break-words pl-2\">Teksturirana povr\u0161ina za odli\u010den oprijem tudi pri intenzivnem skakanju<\/li>\n<li class=\"whitespace-normal break-words pl-2\">Robustna jeklena konstrukcija za dolgotrajno pritrditev tudi pri vetrovnem vremenu<\/li>\n<li class=\"whitespace-normal break-words pl-2\">Material: jeklo | Dol\u017eina: cca 38 cm | Premer: cca 16 mm (skladno z DIN EN 14960) | Te\u017ea: cca 280 g\/kos<\/li>\n<li class=\"whitespace-normal break-words pl-2\">Primerno tudi za tr\u0161a, kamnita ali rahlo skalnata tla<\/li>\n<\/ul>\n","protected":false},"featured_media":104856,"comment_status":"open","ping_status":"closed","template":"","meta":{"_acf_changed":false,"_uag_custom_page_level_css":"","site-sidebar-layout":"default","site-content-layout":"boxed-container","ast-site-content-layout":"normal-width-container","site-content-style":"boxed","site-sidebar-style":"boxed","ast-global-header-display":"","ast-banner-title-visibility":"","ast-main-header-display":"","ast-hfb-above-header-display":"","ast-hfb-below-header-display":"","ast-hfb-mobile-header-display":"","site-post-title":"disabled","ast-breadcrumbs-content":"","ast-featured-img":"","footer-sml-layout":"","ast-disable-related-posts":"","theme-transparent-header-meta":"default","adv-header-id-meta":"","stick-header-meta":"default","header-above-stick-meta":"","header-main-stick-meta":"","header-below-stick-meta":"","astra-migrate-meta-layouts":"default","ast-page-background-enabled":"default","ast-page-background-meta":{"desktop":{"background-color":"var(--ast-global-color-4)","background-image":"","background-repeat":"repeat","background-position":"center center","background-size":"auto","background-attachment":"scroll","background-type":"","background-media":"","overlay-type":"","overlay-color":"","overlay-opacity":"","overlay-gradient":""},"tablet":{"background-color":"","background-image":"","background-repeat":"repeat","background-position":"center center","background-size":"auto","background-attachment":"scroll","background-type":"","background-media":"","overlay-type":"","overlay-color":"","overlay-opacity":"","overlay-gradient":""},"mobile":{"background-color":"","background-image":"","background-repeat":"repeat","background-position":"center center","background-size":"auto","background-attachment":"scroll","background-type":"","background-media":"","overlay-type":"","overlay-color":"","overlay-opacity":"","overlay-gradient":""}},"ast-content-background-meta":{"desktop":{"background-color":"var(--ast-global-color-5)","background-image":"","background-repeat":"repeat","background-position":"center center","background-size":"auto","background-attachment":"scroll","background-type":"","background-media":"","overlay-type":"","overlay-color":"","overlay-opacity":"","overlay-gradient":""},"tablet":{"background-color":"var(--ast-global-color-5)","background-image":"","background-repeat":"repeat","background-position":"center center","background-size":"auto","background-attachment":"scroll","background-type":"","background-media":"","overlay-type":"","overlay-color":"","overlay-opacity":"","overlay-gradient":""},"mobile":{"background-color":"var(--ast-global-color-5)","background-image":"","background-repeat":"repeat","background-position":"center center","background-size":"auto","background-attachment":"scroll","background-type":"","background-media":"","overlay-type":"","overlay-color":"","overlay-opacity":"","overlay-gradient":""}}},"product_brand":[],"product_cat":[1132],"product_tag":[],"class_list":{"0":"post-12766","1":"product","2":"type-product","3":"status-publish","4":"has-post-thumbnail","6":"product_cat-dodatki","7":"product_shipping_class-zubehor-sl","8":"desktop-align-center","9":"tablet-align-center","10":"mobile-align-center","11":"ast-product-gallery-layout-horizontal","12":"ast-product-tabs-layout-horizontal","14":"first","15":"instock","16":"taxable","17":"shipping-taxable","18":"purchasable","19":"product-type-simple"},"acf":[],"yoast_head":"<!-- This site is optimized with the Yoast SEO plugin v27.5 - https:\/\/yoast.com\/product\/yoast-seo-wordpress\/ -->\n<title>Nakup talnih kolov za pritrditev napihljivih izdelkov | Dodo-Inflatables.com<\/title>\n<meta name=\"description\" content=\"Kupite zemeljske zati\u010de za pritrditev napihljivih izdelkov na Dodo-Inflatables.com! | Po\u0161tene cene | Velike koli\u010dine na zalogi | Hitra odprema!\" \/>\n<meta name=\"robots\" content=\"index, follow, max-snippet:-1, max-image-preview:large, max-video-preview:-1\" \/>\n<link rel=\"canonical\" href=\"https:\/\/dodo-inflatables.com\/sl\/izdelek\/okovi-za-pritrditev-napihljivega-predmeta\/\" \/>\n<meta name=\"twitter:label1\" content=\"Est. reading time\" \/>\n\t<meta name=\"twitter:data1\" content=\"1 minuta\" \/>\n<script type=\"application\/ld+json\" class=\"yoast-schema-graph\">{\"@context\":\"https:\\\/\\\/schema.org\",\"@graph\":[{\"@type\":\"WebPage\",\"@id\":\"https:\\\/\\\/dodo-inflatables.com\\\/sl\\\/izdelek\\\/okovi-za-pritrditev-napihljivega-predmeta\\\/\",\"url\":\"https:\\\/\\\/dodo-inflatables.com\\\/sl\\\/izdelek\\\/okovi-za-pritrditev-napihljivega-predmeta\\\/\",\"name\":\"Nakup talnih kolov za pritrditev napihljivih izdelkov | Dodo-Inflatables.com\",\"isPartOf\":{\"@id\":\"https:\\\/\\\/dodo-inflatables.com\\\/sl\\\/#website\"},\"primaryImageOfPage\":{\"@id\":\"https:\\\/\\\/dodo-inflatables.com\\\/sl\\\/izdelek\\\/okovi-za-pritrditev-napihljivega-predmeta\\\/#primaryimage\"},\"image\":{\"@id\":\"https:\\\/\\\/dodo-inflatables.com\\\/sl\\\/izdelek\\\/okovi-za-pritrditev-napihljivega-predmeta\\\/#primaryimage\"},\"thumbnailUrl\":\"https:\\\/\\\/dodo-inflatables.com\\\/wp-content\\\/uploads\\\/2018\\\/05\\\/Gournd-pegs-inflatables.png\",\"datePublished\":\"2018-05-11T12:38:49+00:00\",\"dateModified\":\"2026-04-22T08:02:11+00:00\",\"description\":\"Kupite zemeljske zati\u010de za pritrditev napihljivih izdelkov na Dodo-Inflatables.com! | Po\u0161tene cene | Velike koli\u010dine na zalogi | Hitra odprema!\",\"breadcrumb\":{\"@id\":\"https:\\\/\\\/dodo-inflatables.com\\\/sl\\\/izdelek\\\/okovi-za-pritrditev-napihljivega-predmeta\\\/#breadcrumb\"},\"inLanguage\":\"sl-SI\",\"potentialAction\":[{\"@type\":\"ReadAction\",\"target\":[\"https:\\\/\\\/dodo-inflatables.com\\\/sl\\\/izdelek\\\/okovi-za-pritrditev-napihljivega-predmeta\\\/\"]}]},{\"@type\":\"ImageObject\",\"inLanguage\":\"sl-SI\",\"@id\":\"https:\\\/\\\/dodo-inflatables.com\\\/sl\\\/izdelek\\\/okovi-za-pritrditev-napihljivega-predmeta\\\/#primaryimage\",\"url\":\"https:\\\/\\\/dodo-inflatables.com\\\/wp-content\\\/uploads\\\/2018\\\/05\\\/Gournd-pegs-inflatables.png\",\"contentUrl\":\"https:\\\/\\\/dodo-inflatables.com\\\/wp-content\\\/uploads\\\/2018\\\/05\\\/Gournd-pegs-inflatables.png\",\"width\":1000,\"height\":1000},{\"@type\":\"BreadcrumbList\",\"@id\":\"https:\\\/\\\/dodo-inflatables.com\\\/sl\\\/izdelek\\\/okovi-za-pritrditev-napihljivega-predmeta\\\/#breadcrumb\",\"itemListElement\":[{\"@type\":\"ListItem\",\"position\":1,\"name\":\"Home\",\"item\":\"https:\\\/\\\/dodo-inflatables.com\\\/sl\\\/\"},{\"@type\":\"ListItem\",\"position\":2,\"name\":\"Trgovina\",\"item\":\"https:\\\/\\\/dodo-inflatables.com\\\/sl\\\/trgovina\\\/\"},{\"@type\":\"ListItem\",\"position\":3,\"name\":\"Okovi za pritrditev napihljivega predmeta\"}]},{\"@type\":\"WebSite\",\"@id\":\"https:\\\/\\\/dodo-inflatables.com\\\/sl\\\/#website\",\"url\":\"https:\\\/\\\/dodo-inflatables.com\\\/sl\\\/\",\"name\":\"dodo-inflatables.com\",\"description\":\"Kupite napihljive gradove in atrakcije v na\u0161i trgovini.\",\"potentialAction\":[{\"@type\":\"SearchAction\",\"target\":{\"@type\":\"EntryPoint\",\"urlTemplate\":\"https:\\\/\\\/dodo-inflatables.com\\\/sl\\\/?s={search_term_string}\"},\"query-input\":{\"@type\":\"PropertyValueSpecification\",\"valueRequired\":true,\"valueName\":\"search_term_string\"}}],\"inLanguage\":\"sl-SI\"}]}<\/script>\n<!-- \/ Yoast SEO plugin. -->","yoast_head_json":{"title":"Nakup talnih kolov za pritrditev napihljivih izdelkov | Dodo-Inflatables.com","description":"Kupite zemeljske zati\u010de za pritrditev napihljivih izdelkov na Dodo-Inflatables.com! | Po\u0161tene cene | Velike koli\u010dine na zalogi | Hitra odprema!","robots":{"index":"index","follow":"follow","max-snippet":"max-snippet:-1","max-image-preview":"max-image-preview:large","max-video-preview":"max-video-preview:-1"},"canonical":"https:\/\/dodo-inflatables.com\/sl\/izdelek\/okovi-za-pritrditev-napihljivega-predmeta\/","twitter_misc":{"Est. reading time":"1 minuta"},"schema":{"@context":"https:\/\/schema.org","@graph":[{"@type":"WebPage","@id":"https:\/\/dodo-inflatables.com\/sl\/izdelek\/okovi-za-pritrditev-napihljivega-predmeta\/","url":"https:\/\/dodo-inflatables.com\/sl\/izdelek\/okovi-za-pritrditev-napihljivega-predmeta\/","name":"Nakup talnih kolov za pritrditev napihljivih izdelkov | Dodo-Inflatables.com","isPartOf":{"@id":"https:\/\/dodo-inflatables.com\/sl\/#website"},"primaryImageOfPage":{"@id":"https:\/\/dodo-inflatables.com\/sl\/izdelek\/okovi-za-pritrditev-napihljivega-predmeta\/#primaryimage"},"image":{"@id":"https:\/\/dodo-inflatables.com\/sl\/izdelek\/okovi-za-pritrditev-napihljivega-predmeta\/#primaryimage"},"thumbnailUrl":"https:\/\/dodo-inflatables.com\/wp-content\/uploads\/2018\/05\/Gournd-pegs-inflatables.png","datePublished":"2018-05-11T12:38:49+00:00","dateModified":"2026-04-22T08:02:11+00:00","description":"Kupite zemeljske zati\u010de za pritrditev napihljivih izdelkov na Dodo-Inflatables.com! | Po\u0161tene cene | Velike koli\u010dine na zalogi | Hitra odprema!","breadcrumb":{"@id":"https:\/\/dodo-inflatables.com\/sl\/izdelek\/okovi-za-pritrditev-napihljivega-predmeta\/#breadcrumb"},"inLanguage":"sl-SI","potentialAction":[{"@type":"ReadAction","target":["https:\/\/dodo-inflatables.com\/sl\/izdelek\/okovi-za-pritrditev-napihljivega-predmeta\/"]}]},{"@type":"ImageObject","inLanguage":"sl-SI","@id":"https:\/\/dodo-inflatables.com\/sl\/izdelek\/okovi-za-pritrditev-napihljivega-predmeta\/#primaryimage","url":"https:\/\/dodo-inflatables.com\/wp-content\/uploads\/2018\/05\/Gournd-pegs-inflatables.png","contentUrl":"https:\/\/dodo-inflatables.com\/wp-content\/uploads\/2018\/05\/Gournd-pegs-inflatables.png","width":1000,"height":1000},{"@type":"BreadcrumbList","@id":"https:\/\/dodo-inflatables.com\/sl\/izdelek\/okovi-za-pritrditev-napihljivega-predmeta\/#breadcrumb","itemListElement":[{"@type":"ListItem","position":1,"name":"Home","item":"https:\/\/dodo-inflatables.com\/sl\/"},{"@type":"ListItem","position":2,"name":"Trgovina","item":"https:\/\/dodo-inflatables.com\/sl\/trgovina\/"},{"@type":"ListItem","position":3,"name":"Okovi za pritrditev napihljivega predmeta"}]},{"@type":"WebSite","@id":"https:\/\/dodo-inflatables.com\/sl\/#website","url":"https:\/\/dodo-inflatables.com\/sl\/","name":"dodo-inflatables.com","description":"Kupite napihljive gradove in atrakcije v na\u0161i trgovini.","potentialAction":[{"@type":"SearchAction","target":{"@type":"EntryPoint","urlTemplate":"https:\/\/dodo-inflatables.com\/sl\/?s={search_term_string}"},"query-input":{"@type":"PropertyValueSpecification","valueRequired":true,"valueName":"search_term_string"}}],"inLanguage":"sl-SI"}]}},"uagb_featured_image_src":{"full":["https:\/\/dodo-inflatables.com\/wp-content\/uploads\/2018\/05\/Gournd-pegs-inflatables.png",1000,1000,false],"thumbnail":["https:\/\/dodo-inflatables.com\/wp-content\/uploads\/2018\/05\/Gournd-pegs-inflatables-150x150.png",150,150,true],"medium":["https:\/\/dodo-inflatables.com\/wp-content\/uploads\/2018\/05\/Gournd-pegs-inflatables-300x300.png",300,300,true],"medium_large":["https:\/\/dodo-inflatables.com\/wp-content\/uploads\/2018\/05\/Gournd-pegs-inflatables-768x768.png",768,768,true],"large":["https:\/\/dodo-inflatables.com\/wp-content\/uploads\/2018\/05\/Gournd-pegs-inflatables.png",1000,1000,false],"1536x1536":["https:\/\/dodo-inflatables.com\/wp-content\/uploads\/2018\/05\/Gournd-pegs-inflatables.png",1000,1000,false],"2048x2048":["https:\/\/dodo-inflatables.com\/wp-content\/uploads\/2018\/05\/Gournd-pegs-inflatables.png",1000,1000,false],"woocommerce_thumbnail":["https:\/\/dodo-inflatables.com\/wp-content\/uploads\/2018\/05\/Gournd-pegs-inflatables-900x900.png",900,900,true],"woocommerce_single":["https:\/\/dodo-inflatables.com\/wp-content\/uploads\/2018\/05\/Gournd-pegs-inflatables-900x900.png",900,900,true],"woocommerce_gallery_thumbnail":["https:\/\/dodo-inflatables.com\/wp-content\/uploads\/2018\/05\/Gournd-pegs-inflatables-100x100.png",100,100,true]},"uagb_author_info":{"display_name":"Andreas","author_link":"https:\/\/dodo-inflatables.com\/sl\/author\/"},"uagb_comment_info":0,"uagb_excerpt":"Komplet 6 jeklenih klinov za varno sidranje napihljivega gradu v tla Teksturirana povr\u0161ina za odli\u010den oprijem tudi pri intenzivnem skakanju Robustna jeklena konstrukcija za dolgotrajno pritrditev tudi pri vetrovnem vremenu Material: jeklo | Dol\u017eina: cca 38 cm | Premer: cca 16 mm (skladno z DIN EN 14960) | Te\u017ea: cca 280 g\/kos Primerno tudi za&hellip;","_links":{"self":[{"href":"https:\/\/dodo-inflatables.com\/sl\/wp-json\/wp\/v2\/product\/12766","targetHints":{"allow":["GET"]}}],"collection":[{"href":"https:\/\/dodo-inflatables.com\/sl\/wp-json\/wp\/v2\/product"}],"about":[{"href":"https:\/\/dodo-inflatables.com\/sl\/wp-json\/wp\/v2\/types\/product"}],"replies":[{"embeddable":true,"href":"https:\/\/dodo-inflatables.com\/sl\/wp-json\/wp\/v2\/comments?post=12766"}],"wp:featuredmedia":[{"embeddable":true,"href":"https:\/\/dodo-inflatables.com\/sl\/wp-json\/wp\/v2\/media\/104856"}],"wp:attachment":[{"href":"https:\/\/dodo-inflatables.com\/sl\/wp-json\/wp\/v2\/media?parent=12766"}],"wp:term":[{"taxonomy":"product_brand","embeddable":true,"href":"https:\/\/dodo-inflatables.com\/sl\/wp-json\/wp\/v2\/product_brand?post=12766"},{"taxonomy":"product_cat","embeddable":true,"href":"https:\/\/dodo-inflatables.com\/sl\/wp-json\/wp\/v2\/product_cat?post=12766"},{"taxonomy":"product_tag","embeddable":true,"href":"https:\/\/dodo-inflatables.com\/sl\/wp-json\/wp\/v2\/product_tag?post=12766"}],"curies":[{"name":"wp","href":"https:\/\/api.w.org\/{rel}","templated":true}]}}