{"id":12978,"date":"2017-01-06T20:54:55","date_gmt":"2017-01-06T19:54:55","guid":{"rendered":"https:\/\/dodo-inflatables.com\/product\/nogometni-biljard\/"},"modified":"2024-06-01T18:26:33","modified_gmt":"2024-06-01T16:26:33","slug":"nogometni-biljard","status":"publish","type":"product","link":"https:\/\/dodo-inflatables.com\/sl\/izdelek\/nogometni-biljard\/","title":{"rendered":"Nogometni biljard"},"content":{"rendered":"<h3>Nakup napihljive nogometne mize za biljard<\/h3>\n<p>Obi\u010dajni nogomet je za vas preve\u010d dolgo\u010dasen? Ni problema! Z na\u0161imi nogometnimi biljardi ali nogometom za snooker lahko igro popestrite. Nogometni biljard ali biljard \/ nogometni biljard zdru\u017euje zabavo obeh iger ter zagotavlja zabavo za gledalce in soigralce. Igra se igra po obi\u010dajnih pravilih biljarda, le da je va\u0161a noga tenda. Polne in polovi\u010dne nogometne \u017eoge v videzu biljardne krogle je treba z belo \u017eogo za bregove vre\u010di v luknje. Zmagovalec igre je igralec, ki prvi dobi svoje krogle in v \u017eep pospravi \u010drno osmico. Vendar je za to potrebna velika natan\u010dnost, dober ob\u010dutek za \u017eogo in premi\u0161ljena strategija. Igro lahko igrate v paru ali kot ekipa. Igro je najbolje igrati na nogometnem igri\u0161\u010du ali drugi ravni povr\u0161ini. Nogometni biljard je vedno prava atrakcija! Veliko igri\u0161\u010de bo privabilo obiskovalce od dale\u010d in zagotovilo najbolj\u0161o zabavo za igralce in gledalce.<\/p>\n<p>&nbsp;<\/p>\n<h4>Podrobnosti o napihljivi mizi za nogomet in biljard<\/h4>\n<ul>\n<li>Dimenzije (d x \u0161 x v): 8,00 m x 4,00 m x 0,75 m *<\/li>\n<li>Te\u017ea: pribl. 60 kg *<\/li>\n<li>Velikost pakiranja: 100 x 70 x 70 cm *<\/li>\n<li>\u010cas sestavljanja: 10 minut<\/li>\n<li>Material: 0,55 mm PVC<\/li>\n<li>Zadrga z Velcro pokrovom, oja\u010dani vogali<\/li>\n<\/ul>\n<p>&nbsp;<\/p>\n<p>Obseg dobave vklju\u010duje Nogometni biljard surround<\/p>\n<p>Vklju\u010deni niso pihalnik, podloga, ponjava, nogometne biljardne krogle in trikotnik za nogometni biljard. Te najdete v kategoriji dodatkov.<\/p>\n<p>Napihljiv nogometni biljard je kakovosten izdelek, ki je izdelan v skladu s strogimi smernicami standarda EN 14960. Vsi na\u0161i posko\u010dni gradovi in napihljive atrakcije so profesionalni moduli, ki so primerni za profesionalni najem in uporabo v zabavi\u0161\u010dnih parkih, notranjih igri\u0161\u010dih in podobno.<\/p>\n<p>&nbsp;<\/p>\n<p><strong>Pomembne opombe o delovanju<\/strong><\/p>\n<p>Ventilator (ni prilo\u017een) mora med uporabo delovati neprekinjeno.<br \/>\nRahlo uhajanje zraka skozi luknje v \u0161ivih je normalno.<\/p>\n<p>* Te\u017ea in dimenzije so pribli\u017ene in se lahko nekoliko razlikujejo<\/p>\n","protected":false},"excerpt":{"rendered":"<p><i class=\"fa fa-arrows-alt\"><\/i>  Dimenzije (d x \u0161 x v): 8,00 m x 4,00 m x 0,75 m *<br \/>\n<i class=\"fa fa-plus\"><\/i>  Po \u017eelji so na voljo nogometne \u017eoge v obliki biljardne \u017eoge<br \/>\n<i class=\"fa fa-check\"><\/i>  Profesionalni modul &#8211; primeren za komercialno in zasebno uporabo<\/p>\n<p><i class=\"fa fa-square\"><\/i>  PVC (0,55 mm \/ 621,3 g\/m2) in Velcro<br \/>\n<i class=\"fa fa-align-justify\"><\/i>  2- do 4-krat pre\u0161ito (odvisno od obremenitve)<br \/>\n<i class=\"fa fa-fire\"><\/i>  Za\u0161\u010dita pred ognjem<\/p>\n<p>&nbsp;<\/p>\n","protected":false},"featured_media":12981,"comment_status":"open","ping_status":"closed","template":"","meta":{"_acf_changed":false,"_uag_custom_page_level_css":"","site-sidebar-layout":"default","site-content-layout":"boxed-container","ast-site-content-layout":"normal-width-container","site-content-style":"boxed","site-sidebar-style":"boxed","ast-global-header-display":"","ast-banner-title-visibility":"","ast-main-header-display":"","ast-hfb-above-header-display":"","ast-hfb-below-header-display":"","ast-hfb-mobile-header-display":"","site-post-title":"disabled","ast-breadcrumbs-content":"","ast-featured-img":"","footer-sml-layout":"","ast-disable-related-posts":"","theme-transparent-header-meta":"default","adv-header-id-meta":"","stick-header-meta":"default","header-above-stick-meta":"","header-main-stick-meta":"","header-below-stick-meta":"","astra-migrate-meta-layouts":"default","ast-page-background-enabled":"default","ast-page-background-meta":{"desktop":{"background-color":"var(--ast-global-color-4)","background-image":"","background-repeat":"repeat","background-position":"center center","background-size":"auto","background-attachment":"scroll","background-type":"","background-media":"","overlay-type":"","overlay-color":"","overlay-opacity":"","overlay-gradient":""},"tablet":{"background-color":"","background-image":"","background-repeat":"repeat","background-position":"center center","background-size":"auto","background-attachment":"scroll","background-type":"","background-media":"","overlay-type":"","overlay-color":"","overlay-opacity":"","overlay-gradient":""},"mobile":{"background-color":"","background-image":"","background-repeat":"repeat","background-position":"center center","background-size":"auto","background-attachment":"scroll","background-type":"","background-media":"","overlay-type":"","overlay-color":"","overlay-opacity":"","overlay-gradient":""}},"ast-content-background-meta":{"desktop":{"background-color":"var(--ast-global-color-5)","background-image":"","background-repeat":"repeat","background-position":"center center","background-size":"auto","background-attachment":"scroll","background-type":"","background-media":"","overlay-type":"","overlay-color":"","overlay-opacity":"","overlay-gradient":""},"tablet":{"background-color":"var(--ast-global-color-5)","background-image":"","background-repeat":"repeat","background-position":"center center","background-size":"auto","background-attachment":"scroll","background-type":"","background-media":"","overlay-type":"","overlay-color":"","overlay-opacity":"","overlay-gradient":""},"mobile":{"background-color":"var(--ast-global-color-5)","background-image":"","background-repeat":"repeat","background-position":"center center","background-size":"auto","background-attachment":"scroll","background-type":"","background-media":"","overlay-type":"","overlay-color":"","overlay-opacity":"","overlay-gradient":""}}},"product_brand":[],"product_cat":[1276],"product_tag":[],"class_list":{"0":"post-12978","1":"product","2":"type-product","3":"status-publish","4":"has-post-thumbnail","6":"product_cat-atrakcije-sl","7":"product_shipping_class-spedition-hupfburg-sl","8":"desktop-align-center","9":"tablet-align-center","10":"mobile-align-center","11":"ast-product-gallery-layout-horizontal","12":"ast-product-tabs-layout-horizontal","14":"first","15":"instock","16":"taxable","17":"shipping-taxable","18":"purchasable","19":"product-type-simple"},"acf":[],"yoast_head":"<!-- This site is optimized with the Yoast SEO plugin v27.3 - https:\/\/yoast.com\/product\/yoast-seo-wordpress\/ -->\n<title>Najdeno v trgovinah | H\u00fcpfburg-g\u00fcnstig-kaufen.de<\/title>\n<meta name=\"description\" content=\"Kupite napihljiv nogometni bazen in nogometni biljard na dodo-inflatables.com! | Po\u0161tene cene | Vedno na zalogi | Hitra odprema!\" \/>\n<meta name=\"robots\" content=\"index, follow, max-snippet:-1, max-image-preview:large, max-video-preview:-1\" \/>\n<link rel=\"canonical\" href=\"https:\/\/dodo-inflatables.com\/sl\/izdelek\/nogometni-biljard\/\" \/>\n<meta name=\"twitter:label1\" content=\"Est. reading time\" \/>\n\t<meta name=\"twitter:data1\" content=\"2 minuti\" \/>\n<script type=\"application\/ld+json\" class=\"yoast-schema-graph\">{\"@context\":\"https:\\\/\\\/schema.org\",\"@graph\":[{\"@type\":\"WebPage\",\"@id\":\"https:\\\/\\\/dodo-inflatables.com\\\/sl\\\/izdelek\\\/nogometni-biljard\\\/\",\"url\":\"https:\\\/\\\/dodo-inflatables.com\\\/sl\\\/izdelek\\\/nogometni-biljard\\\/\",\"name\":\"Najdeno v trgovinah | H\u00fcpfburg-g\u00fcnstig-kaufen.de\",\"isPartOf\":{\"@id\":\"https:\\\/\\\/dodo-inflatables.com\\\/sl\\\/#website\"},\"primaryImageOfPage\":{\"@id\":\"https:\\\/\\\/dodo-inflatables.com\\\/sl\\\/izdelek\\\/nogometni-biljard\\\/#primaryimage\"},\"image\":{\"@id\":\"https:\\\/\\\/dodo-inflatables.com\\\/sl\\\/izdelek\\\/nogometni-biljard\\\/#primaryimage\"},\"thumbnailUrl\":\"https:\\\/\\\/dodo-inflatables.com\\\/wp-content\\\/uploads\\\/2017\\\/01\\\/snooker-football-fussball-billard-kaufen-4.png\",\"datePublished\":\"2017-01-06T19:54:55+00:00\",\"dateModified\":\"2024-06-01T16:26:33+00:00\",\"description\":\"Kupite napihljiv nogometni bazen in nogometni biljard na dodo-inflatables.com! | Po\u0161tene cene | Vedno na zalogi | Hitra odprema!\",\"breadcrumb\":{\"@id\":\"https:\\\/\\\/dodo-inflatables.com\\\/sl\\\/izdelek\\\/nogometni-biljard\\\/#breadcrumb\"},\"inLanguage\":\"sl-SI\",\"potentialAction\":[{\"@type\":\"ReadAction\",\"target\":[\"https:\\\/\\\/dodo-inflatables.com\\\/sl\\\/izdelek\\\/nogometni-biljard\\\/\"]}]},{\"@type\":\"ImageObject\",\"inLanguage\":\"sl-SI\",\"@id\":\"https:\\\/\\\/dodo-inflatables.com\\\/sl\\\/izdelek\\\/nogometni-biljard\\\/#primaryimage\",\"url\":\"https:\\\/\\\/dodo-inflatables.com\\\/wp-content\\\/uploads\\\/2017\\\/01\\\/snooker-football-fussball-billard-kaufen-4.png\",\"contentUrl\":\"https:\\\/\\\/dodo-inflatables.com\\\/wp-content\\\/uploads\\\/2017\\\/01\\\/snooker-football-fussball-billard-kaufen-4.png\",\"width\":500,\"height\":500},{\"@type\":\"BreadcrumbList\",\"@id\":\"https:\\\/\\\/dodo-inflatables.com\\\/sl\\\/izdelek\\\/nogometni-biljard\\\/#breadcrumb\",\"itemListElement\":[{\"@type\":\"ListItem\",\"position\":1,\"name\":\"Home\",\"item\":\"https:\\\/\\\/dodo-inflatables.com\\\/sl\\\/\"},{\"@type\":\"ListItem\",\"position\":2,\"name\":\"Trgovina\",\"item\":\"https:\\\/\\\/dodo-inflatables.com\\\/sl\\\/trgovina\\\/\"},{\"@type\":\"ListItem\",\"position\":3,\"name\":\"Nogometni biljard\"}]},{\"@type\":\"WebSite\",\"@id\":\"https:\\\/\\\/dodo-inflatables.com\\\/sl\\\/#website\",\"url\":\"https:\\\/\\\/dodo-inflatables.com\\\/sl\\\/\",\"name\":\"dodo-inflatables.com\",\"description\":\"Kupite napihljive gradove in atrakcije v na\u0161i trgovini.\",\"publisher\":{\"@id\":\"https:\\\/\\\/dodo-inflatables.com\\\/sl\\\/#organization\"},\"potentialAction\":[{\"@type\":\"SearchAction\",\"target\":{\"@type\":\"EntryPoint\",\"urlTemplate\":\"https:\\\/\\\/dodo-inflatables.com\\\/sl\\\/?s={search_term_string}\"},\"query-input\":{\"@type\":\"PropertyValueSpecification\",\"valueRequired\":true,\"valueName\":\"search_term_string\"}}],\"inLanguage\":\"sl-SI\"},{\"@type\":\"Organization\",\"@id\":\"https:\\\/\\\/dodo-inflatables.com\\\/sl\\\/#organization\",\"name\":\"dodo-inflatables.com\",\"url\":\"https:\\\/\\\/dodo-inflatables.com\\\/sl\\\/\",\"logo\":{\"@type\":\"ImageObject\",\"inLanguage\":\"sl-SI\",\"@id\":\"https:\\\/\\\/dodo-inflatables.com\\\/sl\\\/#\\\/schema\\\/logo\\\/image\\\/\",\"url\":\"https:\\\/\\\/dodo-inflatables.com\\\/wp-content\\\/uploads\\\/2023\\\/04\\\/cropped-cropped-cropped-Dodo-Logo.png\",\"contentUrl\":\"https:\\\/\\\/dodo-inflatables.com\\\/wp-content\\\/uploads\\\/2023\\\/04\\\/cropped-cropped-cropped-Dodo-Logo.png\",\"width\":2996,\"height\":1545,\"caption\":\"dodo-inflatables.com\"},\"image\":{\"@id\":\"https:\\\/\\\/dodo-inflatables.com\\\/sl\\\/#\\\/schema\\\/logo\\\/image\\\/\"}}]}<\/script>\n<!-- \/ Yoast SEO plugin. -->","yoast_head_json":{"title":"Najdeno v trgovinah | H\u00fcpfburg-g\u00fcnstig-kaufen.de","description":"Kupite napihljiv nogometni bazen in nogometni biljard na dodo-inflatables.com! | Po\u0161tene cene | Vedno na zalogi | Hitra odprema!","robots":{"index":"index","follow":"follow","max-snippet":"max-snippet:-1","max-image-preview":"max-image-preview:large","max-video-preview":"max-video-preview:-1"},"canonical":"https:\/\/dodo-inflatables.com\/sl\/izdelek\/nogometni-biljard\/","twitter_misc":{"Est. reading time":"2 minuti"},"schema":{"@context":"https:\/\/schema.org","@graph":[{"@type":"WebPage","@id":"https:\/\/dodo-inflatables.com\/sl\/izdelek\/nogometni-biljard\/","url":"https:\/\/dodo-inflatables.com\/sl\/izdelek\/nogometni-biljard\/","name":"Najdeno v trgovinah | H\u00fcpfburg-g\u00fcnstig-kaufen.de","isPartOf":{"@id":"https:\/\/dodo-inflatables.com\/sl\/#website"},"primaryImageOfPage":{"@id":"https:\/\/dodo-inflatables.com\/sl\/izdelek\/nogometni-biljard\/#primaryimage"},"image":{"@id":"https:\/\/dodo-inflatables.com\/sl\/izdelek\/nogometni-biljard\/#primaryimage"},"thumbnailUrl":"https:\/\/dodo-inflatables.com\/wp-content\/uploads\/2017\/01\/snooker-football-fussball-billard-kaufen-4.png","datePublished":"2017-01-06T19:54:55+00:00","dateModified":"2024-06-01T16:26:33+00:00","description":"Kupite napihljiv nogometni bazen in nogometni biljard na dodo-inflatables.com! | Po\u0161tene cene | Vedno na zalogi | Hitra odprema!","breadcrumb":{"@id":"https:\/\/dodo-inflatables.com\/sl\/izdelek\/nogometni-biljard\/#breadcrumb"},"inLanguage":"sl-SI","potentialAction":[{"@type":"ReadAction","target":["https:\/\/dodo-inflatables.com\/sl\/izdelek\/nogometni-biljard\/"]}]},{"@type":"ImageObject","inLanguage":"sl-SI","@id":"https:\/\/dodo-inflatables.com\/sl\/izdelek\/nogometni-biljard\/#primaryimage","url":"https:\/\/dodo-inflatables.com\/wp-content\/uploads\/2017\/01\/snooker-football-fussball-billard-kaufen-4.png","contentUrl":"https:\/\/dodo-inflatables.com\/wp-content\/uploads\/2017\/01\/snooker-football-fussball-billard-kaufen-4.png","width":500,"height":500},{"@type":"BreadcrumbList","@id":"https:\/\/dodo-inflatables.com\/sl\/izdelek\/nogometni-biljard\/#breadcrumb","itemListElement":[{"@type":"ListItem","position":1,"name":"Home","item":"https:\/\/dodo-inflatables.com\/sl\/"},{"@type":"ListItem","position":2,"name":"Trgovina","item":"https:\/\/dodo-inflatables.com\/sl\/trgovina\/"},{"@type":"ListItem","position":3,"name":"Nogometni biljard"}]},{"@type":"WebSite","@id":"https:\/\/dodo-inflatables.com\/sl\/#website","url":"https:\/\/dodo-inflatables.com\/sl\/","name":"dodo-inflatables.com","description":"Kupite napihljive gradove in atrakcije v na\u0161i trgovini.","publisher":{"@id":"https:\/\/dodo-inflatables.com\/sl\/#organization"},"potentialAction":[{"@type":"SearchAction","target":{"@type":"EntryPoint","urlTemplate":"https:\/\/dodo-inflatables.com\/sl\/?s={search_term_string}"},"query-input":{"@type":"PropertyValueSpecification","valueRequired":true,"valueName":"search_term_string"}}],"inLanguage":"sl-SI"},{"@type":"Organization","@id":"https:\/\/dodo-inflatables.com\/sl\/#organization","name":"dodo-inflatables.com","url":"https:\/\/dodo-inflatables.com\/sl\/","logo":{"@type":"ImageObject","inLanguage":"sl-SI","@id":"https:\/\/dodo-inflatables.com\/sl\/#\/schema\/logo\/image\/","url":"https:\/\/dodo-inflatables.com\/wp-content\/uploads\/2023\/04\/cropped-cropped-cropped-Dodo-Logo.png","contentUrl":"https:\/\/dodo-inflatables.com\/wp-content\/uploads\/2023\/04\/cropped-cropped-cropped-Dodo-Logo.png","width":2996,"height":1545,"caption":"dodo-inflatables.com"},"image":{"@id":"https:\/\/dodo-inflatables.com\/sl\/#\/schema\/logo\/image\/"}}]}},"uagb_featured_image_src":{"full":["https:\/\/dodo-inflatables.com\/wp-content\/uploads\/2017\/01\/snooker-football-fussball-billard-kaufen-4.png",500,500,false],"thumbnail":["https:\/\/dodo-inflatables.com\/wp-content\/uploads\/2017\/01\/snooker-football-fussball-billard-kaufen-4-150x150.png",150,150,true],"medium":["https:\/\/dodo-inflatables.com\/wp-content\/uploads\/2017\/01\/snooker-football-fussball-billard-kaufen-4-300x300.png",300,300,true],"medium_large":["https:\/\/dodo-inflatables.com\/wp-content\/uploads\/2017\/01\/snooker-football-fussball-billard-kaufen-4.png",500,500,false],"large":["https:\/\/dodo-inflatables.com\/wp-content\/uploads\/2017\/01\/snooker-football-fussball-billard-kaufen-4.png",500,500,false],"1536x1536":["https:\/\/dodo-inflatables.com\/wp-content\/uploads\/2017\/01\/snooker-football-fussball-billard-kaufen-4.png",500,500,false],"2048x2048":["https:\/\/dodo-inflatables.com\/wp-content\/uploads\/2017\/01\/snooker-football-fussball-billard-kaufen-4.png",500,500,false],"woocommerce_thumbnail":["https:\/\/dodo-inflatables.com\/wp-content\/uploads\/2017\/01\/snooker-football-fussball-billard-kaufen-4.png",500,500,false],"woocommerce_single":["https:\/\/dodo-inflatables.com\/wp-content\/uploads\/2017\/01\/snooker-football-fussball-billard-kaufen-4.png",500,500,false],"woocommerce_gallery_thumbnail":["https:\/\/dodo-inflatables.com\/wp-content\/uploads\/2017\/01\/snooker-football-fussball-billard-kaufen-4-100x100.png",100,100,true]},"uagb_author_info":{"display_name":"Andreas","author_link":"https:\/\/dodo-inflatables.com\/sl\/author\/"},"uagb_comment_info":0,"uagb_excerpt":"Dimenzije (d x \u0161 x v): 8,00 m x 4,00 m x 0,75 m * Po \u017eelji so na voljo nogometne \u017eoge v obliki biljardne \u017eoge Profesionalni modul - primeren za komercialno in zasebno uporabo PVC (0,55 mm \/ 621,3 g\/m2) in Velcro 2- do 4-krat pre\u0161ito (odvisno od obremenitve) Za\u0161\u010dita pred ognjem &nbsp;","_links":{"self":[{"href":"https:\/\/dodo-inflatables.com\/sl\/wp-json\/wp\/v2\/product\/12978","targetHints":{"allow":["GET"]}}],"collection":[{"href":"https:\/\/dodo-inflatables.com\/sl\/wp-json\/wp\/v2\/product"}],"about":[{"href":"https:\/\/dodo-inflatables.com\/sl\/wp-json\/wp\/v2\/types\/product"}],"replies":[{"embeddable":true,"href":"https:\/\/dodo-inflatables.com\/sl\/wp-json\/wp\/v2\/comments?post=12978"}],"wp:featuredmedia":[{"embeddable":true,"href":"https:\/\/dodo-inflatables.com\/sl\/wp-json\/wp\/v2\/media\/12981"}],"wp:attachment":[{"href":"https:\/\/dodo-inflatables.com\/sl\/wp-json\/wp\/v2\/media?parent=12978"}],"wp:term":[{"taxonomy":"product_brand","embeddable":true,"href":"https:\/\/dodo-inflatables.com\/sl\/wp-json\/wp\/v2\/product_brand?post=12978"},{"taxonomy":"product_cat","embeddable":true,"href":"https:\/\/dodo-inflatables.com\/sl\/wp-json\/wp\/v2\/product_cat?post=12978"},{"taxonomy":"product_tag","embeddable":true,"href":"https:\/\/dodo-inflatables.com\/sl\/wp-json\/wp\/v2\/product_tag?post=12978"}],"curies":[{"name":"wp","href":"https:\/\/api.w.org\/{rel}","templated":true}]}}