{"id":13063,"date":"2017-01-06T20:41:52","date_gmt":"2017-01-06T19:41:52","guid":{"rendered":"https:\/\/dodo-inflatables.com\/product\/gibbonsov-pihalnik-fp5005-15ps\/"},"modified":"2026-04-23T08:12:49","modified_gmt":"2026-04-23T06:12:49","slug":"gibbonsov-pihalnik-fp5005-15ps","status":"publish","type":"product","link":"https:\/\/dodo-inflatables.com\/sl\/izdelek\/gibbonsov-pihalnik-fp5005-15ps\/","title":{"rendered":"Gibbons pihalo FP5005 &#8211; 1.5 HP"},"content":{"rendered":"<h2>Kupite Gibbons pihalo za napihljive gradove<\/h2>\n<p>Gibbons pihalo za napihljive gradove je pravi klasik \u2013 robustno, zanesljivo in zgrajeno za dolgotrajno uporabo.<br \/>\n<strong>Vzdr\u017eljivo kovinsko ohi\u0161je:<\/strong> Pihalo je name\u0161\u010deno v trdnem kovinskem ohi\u0161ju, ki zagotavlja dolgotrajno vzdr\u017eljivost in za\u0161\u010dito pred obrabo.<br \/>\n<strong>Mo\u010dan pretok zraka:<\/strong> Zasnovano za optimalen pretok zraka, hitro in u\u010dinkovito napiha va\u0161 napihljivi grad, hkrati pa med uporabo ohranja pravi zra\u010dni tlak.<br \/>\n<strong>Vsestransk\u00e1 zdru\u017eljivost:<\/strong> Primerno za \u0161irok nabor napihljivih konstrukcij, od napihljivih gradov do napihljivih toboganov in \u0161tevilnih drugih event modulov.<\/p>\n<h3><strong>Podrobnosti o Gibbons pihalu<\/strong><\/h3>\n<ul>\n<li style=\"list-style-type: none;\">\n<ul>\n<li>Material: jekleno ohi\u0161je, lijak iz trdega plastika.<\/li>\n<li>Mo\u010d: 1,1 kW (izhod), 1,68 kW (vhod), 1,5 HP<\/li>\n<li>Priklju\u010dek: Schuko vti\u010d<\/li>\n<li>Premer lijaka: 21,5 cm<\/li>\n<li>Mere: 41 x 22 x 53 cm<\/li>\n<li>Te\u017ea: 16,6 kg<\/li>\n<li>Raven hrupa: 83 dB<\/li>\n<li>Registracijska \u0161t. WEEE: DE 82972723<\/li>\n<\/ul>\n<\/li>\n<\/ul>\n<p>Zahvaljujo\u010d kompaktnemu, \u0161katlastemu dizajnu je pihalo mogo\u010de zelo enostavno zlagati in shranjevati. S premerom lijaka 21,5 cm je Gibbons pihalo primerno ne le za napihljive gradove, temve\u010d tudi za event module in druge napihljive atrakcije, kot so ciljne stene, velikanski tobogani in \u0161e veliko ve\u010d. Vsi izdelki, ki so na voljo v na\u0161i trgovini, so popolnoma zdru\u017eljivi s tem pihalom.<br \/>\n&nbsp;<\/p>\n","protected":false},"excerpt":{"rendered":"<ul>\n<li>Material: jekleno ohi\u0161je, lijak iz trdega plastika.<\/li>\n<li>Mo\u010d: 1,1 kW (izhod), 1,68 kW (vhod), 1,5 HP<\/li>\n<li>Priklju\u010dek: Schuko vti\u010d<\/li>\n<li>Premer lijaka: 21,5 cm<\/li>\n<li>Mere: 41 x 22 x 53 cm<\/li>\n<li>Te\u017ea: 16,6 kg<\/li>\n<li>Raven hrupa: 83 dB<\/li>\n<li>Registracijska \u0161t. WEEE: DE 82972723<\/li>\n<\/ul>\n","protected":false},"featured_media":13065,"comment_status":"open","ping_status":"closed","template":"","meta":{"_acf_changed":false,"_uag_custom_page_level_css":"","site-sidebar-layout":"default","site-content-layout":"boxed-container","ast-site-content-layout":"normal-width-container","site-content-style":"boxed","site-sidebar-style":"boxed","ast-global-header-display":"","ast-banner-title-visibility":"","ast-main-header-display":"","ast-hfb-above-header-display":"","ast-hfb-below-header-display":"","ast-hfb-mobile-header-display":"","site-post-title":"disabled","ast-breadcrumbs-content":"","ast-featured-img":"","footer-sml-layout":"","ast-disable-related-posts":"","theme-transparent-header-meta":"default","adv-header-id-meta":"","stick-header-meta":"default","header-above-stick-meta":"","header-main-stick-meta":"","header-below-stick-meta":"","astra-migrate-meta-layouts":"default","ast-page-background-enabled":"default","ast-page-background-meta":{"desktop":{"background-color":"var(--ast-global-color-4)","background-image":"","background-repeat":"repeat","background-position":"center center","background-size":"auto","background-attachment":"scroll","background-type":"","background-media":"","overlay-type":"","overlay-color":"","overlay-opacity":"","overlay-gradient":""},"tablet":{"background-color":"","background-image":"","background-repeat":"repeat","background-position":"center center","background-size":"auto","background-attachment":"scroll","background-type":"","background-media":"","overlay-type":"","overlay-color":"","overlay-opacity":"","overlay-gradient":""},"mobile":{"background-color":"","background-image":"","background-repeat":"repeat","background-position":"center center","background-size":"auto","background-attachment":"scroll","background-type":"","background-media":"","overlay-type":"","overlay-color":"","overlay-opacity":"","overlay-gradient":""}},"ast-content-background-meta":{"desktop":{"background-color":"var(--ast-global-color-5)","background-image":"","background-repeat":"repeat","background-position":"center center","background-size":"auto","background-attachment":"scroll","background-type":"","background-media":"","overlay-type":"","overlay-color":"","overlay-opacity":"","overlay-gradient":""},"tablet":{"background-color":"var(--ast-global-color-5)","background-image":"","background-repeat":"repeat","background-position":"center center","background-size":"auto","background-attachment":"scroll","background-type":"","background-media":"","overlay-type":"","overlay-color":"","overlay-opacity":"","overlay-gradient":""},"mobile":{"background-color":"var(--ast-global-color-5)","background-image":"","background-repeat":"repeat","background-position":"center center","background-size":"auto","background-attachment":"scroll","background-type":"","background-media":"","overlay-type":"","overlay-color":"","overlay-opacity":"","overlay-gradient":""}}},"product_brand":[],"product_cat":[1132],"product_tag":[],"class_list":{"0":"post-13063","1":"product","2":"type-product","3":"status-publish","4":"has-post-thumbnail","6":"product_cat-dodatki","7":"product_shipping_class-zubehor-sl","8":"desktop-align-center","9":"tablet-align-center","10":"mobile-align-center","11":"ast-product-gallery-layout-horizontal","12":"ast-product-gallery-with-no-image","13":"ast-product-tabs-layout-horizontal","15":"first","16":"instock","17":"taxable","18":"shipping-taxable","19":"purchasable","20":"product-type-simple"},"acf":[],"yoast_head":"<!-- This site is optimized with the Yoast SEO plugin v27.5 - https:\/\/yoast.com\/product\/yoast-seo-wordpress\/ -->\n<title>Nakup pihalnikov Gibbons za napihljive predmete | Dodo-Inflatables.com<\/title>\n<meta name=\"description\" content=\"Kupi poceni Gibbons 1,1KW pihala za napihljive predmete na Dodo-Inflatables.com! | Po\u0161tene cene | Vedno na zalogi | Hitra dostava!\" \/>\n<meta name=\"robots\" content=\"index, follow, max-snippet:-1, max-image-preview:large, max-video-preview:-1\" \/>\n<link rel=\"canonical\" href=\"https:\/\/dodo-inflatables.com\/sl\/izdelek\/gibbonsov-pihalnik-fp5005-15ps\/\" \/>\n<meta name=\"twitter:label1\" content=\"Est. reading time\" \/>\n\t<meta name=\"twitter:data1\" content=\"1 minuta\" \/>\n<script type=\"application\/ld+json\" class=\"yoast-schema-graph\">{\"@context\":\"https:\\\/\\\/schema.org\",\"@graph\":[{\"@type\":\"WebPage\",\"@id\":\"https:\\\/\\\/dodo-inflatables.com\\\/sl\\\/izdelek\\\/gibbonsov-pihalnik-fp5005-15ps\\\/\",\"url\":\"https:\\\/\\\/dodo-inflatables.com\\\/sl\\\/izdelek\\\/gibbonsov-pihalnik-fp5005-15ps\\\/\",\"name\":\"Nakup pihalnikov Gibbons za napihljive predmete | Dodo-Inflatables.com\",\"isPartOf\":{\"@id\":\"https:\\\/\\\/dodo-inflatables.com\\\/sl\\\/#website\"},\"primaryImageOfPage\":{\"@id\":\"https:\\\/\\\/dodo-inflatables.com\\\/sl\\\/izdelek\\\/gibbonsov-pihalnik-fp5005-15ps\\\/#primaryimage\"},\"image\":{\"@id\":\"https:\\\/\\\/dodo-inflatables.com\\\/sl\\\/izdelek\\\/gibbonsov-pihalnik-fp5005-15ps\\\/#primaryimage\"},\"thumbnailUrl\":\"https:\\\/\\\/dodo-inflatables.com\\\/wp-content\\\/uploads\\\/2017\\\/01\\\/gibbons-geblase-metallgehause-fur-hupfburg-kaufen-500.png\",\"datePublished\":\"2017-01-06T19:41:52+00:00\",\"dateModified\":\"2026-04-23T06:12:49+00:00\",\"description\":\"Kupi poceni Gibbons 1,1KW pihala za napihljive predmete na Dodo-Inflatables.com! | Po\u0161tene cene | Vedno na zalogi | Hitra dostava!\",\"breadcrumb\":{\"@id\":\"https:\\\/\\\/dodo-inflatables.com\\\/sl\\\/izdelek\\\/gibbonsov-pihalnik-fp5005-15ps\\\/#breadcrumb\"},\"inLanguage\":\"sl-SI\",\"potentialAction\":[{\"@type\":\"ReadAction\",\"target\":[\"https:\\\/\\\/dodo-inflatables.com\\\/sl\\\/izdelek\\\/gibbonsov-pihalnik-fp5005-15ps\\\/\"]}]},{\"@type\":\"ImageObject\",\"inLanguage\":\"sl-SI\",\"@id\":\"https:\\\/\\\/dodo-inflatables.com\\\/sl\\\/izdelek\\\/gibbonsov-pihalnik-fp5005-15ps\\\/#primaryimage\",\"url\":\"https:\\\/\\\/dodo-inflatables.com\\\/wp-content\\\/uploads\\\/2017\\\/01\\\/gibbons-geblase-metallgehause-fur-hupfburg-kaufen-500.png\",\"contentUrl\":\"https:\\\/\\\/dodo-inflatables.com\\\/wp-content\\\/uploads\\\/2017\\\/01\\\/gibbons-geblase-metallgehause-fur-hupfburg-kaufen-500.png\",\"width\":500,\"height\":500},{\"@type\":\"BreadcrumbList\",\"@id\":\"https:\\\/\\\/dodo-inflatables.com\\\/sl\\\/izdelek\\\/gibbonsov-pihalnik-fp5005-15ps\\\/#breadcrumb\",\"itemListElement\":[{\"@type\":\"ListItem\",\"position\":1,\"name\":\"Home\",\"item\":\"https:\\\/\\\/dodo-inflatables.com\\\/sl\\\/\"},{\"@type\":\"ListItem\",\"position\":2,\"name\":\"Trgovina\",\"item\":\"https:\\\/\\\/dodo-inflatables.com\\\/sl\\\/trgovina\\\/\"},{\"@type\":\"ListItem\",\"position\":3,\"name\":\"Gibbonsov pihalnik FP5005 &#8211; 1,5PS\"}]},{\"@type\":\"WebSite\",\"@id\":\"https:\\\/\\\/dodo-inflatables.com\\\/sl\\\/#website\",\"url\":\"https:\\\/\\\/dodo-inflatables.com\\\/sl\\\/\",\"name\":\"dodo-inflatables.com\",\"description\":\"Kupite napihljive gradove in atrakcije v na\u0161i trgovini.\",\"potentialAction\":[{\"@type\":\"SearchAction\",\"target\":{\"@type\":\"EntryPoint\",\"urlTemplate\":\"https:\\\/\\\/dodo-inflatables.com\\\/sl\\\/?s={search_term_string}\"},\"query-input\":{\"@type\":\"PropertyValueSpecification\",\"valueRequired\":true,\"valueName\":\"search_term_string\"}}],\"inLanguage\":\"sl-SI\"}]}<\/script>\n<!-- \/ Yoast SEO plugin. -->","yoast_head_json":{"title":"Nakup pihalnikov Gibbons za napihljive predmete | Dodo-Inflatables.com","description":"Kupi poceni Gibbons 1,1KW pihala za napihljive predmete na Dodo-Inflatables.com! | Po\u0161tene cene | Vedno na zalogi | Hitra dostava!","robots":{"index":"index","follow":"follow","max-snippet":"max-snippet:-1","max-image-preview":"max-image-preview:large","max-video-preview":"max-video-preview:-1"},"canonical":"https:\/\/dodo-inflatables.com\/sl\/izdelek\/gibbonsov-pihalnik-fp5005-15ps\/","twitter_misc":{"Est. reading time":"1 minuta"},"schema":{"@context":"https:\/\/schema.org","@graph":[{"@type":"WebPage","@id":"https:\/\/dodo-inflatables.com\/sl\/izdelek\/gibbonsov-pihalnik-fp5005-15ps\/","url":"https:\/\/dodo-inflatables.com\/sl\/izdelek\/gibbonsov-pihalnik-fp5005-15ps\/","name":"Nakup pihalnikov Gibbons za napihljive predmete | Dodo-Inflatables.com","isPartOf":{"@id":"https:\/\/dodo-inflatables.com\/sl\/#website"},"primaryImageOfPage":{"@id":"https:\/\/dodo-inflatables.com\/sl\/izdelek\/gibbonsov-pihalnik-fp5005-15ps\/#primaryimage"},"image":{"@id":"https:\/\/dodo-inflatables.com\/sl\/izdelek\/gibbonsov-pihalnik-fp5005-15ps\/#primaryimage"},"thumbnailUrl":"https:\/\/dodo-inflatables.com\/wp-content\/uploads\/2017\/01\/gibbons-geblase-metallgehause-fur-hupfburg-kaufen-500.png","datePublished":"2017-01-06T19:41:52+00:00","dateModified":"2026-04-23T06:12:49+00:00","description":"Kupi poceni Gibbons 1,1KW pihala za napihljive predmete na Dodo-Inflatables.com! | Po\u0161tene cene | Vedno na zalogi | Hitra dostava!","breadcrumb":{"@id":"https:\/\/dodo-inflatables.com\/sl\/izdelek\/gibbonsov-pihalnik-fp5005-15ps\/#breadcrumb"},"inLanguage":"sl-SI","potentialAction":[{"@type":"ReadAction","target":["https:\/\/dodo-inflatables.com\/sl\/izdelek\/gibbonsov-pihalnik-fp5005-15ps\/"]}]},{"@type":"ImageObject","inLanguage":"sl-SI","@id":"https:\/\/dodo-inflatables.com\/sl\/izdelek\/gibbonsov-pihalnik-fp5005-15ps\/#primaryimage","url":"https:\/\/dodo-inflatables.com\/wp-content\/uploads\/2017\/01\/gibbons-geblase-metallgehause-fur-hupfburg-kaufen-500.png","contentUrl":"https:\/\/dodo-inflatables.com\/wp-content\/uploads\/2017\/01\/gibbons-geblase-metallgehause-fur-hupfburg-kaufen-500.png","width":500,"height":500},{"@type":"BreadcrumbList","@id":"https:\/\/dodo-inflatables.com\/sl\/izdelek\/gibbonsov-pihalnik-fp5005-15ps\/#breadcrumb","itemListElement":[{"@type":"ListItem","position":1,"name":"Home","item":"https:\/\/dodo-inflatables.com\/sl\/"},{"@type":"ListItem","position":2,"name":"Trgovina","item":"https:\/\/dodo-inflatables.com\/sl\/trgovina\/"},{"@type":"ListItem","position":3,"name":"Gibbonsov pihalnik FP5005 &#8211; 1,5PS"}]},{"@type":"WebSite","@id":"https:\/\/dodo-inflatables.com\/sl\/#website","url":"https:\/\/dodo-inflatables.com\/sl\/","name":"dodo-inflatables.com","description":"Kupite napihljive gradove in atrakcije v na\u0161i trgovini.","potentialAction":[{"@type":"SearchAction","target":{"@type":"EntryPoint","urlTemplate":"https:\/\/dodo-inflatables.com\/sl\/?s={search_term_string}"},"query-input":{"@type":"PropertyValueSpecification","valueRequired":true,"valueName":"search_term_string"}}],"inLanguage":"sl-SI"}]}},"uagb_featured_image_src":{"full":["https:\/\/dodo-inflatables.com\/wp-content\/uploads\/2017\/01\/gibbons-geblase-metallgehause-fur-hupfburg-kaufen-500.png",500,500,false],"thumbnail":["https:\/\/dodo-inflatables.com\/wp-content\/uploads\/2017\/01\/gibbons-geblase-metallgehause-fur-hupfburg-kaufen-500-150x150.png",150,150,true],"medium":["https:\/\/dodo-inflatables.com\/wp-content\/uploads\/2017\/01\/gibbons-geblase-metallgehause-fur-hupfburg-kaufen-500-300x300.png",300,300,true],"medium_large":["https:\/\/dodo-inflatables.com\/wp-content\/uploads\/2017\/01\/gibbons-geblase-metallgehause-fur-hupfburg-kaufen-500.png",500,500,false],"large":["https:\/\/dodo-inflatables.com\/wp-content\/uploads\/2017\/01\/gibbons-geblase-metallgehause-fur-hupfburg-kaufen-500.png",500,500,false],"1536x1536":["https:\/\/dodo-inflatables.com\/wp-content\/uploads\/2017\/01\/gibbons-geblase-metallgehause-fur-hupfburg-kaufen-500.png",500,500,false],"2048x2048":["https:\/\/dodo-inflatables.com\/wp-content\/uploads\/2017\/01\/gibbons-geblase-metallgehause-fur-hupfburg-kaufen-500.png",500,500,false],"woocommerce_thumbnail":["https:\/\/dodo-inflatables.com\/wp-content\/uploads\/2017\/01\/gibbons-geblase-metallgehause-fur-hupfburg-kaufen-500.png",500,500,false],"woocommerce_single":["https:\/\/dodo-inflatables.com\/wp-content\/uploads\/2017\/01\/gibbons-geblase-metallgehause-fur-hupfburg-kaufen-500.png",500,500,false],"woocommerce_gallery_thumbnail":["https:\/\/dodo-inflatables.com\/wp-content\/uploads\/2017\/01\/gibbons-geblase-metallgehause-fur-hupfburg-kaufen-500-100x100.png",100,100,true]},"uagb_author_info":{"display_name":"Andreas","author_link":"https:\/\/dodo-inflatables.com\/sl\/author\/"},"uagb_comment_info":0,"uagb_excerpt":"Material: jekleno ohi\u0161je, lijak iz trdega plastika. Mo\u010d: 1,1 kW (izhod), 1,68 kW (vhod), 1,5 HP Priklju\u010dek: Schuko vti\u010d Premer lijaka: 21,5 cm Mere: 41 x 22 x 53 cm Te\u017ea: 16,6 kg Raven hrupa: 83 dB Registracijska \u0161t. WEEE: DE 82972723","_links":{"self":[{"href":"https:\/\/dodo-inflatables.com\/sl\/wp-json\/wp\/v2\/product\/13063","targetHints":{"allow":["GET"]}}],"collection":[{"href":"https:\/\/dodo-inflatables.com\/sl\/wp-json\/wp\/v2\/product"}],"about":[{"href":"https:\/\/dodo-inflatables.com\/sl\/wp-json\/wp\/v2\/types\/product"}],"replies":[{"embeddable":true,"href":"https:\/\/dodo-inflatables.com\/sl\/wp-json\/wp\/v2\/comments?post=13063"}],"wp:featuredmedia":[{"embeddable":true,"href":"https:\/\/dodo-inflatables.com\/sl\/wp-json\/wp\/v2\/media\/13065"}],"wp:attachment":[{"href":"https:\/\/dodo-inflatables.com\/sl\/wp-json\/wp\/v2\/media?parent=13063"}],"wp:term":[{"taxonomy":"product_brand","embeddable":true,"href":"https:\/\/dodo-inflatables.com\/sl\/wp-json\/wp\/v2\/product_brand?post=13063"},{"taxonomy":"product_cat","embeddable":true,"href":"https:\/\/dodo-inflatables.com\/sl\/wp-json\/wp\/v2\/product_cat?post=13063"},{"taxonomy":"product_tag","embeddable":true,"href":"https:\/\/dodo-inflatables.com\/sl\/wp-json\/wp\/v2\/product_tag?post=13063"}],"curies":[{"name":"wp","href":"https:\/\/api.w.org\/{rel}","templated":true}]}}